
{"id":101,"date":"2012-02-28T11:40:23","date_gmt":"2012-02-28T11:40:23","guid":{"rendered":"http:\/\/web362.itscserver.org\/wordpress\/?page_id=101"},"modified":"2022-12-02T11:57:51","modified_gmt":"2022-12-02T09:57:51","slug":"wasserpfeife","status":"publish","type":"page","link":"https:\/\/rauchfrei.at\/en\/fakten\/andere-tabakprodukte\/wasserpfeife\/","title":{"rendered":"Die Wasserpfeife"},"content":{"rendered":"<p>[et_pb_section fb_built=&#8221;1&#8243; custom_padding_last_edited=&#8221;off|&#8221; module_class=&#8221;header&#8221; _builder_version=&#8221;4.16&#8243; background_color=&#8221;#67BAD3&#8243; custom_margin=&#8221;||0px|&#8221; custom_padding=&#8221;100px||10px|&#8221; global_colors_info=&#8221;{}&#8221;][et_pb_row _builder_version=&#8221;4.16&#8243; custom_margin=&#8221;||0px|&#8221; custom_padding=&#8221;||0px|&#8221; global_colors_info=&#8221;{}&#8221;][et_pb_column type=&#8221;4_4&#8243; _builder_version=&#8221;4.16&#8243; custom_padding=&#8221;||0px|&#8221; global_colors_info=&#8221;{}&#8221; custom_padding__hover=&#8221;|||&#8221;][et_pb_text admin_label=&#8221;Blue Background Header&#8221; _builder_version=&#8221;4.17.1&#8243; custom_margin=&#8221;||0px|&#8221; custom_padding=&#8221;||0px|&#8221; global_colors_info=&#8221;{}&#8221;]<\/p>\n<h1>Die Wasserpfeife (Shisha)<\/h1>\n<p>[\/et_pb_text][\/et_pb_column][\/et_pb_row][\/et_pb_section][et_pb_section fb_built=&#8221;1&#8243; _builder_version=&#8221;4.16&#8243; global_colors_info=&#8221;{}&#8221;][et_pb_row column_structure=&#8221;2_3,1_3&#8243; _builder_version=&#8221;4.16&#8243; background_size=&#8221;initial&#8221; background_position=&#8221;top_left&#8221; background_repeat=&#8221;repeat&#8221; global_colors_info=&#8221;{}&#8221;][et_pb_column type=&#8221;2_3&#8243; _builder_version=&#8221;4.16&#8243; custom_padding=&#8221;|||&#8221; global_colors_info=&#8221;{}&#8221; custom_padding__hover=&#8221;|||&#8221;][et_pb_text _builder_version=&#8221;4.17.1&#8243; global_colors_info=&#8221;{}&#8221;]<\/p>\n<p><strong>Die Wasserpfeife<\/strong><\/p>\n<p>Die Wasserpfeife stammt urspr\u00fcnglich aus Indien und kam \u00fcber den Iran in die arabischen L\u00e4nder. Auch in \u00d6sterreich ist die \u201eShisha-Bar\u201c bzw. das \u201eShisha-Cafe\u201c inzwischen sehr verbreitet. Die Wasserpfeife wird besonders von Jugendlichen h\u00e4ufig genutzt.<\/p>\n<p>Das Rauchen von Wasserpfeifen (Shishas) wird von den Konsumenten und Konsumentinnen f\u00e4lschlicherweise oft als harmloser als Zigarettenrauchen eingesch\u00e4tzt, auch das Suchtpotential wird untersch\u00e4tzt.<\/p>\n<p>Der Rauch kommt zwar vor dem Einatmen mit Wasser in Ber\u00fchrung und k\u00fchlt dadurch aus, verhindert dadurch aber nur das Kratzen im Hals. Der Rauch verliert nicht seine Giftstoffe und macht ebenso s\u00fcchtig, wie jeder andere Tabakrauch. Die verbreitete Meinung, das Wasser reinigt oder \u201efiltert\u201c die Schadstoffe, ist ein Irrglaube.<\/p>\n<p><strong>Funktion:<\/strong><br \/>Die Funktion ist bei allen Wasserpfeifen gleich. Sie bestehen aus Wasserbeh\u00e4lter, Aschenteller, Kopfdichtung und Kopfteller. Zum Rauchen wird eine Mischung aus Tabak, Melasse und Glyzerin (=Feuchthaltemittel) verwendet. In Fertigmischungen sind meist auch diverse Zusatzstoffe (u. a. Fr\u00fcchte, Essenzen, S\u00e4fte, Sirup, H\u00f6lzer, Harze, Zellulose, Aromastoffe, \u2026) enthalten. Diese Zusatzstoffe \u00fcberdecken den eigentlichen Geschmack des Tabaks. Unterschiedliche Geschmacksrichtungen machen das Shisha-Rauchen f\u00fcr Jugendliche besonders attraktiv. Durch die geringere Temperatur der Wasserpfeife wird das Rauchen zus\u00e4tzlich erleichtert, denn durch die K\u00fchlung kann tiefer inhaliert werden.<\/p>\n<p><strong>Sch\u00e4dlichkeit:<\/strong><br \/>Der Gebrauch der Wasserpfeife ist nicht weniger sch\u00e4dlich als das Zigarettenrauchen. Im Gegenteil, \u00fcber den Rauch von Wasserpfeifen werden teilweise sogar gr\u00f6\u00dfere Mengen an Schadstoffen aufgenommen als \u00fcber filterlose Zigaretten. Das gilt insbesondere f\u00fcr Teer und Kohlenmonoxid, sowie f\u00fcr die Giftstoffe Arsen, Chrom und Nickel.<\/p>\n<p><strong>Suchtgefahr:<\/strong><br \/>Auch die Suchtgefahr ist nicht zu untersch\u00e4tzen. Beim Rauchen der Wasserpfeife wird meist ein h\u00f6herer Anteil des Suchtstoffes Nikotin aufgenommen als durch den Konsum von Zigaretten. So entspricht die Nikotinkonzentration im Blut nach dem Konsum einer Wasserpfeife etwa der von 20 Zigaretten t\u00e4glich. Regelm\u00e4\u00dfiges Wasserpfeifen-Rauchen f\u00fchrt erwiesenerma\u00dfen zur Konsumerh\u00f6hung, erschwert den Rauchausstieg und erleichtert den Suchteinstieg.<\/p>\n<p><strong>Zus\u00e4tzliches Gesundheitsrisiko:<\/strong><br \/>Da die Wasserpfeife meistens gemeinsam mit anderen geraucht wird, ist das Risiko, eine Infektionskrankheit (z. B. Tuberkulose oder Helicobacter-pylori-Infektionen) zu bekommen, erh\u00f6ht. Auch Passivrauch der Wasserpfeife ist noch sch\u00e4dlicher als der von Zigaretten.<\/p>\n<p>In \u00d6sterreich ist der Konsum von Tabakprodukten bis zum Alter von 18 Jahren verboten.Auch Wasserpfeifen und E-Shishas fallen unter diese gesetzliche Regelung.<\/p>\n<p><a href=\"https:\/\/sdw.wien\/wp-content\/uploads\/sfa_folder_wasserpfeife.pdf\" target=\"_blank\" rel=\"noopener noreferrer\">\u201eInfoblatt Wasserpfeife\u201c ARGE Suchtvorbeugung, \u00d6sterreich<\/a><\/p>\n<p><a href=\"https:\/\/rauchfrei.at\/wp-content\/uploads\/Wasserpfeife_bzga.pdf\" target=\"_blank\" rel=\"noopener noreferrer\">&#8220;Infofolder Wasserpfeife&#8221; Bundeszentrale f\u00fcr gesundheitliche Aufkl\u00e4rung, Deutschland<\/a><\/p>\n<p>[\/et_pb_text][\/et_pb_column][et_pb_column type=&#8221;1_3&#8243; _builder_version=&#8221;4.16&#8243; custom_padding=&#8221;|||&#8221; global_colors_info=&#8221;{}&#8221; custom_padding__hover=&#8221;|||&#8221;][et_pb_dp_dmb_module_10080 link_text=&#8221;mehr erfahren&#8221; link_url=&#8221;https:\/\/rauchfrei.at\/sigara-hatti\/&#8221; admin_label=&#8221;Infos in t\u00fcrkischer Sprache&#8221; _builder_version=&#8221;4.9.4&#8243; global_module=&#8221;13138&#8243; saved_tabs=&#8221;all&#8221; global_colors_info=&#8221;{}&#8221;]<\/p>\n<p>Informationen in t\u00fcrkischer Sprache<\/p>\n<p>[\/et_pb_dp_dmb_module_10080][et_pb_dp_dmb_module_10093 farbe=&#8221;blitzgelb&#8221; headline=&#8221;Trauen Sie sich den Rauchstopp zu!&#8221; image=&#8221;https:\/\/rauchfrei.at\/wp-content\/uploads\/Quitting-Yellow.png&#8221; image_position=&#8221;center&#8221; link_text=&#8221;mehr&#8221; link_url=&#8221;https:\/\/rauchfrei.at\/aufhoeren\/schritte-zum-rauchstopp\/trauen-sie-sich-den-rauchstopp-zu\/&#8221; admin_label=&#8221;Trauen Sie sich den Rauchstopp zu&#8221; _builder_version=&#8221;4.18.0&#8243; global_module=&#8221;13173&#8243; saved_tabs=&#8221;all&#8221; global_colors_info=&#8221;{}&#8221;]<\/p>\n<p>Sie m\u00f6chten etwas \u00e4ndern? Worauf warten Sie noch?<\/p>\n<p>[\/et_pb_dp_dmb_module_10093][\/et_pb_column][\/et_pb_row][\/et_pb_section]<\/p>\n","protected":false},"excerpt":{"rendered":"<p>Die Wasserpfeife (Shisha)Die Wasserpfeife Die Wasserpfeife stammt urspr\u00fcnglich aus Indien und kam \u00fcber den Iran in die arabischen L\u00e4nder. Auch in \u00d6sterreich ist die \u201eShisha-Bar\u201c bzw. das \u201eShisha-Cafe\u201c inzwischen sehr verbreitet. Die Wasserpfeife wird besonders von Jugendlichen h\u00e4ufig genutzt. Das Rauchen von Wasserpfeifen (Shishas) wird von den Konsumenten und Konsumentinnen f\u00e4lschlicherweise oft als harmloser als [&hellip;]<\/p>\n","protected":false},"author":2,"featured_media":0,"parent":97,"menu_order":0,"comment_status":"closed","ping_status":"open","template":"","meta":{"_et_pb_use_builder":"on","_et_pb_old_content":"<p style=\"text-align: left;\">Viele Menschen glauben immer noch, dass das Rauchen von Wasserpfeifen (Shishas) harmloser sei als Zigaretten- oder Pfeifenrauchen und au\u00dferdem nicht s\u00fcchtig mache. Das stimmt nicht!<br \/>Der Rauch passiert zwar vor dem Einatmen das Wasser und k\u00fchlt dadurch aus, verliert aber dadurch nicht seine Giftstoffe und kann ebenso s\u00fcchtig machen, wie jeder andere Tabakrauch. Die Meinung, das <strong>Wasser \u201efiltere\u201c die Schadstoffe, ist daher ein Irrglaube<\/strong>!<\/p><p style=\"text-align: left;\">Die Wasserpfeife stammt urspr\u00fcnglich aus Indien und kam \u00fcber den Iran in die arabischen L\u00e4nder. In der T\u00fcrkei entstand vor ca. 500 Jahren die heutige Form. Mittlerweile sieht man auch in \u00d6sterreich vermehrt spezielle \u201eShisha-Cafes\u201c und die Wasserpfeife ist besonders unter Jugendlichen eine sehr beliebte Form des Tabakkonsums.<\/p><p style=\"text-align: left;\">Die Funktion ist bei allen Wasserpfeifen gleich. Sie besteht aus Wasserbeh\u00e4lter, Aschenteller, Kopfdichtung und Kopfteller. Zum Rauchen wird eine Mischung aus Tabak, Melasse und Glycerin (=Feuchthaltemittel) verwendet. In Fertigmischungen sind meist auch diverse Zusatzstoffe (u. a. Fr\u00fcchte, Essenzen, S\u00e4fte, Sirup, H\u00f6lzer, Harze, Zellulose, Aromastoffe,\u2026) enthalten. Diese Zusatzstoffe \u00fcberdecken den eigentlichen Geschmack des Tabaks. Unterschiedliche Geschmacksrichtungen machen das Shisha-Rauchen f\u00fcr Kinder und Jugendliche besonders attraktiv. Durch die geringere Temperatur der Wasserpfeife wird das Rauchen zus\u00e4tzlich erleichtert, denn durch die K\u00fchlung kann tiefer inhaliert werden.<\/p>[caption id=\"attachment_7597\" align=\"aligncenter\" width=\"480\"]<a href=\"http:\/\/yolo.at\/\" target=\"_blank\" rel=\"noopener\"><img class=\"size-large wp-image-7597\" src=\"https:\/\/rauchfrei.at\/wp-content\/uploads\/Zeichenpostits_linkposting_Wasserpfeife-480x252.jpg\" alt=\"\u00a9 www.yolo.at\" width=\"480\" height=\"252\" \/><\/a> \u00a9 www.yolo.at[\/caption]<h2 style=\"text-align: left;\">Wasserpfeife - sch\u00e4dlich?<\/h2><p style=\"text-align: left;\">Der Gebrauch der Wasserpfeife\u00a0ist nicht weniger sch\u00e4dlich als das Zigarettenrauchen. Die oftmals angenommene Filterwirkung durch das Wasser konnte nicht best\u00e4tigt werden. Im Gegenteil, \u00fcber den Rauch von Wasserpfeifen werden teilweise sogar gr\u00f6\u00dfere Mengen an Schadstoffen aufgenommen als \u00fcber filterlose Zigaretten. Das gilt insbesondere f\u00fcr Teer und Kohlenmonoxid, sowie f\u00fcr die Giftstoffe Arsen, Chrom und Nickel.<br \/>Auch die Suchtgefahr ist nicht zu untersch\u00e4tzen. Beim Rauchen der Wasserpfeife wird meist ein h\u00f6herer Anteil des Suchtstoffes Nikotin aufgenommen als durch den Konsum von Zigaretten. Regelm\u00e4\u00dfiges Wasserpfeifen-Rauchen f\u00fchrt erwiesenerma\u00dfen zur Konsumerh\u00f6hung, erschwert den Rauchausstieg und erleichtert den Suchteinstieg.<\/p><h3 style=\"text-align: left;\">Zus\u00e4tzliches Gesundheitsrisiko:<\/h3><p style=\"text-align: left;\">Da die Wasserpfeife meistens in Gemeinschaft mit anderen geraucht wird, ist das Risiko, eine Infektionskrankheit (z. B. Tuberkulose oder Helicobacter-pylori-Infektionen) zu bekommen, erh\u00f6ht. Auch ist der Passivrauch der Wasserpfeife noch gef\u00e4hrlicher als der von Zigaretten.<\/p><p style=\"text-align: left;\">Mehr dazu:<\/p><p style=\"text-align: left;\"><a title=\"Vorsicht Wasserpfeiffe\" href=\"\/wp-content\/uploads\/Vorsicht-Wasserpfeife.pdf\" target=\"_blank\" rel=\"noopener\">Vorsicht Wasserpfeife<\/a> Infobrosch\u00fcre der Bundeszentrale f\u00fcr Gesundheitliche Aufkl\u00e4rung, Deutschland<\/p><p style=\"text-align: left;\"><a title=\"Info Wasserpfeife - Suchtvorbeugung\" href=\"http:\/\/www.praevention.at\/fileadmin\/user_upload\/09_Infobox\/Infomaterialien\/ARGE_Flyer\/suchtinfo_wasserpfeife_web.pdf\" target=\"_blank\" rel=\"noopener\">Infoblatt Wasserpfeife<\/a> ARGE Suchtvorbeugung, \u00d6sterreich<\/p><p style=\"text-align: left;\">Quelle:<br \/>Bundeszentrale f\u00fcr gesundheitliche Aufkl\u00e4rung, Deutschland<\/p>","_et_gb_content_width":"","footnotes":""},"class_list":["post-101","page","type-page","status-publish","hentry"],"yoast_head":"<!-- This site is optimized with the Yoast SEO plugin v26.2 - https:\/\/yoast.com\/wordpress\/plugins\/seo\/ -->\n<title>Die Wasserpfeife - Rauchfrei Telefon<\/title>\n<meta name=\"robots\" content=\"index, follow, max-snippet:-1, max-image-preview:large, max-video-preview:-1\" \/>\n<link rel=\"canonical\" href=\"https:\/\/rauchfrei.at\/fakten\/andere-tabakprodukte\/wasserpfeife\/\" \/>\n<meta property=\"og:locale\" content=\"en_US\" \/>\n<meta property=\"og:type\" content=\"article\" \/>\n<meta property=\"og:title\" content=\"Die Wasserpfeife - Rauchfrei Telefon\" \/>\n<meta property=\"og:description\" content=\"Die Wasserpfeife (Shisha)Die Wasserpfeife Die Wasserpfeife stammt urspr\u00fcnglich aus Indien und kam \u00fcber den Iran in die arabischen L\u00e4nder. Auch in \u00d6sterreich ist die \u201eShisha-Bar\u201c bzw. das \u201eShisha-Cafe\u201c inzwischen sehr verbreitet. Die Wasserpfeife wird besonders von Jugendlichen h\u00e4ufig genutzt. Das Rauchen von Wasserpfeifen (Shishas) wird von den Konsumenten und Konsumentinnen f\u00e4lschlicherweise oft als harmloser als [&hellip;]\" \/>\n<meta property=\"og:url\" content=\"https:\/\/rauchfrei.at\/fakten\/andere-tabakprodukte\/wasserpfeife\/\" \/>\n<meta property=\"og:site_name\" content=\"Rauchfrei Telefon\" \/>\n<meta property=\"article:modified_time\" content=\"2022-12-02T09:57:51+00:00\" \/>\n<meta name=\"twitter:card\" content=\"summary_large_image\" \/>\n<meta name=\"twitter:label1\" content=\"Est. reading time\" \/>\n\t<meta name=\"twitter:data1\" content=\"3 minutes\" \/>\n<script type=\"application\/ld+json\" class=\"yoast-schema-graph\">{\"@context\":\"https:\/\/schema.org\",\"@graph\":[{\"@type\":\"WebPage\",\"@id\":\"https:\/\/rauchfrei.at\/fakten\/andere-tabakprodukte\/wasserpfeife\/\",\"url\":\"https:\/\/rauchfrei.at\/fakten\/andere-tabakprodukte\/wasserpfeife\/\",\"name\":\"Die Wasserpfeife - Rauchfrei Telefon\",\"isPartOf\":{\"@id\":\"https:\/\/rauchfrei.at\/#website\"},\"datePublished\":\"2012-02-28T11:40:23+00:00\",\"dateModified\":\"2022-12-02T09:57:51+00:00\",\"breadcrumb\":{\"@id\":\"https:\/\/rauchfrei.at\/fakten\/andere-tabakprodukte\/wasserpfeife\/#breadcrumb\"},\"inLanguage\":\"en-US\",\"potentialAction\":[{\"@type\":\"ReadAction\",\"target\":[\"https:\/\/rauchfrei.at\/fakten\/andere-tabakprodukte\/wasserpfeife\/\"]}]},{\"@type\":\"BreadcrumbList\",\"@id\":\"https:\/\/rauchfrei.at\/fakten\/andere-tabakprodukte\/wasserpfeife\/#breadcrumb\",\"itemListElement\":[{\"@type\":\"ListItem\",\"position\":1,\"name\":\"Fakten\",\"item\":\"https:\/\/rauchfrei.at\/fakten\/\"},{\"@type\":\"ListItem\",\"position\":2,\"name\":\"Weitere Tabak-\u00a0 und Nikotinprodukte\",\"item\":\"https:\/\/rauchfrei.at\/fakten\/andere-tabakprodukte\/\"},{\"@type\":\"ListItem\",\"position\":3,\"name\":\"Die Wasserpfeife\"}]},{\"@type\":\"WebSite\",\"@id\":\"https:\/\/rauchfrei.at\/#website\",\"url\":\"https:\/\/rauchfrei.at\/\",\"name\":\"Rauchfrei Telefon\",\"description\":\"Eine \u00f6sterreichweite Initiative der Sozialversicherungen.\",\"potentialAction\":[{\"@type\":\"SearchAction\",\"target\":{\"@type\":\"EntryPoint\",\"urlTemplate\":\"https:\/\/rauchfrei.at\/?s={search_term_string}\"},\"query-input\":{\"@type\":\"PropertyValueSpecification\",\"valueRequired\":true,\"valueName\":\"search_term_string\"}}],\"inLanguage\":\"en-US\"}]}<\/script>\n<!-- \/ Yoast SEO plugin. -->","yoast_head_json":{"title":"Die Wasserpfeife - Rauchfrei Telefon","robots":{"index":"index","follow":"follow","max-snippet":"max-snippet:-1","max-image-preview":"max-image-preview:large","max-video-preview":"max-video-preview:-1"},"canonical":"https:\/\/rauchfrei.at\/fakten\/andere-tabakprodukte\/wasserpfeife\/","og_locale":"en_US","og_type":"article","og_title":"Die Wasserpfeife - Rauchfrei Telefon","og_description":"Die Wasserpfeife (Shisha)Die Wasserpfeife Die Wasserpfeife stammt urspr\u00fcnglich aus Indien und kam \u00fcber den Iran in die arabischen L\u00e4nder. Auch in \u00d6sterreich ist die \u201eShisha-Bar\u201c bzw. das \u201eShisha-Cafe\u201c inzwischen sehr verbreitet. Die Wasserpfeife wird besonders von Jugendlichen h\u00e4ufig genutzt. Das Rauchen von Wasserpfeifen (Shishas) wird von den Konsumenten und Konsumentinnen f\u00e4lschlicherweise oft als harmloser als [&hellip;]","og_url":"https:\/\/rauchfrei.at\/fakten\/andere-tabakprodukte\/wasserpfeife\/","og_site_name":"Rauchfrei Telefon","article_modified_time":"2022-12-02T09:57:51+00:00","twitter_card":"summary_large_image","twitter_misc":{"Est. reading time":"3 minutes"},"schema":{"@context":"https:\/\/schema.org","@graph":[{"@type":"WebPage","@id":"https:\/\/rauchfrei.at\/fakten\/andere-tabakprodukte\/wasserpfeife\/","url":"https:\/\/rauchfrei.at\/fakten\/andere-tabakprodukte\/wasserpfeife\/","name":"Die Wasserpfeife - Rauchfrei Telefon","isPartOf":{"@id":"https:\/\/rauchfrei.at\/#website"},"datePublished":"2012-02-28T11:40:23+00:00","dateModified":"2022-12-02T09:57:51+00:00","breadcrumb":{"@id":"https:\/\/rauchfrei.at\/fakten\/andere-tabakprodukte\/wasserpfeife\/#breadcrumb"},"inLanguage":"en-US","potentialAction":[{"@type":"ReadAction","target":["https:\/\/rauchfrei.at\/fakten\/andere-tabakprodukte\/wasserpfeife\/"]}]},{"@type":"BreadcrumbList","@id":"https:\/\/rauchfrei.at\/fakten\/andere-tabakprodukte\/wasserpfeife\/#breadcrumb","itemListElement":[{"@type":"ListItem","position":1,"name":"Fakten","item":"https:\/\/rauchfrei.at\/fakten\/"},{"@type":"ListItem","position":2,"name":"Weitere Tabak-\u00a0 und Nikotinprodukte","item":"https:\/\/rauchfrei.at\/fakten\/andere-tabakprodukte\/"},{"@type":"ListItem","position":3,"name":"Die Wasserpfeife"}]},{"@type":"WebSite","@id":"https:\/\/rauchfrei.at\/#website","url":"https:\/\/rauchfrei.at\/","name":"Rauchfrei Telefon","description":"Eine \u00f6sterreichweite Initiative der Sozialversicherungen.","potentialAction":[{"@type":"SearchAction","target":{"@type":"EntryPoint","urlTemplate":"https:\/\/rauchfrei.at\/?s={search_term_string}"},"query-input":{"@type":"PropertyValueSpecification","valueRequired":true,"valueName":"search_term_string"}}],"inLanguage":"en-US"}]}},"_links":{"self":[{"href":"https:\/\/rauchfrei.at\/en\/wp-json\/wp\/v2\/pages\/101","targetHints":{"allow":["GET"]}}],"collection":[{"href":"https:\/\/rauchfrei.at\/en\/wp-json\/wp\/v2\/pages"}],"about":[{"href":"https:\/\/rauchfrei.at\/en\/wp-json\/wp\/v2\/types\/page"}],"author":[{"embeddable":true,"href":"https:\/\/rauchfrei.at\/en\/wp-json\/wp\/v2\/users\/2"}],"replies":[{"embeddable":true,"href":"https:\/\/rauchfrei.at\/en\/wp-json\/wp\/v2\/comments?post=101"}],"version-history":[{"count":8,"href":"https:\/\/rauchfrei.at\/en\/wp-json\/wp\/v2\/pages\/101\/revisions"}],"predecessor-version":[{"id":25755,"href":"https:\/\/rauchfrei.at\/en\/wp-json\/wp\/v2\/pages\/101\/revisions\/25755"}],"up":[{"embeddable":true,"href":"https:\/\/rauchfrei.at\/en\/wp-json\/wp\/v2\/pages\/97"}],"wp:attachment":[{"href":"https:\/\/rauchfrei.at\/en\/wp-json\/wp\/v2\/media?parent=101"}],"curies":[{"name":"wp","href":"https:\/\/api.w.org\/{rel}","templated":true}]}}