
{"id":10219,"date":"2018-05-23T11:42:27","date_gmt":"2018-05-23T09:42:27","guid":{"rendered":"http:\/\/rauchfrei.at\/?page_id=10219"},"modified":"2024-10-02T16:56:16","modified_gmt":"2024-10-02T14:56:16","slug":"praevention","status":"publish","type":"page","link":"https:\/\/rauchfrei.at\/en\/praevention\/","title":{"rendered":"Pr\u00e4vention"},"content":{"rendered":"<p>[et_pb_section bb_built=&#8221;1&#8243; fullwidth=&#8221;off&#8221; specialty=&#8221;off&#8221; _builder_version=&#8221;3.0.99&#8243; background_color=&#8221;#67BAD3&#8243; module_class=&#8221;header&#8221; custom_margin=&#8221;||0px|&#8221; custom_padding_last_edited=&#8221;off|&#8221; custom_padding=&#8221;100px||10px|&#8221; next_background_color=&#8221;#ffffff&#8221;][et_pb_row _builder_version=&#8221;3.0.99&#8243; custom_margin=&#8221;||0px|&#8221; custom_padding=&#8221;||0px|&#8221; padding_bottom_1=&#8221;0px&#8221;][et_pb_column type=&#8221;4_4&#8243;][et_pb_text admin_label=&#8221;Blue Background Header&#8221; _builder_version=&#8221;3.15&#8243; custom_margin=&#8221;||0px|&#8221; custom_padding=&#8221;||0px|&#8221;]<\/p>\n<h1>Pr\u00e4vention<\/h1>\n<p>Gar nicht anfangen mit dem Rauchen!<\/p>\n<p>[\/et_pb_text][\/et_pb_column][\/et_pb_row][\/et_pb_section][et_pb_section bb_built=&#8221;1&#8243; prev_background_color=&#8221;#67BAD3&#8243;][et_pb_row][et_pb_column type=&#8221;2_3&#8243;][et_pb_text _builder_version=&#8221;3.15&#8243;]<\/p>\n<p>Text und Links zu Materialien und Stellen<\/p>\n<p>YOLO<\/p>\n<p>Plus<\/p>\n<p>Free your Mind<\/p>\n<p>&nbsp;<\/p>\n<h3>Materialien des Rauchfrei Telefons<\/h3>\n<p><a href=\"https:\/\/rauchfrei.at\/wp-content\/uploads\/Pr\u00e4sentation_ZigaretteCo_Rauchfrei.pdf\" target=\"_blank\" rel=\"noopener\">Pr\u00e4sentation_ZigaretteCo<\/a>\u00a0(9MB)<br \/>\n<a href=\"https:\/\/rauchfrei.at\/wp-content\/uploads\/rTel_jugendfolder_low.pdf\" target=\"_blank\" rel=\"noopener\">Ziga-Rette sich, wer kann<\/a>\u00a0(2,37 MB) Folder \u201eZiga-Rette sich, wer kann\u201c<\/p>\n<h3>\u201cJulia rauchfrei\u201c<\/h3>\n<p>Auf <a title=\"Kampagne des Hauptverbandes der SV\" href=\"http:\/\/www.juliarauchfrei.at\/\" target=\"_blank\" rel=\"noopener\">Julias Video-Webseite <\/a>Tipps eingeben und gleich schauen, ob es ihr hilft, rauchfrei zu bleiben.<\/p>\n<h3>\u201eLeb\u00b4 dein Leben. Ohne Rauch. YOLO!\u201d<\/h3>\n<p>Die<strong> Tabakpr\u00e4ventionsinitiative<\/strong> des Bundesministeriums f\u00fcr Gesundheit, des Fonds Gesundes \u00d6sterreich, des Hauptverbandes der Sozialversicherungstr\u00e4ger sowie der ARGE Suchtvorbeugung\u00a0<strong>richtet sich an Kinder und Jugendliche<\/strong> mit dem Ziel,\u00a0diese zu st\u00e4rken und deren bewusste Auseinandersetzung mit dem Thema Rauchen zu f\u00f6rdern.<\/p>\n<p>Unterrichtsmaterialien\u00a0(YOLO 2015)<\/p>\n<h3>Weiterf\u00fchrende Informationen zur Suchtpr\u00e4vention anderer Institutionen<\/h3>\n<h3><a href=\"http:\/\/www.schulpsychologie.at\/psychologische-gesundheitsfoerderung\/suchtpraevention\/\" target=\"_blank\" rel=\"noopener\">Suchtpr\u00e4vention in der Schule<\/a>\u00a0 Informationen f\u00fcr die Schulgemeinschaft<a href=\"http:\/\/www.sozialversicherung.at\/portal27\/portal\/esvportal\/channel_content?ctrl:cmd=render&amp;ctrl:window=esvportal.channel_content.cmsWindow&amp;p_menuid=58929&amp;p_tabid=3\" target=\"_blank\" rel=\"noopener\"><br \/>\n<\/a><a title=\"Servicestelle Schule SV\" href=\"http:\/\/www.hauptverband.at\/portal27\/hvbportal\/content\/contentWindow?viewmode=content&amp;contentid=10007.758520\" target=\"_blank\" rel=\"noopener\">Schulservicestellen der \u00f6sterreichischen Sozialversicherung<\/a><br \/>\n<a href=\"http:\/\/www.suchtvorbeugung.net\/plus\/plus_folder.pdf\" target=\"_blank\" rel=\"noopener\">plus \u2013 das \u00f6sterreichische Pr\u00e4ventionsprogramm f\u00fcr die 5. bis 8. Schulstufe<\/a><a href=\"http:\/\/www.1-2-free.at\/\" target=\"_blank\" rel=\"noopener\">\u00a0 <\/a>Lebenskompetenzprogramm der \u00d6sterreichischen Fachstellen f\u00fcr Suchtpr\u00e4vention<a href=\"http:\/\/www.1-2-free.at\/\" target=\"_blank\" rel=\"noopener\"><br \/>\nTime to be free<\/a> Jugendseite, zielgruppenspezifisch und altersgerecht aufbereitet<br \/>\n<a title=\"x.act Nikotin\" href=\"http:\/\/www.praevention.at\/upload\/products\/x-act_Nikotin.pdf?PHPSESSID=4c82966e705209525e8272f167e48a70\" target=\"_blank\" rel=\"noopener\">x.act Nikotin<\/a> Unterrichtsmaterialien zur Pr\u00e4vention des Rauchens in der Schule<br \/>\n<a href=\"https:\/\/rauchfrei.at\/wp-content\/uploads\/Fachinformation_E-Shishas.pdf\" target=\"_blank\" rel=\"noopener\">E-Shisha<\/a> Fachinformation f\u00fcr Schulen zum Thema E-Shisha<\/h3>\n<h3>Lernmaterial (B\u00fccher,\u00a0Filme, Spiele)<\/h3>\n<p>Smokereality (2007). Buch. Keyvan Davani<br \/>\nThank you for smoking (2005). Filmsatire. Jason Reitman<br \/>\nThe Insider (1999). Thriller. Michael Mann<\/p>\n<p>&nbsp;<\/p>\n<p>[\/et_pb_text][\/et_pb_column][et_pb_column type=&#8221;1_3&#8243;][et_pb_sidebar _builder_version=&#8221;3.0.99&#8243; area=&#8221;sidebar-1&#8243; orientation=&#8221;left&#8221; show_border=&#8221;on&#8221; background_layout=&#8221;light&#8221; \/][\/et_pb_column][\/et_pb_row][\/et_pb_section]<\/p>\n","protected":false},"excerpt":{"rendered":"<p>Pr\u00e4vention Gar nicht anfangen mit dem Rauchen! <div class=\"et_pb_row et_pb_row_0 et_pb_row_empty\">\n\t\t\t\t\n\t\t\t\t\n\t\t\t\t\n\t\t\t\t\n\t\t\t\t\n\t\t\t<\/div> Text und Links zu Materialien und Stellen YOLO Plus Free your Mind &nbsp; Materialien des Rauchfrei Telefons Pr\u00e4sentation_ZigaretteCo\u00a0(9MB) Ziga-Rette sich, wer kann\u00a0(2,37 MB) Folder \u201eZiga-Rette sich, wer kann\u201c \u201cJulia rauchfrei\u201c Auf Julias Video-Webseite Tipps eingeben und gleich schauen, ob es ihr hilft, rauchfrei zu bleiben. \u201eLeb\u00b4 dein [&hellip;]<\/p>\n","protected":false},"author":11,"featured_media":0,"parent":0,"menu_order":0,"comment_status":"closed","ping_status":"closed","template":"","meta":{"_et_pb_use_builder":"on","_et_pb_old_content":"<p>Text und Links zu Materialien und Stellen<\/p><p>YOLO<\/p><p>Plus<\/p><p>Free your Mind<\/p><p>\u00a0<\/p><h1>Jugendarbeit<\/h1><p><strong>Sie sind t\u00e4glich mit jugendlichen Raucherinnen und Rauchern konfrontiert?<br \/>Sie m\u00f6chten Jugendliche \u00fcber das Thema Rauchen informieren?<\/strong><\/p><p>30% der M\u00e4dchen und 24% der Jungen rauchen mind. eine Zigarette\/Woche (HBSC, 2008). Dabei sind die meisten Jugendlichen mit ihrem Rauchverhalten unzufrieden und denken ans Aufh\u00f6ren.<\/p><p>Suchtpr\u00e4vention ist ein wichtiger Bereich, der gerade bei Kindern und Jugendlichen gro\u00dfe Bedeutung hat. Impulse aus dem elterlichen Umfeld, der Peergroup und der schulischen Umgebung beeinflussen den Umgang mit suchterzeugenden Substanzen.<\/p><p>Studien belegen, dass bereits ein 3-w\u00f6chiger Probierkonsum zur Abh\u00e4ngigkeit von Zigaretten f\u00fchrt. Daher sind gerade im schulischen Setting Aufkl\u00e4rung und Information \u00fcber Tabak und Nikotin wichtig.<\/p><h3>Materialien des Rauchfrei Telefons<\/h3><p><a href=\"https:\/\/rauchfrei.at\/wp-content\/uploads\/Pr\u00e4sentation_ZigaretteCo_Rauchfrei.pdf\" target=\"_blank\" rel=\"noopener\">Pr\u00e4sentation_ZigaretteCo<\/a>\u00a0(9MB)<br \/><a href=\"https:\/\/rauchfrei.at\/wp-content\/uploads\/rTel_jugendfolder_low.pdf\" target=\"_blank\" rel=\"noopener\">Ziga-Rette sich, wer kann<\/a>\u00a0(2,37 MB) Folder \u201eZiga-Rette sich, wer kann\u201c<\/p><h3>\u201cJulia rauchfrei\u201c<\/h3><p>Auf <a title=\"Kampagne des Hauptverbandes der SV\" href=\"http:\/\/www.juliarauchfrei.at\/\" target=\"_blank\" rel=\"noopener\">Julias Video-Webseite <\/a>Tipps eingeben und gleich schauen, ob es ihr hilft, rauchfrei zu bleiben.<\/p><h3>\u201eLeb\u00b4 dein Leben. Ohne Rauch. YOLO!\u201d<\/h3><p>Die<a title=\"\u201cLeb\u00b4 dein Leben. Ohne Rauch. YOLO!\u201d \" href=\"http:\/\/yolo.at\" target=\"_blank\" rel=\"noopener\"><strong> Tabakpr\u00e4ventionsinitiative<\/strong><\/a> des Bundesministeriums f\u00fcr Gesundheit, des Fonds Gesundes \u00d6sterreich, des Hauptverbandes der Sozialversicherungstr\u00e4ger sowie der ARGE Suchtvorbeugung\u00a0<strong>richtet sich an Kinder und Jugendliche<\/strong> mit dem Ziel,\u00a0diese zu st\u00e4rken und deren bewusste Auseinandersetzung mit dem Thema Rauchen zu f\u00f6rdern.<\/p><p><a title=\"YOLO-Unterrichtsmaterialien\" href=\"http:\/\/yolo.at\/downloads\/Unterrichtstunde.pdf\" target=\"_blank\" rel=\"noopener\">Unterrichtsmaterialien<\/a>\u00a0(YOLO 2015)<\/p><h3>Weiterf\u00fchrende Informationen zur Suchtpr\u00e4vention anderer Institutionen<\/h3><h3><a href=\"http:\/\/www.schulpsychologie.at\/psychologische-gesundheitsfoerderung\/suchtpraevention\/\" target=\"_blank\" rel=\"noopener\">Suchtpr\u00e4vention in der Schule<\/a>\u00a0 Informationen f\u00fcr die Schulgemeinschaft<a href=\"http:\/\/www.sozialversicherung.at\/portal27\/portal\/esvportal\/channel_content?ctrl:cmd=render&ctrl:window=esvportal.channel_content.cmsWindow&p_menuid=58929&p_tabid=3\" target=\"_blank\" rel=\"noopener\"><br \/><\/a><a title=\"Servicestelle Schule SV\" href=\"http:\/\/www.hauptverband.at\/portal27\/hvbportal\/content\/contentWindow?viewmode=content&contentid=10007.758520\" target=\"_blank\" rel=\"noopener\">Schulservicestellen der \u00f6sterreichischen Sozialversicherung<\/a><br \/><a href=\"http:\/\/www.suchtvorbeugung.net\/plus\/plus_folder.pdf\" target=\"_blank\" rel=\"noopener\">plus \u2013 das \u00f6sterreichische Pr\u00e4ventionsprogramm f\u00fcr die 5. bis 8. Schulstufe<\/a><a href=\"http:\/\/www.1-2-free.at\/\" target=\"_blank\" rel=\"noopener\">\u00a0 <\/a>Lebenskompetenzprogramm der \u00d6sterreichischen Fachstellen f\u00fcr Suchtpr\u00e4vention<a href=\"http:\/\/www.1-2-free.at\/\" target=\"_blank\" rel=\"noopener\"><br \/>Time to be free<\/a> Jugendseite, zielgruppenspezifisch und altersgerecht aufbereitet<br \/><a title=\"x.act Nikotin\" href=\"http:\/\/www.praevention.at\/upload\/products\/x-act_Nikotin.pdf?PHPSESSID=4c82966e705209525e8272f167e48a70\" target=\"_blank\" rel=\"noopener\">x.act Nikotin<\/a> Unterrichtsmaterialien zur Pr\u00e4vention des Rauchens in der Schule<br \/><a href=\"https:\/\/rauchfrei.at\/wp-content\/uploads\/Fachinformation_E-Shishas.pdf\" target=\"_blank\" rel=\"noopener\">E-Shisha<\/a> Fachinformation f\u00fcr Schulen zum Thema E-Shisha<\/h3><h3>Lernmaterial (B\u00fccher,\u00a0Filme, Spiele)<\/h3><p>Smokereality (2007). Buch. Keyvan Davani<br \/>Thank you for smoking (2005). Filmsatire. Jason Reitman<br \/>The Insider (1999). Thriller. Michael Mann<\/p><p>\u00a0<\/p>","_et_gb_content_width":"","footnotes":""},"class_list":["post-10219","page","type-page","status-publish","hentry"],"yoast_head":"<!-- This site is optimized with the Yoast SEO plugin v26.2 - https:\/\/yoast.com\/wordpress\/plugins\/seo\/ -->\n<title>Pr\u00e4vention - Rauchfrei Telefon<\/title>\n<meta name=\"robots\" content=\"index, follow, max-snippet:-1, max-image-preview:large, max-video-preview:-1\" \/>\n<link rel=\"canonical\" href=\"https:\/\/rauchfrei.at\/praevention\/\" \/>\n<meta property=\"og:locale\" content=\"en_US\" \/>\n<meta property=\"og:type\" content=\"article\" \/>\n<meta property=\"og:title\" content=\"Pr\u00e4vention - Rauchfrei Telefon\" \/>\n<meta property=\"og:description\" content=\"Pr\u00e4vention Gar nicht anfangen mit dem Rauchen! Text und Links zu Materialien und Stellen YOLO Plus Free your Mind &nbsp; Materialien des Rauchfrei Telefons Pr\u00e4sentation_ZigaretteCo\u00a0(9MB) Ziga-Rette sich, wer kann\u00a0(2,37 MB) Folder \u201eZiga-Rette sich, wer kann\u201c \u201cJulia rauchfrei\u201c Auf Julias Video-Webseite Tipps eingeben und gleich schauen, ob es ihr hilft, rauchfrei zu bleiben. \u201eLeb\u00b4 dein [&hellip;]\" \/>\n<meta property=\"og:url\" content=\"https:\/\/rauchfrei.at\/praevention\/\" \/>\n<meta property=\"og:site_name\" content=\"Rauchfrei Telefon\" \/>\n<meta property=\"article:modified_time\" content=\"2024-10-02T14:56:16+00:00\" \/>\n<meta name=\"twitter:card\" content=\"summary_large_image\" \/>\n<meta name=\"twitter:label1\" content=\"Est. reading time\" \/>\n\t<meta name=\"twitter:data1\" content=\"2 minutes\" \/>\n<script type=\"application\/ld+json\" class=\"yoast-schema-graph\">{\"@context\":\"https:\/\/schema.org\",\"@graph\":[{\"@type\":\"WebPage\",\"@id\":\"https:\/\/rauchfrei.at\/praevention\/\",\"url\":\"https:\/\/rauchfrei.at\/praevention\/\",\"name\":\"Pr\u00e4vention - Rauchfrei Telefon\",\"isPartOf\":{\"@id\":\"https:\/\/rauchfrei.at\/#website\"},\"datePublished\":\"2018-05-23T09:42:27+00:00\",\"dateModified\":\"2024-10-02T14:56:16+00:00\",\"inLanguage\":\"en-US\",\"potentialAction\":[{\"@type\":\"ReadAction\",\"target\":[\"https:\/\/rauchfrei.at\/praevention\/\"]}]},{\"@type\":\"WebSite\",\"@id\":\"https:\/\/rauchfrei.at\/#website\",\"url\":\"https:\/\/rauchfrei.at\/\",\"name\":\"Rauchfrei Telefon\",\"description\":\"Eine \u00f6sterreichweite Initiative der Sozialversicherungen.\",\"potentialAction\":[{\"@type\":\"SearchAction\",\"target\":{\"@type\":\"EntryPoint\",\"urlTemplate\":\"https:\/\/rauchfrei.at\/?s={search_term_string}\"},\"query-input\":{\"@type\":\"PropertyValueSpecification\",\"valueRequired\":true,\"valueName\":\"search_term_string\"}}],\"inLanguage\":\"en-US\"}]}<\/script>\n<!-- \/ Yoast SEO plugin. -->","yoast_head_json":{"title":"Pr\u00e4vention - Rauchfrei Telefon","robots":{"index":"index","follow":"follow","max-snippet":"max-snippet:-1","max-image-preview":"max-image-preview:large","max-video-preview":"max-video-preview:-1"},"canonical":"https:\/\/rauchfrei.at\/praevention\/","og_locale":"en_US","og_type":"article","og_title":"Pr\u00e4vention - Rauchfrei Telefon","og_description":"Pr\u00e4vention Gar nicht anfangen mit dem Rauchen! Text und Links zu Materialien und Stellen YOLO Plus Free your Mind &nbsp; Materialien des Rauchfrei Telefons Pr\u00e4sentation_ZigaretteCo\u00a0(9MB) Ziga-Rette sich, wer kann\u00a0(2,37 MB) Folder \u201eZiga-Rette sich, wer kann\u201c \u201cJulia rauchfrei\u201c Auf Julias Video-Webseite Tipps eingeben und gleich schauen, ob es ihr hilft, rauchfrei zu bleiben. \u201eLeb\u00b4 dein [&hellip;]","og_url":"https:\/\/rauchfrei.at\/praevention\/","og_site_name":"Rauchfrei Telefon","article_modified_time":"2024-10-02T14:56:16+00:00","twitter_card":"summary_large_image","twitter_misc":{"Est. reading time":"2 minutes"},"schema":{"@context":"https:\/\/schema.org","@graph":[{"@type":"WebPage","@id":"https:\/\/rauchfrei.at\/praevention\/","url":"https:\/\/rauchfrei.at\/praevention\/","name":"Pr\u00e4vention - Rauchfrei Telefon","isPartOf":{"@id":"https:\/\/rauchfrei.at\/#website"},"datePublished":"2018-05-23T09:42:27+00:00","dateModified":"2024-10-02T14:56:16+00:00","inLanguage":"en-US","potentialAction":[{"@type":"ReadAction","target":["https:\/\/rauchfrei.at\/praevention\/"]}]},{"@type":"WebSite","@id":"https:\/\/rauchfrei.at\/#website","url":"https:\/\/rauchfrei.at\/","name":"Rauchfrei Telefon","description":"Eine \u00f6sterreichweite Initiative der Sozialversicherungen.","potentialAction":[{"@type":"SearchAction","target":{"@type":"EntryPoint","urlTemplate":"https:\/\/rauchfrei.at\/?s={search_term_string}"},"query-input":{"@type":"PropertyValueSpecification","valueRequired":true,"valueName":"search_term_string"}}],"inLanguage":"en-US"}]}},"_links":{"self":[{"href":"https:\/\/rauchfrei.at\/en\/wp-json\/wp\/v2\/pages\/10219","targetHints":{"allow":["GET"]}}],"collection":[{"href":"https:\/\/rauchfrei.at\/en\/wp-json\/wp\/v2\/pages"}],"about":[{"href":"https:\/\/rauchfrei.at\/en\/wp-json\/wp\/v2\/types\/page"}],"author":[{"embeddable":true,"href":"https:\/\/rauchfrei.at\/en\/wp-json\/wp\/v2\/users\/11"}],"replies":[{"embeddable":true,"href":"https:\/\/rauchfrei.at\/en\/wp-json\/wp\/v2\/comments?post=10219"}],"version-history":[{"count":7,"href":"https:\/\/rauchfrei.at\/en\/wp-json\/wp\/v2\/pages\/10219\/revisions"}],"predecessor-version":[{"id":29885,"href":"https:\/\/rauchfrei.at\/en\/wp-json\/wp\/v2\/pages\/10219\/revisions\/29885"}],"wp:attachment":[{"href":"https:\/\/rauchfrei.at\/en\/wp-json\/wp\/v2\/media?parent=10219"}],"curies":[{"name":"wp","href":"https:\/\/api.w.org\/{rel}","templated":true}]}}