
{"id":10251,"date":"2018-05-30T10:42:24","date_gmt":"2018-05-30T08:42:24","guid":{"rendered":"http:\/\/rauchfrei.at\/?page_id=10251"},"modified":"2025-11-26T12:53:18","modified_gmt":"2025-11-26T10:53:18","slug":"beratung-vom-rauchfrei-telefon","status":"publish","type":"page","link":"https:\/\/rauchfrei.at\/en\/beratung-vom-rauchfrei-telefon\/","title":{"rendered":"Beratung vom Rauchfrei Telefon"},"content":{"rendered":"<p>[et_pb_section fb_built=&#8221;1&#8243; custom_padding_last_edited=&#8221;off|&#8221; module_class=&#8221;header&#8221; _builder_version=&#8221;4.16&#8243; background_color=&#8221;#67BAD3&#8243; custom_margin=&#8221;||0px|&#8221; custom_padding=&#8221;100px||10px|&#8221; global_colors_info=&#8221;{}&#8221;][et_pb_row _builder_version=&#8221;4.16&#8243; custom_margin=&#8221;||0px|&#8221; custom_padding=&#8221;||0px|&#8221; global_colors_info=&#8221;{}&#8221;][et_pb_column type=&#8221;4_4&#8243; _builder_version=&#8221;4.16&#8243; custom_padding=&#8221;||0px|&#8221; global_colors_info=&#8221;{}&#8221; custom_padding__hover=&#8221;|||&#8221;][et_pb_text admin_label=&#8221;Blue Background Header&#8221; _builder_version=&#8221;4.16&#8243; custom_margin=&#8221;||0px|&#8221; custom_padding=&#8221;||0px|&#8221; global_colors_info=&#8221;{}&#8221;]<\/p>\n<h1>Beratung vom Rauchfrei Telefon<\/h1>\n<h2>Das Rauchfrei Telefon &#8211; Was ist das?<\/h2>\n<p>[\/et_pb_text][\/et_pb_column][\/et_pb_row][\/et_pb_section][et_pb_section fb_built=&#8221;1&#8243; specialty=&#8221;on&#8221; _builder_version=&#8221;4.16&#8243; global_colors_info=&#8221;{}&#8221;][et_pb_column type=&#8221;2_3&#8243; specialty_columns=&#8221;2&#8243; _builder_version=&#8221;4.16&#8243; custom_padding=&#8221;|||&#8221; global_colors_info=&#8221;{}&#8221; custom_padding__hover=&#8221;|||&#8221;][et_pb_row_inner _builder_version=&#8221;4.16&#8243; global_colors_info=&#8221;{}&#8221;][et_pb_column_inner saved_specialty_column_type=&#8221;2_3&#8243; _builder_version=&#8221;4.16&#8243; custom_padding=&#8221;|||&#8221; global_colors_info=&#8221;{}&#8221; custom_padding__hover=&#8221;|||&#8221;][et_pb_text _builder_version=&#8221;4.16&#8243; global_colors_info=&#8221;{}&#8221;]<\/p>\n<p>Telefonische Beratung zum Rauchstopp ist international \u00fcblich und erwiesen wirksam. &#8220;Quitlines&#8221;, also Beratungsstellen, die telefonisch beim Aufh\u00f6ren (&#8220;to quit&#8221;) unterst\u00fctzen gibt es in fast jedem Land. Das Rauchfrei Telefon ist die \u00f6sterreichische Quitline.<\/p>\n<p>Das Rauchfrei Telefon ist eine \u00f6sterreichweite gemeinsame Initiative der Sozialversicherungstr\u00e4ger, der Bundesl\u00e4nder und des Bundesministeriums f\u00fcr Soziales, Gesundheit, Pflege und Konsumentenschutz. Es wird von der \u00d6sterreichischen Gesundheitskasse betrieben.<\/p>\n<blockquote>\n<p>Die Gesundheitspsychologinnen des Rauchfrei Telefons sind unter der kostenfreien Telefonnummer <em><strong>0800 810 013<\/strong><\/em> von<strong> Montag bis Freitag von 10:00 \u2013 18:00<\/strong> f\u00fcr Informations- und Beratungsgespr\u00e4che erreichbar.<\/p>\n<\/blockquote>\n<p>Gerne unterst\u00fctzen wir Sie\u00a0<em>\u00f6sterreichweit kostenfrei<\/em>, wenn\u2026<\/p>\n<ul>\n<li>Sie <strong>Beratung<\/strong> und\u00a0<strong>Begleitung<\/strong> bei der Ver\u00e4nderung Ihres Rauchverhaltens w\u00fcnschen.<\/li>\n<li>Sie\u00a0<strong>Fragen rund um das Thema \u00a0<\/strong>Rauchen, Rauchfrei werden, Passivrauch, Tabak und Nikotin haben.<\/li>\n<li>Sie sich \u00fcber die verschiedenen <strong>M\u00f6glichkeiten der Tabakentw\u00f6hnung<\/strong> informieren m\u00f6chten.<\/li>\n<li>Sie <strong>Informationsmaterialien<\/strong> bestellen m\u00f6chten.<\/li>\n<\/ul>\n<p>F\u00fcr weiterf\u00fchrende Gespr\u00e4che vereinbaren wir Termine mit Ihnen und rufen Sie zu der von Ihnen gew\u00fcnschten Zeit an. Auch hier entstehen f\u00fcr Sie keinerlei Kosten. In einem Erstgespr\u00e4ch geben wir gerne genauere Informationen zu unserem Angebot.<\/p>\n<h2>Beratung am Telefon &#8211; Wie funktioniert das?<\/h2>\n<p>Telefonische Beratung funktioniert im Prinzip wie Beratung, bei der man sich gegen\u00fcbersitzt. Wir beraten &#8220;reaktiv&#8221; und &#8220;proaktiv&#8221;.<\/p>\n<p><strong>Reaktiv<\/strong> bedeutet, dass Sie uns anrufen, und wir f\u00fchren ein Informations- oder Beratungsgespr\u00e4ch.<\/p>\n<p><strong>Proaktiv<\/strong> bedeutet, dass wir uns nach einem ersten Gespr\u00e4ch weitere Telefontermine ausmachen, zu denen\u00a0 wir Sie dann anrufen. Das hat den Vorteil, dass Sie noch weniger Aufwand haben. Sie m\u00fcssen sich nur den Termin freihalten und in einer Situation sein, in der Sie ungest\u00f6rt telefonieren k\u00f6nnen. Das proaktive Angebot besteht aus mehreren Gespr\u00e4chen, die den Prozess der Verhaltens\u00e4nderung begleiten. Gemeinsam kl\u00e4ren wir in diesen Gespr\u00e4chen Motive und Ziele, bereiten den Rauchstopp vor, suchen Alternativen zum Rauchen und besprechen m\u00f6gliche Schwierigkeiten und vorhandene St\u00e4rken und Ressourcen, die beim Rauchstopp helfen k\u00f6nnen. Oder &#8211; wenn Sie schon rauchfrei sind &#8211; suchen wir Strategien, falls Sie das Verlangen nach einer Zigarette \u00fcberkommen sollte.<\/p>\n<p>Man sieht sich zwar \u00fcbers Telefon nicht, die Beratung ist dennoch pers\u00f6nlich. Wir sind ein Beratungsteam, bem\u00fchen uns aber, die Gespr\u00e4che kontinuierlich von derselben Beraterin f\u00fchren zu lassen.<\/p>\n<h2>Und da ruft wirklich jemand an?<\/h2>\n<p>Diese Fragen h\u00f6ren wir immer wieder. Und ja &#8211; viele rufen uns an! Wir f\u00fchren zwischen 30 und 40 Gespr\u00e4che pro Tag. Die meisten Personen, die sich bei uns melden, sind Raucher\/innen, die etwas an ihrem Rauchverhalten \u00e4ndern m\u00f6chten. Aber auch Exraucher\/innen, bei denen starkes Rauchverlangen auftaucht (was \u00fcbrigens normal ist und h\u00e4ufig vorkommt) rufen uns an, um rauchfrei zu bleiben. Auch Angeh\u00f6rige, die sich Sorgen um ihre rauchenden Familienmitglieder machen, beraten wir gerne. Sollte die Leitung besetzt sein, sprechen Sie uns bitte auf den Anrufbeantworter, wir rufen ehestm\u00f6glich zur\u00fcck.<\/p>\n<h2>Vorteile der Telefonberatung<\/h2>\n<p><strong>anonym<\/strong>\u00a0\u2013 Sie brauchen keine pers\u00f6nlichen Angaben zu machen, wenn Sie das nicht m\u00f6chten<\/p>\n<p><strong>spontan<\/strong> &#8211; Sie entscheiden, wann Sie mit uns sprechen m\u00f6chten<\/p>\n<p><strong>kein Anfahrtsweg und keine Wartezeit <\/strong>-ein Griff zum Telefon und wir f\u00fchren ein Beratungsgespr\u00e4ch<\/p>\n<p><strong>einfach erreichbar<\/strong> \u2013 ein Telefon ist immer zur Hand<\/p>\n<p><strong>individuell<\/strong>\u00a0\u2013 wir gehen individuell auf Ihre Situation ein<\/p>\n<p><strong>\u00f6sterreichweit\u00a0<\/strong>\u2013 wo immer in \u00d6sterreich Sie zu Hause sind, wir sind f\u00fcr Sie erreichbar<\/p>\n<p>[\/et_pb_text][\/et_pb_column_inner][\/et_pb_row_inner][\/et_pb_column][et_pb_column type=&#8221;1_3&#8243; _builder_version=&#8221;4.16&#8243; custom_padding=&#8221;|||&#8221; global_colors_info=&#8221;{}&#8221; custom_padding__hover=&#8221;|||&#8221;][et_pb_dp_dmb_module_10093 farbe=&#8221;blitzgelb&#8221; headline=&#8221;Buchen Sie einen Anruf!&#8221; image=&#8221;https:\/\/rauchfrei.at\/wp-content\/uploads\/rauchfrei-rueckruf-gelb.png&#8221; image_position=&#8221;center&#8221; link_text=&#8221;Anruf buchen!&#8221; link_url=&#8221;https:\/\/rauchfrei.at\/beratung\/anruf-gewuenscht\/&#8221; image_size=&#8221;80&#8243; admin_label=&#8221;Anruf buchen&#8221; _builder_version=&#8221;3.21.1&#8243; max_width=&#8221;100%&#8221; global_module=&#8221;13148&#8243; saved_tabs=&#8221;all&#8221; global_colors_info=&#8221;{}&#8221;]<\/p>\n<p>Wir rufen Sie gerne an.<\/p>\n<p>[\/et_pb_dp_dmb_module_10093][et_pb_dp_dmb_module_10093 farbe=&#8221;blitzblau&#8221; headline=&#8221;Rauchfrei schwanger&#8221; image=&#8221;https:\/\/rauchfrei.at\/wp-content\/uploads\/Pregnant.png&#8221; image_position=&#8221;center&#8221; link_text=&#8221;mehr dazu&#8221; link_url=&#8221;https:\/\/rauchfrei.at\/fakten\/schwangerschaft\/&#8221; admin_label=&#8221;Schwangere&#8221; _builder_version=&#8221;4.21.0&#8243; custom_margin=&#8221;0px|||&#8221; custom_padding=&#8221;0px|||&#8221; global_module=&#8221;12601&#8243; saved_tabs=&#8221;all&#8221; global_colors_info=&#8221;{}&#8221;]<\/p>\n<p>In der Schwangerschaft bewirkt die Rauchfreiheit besonders viel Gutes.<\/p>\n<p>[\/et_pb_dp_dmb_module_10093][et_pb_dp_dmb_module_10080 link_text=&#8221;hier kostenfrei bestellen&#8221; link_url=&#8221;https:\/\/rauchfrei.at\/broschueren-downloads\/bestellung\/&#8221; admin_label=&#8221;Materialbestellung&#8221; _builder_version=&#8221;4.16&#8243; global_module=&#8221;13132&#8243; saved_tabs=&#8221;all&#8221; global_colors_info=&#8221;{}&#8221;]<\/p>\n<p><strong>Brosch\u00fcren<br \/>bestellen\u00a0<\/strong><\/p>\n<p>[\/et_pb_dp_dmb_module_10080][\/et_pb_column][\/et_pb_section]<\/p>\n","protected":false},"excerpt":{"rendered":"<p>Beratung vom Rauchfrei Telefon Das Rauchfrei Telefon &#8211; Was ist das?Telefonische Beratung zum Rauchstopp ist international \u00fcblich und erwiesen wirksam. &#8220;Quitlines&#8221;, also Beratungsstellen, die telefonisch beim Aufh\u00f6ren (&#8220;to quit&#8221;) unterst\u00fctzen gibt es in fast jedem Land. Das Rauchfrei Telefon ist die \u00f6sterreichische Quitline. Das Rauchfrei Telefon ist eine \u00f6sterreichweite gemeinsame Initiative der Sozialversicherungstr\u00e4ger, der Bundesl\u00e4nder [&hellip;]<\/p>\n","protected":false},"author":11,"featured_media":0,"parent":0,"menu_order":0,"comment_status":"closed","ping_status":"closed","template":"","meta":{"_et_pb_use_builder":"on","_et_pb_old_content":"","_et_gb_content_width":"","footnotes":""},"class_list":["post-10251","page","type-page","status-publish","hentry"],"yoast_head":"<!-- This site is optimized with the Yoast SEO plugin v26.2 - https:\/\/yoast.com\/wordpress\/plugins\/seo\/ -->\n<title>Beratung vom Rauchfrei Telefon - Rauchfrei Telefon<\/title>\n<meta name=\"robots\" content=\"index, follow, max-snippet:-1, max-image-preview:large, max-video-preview:-1\" \/>\n<link rel=\"canonical\" href=\"https:\/\/rauchfrei.at\/beratung-vom-rauchfrei-telefon\/\" \/>\n<meta property=\"og:locale\" content=\"en_US\" \/>\n<meta property=\"og:type\" content=\"article\" \/>\n<meta property=\"og:title\" content=\"Beratung vom Rauchfrei Telefon - Rauchfrei Telefon\" \/>\n<meta property=\"og:description\" content=\"Beratung vom Rauchfrei Telefon Das Rauchfrei Telefon - Was ist das?Telefonische Beratung zum Rauchstopp ist international \u00fcblich und erwiesen wirksam. &quot;Quitlines&quot;, also Beratungsstellen, die telefonisch beim Aufh\u00f6ren (&quot;to quit&quot;) unterst\u00fctzen gibt es in fast jedem Land. Das Rauchfrei Telefon ist die \u00f6sterreichische Quitline. Das Rauchfrei Telefon ist eine \u00f6sterreichweite gemeinsame Initiative der Sozialversicherungstr\u00e4ger, der Bundesl\u00e4nder [&hellip;]\" \/>\n<meta property=\"og:url\" content=\"https:\/\/rauchfrei.at\/beratung-vom-rauchfrei-telefon\/\" \/>\n<meta property=\"og:site_name\" content=\"Rauchfrei Telefon\" \/>\n<meta property=\"article:modified_time\" content=\"2025-11-26T10:53:18+00:00\" \/>\n<meta name=\"twitter:card\" content=\"summary_large_image\" \/>\n<meta name=\"twitter:label1\" content=\"Est. reading time\" \/>\n\t<meta name=\"twitter:data1\" content=\"4 minutes\" \/>\n<script type=\"application\/ld+json\" class=\"yoast-schema-graph\">{\"@context\":\"https:\/\/schema.org\",\"@graph\":[{\"@type\":\"WebPage\",\"@id\":\"https:\/\/rauchfrei.at\/beratung-vom-rauchfrei-telefon\/\",\"url\":\"https:\/\/rauchfrei.at\/beratung-vom-rauchfrei-telefon\/\",\"name\":\"Beratung vom Rauchfrei Telefon - Rauchfrei Telefon\",\"isPartOf\":{\"@id\":\"https:\/\/rauchfrei.at\/#website\"},\"datePublished\":\"2018-05-30T08:42:24+00:00\",\"dateModified\":\"2025-11-26T10:53:18+00:00\",\"inLanguage\":\"en-US\",\"potentialAction\":[{\"@type\":\"ReadAction\",\"target\":[\"https:\/\/rauchfrei.at\/beratung-vom-rauchfrei-telefon\/\"]}]},{\"@type\":\"WebSite\",\"@id\":\"https:\/\/rauchfrei.at\/#website\",\"url\":\"https:\/\/rauchfrei.at\/\",\"name\":\"Rauchfrei Telefon\",\"description\":\"Eine \u00f6sterreichweite Initiative der Sozialversicherungen.\",\"potentialAction\":[{\"@type\":\"SearchAction\",\"target\":{\"@type\":\"EntryPoint\",\"urlTemplate\":\"https:\/\/rauchfrei.at\/?s={search_term_string}\"},\"query-input\":{\"@type\":\"PropertyValueSpecification\",\"valueRequired\":true,\"valueName\":\"search_term_string\"}}],\"inLanguage\":\"en-US\"}]}<\/script>\n<!-- \/ Yoast SEO plugin. -->","yoast_head_json":{"title":"Beratung vom Rauchfrei Telefon - Rauchfrei Telefon","robots":{"index":"index","follow":"follow","max-snippet":"max-snippet:-1","max-image-preview":"max-image-preview:large","max-video-preview":"max-video-preview:-1"},"canonical":"https:\/\/rauchfrei.at\/beratung-vom-rauchfrei-telefon\/","og_locale":"en_US","og_type":"article","og_title":"Beratung vom Rauchfrei Telefon - Rauchfrei Telefon","og_description":"Beratung vom Rauchfrei Telefon Das Rauchfrei Telefon - Was ist das?Telefonische Beratung zum Rauchstopp ist international \u00fcblich und erwiesen wirksam. \"Quitlines\", also Beratungsstellen, die telefonisch beim Aufh\u00f6ren (\"to quit\") unterst\u00fctzen gibt es in fast jedem Land. Das Rauchfrei Telefon ist die \u00f6sterreichische Quitline. Das Rauchfrei Telefon ist eine \u00f6sterreichweite gemeinsame Initiative der Sozialversicherungstr\u00e4ger, der Bundesl\u00e4nder [&hellip;]","og_url":"https:\/\/rauchfrei.at\/beratung-vom-rauchfrei-telefon\/","og_site_name":"Rauchfrei Telefon","article_modified_time":"2025-11-26T10:53:18+00:00","twitter_card":"summary_large_image","twitter_misc":{"Est. reading time":"4 minutes"},"schema":{"@context":"https:\/\/schema.org","@graph":[{"@type":"WebPage","@id":"https:\/\/rauchfrei.at\/beratung-vom-rauchfrei-telefon\/","url":"https:\/\/rauchfrei.at\/beratung-vom-rauchfrei-telefon\/","name":"Beratung vom Rauchfrei Telefon - Rauchfrei Telefon","isPartOf":{"@id":"https:\/\/rauchfrei.at\/#website"},"datePublished":"2018-05-30T08:42:24+00:00","dateModified":"2025-11-26T10:53:18+00:00","inLanguage":"en-US","potentialAction":[{"@type":"ReadAction","target":["https:\/\/rauchfrei.at\/beratung-vom-rauchfrei-telefon\/"]}]},{"@type":"WebSite","@id":"https:\/\/rauchfrei.at\/#website","url":"https:\/\/rauchfrei.at\/","name":"Rauchfrei Telefon","description":"Eine \u00f6sterreichweite Initiative der Sozialversicherungen.","potentialAction":[{"@type":"SearchAction","target":{"@type":"EntryPoint","urlTemplate":"https:\/\/rauchfrei.at\/?s={search_term_string}"},"query-input":{"@type":"PropertyValueSpecification","valueRequired":true,"valueName":"search_term_string"}}],"inLanguage":"en-US"}]}},"_links":{"self":[{"href":"https:\/\/rauchfrei.at\/en\/wp-json\/wp\/v2\/pages\/10251","targetHints":{"allow":["GET"]}}],"collection":[{"href":"https:\/\/rauchfrei.at\/en\/wp-json\/wp\/v2\/pages"}],"about":[{"href":"https:\/\/rauchfrei.at\/en\/wp-json\/wp\/v2\/types\/page"}],"author":[{"embeddable":true,"href":"https:\/\/rauchfrei.at\/en\/wp-json\/wp\/v2\/users\/11"}],"replies":[{"embeddable":true,"href":"https:\/\/rauchfrei.at\/en\/wp-json\/wp\/v2\/comments?post=10251"}],"version-history":[{"count":8,"href":"https:\/\/rauchfrei.at\/en\/wp-json\/wp\/v2\/pages\/10251\/revisions"}],"predecessor-version":[{"id":32486,"href":"https:\/\/rauchfrei.at\/en\/wp-json\/wp\/v2\/pages\/10251\/revisions\/32486"}],"wp:attachment":[{"href":"https:\/\/rauchfrei.at\/en\/wp-json\/wp\/v2\/media?parent=10251"}],"curies":[{"name":"wp","href":"https:\/\/api.w.org\/{rel}","templated":true}]}}