
{"id":10262,"date":"2018-05-30T11:17:58","date_gmt":"2018-05-30T09:17:58","guid":{"rendered":"http:\/\/rauchfrei.at\/?page_id=10262"},"modified":"2025-01-21T17:03:25","modified_gmt":"2025-01-21T15:03:25","slug":"alternativen","status":"publish","type":"page","link":"https:\/\/rauchfrei.at\/en\/alternativen\/","title":{"rendered":"Alternativen"},"content":{"rendered":"<p>[et_pb_section fb_built=&#8221;1&#8243; custom_padding_last_edited=&#8221;off|&#8221; module_class=&#8221;header&#8221; _builder_version=&#8221;4.16&#8243; background_color=&#8221;#67BAD3&#8243; custom_margin=&#8221;||0px|&#8221; custom_padding=&#8221;100px||10px|&#8221; global_colors_info=&#8221;{}&#8221;][et_pb_row _builder_version=&#8221;4.16&#8243; custom_margin=&#8221;||0px|&#8221; custom_padding=&#8221;||0px|&#8221; global_colors_info=&#8221;{}&#8221;][et_pb_column type=&#8221;4_4&#8243; _builder_version=&#8221;4.16&#8243; custom_padding=&#8221;||0px|&#8221; global_colors_info=&#8221;{}&#8221; custom_padding__hover=&#8221;|||&#8221;][et_pb_text admin_label=&#8221;Blue Background Header&#8221; _builder_version=&#8221;4.16&#8243; custom_margin=&#8221;||0px|&#8221; custom_padding=&#8221;||0px|&#8221; global_colors_info=&#8221;{}&#8221;]<\/p>\n<h1>Alternativen<\/h1>\n<h2>Wirksame Strategien anstelle zur Zigarette zu greifen<\/h2>\n<p>[\/et_pb_text][\/et_pb_column][\/et_pb_row][\/et_pb_section][et_pb_section fb_built=&#8221;1&#8243; admin_label=&#8221;section&#8221; _builder_version=&#8221;4.16&#8243; global_colors_info=&#8221;{}&#8221;][et_pb_row _builder_version=&#8221;4.16&#8243; background_size=&#8221;initial&#8221; background_position=&#8221;top_left&#8221; background_repeat=&#8221;repeat&#8221; global_colors_info=&#8221;{}&#8221; column_structure=&#8221;2_3,1_3&#8243;][et_pb_column type=&#8221;2_3&#8243; _builder_version=&#8221;4.16&#8243; custom_padding=&#8221;|||&#8221; global_colors_info=&#8221;{}&#8221; custom_padding__hover=&#8221;|||&#8221;][et_pb_text admin_label=&#8221;Alternativen_\u00fcberarbeitet&#8221; _builder_version=&#8221;4.16&#8243; global_colors_info=&#8221;{}&#8221;]<\/p>\n<p>Was machen eigentlich Nichtraucher\/innen so im Alltag, wenn sie nicht rauchen? Diese Frage stellen sich unserer Anrufer\/innen immer wieder. Statt dem Griff zur Zigarette haben Nichtraucher\/innen verschiedene Strategien in den unterschiedlichsten Situationen im Alltag zur Verf\u00fcgung. F\u00fcr Ex- Raucher\/innen bedeutet das, sich eine Sammlung von alternativen M\u00f6glichkeiten zuzulegen, die den bisherigen Griff zur Zigarette ersetzen k\u00f6nnen. Je nachdem, wie und wozu geraucht wurde, k\u00f6nnen unterschiedliche Alternativen hilfreich sein.<\/p>\n<p>Es gibt eine gro\u00dfe Menge, vielleicht finden Sie die eine oder andere hilfreiche Strategie in unserer Auflistung. Wir haben einiges f\u00fcr Sie aufgelistet, vielleicht finden Sie hier die eine oder andere hilfreiche Strategie f\u00fcr sich. Probieren Sie schon vor dem Rauchstopp aus, was f\u00fcr Sie bei Verlangensattacken oder in anderen ehemaligen Rauchsituationen in Frage kommen k\u00f6nnte!<\/p>\n<p>&nbsp;<\/p>\n<h2>Die 3-A&#8217;s<\/h2>\n<p>Die 3 A -Technik ist gerade zu Beginn der Rauchfreiheit eine sehr hilfreiche Strategie, um bei \u00a0Verlangensattacken stark zu bleiben. Merken Sie sich<strong> \u00a0 Ablenken, Abwarten, Abhauen<\/strong>!<\/p>\n<ul>\n<li><em>Ablenken<br \/><\/em>Konzentrieren Sie sich gezielt und bewusst auf etwas Anderes. Tun Sie etwas, das Sie ablenkt \u2013 Handarbeiten, Abwaschen, Krimi lesen, Sudoku lesen, am Musikinstrument spielen, ein paar Hantel\u00fcbungen, \u2026 oder lenken Sie sich innerlich ab. Denken Sie an einen sch\u00f6nen Moment oder an etwas, worauf Sie sich freuen.<\/li>\n<li><em>Abwarten<br \/><\/em>Halten Sie sich vor Augen, dass die Verlangensattacke bald wieder vorbei ist. Verlangensattacken dauern meist nicht l\u00e4nger als f\u00fcnf bis zehn Minuten. Sie haben das schon oft gut \u00fcberstanden.<\/li>\n<li><em>Abhauen<br \/><\/em>Verlassen Sie f\u00fcr einen Moment die Situation, in der Sie sich gerade befinden. Kommen Sie in Bewegung, vertreten Sie sich kurz die Beine, waschen Sie sich die H\u00e4nde, \u00f6ffnen Sie das Fenster und atmen Sie tief durch.<\/li>\n<\/ul>\n<h2>\u00a0<\/h2>\n<h2>Bewegung<\/h2>\n<p>Regelm\u00e4\u00dfige Bewegung unterst\u00fctzt Sie beim Rauchstopp. Konkret auch in Situationen, in denen Verlangen auftaucht, k\u00f6nnen K\u00f6rper\u00fcbungen oder ein Spaziergang Abhilfe schaffen.Bringen Sie Bewegung in Ihren Alltag: Stiegen steigen statt mit dem Lift fahren, das Rad anstelle des Autos benutzen, zu Fu\u00df gehen, statt den Bus zu nehmen, \u2026<\/p>\n<blockquote>\n<p>Bewegung spielt insgesamt <strong>eine bedeutende Rolle<\/strong> beim Rauchstopp.<\/p>\n<\/blockquote>\n<p>K\u00f6rperliche Aktivit\u00e4t entspannt, hebt die Stimmung, lenkt ab und beugt einer Gewichtszunahme vor. Finden Sie eine (Ausdauer-) Sportart, die Ihnen Freude macht und die Sie m\u00f6glichst unkompliziert in Ihrem Alltag aus\u00fcben k\u00f6nnen: Joggen, Walken, Radfahren oder Schwimmen. Sport und Rauchen passen nicht zusammen.<\/p>\n<h2>\u00a0<\/h2>\n<h2>Entspannen mit Atemtechniken und Achtsamkeit<\/h2>\n<p>Atemtechniken k\u00f6nnen Ihnen dabei helfen, sich zu entspannen. Nehmen Sie sich f\u00fcr die \u00dcbungen anfangs ausreichend Zeit. Einige Atemtechniken eignen sich auch f\u00fcr unterwegs und k\u00f6nnen nach mehrmaliger \u00dcbung in Stress-Situationen bewusst eingesetzt werden.<\/p>\n<p>Nutzen Sie Ihren Atem f\u00fcr bewusste Pausen und zum Entspannen.<\/p>\n<h3>Grunds\u00e4tzliche K\u00f6rperhaltung<\/h3>\n<p>Setzen Sie sich in angenehmer Sitzhaltung auf einen Sessel. Halten Sie dabei den R\u00fccken gerade und die Schultern entspannt. Die F\u00fc\u00dfe stellen Sie auf den Boden, die Beine leicht angewinkelt. Schlie\u00dfen Sie die Augen und sp\u00fcren Sie den Kontakt zum Boden. Arme und H\u00e4nde sollten locker seitlich hinabh\u00e4ngen oder auf den Scho\u00df gelegt werden. Selbstverst\u00e4ndlich k\u00f6nnen alle diese \u00dcbungen auch im Liegen gemacht werden!<\/p>\n<h3>Bewusstes Atmen<\/h3>\n<p>Atmen Sie Luft durch die Nase tief und langsam ein und nehmen Sie so viel Sauerstoff wie m\u00f6glich auf. Die Luft nun f\u00fcr f\u00fcnf Sekunden anhalten und sie dann langsam durch den Mund wieder ausatmen. Schlie\u00dfen Sie beim Ein- und Ausatmen die Augen und konzentrieren Sie sich nur auf die Atmung: \u201eJetzt atme ich ein. Jetzt atme ich aus\u201c. Wiederholen Sie diese \u00dcbung einige Male. Bereits dieses bewusste Ein- und Ausatmen entspannt.<\/p>\n<h3>Bauchatem\u00fcbung<\/h3>\n<p>Nehmen Sie eine entspannte K\u00f6rperhaltung ein. Legen Sie nun Ihre rechte Hand etwa zwei Zentimeter unterhalb des Nabels auf Ihren Bauch. Atmen Sie nun durch die Nase ein und sp\u00fcren Sie, wie Ihre Bauchdecke sich langsam hebt. Stellen Sie sich vor, dass sich ein Luftballon im Inneren aufbl\u00e4st. Danach atmen Sie durch den Mund aus, als ob Sie eine Pusteblume wegblasen. Sie sp\u00fcren, wie Ihre Bauchdecke sich langsam wieder nach innen w\u00f6lbt.<\/p>\n<h3>4 &#8211; 4 &#8211; 6-\u00dcbung<\/h3>\n<p>Atmen Sie durch die Nase tief in den Bauch ein, w\u00e4hrend Sie in Gedanken 1 \u2013 2 \u2013 3 \u2013 4 z\u00e4hlen. Halten Sie die Luft an und z\u00e4hlen Sie dabei 1 \u2013 2 \u2013 3 \u2013 4. Dann atmen Sie durch den leicht ge\u00f6ffneten Mund l\u00e4nger aus, z\u00e4hlen sie beim Ausatmen 6 \u2013 5 \u2013 4 \u2013 3 \u2013 2 \u2013 1. Diese \u00dcbung k\u00f6nnen Sie gut im Gehen machen, indem Sie Ihre Schritte z\u00e4hlen.<\/p>\n<h2>\u00a0<\/h2>\n<h2>Achtsamkeit<\/h2>\n<p>Achtsamkeit bedeutet das Hier und Jetzt bewusst wahrzunehmen. Es gibt immer mehr als nur den einen Gedanken oder den Rauchgusto im Moment. Nutzen Sie Ihre K\u00f6rperwahrnehmung und sp\u00fcren Sie:<\/p>\n<p>Wie sitze, liege oder stehe ich? Wie f\u00fchlen sich die einzelnen K\u00f6rperteile an? Wie atme ich? Was nehme ich in diesem Moment rund um mich wahr? Ich beschreibe ganz genau, was ich in diesem Moment wahrnehme! Ich bewerte nicht! Es gibt kein gut oder schlecht. Ich konzentriere mich nur auf das Hier und Jetzt.<\/p>\n<p>Lassen Sie mit dem Ausatmen Verspannungen in den Schultern los, richten Sie Ihren R\u00fccken auf und atmen Sie einige Male tief durch.<\/p>\n<h2>\u00a0<\/h2>\n<h2>Ern\u00e4hrung<\/h2>\n<p>Gurkensticks, Karotten oder Stangensellerie eigenen sich zum kalorienarmen Knabbern, wenn Sie das Gef\u00fchl haben, Sie brauchen etwas zwischen den Lippen oder m\u00f6chten Ihren Mund besch\u00e4ftigen. Gesch\u00e4lt und in Stiftchen geschnitten k\u00f6nnen sie griffbereit parat stehen.<\/p>\n<h3>Ein Glas Wasser<\/h3>\n<p>Ein Glas kohles\u00e4urehaltiges Mineralwasser, eventuell auch mit Zitronensaft, hat schon vielen geholfen, nicht zur Zigarette zu greifen. Die Kohlens\u00e4ure reizt die Mundschleimhaut leicht und hiflt, dem Rauchverlangen ein Schnippchen zu schlagen.<\/p>\n<h3>Ein Pfefferkorn<\/h3>\n<p>Ein Pfefferkorn statt einer Zigarette. Pfeffer regt die Geschacksnerven an, lenkt im Mund ab, regt die Verdauung an und direkt danach w\u00fcrde Ihnen die Zigarette auch nicht mehr schmecken.<\/p>\n<h3>Genuss<\/h3>\n<p>G\u00f6nnen Sie sich Genusspausen! Der Rauchstopp verbessert die Genussf\u00e4higkeit, da sich Geschmacks- und Geruchssinn wieder verbessern und Sie nehmen vieles intensiver wahr. Aktivieren Sie Ihre f\u00fcnf Sinne! Was sehen Sie? Was h\u00f6ren Sie? Was sp\u00fcren Sie? Was riechen Sie? Was schmecken Sie?<\/p>\n<p><em>Beispiel: <\/em>Gehen Sie in die Natur und setzen Sie sich auf eine Parkbank. Schauen Sie auf das Gr\u00fcn der Wiese und das Blau des Himmels \u2013 diese Farben vermitteln Ruhe und Entspannung. Atmen Sie die frische Luft ein. Pfl\u00fccken Sie eine Blume oder en Blatt und riechen Sie daran. Ber\u00fchren Sie einen Baumstamm und f\u00fchlen Sie ihn. H\u00f6ren Sie dem Vogelgezwitscher zu.<\/p>\n<h2>\u00a0<\/h2>\n<h2>Tun Sie jemand anderen etwas Gutes!<\/h2>\n<p>Das klingt komisch? Jemand anderem eine Freude zu bereiten tut einem selber oft mindestens genauso gut. Wollten Sie schon lange einen Brief schreiben, jemanden anrufen, eine Hilfestellung bieten? \u00a0All das hilft beim rauchfrei bleiben und macht Sie froh!<\/p>\n<h2>\u00a0<\/h2>\n<h2>Belohnung<\/h2>\n<p>Anfangs bedeutet ein Rauchstopp f\u00fcr viele Raucher\/innen vor allem Verzicht, da der pers\u00f6nliche Rauchgewinn und Nutzen der Zigarette wegfallen. Daher ist es umso wichtiger, sich neue Belohnungen zu \u00fcberlegen.<\/p>\n<p>Legen Sie sich kleine Ziele fest (z.B. den ersten rauchfreien Tag gut verbracht, eine schwierige Situation ohne Zigarette gemeistert, \u2026). Sobald Sie diese erreicht haben, belohnen Sie sich. Das muss nicht teuer sein: ein Spaziergang mit der besten Freundin, eine Pedik\u00fcre mit dem gesparten Geld, ein Kinobesuch mit dem Kumpel, ein Ausflug mit dem Enkerl, \u2026 das was Ihnen Freude bereitet!<\/p>\n<blockquote>\n<p><strong>Denken Sie daran,<\/strong> sich zu belohnen!<\/p>\n<\/blockquote>\n<p>\u00dcberlegen Sie sich Ihre pers\u00f6nlichen Belohnungen bereits im Vorhinein, schreiben Sie diese auf und h\u00e4ngen Sie die <a href=\"https:\/\/rauchfrei.at\/broschueren-downloads\/download-beratungsunterlagen\/\" target=\"_blank\" rel=\"noopener noreferrer\">Belohnungsliste<\/a> f\u00fcr Sie sichtbar auf.<\/p>\n<h2>Musik und Kunst<\/h2>\n<p>Suchen Sie ihre alten Lieblingslieder heraus, malen Sie das Bild fertig, das Sie immer schon malen wollten, lesen Sie Gedichte, gestalten Sie das Fotobuch vom letzten Urlaub oder \u00fcben Sie sich im Singen von Weihnachtsliedern, das n\u00e4chste Weihnachten kommt bestimmt.<\/p>\n<p>[\/et_pb_text][\/et_pb_column][et_pb_column type=&#8221;1_3&#8243; _builder_version=&#8221;4.16&#8243; custom_padding=&#8221;|||&#8221; global_colors_info=&#8221;{}&#8221; custom_padding__hover=&#8221;|||&#8221;][et_pb_dp_dmb_module_10093 farbe=&#8221;blitzgelb&#8221; headline=&#8221;Rauchstopp und Verdauung&#8221; image=&#8221;https:\/\/rauchfrei.at\/wp-content\/uploads\/rauchfrei-verdauung-auf-gelb.png&#8221; image_position=&#8221;center&#8221; link_text=&#8221;mehr dazu&#8221; link_url=&#8221;https:\/\/rauchfrei.at\/aufhoeren\/schritte-zum-rauchstopp\/gewicht-verdauung-und-bewegung\/&#8221; image_size=&#8221;70&#8243; admin_label=&#8221;Rauchstop und Verdauung&#8221; _builder_version=&#8221;4.20.4&#8243; background_color=&#8221;#0c71c3&#8243; text_orientation=&#8221;left&#8221; max_width=&#8221;100%&#8221; global_module=&#8221;12618&#8243; saved_tabs=&#8221;all&#8221; global_colors_info=&#8221;{}&#8221;]<\/p>\n<p>Der Rauchstopp bringt die Verdauung manchmal ganz sch\u00f6n ins Stocken.<\/p>\n<p>[\/et_pb_dp_dmb_module_10093][et_pb_dp_dmb_module_10093 farbe=&#8221;blitzgelb&#8221; headline=&#8221;Buchen Sie einen Anruf!&#8221; image=&#8221;https:\/\/rauchfrei.at\/wp-content\/uploads\/rauchfrei-rueckruf-gelb.png&#8221; image_position=&#8221;center&#8221; link_text=&#8221;Anruf buchen!&#8221; link_url=&#8221;https:\/\/rauchfrei.at\/beratung\/anruf-gewuenscht\/&#8221; image_size=&#8221;80&#8243; admin_label=&#8221;Anruf buchen&#8221; _builder_version=&#8221;3.21.1&#8243; max_width=&#8221;100%&#8221; global_module=&#8221;13148&#8243; saved_tabs=&#8221;all&#8221; global_colors_info=&#8221;{}&#8221;]<\/p>\n<p>Wir rufen Sie gerne an.<\/p>\n<p>[\/et_pb_dp_dmb_module_10093][et_pb_text admin_label=&#8221;Angebote in \u00d6sterreich&#8221; _builder_version=&#8221;4.23.1&#8243; custom_margin=&#8221;||60px&#8221; custom_padding=&#8221;||&#8221; link_option_url=&#8221;https:\/\/rauchfrei.at\/aufhoeren\/weitere-beratungsangebote-in-oe\/beratungsangebote\/&#8221; link_option_url_new_window=&#8221;on&#8221; global_module=&#8221;13404&#8243; saved_tabs=&#8221;all&#8221; global_colors_info=&#8221;{}&#8221;]<\/p>\n<p><a style=\"color: #212121;\" href=\"https:\/\/rauchfrei.at\/aufhoeren\/weitere-beratungsangebote-in-oe\/ambulante-beratung\/\"><\/a><\/p>\n<h2>Angebote in \u00d6sterreich<\/h2>\n<p><img loading=\"lazy\" decoding=\"async\" class=\"wp-image-13438 alignnone size-large\" src=\"https:\/\/rauchfrei.at\/wp-content\/uploads\/oesterreichkarte-2-480x248.png\" alt=\"\" width=\"480\" height=\"248\" srcset=\"https:\/\/rauchfrei.at\/wp-content\/uploads\/oesterreichkarte-2-480x248.png 480w, https:\/\/rauchfrei.at\/wp-content\/uploads\/oesterreichkarte-2-225x116.png 225w, https:\/\/rauchfrei.at\/wp-content\/uploads\/oesterreichkarte-2-768x397.png 768w, https:\/\/rauchfrei.at\/wp-content\/uploads\/oesterreichkarte-2-1080x558.png 1080w, https:\/\/rauchfrei.at\/wp-content\/uploads\/oesterreichkarte-2.png 1736w\" sizes=\"(max-width: 480px) 100vw, 480px\" \/><\/p>\n<p>Finden Sie das passende Angebot von ambulanter Einzelberatung bis hin zur station\u00e4ren Gruppenberatung<\/p>\n<p>&nbsp;<\/p>\n<p><a class=\"mehr\" href=\"https:\/\/rauchfrei.at\/aufhoeren\/weitere-beratungsangebote-in-oe\/beratungsangebote\/\" target=\"_blank\" rel=\"noopener\">mehr<\/a><\/p>\n<p>[\/et_pb_text][et_pb_dp_dmb_module_10093 farbe=&#8221;blitzblau&#8221; headline=&#8221;Starkes Rauchverlangen?&#8221; image=&#8221;https:\/\/rauchfrei.at\/wp-content\/uploads\/Desire.png&#8221; image_position=&#8221;center&#8221; link_text=&#8221;mehr&#8221; link_url=&#8221;https:\/\/rauchfrei.at\/aufhoeren\/schritte-zum-rauchstopp\/was-tun-bei-verlangensattacken\/&#8221; admin_label=&#8221;Starkes Rauchverlangen?&#8221; _builder_version=&#8221;3.19.15&#8243; max_width=&#8221;100%&#8221; global_module=&#8221;13170&#8243; saved_tabs=&#8221;all&#8221; global_colors_info=&#8221;{}&#8221;]<\/p>\n<p>Bleiben Sie stark, es geht vorbei!<\/p>\n<p>[\/et_pb_dp_dmb_module_10093][et_pb_dp_dmb_module_10093 farbe=&#8221;blitzblau&#8221; headline=&#8221;Rauchfrei schwanger&#8221; image=&#8221;https:\/\/rauchfrei.at\/wp-content\/uploads\/Pregnant.png&#8221; image_position=&#8221;center&#8221; link_text=&#8221;mehr dazu&#8221; link_url=&#8221;https:\/\/rauchfrei.at\/fakten\/schwangerschaft\/&#8221; admin_label=&#8221;Schwangere&#8221; _builder_version=&#8221;4.21.0&#8243; custom_margin=&#8221;0px|||&#8221; custom_padding=&#8221;0px|||&#8221; global_module=&#8221;12601&#8243; saved_tabs=&#8221;all&#8221; global_colors_info=&#8221;{}&#8221;]<\/p>\n<p>In der Schwangerschaft bewirkt die Rauchfreiheit besonders viel Gutes.<\/p>\n<p>[\/et_pb_dp_dmb_module_10093][\/et_pb_column][\/et_pb_row][\/et_pb_section]<\/p>\n","protected":false},"excerpt":{"rendered":"<p>Alternativen Wirksame Strategien anstelle zur Zigarette zu greifen Was machen eigentlich Nichtraucher\/innen so im Alltag, wenn sie nicht rauchen? Diese Frage stellen sich unserer Anrufer\/innen immer wieder. Statt dem Griff zur Zigarette haben Nichtraucher\/innen verschiedene Strategien in den unterschiedlichsten Situationen im Alltag zur Verf\u00fcgung. F\u00fcr Ex- Raucher\/innen bedeutet das, sich eine Sammlung von alternativen M\u00f6glichkeiten [&hellip;]<\/p>\n","protected":false},"author":11,"featured_media":0,"parent":0,"menu_order":0,"comment_status":"closed","ping_status":"closed","template":"","meta":{"_et_pb_use_builder":"on","_et_pb_old_content":"","_et_gb_content_width":"","footnotes":""},"class_list":["post-10262","page","type-page","status-publish","hentry"],"yoast_head":"<!-- This site is optimized with the Yoast SEO plugin v26.2 - https:\/\/yoast.com\/wordpress\/plugins\/seo\/ -->\n<title>Alternativen - Rauchfrei Telefon<\/title>\n<meta name=\"robots\" content=\"index, follow, max-snippet:-1, max-image-preview:large, max-video-preview:-1\" \/>\n<link rel=\"canonical\" href=\"https:\/\/rauchfrei.at\/alternativen\/\" \/>\n<meta property=\"og:locale\" content=\"en_US\" \/>\n<meta property=\"og:type\" content=\"article\" \/>\n<meta property=\"og:title\" content=\"Alternativen - Rauchfrei Telefon\" \/>\n<meta property=\"og:description\" content=\"Alternativen Wirksame Strategien anstelle zur Zigarette zu greifen Was machen eigentlich Nichtraucher\/innen so im Alltag, wenn sie nicht rauchen? Diese Frage stellen sich unserer Anrufer\/innen immer wieder. Statt dem Griff zur Zigarette haben Nichtraucher\/innen verschiedene Strategien in den unterschiedlichsten Situationen im Alltag zur Verf\u00fcgung. F\u00fcr Ex- Raucher\/innen bedeutet das, sich eine Sammlung von alternativen M\u00f6glichkeiten [&hellip;]\" \/>\n<meta property=\"og:url\" content=\"https:\/\/rauchfrei.at\/alternativen\/\" \/>\n<meta property=\"og:site_name\" content=\"Rauchfrei Telefon\" \/>\n<meta property=\"article:modified_time\" content=\"2025-01-21T15:03:25+00:00\" \/>\n<meta property=\"og:image\" content=\"https:\/\/rauchfrei.at\/wp-content\/uploads\/oesterreichkarte-2-480x248.png\" \/>\n<meta name=\"twitter:card\" content=\"summary_large_image\" \/>\n<meta name=\"twitter:label1\" content=\"Est. reading time\" \/>\n\t<meta name=\"twitter:data1\" content=\"9 minutes\" \/>\n<script type=\"application\/ld+json\" class=\"yoast-schema-graph\">{\"@context\":\"https:\/\/schema.org\",\"@graph\":[{\"@type\":\"WebPage\",\"@id\":\"https:\/\/rauchfrei.at\/alternativen\/\",\"url\":\"https:\/\/rauchfrei.at\/alternativen\/\",\"name\":\"Alternativen - Rauchfrei Telefon\",\"isPartOf\":{\"@id\":\"https:\/\/rauchfrei.at\/#website\"},\"primaryImageOfPage\":{\"@id\":\"https:\/\/rauchfrei.at\/alternativen\/#primaryimage\"},\"image\":{\"@id\":\"https:\/\/rauchfrei.at\/alternativen\/#primaryimage\"},\"thumbnailUrl\":\"https:\/\/rauchfrei.at\/wp-content\/uploads\/oesterreichkarte-2-480x248.png\",\"datePublished\":\"2018-05-30T09:17:58+00:00\",\"dateModified\":\"2025-01-21T15:03:25+00:00\",\"inLanguage\":\"en-US\",\"potentialAction\":[{\"@type\":\"ReadAction\",\"target\":[\"https:\/\/rauchfrei.at\/alternativen\/\"]}]},{\"@type\":\"ImageObject\",\"inLanguage\":\"en-US\",\"@id\":\"https:\/\/rauchfrei.at\/alternativen\/#primaryimage\",\"url\":\"https:\/\/rauchfrei.at\/wp-content\/uploads\/oesterreichkarte-2-480x248.png\",\"contentUrl\":\"https:\/\/rauchfrei.at\/wp-content\/uploads\/oesterreichkarte-2-480x248.png\"},{\"@type\":\"WebSite\",\"@id\":\"https:\/\/rauchfrei.at\/#website\",\"url\":\"https:\/\/rauchfrei.at\/\",\"name\":\"Rauchfrei Telefon\",\"description\":\"Eine \u00f6sterreichweite Initiative der Sozialversicherungen.\",\"potentialAction\":[{\"@type\":\"SearchAction\",\"target\":{\"@type\":\"EntryPoint\",\"urlTemplate\":\"https:\/\/rauchfrei.at\/?s={search_term_string}\"},\"query-input\":{\"@type\":\"PropertyValueSpecification\",\"valueRequired\":true,\"valueName\":\"search_term_string\"}}],\"inLanguage\":\"en-US\"}]}<\/script>\n<!-- \/ Yoast SEO plugin. -->","yoast_head_json":{"title":"Alternativen - Rauchfrei Telefon","robots":{"index":"index","follow":"follow","max-snippet":"max-snippet:-1","max-image-preview":"max-image-preview:large","max-video-preview":"max-video-preview:-1"},"canonical":"https:\/\/rauchfrei.at\/alternativen\/","og_locale":"en_US","og_type":"article","og_title":"Alternativen - Rauchfrei Telefon","og_description":"Alternativen Wirksame Strategien anstelle zur Zigarette zu greifen Was machen eigentlich Nichtraucher\/innen so im Alltag, wenn sie nicht rauchen? Diese Frage stellen sich unserer Anrufer\/innen immer wieder. Statt dem Griff zur Zigarette haben Nichtraucher\/innen verschiedene Strategien in den unterschiedlichsten Situationen im Alltag zur Verf\u00fcgung. F\u00fcr Ex- Raucher\/innen bedeutet das, sich eine Sammlung von alternativen M\u00f6glichkeiten [&hellip;]","og_url":"https:\/\/rauchfrei.at\/alternativen\/","og_site_name":"Rauchfrei Telefon","article_modified_time":"2025-01-21T15:03:25+00:00","og_image":[{"url":"https:\/\/rauchfrei.at\/wp-content\/uploads\/oesterreichkarte-2-480x248.png","type":"","width":"","height":""}],"twitter_card":"summary_large_image","twitter_misc":{"Est. reading time":"9 minutes"},"schema":{"@context":"https:\/\/schema.org","@graph":[{"@type":"WebPage","@id":"https:\/\/rauchfrei.at\/alternativen\/","url":"https:\/\/rauchfrei.at\/alternativen\/","name":"Alternativen - Rauchfrei Telefon","isPartOf":{"@id":"https:\/\/rauchfrei.at\/#website"},"primaryImageOfPage":{"@id":"https:\/\/rauchfrei.at\/alternativen\/#primaryimage"},"image":{"@id":"https:\/\/rauchfrei.at\/alternativen\/#primaryimage"},"thumbnailUrl":"https:\/\/rauchfrei.at\/wp-content\/uploads\/oesterreichkarte-2-480x248.png","datePublished":"2018-05-30T09:17:58+00:00","dateModified":"2025-01-21T15:03:25+00:00","inLanguage":"en-US","potentialAction":[{"@type":"ReadAction","target":["https:\/\/rauchfrei.at\/alternativen\/"]}]},{"@type":"ImageObject","inLanguage":"en-US","@id":"https:\/\/rauchfrei.at\/alternativen\/#primaryimage","url":"https:\/\/rauchfrei.at\/wp-content\/uploads\/oesterreichkarte-2-480x248.png","contentUrl":"https:\/\/rauchfrei.at\/wp-content\/uploads\/oesterreichkarte-2-480x248.png"},{"@type":"WebSite","@id":"https:\/\/rauchfrei.at\/#website","url":"https:\/\/rauchfrei.at\/","name":"Rauchfrei Telefon","description":"Eine \u00f6sterreichweite Initiative der Sozialversicherungen.","potentialAction":[{"@type":"SearchAction","target":{"@type":"EntryPoint","urlTemplate":"https:\/\/rauchfrei.at\/?s={search_term_string}"},"query-input":{"@type":"PropertyValueSpecification","valueRequired":true,"valueName":"search_term_string"}}],"inLanguage":"en-US"}]}},"_links":{"self":[{"href":"https:\/\/rauchfrei.at\/en\/wp-json\/wp\/v2\/pages\/10262","targetHints":{"allow":["GET"]}}],"collection":[{"href":"https:\/\/rauchfrei.at\/en\/wp-json\/wp\/v2\/pages"}],"about":[{"href":"https:\/\/rauchfrei.at\/en\/wp-json\/wp\/v2\/types\/page"}],"author":[{"embeddable":true,"href":"https:\/\/rauchfrei.at\/en\/wp-json\/wp\/v2\/users\/11"}],"replies":[{"embeddable":true,"href":"https:\/\/rauchfrei.at\/en\/wp-json\/wp\/v2\/comments?post=10262"}],"version-history":[{"count":6,"href":"https:\/\/rauchfrei.at\/en\/wp-json\/wp\/v2\/pages\/10262\/revisions"}],"predecessor-version":[{"id":30351,"href":"https:\/\/rauchfrei.at\/en\/wp-json\/wp\/v2\/pages\/10262\/revisions\/30351"}],"wp:attachment":[{"href":"https:\/\/rauchfrei.at\/en\/wp-json\/wp\/v2\/media?parent=10262"}],"curies":[{"name":"wp","href":"https:\/\/api.w.org\/{rel}","templated":true}]}}