
{"id":10297,"date":"2018-06-27T10:44:10","date_gmt":"2018-06-27T08:44:10","guid":{"rendered":"http:\/\/rauchfrei.at\/?page_id=10297"},"modified":"2020-01-21T12:03:58","modified_gmt":"2020-01-21T10:03:58","slug":"akupunktur-und-hypnose","status":"publish","type":"page","link":"https:\/\/rauchfrei.at\/en\/akupunktur-und-hypnose\/","title":{"rendered":"Akupunktur und Hypnose"},"content":{"rendered":"<p>[et_pb_section fb_built=&#8221;1&#8243; custom_padding_last_edited=&#8221;off|&#8221; module_class=&#8221;header&#8221; _builder_version=&#8221;3.22&#8243; background_color=&#8221;#67BAD3&#8243; custom_margin=&#8221;||0px|&#8221; custom_padding=&#8221;100px||10px|&#8221;][et_pb_row _builder_version=&#8221;3.25&#8243; custom_margin=&#8221;||0px|&#8221; custom_padding=&#8221;||0px|&#8221;][et_pb_column type=&#8221;4_4&#8243; _builder_version=&#8221;3.25&#8243; custom_padding=&#8221;||0px|&#8221; custom_padding__hover=&#8221;|||&#8221;][et_pb_text admin_label=&#8221;Blue Background Header&#8221; _builder_version=&#8221;3.27.4&#8243; custom_margin=&#8221;||0px|&#8221; custom_padding=&#8221;||0px|&#8221;]<\/p>\n<h1>Akupunktur und Hypnose<\/h1>\n<p>[\/et_pb_text][\/et_pb_column][\/et_pb_row][\/et_pb_section][et_pb_section fb_built=&#8221;1&#8243; _builder_version=&#8221;3.22&#8243;][et_pb_row column_structure=&#8221;2_3,1_3&#8243; _builder_version=&#8221;3.25&#8243; background_size=&#8221;initial&#8221; background_position=&#8221;top_left&#8221; background_repeat=&#8221;repeat&#8221;][et_pb_column type=&#8221;2_3&#8243; _builder_version=&#8221;3.25&#8243; custom_padding=&#8221;|||&#8221; custom_padding__hover=&#8221;|||&#8221;][et_pb_text _builder_version=&#8221;4.1&#8243; hover_enabled=&#8221;0&#8243;]<\/p>\n<p>Akupunktur und Hypnose bzw. Hypnotherapie sind zwei Unterst\u00fctzungsm\u00f6glichkeiten beim Rauchstopp. Wissenschaftlich gibt es bisher keinen eindeutigen Beleg, dass diese unterschiedlichen Techniken langfristig wirksam sind (Cochrane \u201eAkupunktur\/Hypnose zur Raucherentw\u00f6hnung\u201c, 2006). F\u00fcr manche Menschen bieten diese Interventionen jedoch eine gute und sinnvolle Unterst\u00fctzung, wenn zus\u00e4tzlich Beratung zum Rauchstopp in Anspruch genommen wird. Akkupunktur oder Hypnose allein, ohne Unterst\u00fctzung zur Ver\u00e4nderung des Verhaltens ist unserer Erfahrung nach nur selten langfristig wirksam. Manchmal steckt hinter der Suche nach Angeboten zu Hypnose oder Akupunktur der Wunsch, dass diese das Rauchverlangen ganz einfach, schnell und ohne Aufwand verschwinden lassen. Das funktioniert leider selten langfristig.<\/p>\n<h2>Akupunktur<\/h2>\n<p>Akupunktur kann klassisch mit Nadeln am ganzen K\u00f6rper oder mittels Laserbehandlung\/Softlaser (vorwiegend am Ohr) angewendet werden. Dabei werden Nerven bzw. Akupunkturpunkte gezielt stimuliert. Das kann einen beruhigenden Effekt haben und dazu beitragen, das Rauchverlangen bzw. die Entzugserscheinungen zu mildern.<\/p>\n<p>Mittlerweile haben sich einige \u00c4rztinnen und \u00c4rzte sowie Therapeutinnen und Therapeuten auf Akupunktur zur Raucherentw\u00f6hnung spezialisiert. Eingetragene Expertinnen und Experten finden Sie \u00fcber die \u00d6sterreichische Gesellschaft f\u00fcr Akupunktur.<\/p>\n<h2>Hypnose<\/h2>\n<p>Hypnotherapeutische Elemente kommen in vielen Programmen zur Tabakentw\u00f6hnung zum Einsatz und k\u00f6nnen u.a. helfen, festgefahrene Muster aufzubrechen oder die pers\u00f6nlichen Gr\u00fcnde f\u00fcr ein rauchfreies Leben zu verfestigen. Hypnose, die mit einem \u201eSchnips\u201c das Rauchverlangen zum Verschwinden bringt, gibt es allerdings nicht. Angebote, die das versprechen, sind erfahrungsgem\u00e4\u00df weder seri\u00f6s noch langfristig wirksam.<\/p>\n<p>Ein ausf\u00fchrliches Erstgespr\u00e4ch sowie mehrere hypnotherapeutische Sitzungen begleitend zum Rauchstopp k\u00f6nnen aber dazu beitragen, Entzugserscheinungen zu mildern und die Rauchfreiheit auch im Unterbewusstsein zu verankern.<\/p>\n<p>Geeignete Ansprechpartner sind Gesellschaften f\u00fcr klinische Hypnose, die auf Raucherentw\u00f6hnung spezialisierte \u00c4rztinnen und \u00c4rzte bzw. Therapeuten mit entsprechender Ausbildung nennen k\u00f6nnen. Weitere Beratung und Informationen zu Anlaufstellen erhalten Sie am <a href=\"https:\/\/rauchfrei.at\/beratung-vom-rauchfrei-telefon\/\" target=\"_blank\" rel=\"noopener noreferrer\">Rauchfrei Telefon<\/a>.<\/p>\n<p>[\/et_pb_text][\/et_pb_column][et_pb_column type=&#8221;1_3&#8243; _builder_version=&#8221;3.25&#8243; custom_padding=&#8221;|||&#8221; custom_padding__hover=&#8221;|||&#8221;][et_pb_dp_dmb_module_10093 farbe=&#8221;blitzblau&#8221; headline=&#8221;Rauchfrei schwanger&#8221; image=&#8221;https:\/\/rauchfrei.at\/wp-content\/uploads\/Pregnant.png&#8221; image_position=&#8221;center&#8221; link_text=&#8221;mehr dazu&#8221; link_url=&#8221;https:\/\/rauchfrei.at\/fakten\/schwangerschaft\/&#8221; image_size=&#8221;90&#8243; admin_label=&#8221;Schwangere&#8221; _builder_version=&#8221;3.19.15&#8243; custom_margin=&#8221;0px|||&#8221; custom_padding=&#8221;0px|||&#8221; global_module=&#8221;12601&#8243; saved_tabs=&#8221;all&#8221;]<\/p>\n<p>In der Schwangerschaft bewirkt die Rauchfreiheit besonders viel Gutes.<\/p>\n<p>[\/et_pb_dp_dmb_module_10093][et_pb_dp_dmb_module_10093 farbe=&#8221;blitzblau&#8221; headline=&#8221;Alternativen zum Rauchen&#8221; image=&#8221;https:\/\/rauchfrei.at\/wp-content\/uploads\/Relax-in-hammok.png&#8221; image_position=&#8221;center&#8221; link_text=&#8221;mehr&#8221; link_url=&#8221;https:\/\/rauchfrei.at\/alternativen\/&#8221; image_size=&#8221;90&#8243; admin_label=&#8221;Alternativen zum Rauchen&#8221; _builder_version=&#8221;3.21.1&#8243; z_index_tablet=&#8221;500&#8243; global_module=&#8221;13174&#8243; saved_tabs=&#8221;all&#8221;]<\/p>\n<p>Es gibt viele M\u00f6glichkeiten, um nicht zur Zigarette zu greifen!<\/p>\n<p>[\/et_pb_dp_dmb_module_10093][\/et_pb_column][\/et_pb_row][\/et_pb_section]<\/p>\n","protected":false},"excerpt":{"rendered":"<p>Akupunktur und Hypnose Akupunktur und Hypnose bzw. Hypnotherapie sind zwei Unterst\u00fctzungsm\u00f6glichkeiten beim Rauchstopp. Wissenschaftlich gibt es bisher keinen eindeutigen Beleg, dass diese unterschiedlichen Techniken langfristig wirksam sind (Cochrane \u201eAkupunktur\/Hypnose zur Raucherentw\u00f6hnung\u201c, 2006). F\u00fcr manche Menschen bieten diese Interventionen jedoch eine gute und sinnvolle Unterst\u00fctzung, wenn zus\u00e4tzlich Beratung zum Rauchstopp in Anspruch genommen wird. Akkupunktur oder [&hellip;]<\/p>\n","protected":false},"author":11,"featured_media":0,"parent":0,"menu_order":0,"comment_status":"closed","ping_status":"closed","template":"","meta":{"_et_pb_use_builder":"on","_et_pb_old_content":"<p>Einleitungstext zur Akupunktur und Hypnose, die noch nicht erwiesen sind...<\/p>","_et_gb_content_width":"","footnotes":""},"class_list":["post-10297","page","type-page","status-publish","hentry"],"yoast_head":"<!-- This site is optimized with the Yoast SEO plugin v26.2 - https:\/\/yoast.com\/wordpress\/plugins\/seo\/ -->\n<title>Akupunktur und Hypnose - Rauchfrei Telefon<\/title>\n<meta name=\"robots\" content=\"index, follow, max-snippet:-1, max-image-preview:large, max-video-preview:-1\" \/>\n<link rel=\"canonical\" href=\"https:\/\/rauchfrei.at\/akupunktur-und-hypnose\/\" \/>\n<meta property=\"og:locale\" content=\"en_US\" \/>\n<meta property=\"og:type\" content=\"article\" \/>\n<meta property=\"og:title\" content=\"Akupunktur und Hypnose - Rauchfrei Telefon\" \/>\n<meta property=\"og:description\" content=\"Akupunktur und Hypnose Akupunktur und Hypnose bzw. Hypnotherapie sind zwei Unterst\u00fctzungsm\u00f6glichkeiten beim Rauchstopp. Wissenschaftlich gibt es bisher keinen eindeutigen Beleg, dass diese unterschiedlichen Techniken langfristig wirksam sind (Cochrane \u201eAkupunktur\/Hypnose zur Raucherentw\u00f6hnung\u201c, 2006). F\u00fcr manche Menschen bieten diese Interventionen jedoch eine gute und sinnvolle Unterst\u00fctzung, wenn zus\u00e4tzlich Beratung zum Rauchstopp in Anspruch genommen wird. Akkupunktur oder [&hellip;]\" \/>\n<meta property=\"og:url\" content=\"https:\/\/rauchfrei.at\/akupunktur-und-hypnose\/\" \/>\n<meta property=\"og:site_name\" content=\"Rauchfrei Telefon\" \/>\n<meta property=\"article:modified_time\" content=\"2020-01-21T10:03:58+00:00\" \/>\n<meta name=\"twitter:card\" content=\"summary_large_image\" \/>\n<meta name=\"twitter:label1\" content=\"Est. reading time\" \/>\n\t<meta name=\"twitter:data1\" content=\"3 minutes\" \/>\n<script type=\"application\/ld+json\" class=\"yoast-schema-graph\">{\"@context\":\"https:\/\/schema.org\",\"@graph\":[{\"@type\":\"WebPage\",\"@id\":\"https:\/\/rauchfrei.at\/akupunktur-und-hypnose\/\",\"url\":\"https:\/\/rauchfrei.at\/akupunktur-und-hypnose\/\",\"name\":\"Akupunktur und Hypnose - Rauchfrei Telefon\",\"isPartOf\":{\"@id\":\"https:\/\/rauchfrei.at\/#website\"},\"datePublished\":\"2018-06-27T08:44:10+00:00\",\"dateModified\":\"2020-01-21T10:03:58+00:00\",\"inLanguage\":\"en-US\",\"potentialAction\":[{\"@type\":\"ReadAction\",\"target\":[\"https:\/\/rauchfrei.at\/akupunktur-und-hypnose\/\"]}]},{\"@type\":\"WebSite\",\"@id\":\"https:\/\/rauchfrei.at\/#website\",\"url\":\"https:\/\/rauchfrei.at\/\",\"name\":\"Rauchfrei Telefon\",\"description\":\"Eine \u00f6sterreichweite Initiative der Sozialversicherungen.\",\"potentialAction\":[{\"@type\":\"SearchAction\",\"target\":{\"@type\":\"EntryPoint\",\"urlTemplate\":\"https:\/\/rauchfrei.at\/?s={search_term_string}\"},\"query-input\":{\"@type\":\"PropertyValueSpecification\",\"valueRequired\":true,\"valueName\":\"search_term_string\"}}],\"inLanguage\":\"en-US\"}]}<\/script>\n<!-- \/ Yoast SEO plugin. -->","yoast_head_json":{"title":"Akupunktur und Hypnose - Rauchfrei Telefon","robots":{"index":"index","follow":"follow","max-snippet":"max-snippet:-1","max-image-preview":"max-image-preview:large","max-video-preview":"max-video-preview:-1"},"canonical":"https:\/\/rauchfrei.at\/akupunktur-und-hypnose\/","og_locale":"en_US","og_type":"article","og_title":"Akupunktur und Hypnose - Rauchfrei Telefon","og_description":"Akupunktur und Hypnose Akupunktur und Hypnose bzw. Hypnotherapie sind zwei Unterst\u00fctzungsm\u00f6glichkeiten beim Rauchstopp. Wissenschaftlich gibt es bisher keinen eindeutigen Beleg, dass diese unterschiedlichen Techniken langfristig wirksam sind (Cochrane \u201eAkupunktur\/Hypnose zur Raucherentw\u00f6hnung\u201c, 2006). F\u00fcr manche Menschen bieten diese Interventionen jedoch eine gute und sinnvolle Unterst\u00fctzung, wenn zus\u00e4tzlich Beratung zum Rauchstopp in Anspruch genommen wird. Akkupunktur oder [&hellip;]","og_url":"https:\/\/rauchfrei.at\/akupunktur-und-hypnose\/","og_site_name":"Rauchfrei Telefon","article_modified_time":"2020-01-21T10:03:58+00:00","twitter_card":"summary_large_image","twitter_misc":{"Est. reading time":"3 minutes"},"schema":{"@context":"https:\/\/schema.org","@graph":[{"@type":"WebPage","@id":"https:\/\/rauchfrei.at\/akupunktur-und-hypnose\/","url":"https:\/\/rauchfrei.at\/akupunktur-und-hypnose\/","name":"Akupunktur und Hypnose - Rauchfrei Telefon","isPartOf":{"@id":"https:\/\/rauchfrei.at\/#website"},"datePublished":"2018-06-27T08:44:10+00:00","dateModified":"2020-01-21T10:03:58+00:00","inLanguage":"en-US","potentialAction":[{"@type":"ReadAction","target":["https:\/\/rauchfrei.at\/akupunktur-und-hypnose\/"]}]},{"@type":"WebSite","@id":"https:\/\/rauchfrei.at\/#website","url":"https:\/\/rauchfrei.at\/","name":"Rauchfrei Telefon","description":"Eine \u00f6sterreichweite Initiative der Sozialversicherungen.","potentialAction":[{"@type":"SearchAction","target":{"@type":"EntryPoint","urlTemplate":"https:\/\/rauchfrei.at\/?s={search_term_string}"},"query-input":{"@type":"PropertyValueSpecification","valueRequired":true,"valueName":"search_term_string"}}],"inLanguage":"en-US"}]}},"_links":{"self":[{"href":"https:\/\/rauchfrei.at\/en\/wp-json\/wp\/v2\/pages\/10297","targetHints":{"allow":["GET"]}}],"collection":[{"href":"https:\/\/rauchfrei.at\/en\/wp-json\/wp\/v2\/pages"}],"about":[{"href":"https:\/\/rauchfrei.at\/en\/wp-json\/wp\/v2\/types\/page"}],"author":[{"embeddable":true,"href":"https:\/\/rauchfrei.at\/en\/wp-json\/wp\/v2\/users\/11"}],"replies":[{"embeddable":true,"href":"https:\/\/rauchfrei.at\/en\/wp-json\/wp\/v2\/comments?post=10297"}],"version-history":[{"count":5,"href":"https:\/\/rauchfrei.at\/en\/wp-json\/wp\/v2\/pages\/10297\/revisions"}],"predecessor-version":[{"id":17933,"href":"https:\/\/rauchfrei.at\/en\/wp-json\/wp\/v2\/pages\/10297\/revisions\/17933"}],"wp:attachment":[{"href":"https:\/\/rauchfrei.at\/en\/wp-json\/wp\/v2\/media?parent=10297"}],"curies":[{"name":"wp","href":"https:\/\/api.w.org\/{rel}","templated":true}]}}