
{"id":103,"date":"2012-02-28T11:40:57","date_gmt":"2012-02-28T11:40:57","guid":{"rendered":"http:\/\/web362.itscserver.org\/wordpress\/?page_id=103"},"modified":"2023-06-07T08:21:39","modified_gmt":"2023-06-07T06:21:39","slug":"tabakfreie-nikotinprodukte","status":"publish","type":"page","link":"https:\/\/rauchfrei.at\/en\/fakten\/andere-tabakprodukte\/tabakfreie-nikotinprodukte\/","title":{"rendered":"Tabakfreie Nikotinprodukte"},"content":{"rendered":"<p>[et_pb_section fb_built=&#8221;1&#8243; custom_padding_last_edited=&#8221;off|&#8221; module_class=&#8221;header&#8221; _builder_version=&#8221;4.16&#8243; background_color=&#8221;#67BAD3&#8243; custom_margin=&#8221;||0px|&#8221; custom_padding=&#8221;100px||10px|&#8221; global_colors_info=&#8221;{}&#8221;][et_pb_row _builder_version=&#8221;4.16&#8243; custom_margin=&#8221;||0px|&#8221; custom_padding=&#8221;||0px|&#8221; global_colors_info=&#8221;{}&#8221;][et_pb_column type=&#8221;4_4&#8243; _builder_version=&#8221;4.16&#8243; custom_padding=&#8221;||0px|&#8221; global_colors_info=&#8221;{}&#8221; custom_padding__hover=&#8221;|||&#8221;][et_pb_text admin_label=&#8221;Blue Background Header&#8221; _builder_version=&#8221;4.17.1&#8243; custom_margin=&#8221;||0px|&#8221; custom_padding=&#8221;||0px|&#8221; global_colors_info=&#8221;{}&#8221;]<\/p>\n<h1>\u00a0Nikotinprodukte<\/h1>\n<p>[\/et_pb_text][\/et_pb_column][\/et_pb_row][\/et_pb_section][et_pb_section fb_built=&#8221;1&#8243; _builder_version=&#8221;4.16&#8243; global_colors_info=&#8221;{}&#8221;][et_pb_row column_structure=&#8221;2_3,1_3&#8243; _builder_version=&#8221;4.16&#8243; background_size=&#8221;initial&#8221; background_position=&#8221;top_left&#8221; background_repeat=&#8221;repeat&#8221; global_colors_info=&#8221;{}&#8221;][et_pb_column type=&#8221;2_3&#8243; _builder_version=&#8221;4.16&#8243; custom_padding=&#8221;|||&#8221; global_colors_info=&#8221;{}&#8221; custom_padding__hover=&#8221;|||&#8221;][et_pb_text admin_label=&#8221;Weitere Tabak- und Nikotinprodukte&#8221; _builder_version=&#8221;4.20.4&#8243; hover_enabled=&#8221;0&#8243; global_colors_info=&#8221;{}&#8221; sticky_enabled=&#8221;0&#8243;]<\/p>\n<blockquote>\n<p><strong>Nikotinbeutel<\/strong><\/p>\n<\/blockquote>\n<p>Nikotinbeutel sind seit einigen Jahren in \u00d6sterreich am Markt. Dabei handelt es sich um Beutel, die\u00a0 aus der Tabakpflanze extrahierte Nikotinsalze enthalten. Es gibt Nikotinbeutel in unterschiedlichen St\u00e4rken und Geschmacksrichtungen. Sie werden zwischen das Zahnfleisch und Lippen, oder in die Backentasche geschoben. Das Nikotin gelangt \u00fcber die Mundschleimhaut in das Blut.<br \/>Im Gehirn bewirkt Nikotin, dass der Neurotransmitter Dopamin ausgesch\u00fcttet wird. Dopamin ist als \u201eGl\u00fcckshormon\u201c bekannt. Nikotinbeutel wirken \u00e4hnlich wie Zigaretten und f\u00fchren zu einem Belohnungsgef\u00fchl, das sich angenehm und beruhigend anf\u00fchlt. Sie bewirken daher h\u00e4ufig und schnell eine Abh\u00e4ngigkeit vom Suchtstoff Nikotin.<\/p>\n<p>Diese Produkte gelten als \u201eNikotinprodukte\u201c da sie keinen Tabak enthalten und wurden \u00a0in \u00d6sterreich noch nicht in die Regelungen des Tabak- und Nichtraucherschutzgesetzes (<a href=\"https:\/\/www.ris.bka.gv.at\/GeltendeFassung.wxe?Abfrage=Bundesnormen&amp;Gesetzesnummer=10010907\">TNRSG<\/a>) aufgenommen.<\/p>\n<p><strong>Risiken<\/strong><br \/>Nikotinbeutel enthalten Nikotin &#8211; oft in deutlich h\u00f6herer Dosis als Zigaretten. \u00dcberdosierungen, die sich in Form von \u00dcbelkeit, Schwindel und Kreislaufproblemen bis hin zur Vergiftung zeigen, sind m\u00f6glich. Nikotin ist ein Zellgift, das bei \u00dcberdosierung gef\u00e4hrliche Auswirkungen v.a. auf Kinder und Jugendliche hat.<\/p>\n<p>Nikotin wirkt psychoaktiv, aufputschend und kann abh\u00e4ngig machen. Gew\u00f6hnt sich der K\u00f6rper an Nikotin, k\u00f6nnen Entzugserscheinungen (Gereiztheit, Kopfschmerzen, Unruhe, Unkonzentriertheit) auftreten, wenn l\u00e4ngere Zeit kein Nikotin aufgenommen wird. Nikotinbeutel k\u00f6nnen den K\u00f6rper und die Psyche an das Nikotin gew\u00f6hnen. Sie machen dadurch einen langfristigen Nikotinkonsum \u2013 auch mittels anderer Produkte wie Zigaretten- wahrscheinlich.<\/p>\n<p><strong>Mehr dazu:\u00a0 <\/strong><strong><\/strong><a href=\"https:\/\/rauchfrei.at\/wp-content\/uploads\/FactsheetNikotinbeutel-2022.pdf\" target=\"_blank\" rel=\"noopener\">Factsheet Nikotinbeutel<\/a><\/p>\n<blockquote>\n<p><strong>Elektrische Zigaretten und E-Shishas<\/strong><\/p>\n<\/blockquote>\n<p>Die elektrische Zigarette, auch E-Zigarette genannt, oder E-Shisha stellt f\u00fcr manche eine Alternative zum Konsum herk\u00f6mmlicher Zigaretten dar. F\u00fcr Jugendliche ist es manchmal die erste Art, Nikotin zu konsumieren.<br \/>Vor allem Raucher\/innen, die mit dem eigenen Rauchverhalten unzufrieden sind oder aus gesundheitlichen Gr\u00fcnden etwas ver\u00e4ndern wollen, \u00fcberlegen auf die E-Zigarette umzusteigen. Die E-Zigarette wird manchmal als M\u00f6glichkeit f\u00fcr den Rauchausstieg gesehen. Es gibt jedoch keine wissenschaftlichen Belege, dass die E- Zigarette bei der Nikotinentw\u00f6hnung wirksam ist.<\/p>\n<p>Die E-Zigarette simuliert das Rauchen mit technischen Mitteln, ohne dabei Tabak zu verbrennen. Der \u201eRauch\u201c der E-Zigarette ist eine zur Verdampfung gebrachte Fl\u00fcssigkeit (Liquid), die Nikotin und verschiedene Aromastoffe enth\u00e4lt. Das aromatisierte Liquid (Geschmacksrichtungen wie Erdbeere, Banane, Apfel etc.) wird \u00fcber ein batteriebetriebenes Heizmodul verdampft, der Dampf (Aerosol)wird dann inhaliert. Es gibt auch Liquids ohne Nikotingehalt.<br \/>F\u00fcr den Nebeleffekt des Dampfes ist in vielen F\u00e4llen Propylenglykol verantwortlich, das Glimmen der Zigarette wird durch eine Leuchtdiode simuliert.<\/p>\n<p>Bedenklich ist u.a. der Hauptinhaltsstoff Propylenglykol, der f\u00fcr die Vernebelung zust\u00e4ndig ist. Wiederholtes Inhalieren von Propylenglykol &#8211; D\u00e4mpfen kann Atemwegsreizungen hervorrufen. Das enthaltene Nikotin macht auch in verdampfter Form k\u00f6rperlich und psychisch abh\u00e4ngig.<\/p>\n<p>Neben den m\u00f6glichen gesundheitlichen Auswirkungen und der fehlenden Kenntnis \u00fcber die genaue Zusammensetzung der Inhaltsstoffe ist der Konsum auch wegen des Nachahmungscharakters bedenklich. So wird schon fr\u00fch typisches Rauchverhalten gef\u00f6rdert und der sp\u00e4tere Einstieg in den Tabakkonsum erleichtert. E-Zigaretten \u00e4hneln in Form und Nutzung herk\u00f6mmlichen Zigaretten. Die Verwendung von E-Zigaretten k\u00f6nnte somit dazu beitragen, dass das Rauchritual im Alltag integriert wird.<\/p>\n<p>Im Tabak- und Nichtraucherschutzgesetz fallen elektrische Zigaretten und E-Shishas unter den Begriff \u201everwandte Erzeugnisse\u201c (TNRSG, 2. \u00a7 1 Z 1e). Somit erstrecken sich die Regelungen des Rauchverbots auch auf die Verwendung von elektrischen Zigaretten. E-Zigaretten d\u00fcrfen nicht an Orten eingesetzt werden, an denen ein Rauchverbot gilt. Die Nutzung von E-Zigaretten und E-Shishas ist gesetzlich erst ab 18 Jahren erlaubt.<\/p>\n<p>E-Zigaretten sind weder eine \u201egesunde Alternative\u201c zur herk\u00f6mmlichen Zigarette, noch eine bew\u00e4hrte Methode zur Tabakentw\u00f6hnung.<\/p>\n<p><strong>Mehr dazu:<\/strong><br \/><a href=\"https:\/\/rauchfrei.at\/wp-content\/uploads\/rf23_Neue-Nikotinprodukte_folder_v7_online.pdf\" target=\"_blank\" rel=\"noopener\">Folder Tabak und Nikotin: Was ist wo drin?<\/a><\/p>\n<p><a href=\"https:\/\/rauchfrei.at\/wp-content\/uploads\/Band_19_e-zigaretten_ein_ueberblick.pdf\" target=\"_blank\" rel=\"noopener\">Elektrische Zigaretten \u2013 ein \u00dcberblick (DKFZ \u2013 Rote Reihe, Band 19)<\/a><br \/><a href=\"https:\/\/www.dkfz.de\/de\/krebspraevention\/Krebsrisiken_das-sagt-die-Wissenschaft\/1_Risikofaktor_Rauchen\/9_Tabakerhitzer-und-E-Zigaretten.html\" target=\"_blank\" rel=\"noopener\"> E-Zigaretten- ein \u00dcberblick<\/a><\/p>\n<p><strong>Weitere Informationen zu elektrischen, tragbaren Shishaprodukten:<\/strong><br \/><a href=\"https:\/\/www.fachstelle.at\/nikotinbeutelundco\/\" target=\"_blank\" rel=\"noopener\">Fachinformation des Instituts f\u00fcr Suchtpr\u00e4vention<\/a><br \/><a href=\"https:\/\/www.check-yourself.at\/\" target=\"_blank\" rel=\"noopener\">www.check-yourself.at<\/a><br \/>(Fachstelle f\u00fcr Suchtpr\u00e4vention N\u00d6)<br \/>E-Shisha Fachinformation f\u00fcr Schulen zum Thema E-Shisha<\/p>\n<p>&nbsp;<\/p>\n<p>[\/et_pb_text][\/et_pb_column][et_pb_column type=&#8221;1_3&#8243; _builder_version=&#8221;4.16&#8243; custom_padding=&#8221;|||&#8221; global_colors_info=&#8221;{}&#8221; custom_padding__hover=&#8221;|||&#8221;][et_pb_dp_dmb_module_10093 farbe=&#8221;blitzgelb&#8221; headline=&#8221;Trauen Sie sich den Rauchstopp zu!&#8221; image=&#8221;https:\/\/rauchfrei.at\/wp-content\/uploads\/Quitting-Yellow.png&#8221; image_position=&#8221;center&#8221; link_text=&#8221;mehr&#8221; link_url=&#8221;https:\/\/rauchfrei.at\/aufhoeren\/schritte-zum-rauchstopp\/trauen-sie-sich-den-rauchstopp-zu\/&#8221; admin_label=&#8221;Trauen Sie sich den Rauchstopp zu&#8221; _builder_version=&#8221;4.18.0&#8243; global_module=&#8221;13173&#8243; saved_tabs=&#8221;all&#8221; global_colors_info=&#8221;{}&#8221;]<\/p>\n<p>Sie m\u00f6chten etwas \u00e4ndern? Worauf warten Sie noch?<\/p>\n<p>[\/et_pb_dp_dmb_module_10093][et_pb_dp_dmb_module_10080 link_text=&#8221;Informationen \u00fcber Tabakprodukte&#8221; link_url=&#8221;https:\/\/rauchfrei.at\/fakten\/andere-tabakprodukte\/e-zigarette\/&#8221; _builder_version=&#8221;4.20.2&#8243; _module_preset=&#8221;default&#8221; global_colors_info=&#8221;{}&#8221;]<\/p>\n<p>Wissenswertes<\/p>\n<p>[\/et_pb_dp_dmb_module_10080][\/et_pb_column][\/et_pb_row][\/et_pb_section]<\/p>\n","protected":false},"excerpt":{"rendered":"<p>\u00a0Nikotinprodukte Nikotinbeutel Nikotinbeutel sind seit einigen Jahren in \u00d6sterreich am Markt. Dabei handelt es sich um Beutel, die\u00a0 aus der Tabakpflanze extrahierte Nikotinsalze enthalten. Es gibt Nikotinbeutel in unterschiedlichen St\u00e4rken und Geschmacksrichtungen. Sie werden zwischen das Zahnfleisch und Lippen, oder in die Backentasche geschoben. Das Nikotin gelangt \u00fcber die Mundschleimhaut in das Blut.Im Gehirn bewirkt [&hellip;]<\/p>\n","protected":false},"author":2,"featured_media":0,"parent":97,"menu_order":0,"comment_status":"closed","ping_status":"open","template":"","meta":{"_et_pb_use_builder":"on","_et_pb_old_content":"<p>Mit \u201eLight\u201c (englisch f\u00fcr \u201eleicht\u201c) werden Zigaretten bezeichnet, die niedrigere Nikotin- und Kondensat-Werte haben als normale Zigaretten. Die Bezeichnung der Zigaretten als \u201eLight\u201c oder \u201eleicht\u201c darf nicht mehr verwendet werden, weil diese Zigaretten nicht weniger gesundheitssch\u00e4dlich sind.<\/p><p>Es gibt keine Zigarette, die die Gesundheit nicht gef\u00e4hrdet. Das gilt auch f\u00fcr Produkte mit ersatzweise verwendeten Begriffen wie Blue, Silver, White, Gold usw.<\/p><p>Meist inhalieren Raucher\/innen tiefer und rauchen mehr von diesen Zigaretten, um den geringeren Nikotingehalt auszugleichen.<\/p>","_et_gb_content_width":"","footnotes":""},"class_list":["post-103","page","type-page","status-publish","hentry"],"yoast_head":"<!-- This site is optimized with the Yoast SEO plugin v26.2 - https:\/\/yoast.com\/wordpress\/plugins\/seo\/ -->\n<title>Tabakfreie Nikotinprodukte - Rauchfrei Telefon<\/title>\n<meta name=\"robots\" content=\"index, follow, max-snippet:-1, max-image-preview:large, max-video-preview:-1\" \/>\n<link rel=\"canonical\" href=\"https:\/\/rauchfrei.at\/fakten\/andere-tabakprodukte\/tabakfreie-nikotinprodukte\/\" \/>\n<meta property=\"og:locale\" content=\"en_US\" \/>\n<meta property=\"og:type\" content=\"article\" \/>\n<meta property=\"og:title\" content=\"Tabakfreie Nikotinprodukte - Rauchfrei Telefon\" \/>\n<meta property=\"og:description\" content=\"\u00a0Nikotinprodukte Nikotinbeutel Nikotinbeutel sind seit einigen Jahren in \u00d6sterreich am Markt. Dabei handelt es sich um Beutel, die\u00a0 aus der Tabakpflanze extrahierte Nikotinsalze enthalten. Es gibt Nikotinbeutel in unterschiedlichen St\u00e4rken und Geschmacksrichtungen. Sie werden zwischen das Zahnfleisch und Lippen, oder in die Backentasche geschoben. Das Nikotin gelangt \u00fcber die Mundschleimhaut in das Blut.Im Gehirn bewirkt [&hellip;]\" \/>\n<meta property=\"og:url\" content=\"https:\/\/rauchfrei.at\/fakten\/andere-tabakprodukte\/tabakfreie-nikotinprodukte\/\" \/>\n<meta property=\"og:site_name\" content=\"Rauchfrei Telefon\" \/>\n<meta property=\"article:modified_time\" content=\"2023-06-07T06:21:39+00:00\" \/>\n<meta name=\"twitter:card\" content=\"summary_large_image\" \/>\n<meta name=\"twitter:label1\" content=\"Est. reading time\" \/>\n\t<meta name=\"twitter:data1\" content=\"4 minutes\" \/>\n<script type=\"application\/ld+json\" class=\"yoast-schema-graph\">{\"@context\":\"https:\/\/schema.org\",\"@graph\":[{\"@type\":\"WebPage\",\"@id\":\"https:\/\/rauchfrei.at\/fakten\/andere-tabakprodukte\/tabakfreie-nikotinprodukte\/\",\"url\":\"https:\/\/rauchfrei.at\/fakten\/andere-tabakprodukte\/tabakfreie-nikotinprodukte\/\",\"name\":\"Tabakfreie Nikotinprodukte - Rauchfrei Telefon\",\"isPartOf\":{\"@id\":\"https:\/\/rauchfrei.at\/#website\"},\"datePublished\":\"2012-02-28T11:40:57+00:00\",\"dateModified\":\"2023-06-07T06:21:39+00:00\",\"breadcrumb\":{\"@id\":\"https:\/\/rauchfrei.at\/fakten\/andere-tabakprodukte\/tabakfreie-nikotinprodukte\/#breadcrumb\"},\"inLanguage\":\"en-US\",\"potentialAction\":[{\"@type\":\"ReadAction\",\"target\":[\"https:\/\/rauchfrei.at\/fakten\/andere-tabakprodukte\/tabakfreie-nikotinprodukte\/\"]}]},{\"@type\":\"BreadcrumbList\",\"@id\":\"https:\/\/rauchfrei.at\/fakten\/andere-tabakprodukte\/tabakfreie-nikotinprodukte\/#breadcrumb\",\"itemListElement\":[{\"@type\":\"ListItem\",\"position\":1,\"name\":\"Fakten\",\"item\":\"https:\/\/rauchfrei.at\/fakten\/\"},{\"@type\":\"ListItem\",\"position\":2,\"name\":\"Weitere Tabak-\u00a0 und Nikotinprodukte\",\"item\":\"https:\/\/rauchfrei.at\/fakten\/andere-tabakprodukte\/\"},{\"@type\":\"ListItem\",\"position\":3,\"name\":\"Tabakfreie Nikotinprodukte\"}]},{\"@type\":\"WebSite\",\"@id\":\"https:\/\/rauchfrei.at\/#website\",\"url\":\"https:\/\/rauchfrei.at\/\",\"name\":\"Rauchfrei Telefon\",\"description\":\"Eine \u00f6sterreichweite Initiative der Sozialversicherungen.\",\"potentialAction\":[{\"@type\":\"SearchAction\",\"target\":{\"@type\":\"EntryPoint\",\"urlTemplate\":\"https:\/\/rauchfrei.at\/?s={search_term_string}\"},\"query-input\":{\"@type\":\"PropertyValueSpecification\",\"valueRequired\":true,\"valueName\":\"search_term_string\"}}],\"inLanguage\":\"en-US\"}]}<\/script>\n<!-- \/ Yoast SEO plugin. -->","yoast_head_json":{"title":"Tabakfreie Nikotinprodukte - Rauchfrei Telefon","robots":{"index":"index","follow":"follow","max-snippet":"max-snippet:-1","max-image-preview":"max-image-preview:large","max-video-preview":"max-video-preview:-1"},"canonical":"https:\/\/rauchfrei.at\/fakten\/andere-tabakprodukte\/tabakfreie-nikotinprodukte\/","og_locale":"en_US","og_type":"article","og_title":"Tabakfreie Nikotinprodukte - Rauchfrei Telefon","og_description":"\u00a0Nikotinprodukte Nikotinbeutel Nikotinbeutel sind seit einigen Jahren in \u00d6sterreich am Markt. Dabei handelt es sich um Beutel, die\u00a0 aus der Tabakpflanze extrahierte Nikotinsalze enthalten. Es gibt Nikotinbeutel in unterschiedlichen St\u00e4rken und Geschmacksrichtungen. Sie werden zwischen das Zahnfleisch und Lippen, oder in die Backentasche geschoben. Das Nikotin gelangt \u00fcber die Mundschleimhaut in das Blut.Im Gehirn bewirkt [&hellip;]","og_url":"https:\/\/rauchfrei.at\/fakten\/andere-tabakprodukte\/tabakfreie-nikotinprodukte\/","og_site_name":"Rauchfrei Telefon","article_modified_time":"2023-06-07T06:21:39+00:00","twitter_card":"summary_large_image","twitter_misc":{"Est. reading time":"4 minutes"},"schema":{"@context":"https:\/\/schema.org","@graph":[{"@type":"WebPage","@id":"https:\/\/rauchfrei.at\/fakten\/andere-tabakprodukte\/tabakfreie-nikotinprodukte\/","url":"https:\/\/rauchfrei.at\/fakten\/andere-tabakprodukte\/tabakfreie-nikotinprodukte\/","name":"Tabakfreie Nikotinprodukte - Rauchfrei Telefon","isPartOf":{"@id":"https:\/\/rauchfrei.at\/#website"},"datePublished":"2012-02-28T11:40:57+00:00","dateModified":"2023-06-07T06:21:39+00:00","breadcrumb":{"@id":"https:\/\/rauchfrei.at\/fakten\/andere-tabakprodukte\/tabakfreie-nikotinprodukte\/#breadcrumb"},"inLanguage":"en-US","potentialAction":[{"@type":"ReadAction","target":["https:\/\/rauchfrei.at\/fakten\/andere-tabakprodukte\/tabakfreie-nikotinprodukte\/"]}]},{"@type":"BreadcrumbList","@id":"https:\/\/rauchfrei.at\/fakten\/andere-tabakprodukte\/tabakfreie-nikotinprodukte\/#breadcrumb","itemListElement":[{"@type":"ListItem","position":1,"name":"Fakten","item":"https:\/\/rauchfrei.at\/fakten\/"},{"@type":"ListItem","position":2,"name":"Weitere Tabak-\u00a0 und Nikotinprodukte","item":"https:\/\/rauchfrei.at\/fakten\/andere-tabakprodukte\/"},{"@type":"ListItem","position":3,"name":"Tabakfreie Nikotinprodukte"}]},{"@type":"WebSite","@id":"https:\/\/rauchfrei.at\/#website","url":"https:\/\/rauchfrei.at\/","name":"Rauchfrei Telefon","description":"Eine \u00f6sterreichweite Initiative der Sozialversicherungen.","potentialAction":[{"@type":"SearchAction","target":{"@type":"EntryPoint","urlTemplate":"https:\/\/rauchfrei.at\/?s={search_term_string}"},"query-input":{"@type":"PropertyValueSpecification","valueRequired":true,"valueName":"search_term_string"}}],"inLanguage":"en-US"}]}},"_links":{"self":[{"href":"https:\/\/rauchfrei.at\/en\/wp-json\/wp\/v2\/pages\/103","targetHints":{"allow":["GET"]}}],"collection":[{"href":"https:\/\/rauchfrei.at\/en\/wp-json\/wp\/v2\/pages"}],"about":[{"href":"https:\/\/rauchfrei.at\/en\/wp-json\/wp\/v2\/types\/page"}],"author":[{"embeddable":true,"href":"https:\/\/rauchfrei.at\/en\/wp-json\/wp\/v2\/users\/2"}],"replies":[{"embeddable":true,"href":"https:\/\/rauchfrei.at\/en\/wp-json\/wp\/v2\/comments?post=103"}],"version-history":[{"count":23,"href":"https:\/\/rauchfrei.at\/en\/wp-json\/wp\/v2\/pages\/103\/revisions"}],"predecessor-version":[{"id":27235,"href":"https:\/\/rauchfrei.at\/en\/wp-json\/wp\/v2\/pages\/103\/revisions\/27235"}],"up":[{"embeddable":true,"href":"https:\/\/rauchfrei.at\/en\/wp-json\/wp\/v2\/pages\/97"}],"wp:attachment":[{"href":"https:\/\/rauchfrei.at\/en\/wp-json\/wp\/v2\/media?parent=103"}],"curies":[{"name":"wp","href":"https:\/\/api.w.org\/{rel}","templated":true}]}}