
{"id":10395,"date":"2018-07-18T13:12:02","date_gmt":"2018-07-18T11:12:02","guid":{"rendered":"http:\/\/rauchfrei.at\/?page_id=10395"},"modified":"2018-12-19T11:25:33","modified_gmt":"2018-12-19T09:25:33","slug":"kinderwunsch","status":"publish","type":"page","link":"https:\/\/rauchfrei.at\/en\/kinderwunsch\/","title":{"rendered":"Kinderwunsch"},"content":{"rendered":"<p>[et_pb_section bb_built=&#8221;1&#8243; fullwidth=&#8221;off&#8221; specialty=&#8221;off&#8221; _builder_version=&#8221;3.0.99&#8243; background_color=&#8221;#67BAD3&#8243; module_class=&#8221;header&#8221; custom_margin=&#8221;||0px|&#8221; custom_padding_last_edited=&#8221;off|&#8221; custom_padding=&#8221;100px||10px|&#8221; next_background_color=&#8221;#ffffff&#8221;][et_pb_row _builder_version=&#8221;3.0.99&#8243; custom_margin=&#8221;||0px|&#8221; custom_padding=&#8221;||0px|&#8221; padding_bottom_1=&#8221;0px&#8221;][et_pb_column type=&#8221;4_4&#8243;][et_pb_text admin_label=&#8221;Blue Background Header&#8221; _builder_version=&#8221;3.0.99&#8243; background_layout=&#8221;light&#8221; custom_margin=&#8221;||0px|&#8221; custom_padding=&#8221;||0px|&#8221;]<\/p>\n<h1>Kinderwunsch<\/h1>\n<h2>Sie suchen Unterst\u00fctzung bei der Raucherentw\u00f6hnung?<\/h2>\n<p>[\/et_pb_text][\/et_pb_column][\/et_pb_row][\/et_pb_section][et_pb_section bb_built=&#8221;1&#8243; prev_background_color=&#8221;#67BAD3&#8243;][et_pb_row _builder_version=&#8221;3.0.99&#8243;][et_pb_column type=&#8221;2_3&#8243;][et_pb_text _builder_version=&#8221;3.15&#8243;]<\/p>\n<p>Vielen Paaren mit Kinderwunsch ist nicht bewusst, wie sehr die eigene Lebensweise den Erfolg beeinflusst, ein gesundes Kind zu bekommen. Gerade die Folgen des Tabakkonsums auf die Fruchtbarkeit werden oft untersch\u00e4tzt.<\/p>\n<p>Rauchen senkt \u00d6strogen und Progersteron und reduziert die Wahrscheinlichkeit einer Empf\u00e4ngnis um fast die H\u00e4lfte! Bei Raucherinnen entwickeln sich weniger Eizellen.<\/p>\n<p>Rauchen verk\u00fcrzt au\u00dferdem die fruchtbare Lebensphase, da bei Raucherinnen die Wechseljahre durchschnittlich zwei Jahre fr\u00fcher eintreten.<\/p>\n<p>Das hei\u00dft: Je mehr sie rauchen, umso geringer die Chance, schwanger zu werden.<\/p>\n<p>Auch Passivrauchen kann die Empf\u00e4ngnis verz\u00f6gern.<\/p>\n<p>Auch auf die Fruchtbarkeit des Mannes hat Rauchen massive Auswirkungen. Neben h\u00e4ufig auftretender Impotenz bei rauchenden M\u00e4nnern wird auch die Produktion und die Beweglichkeit der Spermien durch das Rauchen verringert. Gifte im Tabakrauch sch\u00e4digen au\u00dferdem das Erbgut der Spermien, was negative Auswirkungen auf die fr\u00fchkindliche Entwicklung hat.<\/p>\n<p>Auch wenn nur ein Partner raucht, sinken die Chancen auf eine erfolgreiche Kinderwunschbehandlung durch das Rauchen erheblich! Bei rauchenden Paaren werden doppelt so viele Versuche ben\u00f6tigt wie bei nichtrauchenden. Auch die Erfolgsraten f\u00fcr eine gesunde Schwangerschaft und Geburt sind niedriger.<\/p>\n<p>In der Fortpflanzungsmedizin gilt daher die klare Empfehlung, nach M\u00f6glichkeit schon vor der Behandlung das Rauchen zu beenden bzw. auf jeglichen Tabakkonsum zu verzichten.<\/p>\n<p><a href=\"https:\/\/www.kinderwunschzentrum.org\/fileadmin\/media\/Rauchen.pdf\">https:\/\/www.kinderwunschzentrum.org\/fileadmin\/media\/Rauchen.pdf<\/a><\/p>\n<p>Die gute Nachricht:<\/p>\n<p>Die Folgen des Rauchens f\u00fcr die Fruchtbarkeit sind umkehrbar!<\/p>\n<p>Nach dem Rauchstopp verbessert sich die Spermienqualit\u00e4t und \u2013quantit\u00e4t bei M\u00e4nnern und die Wahrscheinlichkeit einer Schwangerschaft ist bei Exraucherinnen ebenso hoch wie bei Nichtraucherinnen.<\/p>\n<p>Mit dem Start in die Rauchfreiheit r\u00fcckt der Traum vom eigenen Kind etwas n\u00e4her!<\/p>\n<p>&nbsp;<\/p>\n<p>&nbsp;<\/p>\n<p>[\/et_pb_text][\/et_pb_column][et_pb_column type=&#8221;1_3&#8243;][et_pb_sidebar _builder_version=&#8221;3.0.99&#8243; area=&#8221;sidebar-1&#8243; orientation=&#8221;left&#8221; show_border=&#8221;on&#8221; background_layout=&#8221;light&#8221; \/][\/et_pb_column][\/et_pb_row][\/et_pb_section]<\/p>\n","protected":false},"excerpt":{"rendered":"<p>Kinderwunsch Sie suchen Unterst\u00fctzung bei der Raucherentw\u00f6hnung? Vielen Paaren mit Kinderwunsch ist nicht bewusst, wie sehr die eigene Lebensweise den Erfolg beeinflusst, ein gesundes Kind zu bekommen. Gerade die Folgen des Tabakkonsums auf die Fruchtbarkeit werden oft untersch\u00e4tzt. Rauchen senkt \u00d6strogen und Progersteron und reduziert die Wahrscheinlichkeit einer Empf\u00e4ngnis um fast die H\u00e4lfte! Bei Raucherinnen [&hellip;]<\/p>\n","protected":false},"author":11,"featured_media":0,"parent":0,"menu_order":0,"comment_status":"closed","ping_status":"closed","template":"","meta":{"_et_pb_use_builder":"on","_et_pb_old_content":"","_et_gb_content_width":"","footnotes":""},"class_list":["post-10395","page","type-page","status-publish","hentry"],"yoast_head":"<!-- This site is optimized with the Yoast SEO plugin v26.2 - https:\/\/yoast.com\/wordpress\/plugins\/seo\/ -->\n<title>Kinderwunsch - Rauchfrei Telefon<\/title>\n<meta name=\"robots\" content=\"index, follow, max-snippet:-1, max-image-preview:large, max-video-preview:-1\" \/>\n<link rel=\"canonical\" href=\"https:\/\/rauchfrei.at\/kinderwunsch\/\" \/>\n<meta property=\"og:locale\" content=\"en_US\" \/>\n<meta property=\"og:type\" content=\"article\" \/>\n<meta property=\"og:title\" content=\"Kinderwunsch - Rauchfrei Telefon\" \/>\n<meta property=\"og:description\" content=\"Kinderwunsch Sie suchen Unterst\u00fctzung bei der Raucherentw\u00f6hnung? Vielen Paaren mit Kinderwunsch ist nicht bewusst, wie sehr die eigene Lebensweise den Erfolg beeinflusst, ein gesundes Kind zu bekommen. Gerade die Folgen des Tabakkonsums auf die Fruchtbarkeit werden oft untersch\u00e4tzt. Rauchen senkt \u00d6strogen und Progersteron und reduziert die Wahrscheinlichkeit einer Empf\u00e4ngnis um fast die H\u00e4lfte! Bei Raucherinnen [&hellip;]\" \/>\n<meta property=\"og:url\" content=\"https:\/\/rauchfrei.at\/kinderwunsch\/\" \/>\n<meta property=\"og:site_name\" content=\"Rauchfrei Telefon\" \/>\n<meta property=\"article:modified_time\" content=\"2018-12-19T09:25:33+00:00\" \/>\n<meta name=\"twitter:card\" content=\"summary_large_image\" \/>\n<meta name=\"twitter:label1\" content=\"Est. reading time\" \/>\n\t<meta name=\"twitter:data1\" content=\"2 minutes\" \/>\n<script type=\"application\/ld+json\" class=\"yoast-schema-graph\">{\"@context\":\"https:\/\/schema.org\",\"@graph\":[{\"@type\":\"WebPage\",\"@id\":\"https:\/\/rauchfrei.at\/kinderwunsch\/\",\"url\":\"https:\/\/rauchfrei.at\/kinderwunsch\/\",\"name\":\"Kinderwunsch - Rauchfrei Telefon\",\"isPartOf\":{\"@id\":\"https:\/\/rauchfrei.at\/#website\"},\"datePublished\":\"2018-07-18T11:12:02+00:00\",\"dateModified\":\"2018-12-19T09:25:33+00:00\",\"inLanguage\":\"en-US\",\"potentialAction\":[{\"@type\":\"ReadAction\",\"target\":[\"https:\/\/rauchfrei.at\/kinderwunsch\/\"]}]},{\"@type\":\"WebSite\",\"@id\":\"https:\/\/rauchfrei.at\/#website\",\"url\":\"https:\/\/rauchfrei.at\/\",\"name\":\"Rauchfrei Telefon\",\"description\":\"Eine \u00f6sterreichweite Initiative der Sozialversicherungen.\",\"potentialAction\":[{\"@type\":\"SearchAction\",\"target\":{\"@type\":\"EntryPoint\",\"urlTemplate\":\"https:\/\/rauchfrei.at\/?s={search_term_string}\"},\"query-input\":{\"@type\":\"PropertyValueSpecification\",\"valueRequired\":true,\"valueName\":\"search_term_string\"}}],\"inLanguage\":\"en-US\"}]}<\/script>\n<!-- \/ Yoast SEO plugin. -->","yoast_head_json":{"title":"Kinderwunsch - Rauchfrei Telefon","robots":{"index":"index","follow":"follow","max-snippet":"max-snippet:-1","max-image-preview":"max-image-preview:large","max-video-preview":"max-video-preview:-1"},"canonical":"https:\/\/rauchfrei.at\/kinderwunsch\/","og_locale":"en_US","og_type":"article","og_title":"Kinderwunsch - Rauchfrei Telefon","og_description":"Kinderwunsch Sie suchen Unterst\u00fctzung bei der Raucherentw\u00f6hnung? Vielen Paaren mit Kinderwunsch ist nicht bewusst, wie sehr die eigene Lebensweise den Erfolg beeinflusst, ein gesundes Kind zu bekommen. Gerade die Folgen des Tabakkonsums auf die Fruchtbarkeit werden oft untersch\u00e4tzt. Rauchen senkt \u00d6strogen und Progersteron und reduziert die Wahrscheinlichkeit einer Empf\u00e4ngnis um fast die H\u00e4lfte! Bei Raucherinnen [&hellip;]","og_url":"https:\/\/rauchfrei.at\/kinderwunsch\/","og_site_name":"Rauchfrei Telefon","article_modified_time":"2018-12-19T09:25:33+00:00","twitter_card":"summary_large_image","twitter_misc":{"Est. reading time":"2 minutes"},"schema":{"@context":"https:\/\/schema.org","@graph":[{"@type":"WebPage","@id":"https:\/\/rauchfrei.at\/kinderwunsch\/","url":"https:\/\/rauchfrei.at\/kinderwunsch\/","name":"Kinderwunsch - Rauchfrei Telefon","isPartOf":{"@id":"https:\/\/rauchfrei.at\/#website"},"datePublished":"2018-07-18T11:12:02+00:00","dateModified":"2018-12-19T09:25:33+00:00","inLanguage":"en-US","potentialAction":[{"@type":"ReadAction","target":["https:\/\/rauchfrei.at\/kinderwunsch\/"]}]},{"@type":"WebSite","@id":"https:\/\/rauchfrei.at\/#website","url":"https:\/\/rauchfrei.at\/","name":"Rauchfrei Telefon","description":"Eine \u00f6sterreichweite Initiative der Sozialversicherungen.","potentialAction":[{"@type":"SearchAction","target":{"@type":"EntryPoint","urlTemplate":"https:\/\/rauchfrei.at\/?s={search_term_string}"},"query-input":{"@type":"PropertyValueSpecification","valueRequired":true,"valueName":"search_term_string"}}],"inLanguage":"en-US"}]}},"_links":{"self":[{"href":"https:\/\/rauchfrei.at\/en\/wp-json\/wp\/v2\/pages\/10395","targetHints":{"allow":["GET"]}}],"collection":[{"href":"https:\/\/rauchfrei.at\/en\/wp-json\/wp\/v2\/pages"}],"about":[{"href":"https:\/\/rauchfrei.at\/en\/wp-json\/wp\/v2\/types\/page"}],"author":[{"embeddable":true,"href":"https:\/\/rauchfrei.at\/en\/wp-json\/wp\/v2\/users\/11"}],"replies":[{"embeddable":true,"href":"https:\/\/rauchfrei.at\/en\/wp-json\/wp\/v2\/comments?post=10395"}],"version-history":[{"count":5,"href":"https:\/\/rauchfrei.at\/en\/wp-json\/wp\/v2\/pages\/10395\/revisions"}],"predecessor-version":[{"id":12398,"href":"https:\/\/rauchfrei.at\/en\/wp-json\/wp\/v2\/pages\/10395\/revisions\/12398"}],"wp:attachment":[{"href":"https:\/\/rauchfrei.at\/en\/wp-json\/wp\/v2\/media?parent=10395"}],"curies":[{"name":"wp","href":"https:\/\/api.w.org\/{rel}","templated":true}]}}