
{"id":10398,"date":"2018-07-18T13:14:34","date_gmt":"2018-07-18T11:14:34","guid":{"rendered":"http:\/\/rauchfrei.at\/?page_id=10398"},"modified":"2019-04-26T17:52:32","modified_gmt":"2019-04-26T15:52:32","slug":"schwangerschaft-und-rauchen","status":"publish","type":"page","link":"https:\/\/rauchfrei.at\/en\/schwangerschaft-und-rauchen\/","title":{"rendered":"Schwangerschaft und Rauchen"},"content":{"rendered":"<p>[et_pb_section fb_built=&#8221;1&#8243; module_class=&#8221;header&#8221; _builder_version=&#8221;3.0.99&#8243;][et_pb_row _builder_version=&#8221;3.0.99&#8243;][et_pb_column type=&#8221;4_4&#8243; _builder_version=&#8221;3.0.47&#8243;][et_pb_dp_dmb_module_10001 subheadline=&#8221;Hier finden Sie Unterst\u00fctzung bei der Raucherentw\u00f6hnung!&#8221; _builder_version=&#8221;3.21.1&#8243;][\/et_pb_dp_dmb_module_10001][\/et_pb_column][\/et_pb_row][\/et_pb_section][et_pb_section fb_built=&#8221;1&#8243; _builder_version=&#8221;3.0.47&#8243;][et_pb_row _builder_version=&#8221;3.0.48&#8243; background_size=&#8221;initial&#8221; background_position=&#8221;top_left&#8221; background_repeat=&#8221;repeat&#8221;][et_pb_column type=&#8221;2_3&#8243; _builder_version=&#8221;3.0.47&#8243;][et_pb_text _builder_version=&#8221;3.21.1&#8243;]<\/p>\n<p>Nach einem positiven Schwangerschaftstest ist f\u00fcr die meisten Frauen klar, dass sie das Rauchen beenden wollen. Doch oft ist in dieser Situation ein Rauchstopp schwieriger als gedacht.<\/p>\n<p>Dies hat nichts mit mangelndem Verantwortungsgef\u00fchl zu tun. Nikotin ist ein abh\u00e4ngig machendes Suchtgift, auf das starke bzw. k\u00f6rperlich abh\u00e4ngige Raucherinnen nicht von heute auf morgen verzichten k\u00f6nnen.<\/p>\n<p>Auch sind Frauen in der Schwangerschaft oft erh\u00f6hten Belastungen und psychischem Stress ausgesetzt. Hinzu kommen manchmal finanzielle Sorgen oder mangelnde Unterst\u00fctzung. Die Zigarette scheint hier eine wichtige St\u00fctze. Rauchen ver\u00e4ndert den Hormonhaushalt, was es oft schwieriger macht, rauchfrei zu werden.<\/p>\n<p>Dennoch: Welchen besseren und sch\u00f6neren Anlass f\u00fcr die Rauchfreiheit kann es geben als ein Kind zu bekommen?<\/p>\n<p>Denn seinem Kind einen guten Start ins Leben zu erm\u00f6glichen, sollte oberstes Ziel sein. Rauchen in der Schwangerschaft bringt einige Risiken f\u00fcr Mutter und Kind mit sich. Schon weniger als 10 Zigaretten t\u00e4glich f\u00fchren zur Unterversorgung des Ungeborenen. Auch Eileiterschwangerschaften, Schwangerschaftskomplikationen, Fehlgeburten und Fr\u00fchgeburten sind bei Raucherinnen h\u00e4ufiger.<\/p>\n<p>Wenn Sie vor der Schwangerschaft noch geraucht haben, nutzen Sie jetzt die Gelegenheit f\u00fcr den Ausstieg. Nur gelingt die Ver\u00e4nderung des Rauchverhaltens?<\/p>\n<p><strong>Sofort rauchfrei werden oder erst nach und nach?<\/strong><\/p>\n<p>Immer noch geht das Ger\u00fccht um, dass ein abrupter Rauchstopp dem Ungeborenen schadet oder dass ein paar Zigaretten pro Tag nicht schaden. Das stimmt nicht! Im Gegenteil, ein sofortiger Rauchstopp erm\u00f6glicht eine optimale Versorgung Ihres Kindes.<\/p>\n<p>[\/et_pb_text][\/et_pb_column][et_pb_column type=&#8221;1_3&#8243; _builder_version=&#8221;3.0.47&#8243;][et_pb_sidebar area=&#8221;sidebar-1&#8243; _builder_version=&#8221;3.0.99&#8243;][\/et_pb_sidebar][\/et_pb_column][\/et_pb_row][\/et_pb_section]<\/p>\n","protected":false},"excerpt":{"rendered":"<p>Nach einem positiven Schwangerschaftstest ist f\u00fcr die meisten Frauen klar, dass sie das Rauchen beenden wollen. Doch oft ist in dieser Situation ein Rauchstopp schwieriger als gedacht. Dies hat nichts mit mangelndem Verantwortungsgef\u00fchl zu tun. Nikotin ist ein abh\u00e4ngig machendes Suchtgift, auf das starke bzw. k\u00f6rperlich abh\u00e4ngige Raucherinnen nicht von heute auf morgen verzichten k\u00f6nnen. [&hellip;]<\/p>\n","protected":false},"author":11,"featured_media":0,"parent":0,"menu_order":0,"comment_status":"closed","ping_status":"closed","template":"","meta":{"_et_pb_use_builder":"on","_et_pb_old_content":"","_et_gb_content_width":"","footnotes":""},"class_list":["post-10398","page","type-page","status-publish","hentry"],"yoast_head":"<!-- This site is optimized with the Yoast SEO plugin v26.2 - https:\/\/yoast.com\/wordpress\/plugins\/seo\/ -->\n<title>Schwangerschaft und Rauchen - Rauchfrei Telefon<\/title>\n<meta name=\"robots\" content=\"index, follow, max-snippet:-1, max-image-preview:large, max-video-preview:-1\" \/>\n<link rel=\"canonical\" href=\"https:\/\/rauchfrei.at\/schwangerschaft-und-rauchen\/\" \/>\n<meta property=\"og:locale\" content=\"en_US\" \/>\n<meta property=\"og:type\" content=\"article\" \/>\n<meta property=\"og:title\" content=\"Schwangerschaft und Rauchen - Rauchfrei Telefon\" \/>\n<meta property=\"og:description\" content=\"Nach einem positiven Schwangerschaftstest ist f\u00fcr die meisten Frauen klar, dass sie das Rauchen beenden wollen. Doch oft ist in dieser Situation ein Rauchstopp schwieriger als gedacht. Dies hat nichts mit mangelndem Verantwortungsgef\u00fchl zu tun. Nikotin ist ein abh\u00e4ngig machendes Suchtgift, auf das starke bzw. k\u00f6rperlich abh\u00e4ngige Raucherinnen nicht von heute auf morgen verzichten k\u00f6nnen. [&hellip;]\" \/>\n<meta property=\"og:url\" content=\"https:\/\/rauchfrei.at\/schwangerschaft-und-rauchen\/\" \/>\n<meta property=\"og:site_name\" content=\"Rauchfrei Telefon\" \/>\n<meta property=\"article:modified_time\" content=\"2019-04-26T15:52:32+00:00\" \/>\n<meta name=\"twitter:card\" content=\"summary_large_image\" \/>\n<meta name=\"twitter:label1\" content=\"Est. reading time\" \/>\n\t<meta name=\"twitter:data1\" content=\"2 minutes\" \/>\n<script type=\"application\/ld+json\" class=\"yoast-schema-graph\">{\"@context\":\"https:\/\/schema.org\",\"@graph\":[{\"@type\":\"WebPage\",\"@id\":\"https:\/\/rauchfrei.at\/schwangerschaft-und-rauchen\/\",\"url\":\"https:\/\/rauchfrei.at\/schwangerschaft-und-rauchen\/\",\"name\":\"Schwangerschaft und Rauchen - Rauchfrei Telefon\",\"isPartOf\":{\"@id\":\"https:\/\/rauchfrei.at\/#website\"},\"datePublished\":\"2018-07-18T11:14:34+00:00\",\"dateModified\":\"2019-04-26T15:52:32+00:00\",\"inLanguage\":\"en-US\",\"potentialAction\":[{\"@type\":\"ReadAction\",\"target\":[\"https:\/\/rauchfrei.at\/schwangerschaft-und-rauchen\/\"]}]},{\"@type\":\"WebSite\",\"@id\":\"https:\/\/rauchfrei.at\/#website\",\"url\":\"https:\/\/rauchfrei.at\/\",\"name\":\"Rauchfrei Telefon\",\"description\":\"Eine \u00f6sterreichweite Initiative der Sozialversicherungen.\",\"potentialAction\":[{\"@type\":\"SearchAction\",\"target\":{\"@type\":\"EntryPoint\",\"urlTemplate\":\"https:\/\/rauchfrei.at\/?s={search_term_string}\"},\"query-input\":{\"@type\":\"PropertyValueSpecification\",\"valueRequired\":true,\"valueName\":\"search_term_string\"}}],\"inLanguage\":\"en-US\"}]}<\/script>\n<!-- \/ Yoast SEO plugin. -->","yoast_head_json":{"title":"Schwangerschaft und Rauchen - Rauchfrei Telefon","robots":{"index":"index","follow":"follow","max-snippet":"max-snippet:-1","max-image-preview":"max-image-preview:large","max-video-preview":"max-video-preview:-1"},"canonical":"https:\/\/rauchfrei.at\/schwangerschaft-und-rauchen\/","og_locale":"en_US","og_type":"article","og_title":"Schwangerschaft und Rauchen - Rauchfrei Telefon","og_description":"Nach einem positiven Schwangerschaftstest ist f\u00fcr die meisten Frauen klar, dass sie das Rauchen beenden wollen. Doch oft ist in dieser Situation ein Rauchstopp schwieriger als gedacht. Dies hat nichts mit mangelndem Verantwortungsgef\u00fchl zu tun. Nikotin ist ein abh\u00e4ngig machendes Suchtgift, auf das starke bzw. k\u00f6rperlich abh\u00e4ngige Raucherinnen nicht von heute auf morgen verzichten k\u00f6nnen. [&hellip;]","og_url":"https:\/\/rauchfrei.at\/schwangerschaft-und-rauchen\/","og_site_name":"Rauchfrei Telefon","article_modified_time":"2019-04-26T15:52:32+00:00","twitter_card":"summary_large_image","twitter_misc":{"Est. reading time":"2 minutes"},"schema":{"@context":"https:\/\/schema.org","@graph":[{"@type":"WebPage","@id":"https:\/\/rauchfrei.at\/schwangerschaft-und-rauchen\/","url":"https:\/\/rauchfrei.at\/schwangerschaft-und-rauchen\/","name":"Schwangerschaft und Rauchen - Rauchfrei Telefon","isPartOf":{"@id":"https:\/\/rauchfrei.at\/#website"},"datePublished":"2018-07-18T11:14:34+00:00","dateModified":"2019-04-26T15:52:32+00:00","inLanguage":"en-US","potentialAction":[{"@type":"ReadAction","target":["https:\/\/rauchfrei.at\/schwangerschaft-und-rauchen\/"]}]},{"@type":"WebSite","@id":"https:\/\/rauchfrei.at\/#website","url":"https:\/\/rauchfrei.at\/","name":"Rauchfrei Telefon","description":"Eine \u00f6sterreichweite Initiative der Sozialversicherungen.","potentialAction":[{"@type":"SearchAction","target":{"@type":"EntryPoint","urlTemplate":"https:\/\/rauchfrei.at\/?s={search_term_string}"},"query-input":{"@type":"PropertyValueSpecification","valueRequired":true,"valueName":"search_term_string"}}],"inLanguage":"en-US"}]}},"_links":{"self":[{"href":"https:\/\/rauchfrei.at\/en\/wp-json\/wp\/v2\/pages\/10398","targetHints":{"allow":["GET"]}}],"collection":[{"href":"https:\/\/rauchfrei.at\/en\/wp-json\/wp\/v2\/pages"}],"about":[{"href":"https:\/\/rauchfrei.at\/en\/wp-json\/wp\/v2\/types\/page"}],"author":[{"embeddable":true,"href":"https:\/\/rauchfrei.at\/en\/wp-json\/wp\/v2\/users\/11"}],"replies":[{"embeddable":true,"href":"https:\/\/rauchfrei.at\/en\/wp-json\/wp\/v2\/comments?post=10398"}],"version-history":[{"count":5,"href":"https:\/\/rauchfrei.at\/en\/wp-json\/wp\/v2\/pages\/10398\/revisions"}],"predecessor-version":[{"id":16117,"href":"https:\/\/rauchfrei.at\/en\/wp-json\/wp\/v2\/pages\/10398\/revisions\/16117"}],"wp:attachment":[{"href":"https:\/\/rauchfrei.at\/en\/wp-json\/wp\/v2\/media?parent=10398"}],"curies":[{"name":"wp","href":"https:\/\/api.w.org\/{rel}","templated":true}]}}