
{"id":10422,"date":"2018-07-18T13:36:53","date_gmt":"2018-07-18T11:36:53","guid":{"rendered":"http:\/\/rauchfrei.at\/?page_id=10422"},"modified":"2024-12-03T10:17:53","modified_gmt":"2024-12-03T08:17:53","slug":"entzugserscheinungen","status":"publish","type":"page","link":"https:\/\/rauchfrei.at\/en\/entzugserscheinungen\/","title":{"rendered":"Entzugserscheinungen"},"content":{"rendered":"<p>[et_pb_section fb_built=&#8221;1&#8243; custom_padding_last_edited=&#8221;off|&#8221; module_class=&#8221;header&#8221; _builder_version=&#8221;4.16&#8243; background_color=&#8221;#67BAD3&#8243; custom_margin=&#8221;||0px|&#8221; custom_padding=&#8221;100px||10px|&#8221; global_colors_info=&#8221;{}&#8221;][et_pb_row _builder_version=&#8221;4.16&#8243; custom_margin=&#8221;||0px|&#8221; custom_padding=&#8221;||0px|&#8221; global_colors_info=&#8221;{}&#8221;][et_pb_column type=&#8221;4_4&#8243; _builder_version=&#8221;4.16&#8243; custom_padding=&#8221;||0px|&#8221; global_colors_info=&#8221;{}&#8221; custom_padding__hover=&#8221;|||&#8221;][et_pb_text admin_label=&#8221;Blue Background Header&#8221; _builder_version=&#8221;4.16&#8243; custom_margin=&#8221;||0px|&#8221; custom_padding=&#8221;||0px|&#8221; global_colors_info=&#8221;{}&#8221;]<\/p>\n<h1>Entzugserscheinungen<\/h1>\n<h2>K\u00f6nnen, aber m\u00fcssen nicht sein!<\/h2>\n<p>[\/et_pb_text][\/et_pb_column][\/et_pb_row][\/et_pb_section][et_pb_section fb_built=&#8221;1&#8243; _builder_version=&#8221;4.16&#8243; global_colors_info=&#8221;{}&#8221;][et_pb_row column_structure=&#8221;2_3,1_3&#8243; _builder_version=&#8221;4.16&#8243; background_size=&#8221;initial&#8221; background_position=&#8221;top_left&#8221; background_repeat=&#8221;repeat&#8221; global_colors_info=&#8221;{}&#8221;][et_pb_column type=&#8221;2_3&#8243; _builder_version=&#8221;4.16&#8243; custom_padding=&#8221;|||&#8221; global_colors_info=&#8221;{}&#8221; custom_padding__hover=&#8221;|||&#8221;][et_pb_text _builder_version=&#8221;4.23.1&#8243; hover_enabled=&#8221;0&#8243; global_colors_info=&#8221;{}&#8221; sticky_enabled=&#8221;0&#8243;]<\/p>\n<p>Rauchen ist in den meisten F\u00e4llen eine chronische Suchterkrankung. Ein Hauptmerkmal jeder <a href=\"https:\/\/rauchfrei.at\/fakten\/abhaengigkeit\/\" target=\"_blank\" rel=\"noopener noreferrer\">Suchterkrankung<\/a> sind Entzugssymptome, wenn der Konsum beendet wird. Genau betrachtet ist der Gusto nach der n\u00e4chsten Zigarette schon ein erstes Anzeichen eines Entzugssymptoms. Die Rezeptoren im Gehirn melden, dass der Nikotontank leer ist. Ein wichtiger Grund, warum viele Raucher\/innen den Rauchstopp wieder und wieder hinausz\u00f6gern ist die Angst vor Entzugserscheinungen, wenn nicht mehr geraucht wird. Doch das ist nicht notwendig.<\/p>\n<p>Entzugssymptome k\u00f6nnen, m\u00fcssen aber nicht auftreten. Es gibt aber viele Ex- Raucher\/innen die keine oder nur sehr schwache Symptome erlebt haben. Dazu kommt, dass Entzugserscheinungen nicht bei jedem gleich stark auftreten, manche sp\u00fcren sogar gar nichts Negatives.<\/p>\n<blockquote>\n<p><strong>Jeder Entzug ist einzigartig.<\/strong> Selbst wenn Sie beim letzten Rauchstoppversuch Entzugserscheinungen hatten, so kann es diesmal ganz anders ausfallen.<\/p>\n<\/blockquote>\n<p>Nikotin macht k\u00f6rperlich und psychisch abh\u00e4ngig. Somit gibt es auch k\u00f6rperliche und psychische Entzugserscheinungen. Die Symptome sind teilweise unangenehm, sie sind aber harmlos und k\u00f6nnen in keinem Fall zu Schaden f\u00fchren.<\/p>\n<p>Das h\u00e4ufigste <strong>psychische Entzugssymptom<\/strong>, das vielen teilweise auch langfristig zu schaffen macht, ist das <strong><a href=\"https:\/\/rauchfrei.at\/aufhoeren\/schritte-zum-rauchstopp\/was-tun-bei-verlangensattacken\/\" target=\"_blank\" rel=\"noopener noreferrer\">Rauchverlangen<\/a><\/strong> (Craving, Suchtdruck). Mit geeigneten Strategien kann das unangenehme Verlangen \u00fcberstanden werden.<\/p>\n<p><strong>K\u00f6rperliche Entzugssymptome<\/strong> sind vielf\u00e4ltiger, daf\u00fcr kurzfristiger. In den ersten Tagen nach dem Rauchstopp entw\u00f6hnt sich Ihr K\u00f6rper sehr schnell vom Nikotin. K\u00f6rperliche Reaktionen wie Gereiztheit, Nervosit\u00e4t, Unruhe, schlechte Stimmung, ver\u00e4nderter Schlaf oder Schwitzen k\u00f6nnen die Folge der Umstellung sein. <span>Wenn k\u00f6rperliche Entzugssymptome auftreten, dann sind diese in den ersten 2 bis 3 Tagen nach dem Rauchstopp am st\u00e4rksten und lassen innerhalb von rund 3 Wochen nach. Manche Systeme (Verdauung, Blutzuckerspiegel, \u2026) brauchen einige Wochen dar\u00fcber hinaus bis sie eine neue Balance gefunden haben.<\/span><\/p>\n<p>Bei k\u00f6rperlicher Entzugssymptomatik helfen <a href=\"https:\/\/rauchfrei.at\/aufhoeren\/medikamentoese-unterstuetzung\/nikotinpraeparate\/\">Nikotinersatzprodukte<\/a>.<\/p>\n<p>[\/et_pb_text][\/et_pb_column][et_pb_column type=&#8221;1_3&#8243; _builder_version=&#8221;4.16&#8243; custom_padding=&#8221;|||&#8221; global_colors_info=&#8221;{}&#8221; custom_padding__hover=&#8221;|||&#8221;][et_pb_dp_dmb_module_10093 farbe=&#8221;blitzgelb&#8221; headline=&#8221;Rufen Sie uns an! &#8221; image=&#8221;https:\/\/rauchfrei.at\/wp-content\/uploads\/rauchfrei-telefondame-auf-gelb.png&#8221; image_position=&#8221;center&#8221; link_text=&#8221;mehr&#8221; link_url=&#8221;https:\/\/rauchfrei.at\/beratung-vom-rauchfrei-telefon\/&#8221; image_size=&#8221;80&#8243; admin_label=&#8221;Rufen Sie uns an!&#8221; _builder_version=&#8221;4.20.4&#8243; global_module=&#8221;13167&#8243; saved_tabs=&#8221;all&#8221; global_colors_info=&#8221;{}&#8221;]<\/p>\n<p>Wir beraten und informieren Sie gerne!<\/p>\n<p>[\/et_pb_dp_dmb_module_10093][et_pb_dp_dmb_module_10080 link_text=&#8221;Hier&#8221; link_url=&#8221;https:\/\/rauchfrei.at\/downloads-tests-und-tools\/&#8221; admin_label=&#8221;Testen Sie Ihre Abh\u00e4ngigkeit&#8221; _builder_version=&#8221;4.20.4&#8243; dp_tiny_mce_line_height=&#8221;1em&#8221; z_index_tablet=&#8221;500&#8243; global_module=&#8221;13157&#8243; saved_tabs=&#8221;all&#8221; global_colors_info=&#8221;{}&#8221;]<\/p>\n<p><strong>Testen <\/strong>Sie Ihre <strong>Abh\u00e4ngigkeit!<\/strong><\/p>\n<p>[\/et_pb_dp_dmb_module_10080][\/et_pb_column][\/et_pb_row][\/et_pb_section]<\/p>\n","protected":false},"excerpt":{"rendered":"<p>Entzugserscheinungen K\u00f6nnen, aber m\u00fcssen nicht sein!Rauchen ist in den meisten F\u00e4llen eine chronische Suchterkrankung. Ein Hauptmerkmal jeder Suchterkrankung sind Entzugssymptome, wenn der Konsum beendet wird. Genau betrachtet ist der Gusto nach der n\u00e4chsten Zigarette schon ein erstes Anzeichen eines Entzugssymptoms. Die Rezeptoren im Gehirn melden, dass der Nikotontank leer ist. Ein wichtiger Grund, warum viele [&hellip;]<\/p>\n","protected":false},"author":11,"featured_media":0,"parent":0,"menu_order":0,"comment_status":"closed","ping_status":"closed","template":"","meta":{"_et_pb_use_builder":"on","_et_pb_old_content":"","_et_gb_content_width":"","footnotes":""},"class_list":["post-10422","page","type-page","status-publish","hentry"],"yoast_head":"<!-- This site is optimized with the Yoast SEO plugin v26.2 - https:\/\/yoast.com\/wordpress\/plugins\/seo\/ -->\n<title>Entzugserscheinungen - Rauchfrei Telefon<\/title>\n<meta name=\"robots\" content=\"index, follow, max-snippet:-1, max-image-preview:large, max-video-preview:-1\" \/>\n<link rel=\"canonical\" href=\"https:\/\/rauchfrei.at\/entzugserscheinungen\/\" \/>\n<meta property=\"og:locale\" content=\"en_US\" \/>\n<meta property=\"og:type\" content=\"article\" \/>\n<meta property=\"og:title\" content=\"Entzugserscheinungen - Rauchfrei Telefon\" \/>\n<meta property=\"og:description\" content=\"Entzugserscheinungen K\u00f6nnen, aber m\u00fcssen nicht sein!Rauchen ist in den meisten F\u00e4llen eine chronische Suchterkrankung. Ein Hauptmerkmal jeder Suchterkrankung sind Entzugssymptome, wenn der Konsum beendet wird. Genau betrachtet ist der Gusto nach der n\u00e4chsten Zigarette schon ein erstes Anzeichen eines Entzugssymptoms. Die Rezeptoren im Gehirn melden, dass der Nikotontank leer ist. Ein wichtiger Grund, warum viele [&hellip;]\" \/>\n<meta property=\"og:url\" content=\"https:\/\/rauchfrei.at\/entzugserscheinungen\/\" \/>\n<meta property=\"og:site_name\" content=\"Rauchfrei Telefon\" \/>\n<meta property=\"article:modified_time\" content=\"2024-12-03T08:17:53+00:00\" \/>\n<meta name=\"twitter:card\" content=\"summary_large_image\" \/>\n<meta name=\"twitter:label1\" content=\"Est. reading time\" \/>\n\t<meta name=\"twitter:data1\" content=\"3 minutes\" \/>\n<script type=\"application\/ld+json\" class=\"yoast-schema-graph\">{\"@context\":\"https:\/\/schema.org\",\"@graph\":[{\"@type\":\"WebPage\",\"@id\":\"https:\/\/rauchfrei.at\/entzugserscheinungen\/\",\"url\":\"https:\/\/rauchfrei.at\/entzugserscheinungen\/\",\"name\":\"Entzugserscheinungen - Rauchfrei Telefon\",\"isPartOf\":{\"@id\":\"https:\/\/rauchfrei.at\/#website\"},\"datePublished\":\"2018-07-18T11:36:53+00:00\",\"dateModified\":\"2024-12-03T08:17:53+00:00\",\"inLanguage\":\"en-US\",\"potentialAction\":[{\"@type\":\"ReadAction\",\"target\":[\"https:\/\/rauchfrei.at\/entzugserscheinungen\/\"]}]},{\"@type\":\"WebSite\",\"@id\":\"https:\/\/rauchfrei.at\/#website\",\"url\":\"https:\/\/rauchfrei.at\/\",\"name\":\"Rauchfrei Telefon\",\"description\":\"Eine \u00f6sterreichweite Initiative der Sozialversicherungen.\",\"potentialAction\":[{\"@type\":\"SearchAction\",\"target\":{\"@type\":\"EntryPoint\",\"urlTemplate\":\"https:\/\/rauchfrei.at\/?s={search_term_string}\"},\"query-input\":{\"@type\":\"PropertyValueSpecification\",\"valueRequired\":true,\"valueName\":\"search_term_string\"}}],\"inLanguage\":\"en-US\"}]}<\/script>\n<!-- \/ Yoast SEO plugin. -->","yoast_head_json":{"title":"Entzugserscheinungen - Rauchfrei Telefon","robots":{"index":"index","follow":"follow","max-snippet":"max-snippet:-1","max-image-preview":"max-image-preview:large","max-video-preview":"max-video-preview:-1"},"canonical":"https:\/\/rauchfrei.at\/entzugserscheinungen\/","og_locale":"en_US","og_type":"article","og_title":"Entzugserscheinungen - Rauchfrei Telefon","og_description":"Entzugserscheinungen K\u00f6nnen, aber m\u00fcssen nicht sein!Rauchen ist in den meisten F\u00e4llen eine chronische Suchterkrankung. Ein Hauptmerkmal jeder Suchterkrankung sind Entzugssymptome, wenn der Konsum beendet wird. Genau betrachtet ist der Gusto nach der n\u00e4chsten Zigarette schon ein erstes Anzeichen eines Entzugssymptoms. Die Rezeptoren im Gehirn melden, dass der Nikotontank leer ist. Ein wichtiger Grund, warum viele [&hellip;]","og_url":"https:\/\/rauchfrei.at\/entzugserscheinungen\/","og_site_name":"Rauchfrei Telefon","article_modified_time":"2024-12-03T08:17:53+00:00","twitter_card":"summary_large_image","twitter_misc":{"Est. reading time":"3 minutes"},"schema":{"@context":"https:\/\/schema.org","@graph":[{"@type":"WebPage","@id":"https:\/\/rauchfrei.at\/entzugserscheinungen\/","url":"https:\/\/rauchfrei.at\/entzugserscheinungen\/","name":"Entzugserscheinungen - Rauchfrei Telefon","isPartOf":{"@id":"https:\/\/rauchfrei.at\/#website"},"datePublished":"2018-07-18T11:36:53+00:00","dateModified":"2024-12-03T08:17:53+00:00","inLanguage":"en-US","potentialAction":[{"@type":"ReadAction","target":["https:\/\/rauchfrei.at\/entzugserscheinungen\/"]}]},{"@type":"WebSite","@id":"https:\/\/rauchfrei.at\/#website","url":"https:\/\/rauchfrei.at\/","name":"Rauchfrei Telefon","description":"Eine \u00f6sterreichweite Initiative der Sozialversicherungen.","potentialAction":[{"@type":"SearchAction","target":{"@type":"EntryPoint","urlTemplate":"https:\/\/rauchfrei.at\/?s={search_term_string}"},"query-input":{"@type":"PropertyValueSpecification","valueRequired":true,"valueName":"search_term_string"}}],"inLanguage":"en-US"}]}},"_links":{"self":[{"href":"https:\/\/rauchfrei.at\/en\/wp-json\/wp\/v2\/pages\/10422","targetHints":{"allow":["GET"]}}],"collection":[{"href":"https:\/\/rauchfrei.at\/en\/wp-json\/wp\/v2\/pages"}],"about":[{"href":"https:\/\/rauchfrei.at\/en\/wp-json\/wp\/v2\/types\/page"}],"author":[{"embeddable":true,"href":"https:\/\/rauchfrei.at\/en\/wp-json\/wp\/v2\/users\/11"}],"replies":[{"embeddable":true,"href":"https:\/\/rauchfrei.at\/en\/wp-json\/wp\/v2\/comments?post=10422"}],"version-history":[{"count":9,"href":"https:\/\/rauchfrei.at\/en\/wp-json\/wp\/v2\/pages\/10422\/revisions"}],"predecessor-version":[{"id":30176,"href":"https:\/\/rauchfrei.at\/en\/wp-json\/wp\/v2\/pages\/10422\/revisions\/30176"}],"wp:attachment":[{"href":"https:\/\/rauchfrei.at\/en\/wp-json\/wp\/v2\/media?parent=10422"}],"curies":[{"name":"wp","href":"https:\/\/api.w.org\/{rel}","templated":true}]}}