
{"id":10432,"date":"2018-07-19T09:18:55","date_gmt":"2018-07-19T07:18:55","guid":{"rendered":"http:\/\/rauchfrei.at\/?page_id=10432"},"modified":"2023-09-26T09:58:55","modified_gmt":"2023-09-26T07:58:55","slug":"schulische-tabakentwoehnung","status":"publish","type":"page","link":"https:\/\/rauchfrei.at\/en\/schulische-tabakentwoehnung\/","title":{"rendered":"Schulische Tabakentw\u00f6hnung"},"content":{"rendered":"<p>[et_pb_section fb_built=&#8221;1&#8243; custom_padding_last_edited=&#8221;off|&#8221; module_class=&#8221;header&#8221; _builder_version=&#8221;4.16&#8243; background_color=&#8221;#67BAD3&#8243; custom_margin=&#8221;||0px|&#8221; custom_padding=&#8221;100px||10px|&#8221; global_colors_info=&#8221;{}&#8221;][et_pb_row _builder_version=&#8221;4.16&#8243; custom_margin=&#8221;||0px|&#8221; custom_padding=&#8221;||0px|&#8221; global_colors_info=&#8221;{}&#8221;][et_pb_column type=&#8221;4_4&#8243; _builder_version=&#8221;4.16&#8243; custom_padding=&#8221;||0px|&#8221; global_colors_info=&#8221;{}&#8221; custom_padding__hover=&#8221;|||&#8221;][et_pb_text admin_label=&#8221;Blue Background Header&#8221; _builder_version=&#8221;4.16&#8243; custom_margin=&#8221;||0px|&#8221; custom_padding=&#8221;||0px|&#8221; global_colors_info=&#8221;{}&#8221;]<\/p>\n<h1>Tabakpr\u00e4vention in der Schule<\/h1>\n<h2>\u00a0<\/h2>\n<p>[\/et_pb_text][\/et_pb_column][\/et_pb_row][\/et_pb_section][et_pb_section fb_built=&#8221;1&#8243; _builder_version=&#8221;4.16&#8243; global_colors_info=&#8221;{}&#8221;][et_pb_row column_structure=&#8221;2_3,1_3&#8243; _builder_version=&#8221;4.16&#8243; global_colors_info=&#8221;{}&#8221;][et_pb_column type=&#8221;2_3&#8243; _builder_version=&#8221;4.16&#8243; custom_padding=&#8221;|||&#8221; global_colors_info=&#8221;{}&#8221; custom_padding__hover=&#8221;|||&#8221;][et_pb_text _builder_version=&#8221;4.16&#8243; global_colors_info=&#8221;{}&#8221;]<\/p>\n<p>Die Schule ist ein Ort, an dem Kinder und Jugendliche viel Zeit verbringen. Wie das Thema Rauchen\/Nichtrauchen in der Schule und anderen Bildungseinrichtungen gehandhabt wird, hat Auswirkung auf die Sch\u00fcler\/innen. Seit September 2018 sind Bildungseinrichtungen und die dazugeh\u00f6rigen Freifl\u00e4chen per <a href=\"https:\/\/rauchfrei.at\/jugendschutz-und-schulgesetz\/\" target=\"_blank\" rel=\"noopener noreferrer\">Gesetz<\/a> in \u00d6sterreich rauchfrei. Eine rauchfreie Norm ist ein wichtiger Pr\u00e4ventionsaspekt, um Rauchen bei Kindern und Jugendlichen vorzubeugen. Rauchen in der Schule betrifft nicht nur die Sch\u00fcler\/innen. Die Rauchfreiheit am Arbeitsplatz ist f\u00fcr Erwachsene, die in einer Bildungseinrichtung t\u00e4tig sind, ebenfalls relevant.<\/p>\n<h2><\/h2>\n<h2>Angebote zur Tabak-\u00a0 und Suchtpr\u00e4vention<\/h2>\n<ul>\n<li><a href=\"https:\/\/www.sozialversicherung.at\/cdscontent\/?contentid=10007.746845&amp;portal=esvportal&amp;viewmode=content\" target=\"_blank\" rel=\"noopener noreferrer\">Service Stelle Schule<\/a><\/li>\n<li><a href=\"https:\/\/www.suchtvorbeugung.net\/\" target=\"_blank\" rel=\"noopener noreferrer\">Suchtpr\u00e4ventionsstellen<\/a><\/li>\n<li><a href=\"https:\/\/rauchfrei.at\/wp-content\/uploads\/SSgS_Tabakpraevention-in-der-Schule_online-1.pdf\" target=\"_blank\" rel=\"noopener noreferrer\">Fachtsheet der Sozialversicherung Tabakpr\u00e4vention in der Schule (pdf)<\/a><\/li>\n<\/ul>\n<p>[\/et_pb_text][et_pb_text _builder_version=&#8221;4.16&#8243; global_colors_info=&#8221;{}&#8221;]<\/p>\n<h2>\u00d6sterreichische Pr\u00e4ventionsprogramme<\/h2>\n<p>[\/et_pb_text][et_pb_toggle title=&#8221;plus\u2013 Das \u00f6sterreichische Pr\u00e4ventionsprogramm&#8221; admin_label=&#8221;Plus&#8221; _builder_version=&#8221;4.16&#8243; global_colors_info=&#8221;{}&#8221;]<\/p>\n<p>plus ist ein Programm zur Sucht- und Gewaltpr\u00e4vention f\u00fcr die 5. bis 8. Schulstufe und ist in allen \u00f6sterreichischen Bundesl\u00e4ndern im Einsatz. Die \u00f6sterreichischen Fachstellen f\u00fcr Suchtpr\u00e4vention garantieren als Entwickler und Tr\u00e4ger von <strong>plus<\/strong> ein qualit\u00e4tsvolles Produkt, das \u00f6sterreichweit evaluiert und vom Institut f\u00fcr Psychologie der Universit\u00e4t Innsbruck wissenschaftlich begleitet wird. N\u00e4here Informationen find Sie hier: <a href=\"https:\/\/www.suchtvorbeugung.net\/plus\/\" target=\"_blank\" rel=\"noopener noreferrer\">plus \u2013 Das \u00f6sterreichische Pr\u00e4ventionsprogramm f\u00fcr die 5. bis 8. Schulstufe.<\/a><\/p>\n<p>[\/et_pb_toggle][\/et_pb_column][et_pb_column type=&#8221;1_3&#8243; _builder_version=&#8221;4.16&#8243; custom_padding=&#8221;|||&#8221; global_colors_info=&#8221;{}&#8221; custom_padding__hover=&#8221;|||&#8221;][et_pb_dp_dmb_module_10080 link_text=&#8221;mehr&#8221; link_url=&#8221;https:\/\/rauchfrei.at\/fakten\/gesetzliches\/&#8221; admin_label=&#8221;\u00a7 Gesetzliches zum Thema Nichtraucher\u00adschutz und Rauchen&#8221; _builder_version=&#8221;3.19.15&#8243; max_width=&#8221;100%&#8221; global_module=&#8221;13120&#8243; global_colors_info=&#8221;{}&#8221;]<\/p>\n<p><strong>Gesetzliches<\/strong> rund ums Thema \u00a7<\/p>\n<p>[\/et_pb_dp_dmb_module_10080][\/et_pb_column][\/et_pb_row][\/et_pb_section]<\/p>\n","protected":false},"excerpt":{"rendered":"<p>Tabakpr\u00e4vention in der Schule \u00a0Die Schule ist ein Ort, an dem Kinder und Jugendliche viel Zeit verbringen. Wie das Thema Rauchen\/Nichtrauchen in der Schule und anderen Bildungseinrichtungen gehandhabt wird, hat Auswirkung auf die Sch\u00fcler\/innen. Seit September 2018 sind Bildungseinrichtungen und die dazugeh\u00f6rigen Freifl\u00e4chen per Gesetz in \u00d6sterreich rauchfrei. Eine rauchfreie Norm ist ein wichtiger Pr\u00e4ventionsaspekt, [&hellip;]<\/p>\n","protected":false},"author":11,"featured_media":0,"parent":0,"menu_order":0,"comment_status":"closed","ping_status":"closed","template":"","meta":{"_et_pb_use_builder":"on","_et_pb_old_content":"","_et_gb_content_width":"","footnotes":""},"class_list":["post-10432","page","type-page","status-publish","hentry"],"yoast_head":"<!-- This site is optimized with the Yoast SEO plugin v26.2 - https:\/\/yoast.com\/wordpress\/plugins\/seo\/ -->\n<title>Schulische Tabakentw\u00f6hnung - Rauchfrei Telefon<\/title>\n<meta name=\"robots\" content=\"index, follow, max-snippet:-1, max-image-preview:large, max-video-preview:-1\" \/>\n<link rel=\"canonical\" href=\"https:\/\/rauchfrei.at\/schulische-tabakentwoehnung\/\" \/>\n<meta property=\"og:locale\" content=\"en_US\" \/>\n<meta property=\"og:type\" content=\"article\" \/>\n<meta property=\"og:title\" content=\"Schulische Tabakentw\u00f6hnung - Rauchfrei Telefon\" \/>\n<meta property=\"og:description\" content=\"Tabakpr\u00e4vention in der Schule \u00a0Die Schule ist ein Ort, an dem Kinder und Jugendliche viel Zeit verbringen. Wie das Thema Rauchen\/Nichtrauchen in der Schule und anderen Bildungseinrichtungen gehandhabt wird, hat Auswirkung auf die Sch\u00fcler\/innen. Seit September 2018 sind Bildungseinrichtungen und die dazugeh\u00f6rigen Freifl\u00e4chen per Gesetz in \u00d6sterreich rauchfrei. Eine rauchfreie Norm ist ein wichtiger Pr\u00e4ventionsaspekt, [&hellip;]\" \/>\n<meta property=\"og:url\" content=\"https:\/\/rauchfrei.at\/schulische-tabakentwoehnung\/\" \/>\n<meta property=\"og:site_name\" content=\"Rauchfrei Telefon\" \/>\n<meta property=\"article:modified_time\" content=\"2023-09-26T07:58:55+00:00\" \/>\n<meta name=\"twitter:card\" content=\"summary_large_image\" \/>\n<meta name=\"twitter:label1\" content=\"Est. reading time\" \/>\n\t<meta name=\"twitter:data1\" content=\"2 minutes\" \/>\n<script type=\"application\/ld+json\" class=\"yoast-schema-graph\">{\"@context\":\"https:\/\/schema.org\",\"@graph\":[{\"@type\":\"WebPage\",\"@id\":\"https:\/\/rauchfrei.at\/schulische-tabakentwoehnung\/\",\"url\":\"https:\/\/rauchfrei.at\/schulische-tabakentwoehnung\/\",\"name\":\"Schulische Tabakentw\u00f6hnung - Rauchfrei Telefon\",\"isPartOf\":{\"@id\":\"https:\/\/rauchfrei.at\/#website\"},\"datePublished\":\"2018-07-19T07:18:55+00:00\",\"dateModified\":\"2023-09-26T07:58:55+00:00\",\"inLanguage\":\"en-US\",\"potentialAction\":[{\"@type\":\"ReadAction\",\"target\":[\"https:\/\/rauchfrei.at\/schulische-tabakentwoehnung\/\"]}]},{\"@type\":\"WebSite\",\"@id\":\"https:\/\/rauchfrei.at\/#website\",\"url\":\"https:\/\/rauchfrei.at\/\",\"name\":\"Rauchfrei Telefon\",\"description\":\"Eine \u00f6sterreichweite Initiative der Sozialversicherungen.\",\"potentialAction\":[{\"@type\":\"SearchAction\",\"target\":{\"@type\":\"EntryPoint\",\"urlTemplate\":\"https:\/\/rauchfrei.at\/?s={search_term_string}\"},\"query-input\":{\"@type\":\"PropertyValueSpecification\",\"valueRequired\":true,\"valueName\":\"search_term_string\"}}],\"inLanguage\":\"en-US\"}]}<\/script>\n<!-- \/ Yoast SEO plugin. -->","yoast_head_json":{"title":"Schulische Tabakentw\u00f6hnung - Rauchfrei Telefon","robots":{"index":"index","follow":"follow","max-snippet":"max-snippet:-1","max-image-preview":"max-image-preview:large","max-video-preview":"max-video-preview:-1"},"canonical":"https:\/\/rauchfrei.at\/schulische-tabakentwoehnung\/","og_locale":"en_US","og_type":"article","og_title":"Schulische Tabakentw\u00f6hnung - Rauchfrei Telefon","og_description":"Tabakpr\u00e4vention in der Schule \u00a0Die Schule ist ein Ort, an dem Kinder und Jugendliche viel Zeit verbringen. Wie das Thema Rauchen\/Nichtrauchen in der Schule und anderen Bildungseinrichtungen gehandhabt wird, hat Auswirkung auf die Sch\u00fcler\/innen. Seit September 2018 sind Bildungseinrichtungen und die dazugeh\u00f6rigen Freifl\u00e4chen per Gesetz in \u00d6sterreich rauchfrei. Eine rauchfreie Norm ist ein wichtiger Pr\u00e4ventionsaspekt, [&hellip;]","og_url":"https:\/\/rauchfrei.at\/schulische-tabakentwoehnung\/","og_site_name":"Rauchfrei Telefon","article_modified_time":"2023-09-26T07:58:55+00:00","twitter_card":"summary_large_image","twitter_misc":{"Est. reading time":"2 minutes"},"schema":{"@context":"https:\/\/schema.org","@graph":[{"@type":"WebPage","@id":"https:\/\/rauchfrei.at\/schulische-tabakentwoehnung\/","url":"https:\/\/rauchfrei.at\/schulische-tabakentwoehnung\/","name":"Schulische Tabakentw\u00f6hnung - Rauchfrei Telefon","isPartOf":{"@id":"https:\/\/rauchfrei.at\/#website"},"datePublished":"2018-07-19T07:18:55+00:00","dateModified":"2023-09-26T07:58:55+00:00","inLanguage":"en-US","potentialAction":[{"@type":"ReadAction","target":["https:\/\/rauchfrei.at\/schulische-tabakentwoehnung\/"]}]},{"@type":"WebSite","@id":"https:\/\/rauchfrei.at\/#website","url":"https:\/\/rauchfrei.at\/","name":"Rauchfrei Telefon","description":"Eine \u00f6sterreichweite Initiative der Sozialversicherungen.","potentialAction":[{"@type":"SearchAction","target":{"@type":"EntryPoint","urlTemplate":"https:\/\/rauchfrei.at\/?s={search_term_string}"},"query-input":{"@type":"PropertyValueSpecification","valueRequired":true,"valueName":"search_term_string"}}],"inLanguage":"en-US"}]}},"_links":{"self":[{"href":"https:\/\/rauchfrei.at\/en\/wp-json\/wp\/v2\/pages\/10432","targetHints":{"allow":["GET"]}}],"collection":[{"href":"https:\/\/rauchfrei.at\/en\/wp-json\/wp\/v2\/pages"}],"about":[{"href":"https:\/\/rauchfrei.at\/en\/wp-json\/wp\/v2\/types\/page"}],"author":[{"embeddable":true,"href":"https:\/\/rauchfrei.at\/en\/wp-json\/wp\/v2\/users\/11"}],"replies":[{"embeddable":true,"href":"https:\/\/rauchfrei.at\/en\/wp-json\/wp\/v2\/comments?post=10432"}],"version-history":[{"count":8,"href":"https:\/\/rauchfrei.at\/en\/wp-json\/wp\/v2\/pages\/10432\/revisions"}],"predecessor-version":[{"id":27573,"href":"https:\/\/rauchfrei.at\/en\/wp-json\/wp\/v2\/pages\/10432\/revisions\/27573"}],"wp:attachment":[{"href":"https:\/\/rauchfrei.at\/en\/wp-json\/wp\/v2\/media?parent=10432"}],"curies":[{"name":"wp","href":"https:\/\/api.w.org\/{rel}","templated":true}]}}