
{"id":111,"date":"2012-02-28T11:42:53","date_gmt":"2012-02-28T11:42:53","guid":{"rendered":"http:\/\/web362.itscserver.org\/wordpress\/?page_id=111"},"modified":"2012-07-09T21:27:07","modified_gmt":"2012-07-09T21:27:07","slug":"ihr-kind-raucht-mit","status":"publish","type":"page","link":"https:\/\/rauchfrei.at\/en\/fakten\/eltern-kinder\/ihr-kind-raucht-mit\/","title":{"rendered":"Ihr Kind raucht mit"},"content":{"rendered":"<p>Tabakrauch ist giftiger und gef\u00e4hrlicher als die meisten anderen Schadstoffe, denen wir t\u00e4glich ausgesetzt sind. Er ist der bedeutendste vermeidbare Innenraumschadstoff. Der Passivrauch, den Kinder und Jugendliche oft unfreiwillig einatmen, ist ebenfalls nachweislich gesundheitssch\u00e4dlich.<\/p>\n<p>Die Giftstoffe setzen sich in Teppichen, M\u00f6beln und Vorh\u00e4ngen fest und sind auch lange nachdem im Raum geraucht worden ist, gef\u00e4hrlich. L\u00fcften reicht nicht aus, um die Giftstoffe aus einem verrauchten Raum zu entfernen.<\/p>\n<p>Mehr dazu: <a title=\"Passivrauch\" href=\"\/fakten\/passivrauch\/\">Passivrauchbelastung bei Kindern<\/a><\/p>\n<p>&nbsp;<\/p>\n","protected":false},"excerpt":{"rendered":"<p>Tabakrauch ist giftiger und gef\u00e4hrlicher als die meisten anderen Schadstoffe, denen wir t\u00e4glich ausgesetzt sind. Er ist der bedeutendste vermeidbare Innenraumschadstoff. Der Passivrauch, den Kinder und Jugendliche oft unfreiwillig einatmen, ist ebenfalls nachweislich gesundheitssch\u00e4dlich. Die Giftstoffe setzen sich in Teppichen, M\u00f6beln und Vorh\u00e4ngen fest und sind auch lange nachdem im Raum geraucht worden ist, gef\u00e4hrlich. [&hellip;]<\/p>\n","protected":false},"author":2,"featured_media":0,"parent":109,"menu_order":0,"comment_status":"closed","ping_status":"open","template":"","meta":{"_et_pb_use_builder":"","_et_pb_old_content":"","_et_gb_content_width":"","footnotes":""},"class_list":["post-111","page","type-page","status-publish","hentry"],"yoast_head":"<!-- This site is optimized with the Yoast SEO plugin v26.2 - https:\/\/yoast.com\/wordpress\/plugins\/seo\/ -->\n<title>Ihr Kind raucht mit - Rauchfrei Telefon<\/title>\n<meta name=\"robots\" content=\"index, follow, max-snippet:-1, max-image-preview:large, max-video-preview:-1\" \/>\n<link rel=\"canonical\" href=\"https:\/\/rauchfrei.at\/fakten\/eltern-kinder\/ihr-kind-raucht-mit\/\" \/>\n<meta property=\"og:locale\" content=\"en_US\" \/>\n<meta property=\"og:type\" content=\"article\" \/>\n<meta property=\"og:title\" content=\"Ihr Kind raucht mit - Rauchfrei Telefon\" \/>\n<meta property=\"og:description\" content=\"Tabakrauch ist giftiger und gef\u00e4hrlicher als die meisten anderen Schadstoffe, denen wir t\u00e4glich ausgesetzt sind. Er ist der bedeutendste vermeidbare Innenraumschadstoff. Der Passivrauch, den Kinder und Jugendliche oft unfreiwillig einatmen, ist ebenfalls nachweislich gesundheitssch\u00e4dlich. Die Giftstoffe setzen sich in Teppichen, M\u00f6beln und Vorh\u00e4ngen fest und sind auch lange nachdem im Raum geraucht worden ist, gef\u00e4hrlich. [&hellip;]\" \/>\n<meta property=\"og:url\" content=\"https:\/\/rauchfrei.at\/fakten\/eltern-kinder\/ihr-kind-raucht-mit\/\" \/>\n<meta property=\"og:site_name\" content=\"Rauchfrei Telefon\" \/>\n<meta property=\"article:modified_time\" content=\"2012-07-09T21:27:07+00:00\" \/>\n<meta name=\"twitter:card\" content=\"summary_large_image\" \/>\n<script type=\"application\/ld+json\" class=\"yoast-schema-graph\">{\"@context\":\"https:\/\/schema.org\",\"@graph\":[{\"@type\":\"WebPage\",\"@id\":\"https:\/\/rauchfrei.at\/fakten\/eltern-kinder\/ihr-kind-raucht-mit\/\",\"url\":\"https:\/\/rauchfrei.at\/fakten\/eltern-kinder\/ihr-kind-raucht-mit\/\",\"name\":\"Ihr Kind raucht mit - Rauchfrei Telefon\",\"isPartOf\":{\"@id\":\"https:\/\/rauchfrei.at\/#website\"},\"datePublished\":\"2012-02-28T11:42:53+00:00\",\"dateModified\":\"2012-07-09T21:27:07+00:00\",\"breadcrumb\":{\"@id\":\"https:\/\/rauchfrei.at\/fakten\/eltern-kinder\/ihr-kind-raucht-mit\/#breadcrumb\"},\"inLanguage\":\"en-US\",\"potentialAction\":[{\"@type\":\"ReadAction\",\"target\":[\"https:\/\/rauchfrei.at\/fakten\/eltern-kinder\/ihr-kind-raucht-mit\/\"]}]},{\"@type\":\"BreadcrumbList\",\"@id\":\"https:\/\/rauchfrei.at\/fakten\/eltern-kinder\/ihr-kind-raucht-mit\/#breadcrumb\",\"itemListElement\":[{\"@type\":\"ListItem\",\"position\":1,\"name\":\"Fakten\",\"item\":\"https:\/\/rauchfrei.at\/fakten\/\"},{\"@type\":\"ListItem\",\"position\":2,\"name\":\"Eltern &#038; Kinder\",\"item\":\"https:\/\/rauchfrei.at\/fakten\/eltern-kinder\/\"},{\"@type\":\"ListItem\",\"position\":3,\"name\":\"Ihr Kind raucht mit\"}]},{\"@type\":\"WebSite\",\"@id\":\"https:\/\/rauchfrei.at\/#website\",\"url\":\"https:\/\/rauchfrei.at\/\",\"name\":\"Rauchfrei Telefon\",\"description\":\"Eine \u00f6sterreichweite Initiative der Sozialversicherungen.\",\"potentialAction\":[{\"@type\":\"SearchAction\",\"target\":{\"@type\":\"EntryPoint\",\"urlTemplate\":\"https:\/\/rauchfrei.at\/?s={search_term_string}\"},\"query-input\":{\"@type\":\"PropertyValueSpecification\",\"valueRequired\":true,\"valueName\":\"search_term_string\"}}],\"inLanguage\":\"en-US\"}]}<\/script>\n<!-- \/ Yoast SEO plugin. -->","yoast_head_json":{"title":"Ihr Kind raucht mit - Rauchfrei Telefon","robots":{"index":"index","follow":"follow","max-snippet":"max-snippet:-1","max-image-preview":"max-image-preview:large","max-video-preview":"max-video-preview:-1"},"canonical":"https:\/\/rauchfrei.at\/fakten\/eltern-kinder\/ihr-kind-raucht-mit\/","og_locale":"en_US","og_type":"article","og_title":"Ihr Kind raucht mit - Rauchfrei Telefon","og_description":"Tabakrauch ist giftiger und gef\u00e4hrlicher als die meisten anderen Schadstoffe, denen wir t\u00e4glich ausgesetzt sind. Er ist der bedeutendste vermeidbare Innenraumschadstoff. Der Passivrauch, den Kinder und Jugendliche oft unfreiwillig einatmen, ist ebenfalls nachweislich gesundheitssch\u00e4dlich. Die Giftstoffe setzen sich in Teppichen, M\u00f6beln und Vorh\u00e4ngen fest und sind auch lange nachdem im Raum geraucht worden ist, gef\u00e4hrlich. [&hellip;]","og_url":"https:\/\/rauchfrei.at\/fakten\/eltern-kinder\/ihr-kind-raucht-mit\/","og_site_name":"Rauchfrei Telefon","article_modified_time":"2012-07-09T21:27:07+00:00","twitter_card":"summary_large_image","schema":{"@context":"https:\/\/schema.org","@graph":[{"@type":"WebPage","@id":"https:\/\/rauchfrei.at\/fakten\/eltern-kinder\/ihr-kind-raucht-mit\/","url":"https:\/\/rauchfrei.at\/fakten\/eltern-kinder\/ihr-kind-raucht-mit\/","name":"Ihr Kind raucht mit - Rauchfrei Telefon","isPartOf":{"@id":"https:\/\/rauchfrei.at\/#website"},"datePublished":"2012-02-28T11:42:53+00:00","dateModified":"2012-07-09T21:27:07+00:00","breadcrumb":{"@id":"https:\/\/rauchfrei.at\/fakten\/eltern-kinder\/ihr-kind-raucht-mit\/#breadcrumb"},"inLanguage":"en-US","potentialAction":[{"@type":"ReadAction","target":["https:\/\/rauchfrei.at\/fakten\/eltern-kinder\/ihr-kind-raucht-mit\/"]}]},{"@type":"BreadcrumbList","@id":"https:\/\/rauchfrei.at\/fakten\/eltern-kinder\/ihr-kind-raucht-mit\/#breadcrumb","itemListElement":[{"@type":"ListItem","position":1,"name":"Fakten","item":"https:\/\/rauchfrei.at\/fakten\/"},{"@type":"ListItem","position":2,"name":"Eltern &#038; Kinder","item":"https:\/\/rauchfrei.at\/fakten\/eltern-kinder\/"},{"@type":"ListItem","position":3,"name":"Ihr Kind raucht mit"}]},{"@type":"WebSite","@id":"https:\/\/rauchfrei.at\/#website","url":"https:\/\/rauchfrei.at\/","name":"Rauchfrei Telefon","description":"Eine \u00f6sterreichweite Initiative der Sozialversicherungen.","potentialAction":[{"@type":"SearchAction","target":{"@type":"EntryPoint","urlTemplate":"https:\/\/rauchfrei.at\/?s={search_term_string}"},"query-input":{"@type":"PropertyValueSpecification","valueRequired":true,"valueName":"search_term_string"}}],"inLanguage":"en-US"}]}},"_links":{"self":[{"href":"https:\/\/rauchfrei.at\/en\/wp-json\/wp\/v2\/pages\/111","targetHints":{"allow":["GET"]}}],"collection":[{"href":"https:\/\/rauchfrei.at\/en\/wp-json\/wp\/v2\/pages"}],"about":[{"href":"https:\/\/rauchfrei.at\/en\/wp-json\/wp\/v2\/types\/page"}],"author":[{"embeddable":true,"href":"https:\/\/rauchfrei.at\/en\/wp-json\/wp\/v2\/users\/2"}],"replies":[{"embeddable":true,"href":"https:\/\/rauchfrei.at\/en\/wp-json\/wp\/v2\/comments?post=111"}],"version-history":[{"count":5,"href":"https:\/\/rauchfrei.at\/en\/wp-json\/wp\/v2\/pages\/111\/revisions"}],"predecessor-version":[{"id":3261,"href":"https:\/\/rauchfrei.at\/en\/wp-json\/wp\/v2\/pages\/111\/revisions\/3261"}],"up":[{"embeddable":true,"href":"https:\/\/rauchfrei.at\/en\/wp-json\/wp\/v2\/pages\/109"}],"wp:attachment":[{"href":"https:\/\/rauchfrei.at\/en\/wp-json\/wp\/v2\/media?parent=111"}],"curies":[{"name":"wp","href":"https:\/\/api.w.org\/{rel}","templated":true}]}}