
{"id":11269,"date":"2018-10-02T13:35:07","date_gmt":"2018-10-02T11:35:07","guid":{"rendered":"http:\/\/rauchfrei.at\/?page_id=11269"},"modified":"2020-03-23T19:41:54","modified_gmt":"2020-03-23T17:41:54","slug":"tabakgesetz","status":"publish","type":"page","link":"https:\/\/rauchfrei.at\/en\/tabakgesetz\/","title":{"rendered":"Tabakgesetz"},"content":{"rendered":"<p>[et_pb_section fb_built=&#8221;1&#8243; custom_padding_last_edited=&#8221;off|&#8221; module_class=&#8221;header&#8221; _builder_version=&#8221;3.22&#8243; background_color=&#8221;#67BAD3&#8243; custom_margin=&#8221;||0px|&#8221; custom_padding=&#8221;100px||10px|&#8221;][et_pb_row _builder_version=&#8221;3.25&#8243; custom_margin=&#8221;||0px|&#8221; custom_padding=&#8221;||0px|&#8221;][et_pb_column type=&#8221;4_4&#8243; _builder_version=&#8221;3.25&#8243; custom_padding=&#8221;||0px|&#8221; custom_padding__hover=&#8221;|||&#8221;][et_pb_text admin_label=&#8221;Blue Background Header&#8221; _builder_version=&#8221;3.27.4&#8243; custom_margin=&#8221;||0px|&#8221; custom_padding=&#8221;||0px|&#8221;]<\/p>\n<h1>Das Tabak- und Nichtraucherschutzgesetz (TNRSG)<\/h1>\n<h2><\/h2>\n<p>[\/et_pb_text][\/et_pb_column][\/et_pb_row][\/et_pb_section][et_pb_section fb_built=&#8221;1&#8243; _builder_version=&#8221;3.22&#8243;][et_pb_row _builder_version=&#8221;3.25&#8243; background_size=&#8221;initial&#8221; background_position=&#8221;top_left&#8221; background_repeat=&#8221;repeat&#8221; column_structure=&#8221;2_3,1_3&#8243;][et_pb_column type=&#8221;2_3&#8243; _builder_version=&#8221;3.25&#8243; custom_padding=&#8221;|||&#8221; custom_padding__hover=&#8221;|||&#8221;][et_pb_text admin_label=&#8221;TNRSG&#8221; _builder_version=&#8221;4.1&#8243; z_index_tablet=&#8221;500&#8243; hover_enabled=&#8221;0&#8243;]<\/p>\n<p>Seit 1. Mai 2018 ist das aktuelle Tabak- und Nichtraucher\/innenschutzgesetz (TNSRG) in Kraft. Der Langtitel lautet: Bundesgesetz \u00fcber das Herstellen und Inverkehrbringen von Tabakerzeugnissen und verwandten Erzeugnissen sowie die Werbung f\u00fcr Tabakerzeugnisse und verwandte Erzeugnisse und den Nichtraucherinnen- bzw. Nichtraucherschutz (Tabak- und Nichtraucherinnen- bzw. Nichtraucherschutzgesetz)<\/p>\n<p>Dieses Gesetz regelt unter anderem die Bestimmungen zu Inhaltsstoffen, zur Verpackung und Bewerbung der Produkte, zu den kombinierten gesundheitsbezogenen Warnhinweisen, zur Kontrolle der genannten Bereiche und zum Nichtraucher\/innenschutz. Die Ausnahmeregelung f\u00fcr die Gastronomie (\u00a713a) wird mit 1.11.2019 aufgehoben. Das Rauchverbot gilt umfassend f\u00fcr die Gastronomie.<\/p>\n<h3>Einige ausgew\u00e4hlte Punkte aus dem TNSRG:<\/h3>\n<ul>\n<li>Es gilt ein generelles Rauchverbot in geschlossenen Verkehrsmitteln (Auto) wenn sich Jugendliche unter 18 Jahren darin befinden (TNRSG \u00a7 12 Abs. 4).<\/li>\n<li>Es gilt ein bundesweites Verkaufsverbot an Jugendliche unter 18 Jahre.<\/li>\n<li>Die Bestimmungen des Tabak- und Nichtraucher\/innenschutzgesetzes gelten auch f\u00fcr verwandte Produkte wie z.B. E-Zigaretten, Wasserpfeifentabak, Wasserpfeifen, Kautabak oder pflanzliche Raucherzeugnisse (TNRSG \u00a7 1a bis 1f).<\/li>\n<\/ul>\n<h3>Rauchverbot gilt in R\u00e4umen f\u00fcr \u00a712 (1)<\/h3>\n<ul>\n<li>Unterrichts- und Fortbildungszwecke<\/li>\n<li>\u00a0Verhandlungszwecke<\/li>\n<li>schulsportliche Bet\u00e4tigung, schulische oder solche Einrichtungen, in denen Kinder oder Jugendliche beaufsichtigt, aufgenommen oder beherbergt werden, einschlie\u00dflich der dazugeh\u00f6rigen Freifl\u00e4chen,<\/li>\n<li>die Herstellung, Verarbeitung, Verabreichung oder Einnahme von Speisen oder Getr\u00e4nken sowie die in Gastronomiebetrieben f\u00fcr alle den G\u00e4sten zur Verf\u00fcgung stehenden Bereiche, ausgenommen Freifl\u00e4chen.<\/li>\n<li>Rauchverbot gilt auch in Mehrzweckhallen bzw. Mehrzweckr\u00e4umen. Miterfasst sind auch nicht ortsfeste Einrichtungen, insbesondere Festzelte.<\/li>\n<li>Rauchverbot gilt auch in R\u00e4umen, in denen Vereinst\u00e4tigkeiten im Beisein von Kindern und Jugendlichen ausge\u00fcbt werden, sowie in R\u00e4umen, in denen Vereine Veranstaltungen, auch ohne Gewinnerzielungsabsicht, abhalten. Es ist dabei unbeachtlich, ob der Zutritt nur auf einen im Vorhinein bestimmten Personenkreis beschr\u00e4nkt ist. Dar\u00fcber hinaus gilt das Rauchverbot f\u00fcr Vereine dann, wenn durch die Vereinsaktivit\u00e4ten eine Umgehung der Bestimmungen gem\u00e4\u00df Abs. 1 oder 2 erfolgt.<\/li>\n<li>Rauchverbot gilt auch f\u00fcr geschlossene \u00f6ffentliche und private Verkehrsmittel zur entgeltlichen oder gewerblichen Personenbef\u00f6rderung. Dies gilt auch in nicht der entgeltlichen oder gewerblichen Personenbef\u00f6rderung dienenden Verkehrsmitteln, wenn sich im Fahrzeug eine Person befindet, die das 18. Lebensjahr noch nicht vollendet hat.<\/li>\n<li>Die Regelungen des Rauchverbotes im Sinne dieser Bestimmung erstrecken sich auch auf die Verwendung von verwandten Erzeugnissen und von Wasserpfeifen.\n<p>Im Paragraf 13 ist der Nichtraucherinnen- und Nichtraucherschutz in sonstigen R\u00e4umen \u00f6ffentlicher Orte geregelt, in den z.B. Beherbergungsbetriebe fallen.<\/p>\n<\/li>\n<\/ul>\n<h2>\u00a0<\/h2>\n<h2>Weitere Infos<\/h2>\n<p><a href=\"https:\/\/www.ris.bka.gv.at\/\" target=\"_blank\" rel=\"noopener noreferrer\"><span class=\"st\">Rechtsinformationssystem des Bundes<\/span> &#8211; RIS<\/a><br \/><a href=\"https:\/\/www.oesterreich.gv.at\/themen\/leben_in_oesterreich\/ombudsstellen_und_anwaltschaften\/Seite.3240023.html\" target=\"_blank\" rel=\"noopener noreferrer\">Ombudsstelle f\u00fcr Nichtraucherschutz<\/a><\/p>\n<p>&nbsp;<\/p>\n<p>[\/et_pb_text][\/et_pb_column][et_pb_column type=&#8221;1_3&#8243; _builder_version=&#8221;3.25&#8243; custom_padding=&#8221;|||&#8221; custom_padding__hover=&#8221;|||&#8221;][et_pb_dp_dmb_module_10093 farbe=&#8221;blitzgelb&#8221; headline=&#8221;Rufen Sie uns an! &#8221; image=&#8221;https:\/\/rauchfrei.at\/wp-content\/uploads\/rauchfrei-psychologin-gelb.png&#8221; image_position=&#8221;center&#8221; link_text=&#8221;mehr&#8221; link_url=&#8221;https:\/\/rauchfrei.at\/beratung-vom-rauchfrei-telefon\/&#8221; image_size=&#8221;80&#8243; admin_label=&#8221;Rufen Sie uns an!&#8221; _builder_version=&#8221;3.19.15&#8243; global_module=&#8221;13167&#8243; saved_tabs=&#8221;all&#8221;]<\/p>\n<p>Wir beraten und informieren Sie gerne!<\/p>\n<p>[\/et_pb_dp_dmb_module_10093][\/et_pb_column][\/et_pb_row][\/et_pb_section]<\/p>\n","protected":false},"excerpt":{"rendered":"<p>Das Tabak- und Nichtraucherschutzgesetz (TNRSG) Seit 1. Mai 2018 ist das aktuelle Tabak- und Nichtraucher\/innenschutzgesetz (TNSRG) in Kraft. Der Langtitel lautet: Bundesgesetz \u00fcber das Herstellen und Inverkehrbringen von Tabakerzeugnissen und verwandten Erzeugnissen sowie die Werbung f\u00fcr Tabakerzeugnisse und verwandte Erzeugnisse und den Nichtraucherinnen- bzw. Nichtraucherschutz (Tabak- und Nichtraucherinnen- bzw. Nichtraucherschutzgesetz) Dieses Gesetz regelt unter anderem [&hellip;]<\/p>\n","protected":false},"author":11,"featured_media":0,"parent":0,"menu_order":0,"comment_status":"closed","ping_status":"closed","template":"","meta":{"_et_pb_use_builder":"on","_et_pb_old_content":"","_et_gb_content_width":"","footnotes":""},"class_list":["post-11269","page","type-page","status-publish","hentry"],"yoast_head":"<!-- This site is optimized with the Yoast SEO plugin v26.2 - https:\/\/yoast.com\/wordpress\/plugins\/seo\/ -->\n<title>Tabakgesetz - Rauchfrei Telefon<\/title>\n<meta name=\"robots\" content=\"index, follow, max-snippet:-1, max-image-preview:large, max-video-preview:-1\" \/>\n<link rel=\"canonical\" href=\"https:\/\/rauchfrei.at\/tabakgesetz\/\" \/>\n<meta property=\"og:locale\" content=\"en_US\" \/>\n<meta property=\"og:type\" content=\"article\" \/>\n<meta property=\"og:title\" content=\"Tabakgesetz - Rauchfrei Telefon\" \/>\n<meta property=\"og:description\" content=\"Das Tabak- und Nichtraucherschutzgesetz (TNRSG) Seit 1. Mai 2018 ist das aktuelle Tabak- und Nichtraucher\/innenschutzgesetz (TNSRG) in Kraft. Der Langtitel lautet: Bundesgesetz \u00fcber das Herstellen und Inverkehrbringen von Tabakerzeugnissen und verwandten Erzeugnissen sowie die Werbung f\u00fcr Tabakerzeugnisse und verwandte Erzeugnisse und den Nichtraucherinnen- bzw. Nichtraucherschutz (Tabak- und Nichtraucherinnen- bzw. Nichtraucherschutzgesetz) Dieses Gesetz regelt unter anderem [&hellip;]\" \/>\n<meta property=\"og:url\" content=\"https:\/\/rauchfrei.at\/tabakgesetz\/\" \/>\n<meta property=\"og:site_name\" content=\"Rauchfrei Telefon\" \/>\n<meta property=\"article:modified_time\" content=\"2020-03-23T17:41:54+00:00\" \/>\n<meta name=\"twitter:card\" content=\"summary_large_image\" \/>\n<meta name=\"twitter:label1\" content=\"Est. reading time\" \/>\n\t<meta name=\"twitter:data1\" content=\"3 minutes\" \/>\n<script type=\"application\/ld+json\" class=\"yoast-schema-graph\">{\"@context\":\"https:\/\/schema.org\",\"@graph\":[{\"@type\":\"WebPage\",\"@id\":\"https:\/\/rauchfrei.at\/tabakgesetz\/\",\"url\":\"https:\/\/rauchfrei.at\/tabakgesetz\/\",\"name\":\"Tabakgesetz - Rauchfrei Telefon\",\"isPartOf\":{\"@id\":\"https:\/\/rauchfrei.at\/#website\"},\"datePublished\":\"2018-10-02T11:35:07+00:00\",\"dateModified\":\"2020-03-23T17:41:54+00:00\",\"inLanguage\":\"en-US\",\"potentialAction\":[{\"@type\":\"ReadAction\",\"target\":[\"https:\/\/rauchfrei.at\/tabakgesetz\/\"]}]},{\"@type\":\"WebSite\",\"@id\":\"https:\/\/rauchfrei.at\/#website\",\"url\":\"https:\/\/rauchfrei.at\/\",\"name\":\"Rauchfrei Telefon\",\"description\":\"Eine \u00f6sterreichweite Initiative der Sozialversicherungen.\",\"potentialAction\":[{\"@type\":\"SearchAction\",\"target\":{\"@type\":\"EntryPoint\",\"urlTemplate\":\"https:\/\/rauchfrei.at\/?s={search_term_string}\"},\"query-input\":{\"@type\":\"PropertyValueSpecification\",\"valueRequired\":true,\"valueName\":\"search_term_string\"}}],\"inLanguage\":\"en-US\"}]}<\/script>\n<!-- \/ Yoast SEO plugin. -->","yoast_head_json":{"title":"Tabakgesetz - Rauchfrei Telefon","robots":{"index":"index","follow":"follow","max-snippet":"max-snippet:-1","max-image-preview":"max-image-preview:large","max-video-preview":"max-video-preview:-1"},"canonical":"https:\/\/rauchfrei.at\/tabakgesetz\/","og_locale":"en_US","og_type":"article","og_title":"Tabakgesetz - Rauchfrei Telefon","og_description":"Das Tabak- und Nichtraucherschutzgesetz (TNRSG) Seit 1. Mai 2018 ist das aktuelle Tabak- und Nichtraucher\/innenschutzgesetz (TNSRG) in Kraft. Der Langtitel lautet: Bundesgesetz \u00fcber das Herstellen und Inverkehrbringen von Tabakerzeugnissen und verwandten Erzeugnissen sowie die Werbung f\u00fcr Tabakerzeugnisse und verwandte Erzeugnisse und den Nichtraucherinnen- bzw. Nichtraucherschutz (Tabak- und Nichtraucherinnen- bzw. Nichtraucherschutzgesetz) Dieses Gesetz regelt unter anderem [&hellip;]","og_url":"https:\/\/rauchfrei.at\/tabakgesetz\/","og_site_name":"Rauchfrei Telefon","article_modified_time":"2020-03-23T17:41:54+00:00","twitter_card":"summary_large_image","twitter_misc":{"Est. reading time":"3 minutes"},"schema":{"@context":"https:\/\/schema.org","@graph":[{"@type":"WebPage","@id":"https:\/\/rauchfrei.at\/tabakgesetz\/","url":"https:\/\/rauchfrei.at\/tabakgesetz\/","name":"Tabakgesetz - Rauchfrei Telefon","isPartOf":{"@id":"https:\/\/rauchfrei.at\/#website"},"datePublished":"2018-10-02T11:35:07+00:00","dateModified":"2020-03-23T17:41:54+00:00","inLanguage":"en-US","potentialAction":[{"@type":"ReadAction","target":["https:\/\/rauchfrei.at\/tabakgesetz\/"]}]},{"@type":"WebSite","@id":"https:\/\/rauchfrei.at\/#website","url":"https:\/\/rauchfrei.at\/","name":"Rauchfrei Telefon","description":"Eine \u00f6sterreichweite Initiative der Sozialversicherungen.","potentialAction":[{"@type":"SearchAction","target":{"@type":"EntryPoint","urlTemplate":"https:\/\/rauchfrei.at\/?s={search_term_string}"},"query-input":{"@type":"PropertyValueSpecification","valueRequired":true,"valueName":"search_term_string"}}],"inLanguage":"en-US"}]}},"_links":{"self":[{"href":"https:\/\/rauchfrei.at\/en\/wp-json\/wp\/v2\/pages\/11269","targetHints":{"allow":["GET"]}}],"collection":[{"href":"https:\/\/rauchfrei.at\/en\/wp-json\/wp\/v2\/pages"}],"about":[{"href":"https:\/\/rauchfrei.at\/en\/wp-json\/wp\/v2\/types\/page"}],"author":[{"embeddable":true,"href":"https:\/\/rauchfrei.at\/en\/wp-json\/wp\/v2\/users\/11"}],"replies":[{"embeddable":true,"href":"https:\/\/rauchfrei.at\/en\/wp-json\/wp\/v2\/comments?post=11269"}],"version-history":[{"count":5,"href":"https:\/\/rauchfrei.at\/en\/wp-json\/wp\/v2\/pages\/11269\/revisions"}],"predecessor-version":[{"id":18440,"href":"https:\/\/rauchfrei.at\/en\/wp-json\/wp\/v2\/pages\/11269\/revisions\/18440"}],"wp:attachment":[{"href":"https:\/\/rauchfrei.at\/en\/wp-json\/wp\/v2\/media?parent=11269"}],"curies":[{"name":"wp","href":"https:\/\/api.w.org\/{rel}","templated":true}]}}