
{"id":113,"date":"2012-02-28T11:43:17","date_gmt":"2012-02-28T11:43:17","guid":{"rendered":"http:\/\/web362.itscserver.org\/wordpress\/?page_id=113"},"modified":"2012-04-17T10:19:08","modified_gmt":"2012-04-17T10:19:08","slug":"kinder-lernen-rauchen","status":"publish","type":"page","link":"https:\/\/rauchfrei.at\/en\/fakten\/eltern-kinder\/kinder-lernen-rauchen\/","title":{"rendered":"Kinder lernen rauchen"},"content":{"rendered":"<p>Rauchende Eltern sind oft ein wesentlicher Grund, warum Jugendliche mit dem Rauchen beginnen.<\/p>\n<p>Kinder lernen viele Verhaltensweisen durch Modelllernen, das hei\u00dft, sie ahmen Verhaltensweisen nach, die sie bei vertrauten Personen beobachten. So wird auch das Rauchverhalten gelernt (von Troschke, 1989). Schon im Alter zwischen zwei und sechs Jahren ahmen Kinder bei Rollenspielen Zigarettenrauchen nach.<\/p>\n<p>Bei Jugendlichen werden die Rituale des Rauchens interessant und werden zur Identit\u00e4tsbildung verwendet. Oft wird die Zigarette als Symbol von Freiheit und Selbst\u00e4ndigkeit gegen\u00fcber den Eltern gesehen. Aufgrund des hohen Suchtpotentials des Nikotins wird das Symbol dann schnell zur regelm\u00e4\u00dfigen Gewohnheit, die oft zur k\u00f6rperlichen und psychischen Abh\u00e4ngigkeit f\u00fchrt.<\/p>\n<p>Beg\u00fcnstigt wird der Einstieg zudem durch<\/p>\n<ul>\n<li>den Einfluss gleichaltriger Freunde<\/li>\n<li>Zigaretten, die durch Zusatzstoffe z.B. Kakao und Menthol das Rauchen vertr\u00e4glicher machen<\/li>\n<li>Werbung, die gezielt die Motivation von Kindern und Jugendlichen zum Rauchen verst\u00e4rkt<\/li>\n<\/ul>\n<p>In \u00d6sterreich werden die Kinder, die zu rauchen beginnen, immer j\u00fcnger. Aktuell liegt das Einstiegsalter bei elf Jahren, so fr\u00fch wie in kaum einem anderen Land weltweit. Je eher der Tabakkonsum beginnt, desto schwieriger ist es, das Rauchen sp\u00e4ter wieder aufzugeben.<\/p>\n","protected":false},"excerpt":{"rendered":"<p>Rauchende Eltern sind oft ein wesentlicher Grund, warum Jugendliche mit dem Rauchen beginnen. Kinder lernen viele Verhaltensweisen durch Modelllernen, das hei\u00dft, sie ahmen Verhaltensweisen nach, die sie bei vertrauten Personen beobachten. So wird auch das Rauchverhalten gelernt (von Troschke, 1989). Schon im Alter zwischen zwei und sechs Jahren ahmen Kinder bei Rollenspielen Zigarettenrauchen nach. Bei [&hellip;]<\/p>\n","protected":false},"author":2,"featured_media":0,"parent":109,"menu_order":0,"comment_status":"closed","ping_status":"open","template":"","meta":{"_et_pb_use_builder":"","_et_pb_old_content":"","_et_gb_content_width":"","footnotes":""},"class_list":["post-113","page","type-page","status-publish","hentry"],"yoast_head":"<!-- This site is optimized with the Yoast SEO plugin v26.2 - https:\/\/yoast.com\/wordpress\/plugins\/seo\/ -->\n<title>Kinder lernen rauchen - Rauchfrei Telefon<\/title>\n<meta name=\"robots\" content=\"index, follow, max-snippet:-1, max-image-preview:large, max-video-preview:-1\" \/>\n<link rel=\"canonical\" href=\"https:\/\/rauchfrei.at\/fakten\/eltern-kinder\/kinder-lernen-rauchen\/\" \/>\n<meta property=\"og:locale\" content=\"en_US\" \/>\n<meta property=\"og:type\" content=\"article\" \/>\n<meta property=\"og:title\" content=\"Kinder lernen rauchen - Rauchfrei Telefon\" \/>\n<meta property=\"og:description\" content=\"Rauchende Eltern sind oft ein wesentlicher Grund, warum Jugendliche mit dem Rauchen beginnen. Kinder lernen viele Verhaltensweisen durch Modelllernen, das hei\u00dft, sie ahmen Verhaltensweisen nach, die sie bei vertrauten Personen beobachten. So wird auch das Rauchverhalten gelernt (von Troschke, 1989). Schon im Alter zwischen zwei und sechs Jahren ahmen Kinder bei Rollenspielen Zigarettenrauchen nach. Bei [&hellip;]\" \/>\n<meta property=\"og:url\" content=\"https:\/\/rauchfrei.at\/fakten\/eltern-kinder\/kinder-lernen-rauchen\/\" \/>\n<meta property=\"og:site_name\" content=\"Rauchfrei Telefon\" \/>\n<meta property=\"article:modified_time\" content=\"2012-04-17T10:19:08+00:00\" \/>\n<meta name=\"twitter:card\" content=\"summary_large_image\" \/>\n<meta name=\"twitter:label1\" content=\"Est. reading time\" \/>\n\t<meta name=\"twitter:data1\" content=\"1 minute\" \/>\n<script type=\"application\/ld+json\" class=\"yoast-schema-graph\">{\"@context\":\"https:\/\/schema.org\",\"@graph\":[{\"@type\":\"WebPage\",\"@id\":\"https:\/\/rauchfrei.at\/fakten\/eltern-kinder\/kinder-lernen-rauchen\/\",\"url\":\"https:\/\/rauchfrei.at\/fakten\/eltern-kinder\/kinder-lernen-rauchen\/\",\"name\":\"Kinder lernen rauchen - Rauchfrei Telefon\",\"isPartOf\":{\"@id\":\"https:\/\/rauchfrei.at\/#website\"},\"datePublished\":\"2012-02-28T11:43:17+00:00\",\"dateModified\":\"2012-04-17T10:19:08+00:00\",\"breadcrumb\":{\"@id\":\"https:\/\/rauchfrei.at\/fakten\/eltern-kinder\/kinder-lernen-rauchen\/#breadcrumb\"},\"inLanguage\":\"en-US\",\"potentialAction\":[{\"@type\":\"ReadAction\",\"target\":[\"https:\/\/rauchfrei.at\/fakten\/eltern-kinder\/kinder-lernen-rauchen\/\"]}]},{\"@type\":\"BreadcrumbList\",\"@id\":\"https:\/\/rauchfrei.at\/fakten\/eltern-kinder\/kinder-lernen-rauchen\/#breadcrumb\",\"itemListElement\":[{\"@type\":\"ListItem\",\"position\":1,\"name\":\"Fakten\",\"item\":\"https:\/\/rauchfrei.at\/fakten\/\"},{\"@type\":\"ListItem\",\"position\":2,\"name\":\"Eltern &#038; Kinder\",\"item\":\"https:\/\/rauchfrei.at\/fakten\/eltern-kinder\/\"},{\"@type\":\"ListItem\",\"position\":3,\"name\":\"Kinder lernen rauchen\"}]},{\"@type\":\"WebSite\",\"@id\":\"https:\/\/rauchfrei.at\/#website\",\"url\":\"https:\/\/rauchfrei.at\/\",\"name\":\"Rauchfrei Telefon\",\"description\":\"Eine \u00f6sterreichweite Initiative der Sozialversicherungen.\",\"potentialAction\":[{\"@type\":\"SearchAction\",\"target\":{\"@type\":\"EntryPoint\",\"urlTemplate\":\"https:\/\/rauchfrei.at\/?s={search_term_string}\"},\"query-input\":{\"@type\":\"PropertyValueSpecification\",\"valueRequired\":true,\"valueName\":\"search_term_string\"}}],\"inLanguage\":\"en-US\"}]}<\/script>\n<!-- \/ Yoast SEO plugin. -->","yoast_head_json":{"title":"Kinder lernen rauchen - Rauchfrei Telefon","robots":{"index":"index","follow":"follow","max-snippet":"max-snippet:-1","max-image-preview":"max-image-preview:large","max-video-preview":"max-video-preview:-1"},"canonical":"https:\/\/rauchfrei.at\/fakten\/eltern-kinder\/kinder-lernen-rauchen\/","og_locale":"en_US","og_type":"article","og_title":"Kinder lernen rauchen - Rauchfrei Telefon","og_description":"Rauchende Eltern sind oft ein wesentlicher Grund, warum Jugendliche mit dem Rauchen beginnen. Kinder lernen viele Verhaltensweisen durch Modelllernen, das hei\u00dft, sie ahmen Verhaltensweisen nach, die sie bei vertrauten Personen beobachten. So wird auch das Rauchverhalten gelernt (von Troschke, 1989). Schon im Alter zwischen zwei und sechs Jahren ahmen Kinder bei Rollenspielen Zigarettenrauchen nach. Bei [&hellip;]","og_url":"https:\/\/rauchfrei.at\/fakten\/eltern-kinder\/kinder-lernen-rauchen\/","og_site_name":"Rauchfrei Telefon","article_modified_time":"2012-04-17T10:19:08+00:00","twitter_card":"summary_large_image","twitter_misc":{"Est. reading time":"1 minute"},"schema":{"@context":"https:\/\/schema.org","@graph":[{"@type":"WebPage","@id":"https:\/\/rauchfrei.at\/fakten\/eltern-kinder\/kinder-lernen-rauchen\/","url":"https:\/\/rauchfrei.at\/fakten\/eltern-kinder\/kinder-lernen-rauchen\/","name":"Kinder lernen rauchen - Rauchfrei Telefon","isPartOf":{"@id":"https:\/\/rauchfrei.at\/#website"},"datePublished":"2012-02-28T11:43:17+00:00","dateModified":"2012-04-17T10:19:08+00:00","breadcrumb":{"@id":"https:\/\/rauchfrei.at\/fakten\/eltern-kinder\/kinder-lernen-rauchen\/#breadcrumb"},"inLanguage":"en-US","potentialAction":[{"@type":"ReadAction","target":["https:\/\/rauchfrei.at\/fakten\/eltern-kinder\/kinder-lernen-rauchen\/"]}]},{"@type":"BreadcrumbList","@id":"https:\/\/rauchfrei.at\/fakten\/eltern-kinder\/kinder-lernen-rauchen\/#breadcrumb","itemListElement":[{"@type":"ListItem","position":1,"name":"Fakten","item":"https:\/\/rauchfrei.at\/fakten\/"},{"@type":"ListItem","position":2,"name":"Eltern &#038; Kinder","item":"https:\/\/rauchfrei.at\/fakten\/eltern-kinder\/"},{"@type":"ListItem","position":3,"name":"Kinder lernen rauchen"}]},{"@type":"WebSite","@id":"https:\/\/rauchfrei.at\/#website","url":"https:\/\/rauchfrei.at\/","name":"Rauchfrei Telefon","description":"Eine \u00f6sterreichweite Initiative der Sozialversicherungen.","potentialAction":[{"@type":"SearchAction","target":{"@type":"EntryPoint","urlTemplate":"https:\/\/rauchfrei.at\/?s={search_term_string}"},"query-input":{"@type":"PropertyValueSpecification","valueRequired":true,"valueName":"search_term_string"}}],"inLanguage":"en-US"}]}},"_links":{"self":[{"href":"https:\/\/rauchfrei.at\/en\/wp-json\/wp\/v2\/pages\/113","targetHints":{"allow":["GET"]}}],"collection":[{"href":"https:\/\/rauchfrei.at\/en\/wp-json\/wp\/v2\/pages"}],"about":[{"href":"https:\/\/rauchfrei.at\/en\/wp-json\/wp\/v2\/types\/page"}],"author":[{"embeddable":true,"href":"https:\/\/rauchfrei.at\/en\/wp-json\/wp\/v2\/users\/2"}],"replies":[{"embeddable":true,"href":"https:\/\/rauchfrei.at\/en\/wp-json\/wp\/v2\/comments?post=113"}],"version-history":[{"count":5,"href":"https:\/\/rauchfrei.at\/en\/wp-json\/wp\/v2\/pages\/113\/revisions"}],"predecessor-version":[{"id":1237,"href":"https:\/\/rauchfrei.at\/en\/wp-json\/wp\/v2\/pages\/113\/revisions\/1237"}],"up":[{"embeddable":true,"href":"https:\/\/rauchfrei.at\/en\/wp-json\/wp\/v2\/pages\/109"}],"wp:attachment":[{"href":"https:\/\/rauchfrei.at\/en\/wp-json\/wp\/v2\/media?parent=113"}],"curies":[{"name":"wp","href":"https:\/\/api.w.org\/{rel}","templated":true}]}}