
{"id":11472,"date":"2018-10-04T11:53:35","date_gmt":"2018-10-04T09:53:35","guid":{"rendered":"http:\/\/rauchfrei.at\/?page_id=11472"},"modified":"2025-10-22T10:02:20","modified_gmt":"2025-10-22T08:02:20","slug":"downloads-tests-und-tools","status":"publish","type":"page","link":"https:\/\/rauchfrei.at\/en\/downloads-tests-und-tools\/","title":{"rendered":"Downloads, Tests und Tools"},"content":{"rendered":"<p>[et_pb_section fb_built=&#8221;1&#8243; custom_padding_last_edited=&#8221;off|&#8221; module_class=&#8221;header&#8221; _builder_version=&#8221;4.16&#8243; background_color=&#8221;#67BAD3&#8243; custom_margin=&#8221;||0px|&#8221; custom_padding=&#8221;100px||10px|&#8221; global_colors_info=&#8221;{}&#8221;][et_pb_row _builder_version=&#8221;4.16&#8243; custom_margin=&#8221;||0px|&#8221; custom_padding=&#8221;||0px|&#8221; global_colors_info=&#8221;{}&#8221;][et_pb_column type=&#8221;4_4&#8243; _builder_version=&#8221;4.16&#8243; custom_padding=&#8221;||0px|&#8221; global_colors_info=&#8221;{}&#8221; custom_padding__hover=&#8221;|||&#8221;][et_pb_text admin_label=&#8221;Blue Background Header&#8221; _builder_version=&#8221;4.16&#8243; custom_margin=&#8221;||0px|&#8221; custom_padding=&#8221;||0px|&#8221; global_colors_info=&#8221;{}&#8221;]<\/p>\n<h1>Downloads, Tests und Tools<\/h1>\n<h2>Hier finden Sie\u00a0<span style=\"font-size: 24px;\">Tests, Rechner und hilfreiche Materialien zum Rauchstopp<\/span><\/h2>\n<p>[\/et_pb_text][\/et_pb_column][\/et_pb_row][\/et_pb_section][et_pb_section fb_built=&#8221;1&#8243; _builder_version=&#8221;4.16&#8243; global_colors_info=&#8221;{}&#8221;][et_pb_row column_structure=&#8221;2_3,1_3&#8243; _builder_version=&#8221;4.16&#8243; global_colors_info=&#8221;{}&#8221;][et_pb_column type=&#8221;2_3&#8243; _builder_version=&#8221;4.16&#8243; custom_padding=&#8221;|||&#8221; global_colors_info=&#8221;{}&#8221; custom_padding__hover=&#8221;|||&#8221;][et_pb_text _builder_version=&#8221;4.27.4&#8243; global_colors_info=&#8221;{}&#8221;]<\/p>\n<p><strong>Fagerstr\u00f6mest zur Nikotinabh\u00e4ngigkeit<\/strong> &#8211; Wie <strong>abh\u00e4ngig<\/strong> ist Ihr K\u00f6rper vom Nikotin?<br \/><a href='https:\/\/rauchfrei.at\/aufhoeren\/tests-tools\/abhaengigkeits-test\/' class='small-button smallblue'>Zum Fragerstr\u00f6m-Test( FTND)<\/a><\/p>\n<p><strong>Checkliste f\u00fcr Jugendliche<\/strong> &#8211; Schon <strong>s\u00fcchtig<\/strong> nach Nikotin?<br \/><a href='https:\/\/rauchfrei.at\/aufhoeren\/tests-tools\/honc\/' class='small-button smallblue'>Zur HONC (Hooked on Nicotin Checklist)<\/a><strong><\/strong><\/p>\n<p><strong>Rauchfrei Rechner<\/strong> \u2013 <strong>Wie lange\u00a0 <\/strong>sind Sie schon rauchfrei? Wie viel <strong>Geld\u00a0 <\/strong>ersparen Sie sich durchs rauchfrei sein? <strong>Wie viele<\/strong> Zigaretten haben Sie nicht geraucht?<br \/><a href='https:\/\/rauchfrei.at\/aufhoeren\/tests-tools\/rauchfrei-rechner\/' class='small-button smallblue'>Zum Rauchfrei Rechner<\/a><\/p>\n<p>[\/et_pb_text][\/et_pb_column][et_pb_column type=&#8221;1_3&#8243; _builder_version=&#8221;4.16&#8243; custom_padding=&#8221;|||&#8221; global_colors_info=&#8221;{}&#8221; custom_padding__hover=&#8221;|||&#8221;][et_pb_dp_dmb_module_10080 link_text=&#8221;Download&#8221; link_url=&#8221;\/broschueren-downloads\/download-beratungsunterlagen\/&#8221; admin_label=&#8221;Arbeitsbl\u00e4tter&#8221; _builder_version=&#8221;3.19.15&#8243; max_width=&#8221;100%&#8221; global_module=&#8221;13623&#8243; saved_tabs=&#8221;all&#8221; global_colors_info=&#8221;{}&#8221;]<\/p>\n<p><strong>Arbeitsbl\u00e4tter<\/strong> f\u00fcr die Beratung<\/p>\n<p>[\/et_pb_dp_dmb_module_10080][et_pb_dp_dmb_module_10080 link_text=&#8221;hier downloaden&#8221; link_url=&#8221;https:\/\/rauchfrei.at\/broschueren-downloads\/download-broschueren\/&#8221; admin_label=&#8221;Materialdownloads&#8221; _builder_version=&#8221;3.19.15&#8243; global_module=&#8221;13235&#8243; saved_tabs=&#8221;all&#8221; global_colors_info=&#8221;{}&#8221;]<\/p>\n<p><span lang=\"DE-AT\"><strong>Brosch\u00fcren, Folder<\/strong> und <strong>Poster<\/strong><\/span><\/p>\n<p>[\/et_pb_dp_dmb_module_10080][\/et_pb_column][\/et_pb_row][\/et_pb_section]<\/p>\n","protected":false},"excerpt":{"rendered":"<p>Downloads, Tests und Tools Hier finden Sie\u00a0Tests, Rechner und hilfreiche Materialien zum RauchstoppFagerstr\u00f6mest zur Nikotinabh\u00e4ngigkeit &#8211; Wie abh\u00e4ngig ist Ihr K\u00f6rper vom Nikotin?<a href='https:\/\/rauchfrei.at\/aufhoeren\/tests-tools\/abhaengigkeits-test\/' class='small-button smallblue'>Zum Fragerstr\u00f6m-Test( FTND)<\/a> Checkliste f\u00fcr Jugendliche &#8211; Schon s\u00fcchtig nach Nikotin?<a href='https:\/\/rauchfrei.at\/aufhoeren\/tests-tools\/honc\/' class='small-button smallblue'>Zur HONC (Hooked on Nicotin Checklist)<\/a> Rauchfrei Rechner \u2013 Wie lange\u00a0 sind Sie schon rauchfrei? Wie viel Geld\u00a0 ersparen Sie sich [&hellip;]<\/p>\n","protected":false},"author":11,"featured_media":0,"parent":0,"menu_order":0,"comment_status":"closed","ping_status":"closed","template":"","meta":{"_et_pb_use_builder":"on","_et_pb_old_content":"","_et_gb_content_width":"","footnotes":""},"class_list":["post-11472","page","type-page","status-publish","hentry"],"yoast_head":"<!-- This site is optimized with the Yoast SEO plugin v26.2 - https:\/\/yoast.com\/wordpress\/plugins\/seo\/ -->\n<title>Downloads, Tests und Tools - Rauchfrei Telefon<\/title>\n<meta name=\"robots\" content=\"index, follow, max-snippet:-1, max-image-preview:large, max-video-preview:-1\" \/>\n<link rel=\"canonical\" href=\"https:\/\/rauchfrei.at\/downloads-tests-und-tools\/\" \/>\n<meta property=\"og:locale\" content=\"en_US\" \/>\n<meta property=\"og:type\" content=\"article\" \/>\n<meta property=\"og:title\" content=\"Downloads, Tests und Tools - Rauchfrei Telefon\" \/>\n<meta property=\"og:description\" content=\"Downloads, Tests und Tools Hier finden Sie\u00a0Tests, Rechner und hilfreiche Materialien zum RauchstoppFagerstr\u00f6mest zur Nikotinabh\u00e4ngigkeit - Wie abh\u00e4ngig ist Ihr K\u00f6rper vom Nikotin? Checkliste f\u00fcr Jugendliche - Schon s\u00fcchtig nach Nikotin? Rauchfrei Rechner \u2013 Wie lange\u00a0 sind Sie schon rauchfrei? Wie viel Geld\u00a0 ersparen Sie sich [&hellip;]\" \/>\n<meta property=\"og:url\" content=\"https:\/\/rauchfrei.at\/downloads-tests-und-tools\/\" \/>\n<meta property=\"og:site_name\" content=\"Rauchfrei Telefon\" \/>\n<meta property=\"article:modified_time\" content=\"2025-10-22T08:02:20+00:00\" \/>\n<meta name=\"twitter:card\" content=\"summary_large_image\" \/>\n<meta name=\"twitter:label1\" content=\"Est. reading time\" \/>\n\t<meta name=\"twitter:data1\" content=\"2 minutes\" \/>\n<script type=\"application\/ld+json\" class=\"yoast-schema-graph\">{\"@context\":\"https:\/\/schema.org\",\"@graph\":[{\"@type\":\"WebPage\",\"@id\":\"https:\/\/rauchfrei.at\/downloads-tests-und-tools\/\",\"url\":\"https:\/\/rauchfrei.at\/downloads-tests-und-tools\/\",\"name\":\"Downloads, Tests und Tools - Rauchfrei Telefon\",\"isPartOf\":{\"@id\":\"https:\/\/rauchfrei.at\/#website\"},\"datePublished\":\"2018-10-04T09:53:35+00:00\",\"dateModified\":\"2025-10-22T08:02:20+00:00\",\"inLanguage\":\"en-US\",\"potentialAction\":[{\"@type\":\"ReadAction\",\"target\":[\"https:\/\/rauchfrei.at\/downloads-tests-und-tools\/\"]}]},{\"@type\":\"WebSite\",\"@id\":\"https:\/\/rauchfrei.at\/#website\",\"url\":\"https:\/\/rauchfrei.at\/\",\"name\":\"Rauchfrei Telefon\",\"description\":\"Eine \u00f6sterreichweite Initiative der Sozialversicherungen.\",\"potentialAction\":[{\"@type\":\"SearchAction\",\"target\":{\"@type\":\"EntryPoint\",\"urlTemplate\":\"https:\/\/rauchfrei.at\/?s={search_term_string}\"},\"query-input\":{\"@type\":\"PropertyValueSpecification\",\"valueRequired\":true,\"valueName\":\"search_term_string\"}}],\"inLanguage\":\"en-US\"}]}<\/script>\n<!-- \/ Yoast SEO plugin. -->","yoast_head_json":{"title":"Downloads, Tests und Tools - Rauchfrei Telefon","robots":{"index":"index","follow":"follow","max-snippet":"max-snippet:-1","max-image-preview":"max-image-preview:large","max-video-preview":"max-video-preview:-1"},"canonical":"https:\/\/rauchfrei.at\/downloads-tests-und-tools\/","og_locale":"en_US","og_type":"article","og_title":"Downloads, Tests und Tools - Rauchfrei Telefon","og_description":"Downloads, Tests und Tools Hier finden Sie\u00a0Tests, Rechner und hilfreiche Materialien zum RauchstoppFagerstr\u00f6mest zur Nikotinabh\u00e4ngigkeit - Wie abh\u00e4ngig ist Ihr K\u00f6rper vom Nikotin? Checkliste f\u00fcr Jugendliche - Schon s\u00fcchtig nach Nikotin? Rauchfrei Rechner \u2013 Wie lange\u00a0 sind Sie schon rauchfrei? Wie viel Geld\u00a0 ersparen Sie sich [&hellip;]","og_url":"https:\/\/rauchfrei.at\/downloads-tests-und-tools\/","og_site_name":"Rauchfrei Telefon","article_modified_time":"2025-10-22T08:02:20+00:00","twitter_card":"summary_large_image","twitter_misc":{"Est. reading time":"2 minutes"},"schema":{"@context":"https:\/\/schema.org","@graph":[{"@type":"WebPage","@id":"https:\/\/rauchfrei.at\/downloads-tests-und-tools\/","url":"https:\/\/rauchfrei.at\/downloads-tests-und-tools\/","name":"Downloads, Tests und Tools - Rauchfrei Telefon","isPartOf":{"@id":"https:\/\/rauchfrei.at\/#website"},"datePublished":"2018-10-04T09:53:35+00:00","dateModified":"2025-10-22T08:02:20+00:00","inLanguage":"en-US","potentialAction":[{"@type":"ReadAction","target":["https:\/\/rauchfrei.at\/downloads-tests-und-tools\/"]}]},{"@type":"WebSite","@id":"https:\/\/rauchfrei.at\/#website","url":"https:\/\/rauchfrei.at\/","name":"Rauchfrei Telefon","description":"Eine \u00f6sterreichweite Initiative der Sozialversicherungen.","potentialAction":[{"@type":"SearchAction","target":{"@type":"EntryPoint","urlTemplate":"https:\/\/rauchfrei.at\/?s={search_term_string}"},"query-input":{"@type":"PropertyValueSpecification","valueRequired":true,"valueName":"search_term_string"}}],"inLanguage":"en-US"}]}},"_links":{"self":[{"href":"https:\/\/rauchfrei.at\/en\/wp-json\/wp\/v2\/pages\/11472","targetHints":{"allow":["GET"]}}],"collection":[{"href":"https:\/\/rauchfrei.at\/en\/wp-json\/wp\/v2\/pages"}],"about":[{"href":"https:\/\/rauchfrei.at\/en\/wp-json\/wp\/v2\/types\/page"}],"author":[{"embeddable":true,"href":"https:\/\/rauchfrei.at\/en\/wp-json\/wp\/v2\/users\/11"}],"replies":[{"embeddable":true,"href":"https:\/\/rauchfrei.at\/en\/wp-json\/wp\/v2\/comments?post=11472"}],"version-history":[{"count":11,"href":"https:\/\/rauchfrei.at\/en\/wp-json\/wp\/v2\/pages\/11472\/revisions"}],"predecessor-version":[{"id":31288,"href":"https:\/\/rauchfrei.at\/en\/wp-json\/wp\/v2\/pages\/11472\/revisions\/31288"}],"wp:attachment":[{"href":"https:\/\/rauchfrei.at\/en\/wp-json\/wp\/v2\/media?parent=11472"}],"curies":[{"name":"wp","href":"https:\/\/api.w.org\/{rel}","templated":true}]}}