
{"id":11570,"date":"2018-10-04T16:40:33","date_gmt":"2018-10-04T14:40:33","guid":{"rendered":"http:\/\/rauchfrei.at\/?page_id=11570"},"modified":"2018-10-04T16:42:13","modified_gmt":"2018-10-04T14:42:13","slug":"entspannung","status":"publish","type":"page","link":"https:\/\/rauchfrei.at\/en\/entspannung\/","title":{"rendered":"Entspannung"},"content":{"rendered":"<p>[et_pb_section bb_built=&#8221;1&#8243; fullwidth=&#8221;off&#8221; specialty=&#8221;off&#8221; _builder_version=&#8221;3.0.99&#8243; background_color=&#8221;#67BAD3&#8243; module_class=&#8221;header&#8221; custom_margin=&#8221;||0px|&#8221; custom_padding_last_edited=&#8221;off|&#8221; custom_padding=&#8221;100px||10px|&#8221;][et_pb_row _builder_version=&#8221;3.0.99&#8243; custom_margin=&#8221;||0px|&#8221; custom_padding=&#8221;||0px|&#8221; padding_bottom_1=&#8221;0px&#8221;][et_pb_column type=&#8221;4_4&#8243;][et_pb_text admin_label=&#8221;Blue Background Header&#8221; _builder_version=&#8221;3.0.99&#8243; background_layout=&#8221;light&#8221; custom_margin=&#8221;||0px|&#8221; custom_padding=&#8221;||0px|&#8221;]<\/p>\n<h1>Entspannung<\/h1>\n<h2>Entspannen mit Atemtechniken und Achtsamkeit<\/h2>\n<p>[\/et_pb_text][\/et_pb_column][\/et_pb_row][\/et_pb_section][et_pb_section bb_built=&#8221;1&#8243;][et_pb_row][et_pb_column type=&#8221;2_3&#8243;][et_pb_text _builder_version=&#8221;3.0.99&#8243; background_layout=&#8221;light&#8221;]<\/p>\n<p>Atemtechniken k\u00f6nnen Ihnen dabei helfen, sich zu entspannen. Nehmen Sie sich f\u00fcr die \u00dcbungen anfangs ausreichend Zeit. Einige Atemtechniken eignen sich auch f\u00fcr unterwegs und k\u00f6nnen nach mehrmaliger \u00dcbung in Stress-Situationen bewusst eingesetzt werden.<\/p>\n<blockquote><p><strong>Nutzen Sie Ihren Atem f\u00fcr bewusste Pausen und zum Entspannen.<\/strong><\/p><\/blockquote>\n<p>[\/et_pb_text][et_pb_toggle _builder_version=&#8221;3.0.99&#8243; title=&#8221;Grunds\u00e4tzliche K\u00f6rperhaltung&#8221; open=&#8221;off&#8221;]<\/p>\n<p>Setzen Sie sich in angenehmer Sitzhaltung auf einen Sessel. Halten Sie dabei den R\u00fccken gerade und die Schultern entspannt. Die F\u00fc\u00dfe stellen Sie auf den Boden, die Beine leicht angewinkelt. Schlie\u00dfen Sie die Augen und sp\u00fcren Sie den Kontakt zum Boden. Arme und H\u00e4nde sollten locker seitlich hinabh\u00e4ngen oder auf den Scho\u00df gelegt werden. Selbstverst\u00e4ndlich k\u00f6nnen alle diese \u00dcbungen auch im Liegen gemacht werden!<\/p>\n<p>[\/et_pb_toggle][et_pb_toggle _builder_version=&#8221;3.0.99&#8243; title=&#8221;Bewusstes Atmen&#8221; open=&#8221;off&#8221;]<\/p>\n<p>Atmen Sie Luft durch die Nase tief und langsam ein und nehmen Sie so viel Sauerstoff wie m\u00f6glich auf. Die Luft nun f\u00fcr f\u00fcnf Sekunden anhalten und sie dann langsam durch den Mund wieder ausatmen. Schlie\u00dfen Sie beim Ein- und Ausatmen die Augen und konzentrieren Sie sich nur auf die Atmung: \u201eJetzt atme ich ein. Jetzt atme ich aus\u201c. Wiederholen Sie diese \u00dcbung einige Male. Bereits dieses bewusste Ein- und Ausatmen entspannt.<\/p>\n<p><strong>\u00a0<\/strong><\/p>\n<p>&nbsp;<\/p>\n<p>&nbsp;<\/p>\n<p>[\/et_pb_toggle][et_pb_toggle _builder_version=&#8221;3.0.99&#8243; title=&#8221;Bauchatem\u00fcbung&#8221; open=&#8221;off&#8221;]<\/p>\n<p>Versuchen Sie, eine entspannte Haltung einzunehmen. Legen Sie nun Ihre rechte Hand etwa zwei Zentimeter unterhalb des Nabels auf Ihren Bauch. Atmen Sie nun durch die Nase ein und sp\u00fcren Sie, wie Ihre Bauchdecke sich langsam hebt. Stellen Sie sich vor, dass sich ein Luftballon im Inneren aufbl\u00e4st. Danach atmen Sie durch den Mund aus, als ob Sie eine Pusteblume wegblasen. Sie sp\u00fcren, wie Ihre Bauchdecke sich langsam wieder nach innen w\u00f6lbt.<\/p>\n<p>[\/et_pb_toggle][et_pb_toggle _builder_version=&#8221;3.0.99&#8243; title=&#8221;4 &#8211; 4 &#8211; 6-\u00dcbung&#8221; open=&#8221;off&#8221;]<\/p>\n<p>Atmen Sie durch die Nase tief in den Bauch ein, w\u00e4hrend Sie in Gedanken 1 &#8211; 2 &#8211; 3 &#8211; 4 z\u00e4hlen. Halten Sie die Luft an und z\u00e4hlen Sie dabei 1 &#8211; 2 &#8211; 3 &#8211; 4. Dann atmen Sie durch den leicht ge\u00f6ffneten Mund l\u00e4nger aus, z\u00e4hlen sie beim Ausatmen 6 &#8211; 5 &#8211; 4 &#8211; 3 &#8211; 2 &#8211; 1. Diese \u00dcbung k\u00f6nnen Sie gut im Gehen machen, indem Sie Ihre Schritte z\u00e4hlen.<\/p>\n<p>[\/et_pb_toggle][et_pb_toggle _builder_version=&#8221;3.0.99&#8243; title=&#8221;Achtsamkeit&#8221; open=&#8221;off&#8221;]<\/p>\n<p>Achtsamkeit bedeutet das Hier und Jetzt bewusst wahrzunehmen. Halten Sie einen Augenblick inne.<\/p>\n<p>Wie sitze, liege oder stehe ich? Wie f\u00fchlen sich die einzelnen K\u00f6rperteile an? Wie atme ich? Was nehme ich in diesem Moment rund um mich wahr? Ich beschreibe ganz genau, was ich in diesem Moment wahrnehme! Ich bewerte nicht! Es gibt kein gut oder schlecht. Ich konzentriere mich nur auf das Hier und Jetzt.<\/p>\n<p>Versuchen Sie verspannte Schultern zu lockern, Ihren R\u00fccken aufzurichten und einige Male entspannt und tief durchzuatmen.<\/p>\n<table style=\"height: 60px;\">\n<tbody>\n<tr style=\"height: 37px;\">\n<td style=\"width: 0.0166667px;\"><\/td>\n<\/tr>\n<tr style=\"height: 23px;\">\n<td style=\"width: 0.0166667px;\"><\/td>\n<td style=\"height: 23px; width: 0.0166667px;\"><\/td>\n<\/tr>\n<\/tbody>\n<\/table>\n<p>[\/et_pb_toggle][\/et_pb_column][et_pb_column type=&#8221;1_3&#8243;][et_pb_sidebar _builder_version=&#8221;3.0.99&#8243; area=&#8221;sidebar-1&#8243; orientation=&#8221;left&#8221; show_border=&#8221;on&#8221; background_layout=&#8221;light&#8221; \/][\/et_pb_column][\/et_pb_row][\/et_pb_section]<\/p>\n","protected":false},"excerpt":{"rendered":"<p>Entspannung Entspannen mit Atemtechniken und Achtsamkeit <div class=\"et_pb_row et_pb_row_0 et_pb_row_empty\">\n\t\t\t\t\n\t\t\t\t\n\t\t\t\t\n\t\t\t\t\n\t\t\t\t\n\t\t\t<\/div> Atemtechniken k\u00f6nnen Ihnen dabei helfen, sich zu entspannen. Nehmen Sie sich f\u00fcr die \u00dcbungen anfangs ausreichend Zeit. Einige Atemtechniken eignen sich auch f\u00fcr unterwegs und k\u00f6nnen nach mehrmaliger \u00dcbung in Stress-Situationen bewusst eingesetzt werden. Nutzen Sie Ihren Atem f\u00fcr bewusste Pausen und zum Entspannen. Setzen Sie sich in [&hellip;]<\/p>\n","protected":false},"author":11,"featured_media":0,"parent":0,"menu_order":0,"comment_status":"closed","ping_status":"closed","template":"","meta":{"_et_pb_use_builder":"on","_et_pb_old_content":"","_et_gb_content_width":"","footnotes":""},"class_list":["post-11570","page","type-page","status-publish","hentry"],"yoast_head":"<!-- This site is optimized with the Yoast SEO plugin v26.2 - https:\/\/yoast.com\/wordpress\/plugins\/seo\/ -->\n<title>Entspannung - Rauchfrei Telefon<\/title>\n<meta name=\"robots\" content=\"index, follow, max-snippet:-1, max-image-preview:large, max-video-preview:-1\" \/>\n<link rel=\"canonical\" href=\"https:\/\/rauchfrei.at\/entspannung\/\" \/>\n<meta property=\"og:locale\" content=\"en_US\" \/>\n<meta property=\"og:type\" content=\"article\" \/>\n<meta property=\"og:title\" content=\"Entspannung - Rauchfrei Telefon\" \/>\n<meta property=\"og:description\" content=\"Entspannung Entspannen mit Atemtechniken und Achtsamkeit Atemtechniken k\u00f6nnen Ihnen dabei helfen, sich zu entspannen. Nehmen Sie sich f\u00fcr die \u00dcbungen anfangs ausreichend Zeit. Einige Atemtechniken eignen sich auch f\u00fcr unterwegs und k\u00f6nnen nach mehrmaliger \u00dcbung in Stress-Situationen bewusst eingesetzt werden. Nutzen Sie Ihren Atem f\u00fcr bewusste Pausen und zum Entspannen. Setzen Sie sich in [&hellip;]\" \/>\n<meta property=\"og:url\" content=\"https:\/\/rauchfrei.at\/entspannung\/\" \/>\n<meta property=\"og:site_name\" content=\"Rauchfrei Telefon\" \/>\n<meta property=\"article:modified_time\" content=\"2018-10-04T14:42:13+00:00\" \/>\n<meta name=\"twitter:card\" content=\"summary_large_image\" \/>\n<meta name=\"twitter:label1\" content=\"Est. reading time\" \/>\n\t<meta name=\"twitter:data1\" content=\"3 minutes\" \/>\n<script type=\"application\/ld+json\" class=\"yoast-schema-graph\">{\"@context\":\"https:\/\/schema.org\",\"@graph\":[{\"@type\":\"WebPage\",\"@id\":\"https:\/\/rauchfrei.at\/entspannung\/\",\"url\":\"https:\/\/rauchfrei.at\/entspannung\/\",\"name\":\"Entspannung - Rauchfrei Telefon\",\"isPartOf\":{\"@id\":\"https:\/\/rauchfrei.at\/#website\"},\"datePublished\":\"2018-10-04T14:40:33+00:00\",\"dateModified\":\"2018-10-04T14:42:13+00:00\",\"inLanguage\":\"en-US\",\"potentialAction\":[{\"@type\":\"ReadAction\",\"target\":[\"https:\/\/rauchfrei.at\/entspannung\/\"]}]},{\"@type\":\"WebSite\",\"@id\":\"https:\/\/rauchfrei.at\/#website\",\"url\":\"https:\/\/rauchfrei.at\/\",\"name\":\"Rauchfrei Telefon\",\"description\":\"Eine \u00f6sterreichweite Initiative der Sozialversicherungen.\",\"potentialAction\":[{\"@type\":\"SearchAction\",\"target\":{\"@type\":\"EntryPoint\",\"urlTemplate\":\"https:\/\/rauchfrei.at\/?s={search_term_string}\"},\"query-input\":{\"@type\":\"PropertyValueSpecification\",\"valueRequired\":true,\"valueName\":\"search_term_string\"}}],\"inLanguage\":\"en-US\"}]}<\/script>\n<!-- \/ Yoast SEO plugin. -->","yoast_head_json":{"title":"Entspannung - Rauchfrei Telefon","robots":{"index":"index","follow":"follow","max-snippet":"max-snippet:-1","max-image-preview":"max-image-preview:large","max-video-preview":"max-video-preview:-1"},"canonical":"https:\/\/rauchfrei.at\/entspannung\/","og_locale":"en_US","og_type":"article","og_title":"Entspannung - Rauchfrei Telefon","og_description":"Entspannung Entspannen mit Atemtechniken und Achtsamkeit Atemtechniken k\u00f6nnen Ihnen dabei helfen, sich zu entspannen. Nehmen Sie sich f\u00fcr die \u00dcbungen anfangs ausreichend Zeit. Einige Atemtechniken eignen sich auch f\u00fcr unterwegs und k\u00f6nnen nach mehrmaliger \u00dcbung in Stress-Situationen bewusst eingesetzt werden. Nutzen Sie Ihren Atem f\u00fcr bewusste Pausen und zum Entspannen. Setzen Sie sich in [&hellip;]","og_url":"https:\/\/rauchfrei.at\/entspannung\/","og_site_name":"Rauchfrei Telefon","article_modified_time":"2018-10-04T14:42:13+00:00","twitter_card":"summary_large_image","twitter_misc":{"Est. reading time":"3 minutes"},"schema":{"@context":"https:\/\/schema.org","@graph":[{"@type":"WebPage","@id":"https:\/\/rauchfrei.at\/entspannung\/","url":"https:\/\/rauchfrei.at\/entspannung\/","name":"Entspannung - Rauchfrei Telefon","isPartOf":{"@id":"https:\/\/rauchfrei.at\/#website"},"datePublished":"2018-10-04T14:40:33+00:00","dateModified":"2018-10-04T14:42:13+00:00","inLanguage":"en-US","potentialAction":[{"@type":"ReadAction","target":["https:\/\/rauchfrei.at\/entspannung\/"]}]},{"@type":"WebSite","@id":"https:\/\/rauchfrei.at\/#website","url":"https:\/\/rauchfrei.at\/","name":"Rauchfrei Telefon","description":"Eine \u00f6sterreichweite Initiative der Sozialversicherungen.","potentialAction":[{"@type":"SearchAction","target":{"@type":"EntryPoint","urlTemplate":"https:\/\/rauchfrei.at\/?s={search_term_string}"},"query-input":{"@type":"PropertyValueSpecification","valueRequired":true,"valueName":"search_term_string"}}],"inLanguage":"en-US"}]}},"_links":{"self":[{"href":"https:\/\/rauchfrei.at\/en\/wp-json\/wp\/v2\/pages\/11570","targetHints":{"allow":["GET"]}}],"collection":[{"href":"https:\/\/rauchfrei.at\/en\/wp-json\/wp\/v2\/pages"}],"about":[{"href":"https:\/\/rauchfrei.at\/en\/wp-json\/wp\/v2\/types\/page"}],"author":[{"embeddable":true,"href":"https:\/\/rauchfrei.at\/en\/wp-json\/wp\/v2\/users\/11"}],"replies":[{"embeddable":true,"href":"https:\/\/rauchfrei.at\/en\/wp-json\/wp\/v2\/comments?post=11570"}],"version-history":[{"count":3,"href":"https:\/\/rauchfrei.at\/en\/wp-json\/wp\/v2\/pages\/11570\/revisions"}],"predecessor-version":[{"id":11582,"href":"https:\/\/rauchfrei.at\/en\/wp-json\/wp\/v2\/pages\/11570\/revisions\/11582"}],"wp:attachment":[{"href":"https:\/\/rauchfrei.at\/en\/wp-json\/wp\/v2\/media?parent=11570"}],"curies":[{"name":"wp","href":"https:\/\/api.w.org\/{rel}","templated":true}]}}