
{"id":11627,"date":"2018-10-05T13:16:02","date_gmt":"2018-10-05T11:16:02","guid":{"rendered":"http:\/\/rauchfrei.at\/?page_id=11627"},"modified":"2025-10-15T10:32:02","modified_gmt":"2025-10-15T08:32:02","slug":"nikotinersatzprodukte","status":"publish","type":"page","link":"https:\/\/rauchfrei.at\/en\/nikotinersatzprodukte\/","title":{"rendered":"Nikotinersatzprodukte"},"content":{"rendered":"<p>[et_pb_section fb_built=&#8221;1&#8243; custom_padding_last_edited=&#8221;off|&#8221; module_class=&#8221;header&#8221; _builder_version=&#8221;4.16&#8243; background_color=&#8221;#67BAD3&#8243; custom_margin=&#8221;||0px|&#8221; custom_padding=&#8221;100px||10px|&#8221; global_colors_info=&#8221;{}&#8221;][et_pb_row _builder_version=&#8221;4.16&#8243; custom_margin=&#8221;||0px|&#8221; custom_padding=&#8221;||0px|&#8221; global_colors_info=&#8221;{}&#8221;][et_pb_column type=&#8221;4_4&#8243; _builder_version=&#8221;4.16&#8243; custom_padding=&#8221;||0px|&#8221; global_colors_info=&#8221;{}&#8221; custom_padding__hover=&#8221;|||&#8221;][et_pb_text admin_label=&#8221;Blue Background Header&#8221; _builder_version=&#8221;4.27.4&#8243; custom_margin=&#8221;||0px|&#8221; custom_padding=&#8221;||0px|&#8221; global_colors_info=&#8221;{}&#8221;]<\/p>\n<h1>Nikotinersatzprodukte<\/h1>\n<h2>Eine vor\u00fcbergehende Unterst\u00fctzung bei Entzugserscheinungen<\/h2>\n<p>[\/et_pb_text][\/et_pb_column][\/et_pb_row][\/et_pb_section][et_pb_section fb_built=&#8221;1&#8243; _builder_version=&#8221;4.16&#8243; global_colors_info=&#8221;{}&#8221;][et_pb_row column_structure=&#8221;2_3,1_3&#8243; _builder_version=&#8221;4.16&#8243; background_size=&#8221;initial&#8221; background_position=&#8221;top_left&#8221; background_repeat=&#8221;repeat&#8221; global_colors_info=&#8221;{}&#8221;][et_pb_column type=&#8221;2_3&#8243; _builder_version=&#8221;4.16&#8243; custom_padding=&#8221;|||&#8221; global_colors_info=&#8221;{}&#8221; custom_padding__hover=&#8221;|||&#8221;][et_pb_text admin_label=&#8221;NRT&#8221; _builder_version=&#8221;4.27.4&#8243; global_colors_info=&#8221;{}&#8221;]<\/p>\n<h2>Unterst\u00fctzung durch Nikotinersatzprodukte<\/h2>\n<p>F\u00fcr manche, v.a. k\u00f6rperlich abh\u00e4ngige Raucher\/innen ist es sinnvoll und hilfreich, Medikamente als vor\u00fcbergehende Unterst\u00fctzung beim Rauchstopp zu verwenden. Zugelassene Medikamente zur Raucherentw\u00f6hnung k\u00f6nnen Entzugserscheinungen wesentlich verringern und somit die Verhaltens\u00e4nderung erleichtern. F\u00fcr verschiedene Rauchverhalten stehen unterschiedliche Pr\u00e4parate zur Verf\u00fcgung. F\u00fcr alle Pr\u00e4parate wird empfohlen, dass die Einnahme von einer professioniellen Beratung zur Tabakentw\u00f6hnung begleitet wird.<\/p>\n<p>Die Kosten f\u00fcr medikament\u00f6se Unterst\u00fctzung m\u00fcssen selbst gezahlt werden. Sie entsprechen meist den Kosten, die vor dem Rauchstopp f\u00fcr die Zigaretten angefallen sind. Der gro\u00dfe Vorteil ist allerdings, dass die Kosten f\u00fcr die medikament\u00f6se Unterst\u00fctzung nach einigen Wochen wieder wegfallen.<\/p>\n<p>F\u00fcr weiterf\u00fchrende Informationen und wegen eventueller Gegenanzeigen und Anwendungsbeschr\u00e4nkungen konsultieren Sie bitte unbedingt Ihre \u00c4rztin\/Ihren Arzt oder Ihre Apothekerin\/Ihren Apotheker.<\/p>\n<h2><\/h2>\n<h2>Nikotinersatzprodukte<\/h2>\n<p>Nikotinpr\u00e4parate dienen als vor\u00fcbergehende Unterst\u00fctzung zur Tabakentw\u00f6hnung, sie sind rezeptfrei in der Apotheke erh\u00e4ltlich. Sie sollen nur zum vor\u00fcbergehenden Ersatz f\u00fcr Zigaretten werden, um sich zun\u00e4chst entspannt der Verhaltens\u00e4nderung widmen zu k\u00f6nnen. Die Gefahr einer Abh\u00e4ngigkeit ist gering, da das medizinische Nikotin der Nikotinpr\u00e4parate vom K\u00f6rper langsamer aufgenommen wird als der Suchtstoff der Zigarette. Nikotinpr\u00e4parate sind im Unterschied zur Zigarette nicht darauf ausgelegt, Abh\u00e4ngigkeit zu erzeugen. Weiters sind Nikotinpr\u00e4parate im Vergleich zu Zigaretten frei von s\u00e4mtlichen Schadstoffen wie beispielsweise Teer oder Kohlenmonoxid.<\/p>\n<p>Die Durchf\u00fchrung der Nikotinersatztherapie ist einfach und bei sachgem\u00e4\u00dfer Anwendung f\u00fcr Raucher\/innen ungef\u00e4hrlich. Nichtraucher\/innen sollten Nikotinersatz nicht benutzen.<\/p>\n<p><span data-teams=\"true\">Der Nikotininhalator ist lt. Hersteller k\u00fcnftig nicht mehr verf\u00fcgbar. Alternative L\u00f6sungen besprechen wir gerne auch telefonisch mit Ihnen unter 0800 810 013.<\/span><\/p>\n<p>[\/et_pb_text][et_pb_toggle title=&#8221;Nikotinkaugummi&#8221; admin_label=&#8221;Nikotinkaugummi&#8221; _builder_version=&#8221;4.27.4&#8243; hover_enabled=&#8221;0&#8243; z_index_tablet=&#8221;500&#8243; global_colors_info=&#8221;{}&#8221; sticky_enabled=&#8221;0&#8243;]<\/p>\n<p>Beim Kauen des Nikotinkaugummis wird Nikotin freigesetzt und \u00fcber die Mundschleimhaut aufgenommen. Mit Hilfe dieses Kaugummis gelingt es, innerhalb von etwa f\u00fcnf Minuten einen wirksamen Nikotinspiegel aufzubauen.<\/p>\n<p>Kauen Sie ihn nicht wie einen herk\u00f6mmlichen Kaugummi! Bei\u00dfen Sie ein- bis zweimal hinein, dann parken Sie ihn in der Wangentasche ab und warten bis die Wirkung nach einigen Minuten einsetzt. Bei neuerlichem Gusto nach einer Zigarette bei\u00dfen Sie erneut hinein.<\/p>\n<p>Der Kaugummi ist in den Dosierungen 2 mg und 4 mg erh\u00e4ltlich. Aufgrund der h\u00f6heren Wirksamkeit sollte ab einem Konsum von 25 Zigaretten der 4 mg Kaugummi zum Einsatz kommen.<\/p>\n<p>Es kann ungef\u00e4hr ein Kaugummi pro Stunde gekaut werden, maximal jedoch 24 St\u00fcck pro Tag. Nach sechs bis acht Wochen sollte die durchschnittliche Dosis reduziert und bis zur zw\u00f6lften Woche ganz ausgeschlichen werden.<\/p>\n<p>In sehr seltenen F\u00e4llen kann es zu einer Abh\u00e4ngigkeitsentwicklung von Nikotinkaugummi kommen.<\/p>\n<p>[\/et_pb_toggle][et_pb_toggle title=&#8221;Nikotinlutschtablette&#8221; admin_label=&#8221;Nikotinlutschtablette&#8221; _builder_version=&#8221;4.16&#8243; z_index_tablet=&#8221;500&#8243; global_colors_info=&#8221;{}&#8221;]<\/p>\n<p>Bei der Lutschtablette wird das Nikotin durch einfaches Lutschen \u00fcber einen Zeitraum von 20 bis 30 Minuten freigesetzt und \u00fcber die Mundschleimhaut aufgenommen. Bei der Anwendung der Lutschtablette wird im Vergleich zu den entsprechenden Kaugummis ein h\u00f6herer Nikotinspiegel im Blut erreicht. Die Lutschtablette ist in den Dosierungen 1 mg und 2 mg erh\u00e4ltlich.<\/p>\n<p>Es kann alle 1-2 Stunden eine Tablette gelutscht werden, maximal 15 (2 mg) bzw. bis zu 30 St\u00fcck (1 mg) pro Tag. Danach wird die Dosis schrittweise \u00fcber einen Zeitraum von insgesamt 12 Wochen reduziert.<\/p>\n<p>[\/et_pb_toggle][et_pb_toggle title=&#8221;Nikotinpflaster&#8221; admin_label=&#8221;Nikotinpflaster&#8221; _builder_version=&#8221;4.16&#8243; z_index_tablet=&#8221;500&#8243; global_colors_info=&#8221;{}&#8221;]<\/p>\n<p>Durch das Nikotinpflaster wird im K\u00f6rper ein gleichbleibender Nikotinspiegel erzeugt und das Rauchverlangen und die Entzugssymptomatik ged\u00e4mpft. Durch die kontinuierliche Nikotinzufuhr werden Nikotinwirkung und bisheriges Suchtverhalten entkoppelt.<\/p>\n<p>Nikotinpflaster setzen \u00fcber die Klebeschicht oder eine Zwischenmembran eine bestimmte Menge Nikotin frei. Ein ausreichender Nikotinspiegel wird etwa 25 \u2013 30 Minuten nach dem Aufkleben des Pflasters erreicht. F\u00fcr eine \u201enotfallm\u00e4\u00dfige\u201c Anwendung ist das Pflaster also nicht geeignet.<\/p>\n<p>Die Nikotinpflaster werden in drei St\u00e4rken angeboten und sollen 10, 20 oder 30 t\u00e4glich gerauchte Zigaretten in 16 bzw. 24 Stunden ersetzen. Das Pflaster wird t\u00e4glich gewechselt und sollte dann auf eine andere trockene und unbehaarte Stelle geklebt werden.<\/p>\n<p>Das Pflaster wird \u201eausschleichend\u201c angewandt, wobei die h\u00f6chste Pflasterdosierung vier bis sechs Wochen lang angewendet werden kann, die mittlere und geringste Dosierungsstufe jeweils zwei Wochen lang.<\/p>\n<p>Es gibt keine Hinweise, dass es bei der Anwendung von Nikotinpflaster zu einer Abh\u00e4ngigkeitsentwicklung kommt.<\/p>\n<p>[\/et_pb_toggle][et_pb_toggle title=&#8221;Nikotinspray&#8221; admin_label=&#8221;Nikotinspray&#8221; _builder_version=&#8221;4.22.1&#8243; z_index_tablet=&#8221;500&#8243; global_colors_info=&#8221;{}&#8221;]<\/p>\n<p>Der Mundspray ist eine sehr schnell wirksame Darreichungsform von medizinischem Nikotin. Er stellt somit eine Hilfe in kritischen Situationen dar, in denen das Verlangen nach Nikotin akut gestillt werden soll. Ein Spr\u00fchsto\u00df wird in die Wangeninnenseite gespr\u00fcht. Nach einer Minute setzt die Wirkung ein. Die Aufnahme des Nikotins aus dem Spr\u00fchnebel erfolgt \u00fcber die Mundschleimhaut. Der Spray kann bis zu drei Monate hindurch angewendet werden.<\/p>\n<p>[\/et_pb_toggle][et_pb_text _builder_version=&#8221;4.16&#8243; global_colors_info=&#8221;{}&#8221;]<\/p>\n<h2>\u00a0<\/h2>\n<h2>Nebenwirkungen und Gegenanzeigen<\/h2>\n<p>Manche der Entzugserscheinungen werden von Raucherinnen und Rauchern als \u201eNebenwirkungen\u201c erlebt. Bei korrekter Anwendung von Nikotinersatztherapien sind f\u00fcr Raucher\/innen, die an den Effekt von Nikotin aus der Zigarette gew\u00f6hnt sind, kaum Nebenwirkungen zu erwarten.<\/p>\n<p>Bei Nikotinkaugummis, Nikotinlutschtabletten uns auch beim Mundspray kann es zu vermehrtem Speichelfluss, Schluckauf, Sodbrennen oder Magenschmerzen kommen. Bei letzterm kann es hilfreich sein, den Speichel, der nach dem Spr\u00fchsto\u00df einsetzt, nicht hinunter zu schlucken, sondern nach einer Minute auszuspucken. Das Nikotinpflaster kann an der Stelle, an der es angebracht wird, allergische Hautreaktionen hervorrufen.<\/p>\n<h2>\u00a0<\/h2>\n<h2>Kombination von zwei Pr\u00e4paraten<\/h2>\n<p>F\u00fcr manche Raucher\/innen reicht die Anwendung nur eines Nikotinersatzpr\u00e4parates nicht aus, vor allem bei einer starken Tabakabh\u00e4ngigkeit (mehr als 6 Punkte beim Fagerstr\u00f6m-Test und \u00fcber 30 Zigaretten pro Tag). In diesen F\u00e4llen kann f\u00fcr acht bis zw\u00f6lf Wochen das Nikotinpflaster angewendet werden und zus\u00e4tzlich ein rasch wirksames Pr\u00e4parat (z.B. Nikotinkaugummi oder Nikotinlutschtablette), das innerhalb von vier bis sechs Wochen ausgeschlichen werden sollte.<\/p>\n<p>Wenn Sie eine solche kombinierte Behandlung in Betracht ziehen, sollten Sie dies \u00e4rztlich abkl\u00e4ren.<\/p>\n<p>[\/et_pb_text][\/et_pb_column][et_pb_column type=&#8221;1_3&#8243; _builder_version=&#8221;4.16&#8243; custom_padding=&#8221;|||&#8221; global_colors_info=&#8221;{}&#8221; custom_padding__hover=&#8221;|||&#8221;][et_pb_dp_dmb_module_10080 link_text=&#8221;Hier finden Sie Hilfe&#8221; link_url=&#8221;https:\/\/rauchfrei.at\/aufhoeren\/schritte-zum-rauchstopp\/rueckfall-was-nun\/&#8221; admin_label=&#8221;R\u00fcckfall &#8211; was nun?&#8221; _builder_version=&#8221;4.27.4&#8243; global_module=&#8221;13143&#8243; global_colors_info=&#8221;{}&#8221;]<\/p>\n<p>R\u00fcckfall &#8211; was nun?<\/p>\n<p>[\/et_pb_dp_dmb_module_10080][et_pb_dp_dmb_module_10080 link_text=&#8221;hier kostenfrei bestellen&#8221; link_url=&#8221;https:\/\/rauchfrei.at\/broschueren-downloads\/bestellung\/&#8221; admin_label=&#8221;Materialbestellung&#8221; _builder_version=&#8221;3.21&#8243; global_module=&#8221;13132&#8243; saved_tabs=&#8221;all&#8221; global_colors_info=&#8221;{}&#8221;]<\/p>\n<p><strong>Brosch\u00fcren<br \/>bestellen\u00a0<\/strong><\/p>\n<p>[\/et_pb_dp_dmb_module_10080][et_pb_dp_dmb_module_10080 link_text=&#8221;Hier&#8221; link_url=&#8221;https:\/\/rauchfrei.at\/downloads-tests-und-tools\/&#8221; admin_label=&#8221;Testen Sie Ihre Abh\u00e4ngigkeit&#8221; _builder_version=&#8221;4.20.4&#8243; dp_tiny_mce_line_height=&#8221;1em&#8221; z_index_tablet=&#8221;500&#8243; global_module=&#8221;13157&#8243; saved_tabs=&#8221;all&#8221; global_colors_info=&#8221;{}&#8221;]<\/p>\n<p><strong>Testen <\/strong>Sie Ihre <strong>Abh\u00e4ngigkeit!<\/strong><\/p>\n<p>[\/et_pb_dp_dmb_module_10080][et_pb_dp_dmb_module_10093 farbe=&#8221;blitzblau&#8221; headline=&#8221;Alternativen zum Rauchen&#8221; image=&#8221;https:\/\/rauchfrei.at\/wp-content\/uploads\/Relax-in-hammok.png&#8221; image_position=&#8221;center&#8221; link_text=&#8221;mehr&#8221; link_url=&#8221;https:\/\/rauchfrei.at\/alternativen\/&#8221; admin_label=&#8221;Alternativen zum Rauchen&#8221; _builder_version=&#8221;4.16&#8243; z_index_tablet=&#8221;500&#8243; global_module=&#8221;13174&#8243; saved_tabs=&#8221;all&#8221; global_colors_info=&#8221;{}&#8221;]<\/p>\n<p>Es gibt viele M\u00f6glichkeiten, um nicht zur Zigarette zu greifen!<\/p>\n<p>[\/et_pb_dp_dmb_module_10093][\/et_pb_column][\/et_pb_row][et_pb_row _builder_version=&#8221;4.16&#8243; global_colors_info=&#8221;{}&#8221;][et_pb_column type=&#8221;4_4&#8243; _builder_version=&#8221;4.16&#8243; custom_padding=&#8221;|||&#8221; global_colors_info=&#8221;{}&#8221; custom_padding__hover=&#8221;|||&#8221;][et_pb_text _builder_version=&#8221;4.27.4&#8243; hover_enabled=&#8221;0&#8243; global_colors_info=&#8221;{}&#8221; sticky_enabled=&#8221;0&#8243;]<\/p>\n<h2><\/h2>\n<h2>\u00dcbersicht zu den h\u00e4ufig genutzten Produkten:<\/h2>\n<p>[\/et_pb_text][et_pb_text _builder_version=&#8221;4.27.4&#8243; global_colors_info=&#8221;{}&#8221;]<\/p>\n<h3>Gut passend bei Raucher\/innen \u2026<\/h3>\n<p>[\/et_pb_text][et_pb_tabs _builder_version=&#8221;4.27.4&#8243; hover_enabled=&#8221;0&#8243; global_colors_info=&#8221;{}&#8221; sticky_enabled=&#8221;0&#8243;][et_pb_tab title=&#8221;Nikotinpflaster&#8221; _builder_version=&#8221;4.16&#8243; global_colors_info=&#8221;{}&#8221;]<\/p>\n<p>mit gleichm\u00e4\u00dfigem Zigarettenkonsum \u00fcber den Tag verteilt.<\/p>\n<p>[\/et_pb_tab][et_pb_tab title=&#8221;Nikotinkaugummi&#8221; _builder_version=&#8221;4.16&#8243; global_colors_info=&#8221;{}&#8221;]<\/p>\n<p>welchen der Nikotingeschmack im Mund fehlt.<\/p>\n<p>[\/et_pb_tab][et_pb_tab title=&#8221;Nikotinlutschtablette&#8221; _builder_version=&#8221;4.16&#8243; global_colors_info=&#8221;{}&#8221;]<\/p>\n<p>die Zuckerl m\u00f6gen<\/p>\n<p>[\/et_pb_tab][et_pb_tab title=&#8221;Nikotinspray&#8221; _builder_version=&#8221;4.16&#8243; global_colors_info=&#8221;{}&#8221;]<\/p>\n<p>die eine schnelle Wirkung in kritischen Situationen brauchen<\/p>\n<p>[\/et_pb_tab][\/et_pb_tabs][\/et_pb_column][\/et_pb_row][et_pb_row _builder_version=&#8221;4.16&#8243; global_colors_info=&#8221;{}&#8221;][et_pb_column type=&#8221;4_4&#8243; _builder_version=&#8221;4.16&#8243; custom_padding=&#8221;|||&#8221; global_colors_info=&#8221;{}&#8221; custom_padding__hover=&#8221;|||&#8221;][et_pb_text _builder_version=&#8221;4.16&#8243; global_colors_info=&#8221;{}&#8221;]<\/p>\n<h3>Erh\u00e4ltlich in folgenden Dosierungen<\/h3>\n<p>[\/et_pb_text][et_pb_tabs _builder_version=&#8221;4.27.4&#8243; hover_enabled=&#8221;0&#8243; global_colors_info=&#8221;{}&#8221; sticky_enabled=&#8221;0&#8243;][et_pb_tab title=&#8221;Nikotinpflaster&#8221; _builder_version=&#8221;4.16&#8243; global_colors_info=&#8221;{}&#8221;]<\/p>\n<p>16 Stunden Pflaster: 10\/15\/25 mg<br \/>24 Stunden Pflaster: 7\/14\/25 mg<\/p>\n<p>[\/et_pb_tab][et_pb_tab title=&#8221;Nikotinkaugummi&#8221; _builder_version=&#8221;4.16&#8243; global_colors_info=&#8221;{}&#8221;]<\/p>\n<p>2 mg<br \/>4 mg<\/p>\n<p>[\/et_pb_tab][et_pb_tab title=&#8221;Nikotinlutschtablette&#8221; _builder_version=&#8221;4.16&#8243; global_colors_info=&#8221;{}&#8221;]<\/p>\n<p>1 mg<br \/>1,5 mg<br \/>4 mg<\/p>\n<p>[\/et_pb_tab][et_pb_tab title=&#8221;Nikotinspray&#8221; _builder_version=&#8221;4.16&#8243; global_colors_info=&#8221;{}&#8221;]<\/p>\n<p>1 mg\/Hub<\/p>\n<p>[\/et_pb_tab][\/et_pb_tabs][\/et_pb_column][\/et_pb_row][et_pb_row _builder_version=&#8221;4.16&#8243; global_colors_info=&#8221;{}&#8221;][et_pb_column type=&#8221;4_4&#8243; _builder_version=&#8221;4.16&#8243; custom_padding=&#8221;|||&#8221; global_colors_info=&#8221;{}&#8221; custom_padding__hover=&#8221;|||&#8221;][et_pb_text _builder_version=&#8221;4.27.4&#8243; global_colors_info=&#8221;{}&#8221;]<\/p>\n<h3>Nikotinaufnahme \u00fcber \u2026<\/h3>\n<p>[\/et_pb_text][et_pb_tabs _builder_version=&#8221;4.27.4&#8243; hover_enabled=&#8221;0&#8243; global_colors_info=&#8221;{}&#8221; sticky_enabled=&#8221;0&#8243;][et_pb_tab title=&#8221;Nikotinpflaster&#8221; _builder_version=&#8221;4.16&#8243; global_colors_info=&#8221;{}&#8221;]<\/p>\n<p>Haut<\/p>\n<p>[\/et_pb_tab][et_pb_tab title=&#8221;Nikotinkaugummi&#8221; _builder_version=&#8221;4.16&#8243; global_colors_info=&#8221;{}&#8221;]<\/p>\n<p>Mundschleimhaut<\/p>\n<p>[\/et_pb_tab][et_pb_tab title=&#8221;Nikotinlutschtablette&#8221; _builder_version=&#8221;4.16&#8243; global_colors_info=&#8221;{}&#8221;]<\/p>\n<p>Mundschleimhaut<\/p>\n<p>[\/et_pb_tab][et_pb_tab title=&#8221;Nikotinspray&#8221; _builder_version=&#8221;4.16&#8243; global_colors_info=&#8221;{}&#8221;]<\/p>\n<p>Mundschleimhaut<\/p>\n<p>[\/et_pb_tab][\/et_pb_tabs][\/et_pb_column][\/et_pb_row][et_pb_row _builder_version=&#8221;4.16&#8243; global_colors_info=&#8221;{}&#8221;][et_pb_column type=&#8221;4_4&#8243; _builder_version=&#8221;4.16&#8243; custom_padding=&#8221;|||&#8221; global_colors_info=&#8221;{}&#8221; custom_padding__hover=&#8221;|||&#8221;][et_pb_text _builder_version=&#8221;4.16&#8243; global_colors_info=&#8221;{}&#8221;]<\/p>\n<h3>Vorteil<\/h3>\n<p>[\/et_pb_text][et_pb_tabs _builder_version=&#8221;4.27.4&#8243; global_colors_info=&#8221;{}&#8221;][et_pb_tab title=&#8221;Nikotinpflaster&#8221; _builder_version=&#8221;4.16&#8243; global_colors_info=&#8221;{}&#8221;]<\/p>\n<p>Einfach und diskret in der Anwendung \u2013 nur einmal t\u00e4glich kleben<\/p>\n<p>[\/et_pb_tab][et_pb_tab title=&#8221;Nikotinkaugummi&#8221; _builder_version=&#8221;4.16&#8243; global_colors_info=&#8221;{}&#8221;]<\/p>\n<p>Situationsspezifisch und flexibel anwendbar<br \/>Kauen als Alternative zum Rauchritual<\/p>\n<p>[\/et_pb_tab][et_pb_tab title=&#8221;Nikotinlutschtablette&#8221; _builder_version=&#8221;4.16&#8243; global_colors_info=&#8221;{}&#8221;]<\/p>\n<p>situationsspezifisch und flexibel anwendbar<\/p>\n<p>[\/et_pb_tab][et_pb_tab title=&#8221;Nikotinspray&#8221; _builder_version=&#8221;4.16&#8243; global_colors_info=&#8221;{}&#8221;]<\/p>\n<p>rasche Hilfe<\/p>\n<p>[\/et_pb_tab][\/et_pb_tabs][\/et_pb_column][\/et_pb_row][et_pb_row _builder_version=&#8221;4.16&#8243; global_colors_info=&#8221;{}&#8221;][et_pb_column type=&#8221;4_4&#8243; _builder_version=&#8221;4.16&#8243; custom_padding=&#8221;|||&#8221; global_colors_info=&#8221;{}&#8221; custom_padding__hover=&#8221;|||&#8221;][et_pb_text _builder_version=&#8221;4.16&#8243; global_colors_info=&#8221;{}&#8221;]<\/p>\n<h3>Bitte beachten!<\/h3>\n<p>[\/et_pb_text][et_pb_tabs _builder_version=&#8221;4.27.4&#8243; global_colors_info=&#8221;{}&#8221;][et_pb_tab title=&#8221;Nikotinpflaster&#8221; _builder_version=&#8221;4.16&#8243; global_colors_info=&#8221;{}&#8221;]<\/p>\n<p>Anwendung erst mit Beginn der Abstinenz Vorsicht bei Pflasterallergie<\/p>\n<p>[\/et_pb_tab][et_pb_tab title=&#8221;Nikotinkaugummi&#8221; _builder_version=&#8221;4.16&#8243; global_colors_info=&#8221;{}&#8221;]<\/p>\n<p>Vorsicht bei Zahnersatz<\/p>\n<p>[\/et_pb_tab][et_pb_tab title=&#8221;Nikotinlutschtablette&#8221; _builder_version=&#8221;4.16&#8243; global_colors_info=&#8221;{}&#8221;]<\/p>\n<p>Vorsicht bei leicht reizbarer Magenschleimhaut<\/p>\n<p>[\/et_pb_tab][et_pb_tab title=&#8221;Nikotinspray&#8221; _builder_version=&#8221;4.16&#8243; global_colors_info=&#8221;{}&#8221;]<\/p>\n<p>enth\u00e4lt Alkohol<\/p>\n<p>[\/et_pb_tab][\/et_pb_tabs][\/et_pb_column][\/et_pb_row][\/et_pb_section]<\/p>\n","protected":false},"excerpt":{"rendered":"<p>Nikotinersatzprodukte Eine vor\u00fcbergehende Unterst\u00fctzung bei EntzugserscheinungenUnterst\u00fctzung durch Nikotinersatzprodukte F\u00fcr manche, v.a. k\u00f6rperlich abh\u00e4ngige Raucher\/innen ist es sinnvoll und hilfreich, Medikamente als vor\u00fcbergehende Unterst\u00fctzung beim Rauchstopp zu verwenden. Zugelassene Medikamente zur Raucherentw\u00f6hnung k\u00f6nnen Entzugserscheinungen wesentlich verringern und somit die Verhaltens\u00e4nderung erleichtern. F\u00fcr verschiedene Rauchverhalten stehen unterschiedliche Pr\u00e4parate zur Verf\u00fcgung. F\u00fcr alle Pr\u00e4parate wird empfohlen, dass die [&hellip;]<\/p>\n","protected":false},"author":11,"featured_media":0,"parent":0,"menu_order":0,"comment_status":"closed","ping_status":"closed","template":"","meta":{"_et_pb_use_builder":"on","_et_pb_old_content":"","_et_gb_content_width":"","footnotes":""},"class_list":["post-11627","page","type-page","status-publish","hentry"],"yoast_head":"<!-- This site is optimized with the Yoast SEO plugin v26.2 - https:\/\/yoast.com\/wordpress\/plugins\/seo\/ -->\n<title>Nikotinersatzprodukte - Rauchfrei Telefon<\/title>\n<meta name=\"robots\" content=\"index, follow, max-snippet:-1, max-image-preview:large, max-video-preview:-1\" \/>\n<link rel=\"canonical\" href=\"https:\/\/rauchfrei.at\/nikotinersatzprodukte\/\" \/>\n<meta property=\"og:locale\" content=\"en_US\" \/>\n<meta property=\"og:type\" content=\"article\" \/>\n<meta property=\"og:title\" content=\"Nikotinersatzprodukte - Rauchfrei Telefon\" \/>\n<meta property=\"og:description\" content=\"Nikotinersatzprodukte Eine vor\u00fcbergehende Unterst\u00fctzung bei EntzugserscheinungenUnterst\u00fctzung durch Nikotinersatzprodukte F\u00fcr manche, v.a. k\u00f6rperlich abh\u00e4ngige Raucher\/innen ist es sinnvoll und hilfreich, Medikamente als vor\u00fcbergehende Unterst\u00fctzung beim Rauchstopp zu verwenden. Zugelassene Medikamente zur Raucherentw\u00f6hnung k\u00f6nnen Entzugserscheinungen wesentlich verringern und somit die Verhaltens\u00e4nderung erleichtern. F\u00fcr verschiedene Rauchverhalten stehen unterschiedliche Pr\u00e4parate zur Verf\u00fcgung. F\u00fcr alle Pr\u00e4parate wird empfohlen, dass die [&hellip;]\" \/>\n<meta property=\"og:url\" content=\"https:\/\/rauchfrei.at\/nikotinersatzprodukte\/\" \/>\n<meta property=\"og:site_name\" content=\"Rauchfrei Telefon\" \/>\n<meta property=\"article:modified_time\" content=\"2025-10-15T08:32:02+00:00\" \/>\n<meta name=\"twitter:card\" content=\"summary_large_image\" \/>\n<meta name=\"twitter:label1\" content=\"Est. reading time\" \/>\n\t<meta name=\"twitter:data1\" content=\"10 minutes\" \/>\n<script type=\"application\/ld+json\" class=\"yoast-schema-graph\">{\"@context\":\"https:\/\/schema.org\",\"@graph\":[{\"@type\":\"WebPage\",\"@id\":\"https:\/\/rauchfrei.at\/nikotinersatzprodukte\/\",\"url\":\"https:\/\/rauchfrei.at\/nikotinersatzprodukte\/\",\"name\":\"Nikotinersatzprodukte - Rauchfrei Telefon\",\"isPartOf\":{\"@id\":\"https:\/\/rauchfrei.at\/#website\"},\"datePublished\":\"2018-10-05T11:16:02+00:00\",\"dateModified\":\"2025-10-15T08:32:02+00:00\",\"inLanguage\":\"en-US\",\"potentialAction\":[{\"@type\":\"ReadAction\",\"target\":[\"https:\/\/rauchfrei.at\/nikotinersatzprodukte\/\"]}]},{\"@type\":\"WebSite\",\"@id\":\"https:\/\/rauchfrei.at\/#website\",\"url\":\"https:\/\/rauchfrei.at\/\",\"name\":\"Rauchfrei Telefon\",\"description\":\"Eine \u00f6sterreichweite Initiative der Sozialversicherungen.\",\"potentialAction\":[{\"@type\":\"SearchAction\",\"target\":{\"@type\":\"EntryPoint\",\"urlTemplate\":\"https:\/\/rauchfrei.at\/?s={search_term_string}\"},\"query-input\":{\"@type\":\"PropertyValueSpecification\",\"valueRequired\":true,\"valueName\":\"search_term_string\"}}],\"inLanguage\":\"en-US\"}]}<\/script>\n<!-- \/ Yoast SEO plugin. -->","yoast_head_json":{"title":"Nikotinersatzprodukte - Rauchfrei Telefon","robots":{"index":"index","follow":"follow","max-snippet":"max-snippet:-1","max-image-preview":"max-image-preview:large","max-video-preview":"max-video-preview:-1"},"canonical":"https:\/\/rauchfrei.at\/nikotinersatzprodukte\/","og_locale":"en_US","og_type":"article","og_title":"Nikotinersatzprodukte - Rauchfrei Telefon","og_description":"Nikotinersatzprodukte Eine vor\u00fcbergehende Unterst\u00fctzung bei EntzugserscheinungenUnterst\u00fctzung durch Nikotinersatzprodukte F\u00fcr manche, v.a. k\u00f6rperlich abh\u00e4ngige Raucher\/innen ist es sinnvoll und hilfreich, Medikamente als vor\u00fcbergehende Unterst\u00fctzung beim Rauchstopp zu verwenden. Zugelassene Medikamente zur Raucherentw\u00f6hnung k\u00f6nnen Entzugserscheinungen wesentlich verringern und somit die Verhaltens\u00e4nderung erleichtern. F\u00fcr verschiedene Rauchverhalten stehen unterschiedliche Pr\u00e4parate zur Verf\u00fcgung. F\u00fcr alle Pr\u00e4parate wird empfohlen, dass die [&hellip;]","og_url":"https:\/\/rauchfrei.at\/nikotinersatzprodukte\/","og_site_name":"Rauchfrei Telefon","article_modified_time":"2025-10-15T08:32:02+00:00","twitter_card":"summary_large_image","twitter_misc":{"Est. reading time":"10 minutes"},"schema":{"@context":"https:\/\/schema.org","@graph":[{"@type":"WebPage","@id":"https:\/\/rauchfrei.at\/nikotinersatzprodukte\/","url":"https:\/\/rauchfrei.at\/nikotinersatzprodukte\/","name":"Nikotinersatzprodukte - Rauchfrei Telefon","isPartOf":{"@id":"https:\/\/rauchfrei.at\/#website"},"datePublished":"2018-10-05T11:16:02+00:00","dateModified":"2025-10-15T08:32:02+00:00","inLanguage":"en-US","potentialAction":[{"@type":"ReadAction","target":["https:\/\/rauchfrei.at\/nikotinersatzprodukte\/"]}]},{"@type":"WebSite","@id":"https:\/\/rauchfrei.at\/#website","url":"https:\/\/rauchfrei.at\/","name":"Rauchfrei Telefon","description":"Eine \u00f6sterreichweite Initiative der Sozialversicherungen.","potentialAction":[{"@type":"SearchAction","target":{"@type":"EntryPoint","urlTemplate":"https:\/\/rauchfrei.at\/?s={search_term_string}"},"query-input":{"@type":"PropertyValueSpecification","valueRequired":true,"valueName":"search_term_string"}}],"inLanguage":"en-US"}]}},"_links":{"self":[{"href":"https:\/\/rauchfrei.at\/en\/wp-json\/wp\/v2\/pages\/11627","targetHints":{"allow":["GET"]}}],"collection":[{"href":"https:\/\/rauchfrei.at\/en\/wp-json\/wp\/v2\/pages"}],"about":[{"href":"https:\/\/rauchfrei.at\/en\/wp-json\/wp\/v2\/types\/page"}],"author":[{"embeddable":true,"href":"https:\/\/rauchfrei.at\/en\/wp-json\/wp\/v2\/users\/11"}],"replies":[{"embeddable":true,"href":"https:\/\/rauchfrei.at\/en\/wp-json\/wp\/v2\/comments?post=11627"}],"version-history":[{"count":12,"href":"https:\/\/rauchfrei.at\/en\/wp-json\/wp\/v2\/pages\/11627\/revisions"}],"predecessor-version":[{"id":31230,"href":"https:\/\/rauchfrei.at\/en\/wp-json\/wp\/v2\/pages\/11627\/revisions\/31230"}],"wp:attachment":[{"href":"https:\/\/rauchfrei.at\/en\/wp-json\/wp\/v2\/media?parent=11627"}],"curies":[{"name":"wp","href":"https:\/\/api.w.org\/{rel}","templated":true}]}}