
{"id":117,"date":"2012-02-28T11:44:06","date_gmt":"2012-02-28T11:44:06","guid":{"rendered":"http:\/\/web362.itscserver.org\/wordpress\/?page_id=117"},"modified":"2025-07-25T17:27:47","modified_gmt":"2025-07-25T15:27:47","slug":"schwangerschaft","status":"publish","type":"page","link":"https:\/\/rauchfrei.at\/en\/fakten\/schwangerschaft\/","title":{"rendered":"Schwangerschaft"},"content":{"rendered":"<p>[et_pb_section fb_built=&#8221;1&#8243; custom_padding_last_edited=&#8221;off|&#8221; module_class=&#8221;header&#8221; _builder_version=&#8221;4.16&#8243; background_color=&#8221;#67BAD3&#8243; custom_margin=&#8221;||0px|&#8221; custom_padding=&#8221;100px||10px|&#8221; global_colors_info=&#8221;{}&#8221;][et_pb_row _builder_version=&#8221;4.16&#8243; custom_margin=&#8221;||0px|&#8221; custom_padding=&#8221;||0px|&#8221; global_colors_info=&#8221;{}&#8221;][et_pb_column type=&#8221;4_4&#8243; _builder_version=&#8221;4.16&#8243; custom_padding=&#8221;||0px|&#8221; global_colors_info=&#8221;{}&#8221; custom_padding__hover=&#8221;|||&#8221;][et_pb_text admin_label=&#8221;Blue Background Header&#8221; _builder_version=&#8221;4.16&#8243; custom_margin=&#8221;||0px|&#8221; custom_padding=&#8221;||0px|&#8221; global_colors_info=&#8221;{}&#8221;]<\/p>\n<h1>Schwangerschaft<\/h1>\n<h2>Schwangerschaft und Rauchen<\/h2>\n<p>[\/et_pb_text][\/et_pb_column][\/et_pb_row][\/et_pb_section][et_pb_section fb_built=&#8221;1&#8243; _builder_version=&#8221;4.16&#8243; global_colors_info=&#8221;{}&#8221;][et_pb_row column_structure=&#8221;2_3,1_3&#8243; _builder_version=&#8221;4.16&#8243; background_size=&#8221;initial&#8221; background_position=&#8221;top_left&#8221; background_repeat=&#8221;repeat&#8221; global_colors_info=&#8221;{}&#8221;][et_pb_column type=&#8221;2_3&#8243; _builder_version=&#8221;4.16&#8243; custom_padding=&#8221;|||&#8221; global_colors_info=&#8221;{}&#8221; custom_padding__hover=&#8221;|||&#8221;][et_pb_text _builder_version=&#8221;4.17.1&#8243; global_colors_info=&#8221;{}&#8221;]<\/p>\n<p><span style=\"font-size: 15px; font-family: 'Fedra Sans Alt Book';\">In der Schwangerschaft bewirkt der Rauchstopp besonders viel Gutes. Die Gesundheit der Mutter und die Entwicklung des Babys werden optimal unterst\u00fctzt. Die Rauchfreiheit ist gerade in dieser Zeit besonders herausfordernd. Wir m\u00f6chten Sie dazu ermutigen, den Rauchstopp in Angriff zu nehmen. Gerne unterst\u00fctzen wir Sie dabei!<\/span><\/p>\n<p>Nach einem positiven Schwangerschaftstest ist f\u00fcr die meisten Frauen klar, dass sie das Rauchen beenden wollen. Die Schwangerschaft ist eine Zeit, in der sich viel ver\u00e4ndert und in der Sie nur das Beste f\u00fcr sich und Ihr Kind wollen. Doch oft ist in dieser Situation ein Rauchstopp schwieriger als gedacht, oder scheint sogar unm\u00f6glich. Neben der k\u00f6rperlichen Abh\u00e4ngigkeit vom Nikotin, ist die Zigarette oft zu einem Anker im Alltag geworden, der in stressigen Situationen Halt gibt. Auch sind Frauen in der Schwangerschaft oft erh\u00f6hten Belastungen und psychischem Stress ausgesetzt. Hinzu kommen manchmal finanzielle Sorgen oder mangelnde Unterst\u00fctzung.<\/p>\n<h4>Kinderwunsch und Rauchen<\/h4>\n<p>Vielen Paaren mit Kinderwunsch ist nicht bewusst, wie stark die negativen Auswirkungen des Rauchens auf die m\u00e4nnliche und weibliche Fruchtbarkeit sind. Rauchen senkt \u00d6strogen und Progesteron und reduziert die Wahrscheinlichkeit einer Empf\u00e4ngnis um fast die H\u00e4lfte. Bei Raucherinnen entwickeln sich weniger Eizellen als bei Nichtraucherinnen. Rauchen verk\u00fcrzt au\u00dferdem die fruchtbare Lebensphase, da bei Raucherinnen die Wechseljahre durchschnittlich zwei Jahre fr\u00fcher eintreten. Sogar Passivrauchen kann die Empf\u00e4ngnis verz\u00f6gern.<\/p>\n<p>Rauchen hat auch auf die Fruchtbarkeit des Mannes negative Auswirkungen. Neben h\u00e4ufig auftretender Impotenz bei rauchenden M\u00e4nnern werden auch die Produktion und die Beweglichkeit der Spermien durch das Rauchen verringert. Gifte im Tabakrauch sch\u00e4digen au\u00dferdem das Erbgut der Spermien. Negative Auswirkungen auf die fr\u00fchkindliche Entwicklung sind die Folge.<\/p>\n<p>Auch wenn nur ein Partner raucht, sinken die Chancen auf das Eintreten der Schwangerschaft nat\u00fcrlich und mithilfe der Fortpflanzungsmedizin. Bei rauchenden Paaren werden doppelt so viele Versuche ben\u00f6tigt wie bei nichtrauchenden Paaren.<\/p>\n<p>In der Fortpflanzungsmedizin gilt daher die klare Empfehlung, bei Kinderwunsch schon vor der Behandlung das Rauchen zu beenden und auf jeglichen Tabakkonsum zu verzichten.<\/p>\n<p>Der Rauchstopp erh\u00f6ht die Wahrscheinlichkeit, schwanger zu werden. Nach dem Rauchstopp verbessert sich die Spermienqualit\u00e4t und \u2013quantit\u00e4t bei M\u00e4nnern und die Wahrscheinlichkeit einer Schwangerschaft ist bei ehemaligen Raucherinnen ebenso hoch wie bei lebenslangen NIchtraucherinnen.<\/p>\n<blockquote>\n<p>Warum k\u00f6nnen nicht alle Frauen einfach aufh\u00f6ren, wenn sie schwanger sind?<\/p>\n<\/blockquote>\n<p>Rund 2\/3 der Schwangeren schafft den Rauchstopp, sobald die Schwangerschaft klar ist. Manchmal hilft die Schwangerschafts\u00fcbelkeit in den ersten Monaten sogar dabei, dass gar kein Gusto zum Rauchen aufkommt. Rund 1\/3 der Frauen rauchen jedoch weiter. Dies hat selten etwas mit mangelndem Verantwortungsgef\u00fchl oder Leichtsinn zu tun. Nikotin ist ein abh\u00e4ngig machendes Suchtgift, auf das stark abh\u00e4ngige Raucherinnen nicht von heute auf morgen verzichten k\u00f6nnen. Vor allem wenn Personen in der nahen Umgebung weiterrauchen, ist es schwer, das Verhalten allein zu \u00e4ndern. Durch die Schwangerschaft ver\u00e4ndert sich der K\u00f6rper und Entzugssymptome werden noch st\u00e4rker erlebt, was den Rauchstopp noch zus\u00e4tzlich erschweren kann. Der Druck der Gesellschaft und der Familie auf die Schwangeren ist oft gro\u00df, sofort rauchfrei zu werden, das erh\u00f6ht zus\u00e4tzlich Scham- und Schuldgef\u00fchle. Manche Schwangere rauchen sogar heimlich, aus Angst vor negativen Reaktionen. Allein ist es dann kaum m\u00f6glich, in dieser au\u00dfergew\u00f6hnlichen Situation rauchfrei zu werden. Mit Hilfe hingegen gelingt der Rauchstopp leichter.<\/p>\n<p>Wenn Sie mit jemandem sprechen wollen, der Ihre Schwierigkeiten und Bef\u00fcrchtungen versteht, rufen Sie uns an\u00a0 oder\u00a0schreiben Sie\u00a0uns ein E-Mail an <a href=\"mailto:info@rauchfrei.at\">info@rauchfrei.at<\/a>.<\/p>\n<p><a href=\"https:\/\/rauchfrei.at\/beratung-vom-rauchfrei-telefon\/\" target=\"_blank\" rel=\"noopener noreferrer\">Weitere Informationen zur Beratung am Rauchfrei Telefon<\/a><em><br \/><\/em><\/p>\n<h3>Wie gelingt der Rauchstopp in der Schwangerschaft?<\/h3>\n<p>Immer noch geht das Ger\u00fccht um, dass ein abrupter Rauchstopp dem Ungeborenen schadet oder dass ein paar Zigaretten pro Tag nicht schaden. Beides stimmt nicht. Ein sofortiger Rauchstopp erm\u00f6glicht eine optimale Versorgung Ihres Kindes und kann keine negativen Auswirkungen auf das ungeborene haben. Auch wenige Zigaretten schaden dem Ungeborenen. Daher empfehlen wir einen ehestm\u00f6glichen Rauchstopp. Die <a href=\"https:\/\/rauchfrei.at\/aufhoeren\/schritte-zum-rauchstopp\/\">Planung und Umsetzung<\/a> unterscheidet sich nicht vom Rauchstopp zu einem anderen Zeitpunkt. Infos zur Vorbereitung und Umsetzung finden Sie hier.<\/p>\n<h3>Risiken f\u00fcr das Baby<\/h3>\n<p>Schon weniger als zehn Zigaretten t\u00e4glich f\u00fchren zur Unterversorgung des Ungeborenen. Auch Eileiterschwangerschaften, Schwangerschaftskomplikationen, Fehlgeburten und Fr\u00fchgeburten sind bei Raucherinnen h\u00e4ufiger. Wenn Sie rauchen, nehmen Sie nachweisbar mehrere tausend zum Teil hochgiftige Stoffe auf, darunter Nikotin und Kohlenmonoxid (<a href=\"https:\/\/rauchfrei.at\/fakten\/inhaltsstoffe\/\">Inhaltsstoffe<\/a>). Dieselben Giftstoffe nimmt auch Ihr ungeborenes\u00a0Baby auf und erh\u00e4lt dadurch nicht gen\u00fcgend N\u00e4hrstoffe und Sauerstoff f\u00fcr eine normale Entwicklung. Die Entwicklung wird dadurch beeintr\u00e4chtigt. Die Sch\u00e4den, die durch Rauchen und Passivrauchen f\u00fcr das Kind entstehen, k\u00f6nnen unter dem Namen <strong>Fetales Tabaksyndrom<\/strong> zusammengefasst werden.<em><br \/><\/em><\/p>\n<h3>Die Vorteile eines Rauchstopps in der Schwangerschaft<\/h3>\n<ul>\n<li>Die Fr\u00fchgeburtenrate sinkt um die H\u00e4lfte im Vergleich zu Schwangeren, die weiterhin rauchen.<\/li>\n<li>Das Baby hat eine gr\u00f6\u00dfere Chance, normalgewichtig auf die Welt zu kommen.<\/li>\n<li>Die Lungen Ihres Kindes k\u00f6nnen sich vollst\u00e4ndig entwickeln.<\/li>\n<li>Das Risiko einer Totgeburt sinkt um ein Drittel.<\/li>\n<li>Es besteht ein geringeres Risiko f\u00fcr Geburtskomplikationen.<\/li>\n<li>Das Risiko f\u00fcr den pl\u00f6tzlichen Kindstod sinkt.<\/li>\n<li>Es kommt zu weniger Anpassungsproblemen des Kindes nach der Geburt (z.B. Unruhe, Atemprobleme, Verhaltensst\u00f6rungen).<\/li>\n<li>Ihr Baby ist weniger anf\u00e4llig f\u00fcr Infektionskrankheiten oder allergische Reaktionen.<\/li>\n<li>Ihr Baby erleidet keinen Nikotinentzug nach der Geburt.<\/li>\n<\/ul>\n<h4>Stillen und Rauchen<\/h4>\n<p>Wenn es m\u00f6glich ist zu stillen, ist Muttermilch ideal, da sie das Neugeborene mit allen lebenswichtigen N\u00e4hrstoffen versorgt. Sie enth\u00e4lt Abwehrstoffe, die das Baby vor Infektionen sch\u00fctzen und Allergien vorbeugen. Zus\u00e4tzlich f\u00f6rdert das Stillen die Bindung zwischen Mutter und Kind. Rauchen wirkt sich aus mehreren Gr\u00fcnden negativ aufs Stillen aus.<\/p>\n<p>Bleiben Sie auch nach der Geburt rauchfrei, denn<\/p>\n<ul>\n<li>durch das Rauchen gelangen Schadstoffe in hoher Dosis in die Muttermilch.<\/li>\n<li>Rauchen senkt den Prolaktinspiegel der stillenden Mutter. Das Hormon Prolaktin f\u00f6rdert die Milchproduktion und ist ein nat\u00fcrliches Beruhigungsmittel.<\/li>\n<li>Rauchende M\u00fctter haben oft weniger Energiereserven und weniger Milch.<\/li>\n<li>Rauchen beeinflusst die Stillbereitschaft und die Dauer des Stillens negativ. Raucherinnen neigen dazu, sehr fr\u00fch abzustillen.<\/li>\n<li>Es kann zu reduziertem Saugverm\u00f6gen, Unruhe, Erbrechen und verminderter Gewichtszunahme des Kindes kommen.<\/li>\n<li>Passivrauchpartikel werden auch \u00fcber Kleidung und Haut der Eltern an das Kind weitergegeben.<\/li>\n<\/ul>\n<p>Wenn Sie die lange Zeit der Schwangerschaft rauchfrei geschafft haben, machen Sie weiter mit dem Nichtrauchen, es w\u00e4re doch schade, wieder ins gesundheitssch\u00e4dliche Verhalten zur\u00fcckzufallen.<\/p>\n<p>Auch wenn Sie in der Schwangerschaft geraucht haben, und jetzt den Rauchstopp \u00fcberlegen &#8211; worauf warten Sie noch? Es ist zu jedem Zeitpunkt sinnvoll, rauchfrei zu werden. F\u00fcr das Baby und die Eltern!<\/p>\n<p>Die Zeit, wenn die Kinder klein sind, ist oft stressig und anspruchsvoll. Rauchen schafft subjektiv f\u00fcr viele M\u00fctter eine &#8220;Ich f\u00fcr mich &#8211; Zeit&#8221;.<\/p>\n<p>Nichtraucher\/innen haben mehr Zeit und berichten, weniger gestresst zu sein. Rufen Sie uns an, wir \u00fcberlegen gemeinsam gesunde Pausenm\u00f6glichkeiten und Entspannungsalternativen zum Rauchen!<\/p>\n<h4>Unterst\u00fctzung durch Partner, Familie und Freunde<strong><br \/><\/strong><\/h4>\n<p>Schwangeren und stillenden M\u00fcttern f\u00e4llt es leichter, rauchfrei zu bleiben, wenn der Partner und enge Bezugspersonen auch rauchfrei sind. Hilfreich w\u00e4re es daher, Partner, Familie und Freunde aktiv miteinzubinden. Manchmal ist es auch notwendig, aktiv um Unterst\u00fctzung zu bitten (z.B. in der Gegenwart der werdenden Mutter nicht zu rauchen, die gemeinsamen Innenr\u00e4ume absolut rauchfrei zu halten). Der Rauchgeruch und verf\u00fcgbare Zigaretten erschweren es, rauchfrei zu bleiben. Au\u00dferdem schadet auch der Passivrauch der Gesundheit der Schwangeren und des Kindes.<\/p>\n<h3>Was kann ich als Angeh\u00f6rige\/r tun?<\/h3>\n<ul>\n<li>Unterst\u00fctzen und motivieren Sie die Mutter des Kindes beim Aufh\u00f6ren und beim Durchhalten.<\/li>\n<li>Werden Sie selber rauchfrei &#8211; auch f\u00fcr Angeh\u00f6rige ist eine bevorstehende Geburt ein wichtiger Grund, selbst rauchfrei zu werden.<\/li>\n<li>Wenn Sie weiterrauchen, rauchen Sie nicht in Gegenwart der Schwangeren und halten Sie alle Innenr\u00e4ume immer rauchfrei.<\/li>\n<li>Erfragen Sie, was die werdende Mutter beim rauchfrei werden und rauchfrei bleiben als hilfreich empfindet.<\/li>\n<li>\u00dcbernehmen Sie Verantwortung f\u00fcr das Kind und verbessern Sie durchs Nichtrauchen Ihre Gesundheit und Lebenserwartung .<\/li>\n<li>Leisten Sie einen Beitrag zu einer rauchfreien und gesunden Umgebung f\u00fcr Kinder in Ihrem Umfeld.<\/li>\n<\/ul>\n<p>Gerne beraten wir auch Angeh\u00f6rige beim rauchfrei werden und bleiben!<\/p>\n<p>Links und PDFs:<br \/><a href=\"https:\/\/rauchfrei.at\/wp-content\/uploads\/Folder_Schwangerschaft_web-5.pdf\" target=\"_blank\" rel=\"noopener noreferrer\">Rauchfrei f\u00fcr mich und mein Kind<\/a><a href=\"https:\/\/rauchfrei.at\/fakten\/passivrauch\/\">\u00a0(Informationsfolder)<\/a><\/p>\n<p><a href=\"https:\/\/shop.bzga.de\/rauchfrei-in-der-schwangerschaft-und-nach-der-geburt-31500000\/\">Rauchfrei nach der Geburt \u2013 \u201eDas Baby ist da\u201c<\/a><br \/>(Bundeszentrale f\u00fcr Gesundheitliche Aufkl\u00e4rung, Deutschland)<\/p>\n<p>[\/et_pb_text][\/et_pb_column][et_pb_column type=&#8221;1_3&#8243; _builder_version=&#8221;4.16&#8243; custom_padding=&#8221;|||&#8221; global_colors_info=&#8221;{}&#8221; custom_padding__hover=&#8221;|||&#8221;][et_pb_dp_dmb_module_10093 farbe=&#8221;blitzgelb&#8221; headline=&#8221;Buchen Sie einen Anruf!&#8221; image=&#8221;https:\/\/rauchfrei.at\/wp-content\/uploads\/rauchfrei-rueckruf-gelb.png&#8221; image_position=&#8221;center&#8221; link_text=&#8221;Anruf buchen!&#8221; link_url=&#8221;https:\/\/rauchfrei.at\/beratung\/anruf-gewuenscht\/&#8221; image_size=&#8221;80&#8243; admin_label=&#8221;Anruf buchen&#8221; _builder_version=&#8221;3.21.1&#8243; max_width=&#8221;100%&#8221; global_module=&#8221;13148&#8243; saved_tabs=&#8221;all&#8221; global_colors_info=&#8221;{}&#8221;]<\/p>\n<p>Wir rufen Sie gerne an.<\/p>\n<p>[\/et_pb_dp_dmb_module_10093][et_pb_dp_dmb_module_10080 link_text=&#8221;Zu den Terminen:&#8221; link_new_tab=&#8221;on&#8221; link_url=&#8221;https:\/\/www.gesundheitskasse.at\/cdscontent\/?contentid=10007.901100&#038;portal=oegkportal&#8221; _builder_version=&#8221;4.27.4&#8243; _module_preset=&#8221;default&#8221; hover_enabled=&#8221;0&#8243; global_colors_info=&#8221;{}&#8221; sticky_enabled=&#8221;0&#8243;]<\/p>\n<p>Online-Vortr\u00e4ge in der Schwangerschaft<\/p>\n<p>[\/et_pb_dp_dmb_module_10080][et_pb_dp_dmb_module_10080 link_text=&#8221;hier downloaden&#8221; link_url=&#8221;https:\/\/rauchfrei.at\/broschueren-downloads\/download-broschueren\/&#8221; admin_label=&#8221;Materialdownloads&#8221; _builder_version=&#8221;3.19.15&#8243; global_module=&#8221;13235&#8243; saved_tabs=&#8221;all&#8221; global_colors_info=&#8221;{}&#8221;]<\/p>\n<p><span lang=\"DE-AT\"><strong>Brosch\u00fcren, Folder<\/strong> und <strong>Poster<\/strong><\/span><\/p>\n<p>[\/et_pb_dp_dmb_module_10080][et_pb_dp_dmb_module_10093 farbe=&#8221;blitzblau&#8221; headline=&#8221;Passivrauch&#8221; image=&#8221;https:\/\/rauchfrei.at\/wp-content\/uploads\/passivrauch-rauchfrei-fuer-alle.png&#8221; image_position=&#8221;center&#8221; link_text=&#8221;mehr&#8221; link_url=&#8221;https:\/\/rauchfrei.at\/fakten\/passivrauch\/&#8221; image_size=&#8221;70&#8243; admin_label=&#8221;Passivrauch&#8221; _builder_version=&#8221;3.19.15&#8243; global_module=&#8221;13172&#8243; saved_tabs=&#8221;all&#8221; global_colors_info=&#8221;{}&#8221;]<\/p>\n<p>Rauch ist giftig, niemand sollte ihn einatmen!<\/p>\n<p>[\/et_pb_dp_dmb_module_10093][et_pb_dp_dmb_module_10080 link_text=&#8221;Download&#8221; link_url=&#8221;\/broschueren-downloads\/download-beratungsunterlagen\/&#8221; admin_label=&#8221;Arbeitsbl\u00e4tter&#8221; _builder_version=&#8221;3.19.15&#8243; max_width=&#8221;100%&#8221; global_module=&#8221;13623&#8243; saved_tabs=&#8221;all&#8221; global_colors_info=&#8221;{}&#8221;]<\/p>\n<p><strong>Arbeitsbl\u00e4tter<\/strong> f\u00fcr die Beratung<\/p>\n<p>[\/et_pb_dp_dmb_module_10080][et_pb_dp_dmb_module_10093 farbe=&#8221;blitzgelb&#8221; headline=&#8221;Trauen Sie sich den Rauchstopp zu!&#8221; image=&#8221;https:\/\/rauchfrei.at\/wp-content\/uploads\/Quitting-Yellow.png&#8221; image_position=&#8221;center&#8221; link_text=&#8221;mehr&#8221; link_url=&#8221;https:\/\/rauchfrei.at\/aufhoeren\/schritte-zum-rauchstopp\/trauen-sie-sich-den-rauchstopp-zu\/&#8221; admin_label=&#8221;Trauen Sie sich den Rauchstopp zu&#8221; _builder_version=&#8221;4.23.1&#8243; global_module=&#8221;13173&#8243; saved_tabs=&#8221;all&#8221; global_colors_info=&#8221;{}&#8221;]<\/p>\n<p>Wollen Sie etwas \u00e4ndern? Worauf warten Sie?<\/p>\n<p>[\/et_pb_dp_dmb_module_10093][et_pb_dp_dmb_module_10080 link_text=&#8221;mehr&#8221; link_url=&#8221;https:\/\/rauchfrei.at\/fakten\/gesetzliches\/&#8221; admin_label=&#8221;\u00a7 Gesetzliches zum Thema Nichtraucher\u00adschutz und Rauchen&#8221; _builder_version=&#8221;3.19.15&#8243; max_width=&#8221;100%&#8221; global_module=&#8221;13120&#8243; global_colors_info=&#8221;{}&#8221;]<\/p>\n<p><strong>Gesetzliches<\/strong> rund ums Thema \u00a7<\/p>\n<p>[\/et_pb_dp_dmb_module_10080][et_pb_dp_dmb_module_10080 link_text=&#8221;mehr erfahren&#8221; link_url=&#8221;https:\/\/rauchfrei.at\/sigara-hatti\/&#8221; admin_label=&#8221;Infos in t\u00fcrkischer Sprache&#8221; _builder_version=&#8221;4.9.4&#8243; global_module=&#8221;13138&#8243; saved_tabs=&#8221;all&#8221; global_colors_info=&#8221;{}&#8221;]<\/p>\n<p>Informationen in t\u00fcrkischer Sprache<\/p>\n<p>[\/et_pb_dp_dmb_module_10080][\/et_pb_column][\/et_pb_row][\/et_pb_section]<\/p>\n","protected":false},"excerpt":{"rendered":"<p>In der Schwangerschaft bewirkt der Rauchstopp besonders viel Gutes. Die Gesundheit der Mutter und die Entwicklung des Babys werden optimal unterst\u00fctzt. Die Rauchfreiheit ist gerade in dieser Zeit besonders herausfordernd. Wir m\u00f6chten Sie dazu ermutigen, den Rauchstopp in Angriff zu nehmen. Gerne unterst\u00fctzen wir Sie dabei!<\/p>\n","protected":false},"author":2,"featured_media":0,"parent":11,"menu_order":0,"comment_status":"closed","ping_status":"open","template":"","meta":{"_et_pb_use_builder":"on","_et_pb_old_content":"<p>Die Schwangerschaft ist eine Zeit, in der sich viel ver\u00e4ndert und in der Sie nur das Beste f\u00fcr sich und Ihr Kind wollen. Trotzdem f\u00e4llt es vielen rauchenden Schwangeren nicht leicht, das Rauchen zu beenden. Neben der k\u00f6rperlichen Abh\u00e4ngigkeit durch das Nikotin, ist die Zigarette oft zu einem Anker im Alltag geworden, der ihnen in stressigen Situationen Halt gibt.<\/p><p>Wenn Sie mit jemandem sprechen wollen, der Ihre Schwierigkeiten und Bef\u00fcrchtungen versteht, wenden Sie sich an die Beraterinnen des Rauchfrei Telefons (Tel.: 0800 810 013\u00a0 oder\u00a0schreiben Sie\u00a0uns ein Email an <a href=\"mailto:info@rauchfrei.at\" target=\"_blank\" rel=\"noopener\">info@rauchfrei.at<\/a>).<\/p><p>Unterst\u00fctzung und Beratung erh\u00f6ht die Wahrscheinlichkeit f\u00fcr einen erfolgreichen Rauchstopp und die gesunde Entwicklung Ihres Neugeborenen!<\/p><p>Und: Ihr Kind erleidet keinen Entzug, wenn Sie aufh\u00f6ren zu rauchen!<\/p><p>Der Gesundheitslandesrat N\u00d6 und die Nieder\u00f6sterreichische Gebietskrankenkasse informieren mit einer Brosch\u00fcre \u00fcber Fakten und Risiken zum Thema Alkohol und Rauchen in der Schwangerschaft. Besonderer Dank gilt hier dem Wiener B\u00fcro f\u00fcr Frauengesundheit, das die Brosch\u00fcre grundlegend konzipiert und entworfen hat.<\/p><p>Die Brosch\u00fcre als Download finden Sie hier:<\/p><p><a href=\"https:\/\/rauchfrei.at\/wp-content\/uploads\/N\u00d6GKK-Auszeit-Brosch\u00fcre-fWeb4.pdf\" target=\"_blank\" rel=\"noopener\">Auszeit f\u00fcr Ihr Baby <\/a>(Infobrosch\u00fcre)<br \/><a href=\"https:\/\/rauchfrei.at\/wp-content\/uploads\/N\u00d6GKK-Auszeit-Plakat-fWeb.pdf\" target=\"_blank\" rel=\"noopener\">Auszeit f\u00fcr Ihr Baby<\/a> (Poster)<\/p><p>Bestellung von Postern und Brosch\u00fcren beim Amt der N\u00d6 Landesregierung, Abteilung Gesundheitswesen unter 02742\/9005-129 06 bzw. unter der E-Mail-Adresse <a href=\"mailto:post.gs1@noel.gv.at\" target=\"_blank\" rel=\"noopener\">post.gs1@noel.gv.at<\/a>.<\/p><p>\u00a0<\/p><p>\u00a0<\/p><p>\u00a0<\/p><p>\u00a0<\/p><p>\u00a0<\/p><h2 style=\"text-align: left;\">\u00a0<\/h2><p>\u00a0<\/p><h2 style=\"text-align: left;\">\u00a0<\/h2><p>\u00a0<\/p>","_et_gb_content_width":"","footnotes":""},"class_list":["post-117","page","type-page","status-publish","hentry"],"yoast_head":"<!-- This site is optimized with the Yoast SEO plugin v26.2 - https:\/\/yoast.com\/wordpress\/plugins\/seo\/ -->\n<title>Schwangerschaft - Rauchfrei Telefon<\/title>\n<meta name=\"robots\" content=\"index, follow, max-snippet:-1, max-image-preview:large, max-video-preview:-1\" \/>\n<link rel=\"canonical\" href=\"https:\/\/rauchfrei.at\/fakten\/schwangerschaft\/\" \/>\n<meta property=\"og:locale\" content=\"en_US\" \/>\n<meta property=\"og:type\" content=\"article\" \/>\n<meta property=\"og:title\" content=\"Schwangerschaft - Rauchfrei Telefon\" \/>\n<meta property=\"og:description\" content=\"In der Schwangerschaft bewirkt der Rauchstopp besonders viel Gutes. Die Gesundheit der Mutter und die Entwicklung des Babys werden optimal unterst\u00fctzt. Die Rauchfreiheit ist gerade in dieser Zeit besonders herausfordernd. Wir m\u00f6chten Sie dazu ermutigen, den Rauchstopp in Angriff zu nehmen. Gerne unterst\u00fctzen wir Sie dabei!\" \/>\n<meta property=\"og:url\" content=\"https:\/\/rauchfrei.at\/fakten\/schwangerschaft\/\" \/>\n<meta property=\"og:site_name\" content=\"Rauchfrei Telefon\" \/>\n<meta property=\"article:modified_time\" content=\"2025-07-25T15:27:47+00:00\" \/>\n<meta name=\"twitter:card\" content=\"summary_large_image\" \/>\n<meta name=\"twitter:label1\" content=\"Est. reading time\" \/>\n\t<meta name=\"twitter:data1\" content=\"10 minutes\" \/>\n<script type=\"application\/ld+json\" class=\"yoast-schema-graph\">{\"@context\":\"https:\/\/schema.org\",\"@graph\":[{\"@type\":\"WebPage\",\"@id\":\"https:\/\/rauchfrei.at\/fakten\/schwangerschaft\/\",\"url\":\"https:\/\/rauchfrei.at\/fakten\/schwangerschaft\/\",\"name\":\"Schwangerschaft - Rauchfrei Telefon\",\"isPartOf\":{\"@id\":\"https:\/\/rauchfrei.at\/#website\"},\"datePublished\":\"2012-02-28T11:44:06+00:00\",\"dateModified\":\"2025-07-25T15:27:47+00:00\",\"breadcrumb\":{\"@id\":\"https:\/\/rauchfrei.at\/fakten\/schwangerschaft\/#breadcrumb\"},\"inLanguage\":\"en-US\",\"potentialAction\":[{\"@type\":\"ReadAction\",\"target\":[\"https:\/\/rauchfrei.at\/fakten\/schwangerschaft\/\"]}]},{\"@type\":\"BreadcrumbList\",\"@id\":\"https:\/\/rauchfrei.at\/fakten\/schwangerschaft\/#breadcrumb\",\"itemListElement\":[{\"@type\":\"ListItem\",\"position\":1,\"name\":\"Fakten\",\"item\":\"https:\/\/rauchfrei.at\/fakten\/\"},{\"@type\":\"ListItem\",\"position\":2,\"name\":\"Schwangerschaft\"}]},{\"@type\":\"WebSite\",\"@id\":\"https:\/\/rauchfrei.at\/#website\",\"url\":\"https:\/\/rauchfrei.at\/\",\"name\":\"Rauchfrei Telefon\",\"description\":\"Eine \u00f6sterreichweite Initiative der Sozialversicherungen.\",\"potentialAction\":[{\"@type\":\"SearchAction\",\"target\":{\"@type\":\"EntryPoint\",\"urlTemplate\":\"https:\/\/rauchfrei.at\/?s={search_term_string}\"},\"query-input\":{\"@type\":\"PropertyValueSpecification\",\"valueRequired\":true,\"valueName\":\"search_term_string\"}}],\"inLanguage\":\"en-US\"}]}<\/script>\n<!-- \/ Yoast SEO plugin. -->","yoast_head_json":{"title":"Schwangerschaft - Rauchfrei Telefon","robots":{"index":"index","follow":"follow","max-snippet":"max-snippet:-1","max-image-preview":"max-image-preview:large","max-video-preview":"max-video-preview:-1"},"canonical":"https:\/\/rauchfrei.at\/fakten\/schwangerschaft\/","og_locale":"en_US","og_type":"article","og_title":"Schwangerschaft - Rauchfrei Telefon","og_description":"In der Schwangerschaft bewirkt der Rauchstopp besonders viel Gutes. Die Gesundheit der Mutter und die Entwicklung des Babys werden optimal unterst\u00fctzt. Die Rauchfreiheit ist gerade in dieser Zeit besonders herausfordernd. Wir m\u00f6chten Sie dazu ermutigen, den Rauchstopp in Angriff zu nehmen. Gerne unterst\u00fctzen wir Sie dabei!","og_url":"https:\/\/rauchfrei.at\/fakten\/schwangerschaft\/","og_site_name":"Rauchfrei Telefon","article_modified_time":"2025-07-25T15:27:47+00:00","twitter_card":"summary_large_image","twitter_misc":{"Est. reading time":"10 minutes"},"schema":{"@context":"https:\/\/schema.org","@graph":[{"@type":"WebPage","@id":"https:\/\/rauchfrei.at\/fakten\/schwangerschaft\/","url":"https:\/\/rauchfrei.at\/fakten\/schwangerschaft\/","name":"Schwangerschaft - Rauchfrei Telefon","isPartOf":{"@id":"https:\/\/rauchfrei.at\/#website"},"datePublished":"2012-02-28T11:44:06+00:00","dateModified":"2025-07-25T15:27:47+00:00","breadcrumb":{"@id":"https:\/\/rauchfrei.at\/fakten\/schwangerschaft\/#breadcrumb"},"inLanguage":"en-US","potentialAction":[{"@type":"ReadAction","target":["https:\/\/rauchfrei.at\/fakten\/schwangerschaft\/"]}]},{"@type":"BreadcrumbList","@id":"https:\/\/rauchfrei.at\/fakten\/schwangerschaft\/#breadcrumb","itemListElement":[{"@type":"ListItem","position":1,"name":"Fakten","item":"https:\/\/rauchfrei.at\/fakten\/"},{"@type":"ListItem","position":2,"name":"Schwangerschaft"}]},{"@type":"WebSite","@id":"https:\/\/rauchfrei.at\/#website","url":"https:\/\/rauchfrei.at\/","name":"Rauchfrei Telefon","description":"Eine \u00f6sterreichweite Initiative der Sozialversicherungen.","potentialAction":[{"@type":"SearchAction","target":{"@type":"EntryPoint","urlTemplate":"https:\/\/rauchfrei.at\/?s={search_term_string}"},"query-input":{"@type":"PropertyValueSpecification","valueRequired":true,"valueName":"search_term_string"}}],"inLanguage":"en-US"}]}},"_links":{"self":[{"href":"https:\/\/rauchfrei.at\/en\/wp-json\/wp\/v2\/pages\/117","targetHints":{"allow":["GET"]}}],"collection":[{"href":"https:\/\/rauchfrei.at\/en\/wp-json\/wp\/v2\/pages"}],"about":[{"href":"https:\/\/rauchfrei.at\/en\/wp-json\/wp\/v2\/types\/page"}],"author":[{"embeddable":true,"href":"https:\/\/rauchfrei.at\/en\/wp-json\/wp\/v2\/users\/2"}],"replies":[{"embeddable":true,"href":"https:\/\/rauchfrei.at\/en\/wp-json\/wp\/v2\/comments?post=117"}],"version-history":[{"count":13,"href":"https:\/\/rauchfrei.at\/en\/wp-json\/wp\/v2\/pages\/117\/revisions"}],"predecessor-version":[{"id":31012,"href":"https:\/\/rauchfrei.at\/en\/wp-json\/wp\/v2\/pages\/117\/revisions\/31012"}],"up":[{"embeddable":true,"href":"https:\/\/rauchfrei.at\/en\/wp-json\/wp\/v2\/pages\/11"}],"wp:attachment":[{"href":"https:\/\/rauchfrei.at\/en\/wp-json\/wp\/v2\/media?parent=117"}],"curies":[{"name":"wp","href":"https:\/\/api.w.org\/{rel}","templated":true}]}}