
{"id":12173,"date":"2018-11-26T16:39:03","date_gmt":"2018-11-26T14:39:03","guid":{"rendered":"http:\/\/rauchfrei.at\/?page_id=12173"},"modified":"2025-10-22T09:37:20","modified_gmt":"2025-10-22T07:37:20","slug":"weblinks","status":"publish","type":"page","link":"https:\/\/rauchfrei.at\/en\/weblinks\/","title":{"rendered":"Weblinks"},"content":{"rendered":"<p>[et_pb_section fb_built=&#8221;1&#8243; custom_padding_last_edited=&#8221;off|&#8221; module_class=&#8221;header&#8221; _builder_version=&#8221;4.16&#8243; background_color=&#8221;#67BAD3&#8243; custom_margin=&#8221;||0px|&#8221; custom_padding=&#8221;100px||10px|&#8221; global_colors_info=&#8221;{}&#8221;][et_pb_row _builder_version=&#8221;4.16&#8243; custom_margin=&#8221;||0px|&#8221; custom_padding=&#8221;||0px|&#8221; global_colors_info=&#8221;{}&#8221;][et_pb_column type=&#8221;4_4&#8243; _builder_version=&#8221;4.16&#8243; custom_padding=&#8221;||0px|&#8221; global_colors_info=&#8221;{}&#8221; custom_padding__hover=&#8221;|||&#8221;][et_pb_text admin_label=&#8221;Blue Background Header&#8221; _builder_version=&#8221;4.16&#8243; custom_margin=&#8221;||0px|&#8221; custom_padding=&#8221;||0px|&#8221; global_colors_info=&#8221;{}&#8221;]<\/p>\n<h1>Links<\/h1>\n<h2>Hier finden Sie eine Auflistung informativer Links<\/h2>\n<p>[\/et_pb_text][\/et_pb_column][\/et_pb_row][\/et_pb_section][et_pb_section fb_built=&#8221;1&#8243; _builder_version=&#8221;4.16&#8243; global_colors_info=&#8221;{}&#8221;][et_pb_row column_structure=&#8221;2_3,1_3&#8243; _builder_version=&#8221;4.16&#8243; background_size=&#8221;initial&#8221; background_position=&#8221;top_left&#8221; background_repeat=&#8221;repeat&#8221; global_colors_info=&#8221;{}&#8221;][et_pb_column type=&#8221;2_3&#8243; _builder_version=&#8221;4.16&#8243; custom_padding=&#8221;|||&#8221; global_colors_info=&#8221;{}&#8221; custom_padding__hover=&#8221;|||&#8221;][et_pb_toggle title=&#8221;Allgemeine Informationen&#8221; admin_label=&#8221;Allgemeine Informationen&#8221; _builder_version=&#8221;4.16&#8243; global_colors_info=&#8221;{}&#8221;]<\/p>\n<p><a href=\"https:\/\/www.sozialministerium.at\/public.html\" target=\"_blank\" rel=\"noopener noreferrer\">Bundesministerium f\u00fcr Soziales, Gesundheit, Pflege und Konsumentenschutz<br \/><\/a>Allgemeine Homepage des Gesundheitsministerium<br \/>(f\u00fcr n\u00e4here Informationen bitte den Suchbegriff &#8220;Rauchen&#8221; eingeben)<\/p>\n<p><a href=\"http:\/\/www.fgoe.org\/\" target=\"_blank\" rel=\"noopener noreferrer\">Fonds Gesundes \u00d6sterreich<br \/><\/a>Gesundheitsf\u00f6rderung und Pr\u00e4vention<\/p>\n<p><a href=\"https:\/\/www.gesundheit.gv.at\/service\/beratungsstellen\/krankheiten\/abhaengigkeit-sucht\/nikotinsucht-beratung.html\" target=\"_blank\" rel=\"noopener noreferrer\">\u00d6ffentliches Gesundheitsportal<br \/><\/a>Seite des Gesundheitheitsministeriums mit Informationen rund um den Rauchstopp<\/p>\n<p><a href=\"http:\/\/www.suchtvorbeugung.net\/\" target=\"_blank\" rel=\"noopener noreferrer\">Fachstellen f\u00fcr Suchtvorbeugung<br \/><\/a>\u00d6sterreichische ARGE Suchtvorbeugung<\/p>\n<p><a href=\"http:\/\/www.aerzteinitiative.at\/\">Initiative \u00c4rzte gegen Rauchersch\u00e4den<\/a><br \/>Initiative der \u00d6sterr. Gesellschaft f\u00fcr Pneumologie, der Insitute f\u00fcr Umweltmedizin und f\u00fcr Sozialmedizin der Medizinischen Universit\u00e4t Wien sowie der \u00d6sterr. \u00c4rztekammer<\/p>\n<p><a href=\"https:\/\/rauchfrei.at\/fakten\/gesetzliches\/\">Informationen zu den gesetzlichen Regelungen<br \/><\/a>Das Rauchfrei Telefon fasst die aktuellen Regelungen zusammen<\/p>\n<p><a href=\"mailto:ombudsstelle.nrs@sozialministerium.at\">Ombudsstelle zum Schutz von Nichtraucherinnen und Nichtrauchern im Bundesministerium f\u00fcr Arbeit, Soziales, Gesundheit und Konsumentenschutz<\/a><br \/>Anfragen zu Themes des Nichtraucher\/innenschutes richten Sie an die Ombudsstelle<\/p>\n<p>&nbsp;<\/p>\n<p>[\/et_pb_toggle][et_pb_toggle title=&#8221;Hilfreiche Informationen f\u00fcr Personen mit tabakassozierten Erkrankungen&#8221; admin_label=&#8221;Hilfreiche Informationen f\u00fcr Personen mit tabakassozierten Erkrankungen&#8221; _builder_version=&#8221;4.16&#8243; global_colors_info=&#8221;{}&#8221;]<\/p>\n<p><a href=\"http:\/\/www.ogp.at\/\">\u00d6sterreichische Gesellschaft f\u00fcr Pneumologie<br \/><\/a>Wissenschaftliche Gesellschaft bestehend aus \u00e4rztlichen und nicht-\u00e4rztlichen Mitglieder (f\u00fcr n\u00e4here Informationen bitte den Suchbegriff \u201eRauchen\u201c eingeben)<\/p>\n<p><a href=\"http:\/\/www.lungenkrebsforum-austria.at\/\">Lungenkrebsforum Austria<br \/><\/a>\u00d6sterreichs erste Selbsthilfegruppe f\u00fcr Lungenkrebspatienten und -patientinnen<\/p>\n<p><a href=\"http:\/\/www.selbsthilfe-lot.at\/home.php\">Lungenliga \u00d6sterreich<br \/><\/a>Selbsthilfegruppen f\u00fcr Langzeit-Sauerstoff-Therapie und COPD<\/p>\n<p><a href=\"http:\/\/www.krebshilfe.net\/information\/rauchen\/rauchen.shtm\">\u00d6sterreichische Krebshilfe<\/a><br \/>Informationen zum Rauchstopp der \u00d6sterreichischen Krebshilfe<\/p>\n<p>[\/et_pb_toggle][et_pb_toggle title=&#8221;Expertise finden&#8221; admin_label=&#8221;Expertise finden&#8221; _builder_version=&#8221;4.16&#8243; global_colors_info=&#8221;{}&#8221;]<\/p>\n<p><a href=\"http:\/\/www.aerztekammer.at\/\">\u00d6sterreichische \u00c4rztekammer<\/a><br \/>Allgemeine Homepage der \u00d6sterreichischen \u00c4rztekammer<br \/>(f\u00fcr n\u00e4here Informationen bitte bei der Arztsuche den Suchbegriff \u201eRaucherentw\u00f6hnung\u201c eingeben)<\/p>\n<p><a href=\"http:\/\/www.psychnet.at\">Online-Informationssystem des Berufsverbands \u00d6sterreichischer Psychologinnen und Psychologen<\/a> (bitte Suchbegriff \u201eRaucherentw\u00f6hnung\u201c eingeben)<\/p>\n<p><a href=\"http:\/\/www.psyonline.at\/\">Suche nach Psychotherapeutinnen und Psychotherapeuten <\/a>\u00a0(W\u00e4hlen Sie bei \u201eThema\u201c Raucherentw\u00f6hnung aus.)<\/p>\n<p><a href=\"http:\/\/www.arztverzeichnis.at\">Arztsuche\u00a0<\/a>(Suchen Sie bei dem Eingabefeld \u201eWas?\u201c nach Allgemeinmediziner\/in oder Lungenfach\u00e4rztin\/Lungenfacharzt und w\u00e4hlen Sie links unten das Zertifikat \u201eRaucherentw\u00f6hnung\u201c aus.)<\/p>\n<p><a href=\"http:\/\/www.diaetologen.at\">www.diaetologen.at<\/a><\/p>\n<p>[\/et_pb_toggle][et_pb_toggle title=&#8221;Jung und rauchfrei&#8221; admin_label=&#8221;Jung und rauchfrei&#8221; _builder_version=&#8221;4.27.4&#8243; hover_enabled=&#8221;0&#8243; global_colors_info=&#8221;{}&#8221; sticky_enabled=&#8221;0&#8243;]<\/p>\n<p><a href=\"http:\/\/www.feelok.at\/de_AT\/jugendliche\/jugendliche.cfm\" target=\"_blank\" rel=\"noopener\">Feel OK<\/a><br \/>Internetbasiertes Interventionsprogramm f\u00fcr Jugendliche, \u00f6sterreichweit von Styria vitalis koordiniert<\/p>\n<p><a href=\"https:\/\/www.check-yourself.at\/\" target=\"_blank\" rel=\"noopener\">check yourself! &#8211; Fachstelle N\u00d6<\/a><a href=\"http:\/\/www.knowyourdrugs.at\/\"><br \/><\/a>Jugendhomepage der Fachstelle Suchtpr\u00e4vention: Infos, Rechtliches, Quiz und Angebote<\/p>\n<p><a href=\"http:\/\/www.besmart.info\" target=\"_blank\" rel=\"noopener\">Be Smart \u2013 Don`t Start<\/a><br \/>Wettbewerb f\u00fcr rauchfreie Schulklassen<\/p>\n<p><a href=\"http:\/\/www.rauch-frei.info\/\" target=\"_blank\" rel=\"noopener\">Rauch-frei.info <\/a>Jugendhomepage der Bundeszentrale f\u00fcr Gesundheitliche Aufkl\u00e4rung, Deutschland<\/p>\n<p><a href=\"https:\/\/stopsmoking.ch\/\" target=\"_blank\" rel=\"noopener\">Smokefree<\/a>Tipps und Tricks zum Rauchstopp, Schweiz<\/p>\n<p><a href=\"https:\/\/www.emro.who.int\/entity\/tobacco-free-initiative\/\" target=\"_blank\" rel=\"noopener\">WHO Tobacco-Free Youth (Englisch, Franz\u00f6sisch)<\/a>Infokampagne speziell f\u00fcr Jugendliche (Englisch)<\/p>\n<p><a href=\"http:\/\/www.thetruth.com\/\" target=\"_blank\" rel=\"noopener\">The Truth<\/a>Hintergrundinformationen zur Arbeitsweise der Tabakindustrie<\/p>\n<p>[\/et_pb_toggle][et_pb_toggle title=&#8221;Andere S\u00fcchte und psychische Gesundheit&#8221; admin_label=&#8221;Andere S\u00fcchte und psychische Gesundheit&#8221; _builder_version=&#8221;4.16&#8243; global_colors_info=&#8221;{}&#8221;]<\/p>\n<p><a href=\"http:\/\/www.mindbase.at\" target=\"_blank\" rel=\"noopener noreferrer\">www.mindbase.at<\/a><br \/>Digitale Plattform \u00fcber S\u00fcchte und psychische Gesundheit.<\/p>\n<p>[\/et_pb_toggle][\/et_pb_column][et_pb_column type=&#8221;1_3&#8243; _builder_version=&#8221;4.16&#8243; custom_padding=&#8221;|||&#8221; global_colors_info=&#8221;{}&#8221; custom_padding__hover=&#8221;|||&#8221;][et_pb_dp_dmb_module_10093 farbe=&#8221;blitzgelb&#8221; headline=&#8221;Buchen Sie einen Anruf!&#8221; image=&#8221;https:\/\/rauchfrei.at\/wp-content\/uploads\/rauchfrei-rueckruf-gelb.png&#8221; image_position=&#8221;center&#8221; link_text=&#8221;Anruf buchen!&#8221; link_url=&#8221;https:\/\/rauchfrei.at\/beratung\/anruf-gewuenscht\/&#8221; image_size=&#8221;80&#8243; admin_label=&#8221;Anruf buchen&#8221; _builder_version=&#8221;3.21.1&#8243; max_width=&#8221;100%&#8221; global_module=&#8221;13148&#8243; saved_tabs=&#8221;all&#8221; global_colors_info=&#8221;{}&#8221;]<\/p>\n<p>Wir rufen Sie gerne an.<\/p>\n<p>[\/et_pb_dp_dmb_module_10093][\/et_pb_column][\/et_pb_row][\/et_pb_section]<\/p>\n","protected":false},"excerpt":{"rendered":"<p>Links Hier finden Sie eine Auflistung informativer Links Bundesministerium f\u00fcr Soziales, Gesundheit, Pflege und KonsumentenschutzAllgemeine Homepage des Gesundheitsministerium(f\u00fcr n\u00e4here Informationen bitte den Suchbegriff &#8220;Rauchen&#8221; eingeben) Fonds Gesundes \u00d6sterreichGesundheitsf\u00f6rderung und Pr\u00e4vention \u00d6ffentliches GesundheitsportalSeite des Gesundheitheitsministeriums mit Informationen rund um den Rauchstopp Fachstellen f\u00fcr Suchtvorbeugung\u00d6sterreichische ARGE Suchtvorbeugung Initiative \u00c4rzte gegen Rauchersch\u00e4denInitiative der \u00d6sterr. Gesellschaft f\u00fcr Pneumologie, der [&hellip;]<\/p>\n","protected":false},"author":14,"featured_media":0,"parent":0,"menu_order":0,"comment_status":"closed","ping_status":"closed","template":"","meta":{"_et_pb_use_builder":"on","_et_pb_old_content":"<p>Links im Bereich Informiert sein<\/p>","_et_gb_content_width":"","footnotes":""},"class_list":["post-12173","page","type-page","status-publish","hentry"],"yoast_head":"<!-- This site is optimized with the Yoast SEO plugin v26.2 - https:\/\/yoast.com\/wordpress\/plugins\/seo\/ -->\n<title>Weblinks - Rauchfrei Telefon<\/title>\n<meta name=\"robots\" content=\"index, follow, max-snippet:-1, max-image-preview:large, max-video-preview:-1\" \/>\n<link rel=\"canonical\" href=\"https:\/\/rauchfrei.at\/weblinks\/\" \/>\n<meta property=\"og:locale\" content=\"en_US\" \/>\n<meta property=\"og:type\" content=\"article\" \/>\n<meta property=\"og:title\" content=\"Weblinks - Rauchfrei Telefon\" \/>\n<meta property=\"og:description\" content=\"Links Hier finden Sie eine Auflistung informativer Links Bundesministerium f\u00fcr Soziales, Gesundheit, Pflege und KonsumentenschutzAllgemeine Homepage des Gesundheitsministerium(f\u00fcr n\u00e4here Informationen bitte den Suchbegriff &quot;Rauchen&quot; eingeben) Fonds Gesundes \u00d6sterreichGesundheitsf\u00f6rderung und Pr\u00e4vention \u00d6ffentliches GesundheitsportalSeite des Gesundheitheitsministeriums mit Informationen rund um den Rauchstopp Fachstellen f\u00fcr Suchtvorbeugung\u00d6sterreichische ARGE Suchtvorbeugung Initiative \u00c4rzte gegen Rauchersch\u00e4denInitiative der \u00d6sterr. Gesellschaft f\u00fcr Pneumologie, der [&hellip;]\" \/>\n<meta property=\"og:url\" content=\"https:\/\/rauchfrei.at\/weblinks\/\" \/>\n<meta property=\"og:site_name\" content=\"Rauchfrei Telefon\" \/>\n<meta property=\"article:modified_time\" content=\"2025-10-22T07:37:20+00:00\" \/>\n<meta name=\"twitter:card\" content=\"summary_large_image\" \/>\n<meta name=\"twitter:label1\" content=\"Est. reading time\" \/>\n\t<meta name=\"twitter:data1\" content=\"3 minutes\" \/>\n<script type=\"application\/ld+json\" class=\"yoast-schema-graph\">{\"@context\":\"https:\/\/schema.org\",\"@graph\":[{\"@type\":\"WebPage\",\"@id\":\"https:\/\/rauchfrei.at\/weblinks\/\",\"url\":\"https:\/\/rauchfrei.at\/weblinks\/\",\"name\":\"Weblinks - Rauchfrei Telefon\",\"isPartOf\":{\"@id\":\"https:\/\/rauchfrei.at\/#website\"},\"datePublished\":\"2018-11-26T14:39:03+00:00\",\"dateModified\":\"2025-10-22T07:37:20+00:00\",\"inLanguage\":\"en-US\",\"potentialAction\":[{\"@type\":\"ReadAction\",\"target\":[\"https:\/\/rauchfrei.at\/weblinks\/\"]}]},{\"@type\":\"WebSite\",\"@id\":\"https:\/\/rauchfrei.at\/#website\",\"url\":\"https:\/\/rauchfrei.at\/\",\"name\":\"Rauchfrei Telefon\",\"description\":\"Eine \u00f6sterreichweite Initiative der Sozialversicherungen.\",\"potentialAction\":[{\"@type\":\"SearchAction\",\"target\":{\"@type\":\"EntryPoint\",\"urlTemplate\":\"https:\/\/rauchfrei.at\/?s={search_term_string}\"},\"query-input\":{\"@type\":\"PropertyValueSpecification\",\"valueRequired\":true,\"valueName\":\"search_term_string\"}}],\"inLanguage\":\"en-US\"}]}<\/script>\n<!-- \/ Yoast SEO plugin. -->","yoast_head_json":{"title":"Weblinks - Rauchfrei Telefon","robots":{"index":"index","follow":"follow","max-snippet":"max-snippet:-1","max-image-preview":"max-image-preview:large","max-video-preview":"max-video-preview:-1"},"canonical":"https:\/\/rauchfrei.at\/weblinks\/","og_locale":"en_US","og_type":"article","og_title":"Weblinks - Rauchfrei Telefon","og_description":"Links Hier finden Sie eine Auflistung informativer Links Bundesministerium f\u00fcr Soziales, Gesundheit, Pflege und KonsumentenschutzAllgemeine Homepage des Gesundheitsministerium(f\u00fcr n\u00e4here Informationen bitte den Suchbegriff \"Rauchen\" eingeben) Fonds Gesundes \u00d6sterreichGesundheitsf\u00f6rderung und Pr\u00e4vention \u00d6ffentliches GesundheitsportalSeite des Gesundheitheitsministeriums mit Informationen rund um den Rauchstopp Fachstellen f\u00fcr Suchtvorbeugung\u00d6sterreichische ARGE Suchtvorbeugung Initiative \u00c4rzte gegen Rauchersch\u00e4denInitiative der \u00d6sterr. Gesellschaft f\u00fcr Pneumologie, der [&hellip;]","og_url":"https:\/\/rauchfrei.at\/weblinks\/","og_site_name":"Rauchfrei Telefon","article_modified_time":"2025-10-22T07:37:20+00:00","twitter_card":"summary_large_image","twitter_misc":{"Est. reading time":"3 minutes"},"schema":{"@context":"https:\/\/schema.org","@graph":[{"@type":"WebPage","@id":"https:\/\/rauchfrei.at\/weblinks\/","url":"https:\/\/rauchfrei.at\/weblinks\/","name":"Weblinks - Rauchfrei Telefon","isPartOf":{"@id":"https:\/\/rauchfrei.at\/#website"},"datePublished":"2018-11-26T14:39:03+00:00","dateModified":"2025-10-22T07:37:20+00:00","inLanguage":"en-US","potentialAction":[{"@type":"ReadAction","target":["https:\/\/rauchfrei.at\/weblinks\/"]}]},{"@type":"WebSite","@id":"https:\/\/rauchfrei.at\/#website","url":"https:\/\/rauchfrei.at\/","name":"Rauchfrei Telefon","description":"Eine \u00f6sterreichweite Initiative der Sozialversicherungen.","potentialAction":[{"@type":"SearchAction","target":{"@type":"EntryPoint","urlTemplate":"https:\/\/rauchfrei.at\/?s={search_term_string}"},"query-input":{"@type":"PropertyValueSpecification","valueRequired":true,"valueName":"search_term_string"}}],"inLanguage":"en-US"}]}},"_links":{"self":[{"href":"https:\/\/rauchfrei.at\/en\/wp-json\/wp\/v2\/pages\/12173","targetHints":{"allow":["GET"]}}],"collection":[{"href":"https:\/\/rauchfrei.at\/en\/wp-json\/wp\/v2\/pages"}],"about":[{"href":"https:\/\/rauchfrei.at\/en\/wp-json\/wp\/v2\/types\/page"}],"author":[{"embeddable":true,"href":"https:\/\/rauchfrei.at\/en\/wp-json\/wp\/v2\/users\/14"}],"replies":[{"embeddable":true,"href":"https:\/\/rauchfrei.at\/en\/wp-json\/wp\/v2\/comments?post=12173"}],"version-history":[{"count":12,"href":"https:\/\/rauchfrei.at\/en\/wp-json\/wp\/v2\/pages\/12173\/revisions"}],"predecessor-version":[{"id":31277,"href":"https:\/\/rauchfrei.at\/en\/wp-json\/wp\/v2\/pages\/12173\/revisions\/31277"}],"wp:attachment":[{"href":"https:\/\/rauchfrei.at\/en\/wp-json\/wp\/v2\/media?parent=12173"}],"curies":[{"name":"wp","href":"https:\/\/api.w.org\/{rel}","templated":true}]}}