
{"id":12413,"date":"2019-01-14T11:15:48","date_gmt":"2019-01-14T09:15:48","guid":{"rendered":"http:\/\/rauchfrei.at\/?page_id=12413"},"modified":"2025-09-03T10:16:15","modified_gmt":"2025-09-03T08:16:15","slug":"selbsthilfeliteratur","status":"publish","type":"page","link":"https:\/\/rauchfrei.at\/en\/selbsthilfeliteratur\/","title":{"rendered":"Selbsthilfeliteratur"},"content":{"rendered":"<p>[et_pb_section fb_built=&#8221;1&#8243; custom_padding_last_edited=&#8221;off|&#8221; module_class=&#8221;header&#8221; _builder_version=&#8221;4.16&#8243; background_color=&#8221;#67BAD3&#8243; custom_margin=&#8221;||0px|&#8221; custom_padding=&#8221;100px||10px|&#8221; global_colors_info=&#8221;{}&#8221;][et_pb_row _builder_version=&#8221;4.16&#8243; custom_margin=&#8221;||0px|&#8221; custom_padding=&#8221;||0px|&#8221; global_colors_info=&#8221;{}&#8221;][et_pb_column type=&#8221;4_4&#8243; _builder_version=&#8221;4.16&#8243; custom_padding=&#8221;||0px|&#8221; global_colors_info=&#8221;{}&#8221; custom_padding__hover=&#8221;|||&#8221;][et_pb_text admin_label=&#8221;Blue Background Header&#8221; _builder_version=&#8221;4.16&#8243; custom_margin=&#8221;||0px|&#8221; custom_padding=&#8221;||0px|&#8221; global_colors_info=&#8221;{}&#8221;]<\/p>\n<h1>Selbsthilfeliteratur<\/h1>\n<p>[\/et_pb_text][\/et_pb_column][\/et_pb_row][\/et_pb_section][et_pb_section fb_built=&#8221;1&#8243; specialty=&#8221;on&#8221; custom_css_main_2=&#8221;margin-top: 40px;&#8221; _builder_version=&#8221;4.16&#8243; global_colors_info=&#8221;{}&#8221;][et_pb_column type=&#8221;2_3&#8243; specialty_columns=&#8221;2&#8243; _builder_version=&#8221;4.16&#8243; custom_padding=&#8221;|||&#8221; global_colors_info=&#8221;{}&#8221; custom_padding__hover=&#8221;|||&#8221;][et_pb_row_inner _builder_version=&#8221;4.16&#8243; global_colors_info=&#8221;{}&#8221;][et_pb_column_inner saved_specialty_column_type=&#8221;2_3&#8243; _builder_version=&#8221;4.16&#8243; custom_padding=&#8221;|||&#8221; global_colors_info=&#8221;{}&#8221; custom_padding__hover=&#8221;|||&#8221;][et_pb_text _builder_version=&#8221;4.16&#8243; z_index_tablet=&#8221;500&#8243; global_colors_info=&#8221;{}&#8221;]<\/p>\n<h2>Hier finden Sie eine Auswahl von Selbsthilfeb\u00fcchern, die wir empfehlen k\u00f6nnen.<\/h2>\n<p>&nbsp;<\/p>\n<blockquote>\n<p>B\u00fccher k\u00f6nnen eine gute <strong>Unterst\u00fctzung<\/strong> sein.<\/p>\n<\/blockquote>\n<h1><\/h1>\n<p>[\/et_pb_text][\/et_pb_column_inner][\/et_pb_row_inner][et_pb_row_inner column_structure=&#8221;1_2,1_2&#8243; _builder_version=&#8221;4.16&#8243; custom_margin=&#8221;0px||20px|&#8221; custom_padding=&#8221;0px||0px|&#8221; global_colors_info=&#8221;{}&#8221;][et_pb_column_inner type=&#8221;1_2&#8243; saved_specialty_column_type=&#8221;2_3&#8243; _builder_version=&#8221;4.16&#8243; custom_padding=&#8221;0px||0px|&#8221; global_colors_info=&#8221;{}&#8221; custom_padding__hover=&#8221;|||&#8221;][et_pb_text _builder_version=&#8221;4.16&#8243; global_colors_info=&#8221;{}&#8221;]<\/p>\n<h3>Rauchstopp:<\/h3>\n<p>[\/et_pb_text][et_pb_text _builder_version=&#8221;4.16&#8243; z_index_tablet=&#8221;500&#8243; global_colors_info=&#8221;{}&#8221;]<\/p>\n<p>Batra, A. &amp; G. Buchkremer, (6. Auflage, 2017)<br \/><strong>Nichtrauchen! Erfolgreich aussteigen in sechs Schritten.<\/strong><br \/>Stuttgart: Kohlhammer Verlag<\/p>\n<p>Bartholom\u00e4us, U. &amp; M. Kunz (\u00fcberarbeitete Taschenbuchausgabe, 2004)<br \/><strong>Einfach nicht mehr rauchen. Der Fahrplan zum erfolgreichen Ausstieg.<\/strong><br \/>M\u00fcnchen: Wilhelm Goldmann Verlag<\/p>\n<p>Brizer, D. &amp; K. Weingran, (2010)<br \/><strong>Nicht mehr rauchen f\u00fcr Dummies.<\/strong><br \/>Weinheim: Wiley-VCH Verlag<\/p>\n<p>Busson, S. &amp; K. Davani (2010)<br \/><strong>Entschieden zum Nichtraucher. Schritt f\u00fcr Schritt. Endg\u00fcltig raus aus der Sucht.<\/strong><br \/>Hannover: humboldt Verlag<\/p>\n<p>Grillparzer, M. (2016)<br \/><strong>Wie du mit dem Rauchen aufh\u00f6rst.<\/strong><br \/>M\u00fcnchen: S\u00fcdwest Verlag<\/p>\n<p>Grohs, U. (2. Auflage, 2010)<br \/><strong>Nebenwirkung Rauchfrei.<\/strong><br \/>Salzburg: Ecowin Verlag<\/p>\n<p>Groman, E. &amp; A. Tr\u00f6stl (2014)<br \/><strong>Rauchfrei in 5 Wochen. Das Erfolgsprogramm seit \u00fcber 15 Jahren: Selbsthilfe zum Nichtrauchen. <\/strong><br \/>Berlin, Heidelberg: Springer Verlag<\/p>\n<p>Jopp, A. (5. Auflage, 2011)<br \/><strong>Ich rauche gern\u2026 und h\u00f6r jetzt auf: Nichtraucher in 30 Tagen.<\/strong><br \/>Frankfurt am Main: Fischer Taschenbuch Verlag<\/p>\n<p>Kaltwasser, V. (2013)<br \/><strong>Mit Achtsamkeit zum Nichtrauchen. Der sanfte Weg zum Erfolg.<\/strong><br \/>Weinheim und Basel: Beltz Verlag<\/p>\n<p>Kaltwasser, V. (2005)<br \/><strong>Der sanfte Weg zum Nichtraucher.<\/strong><br \/>Freiburg: Bauer Verlag<\/p>\n<p>Lindinger, P. (1. Auflage, 2015)<br \/><strong>Lust und Last des Rauchens.<\/strong><br \/>Frankfurt am Main: Fischer Taschenbuch Verlag<\/p>\n<p>Ruprechter-Grofe, P. &amp; R. Sander (2021)<br \/><strong>Yes you can. Rauchfrei in 40 Tagen.<\/strong> Graz-Wien: Leykam Buchverlag<\/p>\n<p><strong>Statt Zigaretten \u2013 40 Tipps gelassen durch den Tag zu kommen (2005).<\/strong><br \/>M\u00fcnchen: Pattloch Verlag<br \/>(Schachtel mit 40 Tipp-K\u00e4rtchen)<\/p>\n<p>Unland, H. (2000)<br \/><strong>Der Raucher-Ratgeber: Nichtraucher werden und bleiben.<\/strong><br \/>M\u00fcnchen: CIP-Medien<\/p>\n<p>[\/et_pb_text][\/et_pb_column_inner][et_pb_column_inner type=&#8221;1_2&#8243; saved_specialty_column_type=&#8221;2_3&#8243; _builder_version=&#8221;4.16&#8243; custom_padding=&#8221;0px||0px|&#8221; global_colors_info=&#8221;{}&#8221; custom_padding__hover=&#8221;|||&#8221;][et_pb_text _builder_version=&#8221;4.16&#8243; z_index_tablet=&#8221;500&#8243; global_colors_info=&#8221;{}&#8221;]<\/p>\n<h3>Enspannung:<\/h3>\n<p>[\/et_pb_text][et_pb_text _builder_version=&#8221;4.16&#8243; z_index_tablet=&#8221;500&#8243; global_colors_info=&#8221;{}&#8221;]Grasberger, D. (2002)<br \/>\n<strong>Autogenes Training.Inklusive CD.<\/strong><br \/>\n<strong>GU-Reihe: \u201cLust zum \u00dcben\u201d.<\/strong><br \/>\nM\u00fcnchen: Gr\u00e4fe &amp; Unzer Verlag<\/p>\n<p>Hainbuch, F. (2010)<br \/>\n<strong>Progressive Muskelentspannung nach Jacobson. Inklusive CD.<\/strong><br \/>\n<strong> GU-Reihe: \u201cLust zum \u00dcben\u201d.<\/strong><br \/>\nM\u00fcnchen: Gr\u00e4fe &amp; Unzer Verlag<\/p>\n<p>Henning, M. (2003)<br \/>\n<strong>Autogenes Training. Ruhe und Kraft im Alltag. Inklusive CD. <\/strong><br \/>\n<strong> GU-Reihe: \u201cLust zum \u00dcben\u201d.<\/strong><br \/>\nM\u00fcnchen: Knaur Verlag<br \/>\n[\/et_pb_text][et_pb_text _builder_version=&#8221;4.16&#8243; z_index_tablet=&#8221;500&#8243; global_colors_info=&#8221;{}&#8221;]<\/p>\n<h3>Ern\u00e4hrung und Gewicht:<\/h3>\n<p>[\/et_pb_text][et_pb_text _builder_version=&#8221;4.16&#8243; z_index_tablet=&#8221;500&#8243; global_colors_info=&#8221;{}&#8221;]Burger, D. (2012)<br \/>\n<strong>Schlank und gl\u00fccklich als Nichtraucher. <\/strong><br \/>\n<strong>Aufh\u00f6ren, Durchhalten, Frei sein.<\/strong><br \/>\nAugsburg: Weltbildverlag<\/p>\n<p>Budonowski, A., Koller, F. Kreuter, M. &amp; R. H. Zwick (2015)<br \/>\n<strong>Ern\u00e4hrung bei COPD.<\/strong><br \/>\nWien: Wilhelm Maudrich Verlag<\/p>\n<p>Lindinger, P. (4. Auflage, 2004)<br \/>\n<strong>Nichtrauchen und trotzdem schlank. Die Methode mit K\u00f6pfchen.<\/strong><br \/>\nFrankfurt am Main: Fischer Taschenbuch Verlag<\/p>\n<p>Pfrogner, H. (2012)<br \/>\n<strong>Die neue Lust am Essen. Vom Laster Nikotin und Fast-Life zu Genuss und Slow Food.<\/strong><br \/>\nBerlin, Wien: Goldegg Verlag<\/p>\n<p>Schoberberger, R. (2008)<br \/>\n<strong>Rauchstopp ohne Kiloflop. Nichtraucher werden ohne zuzunehmen.<\/strong><br \/>\nWien: Kneipp Verlag<br \/>\n[\/et_pb_text][\/et_pb_column_inner][\/et_pb_row_inner][\/et_pb_column][et_pb_column type=&#8221;1_3&#8243; _builder_version=&#8221;4.16&#8243; custom_padding=&#8221;|||&#8221; global_colors_info=&#8221;{}&#8221; custom_padding__hover=&#8221;|||&#8221;][et_pb_text admin_label=&#8221;Wichtige Links&#8221; module_class=&#8221;jugend wichtige-links&#8221; _builder_version=&#8221;4.27.4&#8243; global_colors_info=&#8221;{}&#8221;]<\/p>\n<h3>Links:<\/h3>\n<ul>\n<ul>\n<li><a href=\"https:\/\/mindbase.at\/mindbase-tools\/\" target=\"_blank\" rel=\"noopener noreferrer\">https:\/\/mindbase.at\/mindpower-psychische-gesundheit\/indbase-tools.at<\/a><\/li>\n<\/ul>\n<\/ul>\n<p>&nbsp;<\/p>\n<p>[\/et_pb_text][et_pb_text admin_label=&#8221;Literatur&#8221; module_class=&#8221;jugend wichtige-links&#8221; _builder_version=&#8221;4.27.4&#8243; hover_enabled=&#8221;0&#8243; global_colors_info=&#8221;{}&#8221; sticky_enabled=&#8221;0&#8243;]<\/p>\n<h3>Downloads:<\/h3>\n<ul>\n<li><a href=\"https:\/\/rauchfrei.at\/wp-content\/uploads\/Rauchen-ist-riskant-WEB_Heft-in-leichter-Sprache.pdf\" target=\"_blank\" rel=\"noopener noreferrer\">Rauchen ist riskant<\/a><br \/>(Heft in einfacher Sprache)<\/li>\n<li><a href=\"https:\/\/www.gesundheitskasse.at\/cdscontent\/load?contentid=10008.796986&amp;version=1752667801\" target=\"_blank\" rel=\"noopener\">Erste Hilfe bei der Nikotinentw\u00f6hnung<\/a> (2 MB)<\/li>\n<li><a href=\"https:\/\/www.gesundheitskasse.at\/cdscontent\/load?contentid=10008.692807&amp;version=1736319177\" target=\"_blank\" rel=\"noopener\">Safetycard &#8220;Rauchfreie Umgebung von Anfang an<\/a><\/li>\n<\/ul>\n<p>[\/et_pb_text][\/et_pb_column][\/et_pb_section]<\/p>\n","protected":false},"excerpt":{"rendered":"<p>Selbsthilfeliteratur Hier finden Sie eine Auswahl von Selbsthilfeb\u00fcchern, die wir empfehlen k\u00f6nnen. &nbsp; B\u00fccher k\u00f6nnen eine gute Unterst\u00fctzung sein. Rauchstopp:Batra, A. &amp; G. Buchkremer, (6. Auflage, 2017)Nichtrauchen! Erfolgreich aussteigen in sechs Schritten.Stuttgart: Kohlhammer Verlag Bartholom\u00e4us, U. &amp; M. Kunz (\u00fcberarbeitete Taschenbuchausgabe, 2004)Einfach nicht mehr rauchen. Der Fahrplan zum erfolgreichen Ausstieg.M\u00fcnchen: Wilhelm Goldmann Verlag Brizer, D. [&hellip;]<\/p>\n","protected":false},"author":14,"featured_media":0,"parent":0,"menu_order":0,"comment_status":"closed","ping_status":"closed","template":"","meta":{"_et_pb_use_builder":"on","_et_pb_old_content":"","_et_gb_content_width":"","footnotes":""},"class_list":["post-12413","page","type-page","status-publish","hentry"],"yoast_head":"<!-- This site is optimized with the Yoast SEO plugin v26.2 - https:\/\/yoast.com\/wordpress\/plugins\/seo\/ -->\n<title>Selbsthilfeliteratur - Rauchfrei Telefon<\/title>\n<meta name=\"robots\" content=\"index, follow, max-snippet:-1, max-image-preview:large, max-video-preview:-1\" \/>\n<link rel=\"canonical\" href=\"https:\/\/rauchfrei.at\/selbsthilfeliteratur\/\" \/>\n<meta property=\"og:locale\" content=\"en_US\" \/>\n<meta property=\"og:type\" content=\"article\" \/>\n<meta property=\"og:title\" content=\"Selbsthilfeliteratur - Rauchfrei Telefon\" \/>\n<meta property=\"og:description\" content=\"Selbsthilfeliteratur Hier finden Sie eine Auswahl von Selbsthilfeb\u00fcchern, die wir empfehlen k\u00f6nnen. &nbsp; B\u00fccher k\u00f6nnen eine gute Unterst\u00fctzung sein. Rauchstopp:Batra, A. &amp; G. Buchkremer, (6. Auflage, 2017)Nichtrauchen! Erfolgreich aussteigen in sechs Schritten.Stuttgart: Kohlhammer Verlag Bartholom\u00e4us, U. &amp; M. Kunz (\u00fcberarbeitete Taschenbuchausgabe, 2004)Einfach nicht mehr rauchen. Der Fahrplan zum erfolgreichen Ausstieg.M\u00fcnchen: Wilhelm Goldmann Verlag Brizer, D. [&hellip;]\" \/>\n<meta property=\"og:url\" content=\"https:\/\/rauchfrei.at\/selbsthilfeliteratur\/\" \/>\n<meta property=\"og:site_name\" content=\"Rauchfrei Telefon\" \/>\n<meta property=\"article:modified_time\" content=\"2025-09-03T08:16:15+00:00\" \/>\n<meta name=\"twitter:card\" content=\"summary_large_image\" \/>\n<meta name=\"twitter:label1\" content=\"Est. reading time\" \/>\n\t<meta name=\"twitter:data1\" content=\"4 minutes\" \/>\n<script type=\"application\/ld+json\" class=\"yoast-schema-graph\">{\"@context\":\"https:\/\/schema.org\",\"@graph\":[{\"@type\":\"WebPage\",\"@id\":\"https:\/\/rauchfrei.at\/selbsthilfeliteratur\/\",\"url\":\"https:\/\/rauchfrei.at\/selbsthilfeliteratur\/\",\"name\":\"Selbsthilfeliteratur - Rauchfrei Telefon\",\"isPartOf\":{\"@id\":\"https:\/\/rauchfrei.at\/#website\"},\"datePublished\":\"2019-01-14T09:15:48+00:00\",\"dateModified\":\"2025-09-03T08:16:15+00:00\",\"inLanguage\":\"en-US\",\"potentialAction\":[{\"@type\":\"ReadAction\",\"target\":[\"https:\/\/rauchfrei.at\/selbsthilfeliteratur\/\"]}]},{\"@type\":\"WebSite\",\"@id\":\"https:\/\/rauchfrei.at\/#website\",\"url\":\"https:\/\/rauchfrei.at\/\",\"name\":\"Rauchfrei Telefon\",\"description\":\"Eine \u00f6sterreichweite Initiative der Sozialversicherungen.\",\"potentialAction\":[{\"@type\":\"SearchAction\",\"target\":{\"@type\":\"EntryPoint\",\"urlTemplate\":\"https:\/\/rauchfrei.at\/?s={search_term_string}\"},\"query-input\":{\"@type\":\"PropertyValueSpecification\",\"valueRequired\":true,\"valueName\":\"search_term_string\"}}],\"inLanguage\":\"en-US\"}]}<\/script>\n<!-- \/ Yoast SEO plugin. -->","yoast_head_json":{"title":"Selbsthilfeliteratur - Rauchfrei Telefon","robots":{"index":"index","follow":"follow","max-snippet":"max-snippet:-1","max-image-preview":"max-image-preview:large","max-video-preview":"max-video-preview:-1"},"canonical":"https:\/\/rauchfrei.at\/selbsthilfeliteratur\/","og_locale":"en_US","og_type":"article","og_title":"Selbsthilfeliteratur - Rauchfrei Telefon","og_description":"Selbsthilfeliteratur Hier finden Sie eine Auswahl von Selbsthilfeb\u00fcchern, die wir empfehlen k\u00f6nnen. &nbsp; B\u00fccher k\u00f6nnen eine gute Unterst\u00fctzung sein. Rauchstopp:Batra, A. &amp; G. Buchkremer, (6. Auflage, 2017)Nichtrauchen! Erfolgreich aussteigen in sechs Schritten.Stuttgart: Kohlhammer Verlag Bartholom\u00e4us, U. &amp; M. Kunz (\u00fcberarbeitete Taschenbuchausgabe, 2004)Einfach nicht mehr rauchen. Der Fahrplan zum erfolgreichen Ausstieg.M\u00fcnchen: Wilhelm Goldmann Verlag Brizer, D. [&hellip;]","og_url":"https:\/\/rauchfrei.at\/selbsthilfeliteratur\/","og_site_name":"Rauchfrei Telefon","article_modified_time":"2025-09-03T08:16:15+00:00","twitter_card":"summary_large_image","twitter_misc":{"Est. reading time":"4 minutes"},"schema":{"@context":"https:\/\/schema.org","@graph":[{"@type":"WebPage","@id":"https:\/\/rauchfrei.at\/selbsthilfeliteratur\/","url":"https:\/\/rauchfrei.at\/selbsthilfeliteratur\/","name":"Selbsthilfeliteratur - Rauchfrei Telefon","isPartOf":{"@id":"https:\/\/rauchfrei.at\/#website"},"datePublished":"2019-01-14T09:15:48+00:00","dateModified":"2025-09-03T08:16:15+00:00","inLanguage":"en-US","potentialAction":[{"@type":"ReadAction","target":["https:\/\/rauchfrei.at\/selbsthilfeliteratur\/"]}]},{"@type":"WebSite","@id":"https:\/\/rauchfrei.at\/#website","url":"https:\/\/rauchfrei.at\/","name":"Rauchfrei Telefon","description":"Eine \u00f6sterreichweite Initiative der Sozialversicherungen.","potentialAction":[{"@type":"SearchAction","target":{"@type":"EntryPoint","urlTemplate":"https:\/\/rauchfrei.at\/?s={search_term_string}"},"query-input":{"@type":"PropertyValueSpecification","valueRequired":true,"valueName":"search_term_string"}}],"inLanguage":"en-US"}]}},"_links":{"self":[{"href":"https:\/\/rauchfrei.at\/en\/wp-json\/wp\/v2\/pages\/12413","targetHints":{"allow":["GET"]}}],"collection":[{"href":"https:\/\/rauchfrei.at\/en\/wp-json\/wp\/v2\/pages"}],"about":[{"href":"https:\/\/rauchfrei.at\/en\/wp-json\/wp\/v2\/types\/page"}],"author":[{"embeddable":true,"href":"https:\/\/rauchfrei.at\/en\/wp-json\/wp\/v2\/users\/14"}],"replies":[{"embeddable":true,"href":"https:\/\/rauchfrei.at\/en\/wp-json\/wp\/v2\/comments?post=12413"}],"version-history":[{"count":9,"href":"https:\/\/rauchfrei.at\/en\/wp-json\/wp\/v2\/pages\/12413\/revisions"}],"predecessor-version":[{"id":31092,"href":"https:\/\/rauchfrei.at\/en\/wp-json\/wp\/v2\/pages\/12413\/revisions\/31092"}],"wp:attachment":[{"href":"https:\/\/rauchfrei.at\/en\/wp-json\/wp\/v2\/media?parent=12413"}],"curies":[{"name":"wp","href":"https:\/\/api.w.org\/{rel}","templated":true}]}}