
{"id":12503,"date":"2019-01-21T15:43:02","date_gmt":"2019-01-21T13:43:02","guid":{"rendered":"http:\/\/rauchfrei.at\/?page_id=12503"},"modified":"2024-11-27T14:34:47","modified_gmt":"2024-11-27T12:34:47","slug":"jugendschutz-und-schulgesetz","status":"publish","type":"page","link":"https:\/\/rauchfrei.at\/en\/jugendschutz-und-schulgesetz\/","title":{"rendered":"Jugendschutz und Schulgesetz"},"content":{"rendered":"<p>[et_pb_section fb_built=&#8221;1&#8243; custom_padding_last_edited=&#8221;off|&#8221; module_class=&#8221;header&#8221; _builder_version=&#8221;4.16&#8243; background_color=&#8221;#67BAD3&#8243; custom_margin=&#8221;||0px|&#8221; custom_padding=&#8221;100px||10px|&#8221; global_colors_info=&#8221;{}&#8221;][et_pb_row _builder_version=&#8221;4.16&#8243; custom_margin=&#8221;||0px|&#8221; custom_padding=&#8221;||0px|&#8221; global_colors_info=&#8221;{}&#8221;][et_pb_column type=&#8221;4_4&#8243; _builder_version=&#8221;4.16&#8243; custom_padding=&#8221;||0px|&#8221; global_colors_info=&#8221;{}&#8221; custom_padding__hover=&#8221;|||&#8221;][et_pb_text admin_label=&#8221;Blue Background Header&#8221; _builder_version=&#8221;4.23.1&#8243; custom_margin=&#8221;||0px|&#8221; custom_padding=&#8221;||0px|&#8221; global_colors_info=&#8221;{}&#8221;]<\/p>\n<h1>Jugendschutz und Schulgesetz<\/h1>\n<h2>Gesetzliche Regelungen, die Jugendliche betreffen<\/h2>\n<p>[\/et_pb_text][\/et_pb_column][\/et_pb_row][\/et_pb_section][et_pb_section fb_built=&#8221;1&#8243; _builder_version=&#8221;4.16&#8243; global_colors_info=&#8221;{}&#8221;][et_pb_row column_structure=&#8221;2_3,1_3&#8243; _builder_version=&#8221;4.16&#8243; background_size=&#8221;initial&#8221; background_position=&#8221;top_left&#8221; background_repeat=&#8221;repeat&#8221; global_colors_info=&#8221;{}&#8221;][et_pb_column type=&#8221;2_3&#8243; _builder_version=&#8221;4.16&#8243; custom_padding=&#8221;|||&#8221; global_colors_info=&#8221;{}&#8221; custom_padding__hover=&#8221;|||&#8221;][et_pb_text _builder_version=&#8221;4.23.1&#8243; hover_enabled=&#8221;0&#8243; z_index_tablet=&#8221;500&#8243; global_colors_info=&#8221;{}&#8221; sticky_enabled=&#8221;0&#8243;]<\/p>\n<div class=\"content-column\">\n<div id=\"twocolumns\">\n<div id=\"content\">\n<div class=\"single-post\">\n<h1>Gesetzliches f\u00fcr Jugendliche<\/h1>\n<h3>Schutzalter Rauchen<\/h3>\n<p>Die Jugendschutzgesetze der einzelnen Bundesl\u00e4nder verbieten seit 2019 das Kaufen und Konsumieren von Zigaretten und anderen Tabakwaren f\u00fcr Jugendliche unter 18 Jahren.<\/p>\n<p>In den Jugendschutzgesetzen ist f\u00fcr alle Bundesl\u00e4nder seit 2019 klar geregelt, dass unter 18 &#8211; J\u00e4hrige an allgemein zug\u00e4nglichen Orten und bei \u00f6ffentlichen Veranstaltungen Tabakprodukte weder erwerben, besitzen noch konsumieren d\u00fcrfen (z.B. N\u00d6 Jugendgesetz \u2013 II. Jugendschutz \u00a7 18).<\/p>\n<p>Die Bestimmungen des TNRSG wurden ausgeweitet auf verwandte Produkte wie z.B. E-Zigaretten, Wasserpfeifentabak, Wasserpfeifen, Kautabak oder pflanzliche Raucherzeugnisse (TNRSG \u00a7 1a bis 1f).<\/p>\n<p><strong>Video:<\/strong> Leonie &amp; Ella erkl\u00e4ren das neue Jugendgesetz<\/p>\n<\/div>\n<\/div>\n<\/div>\n<\/div>\n<p>[\/et_pb_text][et_pb_video src=&#8221;https:\/\/www.youtube.com\/watch?v=G_A67OTfqOo&#8221; _builder_version=&#8221;4.16&#8243; _module_preset=&#8221;default&#8221; global_colors_info=&#8221;{}&#8221;][\/et_pb_video][et_pb_text _builder_version=&#8221;4.23.1&#8243; _module_preset=&#8221;default&#8221; hover_enabled=&#8221;0&#8243; global_colors_info=&#8221;{}&#8221; sticky_enabled=&#8221;0&#8243;]<\/p>\n<p><strong>Verkauf von Tabakwaren<\/strong><\/p>\n<p>Seit 1.1.2019 ist ein bundesweites Verkaufsverbot von Tabakerzeugnissen und verwandten Produkten an unter 18-J\u00e4hrige in Kraft (TNRSG \u00a7 2a).<\/p>\n<p><strong>Schulen<\/strong><\/p>\n<p>Seit September 2018 gilt in Schulen und auch auf den dazugeh\u00f6rigen Freifl\u00e4chen ein absolutes Rauchverbot. Das Rauchverbot gilt f\u00fcr alle dort anwesenden Personen (P\u00e4dagogInnen, Jugendliche, Eltern, Reinigungspersonal,\u2026) und ohne zeitliche Ausnahmen (z.B.: f\u00fcr eingemietete Vereine, Musikschulen, Abendveranstaltungen, Abendschulen,\u2026) (TNRSG \u00a7 12 Abs. 1).<\/p>\n<p>Dieses Verbot erstreckt sich auch auf Einrichtungen, die Kinder und Jugendliche beaufsichtigen, aufnehmen oder beherbergen. RaucherInnenpl\u00e4tze im Geb\u00e4ude oder am Gel\u00e4nde der Einrichtung sind daher nicht mehr m\u00f6glich.<\/p>\n<p>Im Schulunterrichtsgesetz vom 1.9.2024 \u00a73, Absatz 2 wird sowohl auf das Rauchen, als auch auf den Konsum von Nikotin und Tabak eingegangen:<\/p>\n<p>In der Schule, im dislozierten Unterricht und bei Schulveranstaltungen sowie schulbezogenen Veranstaltungen sind das Rauchen, der Konsum von Tabak oder Nikotin jeglicher Art und von diesen gleichzuhaltenden Erzeugnissen untersagt.<\/p>\n<p>Das hei\u00dft auch rauchfreie Produkte wie Nikotinbeutel d\u00fcrfen ab sofort im Schulgeb\u00e4ude, im dislozierten Unterricht, bei Schulveranstaltungen, schulbezogenen Veranstaltungen und auf dem Schulgel\u00e4nde nicht konsumiert werden.<\/p>\n<p><strong>Mehr dazu:<\/strong><\/p>\n<p><a href=\"https:\/\/www.sozialversicherung.at\/cdscontent\/load?contentid=10008.713403&amp;version=1529483975\">Factsheet Tabakpr\u00e4vention in der Schule (pdf)<\/a><br \/><a href=\"https:\/\/ris.bka.gv.at\/eli\/bgbl\/ii\/2024\/126\/P3\/NOR40262067#:~:text=(2)%20In%20der%20Schule%2C,von%20diesen%20gleichzuhaltenden%20Erzeugnissen%20untersagt\" target=\"_blank\" rel=\"noopener\">Auszug Verhaltenskodex Schule<\/a><br \/><a href=\"https:\/\/www.ris.bka.gv.at\/GeltendeFassung.wxe?Abfrage=Bundesnormen&amp;Gesetzesnummer=10010907\">Rechtsinformationssystem des Bundes (RIS)<\/a><br \/><a href=\"https:\/\/www.help.gv.at\">https:\/\/www.help.gv.at<\/a><\/p>\n<p>[\/et_pb_text][\/et_pb_column][et_pb_column type=&#8221;1_3&#8243; _builder_version=&#8221;4.16&#8243; custom_padding=&#8221;|||&#8221; global_colors_info=&#8221;{}&#8221; custom_padding__hover=&#8221;|||&#8221;][et_pb_dp_dmb_module_10093 farbe=&#8221;blitzblau&#8221; headline=&#8221;Passivrauch&#8221; image=&#8221;https:\/\/rauchfrei.at\/wp-content\/uploads\/passivrauch-rauchfrei-fuer-alle.png&#8221; image_position=&#8221;center&#8221; link_text=&#8221;mehr&#8221; link_url=&#8221;https:\/\/rauchfrei.at\/fakten\/passivrauch\/&#8221; image_size=&#8221;70&#8243; admin_label=&#8221;Passivrauch&#8221; _builder_version=&#8221;3.19.15&#8243; global_module=&#8221;13172&#8243; saved_tabs=&#8221;all&#8221; global_colors_info=&#8221;{}&#8221;]<\/p>\n<p>Rauch ist giftig, niemand sollte ihn einatmen!<\/p>\n<p>[\/et_pb_dp_dmb_module_10093][\/et_pb_column][\/et_pb_row][\/et_pb_section]<\/p>\n","protected":false},"excerpt":{"rendered":"<p>Jugendschutz und Schulgesetz Gesetzliche Regelungen, die Jugendliche betreffen Gesetzliches f\u00fcr Jugendliche Schutzalter Rauchen Die Jugendschutzgesetze der einzelnen Bundesl\u00e4nder verbieten seit 2019 das Kaufen und Konsumieren von Zigaretten und anderen Tabakwaren f\u00fcr Jugendliche unter 18 Jahren. In den Jugendschutzgesetzen ist f\u00fcr alle Bundesl\u00e4nder seit 2019 klar geregelt, dass unter 18 &#8211; J\u00e4hrige an allgemein zug\u00e4nglichen Orten [&hellip;]<\/p>\n","protected":false},"author":14,"featured_media":0,"parent":0,"menu_order":0,"comment_status":"closed","ping_status":"closed","template":"","meta":{"_et_pb_use_builder":"on","_et_pb_old_content":"","_et_gb_content_width":"","footnotes":""},"class_list":["post-12503","page","type-page","status-publish","hentry"],"yoast_head":"<!-- This site is optimized with the Yoast SEO plugin v26.2 - https:\/\/yoast.com\/wordpress\/plugins\/seo\/ -->\n<title>Jugendschutz und Schulgesetz - Rauchfrei Telefon<\/title>\n<meta name=\"robots\" content=\"index, follow, max-snippet:-1, max-image-preview:large, max-video-preview:-1\" \/>\n<link rel=\"canonical\" href=\"https:\/\/rauchfrei.at\/jugendschutz-und-schulgesetz\/\" \/>\n<meta property=\"og:locale\" content=\"en_US\" \/>\n<meta property=\"og:type\" content=\"article\" \/>\n<meta property=\"og:title\" content=\"Jugendschutz und Schulgesetz - Rauchfrei Telefon\" \/>\n<meta property=\"og:description\" content=\"Jugendschutz und Schulgesetz Gesetzliche Regelungen, die Jugendliche betreffen Gesetzliches f\u00fcr Jugendliche Schutzalter Rauchen Die Jugendschutzgesetze der einzelnen Bundesl\u00e4nder verbieten seit 2019 das Kaufen und Konsumieren von Zigaretten und anderen Tabakwaren f\u00fcr Jugendliche unter 18 Jahren. In den Jugendschutzgesetzen ist f\u00fcr alle Bundesl\u00e4nder seit 2019 klar geregelt, dass unter 18 - J\u00e4hrige an allgemein zug\u00e4nglichen Orten [&hellip;]\" \/>\n<meta property=\"og:url\" content=\"https:\/\/rauchfrei.at\/jugendschutz-und-schulgesetz\/\" \/>\n<meta property=\"og:site_name\" content=\"Rauchfrei Telefon\" \/>\n<meta property=\"article:modified_time\" content=\"2024-11-27T12:34:47+00:00\" \/>\n<meta name=\"twitter:card\" content=\"summary_large_image\" \/>\n<meta name=\"twitter:label1\" content=\"Est. reading time\" \/>\n\t<meta name=\"twitter:data1\" content=\"3 minutes\" \/>\n<script type=\"application\/ld+json\" class=\"yoast-schema-graph\">{\"@context\":\"https:\/\/schema.org\",\"@graph\":[{\"@type\":\"WebPage\",\"@id\":\"https:\/\/rauchfrei.at\/jugendschutz-und-schulgesetz\/\",\"url\":\"https:\/\/rauchfrei.at\/jugendschutz-und-schulgesetz\/\",\"name\":\"Jugendschutz und Schulgesetz - Rauchfrei Telefon\",\"isPartOf\":{\"@id\":\"https:\/\/rauchfrei.at\/#website\"},\"datePublished\":\"2019-01-21T13:43:02+00:00\",\"dateModified\":\"2024-11-27T12:34:47+00:00\",\"inLanguage\":\"en-US\",\"potentialAction\":[{\"@type\":\"ReadAction\",\"target\":[\"https:\/\/rauchfrei.at\/jugendschutz-und-schulgesetz\/\"]}]},{\"@type\":\"WebSite\",\"@id\":\"https:\/\/rauchfrei.at\/#website\",\"url\":\"https:\/\/rauchfrei.at\/\",\"name\":\"Rauchfrei Telefon\",\"description\":\"Eine \u00f6sterreichweite Initiative der Sozialversicherungen.\",\"potentialAction\":[{\"@type\":\"SearchAction\",\"target\":{\"@type\":\"EntryPoint\",\"urlTemplate\":\"https:\/\/rauchfrei.at\/?s={search_term_string}\"},\"query-input\":{\"@type\":\"PropertyValueSpecification\",\"valueRequired\":true,\"valueName\":\"search_term_string\"}}],\"inLanguage\":\"en-US\"}]}<\/script>\n<!-- \/ Yoast SEO plugin. -->","yoast_head_json":{"title":"Jugendschutz und Schulgesetz - Rauchfrei Telefon","robots":{"index":"index","follow":"follow","max-snippet":"max-snippet:-1","max-image-preview":"max-image-preview:large","max-video-preview":"max-video-preview:-1"},"canonical":"https:\/\/rauchfrei.at\/jugendschutz-und-schulgesetz\/","og_locale":"en_US","og_type":"article","og_title":"Jugendschutz und Schulgesetz - Rauchfrei Telefon","og_description":"Jugendschutz und Schulgesetz Gesetzliche Regelungen, die Jugendliche betreffen Gesetzliches f\u00fcr Jugendliche Schutzalter Rauchen Die Jugendschutzgesetze der einzelnen Bundesl\u00e4nder verbieten seit 2019 das Kaufen und Konsumieren von Zigaretten und anderen Tabakwaren f\u00fcr Jugendliche unter 18 Jahren. In den Jugendschutzgesetzen ist f\u00fcr alle Bundesl\u00e4nder seit 2019 klar geregelt, dass unter 18 - J\u00e4hrige an allgemein zug\u00e4nglichen Orten [&hellip;]","og_url":"https:\/\/rauchfrei.at\/jugendschutz-und-schulgesetz\/","og_site_name":"Rauchfrei Telefon","article_modified_time":"2024-11-27T12:34:47+00:00","twitter_card":"summary_large_image","twitter_misc":{"Est. reading time":"3 minutes"},"schema":{"@context":"https:\/\/schema.org","@graph":[{"@type":"WebPage","@id":"https:\/\/rauchfrei.at\/jugendschutz-und-schulgesetz\/","url":"https:\/\/rauchfrei.at\/jugendschutz-und-schulgesetz\/","name":"Jugendschutz und Schulgesetz - Rauchfrei Telefon","isPartOf":{"@id":"https:\/\/rauchfrei.at\/#website"},"datePublished":"2019-01-21T13:43:02+00:00","dateModified":"2024-11-27T12:34:47+00:00","inLanguage":"en-US","potentialAction":[{"@type":"ReadAction","target":["https:\/\/rauchfrei.at\/jugendschutz-und-schulgesetz\/"]}]},{"@type":"WebSite","@id":"https:\/\/rauchfrei.at\/#website","url":"https:\/\/rauchfrei.at\/","name":"Rauchfrei Telefon","description":"Eine \u00f6sterreichweite Initiative der Sozialversicherungen.","potentialAction":[{"@type":"SearchAction","target":{"@type":"EntryPoint","urlTemplate":"https:\/\/rauchfrei.at\/?s={search_term_string}"},"query-input":{"@type":"PropertyValueSpecification","valueRequired":true,"valueName":"search_term_string"}}],"inLanguage":"en-US"}]}},"_links":{"self":[{"href":"https:\/\/rauchfrei.at\/en\/wp-json\/wp\/v2\/pages\/12503","targetHints":{"allow":["GET"]}}],"collection":[{"href":"https:\/\/rauchfrei.at\/en\/wp-json\/wp\/v2\/pages"}],"about":[{"href":"https:\/\/rauchfrei.at\/en\/wp-json\/wp\/v2\/types\/page"}],"author":[{"embeddable":true,"href":"https:\/\/rauchfrei.at\/en\/wp-json\/wp\/v2\/users\/14"}],"replies":[{"embeddable":true,"href":"https:\/\/rauchfrei.at\/en\/wp-json\/wp\/v2\/comments?post=12503"}],"version-history":[{"count":13,"href":"https:\/\/rauchfrei.at\/en\/wp-json\/wp\/v2\/pages\/12503\/revisions"}],"predecessor-version":[{"id":30168,"href":"https:\/\/rauchfrei.at\/en\/wp-json\/wp\/v2\/pages\/12503\/revisions\/30168"}],"wp:attachment":[{"href":"https:\/\/rauchfrei.at\/en\/wp-json\/wp\/v2\/media?parent=12503"}],"curies":[{"name":"wp","href":"https:\/\/api.w.org\/{rel}","templated":true}]}}