
{"id":12955,"date":"2019-02-13T10:55:35","date_gmt":"2019-02-13T08:55:35","guid":{"rendered":"http:\/\/rauchfrei.at\/?page_id=12955"},"modified":"2025-10-21T09:22:16","modified_gmt":"2025-10-21T07:22:16","slug":"meine-eltern-rauchen","status":"publish","type":"page","link":"https:\/\/rauchfrei.at\/en\/meine-eltern-rauchen\/","title":{"rendered":"Meine Eltern rauchen"},"content":{"rendered":"<p>[et_pb_section fb_built=&#8221;1&#8243; custom_padding_last_edited=&#8221;off|&#8221; module_class=&#8221;header&#8221; _builder_version=&#8221;4.16&#8243; background_color=&#8221;#67BAD3&#8243; custom_margin=&#8221;||0px|&#8221; custom_padding=&#8221;100px||10px|&#8221; global_colors_info=&#8221;{}&#8221;][et_pb_row _builder_version=&#8221;4.16&#8243; custom_margin=&#8221;||0px|&#8221; custom_padding=&#8221;||0px|&#8221; global_colors_info=&#8221;{}&#8221;][et_pb_column type=&#8221;4_4&#8243; _builder_version=&#8221;4.16&#8243; custom_padding=&#8221;||0px|&#8221; global_colors_info=&#8221;{}&#8221; custom_padding__hover=&#8221;|||&#8221;][et_pb_text admin_label=&#8221;Blue Background Header&#8221; _builder_version=&#8221;4.16&#8243; custom_margin=&#8221;||0px|&#8221; custom_padding=&#8221;||0px|&#8221; global_colors_info=&#8221;{}&#8221;]<\/p>\n<h1>Meine Eltern rauchen!<\/h1>\n<p>[\/et_pb_text][\/et_pb_column][\/et_pb_row][\/et_pb_section][et_pb_section fb_built=&#8221;1&#8243; _builder_version=&#8221;4.16&#8243; global_colors_info=&#8221;{}&#8221;][et_pb_row _builder_version=&#8221;4.16&#8243; global_colors_info=&#8221;{}&#8221; column_structure=&#8221;2_3,1_3&#8243;][et_pb_column type=&#8221;2_3&#8243; _builder_version=&#8221;4.16&#8243; custom_padding=&#8221;|||&#8221; global_colors_info=&#8221;{}&#8221; custom_padding__hover=&#8221;|||&#8221;][et_pb_text _builder_version=&#8221;4.27.4&#8243; hover_enabled=&#8221;0&#8243; global_colors_info=&#8221;{}&#8221; sticky_enabled=&#8221;0&#8243;]<\/p>\n<p>Viele Kinder und Jugendliche m\u00f6gen es nicht, wenn ihre Eltern zur Zigarette greifen. Sie machen sich Sorgen, dass ihre Eltern an den Folgen des Rauchens erkranken oder gar sterben k\u00f6nnten. Es gibt aber auch Kinder und Jugendliche, die einfach den Gestank nicht m\u00f6gen, die keinen Passivrauch mehr einatmen m\u00f6chten und gerne eine rauchfreie Wohnung oder ein rauchfreies Auto h\u00e4tten.<\/p>\n<p>Es gibt viele gute Gr\u00fcnde f\u00fcr ein rauchfreies Zuhause, die Kinder ihren Eltern nennen k\u00f6nnen:<\/p>\n<ul>\n<li>Passivrauch schadet Kindern<\/li>\n<li>eine rauchfreie Wohnung reduziert die Passivrauchbelastung der Kinder<\/li>\n<li>Eltern, die rauchen werden eher krank und leben k\u00fcrzer als nichtrauchende Eltern<\/li>\n<li>Kinder von rauchenden Eltern beginnen selber h\u00e4ufiger zu rauchen als Kinder von nichtrauchenden Eltern<\/li>\n<\/ul>\n<p>Erste einfache Schritte in Richtung Rauchfreiheit f\u00fcr die Kinder:<\/p>\n<ul>\n<li>Nicht mehr in der Wohnung\/Haus\/Auto rauchen<\/li>\n<li>Nicht mehr in der Gegenwart der Kinder rauchen<\/li>\n<li>andere Bezugspersonen bitten, nicht in der Gegenwart der Kinder zu rauchen<\/li>\n<\/ul>\n<blockquote>\n<p>Viele Eltern (und Gro\u00dfeltern), merken, dass ihre Kinder oder Enkelkinder gerne h\u00e4tten, dass sie aufh\u00f6ren, kommen aber nicht so leicht von der <strong>Nikotinsucht<\/strong> los.<\/p>\n<\/blockquote>\n<p>Kinder und Jugendliche k\u00f6nnen den Eltern das Rauchfrei Telefon empfehlen, wenn sie sich \u00fcber Passivrauch informieren m\u00f6chten oder Unterst\u00fctzung beim Rauchstopp in Anspruch nehmen m\u00f6chten.<\/p>\n<p>[\/et_pb_text][\/et_pb_column][et_pb_column type=&#8221;1_3&#8243; _builder_version=&#8221;4.16&#8243; custom_padding=&#8221;|||&#8221; global_colors_info=&#8221;{}&#8221; custom_padding__hover=&#8221;|||&#8221;][et_pb_dp_dmb_module_10080 link_text=&#8221;hier downloaden&#8221; link_url=&#8221;https:\/\/rauchfrei.at\/broschueren-downloads\/download-broschueren\/&#8221; admin_label=&#8221;Materialdownloads&#8221; _builder_version=&#8221;3.19.15&#8243; global_module=&#8221;13235&#8243; saved_tabs=&#8221;all&#8221; global_colors_info=&#8221;{}&#8221;]<\/p>\n<p><span lang=\"DE-AT\"><strong>Brosch\u00fcren, Folder<\/strong> und <strong>Poster<\/strong><\/span><\/p>\n<p>[\/et_pb_dp_dmb_module_10080][et_pb_dp_dmb_module_10093 farbe=&#8221;blitzblau&#8221; headline=&#8221;Alternativen zum Rauchen&#8221; image=&#8221;https:\/\/rauchfrei.at\/wp-content\/uploads\/Relax-in-hammok.png&#8221; image_position=&#8221;center&#8221; link_text=&#8221;mehr&#8221; link_url=&#8221;https:\/\/rauchfrei.at\/alternativen\/&#8221; admin_label=&#8221;Alternativen zum Rauchen&#8221; _builder_version=&#8221;4.16&#8243; z_index_tablet=&#8221;500&#8243; global_module=&#8221;13174&#8243; saved_tabs=&#8221;all&#8221; global_colors_info=&#8221;{}&#8221;]<\/p>\n<p>Es gibt viele M\u00f6glichkeiten, um nicht zur Zigarette zu greifen!<\/p>\n<p>[\/et_pb_dp_dmb_module_10093][\/et_pb_column][\/et_pb_row][\/et_pb_section]<\/p>\n","protected":false},"excerpt":{"rendered":"<p>Meine Eltern rauchen! Viele Kinder und Jugendliche m\u00f6gen es nicht, wenn ihre Eltern zur Zigarette greifen. Sie machen sich Sorgen, dass ihre Eltern an den Folgen des Rauchens erkranken oder gar sterben k\u00f6nnten. Es gibt aber auch Kinder und Jugendliche, die einfach den Gestank nicht m\u00f6gen, die keinen Passivrauch mehr einatmen m\u00f6chten und gerne eine [&hellip;]<\/p>\n","protected":false},"author":14,"featured_media":0,"parent":0,"menu_order":0,"comment_status":"closed","ping_status":"closed","template":"","meta":{"_et_pb_use_builder":"on","_et_pb_old_content":"","_et_gb_content_width":"","footnotes":""},"class_list":["post-12955","page","type-page","status-publish","hentry"],"yoast_head":"<!-- This site is optimized with the Yoast SEO plugin v26.2 - https:\/\/yoast.com\/wordpress\/plugins\/seo\/ -->\n<title>Meine Eltern rauchen - Rauchfrei Telefon<\/title>\n<meta name=\"robots\" content=\"index, follow, max-snippet:-1, max-image-preview:large, max-video-preview:-1\" \/>\n<link rel=\"canonical\" href=\"https:\/\/rauchfrei.at\/meine-eltern-rauchen\/\" \/>\n<meta property=\"og:locale\" content=\"en_US\" \/>\n<meta property=\"og:type\" content=\"article\" \/>\n<meta property=\"og:title\" content=\"Meine Eltern rauchen - Rauchfrei Telefon\" \/>\n<meta property=\"og:description\" content=\"Meine Eltern rauchen! Viele Kinder und Jugendliche m\u00f6gen es nicht, wenn ihre Eltern zur Zigarette greifen. Sie machen sich Sorgen, dass ihre Eltern an den Folgen des Rauchens erkranken oder gar sterben k\u00f6nnten. Es gibt aber auch Kinder und Jugendliche, die einfach den Gestank nicht m\u00f6gen, die keinen Passivrauch mehr einatmen m\u00f6chten und gerne eine [&hellip;]\" \/>\n<meta property=\"og:url\" content=\"https:\/\/rauchfrei.at\/meine-eltern-rauchen\/\" \/>\n<meta property=\"og:site_name\" content=\"Rauchfrei Telefon\" \/>\n<meta property=\"article:modified_time\" content=\"2025-10-21T07:22:16+00:00\" \/>\n<meta name=\"twitter:card\" content=\"summary_large_image\" \/>\n<meta name=\"twitter:label1\" content=\"Est. reading time\" \/>\n\t<meta name=\"twitter:data1\" content=\"2 minutes\" \/>\n<script type=\"application\/ld+json\" class=\"yoast-schema-graph\">{\"@context\":\"https:\/\/schema.org\",\"@graph\":[{\"@type\":\"WebPage\",\"@id\":\"https:\/\/rauchfrei.at\/meine-eltern-rauchen\/\",\"url\":\"https:\/\/rauchfrei.at\/meine-eltern-rauchen\/\",\"name\":\"Meine Eltern rauchen - Rauchfrei Telefon\",\"isPartOf\":{\"@id\":\"https:\/\/rauchfrei.at\/#website\"},\"datePublished\":\"2019-02-13T08:55:35+00:00\",\"dateModified\":\"2025-10-21T07:22:16+00:00\",\"inLanguage\":\"en-US\",\"potentialAction\":[{\"@type\":\"ReadAction\",\"target\":[\"https:\/\/rauchfrei.at\/meine-eltern-rauchen\/\"]}]},{\"@type\":\"WebSite\",\"@id\":\"https:\/\/rauchfrei.at\/#website\",\"url\":\"https:\/\/rauchfrei.at\/\",\"name\":\"Rauchfrei Telefon\",\"description\":\"Eine \u00f6sterreichweite Initiative der Sozialversicherungen.\",\"potentialAction\":[{\"@type\":\"SearchAction\",\"target\":{\"@type\":\"EntryPoint\",\"urlTemplate\":\"https:\/\/rauchfrei.at\/?s={search_term_string}\"},\"query-input\":{\"@type\":\"PropertyValueSpecification\",\"valueRequired\":true,\"valueName\":\"search_term_string\"}}],\"inLanguage\":\"en-US\"}]}<\/script>\n<!-- \/ Yoast SEO plugin. -->","yoast_head_json":{"title":"Meine Eltern rauchen - Rauchfrei Telefon","robots":{"index":"index","follow":"follow","max-snippet":"max-snippet:-1","max-image-preview":"max-image-preview:large","max-video-preview":"max-video-preview:-1"},"canonical":"https:\/\/rauchfrei.at\/meine-eltern-rauchen\/","og_locale":"en_US","og_type":"article","og_title":"Meine Eltern rauchen - Rauchfrei Telefon","og_description":"Meine Eltern rauchen! Viele Kinder und Jugendliche m\u00f6gen es nicht, wenn ihre Eltern zur Zigarette greifen. Sie machen sich Sorgen, dass ihre Eltern an den Folgen des Rauchens erkranken oder gar sterben k\u00f6nnten. Es gibt aber auch Kinder und Jugendliche, die einfach den Gestank nicht m\u00f6gen, die keinen Passivrauch mehr einatmen m\u00f6chten und gerne eine [&hellip;]","og_url":"https:\/\/rauchfrei.at\/meine-eltern-rauchen\/","og_site_name":"Rauchfrei Telefon","article_modified_time":"2025-10-21T07:22:16+00:00","twitter_card":"summary_large_image","twitter_misc":{"Est. reading time":"2 minutes"},"schema":{"@context":"https:\/\/schema.org","@graph":[{"@type":"WebPage","@id":"https:\/\/rauchfrei.at\/meine-eltern-rauchen\/","url":"https:\/\/rauchfrei.at\/meine-eltern-rauchen\/","name":"Meine Eltern rauchen - Rauchfrei Telefon","isPartOf":{"@id":"https:\/\/rauchfrei.at\/#website"},"datePublished":"2019-02-13T08:55:35+00:00","dateModified":"2025-10-21T07:22:16+00:00","inLanguage":"en-US","potentialAction":[{"@type":"ReadAction","target":["https:\/\/rauchfrei.at\/meine-eltern-rauchen\/"]}]},{"@type":"WebSite","@id":"https:\/\/rauchfrei.at\/#website","url":"https:\/\/rauchfrei.at\/","name":"Rauchfrei Telefon","description":"Eine \u00f6sterreichweite Initiative der Sozialversicherungen.","potentialAction":[{"@type":"SearchAction","target":{"@type":"EntryPoint","urlTemplate":"https:\/\/rauchfrei.at\/?s={search_term_string}"},"query-input":{"@type":"PropertyValueSpecification","valueRequired":true,"valueName":"search_term_string"}}],"inLanguage":"en-US"}]}},"_links":{"self":[{"href":"https:\/\/rauchfrei.at\/en\/wp-json\/wp\/v2\/pages\/12955","targetHints":{"allow":["GET"]}}],"collection":[{"href":"https:\/\/rauchfrei.at\/en\/wp-json\/wp\/v2\/pages"}],"about":[{"href":"https:\/\/rauchfrei.at\/en\/wp-json\/wp\/v2\/types\/page"}],"author":[{"embeddable":true,"href":"https:\/\/rauchfrei.at\/en\/wp-json\/wp\/v2\/users\/14"}],"replies":[{"embeddable":true,"href":"https:\/\/rauchfrei.at\/en\/wp-json\/wp\/v2\/comments?post=12955"}],"version-history":[{"count":5,"href":"https:\/\/rauchfrei.at\/en\/wp-json\/wp\/v2\/pages\/12955\/revisions"}],"predecessor-version":[{"id":31270,"href":"https:\/\/rauchfrei.at\/en\/wp-json\/wp\/v2\/pages\/12955\/revisions\/31270"}],"wp:attachment":[{"href":"https:\/\/rauchfrei.at\/en\/wp-json\/wp\/v2\/media?parent=12955"}],"curies":[{"name":"wp","href":"https:\/\/api.w.org\/{rel}","templated":true}]}}