
{"id":140,"date":"2012-02-28T11:58:02","date_gmt":"2012-02-28T11:58:02","guid":{"rendered":"http:\/\/web362.itscserver.org\/wordpress\/?page_id=140"},"modified":"2019-04-24T13:27:54","modified_gmt":"2019-04-24T11:27:54","slug":"gesetzliches","status":"publish","type":"page","link":"https:\/\/rauchfrei.at\/en\/fakten\/gesetzliches\/","title":{"rendered":"Gesetzliche Regelungen"},"content":{"rendered":"<p>[et_pb_section bb_built=&#8221;1&#8243; custom_padding_last_edited=&#8221;off|&#8221; module_class=&#8221;header&#8221; _builder_version=&#8221;3.0.99&#8243; background_color=&#8221;#67BAD3&#8243; custom_margin=&#8221;||0px|&#8221; custom_padding=&#8221;100px||10px|&#8221; next_background_color=&#8221;#ffffff&#8221;][et_pb_row custom_padding=&#8221;||0px|&#8221; custom_margin=&#8221;||0px|&#8221; padding_bottom_1=&#8221;0px&#8221; _builder_version=&#8221;3.0.99&#8243;][et_pb_column type=&#8221;4_4&#8243;][et_pb_text admin_label=&#8221;Blue Background Header&#8221; _builder_version=&#8221;3.15&#8243; custom_margin=&#8221;||0px|&#8221; custom_padding=&#8221;||0px|&#8221;]<\/p>\n<h1>Gesetzliche Regelungen rund ums Rauchen<\/h1>\n<h2><\/h2>\n<p>[\/et_pb_text][\/et_pb_column][\/et_pb_row][\/et_pb_section][et_pb_section bb_built=&#8221;1&#8243; _builder_version=&#8221;3.0.47&#8243; prev_background_color=&#8221;#67BAD3&#8243;][et_pb_row _builder_version=&#8221;3.0.48&#8243; background_size=&#8221;initial&#8221; background_position=&#8221;top_left&#8221; background_repeat=&#8221;repeat&#8221;][et_pb_column type=&#8221;2_3&#8243;][et_pb_text _builder_version=&#8221;3.21.1&#8243; z_index_tablet=&#8221;500&#8243;]<\/p>\n<p>In Bezug auf Tabakkonsum treffen unterschiedliche Gesetze zu, je nachdem welcher Kontext oder welche Situation vorliegt.<\/p>\n<p>Die wichtigsten Gesetze dazu sind das <strong>Tabak- und Nichtraucher\/innenschutzgesetz<\/strong> (TNRSG), das <strong>Arbeitnehmer\/innenschutzgesetz<\/strong> und das <strong>Jugendschutzgesetz<\/strong>. F\u00fcr manche Bereiche gibt es genaue Regelungen (\u00f6ffentliche Orte, Arbeitsplatz), andere Bereiche wiederum m\u00fcssen noch ohne allgemeine gesetzliche Bestimmung auskommen (z.B. Wohnh\u00e4user).<\/p>\n<p><strong>Wichtig zu wissen: Die Bestimmungen des Tabak- und Nichtraucher\/innenschutzgesetzes gelten auch f\u00fcr verwandte Produkte wie z.B. E-Zigaretten, Wasserpfeifentabak, Wasserpfeifen, Kautabak oder pflanzliche Raucherzeugnisse <\/strong>(TNRSG \u00a7 1a bis 1f).<\/p>\n<p>\u00a0<\/p>\n<p>\u00a0<\/p>\n<p>[\/et_pb_text][\/et_pb_column][et_pb_column type=&#8221;1_3&#8243;][et_pb_dp_dmb_module_10093 admin_label=&#8221;Rufen Sie uns an!&#8221; farbe=&#8221;blitzgelb&#8221; headline=&#8221;Rufen Sie uns an! &#8221; image=&#8221;https:\/\/rauchfrei.at\/wp-content\/uploads\/rauchfrei-psychologin-gelb.png&#8221; image_position=&#8221;center&#8221; link_text=&#8221;mehr&#8221; link_url=&#8221;https:\/\/rauchfrei.at\/beratung-vom-rauchfrei-telefon\/&#8221; image_size=&#8221;80&#8243; _builder_version=&#8221;3.19.15&#8243; global_module=&#8221;13167&#8243; saved_tabs=&#8221;all&#8221;]<\/p>\n<p>Wir beraten und informieren Sie gerne!<\/p>\n<p>[\/et_pb_dp_dmb_module_10093][\/et_pb_column][\/et_pb_row][\/et_pb_section]<\/p>\n","protected":false},"excerpt":{"rendered":"<p>Gesetzliche Regelungen rund ums Rauchen In Bezug auf Tabakkonsum treffen unterschiedliche Gesetze zu, je nachdem welcher Kontext oder welche Situation vorliegt.Die wichtigsten Gesetze dazu sind das Tabak- und Nichtraucher\/innenschutzgesetz (TNRSG), das Arbeitnehmer\/innenschutzgesetz und das Jugendschutzgesetz. F\u00fcr manche Bereiche gibt es genaue Regelungen (\u00f6ffentliche Orte, Arbeitsplatz), andere Bereiche wiederum m\u00fcssen noch ohne allgemeine gesetzliche Bestimmung auskommen [&hellip;]<\/p>\n","protected":false},"author":2,"featured_media":0,"parent":11,"menu_order":0,"comment_status":"closed","ping_status":"open","template":"","meta":{"_et_pb_use_builder":"on","_et_pb_old_content":"<p>Die gesetzlichen Rahmenbedingungen den Tabakkonsum betreffend sind f\u00fcr viele Menschen verwirrend. F\u00fcr manche Bereiche gibt es genaue Regelungen (\u00f6ffentliche Orte, Arbeitsplatz), andere Bereiche wiederum m\u00fcssen noch ohne allgemeine gesetzliche Bestimmung auskommen (z.B. Wohnh\u00e4user).<\/p><p>F\u00fcr die Gastronomie gibt es derzeit noch\u00a0spezifische Ausnahmeregelungen. Ab 1. Mai<strong> 2018<\/strong> tritt mit der neuen Tabakgesetz-Novelle ein generelles Rauchverbot in der Gastronomie in Kraft.<\/p><p><a title=\"RIS Tabakgesetz (BMG)\" href=\"http:\/\/www.bmg.gv.at\/home\/Schwerpunkte\/Drogen_Sucht\/Tabak_Nichtrauchen\/Rechtsinformationen\" target=\"_blank\" rel=\"noopener\">Rechtsinformationen zum Tabakgesetz<\/a><\/p><p><a title=\"Novellen und Erl\u00e4uterungen\" href=\"http:\/\/bmg.cms.apa.at\/cms\/home\/\/standard.html?preview=1&channel=CH1041&doc=CMS1397481126461\" target=\"_blank\" rel=\"noopener\">Novellen und Erl\u00e4uterungen zum Tabakgesetz<\/a><\/p><p><a title=\"Novelle 2015\" href=\"https:\/\/www.ris.bka.gv.at\/Dokumente\/Begut\/BEGUT_COO_2026_100_2_1084136\/BEGUT_COO_2026_100_2_1084136.pdf\" target=\"_blank\" rel=\"noopener\">Begutachtungsentwurf \"Tabakgesetz-Novelle\" 2015<\/a><\/p><p><a title=\"\u00c4nderung des Tabakgesetztes sowie des Gesundheits- und Ern\u00e4hrungssicherheitsgesetzes\" href=\"https:\/\/www.parlament.gv.at\/PAKT\/VHG\/XXV\/BNR\/BNR_00307\/fname_529054.pdf\" target=\"_blank\" rel=\"noopener\">Implementierung der EU-Tabakprodukterichtlinie II (TPD 2)<\/a><\/p><p>\u00a0<\/p><p>F\u00fcr Jugendliche kurz zusammengefasst:<\/p><p><a title=\"gesetzliche Regelungen\" href=\"http:\/\/www.knowyourdrugs.at\/tabakgesetz\/\" target=\"_blank\" rel=\"noopener\">Das aktuelle Tabakgesetz und die Richtlinien der EU<\/a><\/p><p><span style=\"text-decoration: underline;\"><span style=\"color: #0066cc;\">\u00a0<\/span><\/span><\/p><p>\u00a0<\/p><p>\u00a0<\/p><p>\u00a0<\/p>","_et_gb_content_width":"","footnotes":""},"class_list":["post-140","page","type-page","status-publish","hentry"],"yoast_head":"<!-- This site is optimized with the Yoast SEO plugin v26.2 - https:\/\/yoast.com\/wordpress\/plugins\/seo\/ -->\n<title>Gesetzliche Regelungen - Rauchfrei Telefon<\/title>\n<meta name=\"robots\" content=\"index, follow, max-snippet:-1, max-image-preview:large, max-video-preview:-1\" \/>\n<link rel=\"canonical\" href=\"https:\/\/rauchfrei.at\/fakten\/gesetzliches\/\" \/>\n<meta property=\"og:locale\" content=\"en_US\" \/>\n<meta property=\"og:type\" content=\"article\" \/>\n<meta property=\"og:title\" content=\"Gesetzliche Regelungen - Rauchfrei Telefon\" \/>\n<meta property=\"og:description\" content=\"Gesetzliche Regelungen rund ums Rauchen In Bezug auf Tabakkonsum treffen unterschiedliche Gesetze zu, je nachdem welcher Kontext oder welche Situation vorliegt.Die wichtigsten Gesetze dazu sind das Tabak- und Nichtraucher\/innenschutzgesetz (TNRSG), das Arbeitnehmer\/innenschutzgesetz und das Jugendschutzgesetz. F\u00fcr manche Bereiche gibt es genaue Regelungen (\u00f6ffentliche Orte, Arbeitsplatz), andere Bereiche wiederum m\u00fcssen noch ohne allgemeine gesetzliche Bestimmung auskommen [&hellip;]\" \/>\n<meta property=\"og:url\" content=\"https:\/\/rauchfrei.at\/fakten\/gesetzliches\/\" \/>\n<meta property=\"og:site_name\" content=\"Rauchfrei Telefon\" \/>\n<meta property=\"article:modified_time\" content=\"2019-04-24T11:27:54+00:00\" \/>\n<meta name=\"twitter:card\" content=\"summary_large_image\" \/>\n<meta name=\"twitter:label1\" content=\"Est. reading time\" \/>\n\t<meta name=\"twitter:data1\" content=\"1 minute\" \/>\n<script type=\"application\/ld+json\" class=\"yoast-schema-graph\">{\"@context\":\"https:\/\/schema.org\",\"@graph\":[{\"@type\":\"WebPage\",\"@id\":\"https:\/\/rauchfrei.at\/fakten\/gesetzliches\/\",\"url\":\"https:\/\/rauchfrei.at\/fakten\/gesetzliches\/\",\"name\":\"Gesetzliche Regelungen - Rauchfrei Telefon\",\"isPartOf\":{\"@id\":\"https:\/\/rauchfrei.at\/#website\"},\"datePublished\":\"2012-02-28T11:58:02+00:00\",\"dateModified\":\"2019-04-24T11:27:54+00:00\",\"breadcrumb\":{\"@id\":\"https:\/\/rauchfrei.at\/fakten\/gesetzliches\/#breadcrumb\"},\"inLanguage\":\"en-US\",\"potentialAction\":[{\"@type\":\"ReadAction\",\"target\":[\"https:\/\/rauchfrei.at\/fakten\/gesetzliches\/\"]}]},{\"@type\":\"BreadcrumbList\",\"@id\":\"https:\/\/rauchfrei.at\/fakten\/gesetzliches\/#breadcrumb\",\"itemListElement\":[{\"@type\":\"ListItem\",\"position\":1,\"name\":\"Fakten\",\"item\":\"https:\/\/rauchfrei.at\/fakten\/\"},{\"@type\":\"ListItem\",\"position\":2,\"name\":\"Gesetzliche Regelungen\"}]},{\"@type\":\"WebSite\",\"@id\":\"https:\/\/rauchfrei.at\/#website\",\"url\":\"https:\/\/rauchfrei.at\/\",\"name\":\"Rauchfrei Telefon\",\"description\":\"Eine \u00f6sterreichweite Initiative der Sozialversicherungen.\",\"potentialAction\":[{\"@type\":\"SearchAction\",\"target\":{\"@type\":\"EntryPoint\",\"urlTemplate\":\"https:\/\/rauchfrei.at\/?s={search_term_string}\"},\"query-input\":{\"@type\":\"PropertyValueSpecification\",\"valueRequired\":true,\"valueName\":\"search_term_string\"}}],\"inLanguage\":\"en-US\"}]}<\/script>\n<!-- \/ Yoast SEO plugin. -->","yoast_head_json":{"title":"Gesetzliche Regelungen - Rauchfrei Telefon","robots":{"index":"index","follow":"follow","max-snippet":"max-snippet:-1","max-image-preview":"max-image-preview:large","max-video-preview":"max-video-preview:-1"},"canonical":"https:\/\/rauchfrei.at\/fakten\/gesetzliches\/","og_locale":"en_US","og_type":"article","og_title":"Gesetzliche Regelungen - Rauchfrei Telefon","og_description":"Gesetzliche Regelungen rund ums Rauchen In Bezug auf Tabakkonsum treffen unterschiedliche Gesetze zu, je nachdem welcher Kontext oder welche Situation vorliegt.Die wichtigsten Gesetze dazu sind das Tabak- und Nichtraucher\/innenschutzgesetz (TNRSG), das Arbeitnehmer\/innenschutzgesetz und das Jugendschutzgesetz. F\u00fcr manche Bereiche gibt es genaue Regelungen (\u00f6ffentliche Orte, Arbeitsplatz), andere Bereiche wiederum m\u00fcssen noch ohne allgemeine gesetzliche Bestimmung auskommen [&hellip;]","og_url":"https:\/\/rauchfrei.at\/fakten\/gesetzliches\/","og_site_name":"Rauchfrei Telefon","article_modified_time":"2019-04-24T11:27:54+00:00","twitter_card":"summary_large_image","twitter_misc":{"Est. reading time":"1 minute"},"schema":{"@context":"https:\/\/schema.org","@graph":[{"@type":"WebPage","@id":"https:\/\/rauchfrei.at\/fakten\/gesetzliches\/","url":"https:\/\/rauchfrei.at\/fakten\/gesetzliches\/","name":"Gesetzliche Regelungen - Rauchfrei Telefon","isPartOf":{"@id":"https:\/\/rauchfrei.at\/#website"},"datePublished":"2012-02-28T11:58:02+00:00","dateModified":"2019-04-24T11:27:54+00:00","breadcrumb":{"@id":"https:\/\/rauchfrei.at\/fakten\/gesetzliches\/#breadcrumb"},"inLanguage":"en-US","potentialAction":[{"@type":"ReadAction","target":["https:\/\/rauchfrei.at\/fakten\/gesetzliches\/"]}]},{"@type":"BreadcrumbList","@id":"https:\/\/rauchfrei.at\/fakten\/gesetzliches\/#breadcrumb","itemListElement":[{"@type":"ListItem","position":1,"name":"Fakten","item":"https:\/\/rauchfrei.at\/fakten\/"},{"@type":"ListItem","position":2,"name":"Gesetzliche Regelungen"}]},{"@type":"WebSite","@id":"https:\/\/rauchfrei.at\/#website","url":"https:\/\/rauchfrei.at\/","name":"Rauchfrei Telefon","description":"Eine \u00f6sterreichweite Initiative der Sozialversicherungen.","potentialAction":[{"@type":"SearchAction","target":{"@type":"EntryPoint","urlTemplate":"https:\/\/rauchfrei.at\/?s={search_term_string}"},"query-input":{"@type":"PropertyValueSpecification","valueRequired":true,"valueName":"search_term_string"}}],"inLanguage":"en-US"}]}},"_links":{"self":[{"href":"https:\/\/rauchfrei.at\/en\/wp-json\/wp\/v2\/pages\/140","targetHints":{"allow":["GET"]}}],"collection":[{"href":"https:\/\/rauchfrei.at\/en\/wp-json\/wp\/v2\/pages"}],"about":[{"href":"https:\/\/rauchfrei.at\/en\/wp-json\/wp\/v2\/types\/page"}],"author":[{"embeddable":true,"href":"https:\/\/rauchfrei.at\/en\/wp-json\/wp\/v2\/users\/2"}],"replies":[{"embeddable":true,"href":"https:\/\/rauchfrei.at\/en\/wp-json\/wp\/v2\/comments?post=140"}],"version-history":[{"count":5,"href":"https:\/\/rauchfrei.at\/en\/wp-json\/wp\/v2\/pages\/140\/revisions"}],"predecessor-version":[{"id":15981,"href":"https:\/\/rauchfrei.at\/en\/wp-json\/wp\/v2\/pages\/140\/revisions\/15981"}],"up":[{"embeddable":true,"href":"https:\/\/rauchfrei.at\/en\/wp-json\/wp\/v2\/pages\/11"}],"wp:attachment":[{"href":"https:\/\/rauchfrei.at\/en\/wp-json\/wp\/v2\/media?parent=140"}],"curies":[{"name":"wp","href":"https:\/\/api.w.org\/{rel}","templated":true}]}}