
{"id":142,"date":"2012-02-28T11:58:47","date_gmt":"2012-02-28T11:58:47","guid":{"rendered":"http:\/\/web362.itscserver.org\/wordpress\/?page_id=142"},"modified":"2021-03-24T10:15:42","modified_gmt":"2021-03-24T08:15:42","slug":"rauchen-am-arbeitsplatz","status":"publish","type":"page","link":"https:\/\/rauchfrei.at\/en\/fakten\/gesetzliches\/rauchen-am-arbeitsplatz\/","title":{"rendered":"Rauchen am Arbeitsplatz"},"content":{"rendered":"<p>[et_pb_section fb_built=&#8221;1&#8243; custom_padding_last_edited=&#8221;off|&#8221; module_class=&#8221;header&#8221; _builder_version=&#8221;3.22&#8243; background_color=&#8221;#67BAD3&#8243; custom_margin=&#8221;||0px|&#8221; custom_padding=&#8221;100px||10px|&#8221;][et_pb_row _builder_version=&#8221;3.25&#8243; custom_margin=&#8221;||0px|&#8221; custom_padding=&#8221;||0px|&#8221;][et_pb_column type=&#8221;4_4&#8243; _builder_version=&#8221;3.25&#8243; custom_padding=&#8221;||0px|&#8221; custom_padding__hover=&#8221;|||&#8221;][et_pb_text admin_label=&#8221;Blue Background Header&#8221; _builder_version=&#8221;3.27.4&#8243; custom_margin=&#8221;||0px|&#8221; custom_padding=&#8221;||0px|&#8221;]<\/p>\n<h1>Arbeitnehmerschutzgesetz<\/h1>\n<h2>Nichtraucherschutz am Arbeitsplatz<\/h2>\n<p>[\/et_pb_text][\/et_pb_column][\/et_pb_row][\/et_pb_section][et_pb_section fb_built=&#8221;1&#8243; _builder_version=&#8221;3.22&#8243;][et_pb_row column_structure=&#8221;2_3,1_3&#8243; _builder_version=&#8221;3.25&#8243; background_size=&#8221;initial&#8221; background_position=&#8221;top_left&#8221; background_repeat=&#8221;repeat&#8221;][et_pb_column type=&#8221;2_3&#8243; _builder_version=&#8221;3.25&#8243; custom_padding=&#8221;|||&#8221; custom_padding__hover=&#8221;|||&#8221;][et_pb_text admin_label=&#8221;Arbeitnehmerschutzgesetz&#8221; _builder_version=&#8221;4.9.0&#8243; hover_enabled=&#8221;0&#8243; sticky_enabled=&#8221;0&#8243;]<\/p>\n<p>Der Nichtraucherschutz am Arbeitsplatz ist neben dem Tabakgesetz vor allem durch das Arbeitnehmerschutzgesetz (AschG, \u00a730 (2) des \u201eNichtraucherInnenschutzes\u201c) und durch das Arbeitsverfassungsgesetz (ArbVG) geregelt. F\u00fcr Beamte gilt das Bundes-Bedienstetenschutzgesetz (Bundes-Bedienstetenschutzgesetz \u2013 B-BSG), das dem Arbeitnehmerschutzgesetz sehr angeglichen ist. Der \u00a730 (2) im B-BSG ist schon sehr zum Schutz f\u00fcr NichtraucherInnen geregelt, aber nicht so konsequent wie es im ASchG erfolgt. Auch Landesbedienstete unterliegen eigenen Gesetzgebungen, in denen der Arbeitnehmerschutz geregelt ist.<\/p>\n<p>Ziel der Arbeitnehmerschutzgesetze ist der Schutz der Arbeiter\/innen und Angestellten vor dem giftigen Passiv- und Dritthandrauch.<\/p>\n<p>Ausf\u00fchrliche Informationen, sowie Downloads finden Sie unter den angef\u00fchrten Links der Arbeitsinspektion, der Arbeiterkammer, der Wirtschaftskammer und des Bundesministeriums f\u00fcr Soziales, Gesundheit, Pflege und Konsumentenschutz.<\/p>\n<p>Mehr dazu:<br \/> <a title=\"Arbeitsinspektion\" href=\"https:\/\/www.arbeitsinspektion.gv.at\/Arbeitsstaetten-_Arbeitsplaetze\/Arbeitsstaetten-_Arbeitsplaetze_1\/Nichtraucherinnen_und_Nichtraucherschutz.html\" target=\"_blank\" rel=\"noopener noreferrer\">Arbeitsinspektion<\/a><br \/> <a title=\"Rauchverbote - Nichtraucherschutz (AK)\" href=\"https:\/\/wien.arbeiterkammer.at\/beratung\/arbeitundrecht\/arbeitundgesundheit\/gesundimbetrieb\/Rauchverbote_Nichtraucherschutz.html\" target=\"_blank\" rel=\"noopener noreferrer\">Arbeiterkammer Wien<\/a><br \/> <a title=\"BM f\u00fcr Gesundheit\" href=\"https:\/\/www.sozialministerium.at\/Themen\/Gesundheit\/Drogen-und-Sucht\/Nichtraucherschutz-und-Rauchverbote.html\" target=\"_blank\" rel=\"noopener noreferrer\">Bundesministerium f\u00fcr Soziales, Gesundheit, Pflege und Konsumentenschutz<\/a><br \/> <a title=\"Wirtschaftskammer\" href=\"https:\/\/www.wko.at\/service\/arbeitsrecht-sozialrecht\/rauchen-am-arbeitsplatz.html\" target=\"_blank\" rel=\"noopener noreferrer\">Wirtschaftskammer Wien<\/a><\/p>\n<p>&nbsp;<\/p>\n<p>[\/et_pb_text][\/et_pb_column][et_pb_column type=&#8221;1_3&#8243; _builder_version=&#8221;3.25&#8243; custom_padding=&#8221;|||&#8221; custom_padding__hover=&#8221;|||&#8221;][et_pb_dp_dmb_module_10080 link_text=&#8221;mehr&#8221; link_url=&#8221;https:\/\/rauchfrei.at\/fakten\/gesetzliches\/&#8221; admin_label=&#8221;\u00a7 Gesetzliches zum Thema Nichtraucher\u00adschutz und Rauchen&#8221; _builder_version=&#8221;3.19.15&#8243; max_width=&#8221;100%&#8221; global_module=&#8221;13120&#8243;]<\/p>\n<p><strong>Gesetzliches<\/strong> rund ums Thema \u00a7<\/p>\n<p>[\/et_pb_dp_dmb_module_10080][\/et_pb_column][\/et_pb_row][\/et_pb_section]<\/p>\n","protected":false},"excerpt":{"rendered":"<p>Arbeitnehmerschutzgesetz Nichtraucherschutz am Arbeitsplatz Der Nichtraucherschutz am Arbeitsplatz ist neben dem Tabakgesetz vor allem durch das Arbeitnehmerschutzgesetz (AschG, \u00a730 (2) des \u201eNichtraucherInnenschutzes\u201c) und durch das Arbeitsverfassungsgesetz (ArbVG) geregelt. F\u00fcr Beamte gilt das Bundes-Bedienstetenschutzgesetz (Bundes-Bedienstetenschutzgesetz \u2013 B-BSG), das dem Arbeitnehmerschutzgesetz sehr angeglichen ist. Der \u00a730 (2) im B-BSG ist schon sehr zum Schutz f\u00fcr NichtraucherInnen geregelt, [&hellip;]<\/p>\n","protected":false},"author":2,"featured_media":0,"parent":140,"menu_order":0,"comment_status":"closed","ping_status":"open","template":"","meta":{"_et_pb_use_builder":"on","_et_pb_old_content":"<p>Der Nichtraucherschutz am Arbeitsplatz ist neben dem Tabakgesetz durch das Arbeitnehmerschutzgesetz (AschG) und durch das Arbeitsverfassungsgesetz (ArbVG) geregelt.<\/p><h2>Rauchverbot<\/h2><p>Bei Einhaltung von Arbeitnehmerschutzgesetz (\u00a7 30 des ASchG, 1994) und Tabakgesetz besteht am Arbeitsplatz nur noch Raucherlaubnis,<\/p><ul><li>wenn ein Arbeitnehmer allein in seinem Einzelb\u00fcro ohne Kunden- bzw. Parteienverkehr bei geschlossener T\u00fcr arbeitet,<\/li><li>wenn es sich um typische Werks- bzw. Fabrikshallen handelt, und keine brand- oder explosionsgef\u00e4hrlichen Arbeitsstoffe verwendet werden bzw. keine produktionsbedingten Hinderungsgr\u00fcnde vorliegen,<\/li><li>in abgetrennten Raucherbereichen der Gastronomie,<\/li><li>wenn ausschlie\u00dflich Raucher\/innen in ihrem Arbeitsraum ohne Kunden Kundinnen bzw. Parteienverkehr t\u00e4tig sind.<\/li><\/ul><p>Ausnahmsloses Rauchverbot gilt in allen R\u00e4umlichkeiten \u00f6ffentlicher Orte, in R\u00e4umen mit bestimmter Zweckbestimmungen (Unterrichts- und Fortbildungszwecke, Verhandlungszwecke, schulsportliche Bet\u00e4tigung), sowie in Betrieben gem\u00e4\u00df \u00a713a Abs. 1 (Betriebe des Gastgewerbes).<\/p><h3>Ausz\u00fcge aus dem Arbeitnehmerschutzgesetz \u00a7 30<\/h3><ol><li>Arbeitgeber\/innen haben daf\u00fcr zu sorgen, dass Nichtraucher\/innen vor den Einwirkungen von Tabakrauch am Arbeitsplatz gesch\u00fctzt sind, soweit dies nach der Art des Betriebes m\u00f6glich ist.<\/li><li>Wenn aus betrieblichen Gr\u00fcnden Raucher\/innen und Nichtraucher\/innen gemeinsam in einem B\u00fcroraum oder einem vergleichbaren Arbeitsraum arbeiten m\u00fcssen, der nur durch Betriebsangeh\u00f6rige genutzt wird, ist das Rauchen am Arbeitsplatz verboten.<\/li><li>Durch geeignete technische oder organisatorische Ma\u00dfnahmen ist daf\u00fcr zu sorgen, dass in den Aufenthaltsr\u00e4umen und Bereitschaftsr\u00e4umen Nichtraucher\/innen vor den Einwirkungen von Tabakrauch gesch\u00fctzt sind.<\/li><li>In Sanit\u00e4tsr\u00e4umen und Umkleider\u00e4umen ist das Rauchen verboten.<\/li><\/ol><h3>Ausz\u00fcge aus dem Arbeitsverfassungsgesetz<\/h3><p>Nach \u00a7 97 k\u00f6nnen Betriebsvereinbarungen \u00fcber allgemeine Ordnungsvorschriften im Betrieb, die das Verhalten der Arbeitnehmer\/innen regeln, abgeschlossen werden. Da mit der Erlassung von Rauchverboten eine Regelung des Verhaltens der Arbeitnehmer\/innen bezweckt wird, f\u00e4llt diese nach einhelliger Lehre und Judikatur unter den Begriff \"allgemeine Ordnungsvorschriften\". Somit k\u00f6nnen Rauchverbote im Betrieb im Weg einer Betriebsvereinbarung gem\u00e4\u00df \u00a7 97 Abs. 1 Z 1 ArbVG vereinbart werden.<\/p><h3>Bestimmungen f\u00fcr Arbeitnehmer\/innen<\/h3><p>Mit der Tabakgesetz-Novelle 2008 traten Kollektivvertr\u00e4ge f\u00fcr Arbeiter und Arbeiterinnen bzw. Angestellte im Gastgewerbe in Kraft, mit folgenden Regelungen bei Besch\u00e4ftigung in Raucherbetrieben:<\/p><ul><li>Anspruch auf Dienstfreistellung:<br \/>Zeit zum Besuch diagnostischer Ma\u00dfnahmen, sowie gesundheitsf\u00f6rdernde Ma\u00dfnahmen<\/li><li>Anspruch auf Abfertigung alt:<br \/>Bei K\u00fcndigung des Arbeitsverh\u00e4ltnisses wegen Passivrauchbelastung<\/li><li>Besch\u00e4ftigungseinschr\u00e4nkung f\u00fcr Jugendliche:<br \/>Ausbildung \u00fcberwiegend in Nichtraucherr\u00e4umen, wenn vorhanden<\/li><li>Schutzma\u00dfnahmen f\u00fcr werdende M\u00fctter (gilt auch f\u00fcr Selbst\u00e4ndige):<br \/>Anspruch auf Wochengeld bzw. Betriebshilfe bei Arbeitsverbot<\/li><\/ul><p>Das Arbeitsverbot bei werdenden M\u00fcttern, sowie die Besch\u00e4ftigungseinschr\u00e4nkung bei Jugendlichen werden nicht direkt durch die Arbeitsinspektion kontrolliert, da diese Regelungen nicht als Arbeitnehmerschutzvorschriften gelten. Kontrolle und Erteilung von Sanktionen erfolgt hier durch die jeweiligen Bezirksverwaltungsbeh\u00f6rden.<\/p><p>Ausf\u00fchrlichere Informationen, sowie Downloads finden Sie unter den angef\u00fchrten Links der Arbeitsinspektion, der Arbeiterkammer, der Wirtschaftskammer und des Bundesministeriums f\u00fcr Gesundheit.<\/p><p>Mehr dazu:<br \/><a title=\"Arbeitsinspektion\" href=\"http:\/\/www.arbeitsinspektion.gv.at\/AI\/Arbeitsstaetten\/Nichraucherschutz\/default.htm\" target=\"_blank\" rel=\"noopener\">Arbeitsinspektion<\/a><br \/><a title=\"Rauchverbote - Nichtraucherschutz (AK)\" href=\"http:\/\/wien.arbeiterkammer.at\/beratung\/arbeitundrecht\/arbeitundgesundheit\/gesundimbetrieb\/Rauchverbote-Nichtraucherschutz.html\" target=\"_blank\" rel=\"noopener\">Arbeiterkammer Wien<\/a><br \/><a title=\"BM f\u00fcr Gesundheit\" href=\"http:\/\/bmg.gv.at\/home\/Schwerpunkte\/Drogen_Sucht\/Tabak_Rauchen\/\" target=\"_blank\" rel=\"noopener\">Bundesministerium f\u00fcr Gesundheit<\/a><br \/><a title=\"Wirtschaftskammer\" href=\"https:\/\/www.wko.at\/Content.Node\/Suche_Trefferliste.html?hostname=&searchTerm=rauchverbot&quicksearch_submit=Suchen\" target=\"_blank\" rel=\"noopener\">Wirtschaftskammer Wien<\/a><\/p><p>\u00a0<\/p>","_et_gb_content_width":"","footnotes":""},"class_list":["post-142","page","type-page","status-publish","hentry"],"yoast_head":"<!-- This site is optimized with the Yoast SEO plugin v26.2 - https:\/\/yoast.com\/wordpress\/plugins\/seo\/ -->\n<title>Rauchen am Arbeitsplatz - Rauchfrei Telefon<\/title>\n<meta name=\"robots\" content=\"index, follow, max-snippet:-1, max-image-preview:large, max-video-preview:-1\" \/>\n<link rel=\"canonical\" href=\"https:\/\/rauchfrei.at\/fakten\/gesetzliches\/rauchen-am-arbeitsplatz\/\" \/>\n<meta property=\"og:locale\" content=\"en_US\" \/>\n<meta property=\"og:type\" content=\"article\" \/>\n<meta property=\"og:title\" content=\"Rauchen am Arbeitsplatz - Rauchfrei Telefon\" \/>\n<meta property=\"og:description\" content=\"Arbeitnehmerschutzgesetz Nichtraucherschutz am Arbeitsplatz Der Nichtraucherschutz am Arbeitsplatz ist neben dem Tabakgesetz vor allem durch das Arbeitnehmerschutzgesetz (AschG, \u00a730 (2) des \u201eNichtraucherInnenschutzes\u201c) und durch das Arbeitsverfassungsgesetz (ArbVG) geregelt. F\u00fcr Beamte gilt das Bundes-Bedienstetenschutzgesetz (Bundes-Bedienstetenschutzgesetz \u2013 B-BSG), das dem Arbeitnehmerschutzgesetz sehr angeglichen ist. Der \u00a730 (2) im B-BSG ist schon sehr zum Schutz f\u00fcr NichtraucherInnen geregelt, [&hellip;]\" \/>\n<meta property=\"og:url\" content=\"https:\/\/rauchfrei.at\/fakten\/gesetzliches\/rauchen-am-arbeitsplatz\/\" \/>\n<meta property=\"og:site_name\" content=\"Rauchfrei Telefon\" \/>\n<meta property=\"article:modified_time\" content=\"2021-03-24T08:15:42+00:00\" \/>\n<meta name=\"twitter:card\" content=\"summary_large_image\" \/>\n<meta name=\"twitter:label1\" content=\"Est. reading time\" \/>\n\t<meta name=\"twitter:data1\" content=\"2 minutes\" \/>\n<script type=\"application\/ld+json\" class=\"yoast-schema-graph\">{\"@context\":\"https:\/\/schema.org\",\"@graph\":[{\"@type\":\"WebPage\",\"@id\":\"https:\/\/rauchfrei.at\/fakten\/gesetzliches\/rauchen-am-arbeitsplatz\/\",\"url\":\"https:\/\/rauchfrei.at\/fakten\/gesetzliches\/rauchen-am-arbeitsplatz\/\",\"name\":\"Rauchen am Arbeitsplatz - Rauchfrei Telefon\",\"isPartOf\":{\"@id\":\"https:\/\/rauchfrei.at\/#website\"},\"datePublished\":\"2012-02-28T11:58:47+00:00\",\"dateModified\":\"2021-03-24T08:15:42+00:00\",\"breadcrumb\":{\"@id\":\"https:\/\/rauchfrei.at\/fakten\/gesetzliches\/rauchen-am-arbeitsplatz\/#breadcrumb\"},\"inLanguage\":\"en-US\",\"potentialAction\":[{\"@type\":\"ReadAction\",\"target\":[\"https:\/\/rauchfrei.at\/fakten\/gesetzliches\/rauchen-am-arbeitsplatz\/\"]}]},{\"@type\":\"BreadcrumbList\",\"@id\":\"https:\/\/rauchfrei.at\/fakten\/gesetzliches\/rauchen-am-arbeitsplatz\/#breadcrumb\",\"itemListElement\":[{\"@type\":\"ListItem\",\"position\":1,\"name\":\"Fakten\",\"item\":\"https:\/\/rauchfrei.at\/fakten\/\"},{\"@type\":\"ListItem\",\"position\":2,\"name\":\"Gesetzliche Regelungen\",\"item\":\"https:\/\/rauchfrei.at\/fakten\/gesetzliches\/\"},{\"@type\":\"ListItem\",\"position\":3,\"name\":\"Rauchen am Arbeitsplatz\"}]},{\"@type\":\"WebSite\",\"@id\":\"https:\/\/rauchfrei.at\/#website\",\"url\":\"https:\/\/rauchfrei.at\/\",\"name\":\"Rauchfrei Telefon\",\"description\":\"Eine \u00f6sterreichweite Initiative der Sozialversicherungen.\",\"potentialAction\":[{\"@type\":\"SearchAction\",\"target\":{\"@type\":\"EntryPoint\",\"urlTemplate\":\"https:\/\/rauchfrei.at\/?s={search_term_string}\"},\"query-input\":{\"@type\":\"PropertyValueSpecification\",\"valueRequired\":true,\"valueName\":\"search_term_string\"}}],\"inLanguage\":\"en-US\"}]}<\/script>\n<!-- \/ Yoast SEO plugin. -->","yoast_head_json":{"title":"Rauchen am Arbeitsplatz - Rauchfrei Telefon","robots":{"index":"index","follow":"follow","max-snippet":"max-snippet:-1","max-image-preview":"max-image-preview:large","max-video-preview":"max-video-preview:-1"},"canonical":"https:\/\/rauchfrei.at\/fakten\/gesetzliches\/rauchen-am-arbeitsplatz\/","og_locale":"en_US","og_type":"article","og_title":"Rauchen am Arbeitsplatz - Rauchfrei Telefon","og_description":"Arbeitnehmerschutzgesetz Nichtraucherschutz am Arbeitsplatz Der Nichtraucherschutz am Arbeitsplatz ist neben dem Tabakgesetz vor allem durch das Arbeitnehmerschutzgesetz (AschG, \u00a730 (2) des \u201eNichtraucherInnenschutzes\u201c) und durch das Arbeitsverfassungsgesetz (ArbVG) geregelt. F\u00fcr Beamte gilt das Bundes-Bedienstetenschutzgesetz (Bundes-Bedienstetenschutzgesetz \u2013 B-BSG), das dem Arbeitnehmerschutzgesetz sehr angeglichen ist. Der \u00a730 (2) im B-BSG ist schon sehr zum Schutz f\u00fcr NichtraucherInnen geregelt, [&hellip;]","og_url":"https:\/\/rauchfrei.at\/fakten\/gesetzliches\/rauchen-am-arbeitsplatz\/","og_site_name":"Rauchfrei Telefon","article_modified_time":"2021-03-24T08:15:42+00:00","twitter_card":"summary_large_image","twitter_misc":{"Est. reading time":"2 minutes"},"schema":{"@context":"https:\/\/schema.org","@graph":[{"@type":"WebPage","@id":"https:\/\/rauchfrei.at\/fakten\/gesetzliches\/rauchen-am-arbeitsplatz\/","url":"https:\/\/rauchfrei.at\/fakten\/gesetzliches\/rauchen-am-arbeitsplatz\/","name":"Rauchen am Arbeitsplatz - Rauchfrei Telefon","isPartOf":{"@id":"https:\/\/rauchfrei.at\/#website"},"datePublished":"2012-02-28T11:58:47+00:00","dateModified":"2021-03-24T08:15:42+00:00","breadcrumb":{"@id":"https:\/\/rauchfrei.at\/fakten\/gesetzliches\/rauchen-am-arbeitsplatz\/#breadcrumb"},"inLanguage":"en-US","potentialAction":[{"@type":"ReadAction","target":["https:\/\/rauchfrei.at\/fakten\/gesetzliches\/rauchen-am-arbeitsplatz\/"]}]},{"@type":"BreadcrumbList","@id":"https:\/\/rauchfrei.at\/fakten\/gesetzliches\/rauchen-am-arbeitsplatz\/#breadcrumb","itemListElement":[{"@type":"ListItem","position":1,"name":"Fakten","item":"https:\/\/rauchfrei.at\/fakten\/"},{"@type":"ListItem","position":2,"name":"Gesetzliche Regelungen","item":"https:\/\/rauchfrei.at\/fakten\/gesetzliches\/"},{"@type":"ListItem","position":3,"name":"Rauchen am Arbeitsplatz"}]},{"@type":"WebSite","@id":"https:\/\/rauchfrei.at\/#website","url":"https:\/\/rauchfrei.at\/","name":"Rauchfrei Telefon","description":"Eine \u00f6sterreichweite Initiative der Sozialversicherungen.","potentialAction":[{"@type":"SearchAction","target":{"@type":"EntryPoint","urlTemplate":"https:\/\/rauchfrei.at\/?s={search_term_string}"},"query-input":{"@type":"PropertyValueSpecification","valueRequired":true,"valueName":"search_term_string"}}],"inLanguage":"en-US"}]}},"_links":{"self":[{"href":"https:\/\/rauchfrei.at\/en\/wp-json\/wp\/v2\/pages\/142","targetHints":{"allow":["GET"]}}],"collection":[{"href":"https:\/\/rauchfrei.at\/en\/wp-json\/wp\/v2\/pages"}],"about":[{"href":"https:\/\/rauchfrei.at\/en\/wp-json\/wp\/v2\/types\/page"}],"author":[{"embeddable":true,"href":"https:\/\/rauchfrei.at\/en\/wp-json\/wp\/v2\/users\/2"}],"replies":[{"embeddable":true,"href":"https:\/\/rauchfrei.at\/en\/wp-json\/wp\/v2\/comments?post=142"}],"version-history":[{"count":7,"href":"https:\/\/rauchfrei.at\/en\/wp-json\/wp\/v2\/pages\/142\/revisions"}],"predecessor-version":[{"id":20348,"href":"https:\/\/rauchfrei.at\/en\/wp-json\/wp\/v2\/pages\/142\/revisions\/20348"}],"up":[{"embeddable":true,"href":"https:\/\/rauchfrei.at\/en\/wp-json\/wp\/v2\/pages\/140"}],"wp:attachment":[{"href":"https:\/\/rauchfrei.at\/en\/wp-json\/wp\/v2\/media?parent=142"}],"curies":[{"name":"wp","href":"https:\/\/api.w.org\/{rel}","templated":true}]}}