
{"id":146,"date":"2012-02-28T11:59:48","date_gmt":"2012-02-28T11:59:48","guid":{"rendered":"http:\/\/web362.itscserver.org\/wordpress\/?page_id=146"},"modified":"2024-10-02T16:56:37","modified_gmt":"2024-10-02T14:56:37","slug":"rauchen-an-oeffentlichen-orten","status":"publish","type":"page","link":"https:\/\/rauchfrei.at\/en\/fakten\/gesetzliches\/rauchen-an-oeffentlichen-orten\/","title":{"rendered":"Rauchen an \u00f6ffentlichen Orten"},"content":{"rendered":"<p>[et_pb_section bb_built=&#8221;1&#8243; fullwidth=&#8221;off&#8221; specialty=&#8221;off&#8221; _builder_version=&#8221;3.0.99&#8243; background_color=&#8221;#67BAD3&#8243; module_class=&#8221;header&#8221; custom_margin=&#8221;||0px|&#8221; custom_padding_last_edited=&#8221;off|&#8221; custom_padding=&#8221;100px||10px|&#8221; next_background_color=&#8221;#ffffff&#8221;][et_pb_row _builder_version=&#8221;3.0.99&#8243; custom_margin=&#8221;||0px|&#8221; custom_padding=&#8221;||0px|&#8221; padding_bottom_1=&#8221;0px&#8221;][et_pb_column type=&#8221;4_4&#8243;][et_pb_text admin_label=&#8221;Blue Background Header&#8221; _builder_version=&#8221;3.15&#8243; custom_margin=&#8221;||0px|&#8221; custom_padding=&#8221;||0px|&#8221;]<\/p>\n<h1>Rauchen an \u00f6ffentlichen Orten<\/h1>\n<h2>Nichtraucherschutz im \u00f6ffentlichen Raum<\/h2>\n<p>[\/et_pb_text][\/et_pb_column][\/et_pb_row][\/et_pb_section][et_pb_section bb_built=&#8221;1&#8243; prev_background_color=&#8221;#67BAD3&#8243;][et_pb_row][et_pb_column type=&#8221;1_3&#8243;][et_pb_dp_dmb_module_10093 _builder_version=&#8221;3.0.99&#8243; headline=&#8221;Rauchen in Wohnh\u00e4usern&#8221; background_layout=&#8221;light&#8221; custom_link=&#8221;off&#8221; link_icon_placement=&#8221;right&#8221;]<\/p>\n<p>Rauchen in Wohnh\u00e4usern<\/p>\n<p>Ombudsstelle?<\/p>\n<p>[\/et_pb_dp_dmb_module_10093][et_pb_text _builder_version=&#8221;3.0.99&#8243; background_layout=&#8221;light&#8221;]<\/p>\n<h2>Nichtraucherschutz in der Gastronomie<\/h2>\n<p>Mit Inkrafttreten der Tabakgesetznovelle 2008 gilt auch in den der Verabreichung von Speisen und Getr\u00e4nken an G\u00e4ste dienenden Gastronomier\u00e4umen grunds\u00e4tzlich Rauchverbot.<\/p>\n<p>Auf Grund der Ausnahmeregelung (siehe unten) gibt es immer noch zahlreiche \u00f6ffentliche Orte, in denen geraucht werden darf. Wer g\u00e4nzlich rauchfreie Lokale sucht, wird auf der Homepage &#8220;da.stinkts.net&#8221; f\u00fcndig. F\u00fcr unterwegs gibt es die Infos als kostenfreies App zum Download.<\/p>\n<p>Mehr dazu:<br \/>\n<a title=\"Ausnahmeregelung Gastronomie\" href=\"\/fakten\/gesetzliches\/ausnahmeregelung-gastronomie\/\">Ausnahmeregelung Gastronomie<\/a><br \/>\n<a href=\"https:\/\/rauchfrei.at\/wp-content\/uploads\/Infoblatt__NRS_in_R\u00f6O_.pdf\" target=\"_blank\" rel=\"noopener\">Infoblatt_Nichtraucherschutz in R\u00e4umen \u00f6ffentlicher Orte sowie in R\u00e4umen mit bestimmter Zweckwidmung<\/a><\/p>\n<p>[\/et_pb_text][et_pb_dp_dmb_module_10085 _builder_version=&#8221;3.0.99&#8243; background_layout=&#8221;light&#8221; custom_link=&#8221;off&#8221; link_icon_placement=&#8221;right&#8221;]<\/p>\n<h2>Rauchen am Arbeitsplatz<\/h2>\n<p>Der Schutz vor Tabakrauch am Arbeitsplatz ist im Arbeitnehmerschutzgesetz (AschG) im \u00a7 30, sowie im Arbeitsverfassungsgesetz (ArbVG) geregelt.<\/p>\n<p>Mehr dazu:<br \/>\n<a title=\"Rauchen am Arbeitsplatz\" href=\"\/fakten\/gesetzliches\/rauchen-am-arbeitsplatz\/\"><a href='\/fakten\/gesetzliches\/rauchen-am-arbeitsplatz\/' class='small-button smalllightblue' target=\"_blank\">Rauchen am Arbeitsplatz<\/a> <\/a><\/p>\n<p>[\/et_pb_dp_dmb_module_10085][\/et_pb_column][et_pb_column type=&#8221;1_3&#8243;][et_pb_text _builder_version=&#8221;3.0.99&#8243; background_layout=&#8221;light&#8221;]<\/p>\n<h2>Rauchen an \u00f6ffentlichen Orten<\/h2>\n<p>\u00a7 13 des Tabakgesetzes sieht ein generelles Rauchverbot in R\u00e4umen \u00f6ffentlicher Orte vor. Ein \u00f6ffentlicher Ort ist jeder Ort, der von einem nicht von vorneherein beschr\u00e4nkten Personenkreis st\u00e4ndig oder zu bestimmten Zeiten betreten werden kann. Unter die Bezeichnung \u201eRaum\u201c fallen laut Gesundheitsministerium ortsfeste, geschlossene Baulichkeiten.<\/p>\n<h2>Ein Rauchverbot herrscht z. B. in R\u00e4umen folgender Einrichtungen:<\/h2>\n<ul>\n<li>Amtsgeb\u00e4uden<\/li>\n<li>Schulischen oder anderen Einrichtungen, in denen Kinder und Jugendliche beaufsichtigt, aufgenommen oder beherbergt werden<\/li>\n<li>Hochschulen oder Einrichtungen der beruflichen Bildung<\/li>\n<li>Einrichtungen, die der Darbietung von Vorf\u00fchrungen oder Ausstellungen dienen<\/li>\n<li>Einrichtungen des \u00f6ffentlichen und privaten Bus-, Schienen-, Flug- und Schiffverkehrs (z. B. Warter\u00e4ume)<\/li>\n<li>Einrichtungen wie beispielsweise Gesch\u00e4ftslokale, B\u00fcror\u00e4ume oder \u00e4hnliche R\u00e4ume mit Kundenverkehr zu den festgelegten Dienstzeiten bzw. zu Zeiten, in denen \u00fcblicherweise Parteienverkehr stattfindet, wie insbesondere Einkaufszentren<\/li>\n<li>Gastronomiebetrieben (\u00a713a, Tabakgesetznovelle 2008)<\/li>\n<\/ul>\n<h3>Ausnahmem\u00f6glichkeiten<\/h3>\n<p>Dort, wo eine ausreichende Anzahl an R\u00e4umlichkeiten besteht, k\u00f6nnen unter bestimmten Voraussetzungen R\u00e4ume bezeichnet werden, in denen das Rauchen gestattet ist. Es muss gew\u00e4hrleistet werden, dass der Tabakrauch aus diesen &#8220;Raucherr\u00e4umen&#8221; nicht in den mit Rauchverbot belegten Bereich dringt und das Rauchverbot dadurch nicht umgangen wird. Die M\u00f6glichkeit, &#8220;Raucherr\u00e4ume&#8221; vorzusehen, gilt ausdr\u00fccklich nicht f\u00fcr schulische oder anderen Einrichtungen, in denen Kinder und Jugendliche beaufsichtigt, aufgenommen oder beherbergt werden.<\/p>\n<p>Nicht ortsfeste Baulichkeiten fallen nicht in den Anwendungsbereich des Tabakgesetzes. Somit gilt z. B. in Gastg\u00e4rten, an Verkaufsst\u00e4nden oder bei Veranstaltungen im Freien kein Rauchverbot.<\/p>\n<p>Die Rauchverbote sind durch Rauchverbotshinweise kenntlich zu machen.<\/p>\n<p>&nbsp;<\/p>\n<p>&nbsp;<\/p>\n<p>&nbsp;<\/p>\n<p>[\/et_pb_text][\/et_pb_column][et_pb_column type=&#8221;1_3&#8243;][et_pb_sidebar _builder_version=&#8221;3.0.99&#8243; area=&#8221;sidebar-1&#8243; orientation=&#8221;left&#8221; show_border=&#8221;on&#8221; background_layout=&#8221;light&#8221; \/][\/et_pb_column][\/et_pb_row][\/et_pb_section]<\/p>\n","protected":false},"excerpt":{"rendered":"<p>Rauchen an \u00f6ffentlichen Orten Nichtraucherschutz im \u00f6ffentlichen Raum <div class=\"et_pb_row et_pb_row_0 et_pb_row_empty\">\n\t\t\t\t\n\t\t\t\t\n\t\t\t\t\n\t\t\t\t\n\t\t\t\t\n\t\t\t<\/div> Rauchen in Wohnh\u00e4usern Ombudsstelle? Nichtraucherschutz in der Gastronomie Mit Inkrafttreten der Tabakgesetznovelle 2008 gilt auch in den der Verabreichung von Speisen und Getr\u00e4nken an G\u00e4ste dienenden Gastronomier\u00e4umen grunds\u00e4tzlich Rauchverbot. Auf Grund der Ausnahmeregelung (siehe unten) gibt es immer noch zahlreiche \u00f6ffentliche Orte, in denen geraucht werden [&hellip;]<\/p>\n","protected":false},"author":2,"featured_media":0,"parent":140,"menu_order":0,"comment_status":"closed","ping_status":"open","template":"","meta":{"_et_pb_use_builder":"on","_et_pb_old_content":"<p>\u00a7 13 des Tabakgesetzes sieht ein generelles Rauchverbot in R\u00e4umen \u00f6ffentlicher Orte vor. Ein \u00f6ffentlicher Ort ist jeder Ort, der von einem nicht von vorneherein beschr\u00e4nkten Personenkreis st\u00e4ndig oder zu bestimmten Zeiten betreten werden kann. Unter die Bezeichnung \u201eRaum\u201c fallen laut Gesundheitsministerium ortsfeste, geschlossene Baulichkeiten.<\/p><h2>Ein Rauchverbot herrscht z. B. in R\u00e4umen folgender Einrichtungen:<\/h2><ul><li>Amtsgeb\u00e4uden<\/li><li>Schulischen oder anderen Einrichtungen, in denen Kinder und Jugendliche beaufsichtigt, aufgenommen oder beherbergt werden<\/li><li>Hochschulen oder Einrichtungen der beruflichen Bildung<\/li><li>Einrichtungen, die der Darbietung von Vorf\u00fchrungen oder Ausstellungen dienen<\/li><li>Einrichtungen des \u00f6ffentlichen und privaten Bus-, Schienen-, Flug- und Schiffverkehrs (z. B. Warter\u00e4ume)<\/li><li>Einrichtungen wie beispielsweise Gesch\u00e4ftslokale, B\u00fcror\u00e4ume oder \u00e4hnliche R\u00e4ume mit Kundenverkehr zu den festgelegten Dienstzeiten bzw. zu Zeiten, in denen \u00fcblicherweise Parteienverkehr stattfindet, wie insbesondere Einkaufszentren<\/li><li>Gastronomiebetrieben (\u00a713a, Tabakgesetznovelle 2008)<\/li><\/ul><h3>Ausnahmem\u00f6glichkeiten<\/h3><p>Dort, wo eine ausreichende Anzahl an R\u00e4umlichkeiten besteht, k\u00f6nnen unter bestimmten Voraussetzungen R\u00e4ume bezeichnet werden, in denen das Rauchen gestattet ist. Es muss gew\u00e4hrleistet werden, dass der Tabakrauch aus diesen \"Raucherr\u00e4umen\" nicht in den mit Rauchverbot belegten Bereich dringt und das Rauchverbot dadurch nicht umgangen wird. Die M\u00f6glichkeit, \"Raucherr\u00e4ume\" vorzusehen, gilt ausdr\u00fccklich nicht f\u00fcr schulische oder anderen Einrichtungen, in denen Kinder und Jugendliche beaufsichtigt, aufgenommen oder beherbergt werden.<\/p><p>Nicht ortsfeste Baulichkeiten fallen nicht in den Anwendungsbereich des Tabakgesetzes. Somit gilt z. B. in Gastg\u00e4rten, an Verkaufsst\u00e4nden oder bei Veranstaltungen im Freien kein Rauchverbot.<\/p><p>Die Rauchverbote sind durch Rauchverbotshinweise kenntlich zu machen.<\/p><h2>Rauchen am Arbeitsplatz<\/h2><p>Der Schutz vor Tabakrauch am Arbeitsplatz ist im Arbeitnehmerschutzgesetz (AschG) im \u00a7 30, sowie im Arbeitsverfassungsgesetz (ArbVG) geregelt.<\/p><p>Mehr dazu:<br \/><a title=\"Rauchen am Arbeitsplatz\" href=\"\/fakten\/gesetzliches\/rauchen-am-arbeitsplatz\/\">Rauchen am Arbeitsplatz<\/a><\/p><h2>Nichtraucherschutz in der Gastronomie<\/h2><p>Mit Inkrafttreten der Tabakgesetznovelle 2008 gilt auch in den der Verabreichung von Speisen und Getr\u00e4nken an G\u00e4ste dienenden Gastronomier\u00e4umen grunds\u00e4tzlich Rauchverbot.<\/p><p>Auf Grund der Ausnahmeregelung (siehe unten) gibt es immer noch zahlreiche \u00f6ffentliche Orte, in denen geraucht werden darf. Wer g\u00e4nzlich rauchfreie Lokale sucht, wird auf der Homepage<a href=\"http:\/\/da.stinkts.net\/\" target=\"_blank\" rel=\"noopener\"> \"da.stinkts.net\"<\/a> f\u00fcndig. F\u00fcr unterwegs gibt es die Infos als kostenfreies App zum Download.<\/p><p>Mehr dazu:<br \/><a title=\"Ausnahmeregelung Gastronomie\" href=\"\/fakten\/gesetzliches\/ausnahmeregelung-gastronomie\/\">Ausnahmeregelung Gastronomie<\/a><br \/><a href=\"https:\/\/rauchfrei.at\/wp-content\/uploads\/Infoblatt__NRS_in_R\u00f6O_.pdf\" target=\"_blank\" rel=\"noopener\">Infoblatt_Nichtraucherschutz in R\u00e4umen \u00f6ffentlicher Orte sowie in R\u00e4umen mit bestimmter Zweckwidmung<\/a><\/p><p>\u00a0<\/p>","_et_gb_content_width":"","footnotes":""},"class_list":["post-146","page","type-page","status-publish","hentry"],"yoast_head":"<!-- This site is optimized with the Yoast SEO plugin v26.2 - https:\/\/yoast.com\/wordpress\/plugins\/seo\/ -->\n<title>Rauchen an \u00f6ffentlichen Orten - Rauchfrei Telefon<\/title>\n<meta name=\"robots\" content=\"index, follow, max-snippet:-1, max-image-preview:large, max-video-preview:-1\" \/>\n<link rel=\"canonical\" href=\"https:\/\/rauchfrei.at\/fakten\/gesetzliches\/rauchen-an-oeffentlichen-orten\/\" \/>\n<meta property=\"og:locale\" content=\"en_US\" \/>\n<meta property=\"og:type\" content=\"article\" \/>\n<meta property=\"og:title\" content=\"Rauchen an \u00f6ffentlichen Orten - Rauchfrei Telefon\" \/>\n<meta property=\"og:description\" content=\"Rauchen an \u00f6ffentlichen Orten Nichtraucherschutz im \u00f6ffentlichen Raum Rauchen in Wohnh\u00e4usern Ombudsstelle? Nichtraucherschutz in der Gastronomie Mit Inkrafttreten der Tabakgesetznovelle 2008 gilt auch in den der Verabreichung von Speisen und Getr\u00e4nken an G\u00e4ste dienenden Gastronomier\u00e4umen grunds\u00e4tzlich Rauchverbot. Auf Grund der Ausnahmeregelung (siehe unten) gibt es immer noch zahlreiche \u00f6ffentliche Orte, in denen geraucht werden [&hellip;]\" \/>\n<meta property=\"og:url\" content=\"https:\/\/rauchfrei.at\/fakten\/gesetzliches\/rauchen-an-oeffentlichen-orten\/\" \/>\n<meta property=\"og:site_name\" content=\"Rauchfrei Telefon\" \/>\n<meta property=\"article:modified_time\" content=\"2024-10-02T14:56:37+00:00\" \/>\n<meta name=\"twitter:card\" content=\"summary_large_image\" \/>\n<meta name=\"twitter:label1\" content=\"Est. reading time\" \/>\n\t<meta name=\"twitter:data1\" content=\"3 minutes\" \/>\n<script type=\"application\/ld+json\" class=\"yoast-schema-graph\">{\"@context\":\"https:\/\/schema.org\",\"@graph\":[{\"@type\":\"WebPage\",\"@id\":\"https:\/\/rauchfrei.at\/fakten\/gesetzliches\/rauchen-an-oeffentlichen-orten\/\",\"url\":\"https:\/\/rauchfrei.at\/fakten\/gesetzliches\/rauchen-an-oeffentlichen-orten\/\",\"name\":\"Rauchen an \u00f6ffentlichen Orten - Rauchfrei Telefon\",\"isPartOf\":{\"@id\":\"https:\/\/rauchfrei.at\/#website\"},\"datePublished\":\"2012-02-28T11:59:48+00:00\",\"dateModified\":\"2024-10-02T14:56:37+00:00\",\"breadcrumb\":{\"@id\":\"https:\/\/rauchfrei.at\/fakten\/gesetzliches\/rauchen-an-oeffentlichen-orten\/#breadcrumb\"},\"inLanguage\":\"en-US\",\"potentialAction\":[{\"@type\":\"ReadAction\",\"target\":[\"https:\/\/rauchfrei.at\/fakten\/gesetzliches\/rauchen-an-oeffentlichen-orten\/\"]}]},{\"@type\":\"BreadcrumbList\",\"@id\":\"https:\/\/rauchfrei.at\/fakten\/gesetzliches\/rauchen-an-oeffentlichen-orten\/#breadcrumb\",\"itemListElement\":[{\"@type\":\"ListItem\",\"position\":1,\"name\":\"Fakten\",\"item\":\"https:\/\/rauchfrei.at\/fakten\/\"},{\"@type\":\"ListItem\",\"position\":2,\"name\":\"Gesetzliche Regelungen\",\"item\":\"https:\/\/rauchfrei.at\/fakten\/gesetzliches\/\"},{\"@type\":\"ListItem\",\"position\":3,\"name\":\"Rauchen an \u00f6ffentlichen Orten\"}]},{\"@type\":\"WebSite\",\"@id\":\"https:\/\/rauchfrei.at\/#website\",\"url\":\"https:\/\/rauchfrei.at\/\",\"name\":\"Rauchfrei Telefon\",\"description\":\"Eine \u00f6sterreichweite Initiative der Sozialversicherungen.\",\"potentialAction\":[{\"@type\":\"SearchAction\",\"target\":{\"@type\":\"EntryPoint\",\"urlTemplate\":\"https:\/\/rauchfrei.at\/?s={search_term_string}\"},\"query-input\":{\"@type\":\"PropertyValueSpecification\",\"valueRequired\":true,\"valueName\":\"search_term_string\"}}],\"inLanguage\":\"en-US\"}]}<\/script>\n<!-- \/ Yoast SEO plugin. -->","yoast_head_json":{"title":"Rauchen an \u00f6ffentlichen Orten - Rauchfrei Telefon","robots":{"index":"index","follow":"follow","max-snippet":"max-snippet:-1","max-image-preview":"max-image-preview:large","max-video-preview":"max-video-preview:-1"},"canonical":"https:\/\/rauchfrei.at\/fakten\/gesetzliches\/rauchen-an-oeffentlichen-orten\/","og_locale":"en_US","og_type":"article","og_title":"Rauchen an \u00f6ffentlichen Orten - Rauchfrei Telefon","og_description":"Rauchen an \u00f6ffentlichen Orten Nichtraucherschutz im \u00f6ffentlichen Raum Rauchen in Wohnh\u00e4usern Ombudsstelle? Nichtraucherschutz in der Gastronomie Mit Inkrafttreten der Tabakgesetznovelle 2008 gilt auch in den der Verabreichung von Speisen und Getr\u00e4nken an G\u00e4ste dienenden Gastronomier\u00e4umen grunds\u00e4tzlich Rauchverbot. Auf Grund der Ausnahmeregelung (siehe unten) gibt es immer noch zahlreiche \u00f6ffentliche Orte, in denen geraucht werden [&hellip;]","og_url":"https:\/\/rauchfrei.at\/fakten\/gesetzliches\/rauchen-an-oeffentlichen-orten\/","og_site_name":"Rauchfrei Telefon","article_modified_time":"2024-10-02T14:56:37+00:00","twitter_card":"summary_large_image","twitter_misc":{"Est. reading time":"3 minutes"},"schema":{"@context":"https:\/\/schema.org","@graph":[{"@type":"WebPage","@id":"https:\/\/rauchfrei.at\/fakten\/gesetzliches\/rauchen-an-oeffentlichen-orten\/","url":"https:\/\/rauchfrei.at\/fakten\/gesetzliches\/rauchen-an-oeffentlichen-orten\/","name":"Rauchen an \u00f6ffentlichen Orten - Rauchfrei Telefon","isPartOf":{"@id":"https:\/\/rauchfrei.at\/#website"},"datePublished":"2012-02-28T11:59:48+00:00","dateModified":"2024-10-02T14:56:37+00:00","breadcrumb":{"@id":"https:\/\/rauchfrei.at\/fakten\/gesetzliches\/rauchen-an-oeffentlichen-orten\/#breadcrumb"},"inLanguage":"en-US","potentialAction":[{"@type":"ReadAction","target":["https:\/\/rauchfrei.at\/fakten\/gesetzliches\/rauchen-an-oeffentlichen-orten\/"]}]},{"@type":"BreadcrumbList","@id":"https:\/\/rauchfrei.at\/fakten\/gesetzliches\/rauchen-an-oeffentlichen-orten\/#breadcrumb","itemListElement":[{"@type":"ListItem","position":1,"name":"Fakten","item":"https:\/\/rauchfrei.at\/fakten\/"},{"@type":"ListItem","position":2,"name":"Gesetzliche Regelungen","item":"https:\/\/rauchfrei.at\/fakten\/gesetzliches\/"},{"@type":"ListItem","position":3,"name":"Rauchen an \u00f6ffentlichen Orten"}]},{"@type":"WebSite","@id":"https:\/\/rauchfrei.at\/#website","url":"https:\/\/rauchfrei.at\/","name":"Rauchfrei Telefon","description":"Eine \u00f6sterreichweite Initiative der Sozialversicherungen.","potentialAction":[{"@type":"SearchAction","target":{"@type":"EntryPoint","urlTemplate":"https:\/\/rauchfrei.at\/?s={search_term_string}"},"query-input":{"@type":"PropertyValueSpecification","valueRequired":true,"valueName":"search_term_string"}}],"inLanguage":"en-US"}]}},"_links":{"self":[{"href":"https:\/\/rauchfrei.at\/en\/wp-json\/wp\/v2\/pages\/146","targetHints":{"allow":["GET"]}}],"collection":[{"href":"https:\/\/rauchfrei.at\/en\/wp-json\/wp\/v2\/pages"}],"about":[{"href":"https:\/\/rauchfrei.at\/en\/wp-json\/wp\/v2\/types\/page"}],"author":[{"embeddable":true,"href":"https:\/\/rauchfrei.at\/en\/wp-json\/wp\/v2\/users\/2"}],"replies":[{"embeddable":true,"href":"https:\/\/rauchfrei.at\/en\/wp-json\/wp\/v2\/comments?post=146"}],"version-history":[{"count":6,"href":"https:\/\/rauchfrei.at\/en\/wp-json\/wp\/v2\/pages\/146\/revisions"}],"predecessor-version":[{"id":29888,"href":"https:\/\/rauchfrei.at\/en\/wp-json\/wp\/v2\/pages\/146\/revisions\/29888"}],"up":[{"embeddable":true,"href":"https:\/\/rauchfrei.at\/en\/wp-json\/wp\/v2\/pages\/140"}],"wp:attachment":[{"href":"https:\/\/rauchfrei.at\/en\/wp-json\/wp\/v2\/media?parent=146"}],"curies":[{"name":"wp","href":"https:\/\/api.w.org\/{rel}","templated":true}]}}