
{"id":148,"date":"2012-02-28T12:00:42","date_gmt":"2012-02-28T12:00:42","guid":{"rendered":"http:\/\/web362.itscserver.org\/wordpress\/?page_id=148"},"modified":"2022-03-30T14:00:35","modified_gmt":"2022-03-30T12:00:35","slug":"ausnahmeregelung-gastronomie","status":"publish","type":"page","link":"https:\/\/rauchfrei.at\/en\/fakten\/gesetzliches\/ausnahmeregelung-gastronomie\/","title":{"rendered":"Ausnahmeregelung Gastronomie"},"content":{"rendered":"<p>[et_pb_section fb_built=&#8221;1&#8243; custom_padding_last_edited=&#8221;off|&#8221; module_class=&#8221;header&#8221; _builder_version=&#8221;3.22&#8243; background_color=&#8221;#67BAD3&#8243; custom_margin=&#8221;||0px|&#8221; custom_padding=&#8221;100px||10px|&#8221;][et_pb_row _builder_version=&#8221;3.25&#8243; custom_margin=&#8221;||0px|&#8221; custom_padding=&#8221;||0px|&#8221;][et_pb_column type=&#8221;4_4&#8243; _builder_version=&#8221;3.25&#8243; custom_padding=&#8221;||0px|&#8221; custom_padding__hover=&#8221;|||&#8221;][et_pb_text admin_label=&#8221;Blue Background Header&#8221; _builder_version=&#8221;3.27.4&#8243; custom_margin=&#8221;||0px|&#8221; custom_padding=&#8221;||0px|&#8221;]<\/p>\n<h2>Ausnahmeregelung Gastronomie<\/h2>\n<h2>Gesetzliche Regelungen in der Gastronomie<\/h2>\n<p>[\/et_pb_text][\/et_pb_column][\/et_pb_row][\/et_pb_section][et_pb_section fb_built=&#8221;1&#8243; _builder_version=&#8221;3.22&#8243;][et_pb_row column_structure=&#8221;2_3,1_3&#8243; _builder_version=&#8221;3.25&#8243; background_size=&#8221;initial&#8221; background_position=&#8221;top_left&#8221; background_repeat=&#8221;repeat&#8221;][et_pb_column type=&#8221;2_3&#8243; _builder_version=&#8221;3.25&#8243; custom_padding=&#8221;|||&#8221; custom_padding__hover=&#8221;|||&#8221;][et_pb_dp_dmb_module_10093 headline=&#8221;Ausnahmeregelung Gastronomie&#8221; _builder_version=&#8221;4.9.4&#8243; hover_enabled=&#8221;0&#8243; sticky_enabled=&#8221;0&#8243;]<\/p>\n<p><em><strong>Hinweis:<\/strong> Folgende Regelungen galten nur<strong> bis 1. Mai 2018<\/strong>. Dann tritt mit der neuen Tabakgesetz-Novelle ein generelles <b>Rauchverbot <\/b><b>ohne Ausnahmen <\/b>f\u00fcr alle Gastronomiebetriebe in Kraft. Als speziellen\u00a0Anreiz f\u00fcr einen vorzeitigen und freiwilligen Umstieg von Betrieben <b>vor dem\u00a0<\/b><b>1<\/b><b>. Juli <\/b><b>2016<\/b> wird eine <b>Nichtraucherschutz-Pr\u00e4mie<\/b> gew\u00e4hrt.<\/em><\/p>\n<p>Grunds\u00e4tzlich gilt\u00a0seit der Tabakgesetz-Novelle 2008\u00a0nach \u00a7 13a (1) ein Rauchverbot in den der Verabreichung von Speisen oder Getr\u00e4nken an G\u00e4ste dienenden R\u00e4umen von Gastronomiebetrieben, sowie in Betrieben der Gastronomie mit einer Berechtigung zur Beherbergung von G\u00e4sten und Betrieben gem\u00e4\u00df \u00a7 2 Abs. 9 oder \u00a7 111 Abs. 2 Z 3 oder 5 der GewO. Demnach sind von den Nichtraucherschutzvorschriften unter anderem Speiselokale, Diskotheken, Bars, Schutzh\u00fctten, Imbissbuden und Hotels betroffen.<\/p>\n<p>Die Bestimmungen der\u00a0aktuellen Tabakgesetz-Novelle traten mit 1.1.2009 in Kraft. F\u00fcr bauliche Adaptierungen von sogenannten \u201eEinraumlokalen\u201c wurde eine \u00dcbergangsfrist bis 1.7.2010 vorgesehen.<\/p>\n<h2>Ausnahmeregelungen:<\/h2>\n<ul>\n<li>\u201eExtrazimmer&#8221;: In Betrieben mit mehreren R\u00e4umen d\u00fcrfen unter weiteren Voraussetzungen R\u00e4ume mit Raucherlaubnis eingerichtet werden.<\/li>\n<li>Kleine Lokale: Bei Ein-Gastraum-Lokalen mit einer Grundfl\u00e4che von weniger als 50 m\u00b2 darf der Inhaber frei entscheiden, ob das Rauchen gestattet wird oder nicht (Kennzeichnungspflicht!).<\/li>\n<li>\u201eKorridorregelung\u201c: Bei Ein-Gastraum-Lokalen mit einer Grundfl\u00e4che zwischen 50 m\u00b2 und 80 m\u00b2 m\u00fcssen bauliche Ma\u00dfnahmen zur Schaffung eines getrennten Raucherraumes geschaffen bzw. beantragt werden. Ist eine Trennung aus baurechtlichen, feuerpolizeilichen oder denkmalschutzrechtlichen Bestimmungen nicht m\u00f6glich, darf das Rauchen erlaubt werden.<\/li>\n<\/ul>\n<p>Das Rauchen darf in diesen Ausnahmef\u00e4llen jedoch nur dann gestattet werden, wenn f\u00fcr den Betrieb ein Kollektivvertrag gilt, der gesundheitsbezogene Ma\u00dfnahmen vorsieht, sowie Schutzma\u00dfnahmen f\u00fcr werdende M\u00fctter und Jugendliche.<\/p>\n<p>Das Bundesministerium f\u00fcr Wirtschaft und Arbeit hat 2008 einen Erlass herausgegeben (BMWA-461.304\/0013-III\/3\/2008), welcher Anweisungen f\u00fcr den Umgang mit arbeitsrechtlichen und kollektivvertraglichen Bestimmungen beinhaltet. Das Dokument mit den Informationen im Detail k\u00f6nnen Sie \u00fcber diesen Link abrufen: Erlass Bundesministerium f\u00fcr Wirtschaft und Arbeit<\/p>\n<h2>Strafen (Sanktionen)<\/h2>\n<p>F\u00fcr den Vollzug der Strafbestimmungen sind die Bezirksverwaltungsbeh\u00f6rden zust\u00e4ndig, das hei\u00dft Bezirkshauptmannschaften oder Magistrate. Diese Beh\u00f6rden werden aufgrund von Meldungen, Beschwerden, Anzeigen etc. t\u00e4tig. Routinem\u00e4\u00dfige Kontrollen sind im Tabakgesetz nicht vorgesehen. Die Kontrolle der Einhaltung f\u00e4llt auch nicht in das Resort (Aufgabengebiet) von Polizeibeh\u00f6rden und Arbeitsinspektion.<\/p>\n<p>Das zust\u00e4ndige Magistrat bzw. die Bezirkshauptmannschaft in Ihrer N\u00e4he k\u00f6nnen Sie unter folgendem Link <a href=\"https:\/\/www.help.gv.at\/\" target=\"_blank\" rel=\"noopener noreferrer\">Help.gv.at<\/a> abfragen.<\/p>\n<p>Inhaber\/innen von Gastronomiebetrieben, die gegen das Tabakgesetz versto\u00dfen, begehen eine Verwaltungs\u00fcbertretung. Dies gilt ebenso f\u00fcr G\u00e4ste, die das Rauchverbot an gekennzeichneten Orten missachten und trotzdem rauchen. Als Sanktionen f\u00fcr Verwaltungs\u00fcbertretungen sind folgende Geldstrafen vorgesehen:<\/p>\n<p><strong>Inhaber\/in:<\/strong> Geldstrafe bis zu 2000,- Euro, im Wiederholungsfall bis zu 10.000,- Euro<br \/><strong>Gast:<\/strong> Geldstrafe bis zu 100,- Euro, im Wiederholungsfall bis zu 1.000,- Euro.<\/p>\n<h2>Kennzeichnungspflicht<\/h2>\n<p>Um kenntlich zu machen, ob in den Gastronomier\u00e4umen Rauchverbot herrscht oder nicht, muss der Inhaber\/die Inhaberin an jedem Eingang Kennzeichnungen anbringen. Details zur Kennzeichnung sind durch eine Verordnung des Gesundheitsministeriums geregelt.<\/p>\n<h3>Weitere Informationen zum Tabakgesetz und Regelungen in der Gastronomie<\/h3>\n<p><a href=\"https:\/\/rauchfrei.at\/wp-content\/uploads\/Infoblatt__NRS_idG_.pdf\" target=\"_blank\" rel=\"noopener noreferrer\">Infoblatt_Nichtraucherschutz in der Gastronomie<\/a><br \/><a title=\"Rauchen in Gastronomiebetrieben\" href=\"https:\/\/www.wko.at\/branchen\/w\/tourismus-freizeitwirtschaft\/gastronomie\/TNRSG-Gastronomie.html\" target=\"_blank\" rel=\"noopener noreferrer\">Wirtschaftskammer \u00d6sterreich -Die richtige Umsetzung des Tabakgesetzes<\/a><br \/><a title=\"Fragen und Antworten zum Tabakgesetz\" href=\"\/wp-content\/uploads\/Wirtschaftskammer-\u00d6sterreich-Fragen-und-Antworten-zum-Tabakgesetz.pdf\" target=\"_blank\" rel=\"noopener noreferrer\">Wirtschaftskammer \u00d6sterreich &#8211; Fragen und Antworten zum Tabakgesetz<\/a><a title=\"Infobrosch\u00fcre Wirtschaftskammer\" href=\"https:\/\/www.wko.at\/Content.Node\/branchen\/sbg\/Gastronomie\/Lobbying---Branchenthemen\/Merkblatt.pdf\" target=\"_blank\" rel=\"noopener noreferrer\"><\/a><\/p>\n<p>[\/et_pb_dp_dmb_module_10093][\/et_pb_column][et_pb_column type=&#8221;1_3&#8243; _builder_version=&#8221;3.25&#8243; custom_padding=&#8221;|||&#8221; custom_padding__hover=&#8221;|||&#8221;][et_pb_sidebar area=&#8221;sidebar-1&#8243; _builder_version=&#8221;3.0.99&#8243;][\/et_pb_sidebar][\/et_pb_column][\/et_pb_row][\/et_pb_section]<\/p>\n","protected":false},"excerpt":{"rendered":"<p>Ausnahmeregelung Gastronomie Gesetzliche Regelungen in der Gastronomie Hinweis: Folgende Regelungen galten nur bis 1. Mai 2018. Dann tritt mit der neuen Tabakgesetz-Novelle ein generelles Rauchverbot ohne Ausnahmen f\u00fcr alle Gastronomiebetriebe in Kraft. Als speziellen\u00a0Anreiz f\u00fcr einen vorzeitigen und freiwilligen Umstieg von Betrieben vor dem\u00a01. Juli 2016 wird eine Nichtraucherschutz-Pr\u00e4mie gew\u00e4hrt. Grunds\u00e4tzlich gilt\u00a0seit der Tabakgesetz-Novelle 2008\u00a0nach [&hellip;]<\/p>\n","protected":false},"author":2,"featured_media":0,"parent":140,"menu_order":0,"comment_status":"closed","ping_status":"open","template":"","meta":{"_et_pb_use_builder":"on","_et_pb_old_content":"<p><em><strong>Hinweis:<\/strong> Folgende Regelungen gelten nur noch<strong> bis 1. Mai 2018<\/strong>. Dann tritt mit der neuen Tabakgesetz-Novelle ein generelles <b>Rauchverbot <\/b><b>ohne Ausnahmen <\/b>f\u00fcr alle Gastronomiebetriebe in Kraft. Als speziellen\u00a0Anreiz f\u00fcr einen vorzeitigen und freiwilligen Umstieg von Betrieben <b>vor dem\u00a0<\/b><b>1<\/b><b>. Juli <\/b><b>2016<\/b> wird eine <b>Nichtraucherschutz-Pr\u00e4mie<\/b> gew\u00e4hrt.<\/em><\/p><p>Grunds\u00e4tzlich gilt\u00a0seit der Tabakgesetz-Novelle 2008\u00a0nach \u00a7 13a (1) ein Rauchverbot in den der Verabreichung von Speisen oder Getr\u00e4nken an G\u00e4ste dienenden R\u00e4umen von Gastronomiebetrieben, sowie in Betrieben der Gastronomie mit einer Berechtigung zur Beherbergung von G\u00e4sten und Betrieben gem\u00e4\u00df \u00a7 2 Abs. 9 oder \u00a7 111 Abs. 2 Z 3 oder 5 der GewO. Demnach sind von den Nichtraucherschutzvorschriften unter anderem Speiselokale, Diskotheken, Bars, Schutzh\u00fctten, Imbissbuden und Hotels betroffen.<\/p><p>Die Bestimmungen der\u00a0aktuellen Tabakgesetz-Novelle traten mit 1.1.2009 in Kraft. F\u00fcr bauliche Adaptierungen von sogenannten \u201eEinraumlokalen\u201c wurde eine \u00dcbergangsfrist bis 1.7.2010 vorgesehen.<\/p><h2>Ausnahmeregelungen:<\/h2><ul><li>\u201eExtrazimmer\": In Betrieben mit mehreren R\u00e4umen d\u00fcrfen unter weiteren Voraussetzungen R\u00e4ume mit Raucherlaubnis eingerichtet werden.<\/li><li>Kleine Lokale: Bei Ein-Gastraum-Lokalen mit einer Grundfl\u00e4che von weniger als 50 m\u00b2 darf der Inhaber frei entscheiden, ob das Rauchen gestattet wird oder nicht (Kennzeichnungspflicht!).<\/li><li>\u201eKorridorregelung\u201c: Bei Ein-Gastraum-Lokalen mit einer Grundfl\u00e4che zwischen 50 m\u00b2 und 80 m\u00b2 m\u00fcssen bauliche Ma\u00dfnahmen zur Schaffung eines getrennten Raucherraumes geschaffen bzw. beantragt werden. Ist eine Trennung aus baurechtlichen, feuerpolizeilichen oder denkmalschutzrechtlichen Bestimmungen nicht m\u00f6glich, darf das Rauchen erlaubt werden.<\/li><\/ul><p>Das Rauchen darf in diesen Ausnahmef\u00e4llen jedoch nur dann gestattet werden, wenn f\u00fcr den Betrieb ein Kollektivvertrag gilt, der gesundheitsbezogene Ma\u00dfnahmen vorsieht, sowie Schutzma\u00dfnahmen f\u00fcr werdende M\u00fctter und Jugendliche.<\/p><p>Das Bundesministerium f\u00fcr Wirtschaft und Arbeit hat 2008 einen Erlass herausgegeben (BMWA-461.304\/0013-III\/3\/2008), welcher Anweisungen f\u00fcr den Umgang mit arbeitsrechtlichen und kollektivvertraglichen Bestimmungen beinhaltet. Das Dokument mit den Informationen im Detail k\u00f6nnen Sie \u00fcber diesen Link abrufen: <a title=\"Erlass Bundesministerium f\u00fcr Wirtschaft und Arbeit\" href=\"http:\/\/bmg.gv.at\/cms\/home\/attachments\/9\/9\/8\/CH1041\/CMS1157723700705\/aktuell_erlass_des__bundesministeriums_fuer_wirtschaft_und_arbeit_an_die_arbeitsinspektorate,__wa-461-304-0013-iii-3-2008_vom_16_9_2008_.pdf\" target=\"_blank\" rel=\"noopener\">Erlass Bundesministerium f\u00fcr Wirtschaft und Arbeit<\/a><\/p><h2>Strafen (Sanktionen)<\/h2><p>F\u00fcr den Vollzug der Strafbestimmungen sind die Bezirksverwaltungsbeh\u00f6rden zust\u00e4ndig, das hei\u00dft Bezirkshauptmannschaften oder Magistrate. Diese Beh\u00f6rden werden aufgrund von Meldungen, Beschwerden, Anzeigen etc. t\u00e4tig. Routinem\u00e4\u00dfige Kontrollen sind im Tabakgesetz nicht vorgesehen. Die Kontrolle der Einhaltung f\u00e4llt auch nicht in das Resort (Aufgabengebiet) von Polizeibeh\u00f6rden und Arbeitsinspektion.<\/p><p>Das zust\u00e4ndige Magistrat bzw. die Bezirkshauptmannschaft in Ihrer N\u00e4he k\u00f6nnen Sie unter folgendem Link <a href=\"https:\/\/www.help.gv.at\/\" target=\"_blank\" rel=\"noopener\">Help.gv.at<\/a> abfragen.<\/p><p>Inhaber\/innen von Gastronomiebetrieben, die gegen das Tabakgesetz versto\u00dfen, begehen eine Verwaltungs\u00fcbertretung. Dies gilt ebenso f\u00fcr G\u00e4ste, die das Rauchverbot an gekennzeichneten Orten missachten und trotzdem rauchen. Als Sanktionen f\u00fcr Verwaltungs\u00fcbertretungen sind folgende Geldstrafen vorgesehen:<\/p><p><strong>Inhaber\/in:<\/strong> Geldstrafe bis zu 2000,- Euro, im Wiederholungsfall bis zu 10.000,- Euro<br \/><strong>Gast:<\/strong> Geldstrafe bis zu 100,- Euro, im Wiederholungsfall bis zu 1.000,- Euro.<\/p><h2>Kennzeichnungspflicht<\/h2><p>Um kenntlich zu machen, ob in den Gastronomier\u00e4umen Rauchverbot herrscht oder nicht, muss der Inhaber\/die Inhaberin an jedem Eingang Kennzeichnungen anbringen. Details zur Kennzeichnung sind durch eine Verordnung des Gesundheitsministeriums geregelt.<\/p><p>Mehr dazu:<br \/><a title=\"Nichtraucherschutz Kennzeichnungsverordnung - NKV\" href=\"http:\/\/bmg.gv.at\/cms\/home\/attachments\/3\/0\/7\/CH1041\/CMS1157719354616\/nichtraucherschutz-kennzeichnungsverordnung_-_nkv,_bgbl._ii_nr._424_2008.pdf\" target=\"_blank\" rel=\"noopener\">Nichtraucherschutz Kennzeichnungsverordnung - NKV<\/a><\/p><h3>Weitere Informationen zum Tabakgesetz und Regelungen in der Gastronomie<\/h3><p><a href=\"https:\/\/rauchfrei.at\/wp-content\/uploads\/Infoblatt__NRS_idG_.pdf\" target=\"_blank\" rel=\"noopener\">Infoblatt_Nichtraucherschutz in der Gastronomie<\/a><br \/><a title=\"Rauchen in Gastronomiebetrieben\" href=\"https:\/\/www.wko.at\/Content.Node\/branchen\/w\/Gastronomie\/Rauchen_in_Gastronomiebetrieben3.html\" target=\"_blank\" rel=\"noopener\">Wirtschaftskammer \u00d6sterreich -Die richtige Umsetzung des Tabakgesetzes<\/a><br \/><a title=\"Fragen und Antworten zum Tabakgesetz\" href=\"\/wp-content\/uploads\/Wirtschaftskammer-\u00d6sterreich-Fragen-und-Antworten-zum-Tabakgesetz.pdf\" target=\"_blank\" rel=\"noopener\">Wirtschaftskammer \u00d6sterreich - Fragen und Antworten zum Tabakgesetz<\/a><\/p><p><a title=\"Infobrosch\u00fcre Wirtschaftskammer\" href=\"https:\/\/www.wko.at\/Content.Node\/branchen\/sbg\/Gastronomie\/Lobbying---Branchenthemen\/Merkblatt.pdf\" target=\"_blank\" rel=\"noopener\">Infobrosch\u00fcre \"Rauchen in Gastronomiebetrieben\" (WKO)<\/a><\/p><p><a href=\"https:\/\/www.wko.at\/Content.Node\/branchen\/w\/Finalisierte_und_von_BL_III_B_genehmigte_Enfassung_Informati.pdf\" target=\"_blank\" rel=\"noopener\">Nichtraucherschutz \"Infoblatt\" (BMG)<\/a><\/p>","_et_gb_content_width":"","footnotes":""},"class_list":["post-148","page","type-page","status-publish","hentry"],"yoast_head":"<!-- This site is optimized with the Yoast SEO plugin v26.2 - https:\/\/yoast.com\/wordpress\/plugins\/seo\/ -->\n<title>Ausnahmeregelung Gastronomie - Rauchfrei Telefon<\/title>\n<meta name=\"robots\" content=\"index, follow, max-snippet:-1, max-image-preview:large, max-video-preview:-1\" \/>\n<link rel=\"canonical\" href=\"https:\/\/rauchfrei.at\/fakten\/gesetzliches\/ausnahmeregelung-gastronomie\/\" \/>\n<meta property=\"og:locale\" content=\"en_US\" \/>\n<meta property=\"og:type\" content=\"article\" \/>\n<meta property=\"og:title\" content=\"Ausnahmeregelung Gastronomie - Rauchfrei Telefon\" \/>\n<meta property=\"og:description\" content=\"Ausnahmeregelung Gastronomie Gesetzliche Regelungen in der Gastronomie Hinweis: Folgende Regelungen galten nur bis 1. Mai 2018. Dann tritt mit der neuen Tabakgesetz-Novelle ein generelles Rauchverbot ohne Ausnahmen f\u00fcr alle Gastronomiebetriebe in Kraft. Als speziellen\u00a0Anreiz f\u00fcr einen vorzeitigen und freiwilligen Umstieg von Betrieben vor dem\u00a01. Juli 2016 wird eine Nichtraucherschutz-Pr\u00e4mie gew\u00e4hrt. Grunds\u00e4tzlich gilt\u00a0seit der Tabakgesetz-Novelle 2008\u00a0nach [&hellip;]\" \/>\n<meta property=\"og:url\" content=\"https:\/\/rauchfrei.at\/fakten\/gesetzliches\/ausnahmeregelung-gastronomie\/\" \/>\n<meta property=\"og:site_name\" content=\"Rauchfrei Telefon\" \/>\n<meta property=\"article:modified_time\" content=\"2022-03-30T12:00:35+00:00\" \/>\n<meta name=\"twitter:card\" content=\"summary_large_image\" \/>\n<meta name=\"twitter:label1\" content=\"Est. reading time\" \/>\n\t<meta name=\"twitter:data1\" content=\"3 minutes\" \/>\n<script type=\"application\/ld+json\" class=\"yoast-schema-graph\">{\"@context\":\"https:\/\/schema.org\",\"@graph\":[{\"@type\":\"WebPage\",\"@id\":\"https:\/\/rauchfrei.at\/fakten\/gesetzliches\/ausnahmeregelung-gastronomie\/\",\"url\":\"https:\/\/rauchfrei.at\/fakten\/gesetzliches\/ausnahmeregelung-gastronomie\/\",\"name\":\"Ausnahmeregelung Gastronomie - Rauchfrei Telefon\",\"isPartOf\":{\"@id\":\"https:\/\/rauchfrei.at\/#website\"},\"datePublished\":\"2012-02-28T12:00:42+00:00\",\"dateModified\":\"2022-03-30T12:00:35+00:00\",\"breadcrumb\":{\"@id\":\"https:\/\/rauchfrei.at\/fakten\/gesetzliches\/ausnahmeregelung-gastronomie\/#breadcrumb\"},\"inLanguage\":\"en-US\",\"potentialAction\":[{\"@type\":\"ReadAction\",\"target\":[\"https:\/\/rauchfrei.at\/fakten\/gesetzliches\/ausnahmeregelung-gastronomie\/\"]}]},{\"@type\":\"BreadcrumbList\",\"@id\":\"https:\/\/rauchfrei.at\/fakten\/gesetzliches\/ausnahmeregelung-gastronomie\/#breadcrumb\",\"itemListElement\":[{\"@type\":\"ListItem\",\"position\":1,\"name\":\"Fakten\",\"item\":\"https:\/\/rauchfrei.at\/fakten\/\"},{\"@type\":\"ListItem\",\"position\":2,\"name\":\"Gesetzliche Regelungen\",\"item\":\"https:\/\/rauchfrei.at\/fakten\/gesetzliches\/\"},{\"@type\":\"ListItem\",\"position\":3,\"name\":\"Ausnahmeregelung Gastronomie\"}]},{\"@type\":\"WebSite\",\"@id\":\"https:\/\/rauchfrei.at\/#website\",\"url\":\"https:\/\/rauchfrei.at\/\",\"name\":\"Rauchfrei Telefon\",\"description\":\"Eine \u00f6sterreichweite Initiative der Sozialversicherungen.\",\"potentialAction\":[{\"@type\":\"SearchAction\",\"target\":{\"@type\":\"EntryPoint\",\"urlTemplate\":\"https:\/\/rauchfrei.at\/?s={search_term_string}\"},\"query-input\":{\"@type\":\"PropertyValueSpecification\",\"valueRequired\":true,\"valueName\":\"search_term_string\"}}],\"inLanguage\":\"en-US\"}]}<\/script>\n<!-- \/ Yoast SEO plugin. -->","yoast_head_json":{"title":"Ausnahmeregelung Gastronomie - Rauchfrei Telefon","robots":{"index":"index","follow":"follow","max-snippet":"max-snippet:-1","max-image-preview":"max-image-preview:large","max-video-preview":"max-video-preview:-1"},"canonical":"https:\/\/rauchfrei.at\/fakten\/gesetzliches\/ausnahmeregelung-gastronomie\/","og_locale":"en_US","og_type":"article","og_title":"Ausnahmeregelung Gastronomie - Rauchfrei Telefon","og_description":"Ausnahmeregelung Gastronomie Gesetzliche Regelungen in der Gastronomie Hinweis: Folgende Regelungen galten nur bis 1. Mai 2018. Dann tritt mit der neuen Tabakgesetz-Novelle ein generelles Rauchverbot ohne Ausnahmen f\u00fcr alle Gastronomiebetriebe in Kraft. Als speziellen\u00a0Anreiz f\u00fcr einen vorzeitigen und freiwilligen Umstieg von Betrieben vor dem\u00a01. Juli 2016 wird eine Nichtraucherschutz-Pr\u00e4mie gew\u00e4hrt. Grunds\u00e4tzlich gilt\u00a0seit der Tabakgesetz-Novelle 2008\u00a0nach [&hellip;]","og_url":"https:\/\/rauchfrei.at\/fakten\/gesetzliches\/ausnahmeregelung-gastronomie\/","og_site_name":"Rauchfrei Telefon","article_modified_time":"2022-03-30T12:00:35+00:00","twitter_card":"summary_large_image","twitter_misc":{"Est. reading time":"3 minutes"},"schema":{"@context":"https:\/\/schema.org","@graph":[{"@type":"WebPage","@id":"https:\/\/rauchfrei.at\/fakten\/gesetzliches\/ausnahmeregelung-gastronomie\/","url":"https:\/\/rauchfrei.at\/fakten\/gesetzliches\/ausnahmeregelung-gastronomie\/","name":"Ausnahmeregelung Gastronomie - Rauchfrei Telefon","isPartOf":{"@id":"https:\/\/rauchfrei.at\/#website"},"datePublished":"2012-02-28T12:00:42+00:00","dateModified":"2022-03-30T12:00:35+00:00","breadcrumb":{"@id":"https:\/\/rauchfrei.at\/fakten\/gesetzliches\/ausnahmeregelung-gastronomie\/#breadcrumb"},"inLanguage":"en-US","potentialAction":[{"@type":"ReadAction","target":["https:\/\/rauchfrei.at\/fakten\/gesetzliches\/ausnahmeregelung-gastronomie\/"]}]},{"@type":"BreadcrumbList","@id":"https:\/\/rauchfrei.at\/fakten\/gesetzliches\/ausnahmeregelung-gastronomie\/#breadcrumb","itemListElement":[{"@type":"ListItem","position":1,"name":"Fakten","item":"https:\/\/rauchfrei.at\/fakten\/"},{"@type":"ListItem","position":2,"name":"Gesetzliche Regelungen","item":"https:\/\/rauchfrei.at\/fakten\/gesetzliches\/"},{"@type":"ListItem","position":3,"name":"Ausnahmeregelung Gastronomie"}]},{"@type":"WebSite","@id":"https:\/\/rauchfrei.at\/#website","url":"https:\/\/rauchfrei.at\/","name":"Rauchfrei Telefon","description":"Eine \u00f6sterreichweite Initiative der Sozialversicherungen.","potentialAction":[{"@type":"SearchAction","target":{"@type":"EntryPoint","urlTemplate":"https:\/\/rauchfrei.at\/?s={search_term_string}"},"query-input":{"@type":"PropertyValueSpecification","valueRequired":true,"valueName":"search_term_string"}}],"inLanguage":"en-US"}]}},"_links":{"self":[{"href":"https:\/\/rauchfrei.at\/en\/wp-json\/wp\/v2\/pages\/148","targetHints":{"allow":["GET"]}}],"collection":[{"href":"https:\/\/rauchfrei.at\/en\/wp-json\/wp\/v2\/pages"}],"about":[{"href":"https:\/\/rauchfrei.at\/en\/wp-json\/wp\/v2\/types\/page"}],"author":[{"embeddable":true,"href":"https:\/\/rauchfrei.at\/en\/wp-json\/wp\/v2\/users\/2"}],"replies":[{"embeddable":true,"href":"https:\/\/rauchfrei.at\/en\/wp-json\/wp\/v2\/comments?post=148"}],"version-history":[{"count":11,"href":"https:\/\/rauchfrei.at\/en\/wp-json\/wp\/v2\/pages\/148\/revisions"}],"predecessor-version":[{"id":23370,"href":"https:\/\/rauchfrei.at\/en\/wp-json\/wp\/v2\/pages\/148\/revisions\/23370"}],"up":[{"embeddable":true,"href":"https:\/\/rauchfrei.at\/en\/wp-json\/wp\/v2\/pages\/140"}],"wp:attachment":[{"href":"https:\/\/rauchfrei.at\/en\/wp-json\/wp\/v2\/media?parent=148"}],"curies":[{"name":"wp","href":"https:\/\/api.w.org\/{rel}","templated":true}]}}