
{"id":16,"date":"2012-02-25T12:28:59","date_gmt":"2012-02-25T12:28:59","guid":{"rendered":"http:\/\/web362.itscserver.org\/wordpress\/?page_id=16"},"modified":"2016-12-28T11:13:52","modified_gmt":"2016-12-28T09:13:52","slug":"das-rauchfrei-telefon","status":"publish","type":"page","link":"https:\/\/rauchfrei.at\/en\/beratung\/das-rauchfrei-telefon\/","title":{"rendered":"Das Rauchfrei Telefon"},"content":{"rendered":"<p>Das Rauchfrei Telefon ist eine \u00f6sterreichweite gemeinsame Initiative der Sozialversicherungstr\u00e4ger, der Bundesl\u00e4nder und des Bundesministeriums f\u00fcr Gesundheit und Frauen, betrieben von der Nieder\u00f6sterreichischen Gebietskrankenkasse.<\/p>\n<p>Die Gesundheitspsychologinnen des Rauchfrei Telefons sind unter der kostenfreien Telefonnummer <strong>0800 810 013<\/strong> von<strong> Montag bis Freitag von 10:00 \u2013 18:00<\/strong> f\u00fcr Informations- und Beratungsgespr\u00e4che erreichbar.<\/p>\n<p>Gerne unterst\u00fctzen wir Sie, wenn&#8230;<\/p>\n<ul>\n<li>Sie <strong>Beratung<\/strong> und Begleitung <strong>bei der Reduktion oder beim Rauchstopp<\/strong> w\u00fcnschen<\/li>\n<li>Sie<strong> Fragen rund um das Thema Rauchen<\/strong>, Rauchfrei werden, Tabak und Nikotin haben<\/li>\n<li>Sie sich wegen Ihres Zigarettenkonsums Sorgen um Ihre Gesundheit machen<\/li>\n<li>Sie sich \u00fcber die verschiedenen <strong>M\u00f6glichkeiten der Tabakentw\u00f6hnung<\/strong> informieren m\u00f6chten.<\/li>\n<\/ul>\n<p>F\u00fcr weiterf\u00fchrende Gespr\u00e4che vereinbaren wir Termine mit Ihnen und rufen Sie zu der von Ihnen gew\u00fcnschten Zeit an. Auch hier entstehen f\u00fcr Sie keinerlei Kosten.<\/p>\n<p>In einem Erstgespr\u00e4ch geben wir gerne genauere Informationen zu unserem Angebot.<\/p>\n<p><strong>Profitieren Sie von der Beratung der Entw\u00f6hnungsexpertinnen des Rauchfrei Telefons! Wir freuen uns auf Ihren Anruf!<\/strong><\/p>\n<p><a title=\"Beraterinnen und Team\" href=\"https:\/\/rauchfrei.at\/ueber-uns\/team\/\" target=\"_blank\"><strong>DAS TEAM DES RAUCHFREI TELEFONS<\/strong><\/a><\/p>\n<p>Rund um die Uhr verf\u00fcgbar ist unsere kostenfreie <a title=\"Rauchfrei App\" href=\"http:\/\/www.rauchfreiapp.at\" target=\"_blank\"><strong>Rauchfrei App<\/strong><\/a>\u00a0(f\u00fcr Android und iOS).\u00a0Die App\u00a0begleitet und motiviert Sie in allen Phasen der Verhaltens\u00e4nderung mit Kurzinformationen und pers\u00f6nlichen Benachrichtigungen.<\/p>\n<p><strong>DAS RAUCHFREI TELEFON<\/strong><br \/>\n<strong>0800 810 013<\/strong><br \/>\nMontag &#8211; Freitag: 10 &#8211; 18 Uhr<br \/>\nwww.rauchfrei.at<br \/>\ninfo@rauchfrei.ipax.hosting<br \/>\nwww.rauchfreiapp.at<br \/>\nwww.facebook.com\/RauchfreiTelefon<\/p>\n<p>Eine Initiative der Sozialversicherungstr\u00e4ger,<br \/>\nder L\u00e4nder und des Bundesministerium f\u00fcr Gesundheit und Frauen,<br \/>\nbetrieben von der N\u00d6GKK<\/p>\n<p>&nbsp;<\/p>\n","protected":false},"excerpt":{"rendered":"<p>Das Rauchfrei Telefon ist ein kostenfreies, \u00f6sterreichweites Beratungs- und Informationsangebot rund um die Themen Tabak und Rauchstopp. Unter 0800 810 013 informieren und beraten wir Sie, wenn Sie Ihr Rauchverhalten ver\u00e4ndern m\u00f6chten. Wir freuen uns auf Ihren Anruf!<\/p>\n","protected":false},"author":1,"featured_media":0,"parent":8,"menu_order":0,"comment_status":"closed","ping_status":"open","template":"","meta":{"_et_pb_use_builder":"","_et_pb_old_content":"","_et_gb_content_width":"","footnotes":""},"class_list":["post-16","page","type-page","status-publish","hentry"],"yoast_head":"<!-- This site is optimized with the Yoast SEO plugin v26.2 - https:\/\/yoast.com\/wordpress\/plugins\/seo\/ -->\n<title>Das Rauchfrei Telefon - Rauchfrei Telefon<\/title>\n<meta name=\"robots\" content=\"index, follow, max-snippet:-1, max-image-preview:large, max-video-preview:-1\" \/>\n<link rel=\"canonical\" href=\"https:\/\/rauchfrei.at\/beratung\/das-rauchfrei-telefon\/\" \/>\n<meta property=\"og:locale\" content=\"en_US\" \/>\n<meta property=\"og:type\" content=\"article\" \/>\n<meta property=\"og:title\" content=\"Das Rauchfrei Telefon - Rauchfrei Telefon\" \/>\n<meta property=\"og:description\" content=\"Das Rauchfrei Telefon ist ein kostenfreies, \u00f6sterreichweites Beratungs- und Informationsangebot rund um die Themen Tabak und Rauchstopp. Unter 0800 810 013 informieren und beraten wir Sie, wenn Sie Ihr Rauchverhalten ver\u00e4ndern m\u00f6chten. Wir freuen uns auf Ihren Anruf!\" \/>\n<meta property=\"og:url\" content=\"https:\/\/rauchfrei.at\/beratung\/das-rauchfrei-telefon\/\" \/>\n<meta property=\"og:site_name\" content=\"Rauchfrei Telefon\" \/>\n<meta property=\"article:modified_time\" content=\"2016-12-28T09:13:52+00:00\" \/>\n<meta name=\"twitter:card\" content=\"summary_large_image\" \/>\n<meta name=\"twitter:label1\" content=\"Est. reading time\" \/>\n\t<meta name=\"twitter:data1\" content=\"1 minute\" \/>\n<script type=\"application\/ld+json\" class=\"yoast-schema-graph\">{\"@context\":\"https:\/\/schema.org\",\"@graph\":[{\"@type\":\"WebPage\",\"@id\":\"https:\/\/rauchfrei.at\/beratung\/das-rauchfrei-telefon\/\",\"url\":\"https:\/\/rauchfrei.at\/beratung\/das-rauchfrei-telefon\/\",\"name\":\"Das Rauchfrei Telefon - Rauchfrei Telefon\",\"isPartOf\":{\"@id\":\"https:\/\/rauchfrei.at\/#website\"},\"datePublished\":\"2012-02-25T12:28:59+00:00\",\"dateModified\":\"2016-12-28T09:13:52+00:00\",\"breadcrumb\":{\"@id\":\"https:\/\/rauchfrei.at\/beratung\/das-rauchfrei-telefon\/#breadcrumb\"},\"inLanguage\":\"en-US\",\"potentialAction\":[{\"@type\":\"ReadAction\",\"target\":[\"https:\/\/rauchfrei.at\/beratung\/das-rauchfrei-telefon\/\"]}]},{\"@type\":\"BreadcrumbList\",\"@id\":\"https:\/\/rauchfrei.at\/beratung\/das-rauchfrei-telefon\/#breadcrumb\",\"itemListElement\":[{\"@type\":\"ListItem\",\"position\":1,\"name\":\"Beratung\",\"item\":\"https:\/\/rauchfrei.at\/beratung\/\"},{\"@type\":\"ListItem\",\"position\":2,\"name\":\"Das Rauchfrei Telefon\"}]},{\"@type\":\"WebSite\",\"@id\":\"https:\/\/rauchfrei.at\/#website\",\"url\":\"https:\/\/rauchfrei.at\/\",\"name\":\"Rauchfrei Telefon\",\"description\":\"Eine \u00f6sterreichweite Initiative der Sozialversicherungen.\",\"potentialAction\":[{\"@type\":\"SearchAction\",\"target\":{\"@type\":\"EntryPoint\",\"urlTemplate\":\"https:\/\/rauchfrei.at\/?s={search_term_string}\"},\"query-input\":{\"@type\":\"PropertyValueSpecification\",\"valueRequired\":true,\"valueName\":\"search_term_string\"}}],\"inLanguage\":\"en-US\"}]}<\/script>\n<!-- \/ Yoast SEO plugin. -->","yoast_head_json":{"title":"Das Rauchfrei Telefon - Rauchfrei Telefon","robots":{"index":"index","follow":"follow","max-snippet":"max-snippet:-1","max-image-preview":"max-image-preview:large","max-video-preview":"max-video-preview:-1"},"canonical":"https:\/\/rauchfrei.at\/beratung\/das-rauchfrei-telefon\/","og_locale":"en_US","og_type":"article","og_title":"Das Rauchfrei Telefon - Rauchfrei Telefon","og_description":"Das Rauchfrei Telefon ist ein kostenfreies, \u00f6sterreichweites Beratungs- und Informationsangebot rund um die Themen Tabak und Rauchstopp. Unter 0800 810 013 informieren und beraten wir Sie, wenn Sie Ihr Rauchverhalten ver\u00e4ndern m\u00f6chten. Wir freuen uns auf Ihren Anruf!","og_url":"https:\/\/rauchfrei.at\/beratung\/das-rauchfrei-telefon\/","og_site_name":"Rauchfrei Telefon","article_modified_time":"2016-12-28T09:13:52+00:00","twitter_card":"summary_large_image","twitter_misc":{"Est. reading time":"1 minute"},"schema":{"@context":"https:\/\/schema.org","@graph":[{"@type":"WebPage","@id":"https:\/\/rauchfrei.at\/beratung\/das-rauchfrei-telefon\/","url":"https:\/\/rauchfrei.at\/beratung\/das-rauchfrei-telefon\/","name":"Das Rauchfrei Telefon - Rauchfrei Telefon","isPartOf":{"@id":"https:\/\/rauchfrei.at\/#website"},"datePublished":"2012-02-25T12:28:59+00:00","dateModified":"2016-12-28T09:13:52+00:00","breadcrumb":{"@id":"https:\/\/rauchfrei.at\/beratung\/das-rauchfrei-telefon\/#breadcrumb"},"inLanguage":"en-US","potentialAction":[{"@type":"ReadAction","target":["https:\/\/rauchfrei.at\/beratung\/das-rauchfrei-telefon\/"]}]},{"@type":"BreadcrumbList","@id":"https:\/\/rauchfrei.at\/beratung\/das-rauchfrei-telefon\/#breadcrumb","itemListElement":[{"@type":"ListItem","position":1,"name":"Beratung","item":"https:\/\/rauchfrei.at\/beratung\/"},{"@type":"ListItem","position":2,"name":"Das Rauchfrei Telefon"}]},{"@type":"WebSite","@id":"https:\/\/rauchfrei.at\/#website","url":"https:\/\/rauchfrei.at\/","name":"Rauchfrei Telefon","description":"Eine \u00f6sterreichweite Initiative der Sozialversicherungen.","potentialAction":[{"@type":"SearchAction","target":{"@type":"EntryPoint","urlTemplate":"https:\/\/rauchfrei.at\/?s={search_term_string}"},"query-input":{"@type":"PropertyValueSpecification","valueRequired":true,"valueName":"search_term_string"}}],"inLanguage":"en-US"}]}},"_links":{"self":[{"href":"https:\/\/rauchfrei.at\/en\/wp-json\/wp\/v2\/pages\/16","targetHints":{"allow":["GET"]}}],"collection":[{"href":"https:\/\/rauchfrei.at\/en\/wp-json\/wp\/v2\/pages"}],"about":[{"href":"https:\/\/rauchfrei.at\/en\/wp-json\/wp\/v2\/types\/page"}],"author":[{"embeddable":true,"href":"https:\/\/rauchfrei.at\/en\/wp-json\/wp\/v2\/users\/1"}],"replies":[{"embeddable":true,"href":"https:\/\/rauchfrei.at\/en\/wp-json\/wp\/v2\/comments?post=16"}],"version-history":[{"count":5,"href":"https:\/\/rauchfrei.at\/en\/wp-json\/wp\/v2\/pages\/16\/revisions"}],"predecessor-version":[{"id":8821,"href":"https:\/\/rauchfrei.at\/en\/wp-json\/wp\/v2\/pages\/16\/revisions\/8821"}],"up":[{"embeddable":true,"href":"https:\/\/rauchfrei.at\/en\/wp-json\/wp\/v2\/pages\/8"}],"wp:attachment":[{"href":"https:\/\/rauchfrei.at\/en\/wp-json\/wp\/v2\/media?parent=16"}],"curies":[{"name":"wp","href":"https:\/\/api.w.org\/{rel}","templated":true}]}}