
{"id":179,"date":"2012-02-29T04:53:04","date_gmt":"2012-02-29T04:53:04","guid":{"rendered":"http:\/\/web362.itscserver.org\/wordpress\/?page_id=179"},"modified":"2025-05-23T16:49:36","modified_gmt":"2025-05-23T14:49:36","slug":"videos","status":"publish","type":"page","link":"https:\/\/rauchfrei.at\/en\/videos\/","title":{"rendered":"Videos"},"content":{"rendered":"<p>[et_pb_section fb_built=&#8221;1&#8243; custom_padding_last_edited=&#8221;off|&#8221; module_class=&#8221;header&#8221; _builder_version=&#8221;4.16&#8243; background_color=&#8221;#67BAD3&#8243; custom_margin=&#8221;||0px|&#8221; custom_padding=&#8221;100px||10px|&#8221; global_colors_info=&#8221;{}&#8221;][et_pb_row _builder_version=&#8221;4.16&#8243; custom_margin=&#8221;||0px|&#8221; custom_padding=&#8221;||0px|&#8221; global_colors_info=&#8221;{}&#8221;][et_pb_column type=&#8221;4_4&#8243; _builder_version=&#8221;4.16&#8243; custom_padding=&#8221;||0px|&#8221; global_colors_info=&#8221;{}&#8221; custom_padding__hover=&#8221;|||&#8221;][et_pb_text admin_label=&#8221;Blue Background Header&#8221; _builder_version=&#8221;4.16&#8243; custom_margin=&#8221;||0px|&#8221; custom_padding=&#8221;||0px|&#8221; global_colors_info=&#8221;{}&#8221;]<\/p>\n<h1>Videos<\/h1>\n<h2>Hier finden Sie Videoempfehlungen<\/h2>\n<p>[\/et_pb_text][\/et_pb_column][\/et_pb_row][\/et_pb_section][et_pb_section fb_built=&#8221;1&#8243; _builder_version=&#8221;4.16&#8243; global_colors_info=&#8221;{}&#8221;][et_pb_row column_structure=&#8221;2_3,1_3&#8243; _builder_version=&#8221;4.16&#8243; background_size=&#8221;initial&#8221; background_position=&#8221;top_left&#8221; background_repeat=&#8221;repeat&#8221; global_colors_info=&#8221;{}&#8221;][et_pb_column type=&#8221;2_3&#8243; _builder_version=&#8221;4.16&#8243; custom_padding=&#8221;|||&#8221; global_colors_info=&#8221;{}&#8221; custom_padding__hover=&#8221;|||&#8221;][et_pb_text _builder_version=&#8221;4.27.4&#8243; _module_preset=&#8221;default&#8221; global_colors_info=&#8221;{}&#8221;]<\/p>\n<p>Hier finden sie Videos in welchen Expertinnen und Experten zu verschiedenen Aspekten von Nikotin, Tabak und den Unterst\u00fctzungsm\u00f6glichkeiten informieren:<\/p>\n<p>[\/et_pb_text][et_pb_button button_url=&#8221;https:\/\/www.gesundheitskasse.at\/cdscontent\/?contentid=10007.885218&#038;portal=oegkportal&#8221; url_new_window=&#8221;on&#8221; button_text=&#8221;Zu den Informationsvideos&#8221; _builder_version=&#8221;4.23.1&#8243; _module_preset=&#8221;default&#8221; global_colors_info=&#8221;{}&#8221;][\/et_pb_button][et_pb_video src=&#8221;https:\/\/www.youtube.com\/watch?v=MD15Cl0_KU8&#8243; disabled_on=&#8221;on|on|on&#8221; admin_label=&#8221;Der RST lohnt sich. Das Rauchfrei Telefon&#8221; _builder_version=&#8221;4.23.1&#8243; disabled=&#8221;on&#8221; global_colors_info=&#8221;{}&#8221;][\/et_pb_video][et_pb_text disabled_on=&#8221;on|on|on&#8221; _builder_version=&#8221;4.23.1&#8243; disabled=&#8221;on&#8221; global_colors_info=&#8221;{}&#8221;]<\/p>\n<p><strong>Der Rauchstopp lohnt sich &#8211; Das Rauchfrei Telefon<\/strong><strong><br \/><\/strong><br \/>In diesem kurzen Video des Dachverband der \u00f6sterreichischen Sozialversicherung wird die\u00a0 Telefonberatung zur Tabakentw\u00f6hnung durch das \u00f6sterreichische Rauchfrei Telefon vorgestellt.<\/p>\n<p>[\/et_pb_text][et_pb_video src=&#8221;https:\/\/www.youtube.com\/watch?v=hWbmv6w6y4M&#8221; disabled_on=&#8221;on|on|on&#8221; admin_label=&#8221;Der RST lohnt sich. Das chronische Suchtverhalten&#8221; _builder_version=&#8221;4.16&#8243; disabled=&#8221;on&#8221; global_colors_info=&#8221;{}&#8221;][\/et_pb_video][et_pb_text disabled_on=&#8221;on|on|on&#8221; _builder_version=&#8221;4.16&#8243; disabled=&#8221;on&#8221; global_colors_info=&#8221;{}&#8221;]<\/p>\n<p><strong>Der Rauchstopp lohnt sich &#8211; Das chronische Suchtverhalten<\/strong><strong><br \/><\/strong><br \/>In diesem kurzen Video des Dachverband der \u00f6sterreichischen Sozialversicherung wird das chronische Suchtverhalten erkl\u00e4rt und wie uns das Nikotin physisch und psychisch abh\u00e4ngig macht.<strong><\/strong><\/p>\n<p>[\/et_pb_text][et_pb_video src=&#8221;https:\/\/www.youtube.com\/watch?v=VEgRRCRsj-k&#8221; disabled_on=&#8221;on|on|on&#8221; admin_label=&#8221;Der RST lohnt sich. Folgeerkrankungen durch Tabak und Nikotin&#8221; _builder_version=&#8221;4.16&#8243; disabled=&#8221;on&#8221; global_colors_info=&#8221;{}&#8221;][\/et_pb_video][et_pb_video src=&#8221;https:\/\/www.youtube.com\/watch?v=bl-D89CGl2k&#8221; disabled_on=&#8221;on|on|on&#8221; admin_label=&#8221;Der RST lohnt sich. Das Rauchfrei Ticket&#8221; _builder_version=&#8221;4.16&#8243; disabled=&#8221;on&#8221; global_colors_info=&#8221;{}&#8221;][\/et_pb_video][et_pb_text disabled_on=&#8221;on|on|on&#8221; _builder_version=&#8221;4.16&#8243; disabled=&#8221;on&#8221; global_colors_info=&#8221;{}&#8221;]<\/p>\n<p><strong>Der Rauchstopp lohnt sich -Das Rauchfrei Ticket<br \/><\/strong><\/p>\n<p>Das Rauchfrei Ticket ist eine einfache und kostenfreie M\u00f6glichkeit, Patientinnen und Patienten f\u00fcr ein Beratungsgespr\u00e4ch beim Rauchfrei Telefon anzumelden. Das dreimin\u00fctige Video informiert interessierte Gesundheitsprofis \u00fcber die Kooperationsm\u00f6glichkeit mit dem Rauchfrei Ticket \u2013 zum Rauchstopp und zur R\u00fcckfallprophylaxe.<\/p>\n<p>[\/et_pb_text][et_pb_video src=&#8221;https:\/\/www.youtube.com\/watch?v=lnCw0tQNFxg&#8221; disabled_on=&#8221;on|on|on&#8221; admin_label=&#8221;Der RST lohnt sich. KIT&#8221; _builder_version=&#8221;4.16&#8243; disabled=&#8221;on&#8221; global_colors_info=&#8221;{}&#8221;][\/et_pb_video][et_pb_text disabled_on=&#8221;on|on|on&#8221; _builder_version=&#8221;4.18.0&#8243; disabled=&#8221;on&#8221; global_colors_info=&#8221;{}&#8221;]<\/p>\n<p><strong>Der Rauchstopp lohnt sich &#8211; Kurzintervention zur Tabakentw\u00f6hnung<br \/><\/strong><\/p>\n<p>Die Kurzintervention zur Tabakentw\u00f6hnung durch Gesundheitsprofessionisten erh\u00f6ht die Motivation zum Rauchstopp und f\u00f6rdert die Abstinenzraten. Das dreimin\u00fctige Video informiert interessierte Gesundheitsprofis zu den drei Schritten der Kurzintervention.<\/p>\n<p>[\/et_pb_text][et_pb_text _builder_version=&#8221;4.27.4&#8243; hover_enabled=&#8221;0&#8243; global_colors_info=&#8221;{}&#8221; sticky_enabled=&#8221;0&#8243;]<\/p>\n<div id=\"content\" class=\"style-scope ytd-app\">\n<div id=\"columns\" class=\"style-scope ytd-watch-flexy\">\n<div id=\"primary\" class=\"style-scope ytd-watch-flexy\">\n<div id=\"primary-inner\" class=\"style-scope ytd-watch-flexy\">\n<div id=\"meta\" class=\"style-scope ytd-watch-flexy\">\n<div id=\"meta-contents\" class=\"style-scope ytd-watch-flexy\">\n<div id=\"container\" class=\"style-scope ytd-video-secondary-info-renderer\">\n<div id=\"content\" class=\"style-scope ytd-expander\">\n<div id=\"description\" class=\"style-scope ytd-video-secondary-info-renderer\"><strong>\u200b&#8221;Gift im Zigarettenfilter&#8221; Film von Julian Prahl<\/strong><\/div>\n<div class=\"style-scope ytd-video-secondary-info-renderer\">\n<h2 class=\"c-title__subtitle ng-binding\">Wie Glimmst\u00e4ngel der Umwelt schaden<\/h2>\n<\/div>\n<\/div>\n<\/div>\n<\/div>\n<\/div>\n<\/div>\n<\/div>\n<\/div>\n<\/div>\n<p>[\/et_pb_text][et_pb_video src=&#8221;https:\/\/www.youtube.com\/watch?v=QjL4mcPlboM&#038;t=776s&#8221; _builder_version=&#8221;4.16&#8243; global_colors_info=&#8221;{}&#8221;][\/et_pb_video][et_pb_text _builder_version=&#8221;4.27.4&#8243; hover_enabled=&#8221;0&#8243; global_colors_info=&#8221;{}&#8221; sticky_enabled=&#8221;0&#8243; admin_label=&#8221;Lohnt sich der RST Text&#8221;]<\/p>\n<div id=\"content\" class=\"style-scope ytd-app\">\n<div id=\"columns\" class=\"style-scope ytd-watch-flexy\">\n<div id=\"primary\" class=\"style-scope ytd-watch-flexy\">\n<div id=\"primary-inner\" class=\"style-scope ytd-watch-flexy\">\n<div id=\"meta\" class=\"style-scope ytd-watch-flexy\">\n<div id=\"meta-contents\" class=\"style-scope ytd-watch-flexy\">\n<div id=\"container\" class=\"style-scope ytd-video-secondary-info-renderer\">\n<div id=\"content\" class=\"style-scope ytd-expander\">\n<div id=\"description\" class=\"style-scope ytd-video-secondary-info-renderer\"><strong>Video<br \/><\/strong><\/div>\n<div class=\"style-scope ytd-video-secondary-info-renderer\">\n<h2 class=\"c-title__subtitle ng-binding\">Motivation zum Rauchstopp &#8211; Lohnt sich der Rauchstopp?<\/h2>\n<\/div>\n<\/div>\n<\/div>\n<\/div>\n<\/div>\n<\/div>\n<\/div>\n<\/div>\n<\/div>\n<p>[\/et_pb_text][et_pb_video _builder_version=&#8221;4.27.4&#8243; _module_preset=&#8221;default&#8221; hover_enabled=&#8221;0&#8243; global_colors_info=&#8221;{}&#8221; sticky_enabled=&#8221;0&#8243; admin_label=&#8221;Lohnt sich der RST Video&#8221; title_text=&#8221;RauchfreiTelefon_Erkl\u00e4rvideo+Untertitel-2&#8243; src=&#8221;https:\/\/rauchfrei.at\/wp-content\/uploads\/RauchfreiTelefon_ErklaervideoUntertitel-2.mp4&#8243;][\/et_pb_video][et_pb_text _builder_version=&#8221;4.27.4&#8243; hover_enabled=&#8221;0&#8243; global_colors_info=&#8221;{}&#8221; sticky_enabled=&#8221;0&#8243; admin_label=&#8221;Text Nov rf&#8221;]<\/p>\n<div id=\"content\" class=\"style-scope ytd-app\">\n<div id=\"columns\" class=\"style-scope ytd-watch-flexy\">\n<div id=\"primary\" class=\"style-scope ytd-watch-flexy\">\n<div id=\"primary-inner\" class=\"style-scope ytd-watch-flexy\">\n<div id=\"meta\" class=\"style-scope ytd-watch-flexy\">\n<div id=\"meta-contents\" class=\"style-scope ytd-watch-flexy\">\n<div id=\"container\" class=\"style-scope ytd-video-secondary-info-renderer\">\n<div id=\"content\" class=\"style-scope ytd-expander\">\n<div id=\"description\" class=\"style-scope ytd-video-secondary-info-renderer\"><strong>Video<br \/><\/strong><\/div>\n<div class=\"style-scope ytd-video-secondary-info-renderer\">\n<h2 class=\"c-title__subtitle ng-binding\">November rauchfrei<\/h2>\n<\/div>\n<\/div>\n<\/div>\n<\/div>\n<\/div>\n<\/div>\n<\/div>\n<\/div>\n<\/div>\n<p>[\/et_pb_text][et_pb_video src=&#8221;https:\/\/rauchfrei.at\/wp-content\/uploads\/November-Rauchfrei-Erklaervideo-OHNEAPPUntertitel-1.mp4&#8243; admin_label=&#8221;November Rauchfrei&#8221; _builder_version=&#8221;4.27.4&#8243; _module_preset=&#8221;default&#8221; global_colors_info=&#8221;{}&#8221;][\/et_pb_video][\/et_pb_column][et_pb_column type=&#8221;1_3&#8243; _builder_version=&#8221;4.16&#8243; custom_padding=&#8221;|||&#8221; global_colors_info=&#8221;{}&#8221; custom_padding__hover=&#8221;|||&#8221;][et_pb_dp_dmb_module_10080 link_text=&#8221;hier downloaden&#8221; link_url=&#8221;https:\/\/rauchfrei.at\/broschueren-downloads\/download-broschueren\/&#8221; admin_label=&#8221;Materialdownloads&#8221; _builder_version=&#8221;3.19.15&#8243; global_module=&#8221;13235&#8243; saved_tabs=&#8221;all&#8221; global_colors_info=&#8221;{}&#8221;]<\/p>\n<p><span lang=\"DE-AT\"><strong>Brosch\u00fcren, Folder<\/strong> und <strong>Poster<\/strong><\/span><\/p>\n<p>[\/et_pb_dp_dmb_module_10080][et_pb_text admin_label=&#8221;Angebote in \u00d6sterreich&#8221; _builder_version=&#8221;4.23.1&#8243; custom_margin=&#8221;||60px&#8221; custom_padding=&#8221;||&#8221; link_option_url=&#8221;https:\/\/rauchfrei.at\/aufhoeren\/weitere-beratungsangebote-in-oe\/beratungsangebote\/&#8221; link_option_url_new_window=&#8221;on&#8221; global_module=&#8221;13404&#8243; saved_tabs=&#8221;all&#8221; global_colors_info=&#8221;{}&#8221;]<\/p>\n<p><a style=\"color: #212121;\" href=\"https:\/\/rauchfrei.at\/aufhoeren\/weitere-beratungsangebote-in-oe\/ambulante-beratung\/\"><\/a><\/p>\n<h2>Angebote in \u00d6sterreich<\/h2>\n<p><img loading=\"lazy\" decoding=\"async\" class=\"wp-image-13438 alignnone size-large\" src=\"https:\/\/rauchfrei.at\/wp-content\/uploads\/oesterreichkarte-2-480x248.png\" alt=\"\" width=\"480\" height=\"248\" srcset=\"https:\/\/rauchfrei.at\/wp-content\/uploads\/oesterreichkarte-2-480x248.png 480w, https:\/\/rauchfrei.at\/wp-content\/uploads\/oesterreichkarte-2-225x116.png 225w, https:\/\/rauchfrei.at\/wp-content\/uploads\/oesterreichkarte-2-768x397.png 768w, https:\/\/rauchfrei.at\/wp-content\/uploads\/oesterreichkarte-2-1080x558.png 1080w, https:\/\/rauchfrei.at\/wp-content\/uploads\/oesterreichkarte-2.png 1736w\" sizes=\"(max-width: 480px) 100vw, 480px\" \/><\/p>\n<p>Finden Sie das passende Angebot von ambulanter Einzelberatung bis hin zur station\u00e4ren Gruppenberatung<\/p>\n<p>&nbsp;<\/p>\n<p><a class=\"mehr\" href=\"https:\/\/rauchfrei.at\/aufhoeren\/weitere-beratungsangebote-in-oe\/beratungsangebote\/\" target=\"_blank\" rel=\"noopener\">mehr<\/a><\/p>\n<p>[\/et_pb_text][\/et_pb_column][\/et_pb_row][\/et_pb_section]<\/p>\n","protected":false},"excerpt":{"rendered":"<p>Videos Hier finden Sie Videoempfehlungen Hier finden sie Videos in welchen Expertinnen und Experten zu verschiedenen Aspekten von Nikotin, Tabak und den Unterst\u00fctzungsm\u00f6glichkeiten informieren:Der Rauchstopp lohnt sich &#8211; Das Rauchfrei TelefonIn diesem kurzen Video des Dachverband der \u00f6sterreichischen Sozialversicherung wird die\u00a0 Telefonberatung zur Tabakentw\u00f6hnung durch das \u00f6sterreichische Rauchfrei Telefon vorgestellt.Der Rauchstopp lohnt sich &#8211; Das [&hellip;]<\/p>\n","protected":false},"author":2,"featured_media":0,"parent":0,"menu_order":0,"comment_status":"closed","ping_status":"open","template":"","meta":{"_et_pb_use_builder":"on","_et_pb_old_content":"<p>Infofilm zur Tabakentw\u00f6hnung aufgrund einer gemeinsamen Initiative des \u00d6sterreichweiten Rauchertelefons und des Josefhofs (VAEB).<\/p><p><iframe src=\"http:\/\/www.vielgesundheit.at\/index.php?id=365&movie_id=501\" width=\"460\" height=\"290\" frameborder=\"0\"><\/iframe><\/p><p>Dokumentarfilm \u00fcber einen Raucher und seinen Weg.<br \/>Christian Skradde, Fach Regie, FH Ansbach (Deutschland)<\/p><p><iframe src=\"http:\/\/www.youtube.com\/embed\/wNsgodzL_fg?rel=0\" width=\"853\" height=\"480\" frameborder=\"0\"><\/iframe><\/p><p>Mehr in unserem Channel \"<a title=\"Jung & rauchfrei\" href=\"https:\/\/rauchfrei.at\/jung-und-rauchfrei\/\">Jung&rauchfrei<\/a>\" unter \"Videos\".<\/p>","_et_gb_content_width":"","footnotes":""},"class_list":["post-179","page","type-page","status-publish","hentry"],"yoast_head":"<!-- This site is optimized with the Yoast SEO plugin v26.2 - https:\/\/yoast.com\/wordpress\/plugins\/seo\/ -->\n<title>Videos - Rauchfrei Telefon<\/title>\n<meta name=\"robots\" content=\"index, follow, max-snippet:-1, max-image-preview:large, max-video-preview:-1\" \/>\n<link rel=\"canonical\" href=\"https:\/\/rauchfrei.at\/videos\/\" \/>\n<meta property=\"og:locale\" content=\"en_US\" \/>\n<meta property=\"og:type\" content=\"article\" \/>\n<meta property=\"og:title\" content=\"Videos - Rauchfrei Telefon\" \/>\n<meta property=\"og:description\" content=\"Videos Hier finden Sie Videoempfehlungen Hier finden sie Videos in welchen Expertinnen und Experten zu verschiedenen Aspekten von Nikotin, Tabak und den Unterst\u00fctzungsm\u00f6glichkeiten informieren:Der Rauchstopp lohnt sich - Das Rauchfrei TelefonIn diesem kurzen Video des Dachverband der \u00f6sterreichischen Sozialversicherung wird die\u00a0 Telefonberatung zur Tabakentw\u00f6hnung durch das \u00f6sterreichische Rauchfrei Telefon vorgestellt.Der Rauchstopp lohnt sich - Das [&hellip;]\" \/>\n<meta property=\"og:url\" content=\"https:\/\/rauchfrei.at\/videos\/\" \/>\n<meta property=\"og:site_name\" content=\"Rauchfrei Telefon\" \/>\n<meta property=\"article:modified_time\" content=\"2025-05-23T14:49:36+00:00\" \/>\n<meta property=\"og:image\" content=\"https:\/\/rauchfrei.at\/wp-content\/uploads\/oesterreichkarte-2.png\" \/>\n\t<meta property=\"og:image:width\" content=\"1736\" \/>\n\t<meta property=\"og:image:height\" content=\"897\" \/>\n\t<meta property=\"og:image:type\" content=\"image\/png\" \/>\n<meta name=\"twitter:card\" content=\"summary_large_image\" \/>\n<meta name=\"twitter:label1\" content=\"Est. reading time\" \/>\n\t<meta name=\"twitter:data1\" content=\"1 minute\" \/>\n<script type=\"application\/ld+json\" class=\"yoast-schema-graph\">{\"@context\":\"https:\/\/schema.org\",\"@graph\":[{\"@type\":\"WebPage\",\"@id\":\"https:\/\/rauchfrei.at\/videos\/\",\"url\":\"https:\/\/rauchfrei.at\/videos\/\",\"name\":\"Videos - Rauchfrei Telefon\",\"isPartOf\":{\"@id\":\"https:\/\/rauchfrei.at\/#website\"},\"primaryImageOfPage\":{\"@id\":\"https:\/\/rauchfrei.at\/videos\/#primaryimage\"},\"image\":{\"@id\":\"https:\/\/rauchfrei.at\/videos\/#primaryimage\"},\"thumbnailUrl\":\"https:\/\/rauchfrei.at\/wp-content\/uploads\/oesterreichkarte-2-480x248.png\",\"datePublished\":\"2012-02-29T04:53:04+00:00\",\"dateModified\":\"2025-05-23T14:49:36+00:00\",\"inLanguage\":\"en-US\",\"potentialAction\":[{\"@type\":\"ReadAction\",\"target\":[\"https:\/\/rauchfrei.at\/videos\/\"]}]},{\"@type\":\"ImageObject\",\"inLanguage\":\"en-US\",\"@id\":\"https:\/\/rauchfrei.at\/videos\/#primaryimage\",\"url\":\"https:\/\/rauchfrei.at\/wp-content\/uploads\/oesterreichkarte-2-480x248.png\",\"contentUrl\":\"https:\/\/rauchfrei.at\/wp-content\/uploads\/oesterreichkarte-2-480x248.png\"},{\"@type\":\"WebSite\",\"@id\":\"https:\/\/rauchfrei.at\/#website\",\"url\":\"https:\/\/rauchfrei.at\/\",\"name\":\"Rauchfrei Telefon\",\"description\":\"Eine \u00f6sterreichweite Initiative der Sozialversicherungen.\",\"potentialAction\":[{\"@type\":\"SearchAction\",\"target\":{\"@type\":\"EntryPoint\",\"urlTemplate\":\"https:\/\/rauchfrei.at\/?s={search_term_string}\"},\"query-input\":{\"@type\":\"PropertyValueSpecification\",\"valueRequired\":true,\"valueName\":\"search_term_string\"}}],\"inLanguage\":\"en-US\"}]}<\/script>\n<!-- \/ Yoast SEO plugin. -->","yoast_head_json":{"title":"Videos - Rauchfrei Telefon","robots":{"index":"index","follow":"follow","max-snippet":"max-snippet:-1","max-image-preview":"max-image-preview:large","max-video-preview":"max-video-preview:-1"},"canonical":"https:\/\/rauchfrei.at\/videos\/","og_locale":"en_US","og_type":"article","og_title":"Videos - Rauchfrei Telefon","og_description":"Videos Hier finden Sie Videoempfehlungen Hier finden sie Videos in welchen Expertinnen und Experten zu verschiedenen Aspekten von Nikotin, Tabak und den Unterst\u00fctzungsm\u00f6glichkeiten informieren:Der Rauchstopp lohnt sich - Das Rauchfrei TelefonIn diesem kurzen Video des Dachverband der \u00f6sterreichischen Sozialversicherung wird die\u00a0 Telefonberatung zur Tabakentw\u00f6hnung durch das \u00f6sterreichische Rauchfrei Telefon vorgestellt.Der Rauchstopp lohnt sich - Das [&hellip;]","og_url":"https:\/\/rauchfrei.at\/videos\/","og_site_name":"Rauchfrei Telefon","article_modified_time":"2025-05-23T14:49:36+00:00","og_image":[{"width":1736,"height":897,"url":"https:\/\/rauchfrei.at\/wp-content\/uploads\/oesterreichkarte-2.png","type":"image\/png"}],"twitter_card":"summary_large_image","twitter_misc":{"Est. reading time":"1 minute"},"schema":{"@context":"https:\/\/schema.org","@graph":[{"@type":"WebPage","@id":"https:\/\/rauchfrei.at\/videos\/","url":"https:\/\/rauchfrei.at\/videos\/","name":"Videos - Rauchfrei Telefon","isPartOf":{"@id":"https:\/\/rauchfrei.at\/#website"},"primaryImageOfPage":{"@id":"https:\/\/rauchfrei.at\/videos\/#primaryimage"},"image":{"@id":"https:\/\/rauchfrei.at\/videos\/#primaryimage"},"thumbnailUrl":"https:\/\/rauchfrei.at\/wp-content\/uploads\/oesterreichkarte-2-480x248.png","datePublished":"2012-02-29T04:53:04+00:00","dateModified":"2025-05-23T14:49:36+00:00","inLanguage":"en-US","potentialAction":[{"@type":"ReadAction","target":["https:\/\/rauchfrei.at\/videos\/"]}]},{"@type":"ImageObject","inLanguage":"en-US","@id":"https:\/\/rauchfrei.at\/videos\/#primaryimage","url":"https:\/\/rauchfrei.at\/wp-content\/uploads\/oesterreichkarte-2-480x248.png","contentUrl":"https:\/\/rauchfrei.at\/wp-content\/uploads\/oesterreichkarte-2-480x248.png"},{"@type":"WebSite","@id":"https:\/\/rauchfrei.at\/#website","url":"https:\/\/rauchfrei.at\/","name":"Rauchfrei Telefon","description":"Eine \u00f6sterreichweite Initiative der Sozialversicherungen.","potentialAction":[{"@type":"SearchAction","target":{"@type":"EntryPoint","urlTemplate":"https:\/\/rauchfrei.at\/?s={search_term_string}"},"query-input":{"@type":"PropertyValueSpecification","valueRequired":true,"valueName":"search_term_string"}}],"inLanguage":"en-US"}]}},"_links":{"self":[{"href":"https:\/\/rauchfrei.at\/en\/wp-json\/wp\/v2\/pages\/179","targetHints":{"allow":["GET"]}}],"collection":[{"href":"https:\/\/rauchfrei.at\/en\/wp-json\/wp\/v2\/pages"}],"about":[{"href":"https:\/\/rauchfrei.at\/en\/wp-json\/wp\/v2\/types\/page"}],"author":[{"embeddable":true,"href":"https:\/\/rauchfrei.at\/en\/wp-json\/wp\/v2\/users\/2"}],"replies":[{"embeddable":true,"href":"https:\/\/rauchfrei.at\/en\/wp-json\/wp\/v2\/comments?post=179"}],"version-history":[{"count":31,"href":"https:\/\/rauchfrei.at\/en\/wp-json\/wp\/v2\/pages\/179\/revisions"}],"predecessor-version":[{"id":30749,"href":"https:\/\/rauchfrei.at\/en\/wp-json\/wp\/v2\/pages\/179\/revisions\/30749"}],"wp:attachment":[{"href":"https:\/\/rauchfrei.at\/en\/wp-json\/wp\/v2\/media?parent=179"}],"curies":[{"name":"wp","href":"https:\/\/api.w.org\/{rel}","templated":true}]}}