
{"id":19121,"date":"2020-06-30T17:26:20","date_gmt":"2020-06-30T15:26:20","guid":{"rendered":"https:\/\/rauchfrei.at\/?page_id=19121"},"modified":"2025-01-21T17:12:05","modified_gmt":"2025-01-21T15:12:05","slug":"sigara-hatti","status":"publish","type":"page","link":"https:\/\/rauchfrei.at\/en\/sigara-hatti\/","title":{"rendered":"Sigara Hatti"},"content":{"rendered":"<p>[et_pb_section fb_built=&#8221;1&#8243; custom_padding_last_edited=&#8221;off|&#8221; module_class=&#8221;header&#8221; _builder_version=&#8221;4.16&#8243; background_color=&#8221;#67BAD3&#8243; custom_margin=&#8221;||0px|&#8221; custom_padding=&#8221;100px||10px|&#8221; global_colors_info=&#8221;{}&#8221;][et_pb_row _builder_version=&#8221;4.16&#8243; custom_margin=&#8221;||0px|&#8221; custom_padding=&#8221;||0px|&#8221; global_colors_info=&#8221;{}&#8221;][et_pb_column type=&#8221;4_4&#8243; _builder_version=&#8221;4.16&#8243; custom_padding=&#8221;||0px|&#8221; global_colors_info=&#8221;{}&#8221; custom_padding__hover=&#8221;|||&#8221;][et_pb_text admin_label=&#8221;Blue Background Header&#8221; _builder_version=&#8221;4.16&#8243; custom_margin=&#8221;||0px|&#8221; custom_padding=&#8221;||0px|&#8221; global_colors_info=&#8221;{}&#8221;]<\/p>\n<h1>Sigara Hatti<\/h1>\n<h2>Sigara zarar verir!\u00a0 &#8230;size, ailenize, \u00e7evrenize<\/h2>\n<p>[\/et_pb_text][\/et_pb_column][\/et_pb_row][\/et_pb_section][et_pb_section fb_built=&#8221;1&#8243; _builder_version=&#8221;4.16&#8243; global_colors_info=&#8221;{}&#8221;][et_pb_row column_structure=&#8221;3_5,2_5&#8243; _builder_version=&#8221;4.16&#8243; custom_margin=&#8221;||10px|&#8221; global_colors_info=&#8221;{}&#8221;][et_pb_column type=&#8221;3_5&#8243; _builder_version=&#8221;4.16&#8243; custom_padding=&#8221;|||&#8221; global_colors_info=&#8221;{}&#8221; custom_padding__hover=&#8221;|||&#8221;][et_pb_text _builder_version=&#8221;4.16&#8243; global_colors_info=&#8221;{}&#8221;]<\/p>\n<p>Sigara hatt\u0131, sosyal g\u00fcvenlik kurumlar\u0131, eyaletler ve Federal Sa\u011fl\u0131k Bakanl\u0131\u011f\u0131&#8217;n\u0131n bir giri\u015fimidir ve A\u015fa\u011f\u0131 Avusturya B\u00f6lgesel Sa\u011fl\u0131k Sigortas\u0131 Kurumu taraf\u0131ndan i\u015fletilmektedir.<\/p>\n<p>Sigara hatt\u0131n\u0131n sa\u011fl\u0131k psikologlar\u0131na Almanca dan\u0131\u015fmanl\u0131k ve bilgi i\u00e7in 0800 810 013\u00a0numaral\u0131 telefondan Pazartesi-Cuma g\u00fcnleri saat 10:00 &#8211; 18:00 aras\u0131 ula\u015f\u0131labilmektedir. Dan\u0131\u015fma \u00fccretsizdir!<\/p>\n<h2>\u00a0<\/h2>\n<h2>Burada baz\u0131 konular\u0131 sizin i\u00e7in T\u00fcrk\u00e7e olarak \u00f6zetledik:<\/h2>\n<p>[\/et_pb_text][et_pb_toggle title=&#8221;T\u00fct\u00fcn ba\u011f\u0131ml\u0131l\u0131\u011f\u0131 ve i\u00e7erik maddeleri&#8221; _builder_version=&#8221;4.16&#8243; global_colors_info=&#8221;{}&#8221;]<\/p>\n<p>T\u00fct\u00fcn, i\u00e7erdi\u011fi ana etken madde nikotin nedeniyle sigara i\u00e7enlerin %70-80&#8217;inde ba\u011f\u0131ml\u0131l\u0131k yaratmaktad\u0131r. Nikotin sadece 7 saniye sonra beyinde etki etti\u011finden ba\u011f\u0131ml\u0131l\u0131k potansiyeli \u00e7ok y\u00fcksektir ve eroin ile e\u015fde\u011ferdedir. \u00d6zellikle sabahlar\u0131 uyand\u0131ktan sonra g\u00fc\u00e7l\u00fc bir sigara i\u00e7me iste\u011fi, y\u00fcksek ba\u011f\u0131ml\u0131l\u0131\u011f\u0131n bir g\u00f6stergesidir. Nikotine olan bedensel ba\u011f\u0131ml\u0131l\u0131\u011f\u0131n yan\u0131nda psikolojik ba\u011f\u0131ml\u0131l\u0131k da \u00f6nemli bir rol oynar (\u00f6rn. sigara i\u00e7menin, kahve i\u00e7erken, yemek sonras\u0131nda veya araba s\u00fcrerken gibi belirli etkinliklerle ba\u011fda\u015ft\u0131r\u0131lmas\u0131).<\/p>\n<p>T\u00fct\u00fcn ba\u011f\u0131ml\u0131l\u0131\u011f\u0131n\u0131n bir hastal\u0131k oldu\u011fu uluslararas\u0131 olarak kabul edilmi\u015ftir.<\/p>\n<p>Nikotinin yan\u0131nda sigara, yakla\u015f\u0131k 4800 farkl\u0131 i\u00e7erik maddesi i\u00e7ermektedir, bunlardan birka\u00e7 y\u00fcz tanesi zehirlidir. \u00c7o\u011fu kanserojen madde olup, baz\u0131lar\u0131 radyoaktiftir. Birka\u00e7 \u00f6rnek: Karbon monoksit, aseton, hidrosiyanik asit, kur\u015fun, kadmiyum, nikel, polonyum veya \u00e7inko.<\/p>\n<p>[\/et_pb_toggle][et_pb_toggle title=&#8221;T\u00fct\u00fcn t\u00fcketmenin sa\u011fl\u0131kla ilgili etkileri&#8221; _builder_version=&#8221;4.16&#8243; global_colors_info=&#8221;{}&#8221;]<\/p>\n<p>Sigara i\u00e7enlerin yakla\u015f\u0131k yar\u0131s\u0131 sigara i\u00e7me etkileri nedeniyle \u00f6lmektedir. T\u00fct\u00fcn t\u00fcketimi nedeniyle d\u00fcnya \u00e7ap\u0131nda y\u0131lda yakla\u015f\u0131k 6 Milyon insan hayat\u0131n\u0131 kaybetmektedir, Avusturya&#8217;da ise y\u0131lda 14.000 insan.<\/p>\n<p>Sigara i\u00e7meye ba\u011fl\u0131 olan zararlar\u0131n %50&#8217;si solunum organlar\u0131 ile ilgilidir (\u00f6zellikle akci\u011fer kanseri veya kronik obstr\u00fcktif akci\u011fer hastal\u0131\u011f\u0131 (KOAH). Akci\u011fer kanseri hastal\u0131klar\u0131n\u0131n %90&#8217;\u0131 ve de di\u011fer kanser hastal\u0131klar\u0131n\u0131n bir\u00e7o\u011fu t\u00fct\u00fcn ve t\u00fct\u00fcn i\u00e7me taraf\u0131ndan tetiklenmektedir. Aktif ve de pasif sigara i\u00e7me, kalp ve damar hastal\u0131klar\u0131 ve de bunlar\u0131n \u00f6l\u00fcmc\u00fcl sonu\u00e7lar\u0131 \u00fczerinde \u00f6nemli bir fakt\u00f6rd\u00fcr.<\/p>\n<p>[\/et_pb_toggle][et_pb_toggle title=&#8221;Pasif duman&#8221; admin_label=&#8221;Toggle&#8221; _builder_version=&#8221;4.16&#8243; global_colors_info=&#8221;{}&#8221;]<\/p>\n<p>T\u00fct\u00fcn duman\u0131 solunum havas\u0131 ile birlikte solundu\u011funda pasif i\u00e7icilikten s\u00f6z edilir.<\/p>\n<p>Avusturya&#8217;da her g\u00fcn 2-3 insan inme ve kalp krizi gibi pasif duman\u0131n etkileri sonucunda hayat\u0131n\u0131 kaybetmektedir. Akci\u011fer kanseri, kronik akci\u011fer hastal\u0131klar\u0131 ve ast\u0131m da pasif duman\u0131n olas\u0131 etkilerinden say\u0131lmaktad\u0131r. Kronik hastal\u0131klar\u0131n yan\u0131nda pasif duman, g\u00f6zlerin yanmas\u0131, ba\u015f a\u011fr\u0131s\u0131, solunum yollar\u0131n\u0131n tahri\u015fi ve yorgunluk gibi akut bulgulara da yol a\u00e7maktad\u0131r. Mukozada \u015fi\u015flik ve k\u0131zar\u0131kl\u0131k, enfeksiyona kar\u015f\u0131 artm\u0131\u015f duyarl\u0131l\u0131k, ba\u015f d\u00f6nmesi ve nefes darl\u0131\u011f\u0131 da pasif duman\u0131n etkilerinden olabilmektedir.<\/p>\n<p>Sa\u011fl\u0131k riski sigara i\u00e7ildikten sonra da devam etmektedir, \u00e7\u00fcnk\u00fc ince duman par\u00e7ac\u0131klar\u0131 cilt, sa\u00e7lar ve giysilerin ve de duvar, zemin, perde ve e\u015fyalar\u0131n \u00fczerine yerle\u015fmektedir. Art\u0131k hi\u00e7 sigara i\u00e7ilmese dahi bunlar buralardan etrafa yay\u0131lmaktad\u0131r. B\u00f6ylece so\u011fuk duman da bir sa\u011fl\u0131k riski olu\u015fturmaktad\u0131r. Zararl\u0131 maddelerden ar\u0131nmak i\u00e7in sadece havaland\u0131rmak yeterli olmamaktad\u0131r.<\/p>\n<p>&nbsp;<\/p>\n<p>Hamilelik esnas\u0131nda annenin sigara i\u00e7mesi veya pasif i\u00e7icili\u011fi, do\u011fmam\u0131\u015f bebe\u011fe etki eder. D\u00fc\u015f\u00fckler veya erken do\u011fumlar ve de bebe\u011fin genel sa\u011fl\u0131k sorunlar\u0131 bunun sonucu olabilir.<\/p>\n<p>&nbsp;<\/p>\n<p>Bu konu hakk\u0131nda:<\/p>\n<p>Steiermark eyaleti <a href=\"http:\/\/www.rauchfrei-dabei.at\" target=\"_blank\" rel=\"noopener noreferrer\">&#8220;Rauchfrei-dabei&#8221;<\/a> kampanyas\u0131, pasif i\u00e7icili\u011fin \u00e7ocuklar \u00fczerindeki riskleri hakk\u0131ndaki bilgi bro\u015f\u00fcr\u00fc <a href=\"https:\/\/rauchfrei.at\/wp-content\/uploads\/darf-ich-schon-rauchen-folder-tuerkisch-1.pdf\" target=\"_blank\" rel=\"noopener noreferrer\">&#8220;Ich darf schon rauchen&#8221;<\/a>.<\/p>\n<p>Daha\u015fimdidensigarai\u00e7ebilirmiyim? <a href=\"http:\/\/www.rauchfrei-dabei.at\" target=\"_blank\" rel=\"noopener noreferrer\">www.rauchfrei-dabei.at<\/a> adresinde T\u00fcrk\u00e7e ile birlikte \u0130ngilizce ve Bo\u015fnak\u00e7a-H\u0131rvat\u00e7a-S\u0131rp\u00e7a olarak.<\/p>\n<p>[\/et_pb_toggle][et_pb_toggle title=&#8221;Nargile&#8221; _builder_version=&#8221;4.16&#8243; global_colors_info=&#8221;{}&#8221;]Nargile i\u00e7mek sigara i\u00e7mekten daha az zararl\u0131 bir \u015fey de\u011fildir. S\u0131kl\u0131kla varsay\u0131lan suyun filtreleme etkisi, yanl\u0131\u015f bir inan\u00e7t\u0131r. Tam aksine: Nargile ile sigarada oldu\u011fundan daha b\u00fcy\u00fck miktarlarda zararl\u0131 madde teneff\u00fcs edilmektedir. Bu \u00f6zellikle zifir ve karbon monoksit ve de arsenik, krom ve nikel gibi zararl\u0131 maddeler i\u00e7in ge\u00e7erlidir.<\/p>\n<p>Ba\u011f\u0131ml\u0131l\u0131k riski de hafife al\u0131nmamal\u0131d\u0131r. Ba\u011f\u0131ml\u0131l\u0131k maddesi olan nikotin, nargile i\u00e7ilmesinde sigaraya oranla \u00e7ok daha fazla miktarlarda al\u0131nmaktad\u0131r. D\u00fczenli olarak nargile i\u00e7en bir ki\u015fi k\u0131sa s\u00fcrede ba\u011f\u0131ml\u0131 olabilir ve bu al\u0131\u015fkanl\u0131\u011f\u0131ndan kolay vazge\u00e7emez.<\/p>\n<h3>Nargilenin i\u015fleyi\u015fi<\/h3>\n<p>\u0130\u015fleyi\u015f bi\u00e7imi t\u00fcm nargilelerde ayn\u0131d\u0131r. Nargile, \u015fi\u015fe, tepsi, l\u00fcle ve serden olu\u015fur. \u0130\u00e7mek i\u00e7in, t\u00fct\u00fcn, pekmez ve gliserol (= nemlendirici) kar\u0131\u015f\u0131m\u0131ndan olu\u015fan ve t\u00f6mbeki ad\u0131 verilen bir t\u00fct\u00fcn kullan\u0131l\u0131r. Haz\u0131r kar\u0131\u015f\u0131mlarda genellikle \u00e7e\u015fitli katk\u0131 maddeleri (meyve, \u015furup, ah\u015fap, re\u00e7ine, sel\u00fcloz, aroma, &#8230;) bulunur.<\/p>\n<p>Bu katk\u0131 maddeleri t\u00fct\u00fcn\u00fcn esas tad\u0131n\u0131n \u00fczerine \u00e7\u0131kar. Farkl\u0131 tatlar nargile i\u00e7meyi \u00e7ocuklar ve ergenler i\u00e7in cazip bir hale getirir. D\u00fc\u015f\u00fck s\u0131cakl\u0131\u011f\u0131 nedeniyle nargilenin i\u00e7imi daha kolay olur ve daha derin bir \u015fekilde i\u00e7e \u00e7ekilir.<\/p>\n<p>Nargile genel olarak toplulukta birlikte i\u00e7ildi\u011finden herhangi bir enfeksiyon hastal\u0131\u011f\u0131na (\u00f6rn. t\u00fcberk\u00fcloz veya helicobacter pylori enfeksiyonlar\u0131) yakalanma riski artar. Nargilenin pasif duman zararlar\u0131 da sigaraya g\u00f6re daha fazlad\u0131r.<br \/>\n[\/et_pb_toggle][et_pb_text _builder_version=&#8221;4.16&#8243; global_colors_info=&#8221;{}&#8221;]<\/p>\n<h3><\/h3>\n<h2>S\u0130GARAYI BIRAKMAK: \u00d6neriler ve bilgiler<\/h2>\n<p>&#8211; Kendinizi sigaray\u0131 b\u0131rakmaya haz\u0131rlaman\u0131z \u00e7ok faydal\u0131 olacakt\u0131r. Dumans\u0131zl\u0131k i\u00e7in at\u0131lacak ilk ad\u0131mda dumans\u0131z bir ya\u015fam i\u00e7in nedenlerinizi not edin: Sigaray\u0131 b\u0131rakma sayesinde neler kazanacaks\u0131n\u0131z?<\/p>\n<p>\u00d6rn.: Sigara duman\u0131 kokmadan torunlar\u0131m\u0131 kucaklamak istiyorum. G\u00fczel bir cilde ve beyaz di\u015flere sahip olmak istiyorum. Sa\u011fl\u0131kl\u0131 olmak istiyorum.<\/p>\n<p>&#8211; Sigara i\u00e7menin size ne gibi faydalar sa\u011flad\u0131\u011f\u0131n\u0131 tespit edin: \u201cSigara i\u00e7mek, size \u015fahsi olarak ne t\u00fcr fayda sa\u011flamaktad\u0131r?\u201d<\/p>\n<p>\u00d6rn.: Sigara i\u00e7mek benim i\u00e7in bir keyiftir. Sigara beni rahatlat\u0131yor. Sigara i\u00e7meyi arkada\u015flar\u0131mla ge\u00e7irdi\u011fim zamanla ba\u011fda\u015ft\u0131r\u0131yorum.<\/p>\n<p>[\/et_pb_text][et_pb_toggle title=&#8221;Sigara tutana\u011f\u0131&#8221; _builder_version=&#8221;4.16&#8243; global_colors_info=&#8221;{}&#8221;]<\/p>\n<p>Sigara tutana\u011f\u0131, hangi durumlarda sigara i\u00e7ti\u011finiz ve hangi nedenlerle sigaraya sar\u0131ld\u0131\u011f\u0131n\u0131z konusunda tespit yapman\u0131za yard\u0131mc\u0131 olur. Bu sayede, bir sonraki ad\u0131m olarak, sigara i\u00e7mek yerine neler yapabilece\u011finizi d\u00fc\u015f\u00fcnebilirsiniz.<\/p>\n<p>Sigara tutana\u011f\u0131n\u0131 en az bir hafta boyunca tutun ve her sigaray\u0131 yakmadan \u00f6nce a\u015fa\u011f\u0131daki hususlar\u0131 not edin:<\/p>\n<ul>\n<li>Saat ka\u00e7?<\/li>\n<li>Bu sigara sizin i\u00e7in ne kadar \u00f6nemli?<\/li>\n<li>\u015eu anda neredesiniz?<\/li>\n<li>Yaln\u0131z m\u0131s\u0131n\u0131z, yoksa bir toplulukta m\u0131s\u0131n\u0131z?<\/li>\n<li>Ruh haliniz nas\u0131l? Bu sigaran\u0131n nedeni nedir?<\/li>\n<li>\u015eu anda ne yap\u0131yorsunuz?<\/li>\n<\/ul>\n<p>Sigara i\u00e7medi\u011finiz ilk g\u00fcnler ve haftalarda nikotin iste\u011fi ataklar\u0131 gelebilir: Bu esnada sigara i\u00e7me iste\u011fi birka\u00e7 dakikal\u0131\u011f\u0131na \u00e7ok g\u00fc\u00e7l\u00fc olur.<\/p>\n<p>Bu istek ataklar\u0131nda ne yap\u0131lmal\u0131d\u0131r? Sigara i\u00e7in bir alternatif d\u00fc\u015f\u00fcn\u00fcn. Yarat\u0131c\u0131 olun.<\/p>\n<ul>\n<li>Oday\u0131 terk edin.<\/li>\n<li>Kendinize bir bardak su al\u0131n.<\/li>\n<li>Kendinizi iyi bir \u015feyle \u00f6d\u00fcllendirin.<\/li>\n<li>Heyecanl\u0131 bir \u015feyler okuyun.<\/li>\n<li>Bilin\u00e7li bir \u015fekilde bu iste\u011fin ge\u00e7mesini bekleyin.<\/li>\n<li>Derin nefes al\u0131p verin.<\/li>\n<\/ul>\n<p>[\/et_pb_toggle][et_pb_toggle title=&#8221;Sigaray\u0131 b\u0131rakmada ila\u00e7 deste\u011fi&#8221; _builder_version=&#8221;4.16&#8243; global_colors_info=&#8221;{}&#8221;]<\/p>\n<p>Baz\u0131 sigara i\u00e7enler i\u00e7in sigaray\u0131 b\u0131rakma konusunda ge\u00e7ici olarak ila\u00e7lardan destek al\u0131nmas\u0131 anlaml\u0131 ve faydal\u0131 olabilir. Sigaray\u0131 b\u0131rakma i\u00e7in onayl\u0131 ila\u00e7lar yoksunluk belirtilerini \u00f6nemli \u00f6l\u00e7\u00fcde azaltabilir ve dumans\u0131z bir ya\u015fama ba\u015flamay\u0131 kolayla\u015ft\u0131rabilir. Farkl\u0131 sigara i\u00e7en tipleri i\u00e7in farkl\u0131 preparatlar mevcuttur.<\/p>\n<p>\u0130la\u00e7 deste\u011fi ile ilgili masraflar\u0131 kendiniz kar\u015f\u0131lamak durumundas\u0131n\u0131z. Bu masraflar sigaray\u0131 b\u0131rakmadan \u00f6nce sigara i\u00e7in yapm\u0131\u015f oldu\u011funuz masraflar kadar olmayacakt\u0131r. En b\u00fcy\u00fck avantaj\u0131 ise, bu masraflar\u0131n birka\u00e7 hafta sonra ortadan kalkmas\u0131d\u0131r.<\/p>\n<p>\u0130la\u00e7 deste\u011fi \u00f6zellikle<\/p>\n<ul>\n<li>y\u00fcksek oranda sigara i\u00e7enler,<\/li>\n<li>bedensel olarak a\u011f\u0131r ba\u011f\u0131ml\u0131 olanlar,<\/li>\n<li>bir\u00e7ok kez sigaray\u0131 b\u0131rakmay\u0131 denemi\u015f olanlar, i\u00e7in hedeflerine ula\u015fma yolunda bir yard\u0131mc\u0131 olabilir.<\/li>\n<\/ul>\n<p>Nikotin preparatlar\u0131 sigaray\u0131 b\u0131rakmak i\u00e7in ge\u00e7ici bir destek olarak alg\u0131lanmal\u0131 ve uzun vadede sigara i\u00e7in bir alternatif te\u015fkil etmemelidir. Nikotin preparatlar\u0131n\u0131n i\u00e7erdi\u011fi t\u0131bbi nikotin v\u00fccut taraf\u0131ndan yava\u015f bir \u015fekilde emildi\u011finden ba\u011f\u0131ml\u0131l\u0131k riski d\u00fc\u015f\u00fckt\u00fcr. Nikotin preparatlar\u0131, sigaran\u0131n aksine hi\u00e7bir zararl\u0131 madde i\u00e7ermez.<\/p>\n<p>Nikotin tedavisinin uygulanmas\u0131 \u00e7ok kolayd\u0131r ve amac\u0131na uygun kullan\u0131mda sigara i\u00e7enler i\u00e7in tehlikesizdir.<\/p>\n<p>Olas\u0131 yan etkileri ve uygulama k\u0131s\u0131tlamalar\u0131 nedeniyle prospekt\u00fcs\u00fcn\u00fc itina ile okuyun ve sorular\u0131n\u0131z oldu\u011funda doktorunuza veya eczac\u0131n\u0131za ba\u015fvurun!<\/p>\n<p>[\/et_pb_toggle][et_pb_toggle title=&#8221;Sigaray\u0131 b\u0131rakma kontrol listesi&#8221; _builder_version=&#8221;4.16&#8243; global_colors_info=&#8221;{}&#8221;]<\/p>\n<ul>\n<li>Sigaray\u0131 b\u0131rakmak i\u00e7in stresli olmad\u0131\u011f\u0131m bir zaman\u0131 se\u00e7tim.<\/li>\n<li>\u00c7evremi (aile,arkada\u015flar,&#8230;) sigaray\u0131 b\u0131rakaca\u011f\u0131m konusunda bilgilendirdim ve onlar beni bu konuda nas\u0131l desteklemeleri gerekti\u011fini bilmekteler. (\u00f6rn. hi\u00e7 kimse bana sigara uzatmaz, arkada\u015flar\u0131m benimle birlikte mola verirken sigara i\u00e7mezler)<\/li>\n<li>\u00c7evrem dumans\u0131zd\u0131r: T\u00fcm k\u00fcl tablalar\u0131, \u00e7akmaklar ve tabii ki sigaralar (el \u00e7antas\u0131, kiler, torpido g\u00f6z\u00fc&#8230; dahil) ortadan kald\u0131r\u0131lm\u0131\u015ft\u0131r.<\/li>\n<li>Sigara kokan giysilerimi ve perdeleri y\u0131k\u0131yorum.<\/li>\n<li>G\u00fcnl\u00fck program\u0131m\u0131 planlad\u0131m ve sigarayla alakal\u0131 olmayan u\u011fra\u015f ve etkinlikler d\u00fc\u015f\u00fcnd\u00fcm.<\/li>\n<li>Ba\u015flang\u0131\u00e7ta sigara i\u00e7me ortamlar\u0131ndan uzak duraca\u011f\u0131m, tipik rit\u00fcelleri de\u011fi\u015ftirmeye \u00e7al\u0131\u015faca\u011f\u0131m (\u00f6rn. kahve ve sigara yerine sa\u011fl\u0131kl\u0131 bir kahvalt\u0131).<\/li>\n<li>\u0130stek ataklar\u0131 geldi\u011finde dikkatimi ba\u015fka y\u00f6ne y\u00f6nlendirmek i\u00e7in alternatiflerin listesi haz\u0131r.<\/li>\n<li>Bedensel yoksunluk belirtilerini \u00f6nlemek isteme olas\u0131l\u0131\u011f\u0131m i\u00e7in nikotin preparatlar\u0131 hakk\u0131nda bilgi edindim ve benim i\u00e7in en do\u011fru olan\u0131n\u0131 buldum.<\/li>\n<li>Sigaray\u0131 b\u0131rakmak i\u00e7in mevcut nedenlerimi, hat\u0131rlamak ama\u00e7l\u0131 iyi g\u00f6r\u00fclebilir \u015fekilde bir yere ast\u0131m.<\/li>\n<li>Bana keyif veren ve zaman a\u00e7\u0131s\u0131ndan da uygulanmas\u0131 m\u00fcmk\u00fcn olan spor ve hareket imk\u00e2nlar\u0131 ar\u0131yorum.<\/li>\n<li>Sa\u011fl\u0131kl\u0131 beslenme hakk\u0131nda bilgi edindim ve bu \u00f6nerileri uygulamaya ve g\u00fcnl\u00fck hayat\u0131ma entegre etmeye \u00e7al\u0131\u015f\u0131yorum.<\/li>\n<\/ul>\n<p>[\/et_pb_toggle][et_pb_toggle title=&#8221;Dumans\u0131z ilk zamanlar&#8221; _builder_version=&#8221;4.16&#8243; global_colors_info=&#8221;{}&#8221;]<\/p>\n<p>Sigaray\u0131 b\u0131rakanlardan baz\u0131lar\u0131 i\u00e7in ilk \u00fc\u00e7 g\u00fcn en zorlu ge\u00e7en zamand\u0131r. Baz\u0131lar\u0131 i\u00e7inse bu d\u00fc\u015f\u00fcn\u00fcld\u00fc\u011f\u00fc kadar da zor olmayan bir de\u011fi\u015fimdir. Her durumda ilk dumans\u0131z s\u00fcrenizi m\u00fcmk\u00fcn oldu\u011funca rahat ge\u00e7irmek i\u00e7in bir\u00e7ok \u015fey yapabilirsiniz!<\/p>\n<ul>\n<li>Yeterli u\u011fra\u015f ve etkinlik bulunmas\u0131na dikkat edin.<\/li>\n<li>Kuvvetli bir \u015fekilde size sigara i\u00e7meyi hat\u0131rlatan veya sigara i\u00e7me iste\u011finizi artt\u0131ran durumlardan ka\u00e7\u0131n\u0131n.<\/li>\n<li>\u00c7evrenizin m\u00fcmk\u00fcn oldu\u011funca dumans\u0131z olmas\u0131na dikkat edin. Dumans\u0131z ortamlar\u0131, mola ve dinlenme yerlerini tercih edin.<\/li>\n<li>A\u015f\u0131r\u0131 bir \u015fekilde sigara i\u00e7me iste\u011fi duyarsan\u0131z dikkatinizi bilin\u00e7li olarak ba\u015fka bir y\u00f6ne \u00e7ekin.<\/li>\n<li>\u00c7ok su i\u00e7in!<\/li>\n<li>Bol meyve ve sebze i\u00e7eren sa\u011fl\u0131kl\u0131 ve dengeli beslenmeye dikkat edin.<\/li>\n<li>Hareket edin, spor yap\u0131n! Bedensel etkinlikler insan\u0131 rahatlat\u0131r, dikkati farkl\u0131 y\u00f6nlere \u00e7eker ve kilo almay\u0131 engeller. Bu sayede iki kat sa\u011fl\u0131kl\u0131 bir hayat i\u00e7in bir ta\u015fla birka\u00e7 ku\u015f vurmu\u015f olursunuz.<\/li>\n<li>Yoksunluk belirtilerinizin olumlu etkilerinin fark\u0131na var\u0131n. V\u00fccudunuz bu belirtilerle size, sigara i\u00e7menin y\u00fcklerinden kurtulma yolunda iyi bir \u015fekilde ilerledi\u011finin sinyallerini vermektedir. Olas\u0131 yoksunluk belirtileri (\u00f6rn. \u00f6nlenemeyen sigara i\u00e7me d\u00fcrt\u00fcs\u00fc, artan sinirlilik hali) belli bir zaman sonra ortadan kalkacakt\u0131r.<\/li>\n<li>Kendinizi \u00f6d\u00fcllendirin<\/li>\n<li>Evinizi dumans\u0131z hale getirin<\/li>\n<li>Arabada sigara i\u00e7meyin.<\/li>\n<li>Kendinizi ve arkada\u015flar\u0131n\u0131z\u0131 koruyun.<\/li>\n<li>\u0130\u015f yerinizi dumans\u0131z olarak d\u00fczenleyin.<\/li>\n<li>Sigara i\u00e7ilmeyen lokalleri tercih edin.<\/li>\n<\/ul>\n<p>[\/et_pb_toggle][et_pb_text _builder_version=&#8221;4.16&#8243; global_colors_info=&#8221;{}&#8221;]<\/p>\n<p>&nbsp;<\/p>\n<h3>Daha fazla bilgi:<\/h3>\n<h3><a href=\"http:\/\/www.ssder.org.tr\" target=\"_blank\" rel=\"noopener noreferrer\">www.ssder.org.tr<\/a><\/h3>\n<p>[\/et_pb_text][et_pb_dp_dmb_module_10080 link_text=&#8221;Sigara size zarar verir \u2026 size, ailenize, \u00e7evrenize!&#8221; link_new_tab=&#8221;on&#8221; link_url=&#8221;https:\/\/rauchfrei.at\/wp-content\/uploads\/rTel_tuerkisch_folder_low_1.pdf&#8221; _builder_version=&#8221;4.16&#8243; global_colors_info=&#8221;{}&#8221;]<\/p>\n<p class=\"et_pb_module_header\"><strong>T\u00fcrkisch-deutsch-sprachiger<\/strong> Informationsfolder:<\/p>\n<p>[\/et_pb_dp_dmb_module_10080][\/et_pb_column][et_pb_column type=&#8221;2_5&#8243; _builder_version=&#8221;4.16&#8243; custom_padding=&#8221;|||&#8221; global_colors_info=&#8221;{}&#8221; custom_padding__hover=&#8221;|||&#8221;][\/et_pb_column][\/et_pb_row][\/et_pb_section]<\/p>\n","protected":false},"excerpt":{"rendered":"<p>Sigara Hatti Sigara zarar verir!\u00a0 &#8230;size, ailenize, \u00e7evrenize Sigara hatt\u0131, sosyal g\u00fcvenlik kurumlar\u0131, eyaletler ve Federal Sa\u011fl\u0131k Bakanl\u0131\u011f\u0131&#8217;n\u0131n bir giri\u015fimidir ve A\u015fa\u011f\u0131 Avusturya B\u00f6lgesel Sa\u011fl\u0131k Sigortas\u0131 Kurumu taraf\u0131ndan i\u015fletilmektedir. Sigara hatt\u0131n\u0131n sa\u011fl\u0131k psikologlar\u0131na Almanca dan\u0131\u015fmanl\u0131k ve bilgi i\u00e7in 0800 810 013\u00a0numaral\u0131 telefondan Pazartesi-Cuma g\u00fcnleri saat 10:00 &#8211; 18:00 aras\u0131 ula\u015f\u0131labilmektedir. Dan\u0131\u015fma \u00fccretsizdir! \u00a0 Burada baz\u0131 [&hellip;]<\/p>\n","protected":false},"author":1,"featured_media":0,"parent":0,"menu_order":0,"comment_status":"closed","ping_status":"closed","template":"","meta":{"_et_pb_use_builder":"on","_et_pb_old_content":"","_et_gb_content_width":"","footnotes":""},"class_list":["post-19121","page","type-page","status-publish","hentry"],"yoast_head":"<!-- This site is optimized with the Yoast SEO plugin v26.2 - https:\/\/yoast.com\/wordpress\/plugins\/seo\/ -->\n<title>Sigara Hatti - Rauchfrei Telefon<\/title>\n<meta name=\"robots\" content=\"index, follow, max-snippet:-1, max-image-preview:large, max-video-preview:-1\" \/>\n<link rel=\"canonical\" href=\"https:\/\/rauchfrei.at\/sigara-hatti\/\" \/>\n<meta property=\"og:locale\" content=\"en_US\" \/>\n<meta property=\"og:type\" content=\"article\" \/>\n<meta property=\"og:title\" content=\"Sigara Hatti - Rauchfrei Telefon\" \/>\n<meta property=\"og:description\" content=\"Sigara Hatti Sigara zarar verir!\u00a0 ...size, ailenize, \u00e7evrenize Sigara hatt\u0131, sosyal g\u00fcvenlik kurumlar\u0131, eyaletler ve Federal Sa\u011fl\u0131k Bakanl\u0131\u011f\u0131&#039;n\u0131n bir giri\u015fimidir ve A\u015fa\u011f\u0131 Avusturya B\u00f6lgesel Sa\u011fl\u0131k Sigortas\u0131 Kurumu taraf\u0131ndan i\u015fletilmektedir. Sigara hatt\u0131n\u0131n sa\u011fl\u0131k psikologlar\u0131na Almanca dan\u0131\u015fmanl\u0131k ve bilgi i\u00e7in 0800 810 013\u00a0numaral\u0131 telefondan Pazartesi-Cuma g\u00fcnleri saat 10:00 - 18:00 aras\u0131 ula\u015f\u0131labilmektedir. Dan\u0131\u015fma \u00fccretsizdir! \u00a0 Burada baz\u0131 [&hellip;]\" \/>\n<meta property=\"og:url\" content=\"https:\/\/rauchfrei.at\/sigara-hatti\/\" \/>\n<meta property=\"og:site_name\" content=\"Rauchfrei Telefon\" \/>\n<meta property=\"article:modified_time\" content=\"2025-01-21T15:12:05+00:00\" \/>\n<meta name=\"twitter:card\" content=\"summary_large_image\" \/>\n<meta name=\"twitter:label1\" content=\"Est. reading time\" \/>\n\t<meta name=\"twitter:data1\" content=\"12 minutes\" \/>\n<script type=\"application\/ld+json\" class=\"yoast-schema-graph\">{\"@context\":\"https:\/\/schema.org\",\"@graph\":[{\"@type\":\"WebPage\",\"@id\":\"https:\/\/rauchfrei.at\/sigara-hatti\/\",\"url\":\"https:\/\/rauchfrei.at\/sigara-hatti\/\",\"name\":\"Sigara Hatti - Rauchfrei Telefon\",\"isPartOf\":{\"@id\":\"https:\/\/rauchfrei.at\/#website\"},\"datePublished\":\"2020-06-30T15:26:20+00:00\",\"dateModified\":\"2025-01-21T15:12:05+00:00\",\"inLanguage\":\"en-US\",\"potentialAction\":[{\"@type\":\"ReadAction\",\"target\":[\"https:\/\/rauchfrei.at\/sigara-hatti\/\"]}]},{\"@type\":\"WebSite\",\"@id\":\"https:\/\/rauchfrei.at\/#website\",\"url\":\"https:\/\/rauchfrei.at\/\",\"name\":\"Rauchfrei Telefon\",\"description\":\"Eine \u00f6sterreichweite Initiative der Sozialversicherungen.\",\"potentialAction\":[{\"@type\":\"SearchAction\",\"target\":{\"@type\":\"EntryPoint\",\"urlTemplate\":\"https:\/\/rauchfrei.at\/?s={search_term_string}\"},\"query-input\":{\"@type\":\"PropertyValueSpecification\",\"valueRequired\":true,\"valueName\":\"search_term_string\"}}],\"inLanguage\":\"en-US\"}]}<\/script>\n<!-- \/ Yoast SEO plugin. -->","yoast_head_json":{"title":"Sigara Hatti - Rauchfrei Telefon","robots":{"index":"index","follow":"follow","max-snippet":"max-snippet:-1","max-image-preview":"max-image-preview:large","max-video-preview":"max-video-preview:-1"},"canonical":"https:\/\/rauchfrei.at\/sigara-hatti\/","og_locale":"en_US","og_type":"article","og_title":"Sigara Hatti - Rauchfrei Telefon","og_description":"Sigara Hatti Sigara zarar verir!\u00a0 ...size, ailenize, \u00e7evrenize Sigara hatt\u0131, sosyal g\u00fcvenlik kurumlar\u0131, eyaletler ve Federal Sa\u011fl\u0131k Bakanl\u0131\u011f\u0131'n\u0131n bir giri\u015fimidir ve A\u015fa\u011f\u0131 Avusturya B\u00f6lgesel Sa\u011fl\u0131k Sigortas\u0131 Kurumu taraf\u0131ndan i\u015fletilmektedir. Sigara hatt\u0131n\u0131n sa\u011fl\u0131k psikologlar\u0131na Almanca dan\u0131\u015fmanl\u0131k ve bilgi i\u00e7in 0800 810 013\u00a0numaral\u0131 telefondan Pazartesi-Cuma g\u00fcnleri saat 10:00 - 18:00 aras\u0131 ula\u015f\u0131labilmektedir. Dan\u0131\u015fma \u00fccretsizdir! \u00a0 Burada baz\u0131 [&hellip;]","og_url":"https:\/\/rauchfrei.at\/sigara-hatti\/","og_site_name":"Rauchfrei Telefon","article_modified_time":"2025-01-21T15:12:05+00:00","twitter_card":"summary_large_image","twitter_misc":{"Est. reading time":"12 minutes"},"schema":{"@context":"https:\/\/schema.org","@graph":[{"@type":"WebPage","@id":"https:\/\/rauchfrei.at\/sigara-hatti\/","url":"https:\/\/rauchfrei.at\/sigara-hatti\/","name":"Sigara Hatti - Rauchfrei Telefon","isPartOf":{"@id":"https:\/\/rauchfrei.at\/#website"},"datePublished":"2020-06-30T15:26:20+00:00","dateModified":"2025-01-21T15:12:05+00:00","inLanguage":"en-US","potentialAction":[{"@type":"ReadAction","target":["https:\/\/rauchfrei.at\/sigara-hatti\/"]}]},{"@type":"WebSite","@id":"https:\/\/rauchfrei.at\/#website","url":"https:\/\/rauchfrei.at\/","name":"Rauchfrei Telefon","description":"Eine \u00f6sterreichweite Initiative der Sozialversicherungen.","potentialAction":[{"@type":"SearchAction","target":{"@type":"EntryPoint","urlTemplate":"https:\/\/rauchfrei.at\/?s={search_term_string}"},"query-input":{"@type":"PropertyValueSpecification","valueRequired":true,"valueName":"search_term_string"}}],"inLanguage":"en-US"}]}},"_links":{"self":[{"href":"https:\/\/rauchfrei.at\/en\/wp-json\/wp\/v2\/pages\/19121","targetHints":{"allow":["GET"]}}],"collection":[{"href":"https:\/\/rauchfrei.at\/en\/wp-json\/wp\/v2\/pages"}],"about":[{"href":"https:\/\/rauchfrei.at\/en\/wp-json\/wp\/v2\/types\/page"}],"author":[{"embeddable":true,"href":"https:\/\/rauchfrei.at\/en\/wp-json\/wp\/v2\/users\/1"}],"replies":[{"embeddable":true,"href":"https:\/\/rauchfrei.at\/en\/wp-json\/wp\/v2\/comments?post=19121"}],"version-history":[{"count":5,"href":"https:\/\/rauchfrei.at\/en\/wp-json\/wp\/v2\/pages\/19121\/revisions"}],"predecessor-version":[{"id":30361,"href":"https:\/\/rauchfrei.at\/en\/wp-json\/wp\/v2\/pages\/19121\/revisions\/30361"}],"wp:attachment":[{"href":"https:\/\/rauchfrei.at\/en\/wp-json\/wp\/v2\/media?parent=19121"}],"curies":[{"name":"wp","href":"https:\/\/api.w.org\/{rel}","templated":true}]}}