
{"id":218,"date":"2012-03-08T06:15:11","date_gmt":"2012-03-08T06:15:11","guid":{"rendered":"http:\/\/web362.itscserver.org\/wordpress\/?page_id=218"},"modified":"2019-03-11T17:14:54","modified_gmt":"2019-03-11T15:14:54","slug":"schritte-zum-rauchstopp","status":"publish","type":"page","link":"https:\/\/rauchfrei.at\/en\/aufhoeren\/schritte-zum-rauchstopp\/","title":{"rendered":"Schritte zum Rauchstopp"},"content":{"rendered":"<p>[et_pb_section fb_built=&#8221;1&#8243; custom_padding_last_edited=&#8221;off|&#8221; next_background_color=&#8221;#ffffff&#8221; module_class=&#8221;header&#8221; _builder_version=&#8221;3.19.15&#8243; background_color=&#8221;#67bad3&#8243; custom_margin=&#8221;||0px|&#8221; custom_padding=&#8221;100px||10px|&#8221;][et_pb_row custom_padding=&#8221;||0px|&#8221; custom_margin=&#8221;||0px|&#8221; padding_bottom_1=&#8221;0px&#8221; _builder_version=&#8221;3.0.99&#8243;][et_pb_column type=&#8221;4_4&#8243; _builder_version=&#8221;3.0.47&#8243;][et_pb_text admin_label=&#8221;Blue Background Header&#8221; _builder_version=&#8221;3.15&#8243; custom_margin=&#8221;||0px|&#8221; custom_padding=&#8221;||0px|&#8221;]<\/p>\n<h1>Schritte zum Rauchstopp<\/h1>\n<h2>Eine gute Vorbereitung ist das Erfolgsrezept!<\/h2>\n<p>[\/et_pb_text][\/et_pb_column][\/et_pb_row][\/et_pb_section][et_pb_section fb_built=&#8221;1&#8243; prev_background_color=&#8221;#67BAD3&#8243; _builder_version=&#8221;3.0.47&#8243;][et_pb_row _builder_version=&#8221;3.0.48&#8243; background_size=&#8221;initial&#8221; background_position=&#8221;top_left&#8221; background_repeat=&#8221;repeat&#8221;][et_pb_column type=&#8221;2_3&#8243; _builder_version=&#8221;3.0.47&#8243;][et_pb_text _builder_version=&#8221;3.19.15&#8243;]<\/p>\n<p>An den Rauchstopp oder eine Ver\u00e4nderung des Rauchverhaltens zu denken ist der erste Schritt in Richtung Rauchfreiheit!<\/p>\n<p>So unterschiedlich Raucher\/innen sind, so unterschiedlich k\u00f6nnen die Erfolgsrezepte sein, die ihnen dabei helfen, rauchfrei zu werden und zu bleiben. Wir wollen Sie dabei unterst\u00fctzen, den f\u00fcr Sie passenden Weg in die Rauchfreiheit zu finden und dazu ermutigen, Unterst\u00fctzung bei der Entw\u00f6hnung in Anspruch zu nehmen. F\u00fcr die meisten verl\u00e4uft die Ver\u00e4nderung in drei Schritten, wenn auch oft in ganz unterschiedlichen Zeitspannen, mit verschiedenen Zwischenschritten und manchmal auch \u00fcber Umwege.<\/p>\n<h2>\u00a0<\/h2>\n<h2>Der wichtigste Punkt \u2013 den Rauchstopp vorbereiten:<\/h2>\n<p>Nicht mehr ganz zufrieden sein mit dem Rauchen, den Rauchstopp in Betracht ziehen oder schon ganz konkret planen, das eigene Rauchverhalten beobachten, gute Gr\u00fcnde und eigene Motive f\u00fcr die Ver\u00e4nderung haben oder finden, konkrete Strategien ausprobieren anstatt zur Zigarette zu greifen, eigene Ziele haben, zu denen das Rauchen nicht mehr passt,\u2026<\/p>\n<h2>\u00a0<\/h2>\n<h2>Es geht ums Ganze &#8211; den Rauchstopp umsetzen:<\/h2>\n<p>Den ersten rauchfreien Tag planen und dann auch durchziehen, m\u00f6gliche Entzugssymptome gut aushalten, alternative Strategien im Alltag nutzen, anstatt zu rauchen, \u201eNein\u201c Sagen lernen, das neue rauchfreie Ich lieben und sch\u00e4tzen lernen, sich belohnen, den K\u00f6rper bei der Umstellung unterst\u00fctzen, \u2026<\/p>\n<h2>\u00a0<\/h2>\n<h2>Und dann lange Rauchfrei bleiben:<\/h2>\n<p>Trotz Verlangen, Gusto und Verf\u00fcgbarkeit langfristig rauchfrei bleiben, dazu geh\u00f6rt: Verlangensattacken elegant \u00fcberstehen, sich belohnen, das gesparte Geld sinnvoller investieren und stolz auf sich sein, \u2026<\/p>\n<p>Sie sind nicht mehr 100%ig zufrieden mit Ihrem Rauchverhalten, Sie wollen nicht l\u00e4nger abh\u00e4ngig sein? Sie haben es vielleicht schon das eine oder andere Mal versucht und nur eine kurze Zeit geschafft? Da geht es Ihnen wie vielen Raucherinnen und Rauchern! Worauf warten Sie noch, wir unterst\u00fctzen Sie bei der Ver\u00e4nderung.<\/p>\n<p>[\/et_pb_text][\/et_pb_column][et_pb_column type=&#8221;1_3&#8243; _builder_version=&#8221;3.0.47&#8243;][et_pb_dp_dmb_module_10093 farbe=&#8221;blitzgelb&#8221; headline=&#8221;Buchen Sie einen Anruf!&#8221; image=&#8221;https:\/\/rauchfrei.at\/wp-content\/uploads\/rauchfrei-rueckruf-gelb.png&#8221; image_position=&#8221;center&#8221; link_text=&#8221;Anruf buchen!&#8221; link_url=&#8221;#&#8221; image_size=&#8221;80&#8243; admin_label=&#8221;Anruf buchen&#8221; _builder_version=&#8221;3.19.15&#8243; global_module=&#8221;13148&#8243; saved_tabs=&#8221;all&#8221;]<\/p>\n<p>Wir rufen Sie gerne an.<\/p>\n<p>[\/et_pb_dp_dmb_module_10093][et_pb_dp_dmb_module_10080 link_text=&#8221;hier kostenfrei bestellen&#8221; link_url=&#8221;https:\/\/rauchfrei.at\/broschueren-downloads\/bestellung\/&#8221; admin_label=&#8221;Materialbestellung&#8221; _builder_version=&#8221;3.19.15&#8243; global_module=&#8221;13132&#8243; saved_tabs=&#8221;all&#8221;]<\/p>\n<p><strong>Brosch\u00fcren<br \/>bestellen\u00a0<\/strong><\/p>\n<p>[\/et_pb_dp_dmb_module_10080][et_pb_text admin_label=&#8221;Angebote in \u00d6sterreich&#8221; _builder_version=&#8221;3.19.15&#8243; link_option_url=&#8221;https:\/\/rauchfrei.at\/aufhoeren\/weitere-beratungsangebote-in-oe\/ambulante-beratung\/&#8221; global_module=&#8221;13404&#8243; saved_tabs=&#8221;all&#8221;]<\/p>\n<h2>Angebote in \u00d6sterreich<\/h2>\n<p><a href=\"https:\/\/rauchfrei.at\/oesterreichkarte-3\/\"><img loading=\"lazy\" decoding=\"async\" class=\"wp-image-13438 alignnone size-large\" src=\"https:\/\/rauchfrei.at\/wp-content\/uploads\/oesterreichkarte-2-480x248.png\" alt=\"\" width=\"480\" height=\"248\" srcset=\"https:\/\/rauchfrei.at\/wp-content\/uploads\/oesterreichkarte-2-480x248.png 480w, https:\/\/rauchfrei.at\/wp-content\/uploads\/oesterreichkarte-2-225x116.png 225w, https:\/\/rauchfrei.at\/wp-content\/uploads\/oesterreichkarte-2-768x397.png 768w, https:\/\/rauchfrei.at\/wp-content\/uploads\/oesterreichkarte-2-1080x558.png 1080w, https:\/\/rauchfrei.at\/wp-content\/uploads\/oesterreichkarte-2.png 1736w\" sizes=\"(max-width: 480px) 100vw, 480px\" \/><\/a><\/p>\n<p>Finden Sie das passende Angebot von ambulanter Einzelberatung bis hin zur station\u00e4ren Gruppenberatung<br \/>\n<a class=\"mehr\" href=\"https:\/\/rauchfrei.at\/aufhoeren\/weitere-beratungsangebote-in-oe\/ambulante-beratung\/\">mehr<\/a><\/p>\n<p>[\/et_pb_text][\/et_pb_column][\/et_pb_row][\/et_pb_section]<\/p>\n","protected":false},"excerpt":{"rendered":"<p>F\u00fcr einen erfolgreichen Rauchstopp ist die richtige Planung wichtig, mit guter Vorbereitung gelingt Ihnen die Umsetzung des Rauchstopps leichter. Um die Rauchfreiheit langfristig aufrechtzuerhalten helfen viele Strategien. Auch die Rauchfrei App hilft dabei. <\/p>\n","protected":false},"author":2,"featured_media":0,"parent":41,"menu_order":0,"comment_status":"closed","ping_status":"open","template":"","meta":{"_et_pb_use_builder":"on","_et_pb_old_content":"<p>Die folgenden Bereiche sind als Unterst\u00fctzung auf Ihrem Weg in die Rauchfreiheit gedacht. Eine gute Vorbereitung und Planung kann das Gelingen des Rauchstopps wesentlich erleichtern und Ihre Erfolgschancen erh\u00f6hen!<br \/> Hier finden Sie Tipps, Tricks und Strategien f\u00fcr die Umsetzung Ihres Rauchstopps!<\/p>","_et_gb_content_width":"","footnotes":""},"class_list":["post-218","page","type-page","status-publish","hentry"],"yoast_head":"<!-- This site is optimized with the Yoast SEO plugin v26.2 - https:\/\/yoast.com\/wordpress\/plugins\/seo\/ -->\n<title>Schritte zum Rauchstopp - Rauchfrei Telefon<\/title>\n<meta name=\"robots\" content=\"index, follow, max-snippet:-1, max-image-preview:large, max-video-preview:-1\" \/>\n<link rel=\"canonical\" href=\"https:\/\/rauchfrei.at\/aufhoeren\/schritte-zum-rauchstopp\/\" \/>\n<meta property=\"og:locale\" content=\"en_US\" \/>\n<meta property=\"og:type\" content=\"article\" \/>\n<meta property=\"og:title\" content=\"Schritte zum Rauchstopp - Rauchfrei Telefon\" \/>\n<meta property=\"og:description\" content=\"F\u00fcr einen erfolgreichen Rauchstopp ist die richtige Planung wichtig, mit guter Vorbereitung gelingt Ihnen die Umsetzung des Rauchstopps leichter. Um die Rauchfreiheit langfristig aufrechtzuerhalten helfen viele Strategien. Auch die Rauchfrei App hilft dabei.\" \/>\n<meta property=\"og:url\" content=\"https:\/\/rauchfrei.at\/aufhoeren\/schritte-zum-rauchstopp\/\" \/>\n<meta property=\"og:site_name\" content=\"Rauchfrei Telefon\" \/>\n<meta property=\"article:modified_time\" content=\"2019-03-11T15:14:54+00:00\" \/>\n<meta property=\"og:image\" content=\"https:\/\/rauchfrei.at\/wp-content\/uploads\/oesterreichkarte-2-480x248.png\" \/>\n<meta name=\"twitter:card\" content=\"summary_large_image\" \/>\n<meta name=\"twitter:label1\" content=\"Est. reading time\" \/>\n\t<meta name=\"twitter:data1\" content=\"3 minutes\" \/>\n<script type=\"application\/ld+json\" class=\"yoast-schema-graph\">{\"@context\":\"https:\/\/schema.org\",\"@graph\":[{\"@type\":\"WebPage\",\"@id\":\"https:\/\/rauchfrei.at\/aufhoeren\/schritte-zum-rauchstopp\/\",\"url\":\"https:\/\/rauchfrei.at\/aufhoeren\/schritte-zum-rauchstopp\/\",\"name\":\"Schritte zum Rauchstopp - Rauchfrei Telefon\",\"isPartOf\":{\"@id\":\"https:\/\/rauchfrei.at\/#website\"},\"primaryImageOfPage\":{\"@id\":\"https:\/\/rauchfrei.at\/aufhoeren\/schritte-zum-rauchstopp\/#primaryimage\"},\"image\":{\"@id\":\"https:\/\/rauchfrei.at\/aufhoeren\/schritte-zum-rauchstopp\/#primaryimage\"},\"thumbnailUrl\":\"https:\/\/rauchfrei.at\/wp-content\/uploads\/oesterreichkarte-2-480x248.png\",\"datePublished\":\"2012-03-08T06:15:11+00:00\",\"dateModified\":\"2019-03-11T15:14:54+00:00\",\"breadcrumb\":{\"@id\":\"https:\/\/rauchfrei.at\/aufhoeren\/schritte-zum-rauchstopp\/#breadcrumb\"},\"inLanguage\":\"en-US\",\"potentialAction\":[{\"@type\":\"ReadAction\",\"target\":[\"https:\/\/rauchfrei.at\/aufhoeren\/schritte-zum-rauchstopp\/\"]}]},{\"@type\":\"ImageObject\",\"inLanguage\":\"en-US\",\"@id\":\"https:\/\/rauchfrei.at\/aufhoeren\/schritte-zum-rauchstopp\/#primaryimage\",\"url\":\"https:\/\/rauchfrei.at\/wp-content\/uploads\/oesterreichkarte-2-480x248.png\",\"contentUrl\":\"https:\/\/rauchfrei.at\/wp-content\/uploads\/oesterreichkarte-2-480x248.png\"},{\"@type\":\"BreadcrumbList\",\"@id\":\"https:\/\/rauchfrei.at\/aufhoeren\/schritte-zum-rauchstopp\/#breadcrumb\",\"itemListElement\":[{\"@type\":\"ListItem\",\"position\":1,\"name\":\"Aufh\u00f6ren\",\"item\":\"https:\/\/rauchfrei.at\/aufhoeren\/\"},{\"@type\":\"ListItem\",\"position\":2,\"name\":\"Schritte zum Rauchstopp\"}]},{\"@type\":\"WebSite\",\"@id\":\"https:\/\/rauchfrei.at\/#website\",\"url\":\"https:\/\/rauchfrei.at\/\",\"name\":\"Rauchfrei Telefon\",\"description\":\"Eine \u00f6sterreichweite Initiative der Sozialversicherungen.\",\"potentialAction\":[{\"@type\":\"SearchAction\",\"target\":{\"@type\":\"EntryPoint\",\"urlTemplate\":\"https:\/\/rauchfrei.at\/?s={search_term_string}\"},\"query-input\":{\"@type\":\"PropertyValueSpecification\",\"valueRequired\":true,\"valueName\":\"search_term_string\"}}],\"inLanguage\":\"en-US\"}]}<\/script>\n<!-- \/ Yoast SEO plugin. -->","yoast_head_json":{"title":"Schritte zum Rauchstopp - Rauchfrei Telefon","robots":{"index":"index","follow":"follow","max-snippet":"max-snippet:-1","max-image-preview":"max-image-preview:large","max-video-preview":"max-video-preview:-1"},"canonical":"https:\/\/rauchfrei.at\/aufhoeren\/schritte-zum-rauchstopp\/","og_locale":"en_US","og_type":"article","og_title":"Schritte zum Rauchstopp - Rauchfrei Telefon","og_description":"F\u00fcr einen erfolgreichen Rauchstopp ist die richtige Planung wichtig, mit guter Vorbereitung gelingt Ihnen die Umsetzung des Rauchstopps leichter. Um die Rauchfreiheit langfristig aufrechtzuerhalten helfen viele Strategien. Auch die Rauchfrei App hilft dabei.","og_url":"https:\/\/rauchfrei.at\/aufhoeren\/schritte-zum-rauchstopp\/","og_site_name":"Rauchfrei Telefon","article_modified_time":"2019-03-11T15:14:54+00:00","og_image":[{"url":"https:\/\/rauchfrei.at\/wp-content\/uploads\/oesterreichkarte-2-480x248.png","type":"","width":"","height":""}],"twitter_card":"summary_large_image","twitter_misc":{"Est. reading time":"3 minutes"},"schema":{"@context":"https:\/\/schema.org","@graph":[{"@type":"WebPage","@id":"https:\/\/rauchfrei.at\/aufhoeren\/schritte-zum-rauchstopp\/","url":"https:\/\/rauchfrei.at\/aufhoeren\/schritte-zum-rauchstopp\/","name":"Schritte zum Rauchstopp - Rauchfrei Telefon","isPartOf":{"@id":"https:\/\/rauchfrei.at\/#website"},"primaryImageOfPage":{"@id":"https:\/\/rauchfrei.at\/aufhoeren\/schritte-zum-rauchstopp\/#primaryimage"},"image":{"@id":"https:\/\/rauchfrei.at\/aufhoeren\/schritte-zum-rauchstopp\/#primaryimage"},"thumbnailUrl":"https:\/\/rauchfrei.at\/wp-content\/uploads\/oesterreichkarte-2-480x248.png","datePublished":"2012-03-08T06:15:11+00:00","dateModified":"2019-03-11T15:14:54+00:00","breadcrumb":{"@id":"https:\/\/rauchfrei.at\/aufhoeren\/schritte-zum-rauchstopp\/#breadcrumb"},"inLanguage":"en-US","potentialAction":[{"@type":"ReadAction","target":["https:\/\/rauchfrei.at\/aufhoeren\/schritte-zum-rauchstopp\/"]}]},{"@type":"ImageObject","inLanguage":"en-US","@id":"https:\/\/rauchfrei.at\/aufhoeren\/schritte-zum-rauchstopp\/#primaryimage","url":"https:\/\/rauchfrei.at\/wp-content\/uploads\/oesterreichkarte-2-480x248.png","contentUrl":"https:\/\/rauchfrei.at\/wp-content\/uploads\/oesterreichkarte-2-480x248.png"},{"@type":"BreadcrumbList","@id":"https:\/\/rauchfrei.at\/aufhoeren\/schritte-zum-rauchstopp\/#breadcrumb","itemListElement":[{"@type":"ListItem","position":1,"name":"Aufh\u00f6ren","item":"https:\/\/rauchfrei.at\/aufhoeren\/"},{"@type":"ListItem","position":2,"name":"Schritte zum Rauchstopp"}]},{"@type":"WebSite","@id":"https:\/\/rauchfrei.at\/#website","url":"https:\/\/rauchfrei.at\/","name":"Rauchfrei Telefon","description":"Eine \u00f6sterreichweite Initiative der Sozialversicherungen.","potentialAction":[{"@type":"SearchAction","target":{"@type":"EntryPoint","urlTemplate":"https:\/\/rauchfrei.at\/?s={search_term_string}"},"query-input":{"@type":"PropertyValueSpecification","valueRequired":true,"valueName":"search_term_string"}}],"inLanguage":"en-US"}]}},"_links":{"self":[{"href":"https:\/\/rauchfrei.at\/en\/wp-json\/wp\/v2\/pages\/218","targetHints":{"allow":["GET"]}}],"collection":[{"href":"https:\/\/rauchfrei.at\/en\/wp-json\/wp\/v2\/pages"}],"about":[{"href":"https:\/\/rauchfrei.at\/en\/wp-json\/wp\/v2\/types\/page"}],"author":[{"embeddable":true,"href":"https:\/\/rauchfrei.at\/en\/wp-json\/wp\/v2\/users\/2"}],"replies":[{"embeddable":true,"href":"https:\/\/rauchfrei.at\/en\/wp-json\/wp\/v2\/comments?post=218"}],"version-history":[{"count":5,"href":"https:\/\/rauchfrei.at\/en\/wp-json\/wp\/v2\/pages\/218\/revisions"}],"predecessor-version":[{"id":14478,"href":"https:\/\/rauchfrei.at\/en\/wp-json\/wp\/v2\/pages\/218\/revisions\/14478"}],"up":[{"embeddable":true,"href":"https:\/\/rauchfrei.at\/en\/wp-json\/wp\/v2\/pages\/41"}],"wp:attachment":[{"href":"https:\/\/rauchfrei.at\/en\/wp-json\/wp\/v2\/media?parent=218"}],"curies":[{"name":"wp","href":"https:\/\/api.w.org\/{rel}","templated":true}]}}