
{"id":228,"date":"2012-03-08T06:18:09","date_gmt":"2012-03-08T06:18:09","guid":{"rendered":"http:\/\/web362.itscserver.org\/wordpress\/?page_id=228"},"modified":"2025-01-22T11:42:06","modified_gmt":"2025-01-22T09:42:06","slug":"gewicht-verdauung-und-bewegung","status":"publish","type":"page","link":"https:\/\/rauchfrei.at\/en\/aufhoeren\/schritte-zum-rauchstopp\/gewicht-verdauung-und-bewegung\/","title":{"rendered":"Verdauung und Gewicht"},"content":{"rendered":"<p>[et_pb_section fb_built=&#8221;1&#8243; custom_padding_last_edited=&#8221;off|&#8221; module_class=&#8221;header&#8221; _builder_version=&#8221;4.16&#8243; background_color=&#8221;#67BAD3&#8243; custom_margin=&#8221;||0px|&#8221; custom_padding=&#8221;100px||10px|&#8221; global_colors_info=&#8221;{}&#8221;][et_pb_row _builder_version=&#8221;4.16&#8243; custom_margin=&#8221;||0px|&#8221; custom_padding=&#8221;||0px|&#8221; global_colors_info=&#8221;{}&#8221;][et_pb_column type=&#8221;4_4&#8243; _builder_version=&#8221;4.16&#8243; custom_padding=&#8221;||0px|&#8221; global_colors_info=&#8221;{}&#8221; custom_padding__hover=&#8221;|||&#8221;][et_pb_text admin_label=&#8221;Blue Background Header&#8221; _builder_version=&#8221;4.16&#8243; custom_margin=&#8221;||0px|&#8221; custom_padding=&#8221;||0px|&#8221; global_colors_info=&#8221;{}&#8221;]<\/p>\n<h1>Verdauung und Gewicht<\/h1>\n<p>[\/et_pb_text][\/et_pb_column][\/et_pb_row][\/et_pb_section][et_pb_section fb_built=&#8221;1&#8243; _builder_version=&#8221;4.16&#8243; global_colors_info=&#8221;{}&#8221;][et_pb_row column_structure=&#8221;2_3,1_3&#8243; _builder_version=&#8221;4.16&#8243; background_size=&#8221;initial&#8221; background_position=&#8221;top_left&#8221; background_repeat=&#8221;repeat&#8221; global_colors_info=&#8221;{}&#8221;][et_pb_column type=&#8221;2_3&#8243; _builder_version=&#8221;4.16&#8243; custom_padding=&#8221;|||&#8221; global_colors_info=&#8221;{}&#8221; custom_padding__hover=&#8221;|||&#8221;][et_pb_text _builder_version=&#8221;4.16&#8243; global_colors_info=&#8221;{}&#8221;]<\/p>\n<p>Nikotin hat einen gro\u00dfen Einfluss auf die Verdauung, auf den Appetit sowie auf viele Stoffwechselvorg\u00e4nge. Daher sind in einigen F\u00e4llen starke k\u00f6rperliche Auswirkungen im Verdauungstrakt und bei der Gewichtsregulation sp\u00fcrbar, wenn kein Nikotin mehr zugef\u00fchrt wird. Es kann, aber es muss nicht zu Verstopfung und Gewichtszunahme kommen, wenn der Rauchstopp umgesetzt wird. Wenn ein paar Dinge beachtet werden und Sie \u00fcber die k\u00f6rperlichen Abl\u00e4ufe Bescheid wissen, k\u00f6nnen Sie diesen m\u00f6glichen Nebenwirkungen wirksam vorbeugen.<\/p>\n<h2>Verdauung<\/h2>\n<p>Viele Raucher\/innen verbinden mit dem Rauchen auch die Regulation ihrer Verdauung \u2013 die Zigarette in der Fr\u00fch oder nach dem Essen sind ein fixer Bestandteil des Tagesablaufs geworden.<\/p>\n<p>Bisher hat das Nikotin daf\u00fcr gesorgt, dass die Darmperistaltik stark aktiviert wird.<\/p>\n<blockquote>\n<p>Durch den Wegfall des Nikotins <strong>braucht es einige Zeit,<\/strong> bis der Darm seine nat\u00fcrliche Bewegung wieder aufnimmt.<\/p>\n<\/blockquote>\n<p>Daher ist Verstopfung eine h\u00e4ufige unangenehme aber harmlose und kurzfristige Folge des Rauchstopps, die sich nach einigen Wochen normalisiert.<\/p>\n<h3>Verdauungsf\u00f6rderliche Tipps zur Unterst\u00fctzung Ihres Darms:<\/h3>\n<ul>\n<li>Reduzieren Sie stopfende Lebensmittel (Wei\u00dfmehl, Schokolade, Bananen, \u2026).<\/li>\n<li>Unterst\u00fctzen Sie Ihren Magen und Darm indem Sie die Nahrung bereits im Mund durch gutes Kauen zerkleinern.<\/li>\n<li>Ern\u00e4hren Sie sich ballaststoffreich. Greifen Sie zu Vollkornprodukten wie Vollkornreis, Vollkornnudeln oder Vollkornbrot, sowie Obst und Gem\u00fcse.<\/li>\n<li>Geschrotete Leinsamen oder Flohsamen ins Joghurt oder M\u00fcsli ger\u00fchrt sowie \u00fcber Nacht eingeweichte D\u00f6rrzwetschken unterst\u00fctzen die Verdauung sanft.<\/li>\n<\/ul>\n<h3>Achten Sie auf ausreichend Fl\u00fcssigkeit!<\/h3>\n<ul>\n<li>Bei einer ballaststoffreichen Ern\u00e4hrung ist es wichtig, viel zu trinken. Sorgen Sie daher f\u00fcr mindestens ein bis zwei Gl\u00e4ser (250ml) Wasser zus\u00e4tzlich.<\/li>\n<li>Ein Glas lauwarmes Wasser auf n\u00fcchternen Magen f\u00f6rdert die Verdauung gleich in der Fr\u00fch.<\/li>\n<li>Auch ein Glas Apfel- oder Traubensaft auf n\u00fcchternen Magen regt den Enddarm an.<\/li>\n<\/ul>\n<h3>Bewegen Sie sich!<\/h3>\n<p>Ist der K\u00f6rper durch Spazierg\u00e4nge, Stiegen steigen, Schwimmen oder andere Bewegungen aktiv, bewegt sich auch der Darm. So k\u00f6nnen Sie Ihre Darmperistaltik anregen.<\/p>\n<h3>Haben Sie Geduld!<\/h3>\n<p>Es gibt viele M\u00f6glichkeiten, die Verdauung auf nat\u00fcrliche Art und Weise anregen. Geben Sie Ihrem K\u00f6rper jedoch <strong>mindestens vier Wochen Zeit<\/strong> f\u00fcr die Umstellung. Bei anhaltenden Beschwerden konsultieren Sie bitte Ihren Arzt\/Ihre \u00c4rztin oder Ihren Apotheker\/Ihre Apothekerin.<\/p>\n<h2>\u00a0<\/h2>\n<h2>Gewicht<\/h2>\n<p>Nach dem Rauchstopp erholt sich der K\u00f6rper, der Stoffwechsel normalisiert sich. Bei manchen Menschen kommt es in der Zeit nach dem Rauchstopp zu einer Gewichtszunahme. Aus vielen Gr\u00fcnden nimmt man nach dem Rauchstopp leicht zu. Die meisten Ex-Raucher\/innen nehmen deshalb st\u00e4rker zu, weil sie mehr Kalorien zu sich nehmen bzw. weniger Kalorien verbrennen. Hilfreich kann sein, sich im Rahmen des Rauchstopps vor\u00fcbergehend eine leichte Gewichtszunahme (zwei bis drei Kilo) zu erlauben bis sich der K\u00f6rper wieder auf den Normalbetrieb ohne Zigaretten umgestellt hat.<\/p>\n<blockquote>\n<p>Der Nutzen des Rauchstopps <strong>\u00fcberwiegt 2\u20133 Kilos<\/strong> mehr!<\/p>\n<\/blockquote>\n<h3>Gr\u00fcnde f\u00fcr eine m\u00f6gliche Gewichtszunahme<\/h3>\n<ul>\n<li>Die Geschmacks- und Geruchsnerven erholen sich &#8211; alles schmeckt und riecht besser.<\/li>\n<li>Statt zur Zigarette zu greifen, greift man zu Essen.<\/li>\n<li>Hei\u00dfhungerattacken sind ein h\u00e4ufiges Entzugssymptom &#8211; dabei kommt es zu einer starken Kalorienaufnahme (Schokolade, Chips, &#8230;).<\/li>\n<li>Der Blutzuckerspiegel braucht nach dem Rauchstopp eine Weile, um sich wieder einzupendeln, Essen hilft, um den Blutzucker zu erh\u00f6hen.<\/li>\n<li>Das Nikotin als Appetitz\u00fcgler f\u00e4llt weg, man hat mehr Hunger.<\/li>\n<\/ul>\n<p><em>Dazu kommt noch:<\/em><\/p>\n<ul>\n<li>Nichtraucher\/innen verbrauchen bei gleicher Aktivit\u00e4t ca. 300 Kilokalorien\/pro Tag weniger als Raucher\/innen<\/li>\n<li>Nichtraucher\/innen haben keine verst\u00e4rke Entw\u00e4sserung mehr durch das Nikotin, sie lagern mehr Wasser im K\u00f6rper ein, das macht sich auf der Waage bemerkbar.<\/li>\n<\/ul>\n<h3>Vorbeugung von Gewichtszunahme nach dem Rauchstopp<\/h3>\n<p>Sie k\u00f6nnen einiges tun, um einer eventuellen Gewichtszunahme vorzubeugen:<\/p>\n<ul>\n<li>Trinken Sie viel. Wasser, verd\u00fcnnte Obst- und Gem\u00fcses\u00e4fte, Fr\u00fcchte \u2013 und Kr\u00e4utertees sind gesund und kalorienarm.<\/li>\n<li>Bewegen Sie sich im Alltag. Auch Alltagsbewegungen wie Stiegen steigen oder Spazierengehen verbrauchen Kalorien.<\/li>\n<li>Achten Sie auf eine langfristige und vern\u00fcnftige Umstellung Ihrer Ern\u00e4hrung anstelle von strengen kurzfristigen Di\u00e4ten. Eine gesunde Ern\u00e4hrung beinhaltet: viel Gem\u00fcse und Obst, \u00fcberwiegend Vollkorn \u2013 und Getreideprodukte, wenig Fleisch und Fett. Vermeiden Sie Zucker und Wei\u00dfmehl und reduzieren Sie Alkohol- und Kaffeekonsum.<\/li>\n<li>F\u00fcllen Sie Ihre Vitamindepots auf, die durch das Rauchen gelitten haben. Frisches Gem\u00fcse und Obst auf dem t\u00e4glichen Speiseplan sind die beste M\u00f6glichkeit daf\u00fcr.<\/li>\n<li>Greifen Sie zu Kaugummi, Strohhalm oder Zahnstocher, wenn Sie das Gef\u00fchl haben, etwas zwischen den Lippen oder Fingern zu ben\u00f6tigen!<\/li>\n<li>Gusto nach S\u00fc\u00dfem? Ein Glas Orangensaft, ein Naturjoghurt mit einem L\u00f6ffel Honig, Zimt oder Kakaopulver schaffen Abhilfe.<\/li>\n<li>Versuchen Sie, zwischen Hunger und Appetit zu unterscheiden.<\/li>\n<li>Entwickeln Sie Strategien f\u00fcr Hei\u00dfhungerattacken (z.B. Wasser trinken, Karotten knabbern, Bewegung)<\/li>\n<\/ul>\n<p>Sie k\u00f6nnen auch versuchen, etwa 200 bis 300 Kilokalorien pro Tag einzusparen. Das ist in etwa:<\/p>\n<ul>\n<li>1 Croissant (80 g) = 314 kcal<\/li>\n<li>1 Leberk\u00e4sesemmel mit 60 g Leberk\u00e4se (= sehr d\u00fcnne Schnitte) = 317 kcal<\/li>\n<li>1 Stk. Bratwurst = 120 g = 358 kcal<\/li>\n<li>6 Stk. Butterkekse = 303 kcal (= 78 g)<em><br \/><\/em><\/li>\n<\/ul>\n<p>[\/et_pb_text][\/et_pb_column][et_pb_column type=&#8221;1_3&#8243; _builder_version=&#8221;4.16&#8243; custom_padding=&#8221;|||&#8221; global_colors_info=&#8221;{}&#8221; custom_padding__hover=&#8221;|||&#8221;][et_pb_dp_dmb_module_10093 farbe=&#8221;blitzgelb&#8221; headline=&#8221;Buchen Sie einen Anruf!&#8221; image=&#8221;https:\/\/rauchfrei.at\/wp-content\/uploads\/rauchfrei-rueckruf-gelb.png&#8221; image_position=&#8221;center&#8221; link_text=&#8221;Anruf buchen!&#8221; link_url=&#8221;https:\/\/rauchfrei.at\/beratung\/anruf-gewuenscht\/&#8221; image_size=&#8221;80&#8243; admin_label=&#8221;Anruf buchen&#8221; _builder_version=&#8221;3.21.1&#8243; max_width=&#8221;100%&#8221; global_module=&#8221;13148&#8243; saved_tabs=&#8221;all&#8221; global_colors_info=&#8221;{}&#8221;]<\/p>\n<p>Wir rufen Sie gerne an.<\/p>\n<p>[\/et_pb_dp_dmb_module_10093][et_pb_dp_dmb_module_10093 farbe=&#8221;blitzgelb&#8221; headline=&#8221;Trauen Sie sich den Rauchstopp zu!&#8221; image=&#8221;https:\/\/rauchfrei.at\/wp-content\/uploads\/Quitting-Yellow.png&#8221; image_position=&#8221;center&#8221; link_text=&#8221;mehr&#8221; link_url=&#8221;https:\/\/rauchfrei.at\/aufhoeren\/schritte-zum-rauchstopp\/trauen-sie-sich-den-rauchstopp-zu\/&#8221; admin_label=&#8221;Trauen Sie sich den Rauchstopp zu&#8221; _builder_version=&#8221;4.23.1&#8243; global_module=&#8221;13173&#8243; saved_tabs=&#8221;all&#8221; global_colors_info=&#8221;{}&#8221;]<\/p>\n<p>Wollen Sie etwas \u00e4ndern? Worauf warten Sie?<\/p>\n<p>[\/et_pb_dp_dmb_module_10093][et_pb_dp_dmb_module_10080 link_text=&#8221;Hier&#8221; link_url=&#8221;https:\/\/rauchfrei.at\/downloads-tests-und-tools\/&#8221; admin_label=&#8221;Testen Sie Ihre Abh\u00e4ngigkeit&#8221; _builder_version=&#8221;4.20.4&#8243; dp_tiny_mce_line_height=&#8221;1em&#8221; z_index_tablet=&#8221;500&#8243; global_module=&#8221;13157&#8243; saved_tabs=&#8221;all&#8221; global_colors_info=&#8221;{}&#8221;]<\/p>\n<p><strong>Testen <\/strong>Sie Ihre <strong>Abh\u00e4ngigkeit!<\/strong><\/p>\n<p>[\/et_pb_dp_dmb_module_10080][et_pb_dp_dmb_module_10093 farbe=&#8221;blitzblau&#8221; headline=&#8221;Starkes Rauchverlangen?&#8221; image=&#8221;https:\/\/rauchfrei.at\/wp-content\/uploads\/Desire.png&#8221; image_position=&#8221;center&#8221; link_text=&#8221;mehr&#8221; link_url=&#8221;https:\/\/rauchfrei.at\/aufhoeren\/schritte-zum-rauchstopp\/was-tun-bei-verlangensattacken\/&#8221; admin_label=&#8221;Starkes Rauchverlangen?&#8221; _builder_version=&#8221;3.19.15&#8243; max_width=&#8221;100%&#8221; global_module=&#8221;13170&#8243; saved_tabs=&#8221;all&#8221; global_colors_info=&#8221;{}&#8221;]<\/p>\n<p>Bleiben Sie stark, es geht vorbei!<\/p>\n<p>[\/et_pb_dp_dmb_module_10093][et_pb_dp_dmb_module_10080 link_text=&#8221;Hier finden Sie Hilfe&#8221; admin_label=&#8221;R\u00fcckfall &#8211; was nun?&#8221; _builder_version=&#8221;3.19.15&#8243; global_module=&#8221;13143&#8243; global_colors_info=&#8221;{}&#8221;]<\/p>\n<p>R\u00fcckfall &#8211; was nun?<\/p>\n<p>[\/et_pb_dp_dmb_module_10080][\/et_pb_column][\/et_pb_row][\/et_pb_section]<\/p>\n","protected":false},"excerpt":{"rendered":"<p>Verdauung und Gewicht Nikotin hat einen gro\u00dfen Einfluss auf die Verdauung, auf den Appetit sowie auf viele Stoffwechselvorg\u00e4nge. Daher sind in einigen F\u00e4llen starke k\u00f6rperliche Auswirkungen im Verdauungstrakt und bei der Gewichtsregulation sp\u00fcrbar, wenn kein Nikotin mehr zugef\u00fchrt wird. Es kann, aber es muss nicht zu Verstopfung und Gewichtszunahme kommen, wenn der Rauchstopp umgesetzt wird. [&hellip;]<\/p>\n","protected":false},"author":2,"featured_media":0,"parent":218,"menu_order":0,"comment_status":"closed","ping_status":"open","template":"","meta":{"_et_pb_use_builder":"on","_et_pb_old_content":"<p>Rund um das Thema \u201eRauchen und Gewicht\u201c kursieren viele Mythen, weshalb Raucher\/innen h\u00e4ufig Sorge haben, nach dem Rauchstopp Gewicht zuzunehmen. Ein Rauchstopp muss nicht mit einer Gewichtszunahme verbunden sein \u2013 manche Exraucher\/innen nehmen sogar ab, wenn sie den Rauchstopp n\u00fctzen, um insgesamt zu einem ges\u00fcnderen Lebensstil zu finden.<br \/>Entgegen der weit verbreiteten Meinung ist es nicht so, dass Rauchen schlank macht. Studien belegen: Tabak wirkt sich in Kombination mit Hormonen negativ auf die Fettverteilung aus, was bewirkt, dass sich im Laufe der Zeit um die Taille mehr Fett ansammelt. Rauchen eignet sich also nicht zur Gewichtskontrolle.<\/p><h2>Gr\u00fcnde f\u00fcr eine m\u00f6gliche Gewichtszunahme<\/h2><ol><li>Tatsache ist, dass das durch den Zigarettenrauch inhalierte Nikotin den Stoffwechsel beschleunigt und so zu einem um ca. 200 Kalorien gesteigerten Energieumsatz f\u00fchrt. Nach dem Rauchstopp normalisiert sich der Stoffwechsel wieder \u2013 der Kalorienverbrauch sinkt auf das eigentliche Grundniveau. Bei gleicher Ern\u00e4hrung und gleichem Bewegungsausma\u00df wie vor dem Rauchstopp w\u00e4re es normal, im Lauf einiger Monate zwei bis vier Kilogramm zuzunehmen.<\/li><li>Ein m\u00f6gliches Entzugssymptom nach dem Rauchstopp ist vermehrter Appetit. Gepaart mit dem wieder erwachenden Geschmacks- und Geruchssinn essen Sie mehr und so kommt es zu einer erh\u00f6hten Kalorienzufuhr.<\/li><li>Bei manchen Exraucher\/innen kommt es zu einer Art \u201eSuchtverschiebung\u201c \u2013 anstelle der Zigarette wird dann vermehrt zu S\u00fc\u00dfigkeiten gegriffen, was ebenfalls eine Gewichtszunahme beg\u00fcnstigt.<\/li><\/ol><p>Die gute Nachricht ist, dass es eine Vielzahl an M\u00f6glichkeiten gibt, einer eventuellen Gewichtszunahme vorzubeugen, indem Sie vermehrt auf gesunde Ern\u00e4hrung und Bewegung achten.<\/p><h3>Ern\u00e4hrung<\/h3><ul><li>Trinken Sie viel Fl\u00fcssigkeit. Wasser, verd\u00fcnnte Obst- und Gem\u00fcses\u00e4fte, Fr\u00fcchte - und Kr\u00e4utertees sind gesund und kalorienarm.<\/li><li>Achten Sie auf eine langfristige und vern\u00fcnftige Umstellung Ihrer Ern\u00e4hrung anstelle von strengen kurzfristigen Di\u00e4ten. Eine gesunde Ern\u00e4hrung beinhaltet: viel Gem\u00fcse und Obst, \u00fcberwiegend Vollkorn - und Getreideprodukte, wenig Fleisch und Fett. Vermeiden Sie Zucker und Wei\u00dfmehl und reduzieren Sie Alkohol- und Kaffeekonsum.<\/li><li>F\u00fcllen Sie Ihre Vitamindepots auf, die durch das Rauchen gelitten haben. Frisches Gem\u00fcse und Obst auf dem t\u00e4glichen Speiseplan sind die beste M\u00f6glichkeit daf\u00fcr.<\/li><li>Greifen Sie zu Kaugummi, Strohhalm oder Zahnstocher, wenn Sie das Gef\u00fchl haben, etwas zwischen den Lippen oder Fingern zu ben\u00f6tigen!<\/li><li>Gusto nach S\u00fc\u00dfem? Ein Glas Orangensaft, ein Naturjoghurt mit einem L\u00f6ffel Honig, Zimt oder Kakaopulver schaffen Abhilfe.<\/li><li>Versuchen Sie, zwischen Hunger und Appetit zu unterscheiden.<\/li><li>Entwickeln Sie Strategien f\u00fcr Hei\u00dfhungerattacken (z.B. Wasser trinken, Karotten knabbern, Bewegung).<\/li><\/ul><p>Versuchen Sie, etwa 200 Kalorien pro Tag einzusparen. Das sind in etwa:<\/p><ul><li>1 Croissant (174 kcal)<\/li><li>35 g Erdn\u00fcsse (197 kcal)<\/li><li>2 EL Kartoffelsalat mit Mayonnaise (200 kcal)<\/li><li>1 halbes Bier (0,5 l) (ca. 200 kcal)<\/li><li>1 Glas Rotwein (200 kcal)<\/li><li>1\/2 St\u00fcck Schwarzw\u00e4lder Kirschtorte (200 kcal)<\/li><li>1 Flasche Cola (0,33 l) (142 kcal) oder<\/li><li>40 g Schokolade (200 kcal)<\/li><li>1 Muffin (40g) (ca. 170 kcal)<\/li><\/ul><p>Hilfreich kann sein, sich im Rahmen des Rauchstopps (vor\u00fcbergehend) eine leichte Gewichtszunahme (zwei bis drei Kilo) zu erlauben bis sich der K\u00f6rper wieder auf den Normalbetrieb ohne Zigaretten umgestellt hat. Der Nutzen des Rauchstopps \u00fcberwiegt einige wenige Kilos mehr deutlich!<\/p><h2>Umgang mit Verdauungsproblemen<\/h2><p>Viele Raucher\/innen verbinden mit dem Rauchen auch die Regulation ihrer Verdauung - die Zigaretten in der Fr\u00fch oder nach dem Essen sind ein fixer Bestandteil des Tagesablaufs geworden. Bei manchen Menschen kommt es durch die Stoffwechselumstellung nach dem Rauchstopp zu kurzfristigen Verdauungsst\u00f6rungen. Am Besten vorbeugen k\u00f6nnen Sie, wenn Sie bereits vor dem geplanten Rauchstopp die folgenden verdauungsf\u00f6rderlichen Tipps umsetzen.<\/p><h3>Verdauungsf\u00f6rderliche Tipps:<\/h3><ul><li>Ern\u00e4hren Sie sich ballaststoffreich. Greifen Sie zu Vollkornprodukte z.B. Vollkornreis, Vollkornnudel\u00a0 oder Vollkornbrot (mit einem mindestens Anteil von 90%). Experimentieren Sie in diesem Zuge mit vollwertigen Getreideprodukten wie z.B. Hirse, Hafer, Amaranth oder Quinoa.<\/li><li>Reduzieren Sie stopfende Lebensmittel (Wei\u00dfmehl, Schokolade, Bananen,...)<\/li><li>Leinsamen oder Flohsamen (wichtig: geschrotet! z.B. ins Joghurt oder M\u00fcsli ger\u00fchrt) sowie \u00fcber Nacht eingeweichte D\u00f6rrzwetschken unterst\u00fctzen die Verdauung sanft.<\/li><li>Unterst\u00fctzen Sie Ihren Magen und Darm indem Sie die Nahrung bereits im Mund durch gutes Kauen zerkleinern.<\/li><li>Bereichern Sie Ihre Speisen mit Gew\u00fcrzen wie Chilli, Peperoni, Pfeffer, Ingwer und Kurkuma.<\/li><\/ul><h3>Achten Sie auf ausreichend Fl\u00fcssigkeit!<\/h3><ul><li>Gerade bei einer ballaststoffereiche Ern\u00e4hrung ist es wichtig, viel zu trinken. Sorgen Sie daher f\u00fcr mindestens ein bis zwei Gl\u00e4ser (250ml) Wasser <span style=\"text-decoration: underline;\">zus\u00e4tzlich<\/span>.<\/li><li>Gew\u00f6hnen Sie sich an, morgens ein Glas lauwarmes Wasser auf n\u00fcchternen Magen zu trinken.<\/li><li>Auch ein Glas Apfel- oder Traubensaft auf n\u00fcchternen Magen regt den Enddarm an.<\/li><\/ul><h3>Bitterstoffe unterst\u00fctzen die Entgiftungsorgane wie Leber, Niere und Darm.<\/h3><p>Enthalten sind diese z.B. in:<\/p><ul><li>Salaten wie Chicoree, Endivien, Radicchio, Rucola<\/li><li>Gem\u00fcsesorten wie Schwarzwurzel, Sellerie, Fenchel und Artischocken<\/li><li>Gew\u00fcrzen wie Ingwer, Kardamon, Estragon, Lorbeer, Majoram, Rosmarin und Thymian<\/li><\/ul><p><strong>Bewegen Sie sich!<\/strong> Ist der K\u00f6rper aktiv, bewegt sich auch der Darm. So kann Darmtr\u00e4gheit vorgebeugt werden.<\/p><p>So k\u00f6nnen Sie Ihre Verdauung auf nat\u00fcrliche Art und Weise anregen. Geben Sie Ihrem K\u00f6rper jedoch <strong>zwei bis drei Wochen Zeit<\/strong> f\u00fcr die Umstellung.<br \/>Bei anhaltenden Beschwerden konsultieren Sie bitte Ihren Arzt\/Ihre \u00c4rztin oder Ihren Apotheker\/Ihre Apothekerin.<\/p>","_et_gb_content_width":"","footnotes":""},"class_list":["post-228","page","type-page","status-publish","hentry"],"yoast_head":"<!-- This site is optimized with the Yoast SEO plugin v26.2 - https:\/\/yoast.com\/wordpress\/plugins\/seo\/ -->\n<title>Verdauung und Gewicht - Rauchfrei Telefon<\/title>\n<meta name=\"robots\" content=\"index, follow, max-snippet:-1, max-image-preview:large, max-video-preview:-1\" \/>\n<link rel=\"canonical\" href=\"https:\/\/rauchfrei.at\/aufhoeren\/schritte-zum-rauchstopp\/gewicht-verdauung-und-bewegung\/\" \/>\n<meta property=\"og:locale\" content=\"en_US\" \/>\n<meta property=\"og:type\" content=\"article\" \/>\n<meta property=\"og:title\" content=\"Verdauung und Gewicht - Rauchfrei Telefon\" \/>\n<meta property=\"og:description\" content=\"Verdauung und Gewicht Nikotin hat einen gro\u00dfen Einfluss auf die Verdauung, auf den Appetit sowie auf viele Stoffwechselvorg\u00e4nge. Daher sind in einigen F\u00e4llen starke k\u00f6rperliche Auswirkungen im Verdauungstrakt und bei der Gewichtsregulation sp\u00fcrbar, wenn kein Nikotin mehr zugef\u00fchrt wird. Es kann, aber es muss nicht zu Verstopfung und Gewichtszunahme kommen, wenn der Rauchstopp umgesetzt wird. [&hellip;]\" \/>\n<meta property=\"og:url\" content=\"https:\/\/rauchfrei.at\/aufhoeren\/schritte-zum-rauchstopp\/gewicht-verdauung-und-bewegung\/\" \/>\n<meta property=\"og:site_name\" content=\"Rauchfrei Telefon\" \/>\n<meta property=\"article:modified_time\" content=\"2025-01-22T09:42:06+00:00\" \/>\n<meta name=\"twitter:card\" content=\"summary_large_image\" \/>\n<meta name=\"twitter:label1\" content=\"Est. reading time\" \/>\n\t<meta name=\"twitter:data1\" content=\"6 minutes\" \/>\n<script type=\"application\/ld+json\" class=\"yoast-schema-graph\">{\"@context\":\"https:\/\/schema.org\",\"@graph\":[{\"@type\":\"WebPage\",\"@id\":\"https:\/\/rauchfrei.at\/aufhoeren\/schritte-zum-rauchstopp\/gewicht-verdauung-und-bewegung\/\",\"url\":\"https:\/\/rauchfrei.at\/aufhoeren\/schritte-zum-rauchstopp\/gewicht-verdauung-und-bewegung\/\",\"name\":\"Verdauung und Gewicht - Rauchfrei Telefon\",\"isPartOf\":{\"@id\":\"https:\/\/rauchfrei.at\/#website\"},\"datePublished\":\"2012-03-08T06:18:09+00:00\",\"dateModified\":\"2025-01-22T09:42:06+00:00\",\"breadcrumb\":{\"@id\":\"https:\/\/rauchfrei.at\/aufhoeren\/schritte-zum-rauchstopp\/gewicht-verdauung-und-bewegung\/#breadcrumb\"},\"inLanguage\":\"en-US\",\"potentialAction\":[{\"@type\":\"ReadAction\",\"target\":[\"https:\/\/rauchfrei.at\/aufhoeren\/schritte-zum-rauchstopp\/gewicht-verdauung-und-bewegung\/\"]}]},{\"@type\":\"BreadcrumbList\",\"@id\":\"https:\/\/rauchfrei.at\/aufhoeren\/schritte-zum-rauchstopp\/gewicht-verdauung-und-bewegung\/#breadcrumb\",\"itemListElement\":[{\"@type\":\"ListItem\",\"position\":1,\"name\":\"Aufh\u00f6ren\",\"item\":\"https:\/\/rauchfrei.at\/aufhoeren\/\"},{\"@type\":\"ListItem\",\"position\":2,\"name\":\"Schritte zum Rauchstopp\",\"item\":\"https:\/\/rauchfrei.at\/aufhoeren\/schritte-zum-rauchstopp\/\"},{\"@type\":\"ListItem\",\"position\":3,\"name\":\"Verdauung und Gewicht\"}]},{\"@type\":\"WebSite\",\"@id\":\"https:\/\/rauchfrei.at\/#website\",\"url\":\"https:\/\/rauchfrei.at\/\",\"name\":\"Rauchfrei Telefon\",\"description\":\"Eine \u00f6sterreichweite Initiative der Sozialversicherungen.\",\"potentialAction\":[{\"@type\":\"SearchAction\",\"target\":{\"@type\":\"EntryPoint\",\"urlTemplate\":\"https:\/\/rauchfrei.at\/?s={search_term_string}\"},\"query-input\":{\"@type\":\"PropertyValueSpecification\",\"valueRequired\":true,\"valueName\":\"search_term_string\"}}],\"inLanguage\":\"en-US\"}]}<\/script>\n<!-- \/ Yoast SEO plugin. -->","yoast_head_json":{"title":"Verdauung und Gewicht - Rauchfrei Telefon","robots":{"index":"index","follow":"follow","max-snippet":"max-snippet:-1","max-image-preview":"max-image-preview:large","max-video-preview":"max-video-preview:-1"},"canonical":"https:\/\/rauchfrei.at\/aufhoeren\/schritte-zum-rauchstopp\/gewicht-verdauung-und-bewegung\/","og_locale":"en_US","og_type":"article","og_title":"Verdauung und Gewicht - Rauchfrei Telefon","og_description":"Verdauung und Gewicht Nikotin hat einen gro\u00dfen Einfluss auf die Verdauung, auf den Appetit sowie auf viele Stoffwechselvorg\u00e4nge. Daher sind in einigen F\u00e4llen starke k\u00f6rperliche Auswirkungen im Verdauungstrakt und bei der Gewichtsregulation sp\u00fcrbar, wenn kein Nikotin mehr zugef\u00fchrt wird. Es kann, aber es muss nicht zu Verstopfung und Gewichtszunahme kommen, wenn der Rauchstopp umgesetzt wird. [&hellip;]","og_url":"https:\/\/rauchfrei.at\/aufhoeren\/schritte-zum-rauchstopp\/gewicht-verdauung-und-bewegung\/","og_site_name":"Rauchfrei Telefon","article_modified_time":"2025-01-22T09:42:06+00:00","twitter_card":"summary_large_image","twitter_misc":{"Est. reading time":"6 minutes"},"schema":{"@context":"https:\/\/schema.org","@graph":[{"@type":"WebPage","@id":"https:\/\/rauchfrei.at\/aufhoeren\/schritte-zum-rauchstopp\/gewicht-verdauung-und-bewegung\/","url":"https:\/\/rauchfrei.at\/aufhoeren\/schritte-zum-rauchstopp\/gewicht-verdauung-und-bewegung\/","name":"Verdauung und Gewicht - Rauchfrei Telefon","isPartOf":{"@id":"https:\/\/rauchfrei.at\/#website"},"datePublished":"2012-03-08T06:18:09+00:00","dateModified":"2025-01-22T09:42:06+00:00","breadcrumb":{"@id":"https:\/\/rauchfrei.at\/aufhoeren\/schritte-zum-rauchstopp\/gewicht-verdauung-und-bewegung\/#breadcrumb"},"inLanguage":"en-US","potentialAction":[{"@type":"ReadAction","target":["https:\/\/rauchfrei.at\/aufhoeren\/schritte-zum-rauchstopp\/gewicht-verdauung-und-bewegung\/"]}]},{"@type":"BreadcrumbList","@id":"https:\/\/rauchfrei.at\/aufhoeren\/schritte-zum-rauchstopp\/gewicht-verdauung-und-bewegung\/#breadcrumb","itemListElement":[{"@type":"ListItem","position":1,"name":"Aufh\u00f6ren","item":"https:\/\/rauchfrei.at\/aufhoeren\/"},{"@type":"ListItem","position":2,"name":"Schritte zum Rauchstopp","item":"https:\/\/rauchfrei.at\/aufhoeren\/schritte-zum-rauchstopp\/"},{"@type":"ListItem","position":3,"name":"Verdauung und Gewicht"}]},{"@type":"WebSite","@id":"https:\/\/rauchfrei.at\/#website","url":"https:\/\/rauchfrei.at\/","name":"Rauchfrei Telefon","description":"Eine \u00f6sterreichweite Initiative der Sozialversicherungen.","potentialAction":[{"@type":"SearchAction","target":{"@type":"EntryPoint","urlTemplate":"https:\/\/rauchfrei.at\/?s={search_term_string}"},"query-input":{"@type":"PropertyValueSpecification","valueRequired":true,"valueName":"search_term_string"}}],"inLanguage":"en-US"}]}},"_links":{"self":[{"href":"https:\/\/rauchfrei.at\/en\/wp-json\/wp\/v2\/pages\/228","targetHints":{"allow":["GET"]}}],"collection":[{"href":"https:\/\/rauchfrei.at\/en\/wp-json\/wp\/v2\/pages"}],"about":[{"href":"https:\/\/rauchfrei.at\/en\/wp-json\/wp\/v2\/types\/page"}],"author":[{"embeddable":true,"href":"https:\/\/rauchfrei.at\/en\/wp-json\/wp\/v2\/users\/2"}],"replies":[{"embeddable":true,"href":"https:\/\/rauchfrei.at\/en\/wp-json\/wp\/v2\/comments?post=228"}],"version-history":[{"count":6,"href":"https:\/\/rauchfrei.at\/en\/wp-json\/wp\/v2\/pages\/228\/revisions"}],"predecessor-version":[{"id":30380,"href":"https:\/\/rauchfrei.at\/en\/wp-json\/wp\/v2\/pages\/228\/revisions\/30380"}],"up":[{"embeddable":true,"href":"https:\/\/rauchfrei.at\/en\/wp-json\/wp\/v2\/pages\/218"}],"wp:attachment":[{"href":"https:\/\/rauchfrei.at\/en\/wp-json\/wp\/v2\/media?parent=228"}],"curies":[{"name":"wp","href":"https:\/\/api.w.org\/{rel}","templated":true}]}}