
{"id":230,"date":"2012-03-08T06:18:40","date_gmt":"2012-03-08T06:18:40","guid":{"rendered":"http:\/\/web362.itscserver.org\/wordpress\/?page_id=230"},"modified":"2025-08-01T11:58:25","modified_gmt":"2025-08-01T09:58:25","slug":"bleiben-sie-rauchfrei","status":"publish","type":"page","link":"https:\/\/rauchfrei.at\/en\/aufhoeren\/schritte-zum-rauchstopp\/bleiben-sie-rauchfrei\/","title":{"rendered":"Rauchfrei bleiben"},"content":{"rendered":"<p>[et_pb_section fb_built=&#8221;1&#8243; custom_padding_last_edited=&#8221;off|&#8221; module_class=&#8221;header&#8221; _builder_version=&#8221;4.16&#8243; background_color=&#8221;#67BAD3&#8243; custom_margin=&#8221;||0px|&#8221; custom_padding=&#8221;100px||10px|&#8221; global_colors_info=&#8221;{}&#8221;][et_pb_row _builder_version=&#8221;4.16&#8243; custom_margin=&#8221;||0px|&#8221; custom_padding=&#8221;||0px|&#8221; global_colors_info=&#8221;{}&#8221;][et_pb_column type=&#8221;4_4&#8243; _builder_version=&#8221;4.16&#8243; custom_padding=&#8221;||0px|&#8221; global_colors_info=&#8221;{}&#8221; custom_padding__hover=&#8221;|||&#8221;][et_pb_text admin_label=&#8221;Blue Background Header&#8221; _builder_version=&#8221;4.16&#8243; custom_margin=&#8221;||0px|&#8221; custom_padding=&#8221;||0px|&#8221; global_colors_info=&#8221;{}&#8221;]<\/p>\n<h1>Rauchfrei bleiben<\/h1>\n<h2>Der Rauchstopp ist geschafft &#8211; nun geht\u00b4s erst richtig los!<\/h2>\n<p>[\/et_pb_text][\/et_pb_column][\/et_pb_row][\/et_pb_section][et_pb_section fb_built=&#8221;1&#8243; _builder_version=&#8221;4.16&#8243; global_colors_info=&#8221;{}&#8221;][et_pb_row column_structure=&#8221;2_3,1_3&#8243; _builder_version=&#8221;4.16&#8243; background_size=&#8221;initial&#8221; background_position=&#8221;top_left&#8221; background_repeat=&#8221;repeat&#8221; global_colors_info=&#8221;{}&#8221;][et_pb_column type=&#8221;2_3&#8243; _builder_version=&#8221;4.16&#8243; custom_padding=&#8221;|||&#8221; global_colors_info=&#8221;{}&#8221; custom_padding__hover=&#8221;|||&#8221;][et_pb_text _builder_version=&#8221;4.27.4&#8243; hover_enabled=&#8221;0&#8243; global_colors_info=&#8221;{}&#8221; sticky_enabled=&#8221;0&#8243;]<\/p>\n<h2>Der Rauchstopp ist geschafft?!<br \/>Gratulation zu Ihrem Schritt in die Rauchfreiheit!<\/h2>\n<p>Die gute Nachricht: der erste und wichtigste Schritt ist geschafft. Doch damit ist es noch nicht getan. Nun hei\u00dft es, die Rauchfreiheit zu erhalten! Wie das am besten geht?<\/p>\n<h3>Hier finden Sie Informationen und hilfreiche Tipps, zum rauchfrei bleiben!<\/h3>\n<p>F\u00fcr manche ist es der erste Rauchstopp, manche haben schon mehrere Anl\u00e4ufe hinter sich &#8211; Das langfristige Rauchfrei bleiben ist f\u00fcr die meisten eine Herausforderung, nachdem der erste rauchfreie Tag geschafft ist. Der Rauchstopp selbst ist vergleichbar mit einem Sprint: man braucht kurzfristig viel Kraft. Die dauerhafte Rauchfreiheit gleicht vielmehr einem Marathon, der Ausdauer, Kondition und Achtsamkeit verlangt, ganz gleich, wie oft Sie schon den Rauchstopp gesetzt haben.<\/p>\n<p>Der Alltag macht sich breit, alte Gewohnheiten wollen ihren Platz, die Nikotinrezeptoren schreien vielleicht nach Nikotin und der K\u00f6rper muss sich mit der Umstellung abfinden. Nach den ersten rauchfreien Tagen kann es manchmal etwas schwieriger werden, den Verlangensattacken nach einer Zigarette zu widerstehen. Es k\u00f6nnen Gedanken auftauchen, wie &#8221; Eine ist Keine!&#8221; oder &#8220;Schauen wir mal, ob es noch schmeckt!&#8221;<\/p>\n<p>Sich selbst auf diese Art und Weise zu testen is oft die gr\u00f6\u00dfte Falle. Das Suchtged\u00e4chtnis im Gehirn springt sofort wieder an, sobald Nikotin zugef\u00fchrt wird. Es verlangt sofort nach mehr \u201eNahrung\u201c. So kann das Verlangen schnell wieder sehr stark werden und die Wahrscheinlichkeit eines R\u00fcckfalls steigt. Vermeiden Sie genau diesen \u201eeinen Griff\u201c zur Zigarette!<\/p>\n<blockquote>\n<p>Bleiben Sie <strong>heute rauchfrei!<\/strong><\/p>\n<\/blockquote>\n<ul>\n<li>Achten Sie immer auf den heutigen Tag &#8211; bleiben Sie heute rauchfrei, morgen ist ein neuer Tag.<\/li>\n<li>Machen Sie sich Ihre pers\u00f6nlichen Gr\u00fcnde f\u00fcr die Rauchfreiheit bewu\u00dft. Welche sind besonders wichtig?<\/li>\n<li>Bleiben Sie standhaft! Alle Ereignisse, alle Nachrichten, ob gut oder schlecht, bleiben gleich &#8211; ob Sie rauchen oder nicht.<\/li>\n<li>Nutzen Sie Ihre pers\u00f6nlichen Hilfsstrategien, die sich bei Ihnen bew\u00e4hrt haben (<a href=\"https:\/\/rauchfrei.at\/alternativen\/\" target=\"_blank\" rel=\"noopener noreferrer\">3-A-Technik<\/a>)!<\/li>\n<li>Holen Sie Unterst\u00fctzung, wenn es eng wird oder falls es hart auf hart geht (<a href=\"https:\/\/rauchfrei.at\/beratung-vom-rauchfrei-telefon\/\" target=\"_blank\" rel=\"noopener noreferrer\">Rauchfrei Telefon<\/a>)!<\/li>\n<\/ul>\n<p>[\/et_pb_text][\/et_pb_column][et_pb_column type=&#8221;1_3&#8243; _builder_version=&#8221;4.16&#8243; custom_padding=&#8221;|||&#8221; global_colors_info=&#8221;{}&#8221; custom_padding__hover=&#8221;|||&#8221;][et_pb_dp_dmb_module_10093 farbe=&#8221;blitzblau&#8221; headline=&#8221;Passivrauch&#8221; image=&#8221;https:\/\/rauchfrei.at\/wp-content\/uploads\/passivrauch-rauchfrei-fuer-alle.png&#8221; image_position=&#8221;center&#8221; link_text=&#8221;mehr&#8221; link_url=&#8221;https:\/\/rauchfrei.at\/fakten\/passivrauch\/&#8221; image_size=&#8221;70&#8243; admin_label=&#8221;Passivrauch&#8221; _builder_version=&#8221;3.19.15&#8243; global_module=&#8221;13172&#8243; saved_tabs=&#8221;all&#8221; global_colors_info=&#8221;{}&#8221;]<\/p>\n<p>Rauch ist giftig, niemand sollte ihn einatmen!<\/p>\n<p>[\/et_pb_dp_dmb_module_10093][\/et_pb_column][\/et_pb_row][\/et_pb_section]<\/p>\n","protected":false},"excerpt":{"rendered":"<p>Viele Raucher und Raucherinnen sind positiv \u00fcberrascht dar\u00fcber, dass die Umsetzung des Rauchstopps problemlos gelingt und vielleicht sogar einfacher ist als angenommen. Nach den ersten rauchfreien Tagen kann es manchmal etwas schwieriger werden, den Verlangensattacken <\/p>\n","protected":false},"author":2,"featured_media":0,"parent":218,"menu_order":0,"comment_status":"closed","ping_status":"open","template":"","meta":{"_et_pb_use_builder":"on","_et_pb_old_content":"<p>Viele Raucher\/innen sind positiv \u00fcberrascht dar\u00fcber, dass die Umsetzung des Rauchstopps problemlos gelingt und vielleicht sogar einfacher ist als angenommen. Nach den ersten rauchfreien Tagen kann es manchmal etwas schwieriger werden, den Verlangensattacken nach einer Zigarette zu widerstehen. Es k\u00f6nnen Gedanken auftauchen, die einem sagen, dass es ja nicht so schlimm w\u00e4re, ein paar Z\u00fcge oder eine einzige Zigarette zu probieren \u2013 danach k\u00f6nne man ja wieder aufh\u00f6ren.<\/p><p>In diesem \u201enur ein paar Z\u00fcge oder eine Zigarette probieren\u201c liegt oft das Problem, da das Suchtged\u00e4chtnis im Gehirn sofort wieder anspringt und nach mehr \u201eNahrung\u201c verlangt. So kann das Verlangen schnell wieder sehr stark werden und die Wahrscheinlichkeit eines R\u00fcckfalls steigt. Versuchen Sie deshalb, genau diesen \u201eeinen Griff\u201c zur Zigarette zu vermeiden \u2013 halten Sie sich das, was Sie schon geschafft haben, vor Augen und versuchen Sie, weiter an Ihren Erfolg anzuschlie\u00dfen.<\/p><h2>Nehmen Sie sich vor, HEUTE rauchfrei zu verbringen!<\/h2><ul><li>Konzentrieren Sie sich immer auf den heutigen Tag.<\/li><li>Bleiben Sie standhaft! Weder eine gute noch eine schlechte Nachricht oder Laune ist ein Grund f\u00fcr \"nur die eine Zigarette\".<\/li><li>Denken Sie in Etappen und nehmen Sie sich jeden Tag neu vor, rauchfrei zu bleiben.<\/li><li>Seien Sie sich dar\u00fcber im Klaren, dass bereits eine Zigarette den R\u00fcckfall bedeuten kann. Probieren Sie nicht, ob sie Ihnen schmeckt - damit riskieren Sie Ihren bisherigen Erfolg.<\/li><li>Setzen Sie jene Strategien ein, die Ihnen bisher geholfen haben rauchfrei zu bleiben.<\/li><\/ul>","_et_gb_content_width":"","footnotes":""},"class_list":["post-230","page","type-page","status-publish","hentry"],"yoast_head":"<!-- This site is optimized with the Yoast SEO plugin v26.2 - https:\/\/yoast.com\/wordpress\/plugins\/seo\/ -->\n<title>Rauchfrei bleiben - Rauchfrei Telefon<\/title>\n<meta name=\"robots\" content=\"index, follow, max-snippet:-1, max-image-preview:large, max-video-preview:-1\" \/>\n<link rel=\"canonical\" href=\"https:\/\/rauchfrei.at\/aufhoeren\/schritte-zum-rauchstopp\/bleiben-sie-rauchfrei\/\" \/>\n<meta property=\"og:locale\" content=\"en_US\" \/>\n<meta property=\"og:type\" content=\"article\" \/>\n<meta property=\"og:title\" content=\"Rauchfrei bleiben - Rauchfrei Telefon\" \/>\n<meta property=\"og:description\" content=\"Viele Raucher und Raucherinnen sind positiv \u00fcberrascht dar\u00fcber, dass die Umsetzung des Rauchstopps problemlos gelingt und vielleicht sogar einfacher ist als angenommen. Nach den ersten rauchfreien Tagen kann es manchmal etwas schwieriger werden, den Verlangensattacken\" \/>\n<meta property=\"og:url\" content=\"https:\/\/rauchfrei.at\/aufhoeren\/schritte-zum-rauchstopp\/bleiben-sie-rauchfrei\/\" \/>\n<meta property=\"og:site_name\" content=\"Rauchfrei Telefon\" \/>\n<meta property=\"article:modified_time\" content=\"2025-08-01T09:58:25+00:00\" \/>\n<meta name=\"twitter:card\" content=\"summary_large_image\" \/>\n<meta name=\"twitter:label1\" content=\"Est. reading time\" \/>\n\t<meta name=\"twitter:data1\" content=\"3 minutes\" \/>\n<script type=\"application\/ld+json\" class=\"yoast-schema-graph\">{\"@context\":\"https:\/\/schema.org\",\"@graph\":[{\"@type\":\"WebPage\",\"@id\":\"https:\/\/rauchfrei.at\/aufhoeren\/schritte-zum-rauchstopp\/bleiben-sie-rauchfrei\/\",\"url\":\"https:\/\/rauchfrei.at\/aufhoeren\/schritte-zum-rauchstopp\/bleiben-sie-rauchfrei\/\",\"name\":\"Rauchfrei bleiben - Rauchfrei Telefon\",\"isPartOf\":{\"@id\":\"https:\/\/rauchfrei.at\/#website\"},\"datePublished\":\"2012-03-08T06:18:40+00:00\",\"dateModified\":\"2025-08-01T09:58:25+00:00\",\"breadcrumb\":{\"@id\":\"https:\/\/rauchfrei.at\/aufhoeren\/schritte-zum-rauchstopp\/bleiben-sie-rauchfrei\/#breadcrumb\"},\"inLanguage\":\"en-US\",\"potentialAction\":[{\"@type\":\"ReadAction\",\"target\":[\"https:\/\/rauchfrei.at\/aufhoeren\/schritte-zum-rauchstopp\/bleiben-sie-rauchfrei\/\"]}]},{\"@type\":\"BreadcrumbList\",\"@id\":\"https:\/\/rauchfrei.at\/aufhoeren\/schritte-zum-rauchstopp\/bleiben-sie-rauchfrei\/#breadcrumb\",\"itemListElement\":[{\"@type\":\"ListItem\",\"position\":1,\"name\":\"Aufh\u00f6ren\",\"item\":\"https:\/\/rauchfrei.at\/aufhoeren\/\"},{\"@type\":\"ListItem\",\"position\":2,\"name\":\"Schritte zum Rauchstopp\",\"item\":\"https:\/\/rauchfrei.at\/aufhoeren\/schritte-zum-rauchstopp\/\"},{\"@type\":\"ListItem\",\"position\":3,\"name\":\"Rauchfrei bleiben\"}]},{\"@type\":\"WebSite\",\"@id\":\"https:\/\/rauchfrei.at\/#website\",\"url\":\"https:\/\/rauchfrei.at\/\",\"name\":\"Rauchfrei Telefon\",\"description\":\"Eine \u00f6sterreichweite Initiative der Sozialversicherungen.\",\"potentialAction\":[{\"@type\":\"SearchAction\",\"target\":{\"@type\":\"EntryPoint\",\"urlTemplate\":\"https:\/\/rauchfrei.at\/?s={search_term_string}\"},\"query-input\":{\"@type\":\"PropertyValueSpecification\",\"valueRequired\":true,\"valueName\":\"search_term_string\"}}],\"inLanguage\":\"en-US\"}]}<\/script>\n<!-- \/ Yoast SEO plugin. -->","yoast_head_json":{"title":"Rauchfrei bleiben - Rauchfrei Telefon","robots":{"index":"index","follow":"follow","max-snippet":"max-snippet:-1","max-image-preview":"max-image-preview:large","max-video-preview":"max-video-preview:-1"},"canonical":"https:\/\/rauchfrei.at\/aufhoeren\/schritte-zum-rauchstopp\/bleiben-sie-rauchfrei\/","og_locale":"en_US","og_type":"article","og_title":"Rauchfrei bleiben - Rauchfrei Telefon","og_description":"Viele Raucher und Raucherinnen sind positiv \u00fcberrascht dar\u00fcber, dass die Umsetzung des Rauchstopps problemlos gelingt und vielleicht sogar einfacher ist als angenommen. Nach den ersten rauchfreien Tagen kann es manchmal etwas schwieriger werden, den Verlangensattacken","og_url":"https:\/\/rauchfrei.at\/aufhoeren\/schritte-zum-rauchstopp\/bleiben-sie-rauchfrei\/","og_site_name":"Rauchfrei Telefon","article_modified_time":"2025-08-01T09:58:25+00:00","twitter_card":"summary_large_image","twitter_misc":{"Est. reading time":"3 minutes"},"schema":{"@context":"https:\/\/schema.org","@graph":[{"@type":"WebPage","@id":"https:\/\/rauchfrei.at\/aufhoeren\/schritte-zum-rauchstopp\/bleiben-sie-rauchfrei\/","url":"https:\/\/rauchfrei.at\/aufhoeren\/schritte-zum-rauchstopp\/bleiben-sie-rauchfrei\/","name":"Rauchfrei bleiben - Rauchfrei Telefon","isPartOf":{"@id":"https:\/\/rauchfrei.at\/#website"},"datePublished":"2012-03-08T06:18:40+00:00","dateModified":"2025-08-01T09:58:25+00:00","breadcrumb":{"@id":"https:\/\/rauchfrei.at\/aufhoeren\/schritte-zum-rauchstopp\/bleiben-sie-rauchfrei\/#breadcrumb"},"inLanguage":"en-US","potentialAction":[{"@type":"ReadAction","target":["https:\/\/rauchfrei.at\/aufhoeren\/schritte-zum-rauchstopp\/bleiben-sie-rauchfrei\/"]}]},{"@type":"BreadcrumbList","@id":"https:\/\/rauchfrei.at\/aufhoeren\/schritte-zum-rauchstopp\/bleiben-sie-rauchfrei\/#breadcrumb","itemListElement":[{"@type":"ListItem","position":1,"name":"Aufh\u00f6ren","item":"https:\/\/rauchfrei.at\/aufhoeren\/"},{"@type":"ListItem","position":2,"name":"Schritte zum Rauchstopp","item":"https:\/\/rauchfrei.at\/aufhoeren\/schritte-zum-rauchstopp\/"},{"@type":"ListItem","position":3,"name":"Rauchfrei bleiben"}]},{"@type":"WebSite","@id":"https:\/\/rauchfrei.at\/#website","url":"https:\/\/rauchfrei.at\/","name":"Rauchfrei Telefon","description":"Eine \u00f6sterreichweite Initiative der Sozialversicherungen.","potentialAction":[{"@type":"SearchAction","target":{"@type":"EntryPoint","urlTemplate":"https:\/\/rauchfrei.at\/?s={search_term_string}"},"query-input":{"@type":"PropertyValueSpecification","valueRequired":true,"valueName":"search_term_string"}}],"inLanguage":"en-US"}]}},"_links":{"self":[{"href":"https:\/\/rauchfrei.at\/en\/wp-json\/wp\/v2\/pages\/230","targetHints":{"allow":["GET"]}}],"collection":[{"href":"https:\/\/rauchfrei.at\/en\/wp-json\/wp\/v2\/pages"}],"about":[{"href":"https:\/\/rauchfrei.at\/en\/wp-json\/wp\/v2\/types\/page"}],"author":[{"embeddable":true,"href":"https:\/\/rauchfrei.at\/en\/wp-json\/wp\/v2\/users\/2"}],"replies":[{"embeddable":true,"href":"https:\/\/rauchfrei.at\/en\/wp-json\/wp\/v2\/comments?post=230"}],"version-history":[{"count":7,"href":"https:\/\/rauchfrei.at\/en\/wp-json\/wp\/v2\/pages\/230\/revisions"}],"predecessor-version":[{"id":31052,"href":"https:\/\/rauchfrei.at\/en\/wp-json\/wp\/v2\/pages\/230\/revisions\/31052"}],"up":[{"embeddable":true,"href":"https:\/\/rauchfrei.at\/en\/wp-json\/wp\/v2\/pages\/218"}],"wp:attachment":[{"href":"https:\/\/rauchfrei.at\/en\/wp-json\/wp\/v2\/media?parent=230"}],"curies":[{"name":"wp","href":"https:\/\/api.w.org\/{rel}","templated":true}]}}