
{"id":232,"date":"2012-03-08T06:19:14","date_gmt":"2012-03-08T06:19:14","guid":{"rendered":"http:\/\/web362.itscserver.org\/wordpress\/?page_id=232"},"modified":"2019-05-28T11:09:25","modified_gmt":"2019-05-28T09:09:25","slug":"rueckfall-was-nun","status":"publish","type":"page","link":"https:\/\/rauchfrei.at\/en\/aufhoeren\/schritte-zum-rauchstopp\/rueckfall-was-nun\/","title":{"rendered":"R\u00fcckfall \u2013 was nun?"},"content":{"rendered":"<p>[et_pb_section bb_built=&#8221;1&#8243; custom_padding_last_edited=&#8221;off|&#8221; module_class=&#8221;header&#8221; _builder_version=&#8221;3.0.99&#8243; background_color=&#8221;#67BAD3&#8243; custom_margin=&#8221;||0px|&#8221; custom_padding=&#8221;100px||10px|&#8221; next_background_color=&#8221;#ffffff&#8221;][et_pb_row custom_padding=&#8221;||0px|&#8221; custom_margin=&#8221;||0px|&#8221; padding_bottom_1=&#8221;0px&#8221; _builder_version=&#8221;3.0.99&#8243;][et_pb_column type=&#8221;4_4&#8243;][et_pb_text admin_label=&#8221;Blue Background Header&#8221; _builder_version=&#8221;3.15&#8243; custom_margin=&#8221;||0px|&#8221; custom_padding=&#8221;||0px|&#8221;]<\/p>\n<h1>R\u00fcckfall \u2013 kein Grund aufzugeben!<\/h1>\n<div class=\"wrapper-area\">\n<div class=\"wrapper-holder\">\n<div class=\"wrapper-frame\">\n<div id=\"wrapper\">\n<div id=\"main\">\n<div id=\"threecolumns\">\n<div class=\"content-column\">\n<div id=\"twocolumns\">\n<div id=\"content\">\n<div class=\"single-post\">\n<h2>Lassen Sie sich nicht entmutigen, R\u00fcckf\u00e4lle geh\u00f6ren fast immer dazu! Lernen Sie daraus f\u00fcr den n\u00e4chsten Anlauf.<\/h2>\n<\/div>\n<\/div>\n<\/div>\n<\/div>\n<\/div>\n<\/div>\n<\/div>\n<\/div>\n<\/div>\n<\/div>\n<p>[\/et_pb_text][\/et_pb_column][\/et_pb_row][\/et_pb_section][et_pb_section bb_built=&#8221;1&#8243; _builder_version=&#8221;3.0.47&#8243; prev_background_color=&#8221;#67BAD3&#8243;][et_pb_row _builder_version=&#8221;3.0.48&#8243; background_size=&#8221;initial&#8221; background_position=&#8221;top_left&#8221; background_repeat=&#8221;repeat&#8221;][et_pb_column type=&#8221;2_3&#8243;][et_pb_text _builder_version=&#8221;3.19.15&#8243;]<\/p>\n<p>Der Gro\u00dfteil der Raucher\/innen ben\u00f6tigt mehr als einen Anlauf, um l\u00e4ngerfristig rauchfrei zu bleiben.<\/p>\n<p>Rauchen ist nicht einfach eine \u201eschlechte Angewohnheit\u201c oder ein \u201ekleines Laster\u201c, wie es h\u00e4ufig verharmlosend dargestellt wird \u2013 <strong>Rauchen ist in den meisten F\u00e4llen eine chronische Suchterkrankung<\/strong>. Betrachten Sie den Ausrutscher oder vor\u00fcbergehenden R\u00fcckfall als wichtigen Teil des Weges in die Rauchfreiheit.<\/p>\n<p>Von einem <strong>R\u00fcckfall<\/strong> spricht man, wenn das alte Rauchverhalten wieder aufgenommen wurde.<br \/> Ein <strong>Ausrutscher<\/strong> bedeutet, dass man zwar geraucht hat, aber nicht wieder in das urspr\u00fcngliche Rauchverhalten zur\u00fcckgefallen ist.<\/p>\n<blockquote>\n<p>Lassen Sie sich <strong>nicht<\/strong> entmutigen!<\/p>\n<\/blockquote>\n<p>Denken Sie daran, wie viel Jahre bzw. Jahrzehnte Sie geraucht haben. Die Zigarette war Ihre st\u00e4ndige Begleiterin in allen m\u00f6glichen und unm\u00f6glichen Lebenssituationen. Es braucht Zeit und Geduld, um sich an das neue Verhalten zu gew\u00f6hnen, eine Identit\u00e4t als Nichtraucher\/in aufzubauen, neue Gewohnheiten und Rituale zu entwickeln. Seien Sie gro\u00dfz\u00fcgig zu sich, wenn ein Ausrutscher passiert ist. \u00c4rgern Sie sich nicht, sondern analysieren Sie die Situation &#8211; wahrscheinlich wissen Sie genau, warum der Ausrutscher passiert ist &#8211; und machen Sie weiter mit dem Nichtrauchen.<\/p>\n<p>[\/et_pb_text][et_pb_text _builder_version=&#8221;3.20.2&#8243;]<\/p>\n<h2>Einige Tipps f\u00fcr den Neustart:<\/h2>\n<ul>\n<li>Warum wollen Sie rauchfrei leben? Machen Sie sich nochmal Ihre pers\u00f6nlichen Gr\u00fcnde bewusst!<\/li>\n<li>Lassen Sie sich nicht entmutigen, analysieren Sie, warum Sie zur Zigarette gegriffen haben: War Alkohol im Spiel, waren Sie gestresst, wollten Sie sich beweisen, dass Sie sich &#8220;unter Kontrolle&#8221; haben, hatten Sie starkes Rauchverlangen?<\/li>\n<li>Machen Sie mit dem Nichtrauchen weiter &#8211; Sie haben schon Erfahrung damit!<\/li>\n<li>Machen Sie sich bewusst, wie viele Strategien und Alternativen Sie schon kennen, um rauchfrei zu bleiben.<\/li>\n<li>Setzen Sie sich ein neues Rauchstoppdatum &#8211; sobald wie m\u00f6glich.<\/li>\n<li>Beseitigen Sie erneut alle Rauchutensilien.<\/li>\n<li>Nutzen Sie Unterst\u00fctzung beim Rauchfrei werden!<\/li>\n<\/ul>\n<h3>Um f\u00fcr die Zukunft noch besser auf eventuell schwierige Situationen vorzubereiten, \u00fcberdenken Sie Folgendes f\u00fcr sich:<\/h3>\n<ul>\n<li>Wie ist es eigentlich dazu gekommen?<\/li>\n<li>Was h\u00e4tten Sie gebraucht, um die Zigarette nicht zu rauchen?<\/li>\n<li>Wer h\u00e4tte Sie unter Umst\u00e4nden unterst\u00fctzen k\u00f6nnen?<\/li>\n<li>Analysieren Sie Ihren R\u00fcckfall sorgf\u00e4ltig. Nutzen Sie Ihre R\u00fcckfall-Erfahrungen, um weiter rauchfrei zu bleiben und noch besser um f\u00fcr eventuelle Verlangensattacken ger\u00fcstet zu sein!<\/li>\n<\/ul>\n<p>&nbsp;<\/p>\n<p>[\/et_pb_text][et_pb_dp_dmb_module_15144 headline=&#8221;\u00c4hnliche Beitr\u00e4ge&#8221; _builder_version=&#8221;3.21.1&#8243; z_index_tablet=&#8221;500&#8243;][et_pb_dp_dmb_module_15144_item linktext=&#8221;Rauchfrei mehr vom Leben haben&#8221; link=&#8221;https:\/\/rauchfrei.at\/wieder-mehr-vom-leben-haben\/&#8221; new_window=&#8221;1&#8243; _builder_version=&#8221;3.21.1&#8243; link_option_url=&#8221;\/home&#8221; use_background_color_gradient=&#8221;off&#8221; background_color_gradient_start=&#8221;#2b87da&#8221; background_color_gradient_end=&#8221;#29c4a9&#8243; background_color_gradient_type=&#8221;linear&#8221; background_color_gradient_direction=&#8221;180deg&#8221; background_color_gradient_direction_radial=&#8221;center&#8221; background_color_gradient_start_position=&#8221;0%&#8221; background_color_gradient_end_position=&#8221;100%&#8221; background_color_gradient_overlays_image=&#8221;off&#8221; parallax=&#8221;off&#8221; parallax_method=&#8221;on&#8221; background_size=&#8221;cover&#8221; background_position=&#8221;center&#8221; background_repeat=&#8221;no-repeat&#8221; background_blend=&#8221;normal&#8221; allow_player_pause=&#8221;off&#8221; background_video_pause_outside_viewport=&#8221;on&#8221; link_option_url_new_window=&#8221;off&#8221; text_shadow_style=&#8221;none&#8221; box_shadow_style=&#8221;none&#8221; hover_transition_duration=&#8221;300ms&#8221; hover_transition_delay=&#8221;0ms&#8221; hover_transition_speed_curve=&#8221;ease&#8221; \/][et_pb_dp_dmb_module_15144_item linktext=&#8221;Meine Eltern rauchen&#8221; link=&#8221;https:\/\/rauchfrei.at\/meine-eltern-rauchen\/&#8221; new_window=&#8221;1&#8243; _builder_version=&#8221;3.21.1&#8243; link_option_url=&#8221;\/&#8221; use_background_color_gradient=&#8221;off&#8221; background_color_gradient_start=&#8221;#2b87da&#8221; background_color_gradient_end=&#8221;#29c4a9&#8243; background_color_gradient_type=&#8221;linear&#8221; background_color_gradient_direction=&#8221;180deg&#8221; background_color_gradient_direction_radial=&#8221;center&#8221; background_color_gradient_start_position=&#8221;0%&#8221; background_color_gradient_end_position=&#8221;100%&#8221; background_color_gradient_overlays_image=&#8221;off&#8221; parallax=&#8221;off&#8221; parallax_method=&#8221;on&#8221; background_size=&#8221;cover&#8221; background_position=&#8221;center&#8221; background_repeat=&#8221;no-repeat&#8221; background_blend=&#8221;normal&#8221; allow_player_pause=&#8221;off&#8221; background_video_pause_outside_viewport=&#8221;on&#8221; link_option_url_new_window=&#8221;off&#8221; text_shadow_style=&#8221;none&#8221; box_shadow_style=&#8221;none&#8221; hover_transition_duration=&#8221;300ms&#8221; hover_transition_delay=&#8221;0ms&#8221; hover_transition_speed_curve=&#8221;ease&#8221; \/][et_pb_dp_dmb_module_15144_item linktext=&#8221;Jugendlich rauchfrei in den Sommerferien&#8221; link=&#8221;https:\/\/rauchfrei.at\/jugendlich-rauchfrei-in-den-sommerferien\/&#8221; _builder_version=&#8221;3.21.1&#8243; new_window=&#8221;2&#8243; use_background_color_gradient=&#8221;off&#8221; background_color_gradient_start=&#8221;#2b87da&#8221; background_color_gradient_end=&#8221;#29c4a9&#8243; background_color_gradient_type=&#8221;linear&#8221; background_color_gradient_direction=&#8221;180deg&#8221; background_color_gradient_direction_radial=&#8221;center&#8221; background_color_gradient_start_position=&#8221;0%&#8221; background_color_gradient_end_position=&#8221;100%&#8221; background_color_gradient_overlays_image=&#8221;off&#8221; parallax=&#8221;off&#8221; parallax_method=&#8221;on&#8221; background_size=&#8221;cover&#8221; background_position=&#8221;center&#8221; background_repeat=&#8221;no-repeat&#8221; background_blend=&#8221;normal&#8221; allow_player_pause=&#8221;off&#8221; background_video_pause_outside_viewport=&#8221;on&#8221; link_option_url_new_window=&#8221;off&#8221; text_shadow_style=&#8221;none&#8221; box_shadow_style=&#8221;none&#8221; hover_transition_duration=&#8221;300ms&#8221; hover_transition_delay=&#8221;0ms&#8221; hover_transition_speed_curve=&#8221;ease&#8221; \/][\/et_pb_dp_dmb_module_15144][\/et_pb_column][et_pb_column type=&#8221;1_3&#8243;][et_pb_dp_dmb_module_10093 admin_label=&#8221;Rufen Sie uns an!&#8221; farbe=&#8221;blitzgelb&#8221; headline=&#8221;Rufen Sie uns an! &#8221; image=&#8221;https:\/\/rauchfrei.at\/wp-content\/uploads\/rauchfrei-psychologin-gelb.png&#8221; image_position=&#8221;center&#8221; link_text=&#8221;mehr&#8221; link_url=&#8221;https:\/\/rauchfrei.at\/beratung-vom-rauchfrei-telefon\/&#8221; image_size=&#8221;80&#8243; _builder_version=&#8221;3.19.15&#8243; global_module=&#8221;13167&#8243; saved_tabs=&#8221;all&#8221;]<\/p>\n<p>Wir beraten und informieren Sie gerne!<\/p>\n<p>[\/et_pb_dp_dmb_module_10093][et_pb_dp_dmb_module_10093 admin_label=&#8221;Alternativen zum Rauchen&#8221; farbe=&#8221;blitzblau&#8221; headline=&#8221;Alternativen zum Rauchen&#8221; image=&#8221;https:\/\/rauchfrei.at\/wp-content\/uploads\/Relax-in-hammok.png&#8221; image_position=&#8221;center&#8221; link_text=&#8221;mehr&#8221; link_url=&#8221;https:\/\/rauchfrei.at\/positive-auswirkungen-des-rauchstopps\/&#8221; image_size=&#8221;90&#8243; _builder_version=&#8221;3.19.15&#8243; global_module=&#8221;13174&#8243; saved_tabs=&#8221;all&#8221;]<\/p>\n<p>Es gibt viele M\u00f6glichkeiten, um nicht zur Zigarette zu greifen!<\/p>\n<p>[\/et_pb_dp_dmb_module_10093][\/et_pb_column][\/et_pb_row][\/et_pb_section]<\/p>\n","protected":false},"excerpt":{"rendered":"<p>R\u00fcckfall \u2013 kein Grund aufzugeben! Lassen Sie sich nicht entmutigen, R\u00fcckf\u00e4lle geh\u00f6ren fast immer dazu! Lernen Sie daraus f\u00fcr den n\u00e4chsten Anlauf. Der Gro\u00dfteil der Raucher\/innen ben\u00f6tigt mehr als einen Anlauf, um l\u00e4ngerfristig rauchfrei zu bleiben. Rauchen ist nicht einfach eine \u201eschlechte Angewohnheit\u201c oder ein \u201ekleines Laster\u201c, wie es h\u00e4ufig verharmlosend dargestellt wird \u2013 Rauchen [&hellip;]<\/p>\n","protected":false},"author":2,"featured_media":0,"parent":218,"menu_order":0,"comment_status":"closed","ping_status":"open","template":"","meta":{"_et_pb_use_builder":"on","_et_pb_old_content":"<p>Der Gro\u00dfteil der Raucher\/innen ben\u00f6tigt mehr als einen Rauchstoppversuch, um l\u00e4ngerfristig rauchfrei zu bleiben. Rauchen ist nicht einfach eine \u201eschlechte Angewohnheit\u201c oder ein \u201eLaster\u201c, wie es h\u00e4ufig verharmlosend dargestellt wird \u2013 <strong>Rauchen ist eine chronische Suchterkrankung<\/strong>. Aufgrund dessen kann es sein, dass Ausrutscher oder vor\u00fcbergehende R\u00fcckf\u00e4lle Teil des Weges in die Rauchfreiheit sind.<\/p><p>Von einem <strong>R\u00fcckfall<\/strong> spricht man, wenn das alte Rauchverhalten wieder aufgenommen wurde.<br \/>Ein <strong>Vorfall<\/strong> bedeutet, dass man zwar geraucht hat, aber nicht wieder in das urspr\u00fcngliche Rauchverhalten zur\u00fcckgefallen ist.<\/p><h2>Lassen Sie sich nicht entmutigen!<\/h2><p>Denken Sie daran, wie viel Jahre bzw. Jahrzehnte Sie geraucht haben, die Zigarette st\u00e4ndige Begleiterin in allen m\u00f6glichen und unm\u00f6glichen Lebenssituationen war. Es braucht Zeit und Geduld, um sich an das neu gewonnene Lebensgef\u00fchl zu gew\u00f6hnen, eine Identit\u00e4t als Nichtraucher\/in aufzubauen, neue Gewohnheiten und Rituale zu entwickeln. Versuchen Sie, gro\u00dfz\u00fcgig mit sich zu sein, wenn ein Ausrutscher passiert ist und sich nicht zu gei\u00dfeln! <strong>Kn\u00fcpfen Sie<\/strong> stattdessen so schnell als m\u00f6glich <strong>an Ihre schon erreichten Erfolge<\/strong> an.<\/p><h3>Einige Tipps:<\/h3><ul><li>Beseitigen Sie erneut alle Rauchutensilien.<\/li><li>Betrachten Sie den Vorfall als einmaligen Ausrutscher und kn\u00fcpfen Sie weiter an Ihren Erfolg an.<\/li><li>Machen Sie mit dem Nichtrauchen weiter - das haben Sie sich hart erarbeitet!<\/li><li>Versuchen Sie, nach vorne zu schauen und an all die Vorteile Ihres rauchfreien Lebens zu denken.<\/li><li>Lassen Sie sich nicht entmutigen. Es bedeutet nicht, dass Sie Ihr altes Rauchverhalten wieder aufnehmen m\u00fcssen.<\/li><li>Machen Sie sich bewusst, dass Sie schon viele Strategien und Alternativen f\u00fcr das Nichtrauchen umsetzen konnten.<\/li><li>Versuchen Sie, nicht in Gedanken zu verfallen wie z. B. \u201eJetzt ist eh schon alles egal\u201c sondern konzentrieren Sie sich darauf, was Sie schon erreicht haben.<\/li><\/ul><p><strong>Denken Sie an alle bereits erreichten Ziele<\/strong> wie z.B. eine gute Vorbereitung auf den Rauchstopp, die rauchfreie Zeitspanne, einige erfolgreich abgewehrte Verlangensattacken, Ihre Motivation, rauchfrei zu werden.<br \/><strong>Um f\u00fcr die Zukunft<\/strong> aus dem Ausrutscher oder R\u00fcckfall<strong> lernen zu k\u00f6nnen<\/strong> und sich noch besser auf eventuell schwierige Situationen vorzubereiten, <strong>\u00fcberdenken Sie Folgendes f\u00fcr sich<\/strong>:<\/p><ul><li>Warum ist es eigentlich dazu gekommen?<\/li><li>Was h\u00e4tten Sie gebraucht, um die Zigarette nicht zu rauchen?<\/li><li>Wer h\u00e4tte Sie unterst\u00fctzen k\u00f6nnen?<\/li><li>Analysieren Sie Ihren R\u00fcckfall sorgf\u00e4ltig. Nutzen Sie Ihre R\u00fcckfall-Erfahrungen, um weiter rauchfrei zu bleiben und noch besser um f\u00fcr eventuelle Verlangensattacken ger\u00fcstet zu sein!<\/li><\/ul><p>\u00a0<\/p><p>Mehr dazu: Notfallpaket, <a title=\"Tipps von Exraucherinnen & Exrauchern\" href=\"\/aufhoeren\/tipps-von-exraucherinnen-exrauchern\/\">Tipps von Exraucher\/innen<\/a><\/p>","_et_gb_content_width":"","footnotes":""},"class_list":["post-232","page","type-page","status-publish","hentry"],"yoast_head":"<!-- This site is optimized with the Yoast SEO plugin v26.2 - https:\/\/yoast.com\/wordpress\/plugins\/seo\/ -->\n<title>R\u00fcckfall \u2013 was nun? - Rauchfrei Telefon<\/title>\n<meta name=\"robots\" content=\"index, follow, max-snippet:-1, max-image-preview:large, max-video-preview:-1\" \/>\n<link rel=\"canonical\" href=\"https:\/\/rauchfrei.at\/aufhoeren\/schritte-zum-rauchstopp\/rueckfall-was-nun\/\" \/>\n<meta property=\"og:locale\" content=\"en_US\" \/>\n<meta property=\"og:type\" content=\"article\" \/>\n<meta property=\"og:title\" content=\"R\u00fcckfall \u2013 was nun? - Rauchfrei Telefon\" \/>\n<meta property=\"og:description\" content=\"R\u00fcckfall \u2013 kein Grund aufzugeben! Lassen Sie sich nicht entmutigen, R\u00fcckf\u00e4lle geh\u00f6ren fast immer dazu! Lernen Sie daraus f\u00fcr den n\u00e4chsten Anlauf. Der Gro\u00dfteil der Raucher\/innen ben\u00f6tigt mehr als einen Anlauf, um l\u00e4ngerfristig rauchfrei zu bleiben. Rauchen ist nicht einfach eine \u201eschlechte Angewohnheit\u201c oder ein \u201ekleines Laster\u201c, wie es h\u00e4ufig verharmlosend dargestellt wird \u2013 Rauchen [&hellip;]\" \/>\n<meta property=\"og:url\" content=\"https:\/\/rauchfrei.at\/aufhoeren\/schritte-zum-rauchstopp\/rueckfall-was-nun\/\" \/>\n<meta property=\"og:site_name\" content=\"Rauchfrei Telefon\" \/>\n<meta property=\"article:modified_time\" content=\"2019-05-28T09:09:25+00:00\" \/>\n<meta name=\"twitter:card\" content=\"summary_large_image\" \/>\n<meta name=\"twitter:label1\" content=\"Est. reading time\" \/>\n\t<meta name=\"twitter:data1\" content=\"5 minutes\" \/>\n<script type=\"application\/ld+json\" class=\"yoast-schema-graph\">{\"@context\":\"https:\/\/schema.org\",\"@graph\":[{\"@type\":\"WebPage\",\"@id\":\"https:\/\/rauchfrei.at\/aufhoeren\/schritte-zum-rauchstopp\/rueckfall-was-nun\/\",\"url\":\"https:\/\/rauchfrei.at\/aufhoeren\/schritte-zum-rauchstopp\/rueckfall-was-nun\/\",\"name\":\"R\u00fcckfall \u2013 was nun? - Rauchfrei Telefon\",\"isPartOf\":{\"@id\":\"https:\/\/rauchfrei.at\/#website\"},\"datePublished\":\"2012-03-08T06:19:14+00:00\",\"dateModified\":\"2019-05-28T09:09:25+00:00\",\"breadcrumb\":{\"@id\":\"https:\/\/rauchfrei.at\/aufhoeren\/schritte-zum-rauchstopp\/rueckfall-was-nun\/#breadcrumb\"},\"inLanguage\":\"en-US\",\"potentialAction\":[{\"@type\":\"ReadAction\",\"target\":[\"https:\/\/rauchfrei.at\/aufhoeren\/schritte-zum-rauchstopp\/rueckfall-was-nun\/\"]}]},{\"@type\":\"BreadcrumbList\",\"@id\":\"https:\/\/rauchfrei.at\/aufhoeren\/schritte-zum-rauchstopp\/rueckfall-was-nun\/#breadcrumb\",\"itemListElement\":[{\"@type\":\"ListItem\",\"position\":1,\"name\":\"Aufh\u00f6ren\",\"item\":\"https:\/\/rauchfrei.at\/aufhoeren\/\"},{\"@type\":\"ListItem\",\"position\":2,\"name\":\"Schritte zum Rauchstopp\",\"item\":\"https:\/\/rauchfrei.at\/aufhoeren\/schritte-zum-rauchstopp\/\"},{\"@type\":\"ListItem\",\"position\":3,\"name\":\"R\u00fcckfall \u2013 was nun?\"}]},{\"@type\":\"WebSite\",\"@id\":\"https:\/\/rauchfrei.at\/#website\",\"url\":\"https:\/\/rauchfrei.at\/\",\"name\":\"Rauchfrei Telefon\",\"description\":\"Eine \u00f6sterreichweite Initiative der Sozialversicherungen.\",\"potentialAction\":[{\"@type\":\"SearchAction\",\"target\":{\"@type\":\"EntryPoint\",\"urlTemplate\":\"https:\/\/rauchfrei.at\/?s={search_term_string}\"},\"query-input\":{\"@type\":\"PropertyValueSpecification\",\"valueRequired\":true,\"valueName\":\"search_term_string\"}}],\"inLanguage\":\"en-US\"}]}<\/script>\n<!-- \/ Yoast SEO plugin. -->","yoast_head_json":{"title":"R\u00fcckfall \u2013 was nun? - Rauchfrei Telefon","robots":{"index":"index","follow":"follow","max-snippet":"max-snippet:-1","max-image-preview":"max-image-preview:large","max-video-preview":"max-video-preview:-1"},"canonical":"https:\/\/rauchfrei.at\/aufhoeren\/schritte-zum-rauchstopp\/rueckfall-was-nun\/","og_locale":"en_US","og_type":"article","og_title":"R\u00fcckfall \u2013 was nun? - Rauchfrei Telefon","og_description":"R\u00fcckfall \u2013 kein Grund aufzugeben! Lassen Sie sich nicht entmutigen, R\u00fcckf\u00e4lle geh\u00f6ren fast immer dazu! Lernen Sie daraus f\u00fcr den n\u00e4chsten Anlauf. Der Gro\u00dfteil der Raucher\/innen ben\u00f6tigt mehr als einen Anlauf, um l\u00e4ngerfristig rauchfrei zu bleiben. Rauchen ist nicht einfach eine \u201eschlechte Angewohnheit\u201c oder ein \u201ekleines Laster\u201c, wie es h\u00e4ufig verharmlosend dargestellt wird \u2013 Rauchen [&hellip;]","og_url":"https:\/\/rauchfrei.at\/aufhoeren\/schritte-zum-rauchstopp\/rueckfall-was-nun\/","og_site_name":"Rauchfrei Telefon","article_modified_time":"2019-05-28T09:09:25+00:00","twitter_card":"summary_large_image","twitter_misc":{"Est. reading time":"5 minutes"},"schema":{"@context":"https:\/\/schema.org","@graph":[{"@type":"WebPage","@id":"https:\/\/rauchfrei.at\/aufhoeren\/schritte-zum-rauchstopp\/rueckfall-was-nun\/","url":"https:\/\/rauchfrei.at\/aufhoeren\/schritte-zum-rauchstopp\/rueckfall-was-nun\/","name":"R\u00fcckfall \u2013 was nun? - Rauchfrei Telefon","isPartOf":{"@id":"https:\/\/rauchfrei.at\/#website"},"datePublished":"2012-03-08T06:19:14+00:00","dateModified":"2019-05-28T09:09:25+00:00","breadcrumb":{"@id":"https:\/\/rauchfrei.at\/aufhoeren\/schritte-zum-rauchstopp\/rueckfall-was-nun\/#breadcrumb"},"inLanguage":"en-US","potentialAction":[{"@type":"ReadAction","target":["https:\/\/rauchfrei.at\/aufhoeren\/schritte-zum-rauchstopp\/rueckfall-was-nun\/"]}]},{"@type":"BreadcrumbList","@id":"https:\/\/rauchfrei.at\/aufhoeren\/schritte-zum-rauchstopp\/rueckfall-was-nun\/#breadcrumb","itemListElement":[{"@type":"ListItem","position":1,"name":"Aufh\u00f6ren","item":"https:\/\/rauchfrei.at\/aufhoeren\/"},{"@type":"ListItem","position":2,"name":"Schritte zum Rauchstopp","item":"https:\/\/rauchfrei.at\/aufhoeren\/schritte-zum-rauchstopp\/"},{"@type":"ListItem","position":3,"name":"R\u00fcckfall \u2013 was nun?"}]},{"@type":"WebSite","@id":"https:\/\/rauchfrei.at\/#website","url":"https:\/\/rauchfrei.at\/","name":"Rauchfrei Telefon","description":"Eine \u00f6sterreichweite Initiative der Sozialversicherungen.","potentialAction":[{"@type":"SearchAction","target":{"@type":"EntryPoint","urlTemplate":"https:\/\/rauchfrei.at\/?s={search_term_string}"},"query-input":{"@type":"PropertyValueSpecification","valueRequired":true,"valueName":"search_term_string"}}],"inLanguage":"en-US"}]}},"_links":{"self":[{"href":"https:\/\/rauchfrei.at\/en\/wp-json\/wp\/v2\/pages\/232","targetHints":{"allow":["GET"]}}],"collection":[{"href":"https:\/\/rauchfrei.at\/en\/wp-json\/wp\/v2\/pages"}],"about":[{"href":"https:\/\/rauchfrei.at\/en\/wp-json\/wp\/v2\/types\/page"}],"author":[{"embeddable":true,"href":"https:\/\/rauchfrei.at\/en\/wp-json\/wp\/v2\/users\/2"}],"replies":[{"embeddable":true,"href":"https:\/\/rauchfrei.at\/en\/wp-json\/wp\/v2\/comments?post=232"}],"version-history":[{"count":5,"href":"https:\/\/rauchfrei.at\/en\/wp-json\/wp\/v2\/pages\/232\/revisions"}],"predecessor-version":[{"id":16903,"href":"https:\/\/rauchfrei.at\/en\/wp-json\/wp\/v2\/pages\/232\/revisions\/16903"}],"up":[{"embeddable":true,"href":"https:\/\/rauchfrei.at\/en\/wp-json\/wp\/v2\/pages\/218"}],"wp:attachment":[{"href":"https:\/\/rauchfrei.at\/en\/wp-json\/wp\/v2\/media?parent=232"}],"curies":[{"name":"wp","href":"https:\/\/api.w.org\/{rel}","templated":true}]}}