
{"id":234,"date":"2012-03-08T06:20:10","date_gmt":"2012-03-08T06:20:10","guid":{"rendered":"http:\/\/web362.itscserver.org\/wordpress\/?page_id=234"},"modified":"2025-01-22T11:03:36","modified_gmt":"2025-01-22T09:03:36","slug":"tipps-von-exraucherinnen-exrauchern","status":"publish","type":"page","link":"https:\/\/rauchfrei.at\/en\/aufhoeren\/tipps-von-exraucherinnen-exrauchern\/","title":{"rendered":"Tipps von Exraucherinnen &#038; Exrauchern"},"content":{"rendered":"<p>[et_pb_section fb_built=&#8221;1&#8243; custom_padding_last_edited=&#8221;off|&#8221; module_class=&#8221;header&#8221; _builder_version=&#8221;4.16&#8243; background_color=&#8221;#67BAD3&#8243; custom_margin=&#8221;||0px|&#8221; custom_padding=&#8221;100px||10px|&#8221; global_colors_info=&#8221;{}&#8221;][et_pb_row _builder_version=&#8221;4.16&#8243; custom_margin=&#8221;||0px|&#8221; custom_padding=&#8221;||0px|&#8221; global_colors_info=&#8221;{}&#8221;][et_pb_column type=&#8221;4_4&#8243; _builder_version=&#8221;4.16&#8243; custom_padding=&#8221;||0px|&#8221; global_colors_info=&#8221;{}&#8221; custom_padding__hover=&#8221;|||&#8221;][et_pb_text admin_label=&#8221;Blue Background Header&#8221; _builder_version=&#8221;4.16&#8243; custom_margin=&#8221;||0px|&#8221; custom_padding=&#8221;||0px|&#8221; global_colors_info=&#8221;{}&#8221;]<\/p>\n<h1>Tipps von Exraucherinnen und Exrauchern<\/h1>\n<h2>So haben andere den Rauchstopp geschafft<\/h2>\n<p>[\/et_pb_text][\/et_pb_column][\/et_pb_row][\/et_pb_section][et_pb_section fb_built=&#8221;1&#8243; _builder_version=&#8221;4.16&#8243; global_colors_info=&#8221;{}&#8221;][et_pb_row column_structure=&#8221;3_5,2_5&#8243; _builder_version=&#8221;4.16&#8243; background_size=&#8221;initial&#8221; background_position=&#8221;top_left&#8221; background_repeat=&#8221;repeat&#8221; global_colors_info=&#8221;{}&#8221;][et_pb_column type=&#8221;3_5&#8243; _builder_version=&#8221;4.16&#8243; custom_padding=&#8221;|||&#8221; global_colors_info=&#8221;{}&#8221; custom_padding__hover=&#8221;|||&#8221;][et_pb_text _builder_version=&#8221;4.16&#8243; global_colors_info=&#8221;{}&#8221;]<\/p>\n<h2>Eine kleine Auswahl davon, was unseren Anruferinnen und Anrufern dabei geholfen hat, rauchfrei zu bleiben<\/h2>\n<ul>\n<li>tief ein- und ausatmen<\/li>\n<li>auf ein Blatt Papier kritzeln<\/li>\n<li>einen Baum umarmen<\/li>\n<li>mit einem Ring oder einem Armband spielen<\/li>\n<li>statt der ersten Morgenzigarette ein Fu\u00dfbad nehmen<\/li>\n<li>an einer Seife riechen und wissen: der Geruch ist gut, aber der Geschmack w\u00e4re scheu\u00dflich<\/li>\n<li>einen \u201eInhalator-Stift\u201c ohne Nikotinkapsel einfach in der Hand halten<\/li>\n<li>einen Euro in eine Spardose werfen<\/li>\n<li>sich auf die H\u00e4nde setzen<\/li>\n<li>auf einem Zentimeterma\u00df f\u00fcr jeden rauchfreien Tag einen Zentimeter anstreichen und sich bei 100 angestrichenen Zentimetern etwas Sch\u00f6nes g\u00f6nnen<\/li>\n<li>eine Kalmuswurzel kauen<\/li>\n<li>stricken<\/li>\n<li>beim Rauchfrei Telefon anrufen<\/li>\n<li>ein Glas Wasser trinken<\/li>\n<li>eine schnelle Runde spazieren gehen<\/li>\n<li>Fotos einkleben<\/li>\n<li>sich im Kreis drehen<\/li>\n<li>Vokabel lernen<\/li>\n<li>mit den Enkelkindern kuscheln<\/li>\n<li>Kirschkerne spucken<\/li>\n<li>an einem Zahnstocher kauen<\/li>\n<li>Mandala malen<\/li>\n<li>V\u00f6gel beobachten<\/li>\n<li>Jodeln<\/li>\n<li>Holz hacken<\/li>\n<li>die Rauchfrei App nutzen<\/li>\n<\/ul>\n<p>[\/et_pb_text][et_pb_testimonial author=&#8221;Dieter, 61 Jahre&#8221; admin_label=&#8221;Testimonial Dieter&#8221; _builder_version=&#8221;4.23.1&#8243; background_color=&#8221;#F5F2E4&#8243; global_colors_info=&#8221;{}&#8221;]<\/p>\n<p>Zu meiner Person: Ich bin 61 Jahre und bin Nichtraucher \u2026\u2026\u2026\u2026\u2026\u2026\u2026\u2026\u2026.. aber es war nicht immer so.<\/p>\n<p>Ich habe mit 12 Jahren angefangen zu rauchen. Wie so oft kommt man durch \u00e4ltere Freunde dazu. In meinem Fall war es mein Bruder, er hat in der Schule begonnen zu rauchen und gab mir auch Zigaretten. So konnte er sich sicher sein, dass ich ihn nicht verrate.<\/p>\n<p>49 Jahre sp\u00e4ter habe ich aufgeh\u00f6rt. Mein K\u00f6rper hat aufgegeben, die Herzkranzgef\u00e4\u00dfe waren zu (2 Stents) und ich war auch von der Luft nicht mehr der Beste (Inhalator) \u2026\u2026\u2026\u2026\u2026 und dies alles obwohl ich \u00fcberdurchnittlich viel Sport betreibe.<\/p>\n<p>Ich hatte Angst, dass ich, wie ein Alkoholiker vom Alkohol, von Nikotin nicht lassen kann. Den einzigen Ausweg, den ich sah, ist externe Unterst\u00fctzung anzunehmen: Ich rief das Rauchfrei Telefon an und bat um Hilfe.<\/p>\n<p>Das ich heute nicht mehr rauche (seit 5 Monaten) verdanke ich auch zu einem wesentlichen Teil meiner Betreuerin am anderen Ende der Telefonleitung. Sie war einf\u00fchlsam, nahm sich Zeit und erkl\u00e4rte mir einerseits die Problemm\u00f6glichkeiten und andererseits, wie ich diese l\u00f6sen kann. Letztlich schafft sie es wirklich meine Bedenken bez\u00fcglich meines eignen Ichs zu entkr\u00e4ften. Die Dame begleitete mich vor meinem ersten Nichtrauchertag, wir definierten einen Tag \u201eX\u201c und wir redeten auch in den ersten 4 Monaten regelm\u00e4\u00dfig\u2026\u2026.\u2026.. bis zu dem Punkt, wo ich sagte: \u201eJetzt kann ich alleine weitergehen!\u201c<\/p>\n<p>Ich habe 49 Jahre begeistert geraucht, konnte mir nie vorstellen, dass ich den Rauchgenuss nicht habe. <strong>Jetzt freue ich mich Nichtrauer zu sein. Ich bin nicht mehr abh\u00e4ngig, ich ruiniere mir nicht meine Gesundheit und mein Leben hat eine bessere Lebensqualit\u00e4t bekommen.<\/strong><\/p>\n<p>Danke liebes Rauchfreiteam!<\/p>\n<p>[\/et_pb_testimonial][et_pb_testimonial author=&#8221;Christian, 43 Jahre&#8221; _builder_version=&#8221;4.23.1&#8243; background_color=&#8221;#F5F2E4&#8243; global_colors_info=&#8221;{}&#8221;]<\/p>\n<p>\u201eIch war 28 Jahre lang starker Raucher. Warum ich nach dieser Zeit aufgeh\u00f6rt habe, hat Gr\u00fcnde: Gesundheit, Freiheit, Unabh\u00e4ngigkeit von Ritualen, baldige Vaterschaft, Vorbildwirkung f\u00fcr mein Kind. Die schwierigste &#8211; und gleichzeitig wichtigste &#8211; Phase beim Rauchstopp war f\u00fcr mich die Zeit vor dem Aufh\u00f6ren, das Vorbereiten. Das Rauchfrei Telefon hat mir mit den Infos auf der Homepage, den Brosch\u00fcren und in der telefonischen Beratung in dieser Phase sehr geholfen und mir die Angst vor m\u00f6glichen Folgen des Rauchstopps, wie Entzugserscheinungen, genommen. Bei meinem Rauchstoppversuch drei Jahre zuvor bin ich bereits nach zwei Wochen kl\u00e4glich gescheitert. Diesmal fiel es mir leichter, auf die Zigaretten zu verzichten und sogar die erwarteten \u201eschlimmen\u201c Symptome blieben aus. Neben all den gesundheitlichen Vorteilen genie\u00dfe ich die Freiheit, nicht mehr ans Rauchen denken zu m\u00fcssen, und spare Geld. Ich kann den Rauchstopp nur empfehlen!\u201c<\/p>\n<p>[\/et_pb_testimonial][et_pb_testimonial author=&#8221;Aderemi, 40 Jahre&#8221; _builder_version=&#8221;4.16&#8243; background_color=&#8221;#F5F2E4&#8243; global_colors_info=&#8221;{}&#8221;]<\/p>\n<p>\u201eIch begann mit 17 Jahren zu rauchen und rauchte, unterbrochen von zwei fast zweij\u00e4hrigen Pausen, durchgehend etwa 20 Zigaretten am Tag, phasenweise sogar drei Packungen t\u00e4glich. Aufgrund gesundheitlicher Probleme h\u00f6rte ich im Jahr 2008 bei einem Lungenkuraufenthalt wieder einmal auf zu rauchen. Leider wurde ich nach fast 1 \u00bd Jahren r\u00fcckf\u00e4llig, weil ich eine Zigarette probiert habe. Als ich mich im November 2012 &#8211; nach zahlreichen weiteren erfolglosen Versuchen &#8211; ans Rauchfrei Telefons wandte, glaubte ich nicht so richtig an einen neuerlichen Erfolg. Aber die Methode gefiel mir: sie basierte nicht auf Zwang und (Zeit-)Druck, sondern dem Verstehen der eigenen Rauchgr\u00fcnde und einer guten, an mich angepassten Vorbereitung. Mit Hilfe der telefonischen Beratung in den letzten Monaten bin ich nun seit drei Monaten wieder rauchfrei. Ich genie\u00dfe endlich wieder die Vorteile des Nichtrauchens: frische Raumluft, entlastete Geldb\u00f6rse, mehr Freude am Sport, Freiheit vom Rauchzwang und last but not least die Tatsache, dass ich mein Asthma-Medikament kaum noch brauche. Auch gegen einen R\u00fcckfall f\u00fchle ich mich diesmal besser gewappnet als fr\u00fcher. Ich bin sehr optimistisch, dass dieser Rauchstopp nun ein dauerhafter sein wird. Ein ganz gro\u00dfes Dankesch\u00f6n an die Beraterinnen des Rauchfrei Telefons!\u201c<\/p>\n<p>[\/et_pb_testimonial][et_pb_testimonial author=&#8221;Johannes, 43 Jahre&#8221; _builder_version=&#8221;4.23.1&#8243; background_color=&#8221;#F5F2E4&#8243; global_colors_info=&#8221;{}&#8221;]<\/p>\n<p>\u201eIch habe geraucht seit ich 18 Jahre alt war. Bis mir klar wurde, dass ich sehr gerne lebe und gesund bleiben m\u00f6chte. Das Rauchen stand meinem Wunsch im Weg. Bei meinem 3. Rauchstoppversuch hat es dann geklappt. Das Rauchfrei Telefon hat mich, vor allem beim Vorbereiten und in den ersten Wochen nach dem Rauchstopp, intensiv und \u2013 entgegen meinen Erwartungen \u2013 erfolgreich unterst\u00fctzt. Um die schwere Anfangszeit ohne Entzugssymptome zu \u00fcberstehen verwendete ich Nikotinersatzpr\u00e4parate. Ein Nichtraucher-Blog gibt mir auch heute noch die M\u00f6glichkeit, mich mit anderen Exrauchenden anonym auszutauschen. Am schwierigsten beim Rauchstopp waren f\u00fcr mich die ersten zwei Tage. Der Rest fiel mir, dank guter Vorbereitung, wesentlich leichter als erwartet. Der Rauchstopp vor zweieinhalb Jahren war eine der wichtigsten und besten Entscheidungen in meinem Leben. Mit den vielen Vorteilen, die das Nichtrauchen f\u00fcr mich bringt, k\u00f6nnte ich ein dickes Buch f\u00fcllen. Eine gute Vorbereitung auf den Rauchstopp erleichtert die Sache ungemein und es ist keine Schande, Unterst\u00fctzung anzunehmen.\u201c<\/p>\n<p>[\/et_pb_testimonial][\/et_pb_column][et_pb_column type=&#8221;2_5&#8243; _builder_version=&#8221;4.16&#8243; custom_padding=&#8221;|||&#8221; global_colors_info=&#8221;{}&#8221; custom_padding__hover=&#8221;|||&#8221;][et_pb_text admin_label=&#8221;Angebote in \u00d6sterreich&#8221; _builder_version=&#8221;4.23.1&#8243; custom_margin=&#8221;||60px&#8221; custom_padding=&#8221;||&#8221; link_option_url=&#8221;https:\/\/rauchfrei.at\/aufhoeren\/weitere-beratungsangebote-in-oe\/beratungsangebote\/&#8221; link_option_url_new_window=&#8221;on&#8221; global_module=&#8221;13404&#8243; saved_tabs=&#8221;all&#8221; global_colors_info=&#8221;{}&#8221;]<\/p>\n<p><a style=\"color: #212121;\" href=\"https:\/\/rauchfrei.at\/aufhoeren\/weitere-beratungsangebote-in-oe\/ambulante-beratung\/\"><\/a><\/p>\n<h2>Angebote in \u00d6sterreich<\/h2>\n<p><img loading=\"lazy\" decoding=\"async\" class=\"wp-image-13438 alignnone size-large\" src=\"https:\/\/rauchfrei.at\/wp-content\/uploads\/oesterreichkarte-2-480x248.png\" alt=\"\" width=\"480\" height=\"248\" srcset=\"https:\/\/rauchfrei.at\/wp-content\/uploads\/oesterreichkarte-2-480x248.png 480w, https:\/\/rauchfrei.at\/wp-content\/uploads\/oesterreichkarte-2-225x116.png 225w, https:\/\/rauchfrei.at\/wp-content\/uploads\/oesterreichkarte-2-768x397.png 768w, https:\/\/rauchfrei.at\/wp-content\/uploads\/oesterreichkarte-2-1080x558.png 1080w, https:\/\/rauchfrei.at\/wp-content\/uploads\/oesterreichkarte-2.png 1736w\" sizes=\"(max-width: 480px) 100vw, 480px\" \/><\/p>\n<p>Finden Sie das passende Angebot von ambulanter Einzelberatung bis hin zur station\u00e4ren Gruppenberatung<\/p>\n<p>&nbsp;<\/p>\n<p><a class=\"mehr\" href=\"https:\/\/rauchfrei.at\/aufhoeren\/weitere-beratungsangebote-in-oe\/beratungsangebote\/\" target=\"_blank\" rel=\"noopener\">mehr<\/a><\/p>\n<p>[\/et_pb_text][et_pb_dp_dmb_module_10080 link_text=&#8221;Hier&#8221; link_url=&#8221;https:\/\/rauchfrei.at\/downloads-tests-und-tools\/&#8221; admin_label=&#8221;Testen Sie Ihre Abh\u00e4ngigkeit&#8221; _builder_version=&#8221;4.20.4&#8243; dp_tiny_mce_line_height=&#8221;1em&#8221; z_index_tablet=&#8221;500&#8243; global_module=&#8221;13157&#8243; saved_tabs=&#8221;all&#8221; global_colors_info=&#8221;{}&#8221;]<\/p>\n<p><strong>Testen <\/strong>Sie Ihre <strong>Abh\u00e4ngigkeit!<\/strong><\/p>\n<p>[\/et_pb_dp_dmb_module_10080][et_pb_dp_dmb_module_10093 farbe=&#8221;blitzblau&#8221; headline=&#8221;Alternativen zum Rauchen&#8221; image=&#8221;https:\/\/rauchfrei.at\/wp-content\/uploads\/Relax-in-hammok.png&#8221; image_position=&#8221;center&#8221; link_text=&#8221;mehr&#8221; link_url=&#8221;https:\/\/rauchfrei.at\/alternativen\/&#8221; admin_label=&#8221;Alternativen zum Rauchen&#8221; _builder_version=&#8221;4.16&#8243; z_index_tablet=&#8221;500&#8243; global_module=&#8221;13174&#8243; saved_tabs=&#8221;all&#8221; global_colors_info=&#8221;{}&#8221;]<\/p>\n<p>Es gibt viele M\u00f6glichkeiten, um nicht zur Zigarette zu greifen!<\/p>\n<p>[\/et_pb_dp_dmb_module_10093][et_pb_dp_dmb_module_10093 farbe=&#8221;blitzblau&#8221; headline=&#8221;Rauchstopp und Gewicht&#8221; image=&#8221;https:\/\/rauchfrei.at\/wp-content\/uploads\/Gain-weight.png&#8221; image_position=&#8221;center&#8221; link_text=&#8221;mehr&#8221; link_url=&#8221;https:\/\/rauchfrei.at\/aufhoeren\/schritte-zum-rauchstopp\/gewicht-verdauung-und-bewegung\/&#8221; image_size=&#8221;70&#8243; admin_label=&#8221;Rauchstopp und Gewicht&#8221; _builder_version=&#8221;3.19.15&#8243; global_module=&#8221;13171&#8243; saved_tabs=&#8221;all&#8221; global_colors_info=&#8221;{}&#8221;]<\/p>\n<p>Gewichtszunahme nach dem Rauchstopp? Das muss nicht sein!<\/p>\n<p>[\/et_pb_dp_dmb_module_10093][\/et_pb_column][\/et_pb_row][\/et_pb_section]<\/p>\n","protected":false},"excerpt":{"rendered":"<p>Tipps von Exraucherinnen und Exrauchern So haben andere den Rauchstopp geschafft Eine kleine Auswahl davon, was unseren Anruferinnen und Anrufern dabei geholfen hat, rauchfrei zu bleiben tief ein- und ausatmen auf ein Blatt Papier kritzeln einen Baum umarmen mit einem Ring oder einem Armband spielen statt der ersten Morgenzigarette ein Fu\u00dfbad nehmen an einer Seife [&hellip;]<\/p>\n","protected":false},"author":2,"featured_media":0,"parent":41,"menu_order":0,"comment_status":"closed","ping_status":"open","template":"","meta":{"_et_pb_use_builder":"on","_et_pb_old_content":"<p>Neben den Erfahrungen, die man selbst schon gesammelt hat, kann es auch hilfreich sein, von den Tipps anderer Exraucher\/innen zu profitieren. Im Folgenden m\u00f6chten wir Ihnen einige Strategien f\u00fcr Verlangensattacken vorstellen, die von Exraucherinnen und Exrauchern entwickelt und erprobt wurden.<br \/>W\u00e4hlen Sie aus - vielleicht ist auch etwas f\u00fcr Sie dabei!<\/p><ul><li>Eine Kalmuswurzel kauen<\/li><li>Tief ein- und ausatmen<\/li><li>Einen Baum umarmen<\/li><li>Auf ein Blatt Papier kritzeln<\/li><li>Mit einem Ring oder Armband spielen<\/li><li>Einen \u201eInhalator-Stift\u201c ohne Nikotinkapsel einfach in der Hand halten<\/li><li>Einen Euro in eine Spardose werfen<\/li><li>Auf einem Zentimeterma\u00df f\u00fcr jeden rauchfreien Tag einen Zentimeter anstreichen und sich bei 100 angestrichenen Zentimetern<br \/>etwas Sch\u00f6nes g\u00f6nnen<\/li><li>Sich auf die H\u00e4nde setzen<\/li><\/ul><p>Berichten Sie uns von Ihren Erfahrungen und berichten Sie in unserem <a title=\"Blog\" href=\"\/blog\/\">Blog-Bereich<\/a>! Was hat Ihnen geholfen, Verlangensattacken zu \u00fcberbr\u00fccken?<\/p><p>Mehr dazu: <a title=\"Erfahrungsberichte\" href=\"\/beratung\/erfahrungsberichte\/\">Erfahrungsberichte<\/a><\/p>","_et_gb_content_width":"","footnotes":""},"class_list":["post-234","page","type-page","status-publish","hentry"],"yoast_head":"<!-- This site is optimized with the Yoast SEO plugin v26.2 - https:\/\/yoast.com\/wordpress\/plugins\/seo\/ -->\n<title>Tipps von Exraucherinnen &amp; Exrauchern - Rauchfrei Telefon<\/title>\n<meta name=\"robots\" content=\"index, follow, max-snippet:-1, max-image-preview:large, max-video-preview:-1\" \/>\n<link rel=\"canonical\" href=\"https:\/\/rauchfrei.at\/aufhoeren\/tipps-von-exraucherinnen-exrauchern\/\" \/>\n<meta property=\"og:locale\" content=\"en_US\" \/>\n<meta property=\"og:type\" content=\"article\" \/>\n<meta property=\"og:title\" content=\"Tipps von Exraucherinnen &amp; Exrauchern - Rauchfrei Telefon\" \/>\n<meta property=\"og:description\" content=\"Tipps von Exraucherinnen und Exrauchern So haben andere den Rauchstopp geschafft Eine kleine Auswahl davon, was unseren Anruferinnen und Anrufern dabei geholfen hat, rauchfrei zu bleiben tief ein- und ausatmen auf ein Blatt Papier kritzeln einen Baum umarmen mit einem Ring oder einem Armband spielen statt der ersten Morgenzigarette ein Fu\u00dfbad nehmen an einer Seife [&hellip;]\" \/>\n<meta property=\"og:url\" content=\"https:\/\/rauchfrei.at\/aufhoeren\/tipps-von-exraucherinnen-exrauchern\/\" \/>\n<meta property=\"og:site_name\" content=\"Rauchfrei Telefon\" \/>\n<meta property=\"article:modified_time\" content=\"2025-01-22T09:03:36+00:00\" \/>\n<meta property=\"og:image\" content=\"https:\/\/rauchfrei.at\/wp-content\/uploads\/oesterreichkarte-2-480x248.png\" \/>\n<meta name=\"twitter:card\" content=\"summary_large_image\" \/>\n<meta name=\"twitter:label1\" content=\"Est. reading time\" \/>\n\t<meta name=\"twitter:data1\" content=\"7 minutes\" \/>\n<script type=\"application\/ld+json\" class=\"yoast-schema-graph\">{\"@context\":\"https:\/\/schema.org\",\"@graph\":[{\"@type\":\"WebPage\",\"@id\":\"https:\/\/rauchfrei.at\/aufhoeren\/tipps-von-exraucherinnen-exrauchern\/\",\"url\":\"https:\/\/rauchfrei.at\/aufhoeren\/tipps-von-exraucherinnen-exrauchern\/\",\"name\":\"Tipps von Exraucherinnen & Exrauchern - Rauchfrei Telefon\",\"isPartOf\":{\"@id\":\"https:\/\/rauchfrei.at\/#website\"},\"primaryImageOfPage\":{\"@id\":\"https:\/\/rauchfrei.at\/aufhoeren\/tipps-von-exraucherinnen-exrauchern\/#primaryimage\"},\"image\":{\"@id\":\"https:\/\/rauchfrei.at\/aufhoeren\/tipps-von-exraucherinnen-exrauchern\/#primaryimage\"},\"thumbnailUrl\":\"https:\/\/rauchfrei.at\/wp-content\/uploads\/oesterreichkarte-2-480x248.png\",\"datePublished\":\"2012-03-08T06:20:10+00:00\",\"dateModified\":\"2025-01-22T09:03:36+00:00\",\"breadcrumb\":{\"@id\":\"https:\/\/rauchfrei.at\/aufhoeren\/tipps-von-exraucherinnen-exrauchern\/#breadcrumb\"},\"inLanguage\":\"en-US\",\"potentialAction\":[{\"@type\":\"ReadAction\",\"target\":[\"https:\/\/rauchfrei.at\/aufhoeren\/tipps-von-exraucherinnen-exrauchern\/\"]}]},{\"@type\":\"ImageObject\",\"inLanguage\":\"en-US\",\"@id\":\"https:\/\/rauchfrei.at\/aufhoeren\/tipps-von-exraucherinnen-exrauchern\/#primaryimage\",\"url\":\"https:\/\/rauchfrei.at\/wp-content\/uploads\/oesterreichkarte-2-480x248.png\",\"contentUrl\":\"https:\/\/rauchfrei.at\/wp-content\/uploads\/oesterreichkarte-2-480x248.png\"},{\"@type\":\"BreadcrumbList\",\"@id\":\"https:\/\/rauchfrei.at\/aufhoeren\/tipps-von-exraucherinnen-exrauchern\/#breadcrumb\",\"itemListElement\":[{\"@type\":\"ListItem\",\"position\":1,\"name\":\"Aufh\u00f6ren\",\"item\":\"https:\/\/rauchfrei.at\/aufhoeren\/\"},{\"@type\":\"ListItem\",\"position\":2,\"name\":\"Tipps von Exraucherinnen &#038; Exrauchern\"}]},{\"@type\":\"WebSite\",\"@id\":\"https:\/\/rauchfrei.at\/#website\",\"url\":\"https:\/\/rauchfrei.at\/\",\"name\":\"Rauchfrei Telefon\",\"description\":\"Eine \u00f6sterreichweite Initiative der Sozialversicherungen.\",\"potentialAction\":[{\"@type\":\"SearchAction\",\"target\":{\"@type\":\"EntryPoint\",\"urlTemplate\":\"https:\/\/rauchfrei.at\/?s={search_term_string}\"},\"query-input\":{\"@type\":\"PropertyValueSpecification\",\"valueRequired\":true,\"valueName\":\"search_term_string\"}}],\"inLanguage\":\"en-US\"}]}<\/script>\n<!-- \/ Yoast SEO plugin. -->","yoast_head_json":{"title":"Tipps von Exraucherinnen & Exrauchern - Rauchfrei Telefon","robots":{"index":"index","follow":"follow","max-snippet":"max-snippet:-1","max-image-preview":"max-image-preview:large","max-video-preview":"max-video-preview:-1"},"canonical":"https:\/\/rauchfrei.at\/aufhoeren\/tipps-von-exraucherinnen-exrauchern\/","og_locale":"en_US","og_type":"article","og_title":"Tipps von Exraucherinnen & Exrauchern - Rauchfrei Telefon","og_description":"Tipps von Exraucherinnen und Exrauchern So haben andere den Rauchstopp geschafft Eine kleine Auswahl davon, was unseren Anruferinnen und Anrufern dabei geholfen hat, rauchfrei zu bleiben tief ein- und ausatmen auf ein Blatt Papier kritzeln einen Baum umarmen mit einem Ring oder einem Armband spielen statt der ersten Morgenzigarette ein Fu\u00dfbad nehmen an einer Seife [&hellip;]","og_url":"https:\/\/rauchfrei.at\/aufhoeren\/tipps-von-exraucherinnen-exrauchern\/","og_site_name":"Rauchfrei Telefon","article_modified_time":"2025-01-22T09:03:36+00:00","og_image":[{"url":"https:\/\/rauchfrei.at\/wp-content\/uploads\/oesterreichkarte-2-480x248.png","type":"","width":"","height":""}],"twitter_card":"summary_large_image","twitter_misc":{"Est. reading time":"7 minutes"},"schema":{"@context":"https:\/\/schema.org","@graph":[{"@type":"WebPage","@id":"https:\/\/rauchfrei.at\/aufhoeren\/tipps-von-exraucherinnen-exrauchern\/","url":"https:\/\/rauchfrei.at\/aufhoeren\/tipps-von-exraucherinnen-exrauchern\/","name":"Tipps von Exraucherinnen & Exrauchern - Rauchfrei Telefon","isPartOf":{"@id":"https:\/\/rauchfrei.at\/#website"},"primaryImageOfPage":{"@id":"https:\/\/rauchfrei.at\/aufhoeren\/tipps-von-exraucherinnen-exrauchern\/#primaryimage"},"image":{"@id":"https:\/\/rauchfrei.at\/aufhoeren\/tipps-von-exraucherinnen-exrauchern\/#primaryimage"},"thumbnailUrl":"https:\/\/rauchfrei.at\/wp-content\/uploads\/oesterreichkarte-2-480x248.png","datePublished":"2012-03-08T06:20:10+00:00","dateModified":"2025-01-22T09:03:36+00:00","breadcrumb":{"@id":"https:\/\/rauchfrei.at\/aufhoeren\/tipps-von-exraucherinnen-exrauchern\/#breadcrumb"},"inLanguage":"en-US","potentialAction":[{"@type":"ReadAction","target":["https:\/\/rauchfrei.at\/aufhoeren\/tipps-von-exraucherinnen-exrauchern\/"]}]},{"@type":"ImageObject","inLanguage":"en-US","@id":"https:\/\/rauchfrei.at\/aufhoeren\/tipps-von-exraucherinnen-exrauchern\/#primaryimage","url":"https:\/\/rauchfrei.at\/wp-content\/uploads\/oesterreichkarte-2-480x248.png","contentUrl":"https:\/\/rauchfrei.at\/wp-content\/uploads\/oesterreichkarte-2-480x248.png"},{"@type":"BreadcrumbList","@id":"https:\/\/rauchfrei.at\/aufhoeren\/tipps-von-exraucherinnen-exrauchern\/#breadcrumb","itemListElement":[{"@type":"ListItem","position":1,"name":"Aufh\u00f6ren","item":"https:\/\/rauchfrei.at\/aufhoeren\/"},{"@type":"ListItem","position":2,"name":"Tipps von Exraucherinnen &#038; Exrauchern"}]},{"@type":"WebSite","@id":"https:\/\/rauchfrei.at\/#website","url":"https:\/\/rauchfrei.at\/","name":"Rauchfrei Telefon","description":"Eine \u00f6sterreichweite Initiative der Sozialversicherungen.","potentialAction":[{"@type":"SearchAction","target":{"@type":"EntryPoint","urlTemplate":"https:\/\/rauchfrei.at\/?s={search_term_string}"},"query-input":{"@type":"PropertyValueSpecification","valueRequired":true,"valueName":"search_term_string"}}],"inLanguage":"en-US"}]}},"_links":{"self":[{"href":"https:\/\/rauchfrei.at\/en\/wp-json\/wp\/v2\/pages\/234","targetHints":{"allow":["GET"]}}],"collection":[{"href":"https:\/\/rauchfrei.at\/en\/wp-json\/wp\/v2\/pages"}],"about":[{"href":"https:\/\/rauchfrei.at\/en\/wp-json\/wp\/v2\/types\/page"}],"author":[{"embeddable":true,"href":"https:\/\/rauchfrei.at\/en\/wp-json\/wp\/v2\/users\/2"}],"replies":[{"embeddable":true,"href":"https:\/\/rauchfrei.at\/en\/wp-json\/wp\/v2\/comments?post=234"}],"version-history":[{"count":9,"href":"https:\/\/rauchfrei.at\/en\/wp-json\/wp\/v2\/pages\/234\/revisions"}],"predecessor-version":[{"id":30377,"href":"https:\/\/rauchfrei.at\/en\/wp-json\/wp\/v2\/pages\/234\/revisions\/30377"}],"up":[{"embeddable":true,"href":"https:\/\/rauchfrei.at\/en\/wp-json\/wp\/v2\/pages\/41"}],"wp:attachment":[{"href":"https:\/\/rauchfrei.at\/en\/wp-json\/wp\/v2\/media?parent=234"}],"curies":[{"name":"wp","href":"https:\/\/api.w.org\/{rel}","templated":true}]}}