
		{"id":241,"date":"2012-03-08T06:22:02","date_gmt":"2012-03-08T06:22:02","guid":{"rendered":"http:\/\/web362.itscserver.org\/wordpress\/?page_id=241"},"modified":"2022-01-13T10:44:41","modified_gmt":"2022-01-13T08:44:41","slug":"abhaengigkeits-test","status":"publish","type":"page","link":"https:\/\/rauchfrei.at\/en\/aufhoeren\/tests-tools\/abhaengigkeits-test\/","title":{"rendered":"Abh\u00e4ngigkeits-Test"},"content":{"rendered":"<p>[et_pb_section fb_built=&#8221;1&#8243; custom_padding_last_edited=&#8221;off|&#8221; module_class=&#8221;header&#8221; _builder_version=&#8221;3.22&#8243; background_color=&#8221;#67BAD3&#8243; custom_margin=&#8221;||0px|&#8221; custom_padding=&#8221;100px||10px|&#8221; global_colors_info=&#8221;{}&#8221;][et_pb_row _builder_version=&#8221;3.25&#8243; custom_margin=&#8221;||0px|&#8221; custom_padding=&#8221;||0px|&#8221; global_colors_info=&#8221;{}&#8221;][et_pb_column type=&#8221;4_4&#8243; _builder_version=&#8221;3.25&#8243; custom_padding=&#8221;||0px|&#8221; global_colors_info=&#8221;{}&#8221; custom_padding__hover=&#8221;|||&#8221;][et_pb_text admin_label=&#8221;Blue Background Header&#8221; _builder_version=&#8221;3.27.4&#8243; custom_margin=&#8221;||0px|&#8221; custom_padding=&#8221;||0px|&#8221; global_colors_info=&#8221;{}&#8221;]<\/p>\n<h1>Fagerstr\u00f6m-Test<\/h1>\n<h2>Berechnen Sie Ihre k\u00f6rperliche Abh\u00e4ngigkeit.<\/h2>\n<p>[\/et_pb_text][\/et_pb_column][\/et_pb_row][\/et_pb_section][et_pb_section fb_built=&#8221;1&#8243; _builder_version=&#8221;3.22&#8243; global_colors_info=&#8221;{}&#8221;][et_pb_row column_structure=&#8221;2_3,1_3&#8243; _builder_version=&#8221;3.25&#8243; background_size=&#8221;initial&#8221; background_position=&#8221;top_left&#8221; background_repeat=&#8221;repeat&#8221; global_colors_info=&#8221;{}&#8221;][et_pb_column type=&#8221;2_3&#8243; _builder_version=&#8221;3.25&#8243; custom_padding=&#8221;|||&#8221; global_colors_info=&#8221;{}&#8221; custom_padding__hover=&#8221;|||&#8221;][et_pb_text _builder_version=&#8221;4.13.1&#8243; hover_enabled=&#8221;0&#8243; global_colors_info=&#8221;{}&#8221; sticky_enabled=&#8221;0&#8243;]<\/p>\n<form name=\"rygeform\" action=\"\" method=\"post\"><div class=\"standard fagerstroem\"><h3>Testen Sie sich<\/h3><h4>Wann nach dem Aufwachen rauchen Sie Ihre erste Zigarette?<\/h4><p><label>nach 60 Minuten<\/label><input type=\"radio\" value=\"0\" name=\"first\"><\/p><p><label>31 - 60 Minuten<\/label><input type=\"radio\" value=\"1\" name=\"first\"><\/p><p><label>6 - 30 Minuten<\/label><input type=\"radio\" value=\"2\" name=\"first\"><\/p><p><label>5 Minuten<\/label><input type=\"radio\" value=\"3\" name=\"first\"><br><h4>Finden Sie es schwierig an Orten, an denen das Rauchen verboten ist, nicht zu rauchen?<\/h4><p><label>Nein<\/label><input type=\"radio\" value=\"0\" name=\"second\"><\/p><p><label>Ja<\/label><input type=\"radio\" value=\"1\" name=\"second\"><\/p><h4>Auf welche Zigarette w\u00fcrden Sie nicht verzichten wollen?<\/h4><p><label>die erste am Morgen<\/label><input type=\"radio\" value=\"01\" name=\"third\"><\/p><p><label>andere<\/label><input type=\"radio\" value=\"02\" name=\"third\"><\/p><h4>Wie viele Zigaretten rauchen Sie im Allgemeinen pro Tag?<\/h4><p><label>bis 10<\/label><input type=\"radio\" value=\"01\" name=\"fourth\"><\/p><p><label>11 - 20<\/label><input type=\"radio\" value=\"02\" name=\"fourth\"><\/p><p><label>21 - 30<\/label><input type=\"radio\" value=\"03\" name=\"fourth\"><\/p><p><label>31 und mehr<\/label><input type=\"radio\" value=\"04\" name=\"fourth\"><\/p><h4>Rauchen Sie am Morgen im Allgemeinen mehr als am Rest des Tages?<\/h4><p><label>Nein<\/label><input type=\"radio\" value=\"01\" name=\"fifth\"><\/p><p><label>Ja<\/label><input type=\"radio\" value=\"02\" name=\"fifth\"><\/p><h4>Kommt es vor, dass Sie rauchen, wenn Sie krank sind und tags\u00fcber im Bett bleiben m\u00fcssen?<\/h4><p><label>Nein<\/label><input type=\"radio\" value=\"01\" name=\"sixth\"><\/p><p><label>Ja<\/label><input type=\"radio\" value=\"02\" name=\"sixth\"><\/p><input type=\"button\" class=\"et_pb_button\" value=\"Berechne die Abh\u00e4ngigkeit\"  name=\"Beregn\" onclick=\"beregntotal();\"><br><br><p><span>Punkte:<\/span><input type=\"text\" disabled=\"disabled\" name=\"total\" size=\"5\" maxlength=\"5\"><\/p><span>Rauchertyp:<\/span><input type=\"text\" disabled=\"disabled\" size=\"40\" value=\"\" name=\"rygertype\"><\/p><textarea disabled=\"disabled\" name=\"definition\" rows=\"8\" cols=\"68\"><\/textarea><\/div><\/form>\n<p>[\/et_pb_text][\/et_pb_column][et_pb_column type=&#8221;1_3&#8243; _builder_version=&#8221;3.25&#8243; custom_padding=&#8221;|||&#8221; global_colors_info=&#8221;{}&#8221; custom_padding__hover=&#8221;|||&#8221;][\/et_pb_column][\/et_pb_row][\/et_pb_section]<\/p>\n","protected":false},"excerpt":{"rendered":"<p>Fagerstr\u00f6m-Test Berechnen Sie Ihre k\u00f6rperliche Abh\u00e4ngigkeit. <form name=\"rygeform\" action=\"\" method=\"post\"><div class=\"standard fagerstroem\"><h3>Testen Sie sich<\/h3><h4>Wann nach dem Aufwachen rauchen Sie Ihre erste Zigarette?<\/h4><p><label>nach 60 Minuten<\/label><input type=\"radio\" value=\"0\" name=\"first\"><\/p><p><label>31 - 60 Minuten<\/label><input type=\"radio\" value=\"1\" name=\"first\"><\/p><p><label>6 - 30 Minuten<\/label><input type=\"radio\" value=\"2\" name=\"first\"><\/p><p><label>5 Minuten<\/label><input type=\"radio\" value=\"3\" name=\"first\"><br><h4>Finden Sie es schwierig an Orten, an denen das Rauchen verboten ist, nicht zu rauchen?<\/h4><p><label>Nein<\/label><input type=\"radio\" value=\"0\" name=\"second\"><\/p><p><label>Ja<\/label><input type=\"radio\" value=\"1\" name=\"second\"><\/p><h4>Auf welche Zigarette w\u00fcrden Sie nicht verzichten wollen?<\/h4><p><label>die erste am Morgen<\/label><input type=\"radio\" value=\"01\" name=\"third\"><\/p><p><label>andere<\/label><input type=\"radio\" value=\"02\" name=\"third\"><\/p><h4>Wie viele Zigaretten rauchen Sie im Allgemeinen pro Tag?<\/h4><p><label>bis 10<\/label><input type=\"radio\" value=\"01\" name=\"fourth\"><\/p><p><label>11 - 20<\/label><input type=\"radio\" value=\"02\" name=\"fourth\"><\/p><p><label>21 - 30<\/label><input type=\"radio\" value=\"03\" name=\"fourth\"><\/p><p><label>31 und mehr<\/label><input type=\"radio\" value=\"04\" name=\"fourth\"><\/p><h4>Rauchen Sie am Morgen im Allgemeinen mehr als am Rest des Tages?<\/h4><p><label>Nein<\/label><input type=\"radio\" value=\"01\" name=\"fifth\"><\/p><p><label>Ja<\/label><input type=\"radio\" value=\"02\" name=\"fifth\"><\/p><h4>Kommt es vor, dass Sie rauchen, wenn Sie krank sind und tags\u00fcber im Bett bleiben m\u00fcssen?<\/h4><p><label>Nein<\/label><input type=\"radio\" value=\"01\" name=\"sixth\"><\/p><p><label>Ja<\/label><input type=\"radio\" value=\"02\" name=\"sixth\"><\/p><input type=\"button\" class=\"et_pb_button\" value=\"Berechne die Abh\u00e4ngigkeit\"  name=\"Beregn\" onclick=\"beregntotal();\"><br><br><p><span>Punkte:<\/span><input type=\"text\" disabled=\"disabled\" name=\"total\" size=\"5\" maxlength=\"5\"><\/p><span>Rauchertyp:<\/span><input type=\"text\" disabled=\"disabled\" size=\"40\" value=\"\" name=\"rygertype\"><\/p><textarea disabled=\"disabled\" name=\"definition\" rows=\"8\" cols=\"68\"><\/textarea><\/div><\/form><\/p>\n","protected":false},"author":2,"featured_media":0,"parent":236,"menu_order":0,"comment_status":"closed","ping_status":"open","template":"","meta":{"_et_pb_use_builder":"on","_et_pb_old_content":"<p>[abhaengigkeitstest]<\/p>","_et_gb_content_width":"","footnotes":""},"class_list":["post-241","page","type-page","status-publish","hentry"],"yoast_head":"<!-- This site is optimized with the Yoast SEO plugin v26.2 - https:\/\/yoast.com\/wordpress\/plugins\/seo\/ -->\n<title>Abh\u00e4ngigkeits-Test - Rauchfrei Telefon<\/title>\n<meta name=\"robots\" content=\"index, follow, max-snippet:-1, max-image-preview:large, max-video-preview:-1\" \/>\n<link rel=\"canonical\" href=\"https:\/\/rauchfrei.at\/aufhoeren\/tests-tools\/abhaengigkeits-test\/\" \/>\n<meta property=\"og:locale\" content=\"en_US\" \/>\n<meta property=\"og:type\" content=\"article\" \/>\n<meta property=\"og:title\" content=\"Abh\u00e4ngigkeits-Test - Rauchfrei Telefon\" \/>\n<meta property=\"og:description\" content=\"Fagerstr\u00f6m-Test Berechnen Sie Ihre k\u00f6rperliche Abh\u00e4ngigkeit.\" \/>\n<meta property=\"og:url\" content=\"https:\/\/rauchfrei.at\/aufhoeren\/tests-tools\/abhaengigkeits-test\/\" \/>\n<meta property=\"og:site_name\" content=\"Rauchfrei Telefon\" \/>\n<meta property=\"article:modified_time\" content=\"2022-01-13T08:44:41+00:00\" \/>\n<meta name=\"twitter:card\" content=\"summary_large_image\" \/>\n<meta name=\"twitter:label1\" content=\"Est. reading time\" \/>\n\t<meta name=\"twitter:data1\" content=\"1 minute\" \/>\n<script type=\"application\/ld+json\" class=\"yoast-schema-graph\">{\"@context\":\"https:\/\/schema.org\",\"@graph\":[{\"@type\":\"WebPage\",\"@id\":\"https:\/\/rauchfrei.at\/aufhoeren\/tests-tools\/abhaengigkeits-test\/\",\"url\":\"https:\/\/rauchfrei.at\/aufhoeren\/tests-tools\/abhaengigkeits-test\/\",\"name\":\"Abh\u00e4ngigkeits-Test - Rauchfrei Telefon\",\"isPartOf\":{\"@id\":\"https:\/\/rauchfrei.at\/#website\"},\"datePublished\":\"2012-03-08T06:22:02+00:00\",\"dateModified\":\"2022-01-13T08:44:41+00:00\",\"breadcrumb\":{\"@id\":\"https:\/\/rauchfrei.at\/aufhoeren\/tests-tools\/abhaengigkeits-test\/#breadcrumb\"},\"inLanguage\":\"en-US\",\"potentialAction\":[{\"@type\":\"ReadAction\",\"target\":[\"https:\/\/rauchfrei.at\/aufhoeren\/tests-tools\/abhaengigkeits-test\/\"]}]},{\"@type\":\"BreadcrumbList\",\"@id\":\"https:\/\/rauchfrei.at\/aufhoeren\/tests-tools\/abhaengigkeits-test\/#breadcrumb\",\"itemListElement\":[{\"@type\":\"ListItem\",\"position\":1,\"name\":\"Aufh\u00f6ren\",\"item\":\"https:\/\/rauchfrei.at\/aufhoeren\/\"},{\"@type\":\"ListItem\",\"position\":2,\"name\":\"Tests &#038; Tools\",\"item\":\"https:\/\/rauchfrei.at\/aufhoeren\/tests-tools\/\"},{\"@type\":\"ListItem\",\"position\":3,\"name\":\"Abh\u00e4ngigkeits-Test\"}]},{\"@type\":\"WebSite\",\"@id\":\"https:\/\/rauchfrei.at\/#website\",\"url\":\"https:\/\/rauchfrei.at\/\",\"name\":\"Rauchfrei Telefon\",\"description\":\"Eine \u00f6sterreichweite Initiative der Sozialversicherungen.\",\"potentialAction\":[{\"@type\":\"SearchAction\",\"target\":{\"@type\":\"EntryPoint\",\"urlTemplate\":\"https:\/\/rauchfrei.at\/?s={search_term_string}\"},\"query-input\":{\"@type\":\"PropertyValueSpecification\",\"valueRequired\":true,\"valueName\":\"search_term_string\"}}],\"inLanguage\":\"en-US\"}]}<\/script>\n<!-- \/ Yoast SEO plugin. -->","yoast_head_json":{"title":"Abh\u00e4ngigkeits-Test - Rauchfrei Telefon","robots":{"index":"index","follow":"follow","max-snippet":"max-snippet:-1","max-image-preview":"max-image-preview:large","max-video-preview":"max-video-preview:-1"},"canonical":"https:\/\/rauchfrei.at\/aufhoeren\/tests-tools\/abhaengigkeits-test\/","og_locale":"en_US","og_type":"article","og_title":"Abh\u00e4ngigkeits-Test - Rauchfrei Telefon","og_description":"Fagerstr\u00f6m-Test Berechnen Sie Ihre k\u00f6rperliche Abh\u00e4ngigkeit.","og_url":"https:\/\/rauchfrei.at\/aufhoeren\/tests-tools\/abhaengigkeits-test\/","og_site_name":"Rauchfrei Telefon","article_modified_time":"2022-01-13T08:44:41+00:00","twitter_card":"summary_large_image","twitter_misc":{"Est. reading time":"1 minute"},"schema":{"@context":"https:\/\/schema.org","@graph":[{"@type":"WebPage","@id":"https:\/\/rauchfrei.at\/aufhoeren\/tests-tools\/abhaengigkeits-test\/","url":"https:\/\/rauchfrei.at\/aufhoeren\/tests-tools\/abhaengigkeits-test\/","name":"Abh\u00e4ngigkeits-Test - Rauchfrei Telefon","isPartOf":{"@id":"https:\/\/rauchfrei.at\/#website"},"datePublished":"2012-03-08T06:22:02+00:00","dateModified":"2022-01-13T08:44:41+00:00","breadcrumb":{"@id":"https:\/\/rauchfrei.at\/aufhoeren\/tests-tools\/abhaengigkeits-test\/#breadcrumb"},"inLanguage":"en-US","potentialAction":[{"@type":"ReadAction","target":["https:\/\/rauchfrei.at\/aufhoeren\/tests-tools\/abhaengigkeits-test\/"]}]},{"@type":"BreadcrumbList","@id":"https:\/\/rauchfrei.at\/aufhoeren\/tests-tools\/abhaengigkeits-test\/#breadcrumb","itemListElement":[{"@type":"ListItem","position":1,"name":"Aufh\u00f6ren","item":"https:\/\/rauchfrei.at\/aufhoeren\/"},{"@type":"ListItem","position":2,"name":"Tests &#038; Tools","item":"https:\/\/rauchfrei.at\/aufhoeren\/tests-tools\/"},{"@type":"ListItem","position":3,"name":"Abh\u00e4ngigkeits-Test"}]},{"@type":"WebSite","@id":"https:\/\/rauchfrei.at\/#website","url":"https:\/\/rauchfrei.at\/","name":"Rauchfrei Telefon","description":"Eine \u00f6sterreichweite Initiative der Sozialversicherungen.","potentialAction":[{"@type":"SearchAction","target":{"@type":"EntryPoint","urlTemplate":"https:\/\/rauchfrei.at\/?s={search_term_string}"},"query-input":{"@type":"PropertyValueSpecification","valueRequired":true,"valueName":"search_term_string"}}],"inLanguage":"en-US"}]}},"_links":{"self":[{"href":"https:\/\/rauchfrei.at\/en\/wp-json\/wp\/v2\/pages\/241","targetHints":{"allow":["GET"]}}],"collection":[{"href":"https:\/\/rauchfrei.at\/en\/wp-json\/wp\/v2\/pages"}],"about":[{"href":"https:\/\/rauchfrei.at\/en\/wp-json\/wp\/v2\/types\/page"}],"author":[{"embeddable":true,"href":"https:\/\/rauchfrei.at\/en\/wp-json\/wp\/v2\/users\/2"}],"replies":[{"embeddable":true,"href":"https:\/\/rauchfrei.at\/en\/wp-json\/wp\/v2\/comments?post=241"}],"version-history":[{"count":7,"href":"https:\/\/rauchfrei.at\/en\/wp-json\/wp\/v2\/pages\/241\/revisions"}],"predecessor-version":[{"id":22715,"href":"https:\/\/rauchfrei.at\/en\/wp-json\/wp\/v2\/pages\/241\/revisions\/22715"}],"up":[{"embeddable":true,"href":"https:\/\/rauchfrei.at\/en\/wp-json\/wp\/v2\/pages\/236"}],"wp:attachment":[{"href":"https:\/\/rauchfrei.at\/en\/wp-json\/wp\/v2\/media?parent=241"}],"curies":[{"name":"wp","href":"https:\/\/api.w.org\/{rel}","templated":true}]}}