
{"id":249,"date":"2012-03-08T06:24:05","date_gmt":"2012-03-08T06:24:05","guid":{"rendered":"http:\/\/web362.itscserver.org\/wordpress\/?page_id=249"},"modified":"2025-09-25T11:46:55","modified_gmt":"2025-09-25T09:46:55","slug":"rezeptpflichtige-medikamente","status":"publish","type":"page","link":"https:\/\/rauchfrei.at\/en\/aufhoeren\/medikamentoese-unterstuetzung\/rezeptpflichtige-medikamente\/","title":{"rendered":"Rezeptpflichtige Medikamente"},"content":{"rendered":"<p>[et_pb_section fb_built=&#8221;1&#8243; custom_padding_last_edited=&#8221;off|&#8221; module_class=&#8221;header&#8221; _builder_version=&#8221;4.16&#8243; background_color=&#8221;#67BAD3&#8243; custom_margin=&#8221;||0px|&#8221; custom_padding=&#8221;100px||10px|&#8221; global_colors_info=&#8221;{}&#8221;][et_pb_row _builder_version=&#8221;4.16&#8243; custom_margin=&#8221;||0px|&#8221; custom_padding=&#8221;||0px|&#8221; global_colors_info=&#8221;{}&#8221;][et_pb_column type=&#8221;4_4&#8243; _builder_version=&#8221;4.16&#8243; custom_padding=&#8221;||0px|&#8221; global_colors_info=&#8221;{}&#8221; custom_padding__hover=&#8221;|||&#8221;][et_pb_text admin_label=&#8221;Blue Background Header&#8221; _builder_version=&#8221;4.23.1&#8243; custom_margin=&#8221;||0px|&#8221; custom_padding=&#8221;||0px|&#8221; global_colors_info=&#8221;{}&#8221;]<\/p>\n<h1>Andere Arzneimittel<\/h1>\n<h2>zur Unterst\u00fctzung in der Tabakentw\u00f6hnung<\/h2>\n<p>[\/et_pb_text][\/et_pb_column][\/et_pb_row][\/et_pb_section][et_pb_section fb_built=&#8221;1&#8243; _builder_version=&#8221;4.16&#8243; global_colors_info=&#8221;{}&#8221;][et_pb_row column_structure=&#8221;2_3,1_3&#8243; _builder_version=&#8221;4.16&#8243; background_size=&#8221;initial&#8221; background_position=&#8221;top_left&#8221; background_repeat=&#8221;repeat&#8221; global_colors_info=&#8221;{}&#8221;][et_pb_column type=&#8221;2_3&#8243; _builder_version=&#8221;4.16&#8243; custom_padding=&#8221;|||&#8221; global_colors_info=&#8221;{}&#8221; custom_padding__hover=&#8221;|||&#8221;][et_pb_text admin_label=&#8221;andere Arzneimittel&#8221; _builder_version=&#8221;4.27.4&#8243; hover_enabled=&#8221;0&#8243; global_colors_info=&#8221;{}&#8221; sticky_enabled=&#8221;0&#8243;]<\/p>\n<p>seit 2007 Die folgenden Hinweise stellen nur eine oberfl\u00e4chliche Information zu den rezeptfreien und verschreibungspflichtigen Medikamenten dar. F\u00fcr weiterf\u00fchrende Arzneimittelinformationen lesen Sie sorgf\u00e4ltig die Packungsbeilage und konsultieren Sie unbedingt Ihren Arzt\/Ihre \u00c4rztin oder Ihren Apotheker\/Ihre Apothekerin.<\/p>\n<blockquote>\n<p>Rezeptfreies Medikament<\/p>\n<\/blockquote>\n<h3>Cytisin<\/h3>\n<p>In \u00d6sterreich ist seit Mai 2024 der Wirkstoff Cytisin (Goldregensamen; pflanzliches Alkaloid) zur <strong>Entw\u00f6hnung nikotinhaltiger Produkte<\/strong> verf\u00fcgbar. Cytisin ist apothekenpflichtig und rezeptfrei.<\/p>\n<p><u>Zielgruppe:<\/u> Erwachsene (ab 18 Jahre), die den Nikotinkonsum dauerhaft beenden wollen. Die Anwendung bei Jugendlichen, Personen \u00fcber 65 Jahren sowie in Schwangerschaft und Stillzeit ist nicht empfohlen und erfordert jedenfalls eine \u00e4rztliche R\u00fccksprache. Ebenso ist eine \u00e4rztliche R\u00fccksprache bei Personen mit Vorerkrankungen empfohlen.<\/p>\n<p><u>Wirkung:<\/u> Cytisin weist eine \u00e4hnliche chemische Struktur wie Nikotin auf. Cytisin bindet an die Nikotinrezeptoren im Gehirn. Einerseits steigt damit der Dopaminspiegel im Gehirn und Entzugssymptome werden gelindert. Andererseits sind weniger Rezeptoren mit Nikotin besetzt. Folglich nimmt das Verlangen nach Nikotin ab.<\/p>\n<p><u>Einnahme:<\/u> Die Behandlung mit Cytisin betr\u00e4gt 25 Tage. Sie unterliegt einem genau empfohlenen Dosierschema. Bis sp\u00e4testens zum 5. Tag der Einnahme soll der Nikotinstopp erfolgen. Nach den 25 Tagen wird das Cytisin aus dem K\u00f6rper ausgeschieden, das Verlangen nach Nikotin ist weg.<br \/>Wenn der Nikotinstopp innerhalb der ersten 5 Tage nicht gelingt, sollte die Einnahme abgebrochen werden, da die Gefahr f\u00fcr verst\u00e4rkte Nebenwirkungen besteht. Nach 2-3 Monaten ist ein erneuter Nikotinstopp mit Cytisin m\u00f6glich.<\/p>\n<blockquote>\n<p>Rezeptpflichtige Medikamente<\/p>\n<\/blockquote>\n<h3>Bupropion<\/h3>\n<p>Der Wirkstoff Bupropion dient zur Behandlung der Tabakabh\u00e4ngigkeit. Bupropion ist verschreibungspflichtig, zur Tabakentw\u00f6hnung f\u00fcr Erwachsene gedacht und wird f\u00fcr Kinder und Jugendliche unter 18 Jahren nicht empfohlen. Die medikament\u00f6se Behandlung muss unter \u00e4rztlicher Kontrolle erfolgen. Auftretende Nebenwirkungen, wie Ver\u00e4nderungen der physischen und psychischen Befindlichkeit, sind unmittelbar mit dem behandelnden Arzt oder der behandelnden \u00c4rztin zu besprechen.<\/p>\n<h2><\/h2>\n<h3>Vareniclin<\/h3>\n<p>In \u00d6sterreich ist der Wirkstoff Vareniclin seit 2007 zur Tabakentw\u00f6hnung zugelassen. Vareniclin ist verschreibungspflichtig und zur Tabakentw\u00f6hnung f\u00fcr Erwachsene ab 18 Jahren empfohlen. Die medikament\u00f6se Behandlung muss unter \u00e4rztlicher Kontrolle erfolgen. Auftretende Nebenwirkungen, wie Ver\u00e4nderungen der physischen und psychischen Befindlichkeit, sind unmittelbar mit dem behandelnden Arzt oder der behandelnden \u00c4rztin zu besprechen.<\/p>\n<p>Die Wirkung von Vareniclin basiert auf zwei Vorg\u00e4ngen. Einerseits bindet der Wirkstoff an die Nikotinrezeptoren und lindert somit die Symptome des Rauchverlangens und des Entzugs (agonistische Wirkung). Andererseits werden durch den Wirkstoff alle betreffenden Rezeptoren blockiert (antagonistische Wirkung). Folglich kann das Nikotin seine Wirkung nicht mehr entfalten. Der unmittelbare Belohnungs- und Verst\u00e4rkungseffekt des Tabakkonsums tritt daher nicht mehr ein.<\/p>\n<p>&nbsp;<\/p>\n<p>[\/et_pb_text][\/et_pb_column][et_pb_column type=&#8221;1_3&#8243; _builder_version=&#8221;4.16&#8243; custom_padding=&#8221;|||&#8221; global_colors_info=&#8221;{}&#8221; custom_padding__hover=&#8221;|||&#8221;][et_pb_text admin_label=&#8221;Angebote in \u00d6sterreich&#8221; _builder_version=&#8221;4.23.1&#8243; custom_margin=&#8221;||60px&#8221; custom_padding=&#8221;||&#8221; link_option_url=&#8221;https:\/\/rauchfrei.at\/aufhoeren\/weitere-beratungsangebote-in-oe\/beratungsangebote\/&#8221; link_option_url_new_window=&#8221;on&#8221; global_module=&#8221;13404&#8243; saved_tabs=&#8221;all&#8221; global_colors_info=&#8221;{}&#8221;]<\/p>\n<p><a style=\"color: #212121;\" href=\"https:\/\/rauchfrei.at\/aufhoeren\/weitere-beratungsangebote-in-oe\/ambulante-beratung\/\"><\/a><\/p>\n<h2>Angebote in \u00d6sterreich<\/h2>\n<p><img loading=\"lazy\" decoding=\"async\" class=\"wp-image-13438 alignnone size-large\" src=\"https:\/\/rauchfrei.at\/wp-content\/uploads\/oesterreichkarte-2-480x248.png\" alt=\"\" width=\"480\" height=\"248\" srcset=\"https:\/\/rauchfrei.at\/wp-content\/uploads\/oesterreichkarte-2-480x248.png 480w, https:\/\/rauchfrei.at\/wp-content\/uploads\/oesterreichkarte-2-225x116.png 225w, https:\/\/rauchfrei.at\/wp-content\/uploads\/oesterreichkarte-2-768x397.png 768w, https:\/\/rauchfrei.at\/wp-content\/uploads\/oesterreichkarte-2-1080x558.png 1080w, https:\/\/rauchfrei.at\/wp-content\/uploads\/oesterreichkarte-2.png 1736w\" sizes=\"(max-width: 480px) 100vw, 480px\" \/><\/p>\n<p>Finden Sie das passende Angebot von ambulanter Einzelberatung bis hin zur station\u00e4ren Gruppenberatung<\/p>\n<p>&nbsp;<\/p>\n<p><a class=\"mehr\" href=\"https:\/\/rauchfrei.at\/aufhoeren\/weitere-beratungsangebote-in-oe\/beratungsangebote\/\" target=\"_blank\" rel=\"noopener\">mehr<\/a><\/p>\n<p>[\/et_pb_text][et_pb_dp_dmb_module_10080 link_text=&#8221;hier kostenfrei bestellen&#8221; link_url=&#8221;https:\/\/rauchfrei.at\/broschueren-downloads\/bestellung\/&#8221; admin_label=&#8221;Materialbestellung&#8221; _builder_version=&#8221;3.21&#8243; global_module=&#8221;13132&#8243; saved_tabs=&#8221;all&#8221; global_colors_info=&#8221;{}&#8221;]<\/p>\n<p><strong>Brosch\u00fcren<br \/>bestellen\u00a0<\/strong><\/p>\n<p>[\/et_pb_dp_dmb_module_10080][\/et_pb_column][\/et_pb_row][\/et_pb_section]<\/p>\n","protected":false},"excerpt":{"rendered":"<p>Andere Arzneimittel zur Unterst\u00fctzung in der Tabakentw\u00f6hnungseit 2007 Die folgenden Hinweise stellen nur eine oberfl\u00e4chliche Information zu den rezeptfreien und verschreibungspflichtigen Medikamenten dar. F\u00fcr weiterf\u00fchrende Arzneimittelinformationen lesen Sie sorgf\u00e4ltig die Packungsbeilage und konsultieren Sie unbedingt Ihren Arzt\/Ihre \u00c4rztin oder Ihren Apotheker\/Ihre Apothekerin. Rezeptfreies Medikament Cytisin In \u00d6sterreich ist seit Mai 2024 der Wirkstoff Cytisin (Goldregensamen; [&hellip;]<\/p>\n","protected":false},"author":2,"featured_media":0,"parent":243,"menu_order":0,"comment_status":"closed","ping_status":"open","template":"","meta":{"_et_pb_use_builder":"on","_et_pb_old_content":"<p><strong>Die folgenden Hinweise stellen nur eine oberfl\u00e4chliche Information dar. F\u00fcr weiterf\u00fchrende Arzneimittelinformationen lesen Sie sorgf\u00e4ltig die Packungsbeilage und konsultieren Sie unbedingt Ihren Arzt\/Ihre \u00c4rztin oder Ihren Apotheker\/Ihre Apothekerin.<\/strong><\/p><h2>Bupropion<\/h2><p>Der Wirkstoff Bupropion dient zur Behandlung der Tabakabh\u00e4ngigkeit. Bupropion ist verschreibungspflichtig, zur Tabakentw\u00f6hnung f\u00fcr Erwachsene gedacht und wird f\u00fcr Kinder und Jugendliche unter 18 Jahren nicht empfohlen. Die medikament\u00f6se Behandlung muss unter \u00e4rztlicher Kontrolle erfolgen. Auftretende Nebenwirkungen, wie Ver\u00e4nderungen der physischen und psychischen Befindlichkeit, sind unmittelbar mit dem behandelnden Arzt oder der behandelnden \u00c4rztin zu besprechen.<\/p><h2>Vareniclin<\/h2><p>In \u00d6sterreich ist seit 1. Februar 2007 der Wirkstoff Vareniclin verf\u00fcgbar. Vareniclin ist verschreibungspflichtig, zur Tabakentw\u00f6hnung f\u00fcr Erwachsene gedacht und wird f\u00fcr Kinder und Jugendliche unter 18 Jahren nicht empfohlen. Die medikament\u00f6se Behandlung muss unter \u00e4rztlicher Kontrolle erfolgen. Auftretende Nebenwirkungen, wie Ver\u00e4nderungen der physischen und psychischen Befindlichkeit, sind unmittelbar mit dem behandelnden Arzt oder der behandelnden \u00c4rztin zu besprechen.<\/p><p>Die Wirkung von Vareniclin basiert auf zwei Vorg\u00e4ngen. Einerseits bindet der Wirkstoff an die Nikotinrezeptoren und lindert somit die Symptome des Rauchverlangens und des Entzugs (agonistische Wirkung). Andererseits werden durch den Wirkstoff alle betreffenden Rezeptoren blockiert (antagonistische Wirkung). Folglich kann das Nikotin seine Wirkung nicht mehr entfalten. Der unmittelbare Belohnungs- und Verst\u00e4rkungseffekt des Tabakkonsums tritt daher nicht mehr ein.<\/p><p>Wie bei allen anderen Therapien sind die Erfolgsaussichten bei der Behandlung mit Vareniclin bei jenen Patient\/innen besser, die motiviert sind das Rauchen aufzugeben und zus\u00e4tzlich Beratung in Anspruch nehmen.<\/p><h3>Bitte beachten Sie:<\/h3><p>Sowohl Bupropion als auch Vareniclin sind rezeptpflichtige Medikamente. Details wie Verschreibung, Anwendung und eventuelle Nebenwirkungen besprechen Sie bitte mit Ihrem behandelnden Arzt bzw. Ihrer behandelnden \u00c4rztin.<\/p><p>Quellen: Diagnostik und Therapie der Tabakabh\u00e4ngigkeit (Rudolf Schoberberger, Hrsg.)<\/p><p>\u00a0<\/p>","_et_gb_content_width":"","footnotes":""},"class_list":["post-249","page","type-page","status-publish","hentry"],"yoast_head":"<!-- This site is optimized with the Yoast SEO plugin v26.2 - https:\/\/yoast.com\/wordpress\/plugins\/seo\/ -->\n<title>Rezeptpflichtige Medikamente - Rauchfrei Telefon<\/title>\n<meta name=\"robots\" content=\"index, follow, max-snippet:-1, max-image-preview:large, max-video-preview:-1\" \/>\n<link rel=\"canonical\" href=\"https:\/\/rauchfrei.at\/aufhoeren\/medikamentoese-unterstuetzung\/rezeptpflichtige-medikamente\/\" \/>\n<meta property=\"og:locale\" content=\"en_US\" \/>\n<meta property=\"og:type\" content=\"article\" \/>\n<meta property=\"og:title\" content=\"Rezeptpflichtige Medikamente - Rauchfrei Telefon\" \/>\n<meta property=\"og:description\" content=\"Andere Arzneimittel zur Unterst\u00fctzung in der Tabakentw\u00f6hnungseit 2007 Die folgenden Hinweise stellen nur eine oberfl\u00e4chliche Information zu den rezeptfreien und verschreibungspflichtigen Medikamenten dar. F\u00fcr weiterf\u00fchrende Arzneimittelinformationen lesen Sie sorgf\u00e4ltig die Packungsbeilage und konsultieren Sie unbedingt Ihren Arzt\/Ihre \u00c4rztin oder Ihren Apotheker\/Ihre Apothekerin. Rezeptfreies Medikament Cytisin In \u00d6sterreich ist seit Mai 2024 der Wirkstoff Cytisin (Goldregensamen; [&hellip;]\" \/>\n<meta property=\"og:url\" content=\"https:\/\/rauchfrei.at\/aufhoeren\/medikamentoese-unterstuetzung\/rezeptpflichtige-medikamente\/\" \/>\n<meta property=\"og:site_name\" content=\"Rauchfrei Telefon\" \/>\n<meta property=\"article:modified_time\" content=\"2025-09-25T09:46:55+00:00\" \/>\n<meta property=\"og:image\" content=\"https:\/\/rauchfrei.at\/wp-content\/uploads\/oesterreichkarte-2.png\" \/>\n\t<meta property=\"og:image:width\" content=\"1736\" \/>\n\t<meta property=\"og:image:height\" content=\"897\" \/>\n\t<meta property=\"og:image:type\" content=\"image\/png\" \/>\n<meta name=\"twitter:card\" content=\"summary_large_image\" \/>\n<meta name=\"twitter:label1\" content=\"Est. reading time\" \/>\n\t<meta name=\"twitter:data1\" content=\"3 minutes\" \/>\n<script type=\"application\/ld+json\" class=\"yoast-schema-graph\">{\"@context\":\"https:\/\/schema.org\",\"@graph\":[{\"@type\":\"WebPage\",\"@id\":\"https:\/\/rauchfrei.at\/aufhoeren\/medikamentoese-unterstuetzung\/rezeptpflichtige-medikamente\/\",\"url\":\"https:\/\/rauchfrei.at\/aufhoeren\/medikamentoese-unterstuetzung\/rezeptpflichtige-medikamente\/\",\"name\":\"Rezeptpflichtige Medikamente - Rauchfrei Telefon\",\"isPartOf\":{\"@id\":\"https:\/\/rauchfrei.at\/#website\"},\"primaryImageOfPage\":{\"@id\":\"https:\/\/rauchfrei.at\/aufhoeren\/medikamentoese-unterstuetzung\/rezeptpflichtige-medikamente\/#primaryimage\"},\"image\":{\"@id\":\"https:\/\/rauchfrei.at\/aufhoeren\/medikamentoese-unterstuetzung\/rezeptpflichtige-medikamente\/#primaryimage\"},\"thumbnailUrl\":\"https:\/\/rauchfrei.at\/wp-content\/uploads\/oesterreichkarte-2-480x248.png\",\"datePublished\":\"2012-03-08T06:24:05+00:00\",\"dateModified\":\"2025-09-25T09:46:55+00:00\",\"breadcrumb\":{\"@id\":\"https:\/\/rauchfrei.at\/aufhoeren\/medikamentoese-unterstuetzung\/rezeptpflichtige-medikamente\/#breadcrumb\"},\"inLanguage\":\"en-US\",\"potentialAction\":[{\"@type\":\"ReadAction\",\"target\":[\"https:\/\/rauchfrei.at\/aufhoeren\/medikamentoese-unterstuetzung\/rezeptpflichtige-medikamente\/\"]}]},{\"@type\":\"ImageObject\",\"inLanguage\":\"en-US\",\"@id\":\"https:\/\/rauchfrei.at\/aufhoeren\/medikamentoese-unterstuetzung\/rezeptpflichtige-medikamente\/#primaryimage\",\"url\":\"https:\/\/rauchfrei.at\/wp-content\/uploads\/oesterreichkarte-2-480x248.png\",\"contentUrl\":\"https:\/\/rauchfrei.at\/wp-content\/uploads\/oesterreichkarte-2-480x248.png\"},{\"@type\":\"BreadcrumbList\",\"@id\":\"https:\/\/rauchfrei.at\/aufhoeren\/medikamentoese-unterstuetzung\/rezeptpflichtige-medikamente\/#breadcrumb\",\"itemListElement\":[{\"@type\":\"ListItem\",\"position\":1,\"name\":\"Aufh\u00f6ren\",\"item\":\"https:\/\/rauchfrei.at\/aufhoeren\/\"},{\"@type\":\"ListItem\",\"position\":2,\"name\":\"Medikament\u00f6se Unterst\u00fctzung\",\"item\":\"https:\/\/rauchfrei.at\/aufhoeren\/medikamentoese-unterstuetzung\/\"},{\"@type\":\"ListItem\",\"position\":3,\"name\":\"Rezeptpflichtige Medikamente\"}]},{\"@type\":\"WebSite\",\"@id\":\"https:\/\/rauchfrei.at\/#website\",\"url\":\"https:\/\/rauchfrei.at\/\",\"name\":\"Rauchfrei Telefon\",\"description\":\"Eine \u00f6sterreichweite Initiative der Sozialversicherungen.\",\"potentialAction\":[{\"@type\":\"SearchAction\",\"target\":{\"@type\":\"EntryPoint\",\"urlTemplate\":\"https:\/\/rauchfrei.at\/?s={search_term_string}\"},\"query-input\":{\"@type\":\"PropertyValueSpecification\",\"valueRequired\":true,\"valueName\":\"search_term_string\"}}],\"inLanguage\":\"en-US\"}]}<\/script>\n<!-- \/ Yoast SEO plugin. -->","yoast_head_json":{"title":"Rezeptpflichtige Medikamente - Rauchfrei Telefon","robots":{"index":"index","follow":"follow","max-snippet":"max-snippet:-1","max-image-preview":"max-image-preview:large","max-video-preview":"max-video-preview:-1"},"canonical":"https:\/\/rauchfrei.at\/aufhoeren\/medikamentoese-unterstuetzung\/rezeptpflichtige-medikamente\/","og_locale":"en_US","og_type":"article","og_title":"Rezeptpflichtige Medikamente - Rauchfrei Telefon","og_description":"Andere Arzneimittel zur Unterst\u00fctzung in der Tabakentw\u00f6hnungseit 2007 Die folgenden Hinweise stellen nur eine oberfl\u00e4chliche Information zu den rezeptfreien und verschreibungspflichtigen Medikamenten dar. F\u00fcr weiterf\u00fchrende Arzneimittelinformationen lesen Sie sorgf\u00e4ltig die Packungsbeilage und konsultieren Sie unbedingt Ihren Arzt\/Ihre \u00c4rztin oder Ihren Apotheker\/Ihre Apothekerin. Rezeptfreies Medikament Cytisin In \u00d6sterreich ist seit Mai 2024 der Wirkstoff Cytisin (Goldregensamen; [&hellip;]","og_url":"https:\/\/rauchfrei.at\/aufhoeren\/medikamentoese-unterstuetzung\/rezeptpflichtige-medikamente\/","og_site_name":"Rauchfrei Telefon","article_modified_time":"2025-09-25T09:46:55+00:00","og_image":[{"width":1736,"height":897,"url":"https:\/\/rauchfrei.at\/wp-content\/uploads\/oesterreichkarte-2.png","type":"image\/png"}],"twitter_card":"summary_large_image","twitter_misc":{"Est. reading time":"3 minutes"},"schema":{"@context":"https:\/\/schema.org","@graph":[{"@type":"WebPage","@id":"https:\/\/rauchfrei.at\/aufhoeren\/medikamentoese-unterstuetzung\/rezeptpflichtige-medikamente\/","url":"https:\/\/rauchfrei.at\/aufhoeren\/medikamentoese-unterstuetzung\/rezeptpflichtige-medikamente\/","name":"Rezeptpflichtige Medikamente - Rauchfrei Telefon","isPartOf":{"@id":"https:\/\/rauchfrei.at\/#website"},"primaryImageOfPage":{"@id":"https:\/\/rauchfrei.at\/aufhoeren\/medikamentoese-unterstuetzung\/rezeptpflichtige-medikamente\/#primaryimage"},"image":{"@id":"https:\/\/rauchfrei.at\/aufhoeren\/medikamentoese-unterstuetzung\/rezeptpflichtige-medikamente\/#primaryimage"},"thumbnailUrl":"https:\/\/rauchfrei.at\/wp-content\/uploads\/oesterreichkarte-2-480x248.png","datePublished":"2012-03-08T06:24:05+00:00","dateModified":"2025-09-25T09:46:55+00:00","breadcrumb":{"@id":"https:\/\/rauchfrei.at\/aufhoeren\/medikamentoese-unterstuetzung\/rezeptpflichtige-medikamente\/#breadcrumb"},"inLanguage":"en-US","potentialAction":[{"@type":"ReadAction","target":["https:\/\/rauchfrei.at\/aufhoeren\/medikamentoese-unterstuetzung\/rezeptpflichtige-medikamente\/"]}]},{"@type":"ImageObject","inLanguage":"en-US","@id":"https:\/\/rauchfrei.at\/aufhoeren\/medikamentoese-unterstuetzung\/rezeptpflichtige-medikamente\/#primaryimage","url":"https:\/\/rauchfrei.at\/wp-content\/uploads\/oesterreichkarte-2-480x248.png","contentUrl":"https:\/\/rauchfrei.at\/wp-content\/uploads\/oesterreichkarte-2-480x248.png"},{"@type":"BreadcrumbList","@id":"https:\/\/rauchfrei.at\/aufhoeren\/medikamentoese-unterstuetzung\/rezeptpflichtige-medikamente\/#breadcrumb","itemListElement":[{"@type":"ListItem","position":1,"name":"Aufh\u00f6ren","item":"https:\/\/rauchfrei.at\/aufhoeren\/"},{"@type":"ListItem","position":2,"name":"Medikament\u00f6se Unterst\u00fctzung","item":"https:\/\/rauchfrei.at\/aufhoeren\/medikamentoese-unterstuetzung\/"},{"@type":"ListItem","position":3,"name":"Rezeptpflichtige Medikamente"}]},{"@type":"WebSite","@id":"https:\/\/rauchfrei.at\/#website","url":"https:\/\/rauchfrei.at\/","name":"Rauchfrei Telefon","description":"Eine \u00f6sterreichweite Initiative der Sozialversicherungen.","potentialAction":[{"@type":"SearchAction","target":{"@type":"EntryPoint","urlTemplate":"https:\/\/rauchfrei.at\/?s={search_term_string}"},"query-input":{"@type":"PropertyValueSpecification","valueRequired":true,"valueName":"search_term_string"}}],"inLanguage":"en-US"}]}},"_links":{"self":[{"href":"https:\/\/rauchfrei.at\/en\/wp-json\/wp\/v2\/pages\/249","targetHints":{"allow":["GET"]}}],"collection":[{"href":"https:\/\/rauchfrei.at\/en\/wp-json\/wp\/v2\/pages"}],"about":[{"href":"https:\/\/rauchfrei.at\/en\/wp-json\/wp\/v2\/types\/page"}],"author":[{"embeddable":true,"href":"https:\/\/rauchfrei.at\/en\/wp-json\/wp\/v2\/users\/2"}],"replies":[{"embeddable":true,"href":"https:\/\/rauchfrei.at\/en\/wp-json\/wp\/v2\/comments?post=249"}],"version-history":[{"count":10,"href":"https:\/\/rauchfrei.at\/en\/wp-json\/wp\/v2\/pages\/249\/revisions"}],"predecessor-version":[{"id":31196,"href":"https:\/\/rauchfrei.at\/en\/wp-json\/wp\/v2\/pages\/249\/revisions\/31196"}],"up":[{"embeddable":true,"href":"https:\/\/rauchfrei.at\/en\/wp-json\/wp\/v2\/pages\/243"}],"wp:attachment":[{"href":"https:\/\/rauchfrei.at\/en\/wp-json\/wp\/v2\/media?parent=249"}],"curies":[{"name":"wp","href":"https:\/\/api.w.org\/{rel}","templated":true}]}}