
{"id":255,"date":"2012-03-08T06:26:16","date_gmt":"2012-03-08T06:26:16","guid":{"rendered":"http:\/\/web362.itscserver.org\/wordpress\/?page_id=255"},"modified":"2026-01-30T17:42:37","modified_gmt":"2026-01-30T15:42:37","slug":"stationaere-programme","status":"publish","type":"page","link":"https:\/\/rauchfrei.at\/en\/aufhoeren\/weitere-beratungsangebote-in-oe\/stationaere-programme\/","title":{"rendered":"Station\u00e4re Entw\u00f6hnung"},"content":{"rendered":"<p>[et_pb_section fb_built=&#8221;1&#8243; custom_padding_last_edited=&#8221;off|&#8221; module_class=&#8221;header&#8221; _builder_version=&#8221;4.16&#8243; background_color=&#8221;#67BAD3&#8243; custom_margin=&#8221;||0px|&#8221; custom_padding=&#8221;100px||10px|&#8221; global_colors_info=&#8221;{}&#8221;][et_pb_row _builder_version=&#8221;4.16&#8243; custom_margin=&#8221;||0px|&#8221; custom_padding=&#8221;||0px|&#8221; global_colors_info=&#8221;{}&#8221;][et_pb_column type=&#8221;4_4&#8243; _builder_version=&#8221;4.16&#8243; custom_padding=&#8221;||0px|&#8221; global_colors_info=&#8221;{}&#8221; custom_padding__hover=&#8221;|||&#8221;][et_pb_text admin_label=&#8221;Blue Background Header&#8221; _builder_version=&#8221;4.23.1&#8243; custom_margin=&#8221;||0px|&#8221; custom_padding=&#8221;||0px|&#8221; z_index_tablet=&#8221;500&#8243; global_colors_info=&#8221;{}&#8221;]<\/p>\n<h1>Station\u00e4re Behandlung<\/h1>\n<p>[\/et_pb_text][\/et_pb_column][\/et_pb_row][\/et_pb_section][et_pb_section fb_built=&#8221;1&#8243; specialty=&#8221;on&#8221; _builder_version=&#8221;4.16&#8243; global_colors_info=&#8221;{}&#8221;][et_pb_column type=&#8221;2_3&#8243; specialty_columns=&#8221;2&#8243; _builder_version=&#8221;4.16&#8243; custom_padding=&#8221;|||&#8221; global_colors_info=&#8221;{}&#8221; custom_padding__hover=&#8221;|||&#8221;][et_pb_row_inner _builder_version=&#8221;4.16&#8243; global_colors_info=&#8221;{}&#8221;][et_pb_column_inner saved_specialty_column_type=&#8221;2_3&#8243; _builder_version=&#8221;4.16&#8243; custom_padding=&#8221;|||&#8221; global_colors_info=&#8221;{}&#8221; custom_padding__hover=&#8221;|||&#8221;][et_pb_text _builder_version=&#8221;4.27.4&#8243; custom_padding=&#8221;||20px|&#8221; z_index_tablet=&#8221;500&#8243; global_colors_info=&#8221;{}&#8221;]<\/p>\n<p>Einige Gesundheitseinrichtungen bieten station\u00e4re Behandlung der Nikotinabh\u00e4ngigkeit an. F\u00fcr die Bewilligung des daf\u00fcr n\u00f6tigen Kurantrages\/Reha Antrages und der Kosten\u00fcbernahme durch die Sozialversicherung muss eine \u00e4rztliche Abkl\u00e4rung erfolgen.<\/p>\n<p>[\/et_pb_text][et_pb_button button_url=&#8221;https:\/\/www.sozialversicherung.at\/cdscontent\/load?contentid=10008.555945&#8243; url_new_window=&#8221;on&#8221; button_text=&#8221;Antrag auf Rehabilitations-, Kur- bzw. Erholungsaufenthalt&#8221; _builder_version=&#8221;4.27.4&#8243; global_colors_info=&#8221;{}&#8221; button_text_size__hover_enabled=&#8221;off&#8221; button_one_text_size__hover_enabled=&#8221;off&#8221; button_two_text_size__hover_enabled=&#8221;off&#8221; button_text_color__hover_enabled=&#8221;off&#8221; button_one_text_color__hover_enabled=&#8221;off&#8221; button_two_text_color__hover_enabled=&#8221;off&#8221; button_border_width__hover_enabled=&#8221;off&#8221; button_one_border_width__hover_enabled=&#8221;off&#8221; button_two_border_width__hover_enabled=&#8221;off&#8221; button_border_color__hover_enabled=&#8221;off&#8221; button_one_border_color__hover_enabled=&#8221;off&#8221; button_two_border_color__hover_enabled=&#8221;off&#8221; button_border_radius__hover_enabled=&#8221;off&#8221; button_one_border_radius__hover_enabled=&#8221;off&#8221; button_two_border_radius__hover_enabled=&#8221;off&#8221; button_letter_spacing__hover_enabled=&#8221;off&#8221; button_one_letter_spacing__hover_enabled=&#8221;off&#8221; button_two_letter_spacing__hover_enabled=&#8221;off&#8221; button_bg_color__hover_enabled=&#8221;off&#8221; button_one_bg_color__hover_enabled=&#8221;off&#8221; button_two_bg_color__hover_enabled=&#8221;off&#8221;]<br \/>\n[\/et_pb_button][et_pb_toggle title=&#8221;Gesundheitseinrichtung Josefhof der BVAEB&#8221; admin_label=&#8221;Gesundheitseinrichtung Josefhof der BVAEB&#8221; _builder_version=&#8221;4.17.4&#8243; custom_padding=&#8221;|||23px||&#8221; z_index_tablet=&#8221;500&#8243; global_colors_info=&#8221;{}&#8221;]<\/p>\n<p>Haideggerweg 38<br \/>8044 Graz<br \/>Tel.:050405-37888<br \/>Fax: 050405-21090<br \/>Email: <a title=\"Josefhof\" href=\"mailto:gej.buchung@bvaeb.at\" target=\"_blank\" rel=\"noopener noreferrer\">Josefhof<\/a><br \/><a href=\"https:\/\/www.bvaeb.sv.at\/cdscontent\/?contentid=10007.854992&amp;viewmode=content\" target=\"_blank\" rel=\"noopener noreferrer\">Homepage<\/a><\/p>\n<p>[\/et_pb_toggle][et_pb_toggle title=&#8221;Sonderkrankenanstalt Rehabilitationszentrum Weyer&#8221; admin_label=&#8221;Sonderkrankenanstalt Rehabilitationszentrum Weyer&#8221; _builder_version=&#8221;4.22.1&#8243; z_index_tablet=&#8221;500&#8243; global_colors_info=&#8221;{}&#8221;]<\/p>\n<p>M\u00fchlein 2<br \/>3335 Weyer\/Enns<br \/>Tel.: 07355\/8651<br \/>Email: <a href=\"mailto:ska-rz.weyer@pva.sozvers.at\" target=\"_blank\" rel=\"noopener noreferrer\">Sonderkrankenanstalt Weyer<\/a><br \/><a href=\"https:\/\/www.rz-weyer.at\/de\/reha-angebot\/raucherberatung\/\" target=\"_blank\" rel=\"noopener noreferrer\">Homepage<\/a><\/p>\n<p>[\/et_pb_toggle][et_pb_toggle title=&#8221;Gesundheitszentrum Linzerheim in Bad Schallerbach der \u00d6GK&#8221; admin_label=&#8221;Linzerheim&#8221; _builder_version=&#8221;4.17.1&#8243; z_index_tablet=&#8221;500&#8243; global_colors_info=&#8221;{}&#8221;]<\/p>\n<p>Grieskirchner Stra\u00dfe 6<br \/>4701 Bad Schallerbach<br \/>Information und Anmeldung unter: <a href=\"https:\/\/www.gesundheitskasse.at\/cdscontent\/?contentid=10007.866696&amp;portal=oegklinzerheimportal\" target=\"_blank\" rel=\"noopener\"><\/a><br \/>Tel.: 0 50 766-14425500 (Mo-Fr 7-15 Uhr)<br \/>Email:\u00a0<a href=\"mailto:statraucherentwoehnung@oegk.at\" target=\"_blank\" rel=\"noopener noreferrer\">statraucherentwoehnung@oegk.at<\/a><br \/><a href=\"https:\/\/www.gesundheitskasse.at\/cdscontent\/?contentid=10007.866696&amp;portal=oegklinzerheimportal\" target=\"_blank\" rel=\"noopener noreferrer\">Linzerheim<\/a><\/p>\n<p>[\/et_pb_toggle][et_pb_toggle title=&#8221;Rehaklinik Enns&#8221; admin_label=&#8221;Rehaklinik Enns&#8221; _builder_version=&#8221;4.27.4&#8243; z_index_tablet=&#8221;500&#8243; global_colors_info=&#8221;{}&#8221;]<\/p>\n<div class=\"et_pb_toggle_content clearfix\">Bahnhofweg 7<br \/>4470 Enns<br \/>Tel.: 07223\/82828<br \/>Email: <span data-teams=\"true\"><a aria-label=\"Link info@rehaenns.at\" id=\"menur4ap\" href=\"mailto:info@rehaenns.at\" rel=\"noreferrer noopener\" target=\"_blank\" class=\"fui-Link ___1q1shib f2hkw1w f3rmtva f1ewtqcl fyind8e f1k6fduh f1w7gpdv fk6fouc fjoy568 figsok6 f1s184ao f1mk8lai fnbmjn9 f1o700av f13mvf36 f1cmlufx f9n3di6 f1ids18y f1tx3yz7 f1deo86v f1eh06m1 f1iescvh fhgqx19 f1olyrje f1p93eir f1nev41a f1h8hb77 f1lqvz6u f10aw75t fsle3fq f17ae5zn\" title=\"mailto:info@rehaenns.at\">info@rehaenns.at<\/a><\/span><br \/><a href=\"https:\/\/www.rehaklinikenns.at\/staionaere-rehabilitation\/StationaereRaucherentwoehnung\/\">www.rehaenns.at<\/a><\/div>\n<p>[\/et_pb_toggle][\/et_pb_column_inner][\/et_pb_row_inner][et_pb_row_inner _builder_version=&#8221;4.16&#8243; custom_margin=&#8221;0px|||&#8221; custom_padding=&#8221;0px|||&#8221; global_colors_info=&#8221;{}&#8221;][et_pb_column_inner saved_specialty_column_type=&#8221;2_3&#8243; _builder_version=&#8221;4.16&#8243; custom_padding=&#8221;0px|||&#8221; global_colors_info=&#8221;{}&#8221; custom_padding__hover=&#8221;|||&#8221;][\/et_pb_column_inner][\/et_pb_row_inner][\/et_pb_column][et_pb_column type=&#8221;1_3&#8243; _builder_version=&#8221;4.16&#8243; custom_padding=&#8221;|||&#8221; global_colors_info=&#8221;{}&#8221; custom_padding__hover=&#8221;|||&#8221;][et_pb_text admin_label=&#8221;Angebote in \u00d6sterreich&#8221; _builder_version=&#8221;4.23.1&#8243; custom_margin=&#8221;||60px&#8221; custom_padding=&#8221;||&#8221; link_option_url=&#8221;https:\/\/rauchfrei.at\/aufhoeren\/weitere-beratungsangebote-in-oe\/beratungsangebote\/&#8221; link_option_url_new_window=&#8221;on&#8221; global_module=&#8221;13404&#8243; saved_tabs=&#8221;all&#8221; global_colors_info=&#8221;{}&#8221;]<\/p>\n<p><a style=\"color: #212121;\" href=\"https:\/\/rauchfrei.at\/aufhoeren\/weitere-beratungsangebote-in-oe\/ambulante-beratung\/\"><\/a><\/p>\n<h2>Angebote in \u00d6sterreich<\/h2>\n<p><img loading=\"lazy\" decoding=\"async\" class=\"wp-image-13438 alignnone size-large\" src=\"https:\/\/rauchfrei.at\/wp-content\/uploads\/oesterreichkarte-2-480x248.png\" alt=\"\" width=\"480\" height=\"248\" srcset=\"https:\/\/rauchfrei.at\/wp-content\/uploads\/oesterreichkarte-2-480x248.png 480w, https:\/\/rauchfrei.at\/wp-content\/uploads\/oesterreichkarte-2-225x116.png 225w, https:\/\/rauchfrei.at\/wp-content\/uploads\/oesterreichkarte-2-768x397.png 768w, https:\/\/rauchfrei.at\/wp-content\/uploads\/oesterreichkarte-2-1080x558.png 1080w, https:\/\/rauchfrei.at\/wp-content\/uploads\/oesterreichkarte-2.png 1736w\" sizes=\"(max-width: 480px) 100vw, 480px\" \/><\/p>\n<p>Finden Sie das passende Angebot von ambulanter Einzelberatung bis hin zur station\u00e4ren Gruppenberatung<\/p>\n<p>&nbsp;<\/p>\n<p><a class=\"mehr\" href=\"https:\/\/rauchfrei.at\/aufhoeren\/weitere-beratungsangebote-in-oe\/beratungsangebote\/\" target=\"_blank\" rel=\"noopener\">mehr<\/a><\/p>\n<p>[\/et_pb_text][\/et_pb_column][\/et_pb_section]<\/p>\n","protected":false},"excerpt":{"rendered":"<p>Station\u00e4re BehandlungEinige Gesundheitseinrichtungen bieten station\u00e4re Behandlung der Nikotinabh\u00e4ngigkeit an. F\u00fcr die Bewilligung des daf\u00fcr n\u00f6tigen Kurantrages\/Reha Antrages und der Kosten\u00fcbernahme durch die Sozialversicherung muss eine \u00e4rztliche Abkl\u00e4rung erfolgen. Haideggerweg 388044 GrazTel.:050405-37888Fax: 050405-21090Email: JosefhofHomepageM\u00fchlein 23335 Weyer\/EnnsTel.: 07355\/8651Email: Sonderkrankenanstalt WeyerHomepageGrieskirchner Stra\u00dfe 64701 Bad SchallerbachInformation und Anmeldung unter: Tel.: 0 50 766-14425500 (Mo-Fr 7-15 Uhr)Email:\u00a0statraucherentwoehnung@oegk.atLinzerheimBahnhofweg 74470 EnnsTel.: 07223\/82828Email: [&hellip;]<\/p>\n","protected":false},"author":2,"featured_media":0,"parent":251,"menu_order":0,"comment_status":"closed","ping_status":"open","template":"","meta":{"_et_pb_use_builder":"on","_et_pb_old_content":"<p>In einigen Gesundheitseinrichtungen kann eine station\u00e4re Entw\u00f6hnung in Anspruch genommen werden. F\u00fcr die Bewilligung des daf\u00fcr n\u00f6tigen Kurantrages\/Rehaantrages und der Kosten\u00fcbernahme durch die Sozialversicherung muss eine \u00e4rztliche Abkl\u00e4rung erfolgen.<\/p><p><a href=\"https:\/\/www.sozialversicherung.at\/cdscontent\/load?contentid=10008.555945&version=1464785608\" target=\"_blank\" rel=\"noopener\">Antrag auf Rehabilitations-, Kur- bzw. Erholungsaufenthalt<\/a><\/p><p><strong>Gesundheitseinrichtung Josefhof der VAEB<br \/><\/strong>Haideggerweg 1<br \/>8044 Graz<br \/>Tel.: 050 2350-37802<br \/>Email: <a title=\"Josefhof\" href=\"mailto: carla.weinhappel@vaeb.at\" target=\"_blank\" rel=\"noopener\">Josefhof<\/a><br \/><a href=\"http:\/\/www.josefhof.at\/\" target=\"_blank\" rel=\"noopener\">Homepage<\/a><br \/><a href=\"https:\/\/rauchfrei.at\/wp-content\/uploads\/Station\u00e4re-Raucherentw\u00f6hnung-am-Josefhof_VF.pdf\" target=\"_blank\" rel=\"noopener\">Station\u00e4re Raucherentw\u00f6hnung am Josefhof<\/a>\u00a0(Infoblatt)<br \/><span style=\"text-decoration: underline;\">F\u00fcr Versicherte der<\/span><br \/>- Versicherungsanstalt f\u00fcr Eisenbahn und Bergbau (VAEB)<br \/>- Nieder\u00f6sterreichischen Gebietskrankenkasse (N\u00d6GKK),\u00a0Infos unter 0800 810 013 oder Email: <a href=\"mailto:rauchfrei@noegkk.at\" target=\"_blank\" rel=\"noopener\">info@rauchfrei.at<br \/><\/a>- Wiener Gebietskrankenkasse (WGKK),\u00a0Allgemeine Anmeldung unter 01\/60122-2168<\/p><p><strong>Sonderkrankenanstalt Rehabilitationszentrum Weyer der PVA<br \/><\/strong> M\u00fchlein 2<br \/>3335 Weyer\/Enns<br \/>Tel.: Prim. Dr. Alfred Lichtenschopf 07355\/8651 48200<br \/>Email: <a href=\"mailto:ska-rz.weyer@pva.sozvers.at\" target=\"_blank\" rel=\"noopener\">Sonderkrankenanstalt Weyer<\/a><br \/><a href=\"http:\/\/www.pensionsversicherung.at\/portal27\/portal\/pvaportal\/content\/contentWindow?contentid=10007.707647&action=2\" target=\"_blank\" rel=\"noopener\">Homepage<\/a><\/p><p><strong>Gesundheitszentrum Linzerheim in Bad Schallerbach der O\u00d6GKK<br \/><\/strong>Grieskirchner Stra\u00dfe 6<br \/>4701 Bad Schallerbach<br \/>Information und Anmeldung\u00a0bei Frau Karin Kerecz unter<br \/>Tel.: 057807-103141<br \/>Email:\u00a0<a href=\"mailto: karin.kerecz@ooegkk.at\" target=\"_blank\" rel=\"noopener\">Karin Kerecz<\/a><br \/><a href=\"http:\/\/www.ooegkk.at\/portal27\/portal\/ooegkkportal\/content\/contentWindow?contentid=10007.705255&action=2&viewmode=content\" target=\"_blank\" rel=\"noopener\">Homepage<\/a><\/p><p><strong>Krankenhaus Maria Ebene<br \/><\/strong>Maria Ebene 17<br \/>6820 Frastanz<br \/>Tel.: 05522 72746 -1410 oder 1420<br \/>Email:\u00a0<a href=\"mailto: wolfgang.grabher@mariaebene.at\" target=\"_blank\" rel=\"noopener\">Mag. Wolfgang Grabher<\/a><br \/><a title=\"Raucherentw\u00f6hnung Maria Ebene\" href=\"http:\/\/mariaebene.at\/blog\/angebot-fur-raucher-4\/\" target=\"_blank\" rel=\"noopener\">Homepage<\/a><\/p><p>Allgemeine Ausk\u00fcnfte und Anmeldung \u00fcber die VGKK<br \/>Ansprechperson: Carolin Amann, MSc<br \/>Tel.: 050 84 55-1655<br \/>Email: <a href=\"mailto: nichtrauchen@vgkk.at\" target=\"_blank\" rel=\"noopener\">VGKK<\/a><br \/><a href=\"http:\/\/www.vgkk.at\/portal27\/vgkkportal\/content?contentid=10007.722297&viewmode=content\" target=\"_blank\" rel=\"noopener\">Homepage<\/a><\/p><p>\u00a0<\/p><p>\u00a0<\/p><p>\u00a0<\/p><p>\u00a0<\/p><p>\u00a0<\/p><p>\u00a0<\/p><p>\u00a0<\/p>","_et_gb_content_width":"","footnotes":""},"class_list":["post-255","page","type-page","status-publish","hentry"],"yoast_head":"<!-- This site is optimized with the Yoast SEO plugin v26.2 - https:\/\/yoast.com\/wordpress\/plugins\/seo\/ -->\n<title>Station\u00e4re Entw\u00f6hnung - Rauchfrei Telefon<\/title>\n<meta name=\"robots\" content=\"index, follow, max-snippet:-1, max-image-preview:large, max-video-preview:-1\" \/>\n<link rel=\"canonical\" href=\"https:\/\/rauchfrei.at\/aufhoeren\/weitere-beratungsangebote-in-oe\/stationaere-programme\/\" \/>\n<meta property=\"og:locale\" content=\"en_US\" \/>\n<meta property=\"og:type\" content=\"article\" \/>\n<meta property=\"og:title\" content=\"Station\u00e4re Entw\u00f6hnung - Rauchfrei Telefon\" \/>\n<meta property=\"og:description\" content=\"Station\u00e4re BehandlungEinige Gesundheitseinrichtungen bieten station\u00e4re Behandlung der Nikotinabh\u00e4ngigkeit an. F\u00fcr die Bewilligung des daf\u00fcr n\u00f6tigen Kurantrages\/Reha Antrages und der Kosten\u00fcbernahme durch die Sozialversicherung muss eine \u00e4rztliche Abkl\u00e4rung erfolgen. Haideggerweg 388044 GrazTel.:050405-37888Fax: 050405-21090Email: JosefhofHomepageM\u00fchlein 23335 Weyer\/EnnsTel.: 07355\/8651Email: Sonderkrankenanstalt WeyerHomepageGrieskirchner Stra\u00dfe 64701 Bad SchallerbachInformation und Anmeldung unter: Tel.: 0 50 766-14425500 (Mo-Fr 7-15 Uhr)Email:\u00a0statraucherentwoehnung@oegk.atLinzerheimBahnhofweg 74470 EnnsTel.: 07223\/82828Email: [&hellip;]\" \/>\n<meta property=\"og:url\" content=\"https:\/\/rauchfrei.at\/aufhoeren\/weitere-beratungsangebote-in-oe\/stationaere-programme\/\" \/>\n<meta property=\"og:site_name\" content=\"Rauchfrei Telefon\" \/>\n<meta property=\"article:modified_time\" content=\"2026-01-30T15:42:37+00:00\" \/>\n<meta property=\"og:image\" content=\"https:\/\/rauchfrei.at\/wp-content\/uploads\/oesterreichkarte-2.png\" \/>\n\t<meta property=\"og:image:width\" content=\"1736\" \/>\n\t<meta property=\"og:image:height\" content=\"897\" \/>\n\t<meta property=\"og:image:type\" content=\"image\/png\" \/>\n<meta name=\"twitter:card\" content=\"summary_large_image\" \/>\n<meta name=\"twitter:label1\" content=\"Est. reading time\" \/>\n\t<meta name=\"twitter:data1\" content=\"1 minute\" \/>\n<script type=\"application\/ld+json\" class=\"yoast-schema-graph\">{\"@context\":\"https:\/\/schema.org\",\"@graph\":[{\"@type\":\"WebPage\",\"@id\":\"https:\/\/rauchfrei.at\/aufhoeren\/weitere-beratungsangebote-in-oe\/stationaere-programme\/\",\"url\":\"https:\/\/rauchfrei.at\/aufhoeren\/weitere-beratungsangebote-in-oe\/stationaere-programme\/\",\"name\":\"Station\u00e4re Entw\u00f6hnung - Rauchfrei Telefon\",\"isPartOf\":{\"@id\":\"https:\/\/rauchfrei.at\/#website\"},\"primaryImageOfPage\":{\"@id\":\"https:\/\/rauchfrei.at\/aufhoeren\/weitere-beratungsangebote-in-oe\/stationaere-programme\/#primaryimage\"},\"image\":{\"@id\":\"https:\/\/rauchfrei.at\/aufhoeren\/weitere-beratungsangebote-in-oe\/stationaere-programme\/#primaryimage\"},\"thumbnailUrl\":\"https:\/\/rauchfrei.at\/wp-content\/uploads\/oesterreichkarte-2-480x248.png\",\"datePublished\":\"2012-03-08T06:26:16+00:00\",\"dateModified\":\"2026-01-30T15:42:37+00:00\",\"breadcrumb\":{\"@id\":\"https:\/\/rauchfrei.at\/aufhoeren\/weitere-beratungsangebote-in-oe\/stationaere-programme\/#breadcrumb\"},\"inLanguage\":\"en-US\",\"potentialAction\":[{\"@type\":\"ReadAction\",\"target\":[\"https:\/\/rauchfrei.at\/aufhoeren\/weitere-beratungsangebote-in-oe\/stationaere-programme\/\"]}]},{\"@type\":\"ImageObject\",\"inLanguage\":\"en-US\",\"@id\":\"https:\/\/rauchfrei.at\/aufhoeren\/weitere-beratungsangebote-in-oe\/stationaere-programme\/#primaryimage\",\"url\":\"https:\/\/rauchfrei.at\/wp-content\/uploads\/oesterreichkarte-2-480x248.png\",\"contentUrl\":\"https:\/\/rauchfrei.at\/wp-content\/uploads\/oesterreichkarte-2-480x248.png\"},{\"@type\":\"BreadcrumbList\",\"@id\":\"https:\/\/rauchfrei.at\/aufhoeren\/weitere-beratungsangebote-in-oe\/stationaere-programme\/#breadcrumb\",\"itemListElement\":[{\"@type\":\"ListItem\",\"position\":1,\"name\":\"Aufh\u00f6ren\",\"item\":\"https:\/\/rauchfrei.at\/aufhoeren\/\"},{\"@type\":\"ListItem\",\"position\":2,\"name\":\"Beratungsangebote in \u00d6sterreich\",\"item\":\"https:\/\/rauchfrei.at\/aufhoeren\/weitere-beratungsangebote-in-oe\/\"},{\"@type\":\"ListItem\",\"position\":3,\"name\":\"Station\u00e4re Entw\u00f6hnung\"}]},{\"@type\":\"WebSite\",\"@id\":\"https:\/\/rauchfrei.at\/#website\",\"url\":\"https:\/\/rauchfrei.at\/\",\"name\":\"Rauchfrei Telefon\",\"description\":\"Eine \u00f6sterreichweite Initiative der Sozialversicherungen.\",\"potentialAction\":[{\"@type\":\"SearchAction\",\"target\":{\"@type\":\"EntryPoint\",\"urlTemplate\":\"https:\/\/rauchfrei.at\/?s={search_term_string}\"},\"query-input\":{\"@type\":\"PropertyValueSpecification\",\"valueRequired\":true,\"valueName\":\"search_term_string\"}}],\"inLanguage\":\"en-US\"}]}<\/script>\n<!-- \/ Yoast SEO plugin. -->","yoast_head_json":{"title":"Station\u00e4re Entw\u00f6hnung - Rauchfrei Telefon","robots":{"index":"index","follow":"follow","max-snippet":"max-snippet:-1","max-image-preview":"max-image-preview:large","max-video-preview":"max-video-preview:-1"},"canonical":"https:\/\/rauchfrei.at\/aufhoeren\/weitere-beratungsangebote-in-oe\/stationaere-programme\/","og_locale":"en_US","og_type":"article","og_title":"Station\u00e4re Entw\u00f6hnung - Rauchfrei Telefon","og_description":"Station\u00e4re BehandlungEinige Gesundheitseinrichtungen bieten station\u00e4re Behandlung der Nikotinabh\u00e4ngigkeit an. F\u00fcr die Bewilligung des daf\u00fcr n\u00f6tigen Kurantrages\/Reha Antrages und der Kosten\u00fcbernahme durch die Sozialversicherung muss eine \u00e4rztliche Abkl\u00e4rung erfolgen. Haideggerweg 388044 GrazTel.:050405-37888Fax: 050405-21090Email: JosefhofHomepageM\u00fchlein 23335 Weyer\/EnnsTel.: 07355\/8651Email: Sonderkrankenanstalt WeyerHomepageGrieskirchner Stra\u00dfe 64701 Bad SchallerbachInformation und Anmeldung unter: Tel.: 0 50 766-14425500 (Mo-Fr 7-15 Uhr)Email:\u00a0statraucherentwoehnung@oegk.atLinzerheimBahnhofweg 74470 EnnsTel.: 07223\/82828Email: [&hellip;]","og_url":"https:\/\/rauchfrei.at\/aufhoeren\/weitere-beratungsangebote-in-oe\/stationaere-programme\/","og_site_name":"Rauchfrei Telefon","article_modified_time":"2026-01-30T15:42:37+00:00","og_image":[{"width":1736,"height":897,"url":"https:\/\/rauchfrei.at\/wp-content\/uploads\/oesterreichkarte-2.png","type":"image\/png"}],"twitter_card":"summary_large_image","twitter_misc":{"Est. reading time":"1 minute"},"schema":{"@context":"https:\/\/schema.org","@graph":[{"@type":"WebPage","@id":"https:\/\/rauchfrei.at\/aufhoeren\/weitere-beratungsangebote-in-oe\/stationaere-programme\/","url":"https:\/\/rauchfrei.at\/aufhoeren\/weitere-beratungsangebote-in-oe\/stationaere-programme\/","name":"Station\u00e4re Entw\u00f6hnung - Rauchfrei Telefon","isPartOf":{"@id":"https:\/\/rauchfrei.at\/#website"},"primaryImageOfPage":{"@id":"https:\/\/rauchfrei.at\/aufhoeren\/weitere-beratungsangebote-in-oe\/stationaere-programme\/#primaryimage"},"image":{"@id":"https:\/\/rauchfrei.at\/aufhoeren\/weitere-beratungsangebote-in-oe\/stationaere-programme\/#primaryimage"},"thumbnailUrl":"https:\/\/rauchfrei.at\/wp-content\/uploads\/oesterreichkarte-2-480x248.png","datePublished":"2012-03-08T06:26:16+00:00","dateModified":"2026-01-30T15:42:37+00:00","breadcrumb":{"@id":"https:\/\/rauchfrei.at\/aufhoeren\/weitere-beratungsangebote-in-oe\/stationaere-programme\/#breadcrumb"},"inLanguage":"en-US","potentialAction":[{"@type":"ReadAction","target":["https:\/\/rauchfrei.at\/aufhoeren\/weitere-beratungsangebote-in-oe\/stationaere-programme\/"]}]},{"@type":"ImageObject","inLanguage":"en-US","@id":"https:\/\/rauchfrei.at\/aufhoeren\/weitere-beratungsangebote-in-oe\/stationaere-programme\/#primaryimage","url":"https:\/\/rauchfrei.at\/wp-content\/uploads\/oesterreichkarte-2-480x248.png","contentUrl":"https:\/\/rauchfrei.at\/wp-content\/uploads\/oesterreichkarte-2-480x248.png"},{"@type":"BreadcrumbList","@id":"https:\/\/rauchfrei.at\/aufhoeren\/weitere-beratungsangebote-in-oe\/stationaere-programme\/#breadcrumb","itemListElement":[{"@type":"ListItem","position":1,"name":"Aufh\u00f6ren","item":"https:\/\/rauchfrei.at\/aufhoeren\/"},{"@type":"ListItem","position":2,"name":"Beratungsangebote in \u00d6sterreich","item":"https:\/\/rauchfrei.at\/aufhoeren\/weitere-beratungsangebote-in-oe\/"},{"@type":"ListItem","position":3,"name":"Station\u00e4re Entw\u00f6hnung"}]},{"@type":"WebSite","@id":"https:\/\/rauchfrei.at\/#website","url":"https:\/\/rauchfrei.at\/","name":"Rauchfrei Telefon","description":"Eine \u00f6sterreichweite Initiative der Sozialversicherungen.","potentialAction":[{"@type":"SearchAction","target":{"@type":"EntryPoint","urlTemplate":"https:\/\/rauchfrei.at\/?s={search_term_string}"},"query-input":{"@type":"PropertyValueSpecification","valueRequired":true,"valueName":"search_term_string"}}],"inLanguage":"en-US"}]}},"_links":{"self":[{"href":"https:\/\/rauchfrei.at\/en\/wp-json\/wp\/v2\/pages\/255","targetHints":{"allow":["GET"]}}],"collection":[{"href":"https:\/\/rauchfrei.at\/en\/wp-json\/wp\/v2\/pages"}],"about":[{"href":"https:\/\/rauchfrei.at\/en\/wp-json\/wp\/v2\/types\/page"}],"author":[{"embeddable":true,"href":"https:\/\/rauchfrei.at\/en\/wp-json\/wp\/v2\/users\/2"}],"replies":[{"embeddable":true,"href":"https:\/\/rauchfrei.at\/en\/wp-json\/wp\/v2\/comments?post=255"}],"version-history":[{"count":28,"href":"https:\/\/rauchfrei.at\/en\/wp-json\/wp\/v2\/pages\/255\/revisions"}],"predecessor-version":[{"id":32709,"href":"https:\/\/rauchfrei.at\/en\/wp-json\/wp\/v2\/pages\/255\/revisions\/32709"}],"up":[{"embeddable":true,"href":"https:\/\/rauchfrei.at\/en\/wp-json\/wp\/v2\/pages\/251"}],"wp:attachment":[{"href":"https:\/\/rauchfrei.at\/en\/wp-json\/wp\/v2\/media?parent=255"}],"curies":[{"name":"wp","href":"https:\/\/api.w.org\/{rel}","templated":true}]}}