
{"id":2567,"date":"2012-06-19T11:49:36","date_gmt":"2012-06-19T11:49:36","guid":{"rendered":"http:\/\/web362.itscserver.org\/wordpress\/?page_id=2567"},"modified":"2018-12-19T11:16:46","modified_gmt":"2018-12-19T09:16:46","slug":"risiken-fuer-ihr-baby","status":"publish","type":"page","link":"https:\/\/rauchfrei.at\/en\/risiken-fuer-ihr-baby\/","title":{"rendered":"Risiken f\u00fcr Ihr Baby"},"content":{"rendered":"<p>[et_pb_section bb_built=&#8221;1&#8243; fullwidth=&#8221;off&#8221; specialty=&#8221;off&#8221; _builder_version=&#8221;3.0.99&#8243; background_color=&#8221;#67BAD3&#8243; module_class=&#8221;header&#8221; custom_margin=&#8221;||0px|&#8221; custom_padding_last_edited=&#8221;off|&#8221; custom_padding=&#8221;100px||10px|&#8221; next_background_color=&#8221;#ffffff&#8221;][et_pb_row _builder_version=&#8221;3.0.99&#8243; custom_margin=&#8221;||0px|&#8221; custom_padding=&#8221;||0px|&#8221; padding_bottom_1=&#8221;0px&#8221;][et_pb_column type=&#8221;4_4&#8243;][et_pb_text admin_label=&#8221;Blue Background Header&#8221; _builder_version=&#8221;3.0.99&#8243; background_layout=&#8221;light&#8221; custom_margin=&#8221;||0px|&#8221; custom_padding=&#8221;||0px|&#8221;]<\/p>\n<div class=\"wrapper-area\">\n<div class=\"wrapper-holder\">\n<div class=\"wrapper-frame\">\n<div id=\"wrapper\">\n<div id=\"main\">\n<div id=\"threecolumns\">\n<div class=\"content-column\">\n<div id=\"twocolumns\">\n<div id=\"content\">\n<div class=\"single-post\">\n<h1>Risiken f\u00fcr Ihr Baby<\/h1>\n<\/div>\n<\/div>\n<\/div>\n<\/div>\n<\/div>\n<\/div>\n<\/div>\n<\/div>\n<\/div>\n<\/div>\n<h2>Wir unterst\u00fctzen Sie beim Rauchstopp!<\/h2>\n<p>[\/et_pb_text][\/et_pb_column][\/et_pb_row][\/et_pb_section][et_pb_section bb_built=&#8221;1&#8243; prev_background_color=&#8221;#67BAD3&#8243;][et_pb_row][et_pb_column type=&#8221;2_3&#8243;][et_pb_text _builder_version=&#8221;3.15&#8243;]<\/p>\n<p>Wenn Sie rauchen, nehmen Sie nachweisbar mehrere tausend zum Teil hochgiftige Stoffe auf, darunter Nikotin und Kohlenmonoxid (<a href=\"https:\/\/rauchfrei.at\/fakten\/inhaltsstoffe\/\">Inhaltsstoffe<\/a>). Die selben Giftstoffe nimmt auch Ihr ungeborenes\u00a0Baby auf und erh\u00e4lt dadurch nicht gen\u00fcgend N\u00e4hrstoffe und Sauerstoff f\u00fcr eine normale Entwicklung.<\/p>\n<p>Wenn Sie aufh\u00f6ren zu rauchen, verbessern Sie die Startbedingungen Ihres Babys entscheidend:<\/p>\n<p>Das Risiko einer Fehlgeburt vermindert sich<\/p>\n<p>Die Fr\u00fchgeburtenrate sinkt um die H\u00e4lfte im Vergleich zu Schwangeren, die weiterhin rauchen<\/p>\n<p>Das Baby hat eine gr\u00f6\u00dfere Chance, normalgewichtig auf die Welt zu kommen<\/p>\n<p>Die Lungen Ihres Kindes k\u00f6nnen sich vollst\u00e4ndig entwickeln<\/p>\n<p>Das Risiko einer Totgeburt sinkt um ein Drittel<\/p>\n<p>Ihr Baby ist weniger anf\u00e4llig f\u00fcr Infektionskrankheiten oder allergische Reaktionen<\/p>\n<p>Die Gefahr des pl\u00f6tzlichen Kindstodes sinkt<\/p>\n<blockquote><p><strong>Und: Ihr Kind erleidet keinen Entzug, wenn Sie aufh\u00f6ren zu rauchen!<\/strong><\/p><\/blockquote>\n<p>&nbsp;<\/p>\n<p>Mehr dazu:<\/p>\n<p><a href='https:\/\/rauchfrei.at\/wp-content\/uploads\/Folder_Schwangerschaft_Rauchfrei.pdf' class='small-button smalllightblue' target=\"_blank\">Rauchfrei f\u00fcr mich und mein Kind<\/a><br \/>\n(Informationsfolder)<\/p>\n<p><a href='https:\/\/rauchfrei.at\/wp-content\/uploads\/N\u00d6GKK-Auszeit-Brosch\u00fcre-fWeb4.pdf' class='small-button smalllightblue' target=\"_blank\">Auszeit f\u00fcr Ihr Baby<\/a><br \/>\n(Informationsbrosch\u00fcre, Land N\u00d6 und N\u00d6GKK)<\/p>\n<p><a href='http:\/\/www.bzga.de\/pdf.php?id=61523305da607f1a4ff10064f7784e9c' class='small-button smalllightblue' target=\"_blank\">Rauchfrei in der Schwangerschaft &#8220;Ich bekomme ein Baby&#8221;<\/a><br \/>\n(Bundeszentrale f\u00fcr Gesundheitliche Aufkl\u00e4rung, Deutschland)<\/p>\n<p>&nbsp;<\/p>\n<p>[\/et_pb_text][\/et_pb_column][et_pb_column type=&#8221;1_3&#8243;][et_pb_sidebar _builder_version=&#8221;3.0.99&#8243; area=&#8221;sidebar-1&#8243; orientation=&#8221;left&#8221; show_border=&#8221;on&#8221; background_layout=&#8221;light&#8221; \/][\/et_pb_column][\/et_pb_row][\/et_pb_section]<\/p>\n","protected":false},"excerpt":{"rendered":"<p>Risiken f\u00fcr Ihr Baby Wir unterst\u00fctzen Sie beim Rauchstopp! <div class=\"et_pb_row et_pb_row_0 et_pb_row_empty\">\n\t\t\t\t\n\t\t\t\t\n\t\t\t\t\n\t\t\t\t\n\t\t\t\t\n\t\t\t<\/div> Wenn Sie rauchen, nehmen Sie nachweisbar mehrere tausend zum Teil hochgiftige Stoffe auf, darunter Nikotin und Kohlenmonoxid (Inhaltsstoffe). Die selben Giftstoffe nimmt auch Ihr ungeborenes\u00a0Baby auf und erh\u00e4lt dadurch nicht gen\u00fcgend N\u00e4hrstoffe und Sauerstoff f\u00fcr eine normale Entwicklung. Wenn Sie aufh\u00f6ren zu rauchen, verbessern Sie [&hellip;]<\/p>\n","protected":false},"author":7,"featured_media":0,"parent":0,"menu_order":0,"comment_status":"open","ping_status":"open","template":"","meta":{"_et_pb_use_builder":"on","_et_pb_old_content":"<p>Wenn Sie rauchen, nehmen Sie nachweisbar mehrere tausend zum Teil hochgiftige Stoffe auf, darunter Nikotin und Kohlenmonoxid (<a title=\"Inhaltsstoffe\" href=\"\/fakten\/inhaltsstoffe\/\">Inhaltsstoffe<\/a>). Die selben Giftstoffe nimmt auch Ihr ungeborenes\u00a0Baby auf und erh\u00e4lt dadurch nicht gen\u00fcgend N\u00e4hrstoffe und Sauerstoff f\u00fcr eine normale Entwicklung.<\/p><p>Wenn Sie aufh\u00f6ren zu rauchen, verbessern Sie die Startbedingungen Ihres Babys entscheidend:<\/p><ul><li>Das Risiko einer Fehlgeburt vermindert sich<\/li><li>Die Fr\u00fchgeburtenrate sinkt um die H\u00e4lfte im Vergleich zu Schwangeren, die weiterhin rauchen<\/li><li>Das Baby hat eine gr\u00f6\u00dfere Chance, normalgewichtig auf die Welt zu kommen<\/li><li>Die Lungen Ihres Kindes k\u00f6nnen sich vollst\u00e4ndig entwickeln<\/li><li>Das Risiko einer Totgeburt sinkt um ein Drittel<\/li><li>Ihr Baby ist weniger anf\u00e4llig f\u00fcr Infektionskrankheiten oder allergische Reaktionen<\/li><li>Die Gefahr des pl\u00f6tzlichen Kindstodes sinkt<\/li><\/ul><h3>Und: Ihr Kind erleidet keinen Entzug, wenn Sie aufh\u00f6ren zu rauchen!<\/h3><p>\u00a0<\/p><p>Mehr dazu:<\/p><p><a href=\"https:\/\/rauchfrei.at\/wp-content\/uploads\/Folder_Schwangerschaft_Rauchfrei.pdf\">Rauchfrei f\u00fcr mich und mein Kind<\/a>\u00a0(Informationsfolder)<br \/><a href=\"http:\/\/www.bzga.de\/pdf.php?id=61523305da607f1a4ff10064f7784e9c\" target=\"_blank\" rel=\"noopener\">Rauchfrei in der Schwangerschaft: \"Ich bekomme ein Baby\"<\/a> (Bundeszentrale f\u00fcr Gesundheitliche Aufkl\u00e4rung, Deutschland)<br \/><a href=\"https:\/\/rauchfrei.at\/wp-content\/uploads\/N\u00d6GKK-Auszeit-Brosch\u00fcre-fWeb4.pdf\" target=\"_blank\" rel=\"noopener\">Auszeit f\u00fcr Ihr Baby<\/a> (Informationsbrosch\u00fcre, Land N\u00d6 und N\u00d6GKK)<\/p><p>\u00a0<\/p>","_et_gb_content_width":"","footnotes":""},"class_list":["post-2567","page","type-page","status-publish","hentry"],"yoast_head":"<!-- This site is optimized with the Yoast SEO plugin v26.2 - https:\/\/yoast.com\/wordpress\/plugins\/seo\/ -->\n<title>Risiken f\u00fcr Ihr Baby - Rauchfrei Telefon<\/title>\n<meta name=\"robots\" content=\"index, follow, max-snippet:-1, max-image-preview:large, max-video-preview:-1\" \/>\n<link rel=\"canonical\" href=\"https:\/\/rauchfrei.at\/risiken-fuer-ihr-baby\/\" \/>\n<meta property=\"og:locale\" content=\"en_US\" \/>\n<meta property=\"og:type\" content=\"article\" \/>\n<meta property=\"og:title\" content=\"Risiken f\u00fcr Ihr Baby - Rauchfrei Telefon\" \/>\n<meta property=\"og:description\" content=\"Risiken f\u00fcr Ihr Baby Wir unterst\u00fctzen Sie beim Rauchstopp! Wenn Sie rauchen, nehmen Sie nachweisbar mehrere tausend zum Teil hochgiftige Stoffe auf, darunter Nikotin und Kohlenmonoxid (Inhaltsstoffe). Die selben Giftstoffe nimmt auch Ihr ungeborenes\u00a0Baby auf und erh\u00e4lt dadurch nicht gen\u00fcgend N\u00e4hrstoffe und Sauerstoff f\u00fcr eine normale Entwicklung. Wenn Sie aufh\u00f6ren zu rauchen, verbessern Sie [&hellip;]\" \/>\n<meta property=\"og:url\" content=\"https:\/\/rauchfrei.at\/risiken-fuer-ihr-baby\/\" \/>\n<meta property=\"og:site_name\" content=\"Rauchfrei Telefon\" \/>\n<meta property=\"article:modified_time\" content=\"2018-12-19T09:16:46+00:00\" \/>\n<meta name=\"twitter:card\" content=\"summary_large_image\" \/>\n<meta name=\"twitter:label1\" content=\"Est. reading time\" \/>\n\t<meta name=\"twitter:data1\" content=\"2 minutes\" \/>\n<script type=\"application\/ld+json\" class=\"yoast-schema-graph\">{\"@context\":\"https:\/\/schema.org\",\"@graph\":[{\"@type\":\"WebPage\",\"@id\":\"https:\/\/rauchfrei.at\/risiken-fuer-ihr-baby\/\",\"url\":\"https:\/\/rauchfrei.at\/risiken-fuer-ihr-baby\/\",\"name\":\"Risiken f\u00fcr Ihr Baby - Rauchfrei Telefon\",\"isPartOf\":{\"@id\":\"https:\/\/rauchfrei.at\/#website\"},\"datePublished\":\"2012-06-19T11:49:36+00:00\",\"dateModified\":\"2018-12-19T09:16:46+00:00\",\"inLanguage\":\"en-US\",\"potentialAction\":[{\"@type\":\"ReadAction\",\"target\":[\"https:\/\/rauchfrei.at\/risiken-fuer-ihr-baby\/\"]}]},{\"@type\":\"WebSite\",\"@id\":\"https:\/\/rauchfrei.at\/#website\",\"url\":\"https:\/\/rauchfrei.at\/\",\"name\":\"Rauchfrei Telefon\",\"description\":\"Eine \u00f6sterreichweite Initiative der Sozialversicherungen.\",\"potentialAction\":[{\"@type\":\"SearchAction\",\"target\":{\"@type\":\"EntryPoint\",\"urlTemplate\":\"https:\/\/rauchfrei.at\/?s={search_term_string}\"},\"query-input\":{\"@type\":\"PropertyValueSpecification\",\"valueRequired\":true,\"valueName\":\"search_term_string\"}}],\"inLanguage\":\"en-US\"}]}<\/script>\n<!-- \/ Yoast SEO plugin. -->","yoast_head_json":{"title":"Risiken f\u00fcr Ihr Baby - Rauchfrei Telefon","robots":{"index":"index","follow":"follow","max-snippet":"max-snippet:-1","max-image-preview":"max-image-preview:large","max-video-preview":"max-video-preview:-1"},"canonical":"https:\/\/rauchfrei.at\/risiken-fuer-ihr-baby\/","og_locale":"en_US","og_type":"article","og_title":"Risiken f\u00fcr Ihr Baby - Rauchfrei Telefon","og_description":"Risiken f\u00fcr Ihr Baby Wir unterst\u00fctzen Sie beim Rauchstopp! Wenn Sie rauchen, nehmen Sie nachweisbar mehrere tausend zum Teil hochgiftige Stoffe auf, darunter Nikotin und Kohlenmonoxid (Inhaltsstoffe). Die selben Giftstoffe nimmt auch Ihr ungeborenes\u00a0Baby auf und erh\u00e4lt dadurch nicht gen\u00fcgend N\u00e4hrstoffe und Sauerstoff f\u00fcr eine normale Entwicklung. Wenn Sie aufh\u00f6ren zu rauchen, verbessern Sie [&hellip;]","og_url":"https:\/\/rauchfrei.at\/risiken-fuer-ihr-baby\/","og_site_name":"Rauchfrei Telefon","article_modified_time":"2018-12-19T09:16:46+00:00","twitter_card":"summary_large_image","twitter_misc":{"Est. reading time":"2 minutes"},"schema":{"@context":"https:\/\/schema.org","@graph":[{"@type":"WebPage","@id":"https:\/\/rauchfrei.at\/risiken-fuer-ihr-baby\/","url":"https:\/\/rauchfrei.at\/risiken-fuer-ihr-baby\/","name":"Risiken f\u00fcr Ihr Baby - Rauchfrei Telefon","isPartOf":{"@id":"https:\/\/rauchfrei.at\/#website"},"datePublished":"2012-06-19T11:49:36+00:00","dateModified":"2018-12-19T09:16:46+00:00","inLanguage":"en-US","potentialAction":[{"@type":"ReadAction","target":["https:\/\/rauchfrei.at\/risiken-fuer-ihr-baby\/"]}]},{"@type":"WebSite","@id":"https:\/\/rauchfrei.at\/#website","url":"https:\/\/rauchfrei.at\/","name":"Rauchfrei Telefon","description":"Eine \u00f6sterreichweite Initiative der Sozialversicherungen.","potentialAction":[{"@type":"SearchAction","target":{"@type":"EntryPoint","urlTemplate":"https:\/\/rauchfrei.at\/?s={search_term_string}"},"query-input":{"@type":"PropertyValueSpecification","valueRequired":true,"valueName":"search_term_string"}}],"inLanguage":"en-US"}]}},"_links":{"self":[{"href":"https:\/\/rauchfrei.at\/en\/wp-json\/wp\/v2\/pages\/2567","targetHints":{"allow":["GET"]}}],"collection":[{"href":"https:\/\/rauchfrei.at\/en\/wp-json\/wp\/v2\/pages"}],"about":[{"href":"https:\/\/rauchfrei.at\/en\/wp-json\/wp\/v2\/types\/page"}],"author":[{"embeddable":true,"href":"https:\/\/rauchfrei.at\/en\/wp-json\/wp\/v2\/users\/7"}],"replies":[{"embeddable":true,"href":"https:\/\/rauchfrei.at\/en\/wp-json\/wp\/v2\/comments?post=2567"}],"version-history":[{"count":5,"href":"https:\/\/rauchfrei.at\/en\/wp-json\/wp\/v2\/pages\/2567\/revisions"}],"predecessor-version":[{"id":12389,"href":"https:\/\/rauchfrei.at\/en\/wp-json\/wp\/v2\/pages\/2567\/revisions\/12389"}],"wp:attachment":[{"href":"https:\/\/rauchfrei.at\/en\/wp-json\/wp\/v2\/media?parent=2567"}],"curies":[{"name":"wp","href":"https:\/\/api.w.org\/{rel}","templated":true}]}}