
{"id":258,"date":"2012-03-08T06:27:14","date_gmt":"2012-03-08T06:27:14","guid":{"rendered":"http:\/\/web362.itscserver.org\/wordpress\/?page_id=258"},"modified":"2025-07-31T17:37:29","modified_gmt":"2025-07-31T15:37:29","slug":"online-angebote","status":"publish","type":"page","link":"https:\/\/rauchfrei.at\/en\/aufhoeren\/weitere-beratungsangebote-in-oe\/online-angebote\/","title":{"rendered":"Online-Programm"},"content":{"rendered":"<p>[et_pb_section fb_built=&#8221;1&#8243; custom_padding_last_edited=&#8221;off|&#8221; module_class=&#8221;header&#8221; _builder_version=&#8221;4.16&#8243; background_color=&#8221;#67BAD3&#8243; custom_margin=&#8221;||0px|&#8221; custom_padding=&#8221;100px||10px|&#8221; global_colors_info=&#8221;{}&#8221;][et_pb_row _builder_version=&#8221;4.16&#8243; custom_margin=&#8221;||0px|&#8221; custom_padding=&#8221;||0px|&#8221; global_colors_info=&#8221;{}&#8221;][et_pb_column type=&#8221;4_4&#8243; _builder_version=&#8221;4.16&#8243; custom_padding=&#8221;||0px|&#8221; global_colors_info=&#8221;{}&#8221; custom_padding__hover=&#8221;|||&#8221;][et_pb_text admin_label=&#8221;Blue Background Header&#8221; _builder_version=&#8221;4.21.0&#8243; custom_margin=&#8221;||0px|&#8221; custom_padding=&#8221;||0px|&#8221; global_colors_info=&#8221;{}&#8221;]<\/p>\n<h1>Online-Angebote<\/h1>\n<h2>Rauchfrei von zu Hause aus<\/h2>\n<p>[\/et_pb_text][\/et_pb_column][\/et_pb_row][\/et_pb_section][et_pb_section fb_built=&#8221;1&#8243; _builder_version=&#8221;4.16&#8243; global_colors_info=&#8221;{}&#8221;][et_pb_row column_structure=&#8221;2_3,1_3&#8243; _builder_version=&#8221;4.16&#8243; background_size=&#8221;initial&#8221; background_position=&#8221;top_left&#8221; background_repeat=&#8221;repeat&#8221; global_colors_info=&#8221;{}&#8221;][et_pb_column type=&#8221;2_3&#8243; _builder_version=&#8221;4.16&#8243; custom_padding=&#8221;|||&#8221; global_colors_info=&#8221;{}&#8221; custom_padding__hover=&#8221;|||&#8221;][et_pb_toggle title=&#8221;Online-Kurse&#8221; admin_label=&#8221;Online Kurse&#8221; _builder_version=&#8221;4.27.4&#8243; _module_preset=&#8221;default&#8221; global_colors_info=&#8221;{}&#8221;]<\/p>\n<p><span data-teams=\"true\">Die \u00d6sterreichische Gesundheitskasse bietet laufend Kurse und Vortr\u00e4ge auch online an. Infos unter <a aria-label=\"Link www.gesundheitskasse.at\/nikotinfrei\" id=\"menur3de\" href=\"https:\/\/www.gesundheitskasse.at\/nikotinfrei\" rel=\"noreferrer noopener\" target=\"_blank\" class=\"fui-Link ___1q1shib f2hkw1w f3rmtva f1ewtqcl fyind8e f1k6fduh f1w7gpdv fk6fouc fjoy568 figsok6 f1s184ao f1mk8lai fnbmjn9 f1o700av f13mvf36 f1cmlufx f9n3di6 f1ids18y f1tx3yz7 f1deo86v f1eh06m1 f1iescvh fhgqx19 f1olyrje f1p93eir f1nev41a f1h8hb77 f1lqvz6u f10aw75t fsle3fq f17ae5zn\" title=\"https:\/\/www.gesundheitskasse.at\/nikotinfrei\">www.gesundheitskasse.at\/nikotinfrei<\/a> (in der Veranstaltungssuche den Haken online setzen).<\/span><\/p>\n<p>Weiters werden von der <a href=\"https:\/\/www.bvaeb.at\/cdscontent\/?contentid=10007.840452&amp;portal=bvaebbportal\" target=\"_blank\" rel=\"noopener\">BVAEB<\/a> Online-Kurse angeboten: <a href=\"https:\/\/www.bvaeb.at\/cdscontent\/?contentid=10007.861127&amp;portal=bvaebbportal\">Infos zur Anmeldung <\/a><\/p>\n<p>[\/et_pb_toggle][et_pb_toggle title=&#8221;Online-Vortr\u00e4ge&#8221; admin_label=&#8221;Online-Vortr\u00e4ge&#8221; _builder_version=&#8221;4.27.4&#8243; _module_preset=&#8221;default&#8221; hover_enabled=&#8221;0&#8243; global_colors_info=&#8221;{}&#8221; sticky_enabled=&#8221;0&#8243;]<\/p>\n<p>Online-Vortr\u00e4ge zu aktuellen Erkenntnissen zu den Themen Tabak, Nikotin und Rauchen finden Sie hier: <a href=\"https:\/\/www.gesundheitskasse.at\/cdscontent\/?contentid=10007.885606&amp;portal=oegkportal\" target=\"_blank\" rel=\"noopener\">Online Vortr\u00e4ge<\/a><\/p>\n<p>F\u00fcr die Zielgruppe der Schwangeren gibt es ein spezielles Online-Vortragsangebot:\u00a0<a href=\"https:\/\/www.gesundheitskasse.at\/cdscontent\/?contentid=10007.901100&amp;portal=oegkportal\" target=\"_blank\" rel=\"noopener\">Informationen zur Anmeldung<\/a><\/p>\n<p>[\/et_pb_toggle][\/et_pb_column][et_pb_column type=&#8221;1_3&#8243; _builder_version=&#8221;4.16&#8243; custom_padding=&#8221;|||&#8221; global_colors_info=&#8221;{}&#8221; custom_padding__hover=&#8221;|||&#8221;][\/et_pb_column][\/et_pb_row][\/et_pb_section]<\/p>\n","protected":false},"excerpt":{"rendered":"<p>Online-Angebote Rauchfrei von zu Hause ausDie \u00d6sterreichische Gesundheitskasse bietet laufend Kurse und Vortr\u00e4ge auch online an. Infos unter www.gesundheitskasse.at\/nikotinfrei (in der Veranstaltungssuche den Haken online setzen). Weiters werden von der BVAEB Online-Kurse angeboten: Infos zur Anmeldung Online-Vortr\u00e4ge zu aktuellen Erkenntnissen zu den Themen Tabak, Nikotin und Rauchen finden Sie hier: Online Vortr\u00e4ge F\u00fcr die Zielgruppe [&hellip;]<\/p>\n","protected":false},"author":2,"featured_media":0,"parent":251,"menu_order":0,"comment_status":"closed","ping_status":"open","template":"","meta":{"_et_pb_use_builder":"on","_et_pb_old_content":"<p>Das interaktive Rauchentw\u00f6hnungstraining \"<a title=\"Homepage des Online-Programms \"Endlich aufatmen\"\" href=\"http:\/\/www.endlich-aufatmen.at\/\" target=\"_blank\" rel=\"noopener\">Endlich aufatmen<\/a>\" begleitet Sie interaktiv und per Mausklick in die Rauchfreiheit.<\/p><p>Nach der Anmeldung erhalten Sie einen Fragebogen zu Ihrem Rauchverhalten und anderen Faktoren, die die Wirksamkeit des Programms beeinflussen k\u00f6nnen. Dies dient - zusammen mit zwei Nachbefragungen nach Beendigung des Programms - zur Weiterentwicklung und Verbesserung des Rauchstopptrainings. Nat\u00fcrlich werden alle pers\u00f6nlichen Daten vertraulich nach den Regeln des Datenschutzes behandelt.<\/p><p>Im Laufe des Programms erhalten Sie <strong>acht Emails<\/strong>, die auf Ihre Situation und Bed\u00fcrfnisse abgestimmt sind. Das erste Email, das Sie erhalten, wird in etwa so aussehen:<\/p><address>Lieber Herr \/ Frau XY,<\/address><address>wenn Sie sich f\u00fcr das Programm \"Endlich Aufatmen\" entschieden haben, liegt bereits ein gutes St\u00fcck Arbeit hinter Ihnen: Sie wollen Ihr Rauchverhalten entscheidend \u00e4ndern!<\/address><blockquote><address>Wir m\u00f6chten Sie bitten, kurz dar\u00fcber nachzudenken, was den Entschluss f\u00fcr diese Ver\u00e4nderung ausgel\u00f6st hat:<\/address><\/blockquote><ul><li><address>Haben Sie sich schon l\u00e4nger mit dem Aufh\u00f6rgedanken besch\u00e4ftigt?<\/address><\/li><li><address>Hat jemand aus Ihrem Umfeld aufgeh\u00f6rt zu rauchen?<\/address><\/li><li><address>Sind Sie\u00a0sich Ihrer pers\u00f6nlichen Gesundheitsrisiken bewusst geworden?<\/address><\/li><li><address>Gab es in letzter Zeit zunehmend Konflikte wegen des Rauchens?<\/address><\/li><li><address>Sind Sie es einfach leid, dass das Rauchen eine derartige Rolle in Ihrem Leben spielt?<\/address><\/li><li><address>Passt da Rauchen einfach nichtmehr zu Ihrer Rolle in Familie oder Beruf?<\/address><\/li><\/ul><address>F\u00fcr dieses Programm ist Ihre aktive Mitarbeit unbedingt notwendig! Dazu erhalten Sie in den n\u00e4chsten Wochen Mails mit Infos, die Ihnen helfen, Nichtraucher\/in zu werden. Ab heute sollten Sie Ihr Rauchverhalten genau beobachten. Damit Sie dies jeweils vor dem Anz\u00fcnden einer Zigarette bequem machen k\u00f6nnen, bieten wir Ihnen Rauchprotokolle an... (Quelle: www.endlich-aufatmen.at)<\/address><p>Am Ende des\u00a0Emails k\u00f6nnen Sie w\u00e4hlen, in welchem Zeitabstand Sie das n\u00e4chste erhalten m\u00f6chten.<\/p><p>\u00dcber den Link \"<a href=\"http:\/\/www.endlich-aufatmen.at\/\">www.endlich-aufatmen.at\/<\/a>\" kommen Sie direkt auf die Homepage des interaktiven Rauchentw\u00f6hnungstraining.<\/p><p>\u00a0<\/p><p>\u00a0<\/p>","_et_gb_content_width":"","footnotes":""},"class_list":["post-258","page","type-page","status-publish","hentry"],"yoast_head":"<!-- This site is optimized with the Yoast SEO plugin v26.2 - https:\/\/yoast.com\/wordpress\/plugins\/seo\/ -->\n<title>Online-Programm - Rauchfrei Telefon<\/title>\n<meta name=\"robots\" content=\"index, follow, max-snippet:-1, max-image-preview:large, max-video-preview:-1\" \/>\n<link rel=\"canonical\" href=\"https:\/\/rauchfrei.at\/aufhoeren\/weitere-beratungsangebote-in-oe\/online-angebote\/\" \/>\n<meta property=\"og:locale\" content=\"en_US\" \/>\n<meta property=\"og:type\" content=\"article\" \/>\n<meta property=\"og:title\" content=\"Online-Programm - Rauchfrei Telefon\" \/>\n<meta property=\"og:description\" content=\"Online-Angebote Rauchfrei von zu Hause ausDie \u00d6sterreichische Gesundheitskasse bietet laufend Kurse und Vortr\u00e4ge auch online an. Infos unter www.gesundheitskasse.at\/nikotinfrei (in der Veranstaltungssuche den Haken online setzen). Weiters werden von der BVAEB Online-Kurse angeboten: Infos zur Anmeldung Online-Vortr\u00e4ge zu aktuellen Erkenntnissen zu den Themen Tabak, Nikotin und Rauchen finden Sie hier: Online Vortr\u00e4ge F\u00fcr die Zielgruppe [&hellip;]\" \/>\n<meta property=\"og:url\" content=\"https:\/\/rauchfrei.at\/aufhoeren\/weitere-beratungsangebote-in-oe\/online-angebote\/\" \/>\n<meta property=\"og:site_name\" content=\"Rauchfrei Telefon\" \/>\n<meta property=\"article:modified_time\" content=\"2025-07-31T15:37:29+00:00\" \/>\n<meta name=\"twitter:card\" content=\"summary_large_image\" \/>\n<meta name=\"twitter:label1\" content=\"Est. reading time\" \/>\n\t<meta name=\"twitter:data1\" content=\"1 minute\" \/>\n<script type=\"application\/ld+json\" class=\"yoast-schema-graph\">{\"@context\":\"https:\/\/schema.org\",\"@graph\":[{\"@type\":\"WebPage\",\"@id\":\"https:\/\/rauchfrei.at\/aufhoeren\/weitere-beratungsangebote-in-oe\/online-angebote\/\",\"url\":\"https:\/\/rauchfrei.at\/aufhoeren\/weitere-beratungsangebote-in-oe\/online-angebote\/\",\"name\":\"Online-Programm - Rauchfrei Telefon\",\"isPartOf\":{\"@id\":\"https:\/\/rauchfrei.at\/#website\"},\"datePublished\":\"2012-03-08T06:27:14+00:00\",\"dateModified\":\"2025-07-31T15:37:29+00:00\",\"breadcrumb\":{\"@id\":\"https:\/\/rauchfrei.at\/aufhoeren\/weitere-beratungsangebote-in-oe\/online-angebote\/#breadcrumb\"},\"inLanguage\":\"en-US\",\"potentialAction\":[{\"@type\":\"ReadAction\",\"target\":[\"https:\/\/rauchfrei.at\/aufhoeren\/weitere-beratungsangebote-in-oe\/online-angebote\/\"]}]},{\"@type\":\"BreadcrumbList\",\"@id\":\"https:\/\/rauchfrei.at\/aufhoeren\/weitere-beratungsangebote-in-oe\/online-angebote\/#breadcrumb\",\"itemListElement\":[{\"@type\":\"ListItem\",\"position\":1,\"name\":\"Aufh\u00f6ren\",\"item\":\"https:\/\/rauchfrei.at\/aufhoeren\/\"},{\"@type\":\"ListItem\",\"position\":2,\"name\":\"Beratungsangebote in \u00d6sterreich\",\"item\":\"https:\/\/rauchfrei.at\/aufhoeren\/weitere-beratungsangebote-in-oe\/\"},{\"@type\":\"ListItem\",\"position\":3,\"name\":\"Online-Programm\"}]},{\"@type\":\"WebSite\",\"@id\":\"https:\/\/rauchfrei.at\/#website\",\"url\":\"https:\/\/rauchfrei.at\/\",\"name\":\"Rauchfrei Telefon\",\"description\":\"Eine \u00f6sterreichweite Initiative der Sozialversicherungen.\",\"potentialAction\":[{\"@type\":\"SearchAction\",\"target\":{\"@type\":\"EntryPoint\",\"urlTemplate\":\"https:\/\/rauchfrei.at\/?s={search_term_string}\"},\"query-input\":{\"@type\":\"PropertyValueSpecification\",\"valueRequired\":true,\"valueName\":\"search_term_string\"}}],\"inLanguage\":\"en-US\"}]}<\/script>\n<!-- \/ Yoast SEO plugin. -->","yoast_head_json":{"title":"Online-Programm - Rauchfrei Telefon","robots":{"index":"index","follow":"follow","max-snippet":"max-snippet:-1","max-image-preview":"max-image-preview:large","max-video-preview":"max-video-preview:-1"},"canonical":"https:\/\/rauchfrei.at\/aufhoeren\/weitere-beratungsangebote-in-oe\/online-angebote\/","og_locale":"en_US","og_type":"article","og_title":"Online-Programm - Rauchfrei Telefon","og_description":"Online-Angebote Rauchfrei von zu Hause ausDie \u00d6sterreichische Gesundheitskasse bietet laufend Kurse und Vortr\u00e4ge auch online an. Infos unter www.gesundheitskasse.at\/nikotinfrei (in der Veranstaltungssuche den Haken online setzen). Weiters werden von der BVAEB Online-Kurse angeboten: Infos zur Anmeldung Online-Vortr\u00e4ge zu aktuellen Erkenntnissen zu den Themen Tabak, Nikotin und Rauchen finden Sie hier: Online Vortr\u00e4ge F\u00fcr die Zielgruppe [&hellip;]","og_url":"https:\/\/rauchfrei.at\/aufhoeren\/weitere-beratungsangebote-in-oe\/online-angebote\/","og_site_name":"Rauchfrei Telefon","article_modified_time":"2025-07-31T15:37:29+00:00","twitter_card":"summary_large_image","twitter_misc":{"Est. reading time":"1 minute"},"schema":{"@context":"https:\/\/schema.org","@graph":[{"@type":"WebPage","@id":"https:\/\/rauchfrei.at\/aufhoeren\/weitere-beratungsangebote-in-oe\/online-angebote\/","url":"https:\/\/rauchfrei.at\/aufhoeren\/weitere-beratungsangebote-in-oe\/online-angebote\/","name":"Online-Programm - Rauchfrei Telefon","isPartOf":{"@id":"https:\/\/rauchfrei.at\/#website"},"datePublished":"2012-03-08T06:27:14+00:00","dateModified":"2025-07-31T15:37:29+00:00","breadcrumb":{"@id":"https:\/\/rauchfrei.at\/aufhoeren\/weitere-beratungsangebote-in-oe\/online-angebote\/#breadcrumb"},"inLanguage":"en-US","potentialAction":[{"@type":"ReadAction","target":["https:\/\/rauchfrei.at\/aufhoeren\/weitere-beratungsangebote-in-oe\/online-angebote\/"]}]},{"@type":"BreadcrumbList","@id":"https:\/\/rauchfrei.at\/aufhoeren\/weitere-beratungsangebote-in-oe\/online-angebote\/#breadcrumb","itemListElement":[{"@type":"ListItem","position":1,"name":"Aufh\u00f6ren","item":"https:\/\/rauchfrei.at\/aufhoeren\/"},{"@type":"ListItem","position":2,"name":"Beratungsangebote in \u00d6sterreich","item":"https:\/\/rauchfrei.at\/aufhoeren\/weitere-beratungsangebote-in-oe\/"},{"@type":"ListItem","position":3,"name":"Online-Programm"}]},{"@type":"WebSite","@id":"https:\/\/rauchfrei.at\/#website","url":"https:\/\/rauchfrei.at\/","name":"Rauchfrei Telefon","description":"Eine \u00f6sterreichweite Initiative der Sozialversicherungen.","potentialAction":[{"@type":"SearchAction","target":{"@type":"EntryPoint","urlTemplate":"https:\/\/rauchfrei.at\/?s={search_term_string}"},"query-input":{"@type":"PropertyValueSpecification","valueRequired":true,"valueName":"search_term_string"}}],"inLanguage":"en-US"}]}},"_links":{"self":[{"href":"https:\/\/rauchfrei.at\/en\/wp-json\/wp\/v2\/pages\/258","targetHints":{"allow":["GET"]}}],"collection":[{"href":"https:\/\/rauchfrei.at\/en\/wp-json\/wp\/v2\/pages"}],"about":[{"href":"https:\/\/rauchfrei.at\/en\/wp-json\/wp\/v2\/types\/page"}],"author":[{"embeddable":true,"href":"https:\/\/rauchfrei.at\/en\/wp-json\/wp\/v2\/users\/2"}],"replies":[{"embeddable":true,"href":"https:\/\/rauchfrei.at\/en\/wp-json\/wp\/v2\/comments?post=258"}],"version-history":[{"count":33,"href":"https:\/\/rauchfrei.at\/en\/wp-json\/wp\/v2\/pages\/258\/revisions"}],"predecessor-version":[{"id":31051,"href":"https:\/\/rauchfrei.at\/en\/wp-json\/wp\/v2\/pages\/258\/revisions\/31051"}],"up":[{"embeddable":true,"href":"https:\/\/rauchfrei.at\/en\/wp-json\/wp\/v2\/pages\/251"}],"wp:attachment":[{"href":"https:\/\/rauchfrei.at\/en\/wp-json\/wp\/v2\/media?parent=258"}],"curies":[{"name":"wp","href":"https:\/\/api.w.org\/{rel}","templated":true}]}}