
{"id":2626,"date":"2012-06-19T13:44:48","date_gmt":"2012-06-19T13:44:48","guid":{"rendered":"http:\/\/web362.itscserver.org\/wordpress\/?page_id=2626"},"modified":"2012-06-27T13:42:04","modified_gmt":"2012-06-27T13:42:04","slug":"auswirkungen","status":"publish","type":"page","link":"https:\/\/rauchfrei.at\/en\/auswirkungen\/","title":{"rendered":"Definition und Auswirkungen"},"content":{"rendered":"<h3>Was versteht man nun unter Passivrauch?<\/h3>\n<p>Passivrauch setzt sich aus dem Nebenstromrauch und dem Hauptstromrauch zusammen. Der Nebenstromrauch entsteht beim Verglimmen einer Zigarette zwischen den Z\u00fcgen. Hauptstromrauch bezeichnet jenen Anteil, den der Raucher\/die Raucherin einsaugt und wieder ausatmet. Wenn Tabakrauch \u00fcber die Atemluft von Menschen aufgenommen wird, spricht man von Passivrauchbelastung bzw. Passivrauchen (sog. secondhand-smoke).<\/p>\n<h3>Auswirkungen<\/h3>\n<p>T\u00e4glich sterben in \u00d6sterreich zwei bis drei Personen an den Folgen des Passivrauchs.<\/p>\n<p>Die \u00fcberwiegende Anzahl davon erleidet einen Schlaganfall oder Herzinfarkt, aber auch Lungenkrebs sowie chronische Lungenerkrankungen und Asthma z\u00e4hlen zu den m\u00f6glichen Auswirkungen von Passivrauchbelastung. Neben chronischen Erkrankungen l\u00f6st Passivrauch auch akute Symptome wie Augenbrennen, Kopfschmerzen, Reizungen der Atemwege und M\u00fcdigkeit aus. Auch Schwellungen und R\u00f6tungen der Schleimh\u00e4ute, vermehrte Infektanf\u00e4lligkeit, Schwindelanf\u00e4lle, und Atemlosigkeit k\u00f6nnen als Folge von Passivrauch auftreten.<\/p>\n<h3>Besonders betroffen vom Passivrauch ist die Lunge<\/h3>\n<p>Die Lungenfunktion von Nichtrauchern und Nichtraucherinnen kann durch Passivrauch bei m\u00e4\u00dfiger k\u00f6rperlicher Anstrengung um bis zu 8% eingeschr\u00e4nkt sein. Nichtraucher\/innen, die Passivrauch ausgesetzt sind, haben ein um 20-30 Prozent erh\u00f6htes Risiko an Lungenkrebs zu erkranken.<\/p>\n<p>Das Gesundheitsrisiko besteht auch nach dem Zeitpunkt des Rauchens der Zigarette weiter, denn die feinen Rauchpartikel verschwinden nicht, wenn nicht mehr geraucht wird.<br \/>\n<strong>Ganz im Gegenteil:<\/strong> sie lagern sich auf Haut, Haaren und Kleidung ab genauso wie an W\u00e4nden, Vorh\u00e4ngen, B\u00f6den, Decken und Gegenst\u00e4nden. Von dort werden sie wieder an die Umgebung abgegeben, auch wenn gar nicht mehr geraucht wird. So <strong>geht auch vom kalten Rauch eine Gesundheitsgef\u00e4hrdung aus.<\/strong> L\u00fcften reicht nicht aus, um die Schadstoffe zu beseitigen.<\/p>\n<p>Quellen:<br \/>\n\u00d6sterreichische Krebshilfe<br \/>\nDeutsches Krebsforschungszentrum<\/p>\n","protected":false},"excerpt":{"rendered":"<p>Was versteht man nun unter Passivrauch? Passivrauch setzt sich aus dem Nebenstromrauch und dem Hauptstromrauch zusammen. Der Nebenstromrauch entsteht beim Verglimmen einer Zigarette zwischen den Z\u00fcgen. Hauptstromrauch bezeichnet jenen Anteil, den der Raucher\/die Raucherin einsaugt und wieder ausatmet. Wenn Tabakrauch \u00fcber die Atemluft von Menschen aufgenommen wird, spricht man von Passivrauchbelastung bzw. Passivrauchen (sog. secondhand-smoke). [&hellip;]<\/p>\n","protected":false},"author":7,"featured_media":0,"parent":0,"menu_order":0,"comment_status":"open","ping_status":"open","template":"","meta":{"_et_pb_use_builder":"","_et_pb_old_content":"","_et_gb_content_width":"","footnotes":""},"class_list":["post-2626","page","type-page","status-publish","hentry"],"yoast_head":"<!-- This site is optimized with the Yoast SEO plugin v26.2 - https:\/\/yoast.com\/wordpress\/plugins\/seo\/ -->\n<title>Definition und Auswirkungen - Rauchfrei Telefon<\/title>\n<meta name=\"robots\" content=\"index, follow, max-snippet:-1, max-image-preview:large, max-video-preview:-1\" \/>\n<link rel=\"canonical\" href=\"https:\/\/rauchfrei.at\/auswirkungen\/\" \/>\n<meta property=\"og:locale\" content=\"en_US\" \/>\n<meta property=\"og:type\" content=\"article\" \/>\n<meta property=\"og:title\" content=\"Definition und Auswirkungen - Rauchfrei Telefon\" \/>\n<meta property=\"og:description\" content=\"Was versteht man nun unter Passivrauch? Passivrauch setzt sich aus dem Nebenstromrauch und dem Hauptstromrauch zusammen. Der Nebenstromrauch entsteht beim Verglimmen einer Zigarette zwischen den Z\u00fcgen. Hauptstromrauch bezeichnet jenen Anteil, den der Raucher\/die Raucherin einsaugt und wieder ausatmet. Wenn Tabakrauch \u00fcber die Atemluft von Menschen aufgenommen wird, spricht man von Passivrauchbelastung bzw. Passivrauchen (sog. secondhand-smoke). [&hellip;]\" \/>\n<meta property=\"og:url\" content=\"https:\/\/rauchfrei.at\/auswirkungen\/\" \/>\n<meta property=\"og:site_name\" content=\"Rauchfrei Telefon\" \/>\n<meta property=\"article:modified_time\" content=\"2012-06-27T13:42:04+00:00\" \/>\n<meta name=\"twitter:card\" content=\"summary_large_image\" \/>\n<meta name=\"twitter:label1\" content=\"Est. reading time\" \/>\n\t<meta name=\"twitter:data1\" content=\"1 minute\" \/>\n<script type=\"application\/ld+json\" class=\"yoast-schema-graph\">{\"@context\":\"https:\/\/schema.org\",\"@graph\":[{\"@type\":\"WebPage\",\"@id\":\"https:\/\/rauchfrei.at\/auswirkungen\/\",\"url\":\"https:\/\/rauchfrei.at\/auswirkungen\/\",\"name\":\"Definition und Auswirkungen - Rauchfrei Telefon\",\"isPartOf\":{\"@id\":\"https:\/\/rauchfrei.at\/#website\"},\"datePublished\":\"2012-06-19T13:44:48+00:00\",\"dateModified\":\"2012-06-27T13:42:04+00:00\",\"inLanguage\":\"en-US\",\"potentialAction\":[{\"@type\":\"ReadAction\",\"target\":[\"https:\/\/rauchfrei.at\/auswirkungen\/\"]}]},{\"@type\":\"WebSite\",\"@id\":\"https:\/\/rauchfrei.at\/#website\",\"url\":\"https:\/\/rauchfrei.at\/\",\"name\":\"Rauchfrei Telefon\",\"description\":\"Eine \u00f6sterreichweite Initiative der Sozialversicherungen.\",\"potentialAction\":[{\"@type\":\"SearchAction\",\"target\":{\"@type\":\"EntryPoint\",\"urlTemplate\":\"https:\/\/rauchfrei.at\/?s={search_term_string}\"},\"query-input\":{\"@type\":\"PropertyValueSpecification\",\"valueRequired\":true,\"valueName\":\"search_term_string\"}}],\"inLanguage\":\"en-US\"}]}<\/script>\n<!-- \/ Yoast SEO plugin. -->","yoast_head_json":{"title":"Definition und Auswirkungen - Rauchfrei Telefon","robots":{"index":"index","follow":"follow","max-snippet":"max-snippet:-1","max-image-preview":"max-image-preview:large","max-video-preview":"max-video-preview:-1"},"canonical":"https:\/\/rauchfrei.at\/auswirkungen\/","og_locale":"en_US","og_type":"article","og_title":"Definition und Auswirkungen - Rauchfrei Telefon","og_description":"Was versteht man nun unter Passivrauch? Passivrauch setzt sich aus dem Nebenstromrauch und dem Hauptstromrauch zusammen. Der Nebenstromrauch entsteht beim Verglimmen einer Zigarette zwischen den Z\u00fcgen. Hauptstromrauch bezeichnet jenen Anteil, den der Raucher\/die Raucherin einsaugt und wieder ausatmet. Wenn Tabakrauch \u00fcber die Atemluft von Menschen aufgenommen wird, spricht man von Passivrauchbelastung bzw. Passivrauchen (sog. secondhand-smoke). [&hellip;]","og_url":"https:\/\/rauchfrei.at\/auswirkungen\/","og_site_name":"Rauchfrei Telefon","article_modified_time":"2012-06-27T13:42:04+00:00","twitter_card":"summary_large_image","twitter_misc":{"Est. reading time":"1 minute"},"schema":{"@context":"https:\/\/schema.org","@graph":[{"@type":"WebPage","@id":"https:\/\/rauchfrei.at\/auswirkungen\/","url":"https:\/\/rauchfrei.at\/auswirkungen\/","name":"Definition und Auswirkungen - Rauchfrei Telefon","isPartOf":{"@id":"https:\/\/rauchfrei.at\/#website"},"datePublished":"2012-06-19T13:44:48+00:00","dateModified":"2012-06-27T13:42:04+00:00","inLanguage":"en-US","potentialAction":[{"@type":"ReadAction","target":["https:\/\/rauchfrei.at\/auswirkungen\/"]}]},{"@type":"WebSite","@id":"https:\/\/rauchfrei.at\/#website","url":"https:\/\/rauchfrei.at\/","name":"Rauchfrei Telefon","description":"Eine \u00f6sterreichweite Initiative der Sozialversicherungen.","potentialAction":[{"@type":"SearchAction","target":{"@type":"EntryPoint","urlTemplate":"https:\/\/rauchfrei.at\/?s={search_term_string}"},"query-input":{"@type":"PropertyValueSpecification","valueRequired":true,"valueName":"search_term_string"}}],"inLanguage":"en-US"}]}},"_links":{"self":[{"href":"https:\/\/rauchfrei.at\/en\/wp-json\/wp\/v2\/pages\/2626","targetHints":{"allow":["GET"]}}],"collection":[{"href":"https:\/\/rauchfrei.at\/en\/wp-json\/wp\/v2\/pages"}],"about":[{"href":"https:\/\/rauchfrei.at\/en\/wp-json\/wp\/v2\/types\/page"}],"author":[{"embeddable":true,"href":"https:\/\/rauchfrei.at\/en\/wp-json\/wp\/v2\/users\/7"}],"replies":[{"embeddable":true,"href":"https:\/\/rauchfrei.at\/en\/wp-json\/wp\/v2\/comments?post=2626"}],"version-history":[{"count":5,"href":"https:\/\/rauchfrei.at\/en\/wp-json\/wp\/v2\/pages\/2626\/revisions"}],"predecessor-version":[{"id":3130,"href":"https:\/\/rauchfrei.at\/en\/wp-json\/wp\/v2\/pages\/2626\/revisions\/3130"}],"wp:attachment":[{"href":"https:\/\/rauchfrei.at\/en\/wp-json\/wp\/v2\/media?parent=2626"}],"curies":[{"name":"wp","href":"https:\/\/api.w.org\/{rel}","templated":true}]}}