
{"id":264,"date":"2012-03-08T06:29:31","date_gmt":"2012-03-08T06:29:31","guid":{"rendered":"http:\/\/web362.itscserver.org\/wordpress\/?page_id=264"},"modified":"2025-07-25T10:58:47","modified_gmt":"2025-07-25T08:58:47","slug":"angebote-von-bvaeb-und-svs","status":"publish","type":"page","link":"https:\/\/rauchfrei.at\/en\/aufhoeren\/weitere-beratungsangebote-in-oe\/angebote-von-bvaeb-und-svs\/","title":{"rendered":"Angebote von BVAEB und SVS"},"content":{"rendered":"<p>[et_pb_section fb_built=&#8221;1&#8243; custom_padding_last_edited=&#8221;off|&#8221; module_class=&#8221;header&#8221; _builder_version=&#8221;4.16&#8243; background_color=&#8221;#67BAD3&#8243; custom_margin=&#8221;||0px|&#8221; custom_padding=&#8221;100px||10px|&#8221; global_colors_info=&#8221;{}&#8221;][et_pb_row _builder_version=&#8221;4.16&#8243; custom_margin=&#8221;||0px|&#8221; custom_padding=&#8221;||0px|&#8221; global_colors_info=&#8221;{}&#8221;][et_pb_column type=&#8221;4_4&#8243; _builder_version=&#8221;4.16&#8243; custom_padding=&#8221;||0px|&#8221; global_colors_info=&#8221;{}&#8221; custom_padding__hover=&#8221;|||&#8221;][et_pb_text admin_label=&#8221;Blue Background Header&#8221; _builder_version=&#8221;4.16&#8243; custom_margin=&#8221;||0px|&#8221; custom_padding=&#8221;||0px|&#8221; z_index_tablet=&#8221;500&#8243; global_colors_info=&#8221;{}&#8221;]<\/p>\n<h1>Angebote von BVAEB, \u00d6GK und SVS<\/h1>\n<p>[\/et_pb_text][\/et_pb_column][\/et_pb_row][\/et_pb_section][et_pb_section fb_built=&#8221;1&#8243; _builder_version=&#8221;4.16&#8243; global_colors_info=&#8221;{}&#8221;][et_pb_row column_structure=&#8221;2_3,1_3&#8243; _builder_version=&#8221;4.16&#8243; background_size=&#8221;initial&#8221; background_position=&#8221;top_left&#8221; background_repeat=&#8221;repeat&#8221; global_colors_info=&#8221;{}&#8221;][et_pb_column type=&#8221;2_3&#8243; _builder_version=&#8221;4.16&#8243; custom_padding=&#8221;|||&#8221; global_colors_info=&#8221;{}&#8221; custom_padding__hover=&#8221;|||&#8221;][et_pb_text admin_label=&#8221;Text&#8221; _builder_version=&#8221;4.16&#8243; z_index_tablet=&#8221;500&#8243; global_colors_info=&#8221;{}&#8221;]<\/p>\n<p>Sind Sie bei der BVAEB oder der SVS versichert, finden Sie hier spezifische Angebote:<\/p>\n<p>[\/et_pb_text][et_pb_toggle title=&#8221;BVAEB &#8211; Versicherungsanstalt \u00f6ffentlich Bediensteter, Eisenbahnen und Bergbau&#8221; admin_label=&#8221;BVAEB &#8211; Versicherungsanstalt \u00f6ffentlich Bediensteter, Eisenbahn und Bergbau&#8221; _builder_version=&#8221;4.27.4&#8243; z_index_tablet=&#8221;500&#8243; global_colors_info=&#8221;{}&#8221;]<\/p>\n<div id=\"esv-container\" role=\"\">\n<div id=\"esv-content_mitnav\" class=\"content\" role=\"main\">\n<div class=\"contentline\">\n<div class=\"right\">\n<div class=\"detail\">\n<div class=\"text\">\n<p>Die BVAEB begleitet Sie in ein rauchfreies Leben mit folgenden Programmen:<\/p>\n<p><strong>Raucherberatung \u2013 Erstberatung (telefonisch oder online)<br \/><\/strong>In einer 40-min\u00fctigen telefonischen oder auch Online-Beratung haben Sie die M\u00f6glichkeit, alle Fragen rund um das Thema \u201eRauchfrei werden\u201c mit einer Expertin oder einem Experten zu besprechen. Sie erhalten Tipps und Tricks zur Planung des Rauchstopps und k\u00f6nnen sich \u00fcber unterst\u00fctzende Angebote zur Entw\u00f6hnung informieren.<\/p>\n<p><a class=\"esvlink esvlink_right\" href=\"https:\/\/www.bvaeb.at\/cdscontent\/?contentid=10007.861127&amp;portal=bvaebbportal\" target=\"_blank\" rel=\"noopener noreferrer\"><b><\/b><\/a><\/p>\n<p><strong>Online-Entw\u00f6hnung<\/strong><br \/>Ein weiteres modernes Angebot ist die Online-Entw\u00f6hnung der BVAEB. Bequem von zu Hause aus k\u00f6nnen Sie an den 5 Gruppenterminen (je 90 min), angeleitet von der Tabakexpertin bzw. \u2013experten, teilnehmen. Die Einheiten finden w\u00f6chentlich statt. Voraussetzung ist, dass Sie zu allen Terminen Zeit haben.<\/p>\n<p><strong>Ambulante Angebote<\/strong><br \/>Die BVAEB kooperiert mit anderen Sozialversicherungstr\u00e4gern, damit Sie an weiteren Entw\u00f6hnungsprogrammen in Ihrer N\u00e4he teilnehmen k\u00f6nnen. Hierbei handelt es sich um ein Gruppenangebot (teilweise auch Einzelangebote m\u00f6glich). Kursdauer: je nach Bundesland zwischen 4-6 Terminen. <a class=\"esvlink esvlink_right\" href=\"https:\/\/www.bvaeb.at\/cdscontent\/?contentid=10007.861127&amp;portal=bvaebbportal\" target=\"_blank\" rel=\"noopener noreferrer\"><b> Angebote der Kooperationspartner<\/b><\/a><\/p>\n<p><strong>Gruppenkurse f\u00fcr Dienststellen und Betriebe \u2013 BGF<\/strong><br \/>Die BVAEB bietet im Rahmen der Projektbegleitung zur Betrieblichen Gesundheitsf\u00f6rderung (BGF) ebenfalls eine Raucherentw\u00f6hnung direkt in Ihrer Dienststelle oder Ihrem Betrieb an. Auch hier kann eine online-Entw\u00f6hnung angeboten werden.<\/p>\n<p><strong>Station\u00e4re Therapien \/ Entw\u00f6hnung<\/strong><\/p>\n<p><strong>Kurbegleitende Entw\u00f6hnung<br \/><\/strong>Im Rahmen eines dreiw\u00f6chigen Kuraufenthaltes in den BVAEB Einrichtungen <strong>Bad Schallerbach, Bad Hofgastein, Breitenstein<\/strong> sowie im <strong>Therapiezentrum Buchenberg in Waidhofen a. d. Ybbs<\/strong> bietet die BVAEB ebenso eine Raucherentw\u00f6hnung an. Bitte beachten Sie, dass innerhalb des Aufenthalts jedoch nicht der Fokus auf der Entw\u00f6hnung liegt, sondern, dass es sich dabei um ein zus\u00e4tzliches Therapieangebot handelt.<\/p>\n<p><strong>Rauchfrei in 20 Tagen in der Gesundheitseinrichtung Josefhof<br \/><\/strong>F\u00fcr Aufh\u00f6rwillige, deren Nikotinabh\u00e4ngigkeit stark ausgepr\u00e4gt ist oder wenn durch das Rauchen schon eine Erkrankung vorliegt, bietet die Gesundheitseinrichtung Josefhof einen 20-t\u00e4gigen Aufenthalt an. Bei diesem Angebot widmen Sie sich ausschlie\u00dflich der Rauchfreiheit. Gemeinsam mit anderen Teilnehmerinnen und Teilnehmern, die ebenfalls das Ziel verfolgen, werden in Gruppen Strategien und Alternativen f\u00fcr eine langfristige Lebensstil\u00e4nderung \u2013 OHNE ZIGARETTE \u2013 erarbeitet. N\u00e4here Informationen finden Sie auf der Website <a href=\"http:\/\/www.ge-josefhof.at.\" target=\"_blank\" rel=\"noopener noreferrer\"><strong>www.ge-josefhof.at.<\/strong><\/a><\/p>\n<\/div>\n<p>&nbsp;<\/p>\n<p><b>Informationen und Anmeldung<\/b><\/p>\n<div class=\"text\">\n<p>Rauchfrei-Anlaufstelle in der<strong><a href=\"https:\/\/www.bvaeb.at\/cdscontent\/?contentid=10007.840452&amp;portal=bvaebbportal\" target=\"_blank\" rel=\"noopener noreferrer\"> BVAEB<\/a><\/strong> Tel.<strong> <!-- Tagtyp eSV_Link start --><a class=\"esvlink\" href=\"tel:05040536313\" target=\"_blank\" rel=\"noopener noreferrer\">050405-21888<\/a><\/strong><!-- Tagtyp eSV_Link end --><br \/>f\u00fcr Sie da von Montag &#8211; Freitag 9 &#8211; 13 Uhr<br \/>oder<strong>\u00a0<!-- Tagtyp eSV_Link start --><a class=\"esvlink esvlink_mail\" href=\"mailto:rauchfrei@bvaeb.at\" target=\"_self\" rel=\"noopener noreferrer\">rauchfrei@bvaeb.at <\/a><\/strong><br \/><a href=\"https:\/\/www.bvaeb.at\/cdscontent\/?contentid=10007.840452&amp;portal=bvaebbportal\" target=\"_blank\" rel=\"noopener noreferrer\"><strong>https:\/\/www.bvaeb.at\/<\/strong><\/a><\/p>\n<\/div>\n<\/div>\n<\/div>\n<\/div>\n<\/div>\n<\/div>\n<p>[\/et_pb_toggle][et_pb_toggle title=&#8221;\u00d6GK &#8211; \u00d6sterreichische Gesundheitskasse&#8221; admin_label=&#8221;\u00d6GK&#8221; _builder_version=&#8221;4.27.4&#8243; z_index_tablet=&#8221;500&#8243; global_colors_info=&#8221;{}&#8221;]<\/p>\n<p>Rauchfrei werden mit der \u00d6sterreichischen Gesundheitskasse:<\/p>\n<p><a href=\"http:\/\/www.gesundheitskasse.at\/rauchfrei\" target=\"_blank\" rel=\"noopener\">www.gesundheitskasse.at\/rauchfrei<\/a><\/p>\n<p>Anmeldung unter: <a href=\"https:\/\/www.gesundheitskasse.at\/vema\/?contentid=10007.892883&amp;portal=oegkportal&amp;term=Rauchfrei\" target=\"_blank\" rel=\"noopener\">Veranstaltungen finden<\/a><\/p>\n<p>&nbsp;<\/p>\n<p>Angebote f\u00fcr Schwangere: <a href=\"https:\/\/www.gesundheitskasse.at\/cdscontent\/?contentid=10007.901100&amp;portal=oegkportal\" target=\"_blank\" rel=\"noopener\">Nikotinfrei in der Schwangerschaft<\/a><\/p>\n<p>[\/et_pb_toggle][et_pb_toggle title=&#8221;SVS &#8211; Sozialversicherung der Selbstst\u00e4ndigen&#8221; admin_label=&#8221;SVS &#8211; Die Sozialversicherung der Selbst\u00e4ndigen&#8221; _builder_version=&#8221;4.27.4&#8243; z_index_tablet=&#8221;500&#8243; global_colors_info=&#8221;{}&#8221;]<\/p>\n<p><strong>SVS-Gesundheitshunderter f\u00fcr Ihren Rauchstopp<br \/><\/strong>Mit dem SVS-Gesundheitshunderter unterst\u00fctzt die SVS ihre Versicherten j\u00e4hrlich bei gesundheitsf\u00f6rdernden Aktivit\u00e4ten in den Bereichen Bewegung, Ern\u00e4hrung, Stress\/Burnout, Entspannung\/K\u00f6rperarbeit und Rauchfrei. Alle qualit\u00e4tsgesicherten Pakete zur Raucherentw\u00f6hnung bei einem SVS-Gesundheitspartner finden Sie unter:<strong> <a href=\"http:\/\/www.svs.at\/gesundheitspartner\">svs.at\/gesundheitspartner<\/a>.<\/strong> Ist kein passendes Angebot dabei, unterst\u00fctzt die SVS auch individuelle Ma\u00dfnahmen, die sich nach den internationalen Standards der Tabakentw\u00f6hnung richten. Die Anbieter und das Unterst\u00fctzungsangebot m\u00fcssen den SVS-Kriterien entsprechen. Ansprechpersonen und\/oder Angebote, die von der SVS unterst\u00fctzt werden, finden Sie <strong><a href=\"https:\/\/www.svs.at\/cdscontent\/?contentid=10007.817071&amp;portal=svsportal\" target=\"_blank\" rel=\"noopener\">hier<\/a>.<\/strong><\/p>\n<p><strong>Tabakentw\u00f6hnungsprogramme <\/strong><strong>anderen Sozialversicherungstr\u00e4ger<br \/><\/strong>SVS-Versicherte haben auch die M\u00f6glichkeit, bei Raucherentw\u00f6hnungspro\u00adgrammen anderer Sozialversicherungstr\u00e4ger teilzunehmen. Die Kostenverrechnung erfolgt direkt \u00fcber die Versicherungstr\u00e4ger. Ist ein Eigenanteil zu leisten, kann dieser mit dem individuellen SVS-Gesundheitshunderter gef\u00f6rdert werden.<\/p>\n<p><strong>Alle Angebot f\u00fcr SVS-Versicherte finden Sie unter: <\/strong><a href=\"http:\/\/www.svs.at\/rauchfreiangebote\"><strong>www.svs.at\/rauchfreiangebote<\/strong><\/a><\/p>\n<p>[\/et_pb_toggle][\/et_pb_column][et_pb_column type=&#8221;1_3&#8243; _builder_version=&#8221;4.16&#8243; custom_padding=&#8221;|||&#8221; custom_css_main_element=&#8221;margin-top: 40px;&#8221; global_colors_info=&#8221;{}&#8221; custom_padding__hover=&#8221;|||&#8221;][et_pb_dp_dmb_module_10093 farbe=&#8221;blitzblau&#8221; headline=&#8221;Rauchfrei schwanger&#8221; image=&#8221;https:\/\/rauchfrei.at\/wp-content\/uploads\/Pregnant.png&#8221; image_position=&#8221;center&#8221; link_text=&#8221;mehr dazu&#8221; link_url=&#8221;https:\/\/rauchfrei.at\/fakten\/schwangerschaft\/&#8221; admin_label=&#8221;Schwangere&#8221; _builder_version=&#8221;4.21.0&#8243; custom_margin=&#8221;0px|||&#8221; custom_padding=&#8221;0px|||&#8221; global_module=&#8221;12601&#8243; saved_tabs=&#8221;all&#8221; global_colors_info=&#8221;{}&#8221;]<\/p>\n<p>In der Schwangerschaft bewirkt die Rauchfreiheit besonders viel Gutes.<\/p>\n<p>[\/et_pb_dp_dmb_module_10093][\/et_pb_column][\/et_pb_row][\/et_pb_section]<\/p>\n","protected":false},"excerpt":{"rendered":"<p>Angebote von BVAEB, \u00d6GK und SVSSind Sie bei der BVAEB oder der SVS versichert, finden Sie hier spezifische Angebote: Die BVAEB begleitet Sie in ein rauchfreies Leben mit folgenden Programmen: Raucherberatung \u2013 Erstberatung (telefonisch oder online)In einer 40-min\u00fctigen telefonischen oder auch Online-Beratung haben Sie die M\u00f6glichkeit, alle Fragen rund um das Thema \u201eRauchfrei werden\u201c mit [&hellip;]<\/p>\n","protected":false},"author":2,"featured_media":0,"parent":251,"menu_order":0,"comment_status":"closed","ping_status":"open","template":"","meta":{"_et_pb_use_builder":"on","_et_pb_old_content":"<p>Prinzipiell ist f\u00fcr jedes Bundesland die jeweilige Gebietskrankenkasse zust\u00e4ndig. Sind Sie bei einer anderen Versicherung wie der BVA, SVA, SVB oder der VAEB versichert, finden Sie hier spezifische Angebote:<\/p><p>[toggle Title=\"<strong>BVA - Versicherungsanstalt \u00f6ffentlich Bediensteter<\/strong>\"]<\/p><p>\u00a0<\/p><p>Die BVA bietet im eigenen <a href=\"http:\/\/www.bva.at\/portal27\/bvaportal\/content?viewmode=content&content_contentid=10007.676553&contentid=10007.727852\" target=\"_blank\" rel=\"noopener\">Therapiezentrum Buchenberg <\/a>(Waidhofen\/Ybbs) im Rahmen einer\u00a0Kur Raucherentw\u00f6hnung an.\u00a0Zus\u00e4tzlich gibt es f\u00fcr BVA-Versicherte die M\u00f6glichkeit, an den Entw\u00f6hnangeboten der Gebietskrankenkassen teilzunehmen. Die Kosten\u00a0daf\u00fcr k\u00f6nnen von der BVA refundiert werden.<\/p><p><a href=\"http:\/\/www.bva.at\/portal27\/bvaportal\/content\/contentWindow?viewmode=content&contentid=10007.676659\" target=\"_blank\" rel=\"noopener\">Angebote der BVA<\/a><\/p><p>[\/toggle]<\/p><p>\u00a0<\/p><p>[toggle Title=\"<strong>SVA - Sozialversicherungsanstalt der gewerblichen Wirtschaft<\/strong>\"]<\/p><p>\u00a0<\/p><p>Die SVA bietet neben den <a href=\"https:\/\/www.svagw.at\/portal27\/svaportal\/content?contentid=10007.740618&portal:componentId=gtn8f3a09c7-e570-43db-a89f-f2d3c5cea0cb&viewmode=content\" target=\"_blank\" rel=\"noopener\">No-Smoking-Camps<\/a> verschiedene M\u00f6glichkeiten der Unterst\u00fctzung an.<\/p><p><a href=\"https:\/\/www.svagw.at\/portal27\/svaportal\/content?contentid=10007.751240&portal:componentId=gtn8f3a09c7-e570-43db-a89f-f2d3c5cea0cb&viewmode=content\" target=\"_blank\" rel=\"noopener\">Angebote der SVA<\/a><\/p><p>[\/toggle]<\/p><p>\u00a0<\/p><p>[toggle Title=\"<strong>SVB -\u00a0 Sozialversicherungsanstalt der Bauern<\/strong>\"]<\/p><p>\u00a0<\/p><p>SVB-Versicherte k\u00f6nnen die Entw\u00f6hnangebote der Gebietskrankenkassen nutzen und erhalten daf\u00fcr nach R\u00fccksprache Kostenzusch\u00fcsse.<\/p><p><a href=\"https:\/\/www.svb.at\/portal27\/svbportal\/content?contentid=10007.769026&portal:componentId=gtn1fad914a-02e9-4f0a-aa3e-464064d3e31f&viewmode=content\" target=\"_blank\" rel=\"noopener\">Angebote der SVB<\/a><\/p><p>[\/toggle]<\/p><p>\u00a0<\/p><p>[toggle Title=\"<strong>VAEB - Versicherungsanstalt f\u00fcr Eisenbahnen und Bergbau<\/strong>\"]<\/p><p>\u00a0<\/p><p>VAEB-Versicherte k\u00f6nnen sich f\u00fcr\u00a0Einzelberatung und Gruppenentw\u00f6hnung\u00a0\u00a0an die Gesundheits- und Betreuungszentren (GBZ)\u00a0wenden. Weiters gibt es\u00a0die station\u00e4re Raucherentw\u00f6hnung\u00a0(<a href=\"http:\/\/www.josefhof.at\/programme\/post\/Nichtrauchen-in-7-Tagen\" target=\"_blank\" rel=\"noopener\">7-t\u00e4gig <\/a>bzw. <a href=\"http:\/\/www.josefhof.at\/programme\/post\/Nichtrauchen-in-20-Tagen\" target=\"_blank\" rel=\"noopener\">20-t\u00e4gig<\/a>) sowie die M\u00f6glichkeit im Rahmen eines Kuraufenthaltes in den <a href=\"http:\/\/www.vaeb.at\/portal27\/vaebportal\/content?contentid=10007.721319&viewmode=content\" target=\"_blank\" rel=\"noopener\">Gesundheitseinrichtungen der VAEB <\/a>Raucherentw\u00f6hnung in Anspruch zu nehmen.<\/p><p>\u00a0<\/p><p>[\/toggle]<\/p>","_et_gb_content_width":"","footnotes":""},"class_list":["post-264","page","type-page","status-publish","hentry"],"yoast_head":"<!-- This site is optimized with the Yoast SEO plugin v26.2 - https:\/\/yoast.com\/wordpress\/plugins\/seo\/ -->\n<title>Angebote von BVAEB und SVS - Rauchfrei Telefon<\/title>\n<meta name=\"robots\" content=\"index, follow, max-snippet:-1, max-image-preview:large, max-video-preview:-1\" \/>\n<link rel=\"canonical\" href=\"https:\/\/rauchfrei.at\/aufhoeren\/weitere-beratungsangebote-in-oe\/angebote-von-bvaeb-und-svs\/\" \/>\n<meta property=\"og:locale\" content=\"en_US\" \/>\n<meta property=\"og:type\" content=\"article\" \/>\n<meta property=\"og:title\" content=\"Angebote von BVAEB und SVS - Rauchfrei Telefon\" \/>\n<meta property=\"og:description\" content=\"Angebote von BVAEB, \u00d6GK und SVSSind Sie bei der BVAEB oder der SVS versichert, finden Sie hier spezifische Angebote: Die BVAEB begleitet Sie in ein rauchfreies Leben mit folgenden Programmen: Raucherberatung \u2013 Erstberatung (telefonisch oder online)In einer 40-min\u00fctigen telefonischen oder auch Online-Beratung haben Sie die M\u00f6glichkeit, alle Fragen rund um das Thema \u201eRauchfrei werden\u201c mit [&hellip;]\" \/>\n<meta property=\"og:url\" content=\"https:\/\/rauchfrei.at\/aufhoeren\/weitere-beratungsangebote-in-oe\/angebote-von-bvaeb-und-svs\/\" \/>\n<meta property=\"og:site_name\" content=\"Rauchfrei Telefon\" \/>\n<meta property=\"article:modified_time\" content=\"2025-07-25T08:58:47+00:00\" \/>\n<meta name=\"twitter:card\" content=\"summary_large_image\" \/>\n<meta name=\"twitter:label1\" content=\"Est. reading time\" \/>\n\t<meta name=\"twitter:data1\" content=\"4 minutes\" \/>\n<script type=\"application\/ld+json\" class=\"yoast-schema-graph\">{\"@context\":\"https:\/\/schema.org\",\"@graph\":[{\"@type\":\"WebPage\",\"@id\":\"https:\/\/rauchfrei.at\/aufhoeren\/weitere-beratungsangebote-in-oe\/angebote-von-bvaeb-und-svs\/\",\"url\":\"https:\/\/rauchfrei.at\/aufhoeren\/weitere-beratungsangebote-in-oe\/angebote-von-bvaeb-und-svs\/\",\"name\":\"Angebote von BVAEB und SVS - Rauchfrei Telefon\",\"isPartOf\":{\"@id\":\"https:\/\/rauchfrei.at\/#website\"},\"datePublished\":\"2012-03-08T06:29:31+00:00\",\"dateModified\":\"2025-07-25T08:58:47+00:00\",\"breadcrumb\":{\"@id\":\"https:\/\/rauchfrei.at\/aufhoeren\/weitere-beratungsangebote-in-oe\/angebote-von-bvaeb-und-svs\/#breadcrumb\"},\"inLanguage\":\"en-US\",\"potentialAction\":[{\"@type\":\"ReadAction\",\"target\":[\"https:\/\/rauchfrei.at\/aufhoeren\/weitere-beratungsangebote-in-oe\/angebote-von-bvaeb-und-svs\/\"]}]},{\"@type\":\"BreadcrumbList\",\"@id\":\"https:\/\/rauchfrei.at\/aufhoeren\/weitere-beratungsangebote-in-oe\/angebote-von-bvaeb-und-svs\/#breadcrumb\",\"itemListElement\":[{\"@type\":\"ListItem\",\"position\":1,\"name\":\"Aufh\u00f6ren\",\"item\":\"https:\/\/rauchfrei.at\/aufhoeren\/\"},{\"@type\":\"ListItem\",\"position\":2,\"name\":\"Beratungsangebote in \u00d6sterreich\",\"item\":\"https:\/\/rauchfrei.at\/aufhoeren\/weitere-beratungsangebote-in-oe\/\"},{\"@type\":\"ListItem\",\"position\":3,\"name\":\"Angebote von BVAEB und SVS\"}]},{\"@type\":\"WebSite\",\"@id\":\"https:\/\/rauchfrei.at\/#website\",\"url\":\"https:\/\/rauchfrei.at\/\",\"name\":\"Rauchfrei Telefon\",\"description\":\"Eine \u00f6sterreichweite Initiative der Sozialversicherungen.\",\"potentialAction\":[{\"@type\":\"SearchAction\",\"target\":{\"@type\":\"EntryPoint\",\"urlTemplate\":\"https:\/\/rauchfrei.at\/?s={search_term_string}\"},\"query-input\":{\"@type\":\"PropertyValueSpecification\",\"valueRequired\":true,\"valueName\":\"search_term_string\"}}],\"inLanguage\":\"en-US\"}]}<\/script>\n<!-- \/ Yoast SEO plugin. -->","yoast_head_json":{"title":"Angebote von BVAEB und SVS - Rauchfrei Telefon","robots":{"index":"index","follow":"follow","max-snippet":"max-snippet:-1","max-image-preview":"max-image-preview:large","max-video-preview":"max-video-preview:-1"},"canonical":"https:\/\/rauchfrei.at\/aufhoeren\/weitere-beratungsangebote-in-oe\/angebote-von-bvaeb-und-svs\/","og_locale":"en_US","og_type":"article","og_title":"Angebote von BVAEB und SVS - Rauchfrei Telefon","og_description":"Angebote von BVAEB, \u00d6GK und SVSSind Sie bei der BVAEB oder der SVS versichert, finden Sie hier spezifische Angebote: Die BVAEB begleitet Sie in ein rauchfreies Leben mit folgenden Programmen: Raucherberatung \u2013 Erstberatung (telefonisch oder online)In einer 40-min\u00fctigen telefonischen oder auch Online-Beratung haben Sie die M\u00f6glichkeit, alle Fragen rund um das Thema \u201eRauchfrei werden\u201c mit [&hellip;]","og_url":"https:\/\/rauchfrei.at\/aufhoeren\/weitere-beratungsangebote-in-oe\/angebote-von-bvaeb-und-svs\/","og_site_name":"Rauchfrei Telefon","article_modified_time":"2025-07-25T08:58:47+00:00","twitter_card":"summary_large_image","twitter_misc":{"Est. reading time":"4 minutes"},"schema":{"@context":"https:\/\/schema.org","@graph":[{"@type":"WebPage","@id":"https:\/\/rauchfrei.at\/aufhoeren\/weitere-beratungsangebote-in-oe\/angebote-von-bvaeb-und-svs\/","url":"https:\/\/rauchfrei.at\/aufhoeren\/weitere-beratungsangebote-in-oe\/angebote-von-bvaeb-und-svs\/","name":"Angebote von BVAEB und SVS - Rauchfrei Telefon","isPartOf":{"@id":"https:\/\/rauchfrei.at\/#website"},"datePublished":"2012-03-08T06:29:31+00:00","dateModified":"2025-07-25T08:58:47+00:00","breadcrumb":{"@id":"https:\/\/rauchfrei.at\/aufhoeren\/weitere-beratungsangebote-in-oe\/angebote-von-bvaeb-und-svs\/#breadcrumb"},"inLanguage":"en-US","potentialAction":[{"@type":"ReadAction","target":["https:\/\/rauchfrei.at\/aufhoeren\/weitere-beratungsangebote-in-oe\/angebote-von-bvaeb-und-svs\/"]}]},{"@type":"BreadcrumbList","@id":"https:\/\/rauchfrei.at\/aufhoeren\/weitere-beratungsangebote-in-oe\/angebote-von-bvaeb-und-svs\/#breadcrumb","itemListElement":[{"@type":"ListItem","position":1,"name":"Aufh\u00f6ren","item":"https:\/\/rauchfrei.at\/aufhoeren\/"},{"@type":"ListItem","position":2,"name":"Beratungsangebote in \u00d6sterreich","item":"https:\/\/rauchfrei.at\/aufhoeren\/weitere-beratungsangebote-in-oe\/"},{"@type":"ListItem","position":3,"name":"Angebote von BVAEB und SVS"}]},{"@type":"WebSite","@id":"https:\/\/rauchfrei.at\/#website","url":"https:\/\/rauchfrei.at\/","name":"Rauchfrei Telefon","description":"Eine \u00f6sterreichweite Initiative der Sozialversicherungen.","potentialAction":[{"@type":"SearchAction","target":{"@type":"EntryPoint","urlTemplate":"https:\/\/rauchfrei.at\/?s={search_term_string}"},"query-input":{"@type":"PropertyValueSpecification","valueRequired":true,"valueName":"search_term_string"}}],"inLanguage":"en-US"}]}},"_links":{"self":[{"href":"https:\/\/rauchfrei.at\/en\/wp-json\/wp\/v2\/pages\/264","targetHints":{"allow":["GET"]}}],"collection":[{"href":"https:\/\/rauchfrei.at\/en\/wp-json\/wp\/v2\/pages"}],"about":[{"href":"https:\/\/rauchfrei.at\/en\/wp-json\/wp\/v2\/types\/page"}],"author":[{"embeddable":true,"href":"https:\/\/rauchfrei.at\/en\/wp-json\/wp\/v2\/users\/2"}],"replies":[{"embeddable":true,"href":"https:\/\/rauchfrei.at\/en\/wp-json\/wp\/v2\/comments?post=264"}],"version-history":[{"count":14,"href":"https:\/\/rauchfrei.at\/en\/wp-json\/wp\/v2\/pages\/264\/revisions"}],"predecessor-version":[{"id":30999,"href":"https:\/\/rauchfrei.at\/en\/wp-json\/wp\/v2\/pages\/264\/revisions\/30999"}],"up":[{"embeddable":true,"href":"https:\/\/rauchfrei.at\/en\/wp-json\/wp\/v2\/pages\/251"}],"wp:attachment":[{"href":"https:\/\/rauchfrei.at\/en\/wp-json\/wp\/v2\/media?parent=264"}],"curies":[{"name":"wp","href":"https:\/\/api.w.org\/{rel}","templated":true}]}}