
{"id":266,"date":"2012-03-08T06:30:13","date_gmt":"2012-03-08T06:30:13","guid":{"rendered":"http:\/\/web362.itscserver.org\/wordpress\/?page_id=266"},"modified":"2019-04-25T14:42:04","modified_gmt":"2019-04-25T12:42:04","slug":"im-netz-der-tabakindustrie","status":"publish","type":"page","link":"https:\/\/rauchfrei.at\/en\/jung-und-rauchfrei\/im-netz-der-tabakindustrie\/","title":{"rendered":"Ger\u00fcchte, Manipulation und die Tabakindustrie"},"content":{"rendered":"<p>[et_pb_section bb_built=&#8221;1&#8243; custom_padding_last_edited=&#8221;off|&#8221; next_background_color=&#8221;#ffffff&#8221; module_class=&#8221;header&#8221; _builder_version=&#8221;3.0.99&#8243; background_color=&#8221;#67BAD3&#8243; custom_margin=&#8221;||0px|&#8221; custom_padding=&#8221;100px||10px|&#8221;][et_pb_row custom_padding=&#8221;||0px|&#8221; custom_margin=&#8221;||0px|&#8221; padding_bottom_1=&#8221;0px&#8221; _builder_version=&#8221;3.0.99&#8243;][et_pb_column type=&#8221;4_4&#8243;][et_pb_text admin_label=&#8221;Blue Background Header&#8221; _builder_version=&#8221;3.21.1&#8243; custom_margin=&#8221;||0px|&#8221; custom_padding=&#8221;||0px|&#8221; z_index_tablet=&#8221;500&#8243;]<\/p>\n<h1>Ger\u00fcchte, Manipulation und die Tabakindustrie<\/h1>\n<p>[\/et_pb_text][\/et_pb_column][\/et_pb_row][\/et_pb_section][et_pb_section bb_built=&#8221;1&#8243; prev_background_color=&#8221;#67BAD3&#8243; _builder_version=&#8221;3.0.47&#8243;][et_pb_row _builder_version=&#8221;3.0.48&#8243; background_size=&#8221;initial&#8221; background_position=&#8221;top_left&#8221; background_repeat=&#8221;repeat&#8221;][et_pb_column type=&#8221;2_3&#8243;][et_pb_text _builder_version=&#8221;3.15&#8243;]<\/p>\n<h1>Ger\u00fcchte &amp; Wahrheit<\/h1>\n<p>\u00dcber das Rauchen kursieren viele Ger\u00fcchte und Hypothesen, die bei genauerem Hinsehen nicht stimmen. Hier geben wir eine Auflistung, der Mythen, die uns am \u00f6ftesten unterkommen &#8211; und die jeweilige Richtigstellung dazu.<\/p>\n<p>[\/et_pb_text][et_pb_toggle title=&#8221;Macht rauchen impotent?&#8221; open_toggle_text_color=&#8221;#212121&#8243; closed_toggle_text_color=&#8221;#212121&#8243; closed_toggle_background_color=&#8221;#ffffff&#8221; icon_color=&#8221;#67bad3&#8243; _builder_version=&#8221;3.15&#8243; title_level=&#8221;h3&#8243; title_font=&#8221;||||||||&#8221; custom_margin=&#8221;||10px|&#8221;]<\/p>\n<p><strong>Ja!<\/strong> Sexualit\u00e4t und Fruchtbarkeit werden durch das Rauchen negativ beeinflusst. Die schlechtere Durchblutung der Blutgef\u00e4\u00dfe kann schon bei jungen M\u00e4nnern zu Erektionsst\u00f6rungen f\u00fchren.<\/p>\n<p>[\/et_pb_toggle][et_pb_toggle title=&#8221;Macht rauchen wirklich schlank?&#8221; open_toggle_text_color=&#8221;#212121&#8243; closed_toggle_text_color=&#8221;#212121&#8243; closed_toggle_background_color=&#8221;#ffffff&#8221; icon_color=&#8221;#67bad3&#8243; _builder_version=&#8221;3.15&#8243; title_level=&#8221;h3&#8243; title_font=&#8221;||||||||&#8221; custom_margin=&#8221;||10px|&#8221;]<\/p>\n<p><strong>Nein.<\/strong> Wer schon in der Jugend raucht, wird sp\u00e4ter dick! Nikotin bewirkt zwar eine Steigerung des Kalorienverbrauchs und hemmt den Appetit, der Tabak wirkt sich jedoch in Kombination mit den Hormonen negativ auf die Fettverteilung aus. Fettpolster sammeln sich mit der Zeit um die Taille an.<\/p>\n<p>[\/et_pb_toggle][et_pb_toggle title=&#8221;Verbessert rauchen die Konzentration?&#8221; open_toggle_text_color=&#8221;#212121&#8243; closed_toggle_text_color=&#8221;#212121&#8243; closed_toggle_background_color=&#8221;#ffffff&#8221; icon_color=&#8221;#67bad3&#8243; _builder_version=&#8221;3.15&#8243; title_level=&#8221;h3&#8243; title_font=&#8221;||||||||&#8221; custom_margin=&#8221;||10px|&#8221;]<\/p>\n<p><strong>Nein!<\/strong> Nikotin regt das Gehirn zwar an, Kohlenmonoxid bet\u00e4ubt es aber wieder. Rauchen wirkt sich somit negativ auf die Entwicklung und die Funktion des Gehirns aus. Es ist die Pause, die Entspannung bringt und dich kreativer macht, und nicht die Zigarette!<\/p>\n<p>[\/et_pb_toggle][et_pb_toggle title=&#8221;Wirkt rauchen gegen Stress?&#8221; open_toggle_text_color=&#8221;#212121&#8243; closed_toggle_text_color=&#8221;#212121&#8243; closed_toggle_background_color=&#8221;#ffffff&#8221; icon_color=&#8221;#67bad3&#8243; _builder_version=&#8221;3.15&#8243; title_level=&#8221;h3&#8243; title_font=&#8221;||||||||&#8221; custom_margin=&#8221;||10px|&#8221;]<\/p>\n<p><strong>Nein!<\/strong> Ganz im Gegenteil: Rauchen ist purer Stress f\u00fcr den K\u00f6rper! Die Zigarette stresst den K\u00f6rper st\u00e4ndig, denn er ist eigentlich von einer Zigarette zur n\u00e4chsten auf Entzug. Nach dem Rauchen wird also eine Erleichterung sp\u00fcrbar, die ohne Zigaretten \u00fcberhaupt nicht notwendig w\u00e4ret. Rauchfreie Menschen f\u00fchlen sich weniger gestresst als rauchende Personen.<\/p>\n<p>[\/et_pb_toggle][et_pb_toggle title=&#8221;Macht rauchen fit?&#8221; open_toggle_text_color=&#8221;#212121&#8243; closed_toggle_text_color=&#8221;#212121&#8243; closed_toggle_background_color=&#8221;#ffffff&#8221; icon_color=&#8221;#67bad3&#8243; _builder_version=&#8221;3.21.1&#8243; title_level=&#8221;h3&#8243; title_font=&#8221;||||||||&#8221; custom_margin=&#8221;||10px|&#8221;]<\/p>\n<p><strong>Nein!<\/strong> Rauchen bewirkt eine Leistungsminderung und einen Konditionsabbau durch das aufgenommene Kohlenmonoxid. Nach dem Rauchen von nur einer Zigarette nimmt die Muskelkraft kurzfristig um rund 10 % ab. Rauchfrei hat der K\u00f6rper mehr Sauerstoff zur Verf\u00fcgung und bringt mehr sportliche Leistung!<\/p>\n<p>[\/et_pb_toggle][et_pb_toggle title=&#8221;Stresst ein Rauchstopp in der Schwangerschaft das Baby?&#8221; open_toggle_text_color=&#8221;#212121&#8243; closed_toggle_text_color=&#8221;#212121&#8243; closed_toggle_background_color=&#8221;#ffffff&#8221; icon_color=&#8221;#67bad3&#8243; _builder_version=&#8221;3.21.1&#8243; title_level=&#8221;h3&#8243; title_font=&#8221;||||||||&#8221; custom_margin=&#8221;||10px|&#8221;]<\/p>\n<p><strong>Nein!<\/strong> Rauchen in der Schwangerschaft stresst das Baby, der Rauchstopp hingegen ist das Beste f\u00fcr das Ungeborene. Es stimmt nicht, dass ein abrupter Stopp in der Schwangerschaft das Baby stresst. Im Gegenteil, desto eher und fr\u00fcher der Rauchstopp erfolgt, desto besser ist das Ungeborene mit Sauerstoff versorgt und keinen giftigen Stoffen mehr aus dem Blut der Mutter ausgesetzt. Au\u00dferdem hat das Baby, wenn die Mutter in der Schwangerschaft aufh\u00f6rt zu rauchen, keinen Entzug, wenn es auf die Welt kommt.<\/p>\n<p>[\/et_pb_toggle][et_pb_toggle title=&#8221;Sind zwei Zigaretten pro Tag auch schon sch\u00e4dlich?&#8221; open_toggle_text_color=&#8221;#212121&#8243; closed_toggle_text_color=&#8221;#212121&#8243; closed_toggle_background_color=&#8221;#ffffff&#8221; icon_color=&#8221;#67bad3&#8243; _builder_version=&#8221;3.21.1&#8243; title_level=&#8221;h3&#8243; custom_margin=&#8221;||10px|&#8221; z_index_tablet=&#8221;500&#8243;]<\/p>\n<p><strong>Ja!<\/strong> Bei Zigaretten gibt es keine unsch\u00e4dliche Menge, bei jeder Zigarette werden dem K\u00f6rper Giftstoffe aller Art zugef\u00fcgt. Auch bei regelm\u00e4\u00dfigem Rauchen von nur zwei Zigaretten pro Tag kommt es in Folge zu einer h\u00f6heren Wahrscheinlichkeit von Herz &#8211; Kreislauferkrankungen.<\/p>\n<p>[\/et_pb_toggle][et_pb_toggle title=&#8221;Ist rauchen eine freie Entscheidung?&#8221; open_toggle_text_color=&#8221;#212121&#8243; closed_toggle_text_color=&#8221;#212121&#8243; closed_toggle_background_color=&#8221;#ffffff&#8221; icon_color=&#8221;#67bad3&#8243; _builder_version=&#8221;3.15&#8243; title_level=&#8221;h3&#8243; title_font=&#8221;||||||||&#8221; custom_margin=&#8221;||10px|&#8221;]<\/p>\n<p><strong>Nein!<\/strong> Die erste Zigarette ist meist eine freie Entscheidung, bald nach dem Probieren entwickelt sich jedoch auch schon bei unregelm\u00e4\u00dfigem Konsum die Sucht. Rauchen ist in den meisten F\u00e4llen eine k\u00f6rperliche und\/oder psychische Abh\u00e4ngigkeit vom Nikotin. Abh\u00e4ngigkeit (Sucht) ist das Gegenteil von Freiheit. Nikotin ist ein stark abh\u00e4ngig machender Suchtstoff, von dem nur wenige, die ihn regelm\u00e4\u00dfig konsumieren, nicht abh\u00e4ngig sind.<\/p>\n<p>[\/et_pb_toggle][et_pb_toggle title=&#8221;Muss es einfach %22Klick%22 machen, damit man aufh\u00f6ren kann?&#8221; open_toggle_text_color=&#8221;#212121&#8243; closed_toggle_text_color=&#8221;#212121&#8243; closed_toggle_background_color=&#8221;#ffffff&#8221; icon_color=&#8221;#67bad3&#8243; _builder_version=&#8221;3.15&#8243; title_level=&#8221;h3&#8243; title_font=&#8221;||||||||&#8221; custom_margin=&#8221;||10px|&#8221;]<\/p>\n<p><strong>Nein!<\/strong> Manchmal passiert etwas, das bewirkt, das eine Person, von heute auf morgen die Zigaretten weglegt und rauchfrei wird. In den meisten F\u00e4llen ist es anders: mehrere Versuche, rauchfrei zu werden sind normal, bevor es gelingt langfristig rauchfrei zu werden. Nat\u00fcrlich muss man selber auch den Rauchstopp wollen, es bedarf aber auch der n\u00f6tigen Strategien, Unterst\u00fctzung und M\u00f6glichkeiten f\u00fcr die Ver\u00e4nderung. Es ist keine \u201eSchw\u00e4che\u201c den Rauchstopp nicht einfach so von heute auf morgen zu schaffen!<\/p>\n<p>[\/et_pb_toggle][et_pb_text admin_label=&#8221;Manipulation und die Tabakindustrie&#8221; _builder_version=&#8221;3.19.15&#8243;]<\/p>\n<h3><\/h3>\n<h3>Manipulation und die Tabakindustrie<\/h3>\n<p>Zigaretten sind das einzige legal verkaufte Produkt, das die H\u00e4lfte seiner Nutzer\/innen t\u00f6tet, wenn sie das Produkt so anwenden, wie es vom Hersteller vorgesehen ist.<\/p>\n<p>Die Tabakindustrie verkauft Zigaretten und Rauchen jedoch erfolgreich mit Freiheit, Selbst\u00e4ndigkeit, Rebellion und Lebenslust.<\/p>\n<p>Zigaretten sind so zusammengesetzt, dass sie schnellstm\u00f6glich abh\u00e4ngig machen. Menthol, Zucker, Ammoniak und \u00e4hnliche raffinierte Inhaltsstoffe sorgen daf\u00fcr, dass es einfacher ist, den Rauch zu inhalieren und das Nikotin in Sekundenschnelle ins Gehirn zu transportieren. In keiner anderen Form macht Nikotin so schnell abh\u00e4ngig, wie beim Inhalieren einer Zigarette. Schon nach einigen Zigaretten kann sich die Abh\u00e4ngigkeit entwickeln. Vor allem dann, wenn im Jugendalter damit begonnen wird. Die meisten Personen, die Rauchen, haben als Teenager angefangen und sind abh\u00e4ngig geworden. Die Industrie zielt darauf ab Jugendliche zum Rauchen zu animieren, um langj\u00e4hrige treue Kunden zu gewinnen.<\/p>\n<blockquote>\n<p>Tabak ist eine <strong>legale Droge<\/strong>, die <strong>leicht herzustellen<\/strong> ist und dadurch richtig <strong>viel Geld<\/strong> einbringt.<\/p>\n<\/blockquote>\n<p>Das einzige Problem: Rauchen kann zum Tod f\u00fchren! Die Tabakindustrie wei\u00df seit den 1950er Jahren von der T\u00f6dlichkeit ihres Produktes, r\u00fcckte jedoch erst 40 Jahre sp\u00e4ter mit der Wahrheit heraus \u2013 Leugnen war aufgrund der Beweise auch nicht mehr m\u00f6glich. Viele Konsumentinnen und Konsumenten werden durch das Rauchen sehr krank \u2013 viele sterben an den Folgen.<\/p>\n<p>Aufgrund der gesetzlichen Regelungen und Werbeverbote greifen die Verantwortlichen zu Tricks, um f\u00fcr ihre Produkte zu werben. So bekommt z.B. die Filmbranche immense Geldsummen, damit in den Filmen geraucht wird und Schauspieler\/innen m\u00f6glichst oft mit Zigarette zu sehen sind. Auch das dient dazu, Lust aufs Rauchen zu machen! Da Rauchen zunehmend auch f\u00fcr Jugendliche unattraktiv wird, ist die Industrie massiv damit besch\u00e4ftigt, andere nikotinhaltige Produkte zu entwickeln, die als Einstieg in die Abh\u00e4ngigkeit dienen. Es gibt keine treueren und unkritischeren Kundinnen und Kunden als abh\u00e4ngige Raucher\/innen.<\/p>\n<p>Die Industrie nutzt nicht nur die Kundinnen und Kunden ohne R\u00fccksicht auf gesundheitliche Verluste aus, die Produktionsbedingungen von Tabak beuten auch die Natur und die Arbeiter\/innen aus. Die Organisation <a href=\"https:\/\/www.unfairtobacco.org\/\">unfairtobacco.org<\/a> zeigt auf, wie sehr die Tabakindustrie zur Umweltverschmutzung und Verletzung von Menschenrechten, zum Beispiel durch Kinderarbeit beitr\u00e4gt.<\/p>\n<p>Der Gewinn der Industrie kommt den vielen Aktion\u00e4ren zugute. Informieren Sie sich bei Ihrer Bank, ob sie in Produkte der Tabakindustrie investiert.<\/p>\n<p>Vielleicht m\u00f6chten Sie durch Ihren Rauchstopp einen Beitrag leisten, diese Industrie nicht l\u00e4nger zu unterst\u00fctzten.<\/p>\n<p>[\/et_pb_text][\/et_pb_column][et_pb_column type=&#8221;1_3&#8243;][et_pb_dp_dmb_module_10093 admin_label=&#8221;Trauen Sie sich den Rauchstopp zu&#8221; farbe=&#8221;blitzgelb&#8221; headline=&#8221;Trauen Sie sich den Rauchstopp zu!&#8221; image=&#8221;https:\/\/rauchfrei.at\/wp-content\/uploads\/Quitting-Yellow.png&#8221; image_position=&#8221;center&#8221; link_text=&#8221;mehr&#8221; link_url=&#8221;https:\/\/rauchfrei.at\/aufhoeren\/schritte-zum-rauchstopp\/trauen-sie-sich-den-rauchstopp-zu\/&#8221; image_size=&#8221;90&#8243; _builder_version=&#8221;3.19.15&#8243; global_module=&#8221;13173&#8243; saved_tabs=&#8221;all&#8221;]<\/p>\n<p>Sie m\u00f6chten etwas \u00e4ndern? Worauf warten Sie noch?<\/p>\n<p>[\/et_pb_dp_dmb_module_10093][\/et_pb_column][\/et_pb_row][\/et_pb_section]<\/p>\n","protected":false},"excerpt":{"rendered":"<p>Wusstest du, dass Zigaretten so zusammengesetzt sind, dass du bereits nach einigen gerauchten \u201eTschicks\u201c abh\u00e4ngig werden kannst? Die Tabakindustrie m\u00f6chte dich so schnell wie m\u00f6glich in ihre F\u00e4nge bekommen \u2013 also aufgepasst: hier informieren wir dich \u00fcber die Hintergr\u00fcnde des Gesch\u00e4ftes mit dem Tabak!<\/p>\n","protected":false},"author":2,"featured_media":0,"parent":13,"menu_order":0,"comment_status":"closed","ping_status":"open","template":"","meta":{"_et_pb_use_builder":"on","_et_pb_old_content":"<p>Wusstest du, dass Zigaretten so zusammengesetzt sind, dass du bereits nach einigen gerauchten \u201eTschicks\u201c abh\u00e4ngig werden kannst? Die Tabakindustrie m\u00f6chte dich so schnell wie m\u00f6glich in ihre F\u00e4nge bekommen \u2013 also aufgepasst: hier informieren wir dich \u00fcber die Hintergr\u00fcnde des Gesch\u00e4ftes mit dem Tabak!<\/p><p>Tabak ist eine legale Droge, die leicht herzustellen ist und dadurch viel Geld einbringt. <strong>Das einzige Problem: Rauchen kann zum Tod f\u00fchren!<\/strong> Die Tabakindustrie wei\u00df seit den 50er Jahren von der T\u00f6dlichkeit ihres Produktes, r\u00fcckte jedoch erst 40 Jahre sp\u00e4ter mit der Wahrheit heraus \u2013 Leugnen war aufgrund der Beweise auch nicht mehr m\u00f6glich. Viele Konsumentinnen und Konsumenten werden durch das Rauchen sehr krank - viele sterben an den Folgen.<\/p><p>Durch gezielte Werbung sollen neue Kunden \u2013 <strong>vor allem gesunde, junge Leute wie DU<\/strong> - zum Rauchen verf\u00fchrt werden. Einmal im Netz der Abh\u00e4ngigkeit gefangen, ist es gar nicht mehr so leicht, auszusteigen. So profitiert die Tabakindustrie dein ganzes Leben lang von dir und lacht sich ins F\u00e4ustchen. Das Dumme an der Sache ist zus\u00e4tzlich, dass du deinen K\u00f6rper durch das Rauchen ruinierst.<br \/><strong>Kurz zusammengefasst:<\/strong> Zigaretten haben eine ganze Menge an riesigen, t\u00f6dlichen Nachteilen! \u00dcberleg dir deshalb genau, ob du dich auf dieses Spiel einlassen m\u00f6chtest!<\/p><p>Die Tabakindustrie wirbt mit Freiheit, Abenteuer und Idolen \u2013 so wird dem Rauchen ein cooles Image gegeben. <strong>In Wirklichkeit passiert das Gegenteil<\/strong>: du machst dich abh\u00e4ngig und verlierst deine Freiheit!<\/p><p>Aufgrund der gesetzlichen Werbeverbote greifen die Verantwortlichen zu Tricks, um f\u00fcr ihre Produkte zu werben. So bekommt die Filmbranche immense Geldsummen, damit deine Idole in den Filmen rauchen und m\u00f6glichst oft mit Zigarette zu sehen sind. Auch das dient dazu, dich einzufangen!<\/p><h2>Vorsicht Falle!<\/h2><p>Zuerst m\u00f6chtest du die Tschick \"nur\u201c probieren, doch schnell gew\u00f6hnst du dich daran und greifst immer regelm\u00e4\u00dfiger zur Zigarette. Der Suchtstoff <a title=\"Inhaltsstoffe\" href=\"\/fakten\/inhaltsstoffe\/\">Nikotin <\/a>macht schneller abh\u00e4ngig als Heroin und Kokain.<\/p><p>Der Gusto auf die Zigarette ist h\u00e4ufig die Folge des Entzugs \u2013 so erinnert dich dein K\u00f6rper daran, wieder zu rauchen!<\/p><p>Glaubst du, der Griff zur Zigarette war deine eigene Entscheidung?<strong><br \/>Bilde dir deine eigene Meinung!<\/strong><br \/>Zum Beispiel auf der Homepage von\u00a0 \"<a href=\"http:\/\/www.thetruth.com\/ \" target=\"_blank\" rel=\"noopener\">The Truth\"<\/a> (American Legacy Foundation), deren Credo lautet: \"We're not anti-smoker, or anti-smoking. We're just anti-manipulations. With that in mind, we try to \"out\" Big Tobacco's tactics so everyone knows what they're up to.\" - truth\u00ae<\/p>","_et_gb_content_width":"","footnotes":""},"class_list":["post-266","page","type-page","status-publish","hentry"],"yoast_head":"<!-- This site is optimized with the Yoast SEO plugin v26.2 - https:\/\/yoast.com\/wordpress\/plugins\/seo\/ -->\n<title>Ger\u00fcchte, Manipulation und die Tabakindustrie - Rauchfrei Telefon<\/title>\n<meta name=\"robots\" content=\"index, follow, max-snippet:-1, max-image-preview:large, max-video-preview:-1\" \/>\n<link rel=\"canonical\" href=\"https:\/\/rauchfrei.at\/jung-und-rauchfrei\/im-netz-der-tabakindustrie\/\" \/>\n<meta property=\"og:locale\" content=\"en_US\" \/>\n<meta property=\"og:type\" content=\"article\" \/>\n<meta property=\"og:title\" content=\"Ger\u00fcchte, Manipulation und die Tabakindustrie - Rauchfrei Telefon\" \/>\n<meta property=\"og:description\" content=\"Wusstest du, dass Zigaretten so zusammengesetzt sind, dass du bereits nach einigen gerauchten \u201eTschicks\u201c abh\u00e4ngig werden kannst? Die Tabakindustrie m\u00f6chte dich so schnell wie m\u00f6glich in ihre F\u00e4nge bekommen \u2013 also aufgepasst: hier informieren wir dich \u00fcber die Hintergr\u00fcnde des Gesch\u00e4ftes mit dem Tabak!\" \/>\n<meta property=\"og:url\" content=\"https:\/\/rauchfrei.at\/jung-und-rauchfrei\/im-netz-der-tabakindustrie\/\" \/>\n<meta property=\"og:site_name\" content=\"Rauchfrei Telefon\" \/>\n<meta property=\"article:modified_time\" content=\"2019-04-25T12:42:04+00:00\" \/>\n<meta name=\"twitter:card\" content=\"summary_large_image\" \/>\n<meta name=\"twitter:label1\" content=\"Est. reading time\" \/>\n\t<meta name=\"twitter:data1\" content=\"8 minutes\" \/>\n<script type=\"application\/ld+json\" class=\"yoast-schema-graph\">{\"@context\":\"https:\/\/schema.org\",\"@graph\":[{\"@type\":\"WebPage\",\"@id\":\"https:\/\/rauchfrei.at\/jung-und-rauchfrei\/im-netz-der-tabakindustrie\/\",\"url\":\"https:\/\/rauchfrei.at\/jung-und-rauchfrei\/im-netz-der-tabakindustrie\/\",\"name\":\"Ger\u00fcchte, Manipulation und die Tabakindustrie - Rauchfrei Telefon\",\"isPartOf\":{\"@id\":\"https:\/\/rauchfrei.at\/#website\"},\"datePublished\":\"2012-03-08T06:30:13+00:00\",\"dateModified\":\"2019-04-25T12:42:04+00:00\",\"breadcrumb\":{\"@id\":\"https:\/\/rauchfrei.at\/jung-und-rauchfrei\/im-netz-der-tabakindustrie\/#breadcrumb\"},\"inLanguage\":\"en-US\",\"potentialAction\":[{\"@type\":\"ReadAction\",\"target\":[\"https:\/\/rauchfrei.at\/jung-und-rauchfrei\/im-netz-der-tabakindustrie\/\"]}]},{\"@type\":\"BreadcrumbList\",\"@id\":\"https:\/\/rauchfrei.at\/jung-und-rauchfrei\/im-netz-der-tabakindustrie\/#breadcrumb\",\"itemListElement\":[{\"@type\":\"ListItem\",\"position\":1,\"name\":\"Jung &#038; rauchfrei\",\"item\":\"https:\/\/rauchfrei.at\/jung-und-rauchfrei\/\"},{\"@type\":\"ListItem\",\"position\":2,\"name\":\"Ger\u00fcchte, Manipulation und die Tabakindustrie\"}]},{\"@type\":\"WebSite\",\"@id\":\"https:\/\/rauchfrei.at\/#website\",\"url\":\"https:\/\/rauchfrei.at\/\",\"name\":\"Rauchfrei Telefon\",\"description\":\"Eine \u00f6sterreichweite Initiative der Sozialversicherungen.\",\"potentialAction\":[{\"@type\":\"SearchAction\",\"target\":{\"@type\":\"EntryPoint\",\"urlTemplate\":\"https:\/\/rauchfrei.at\/?s={search_term_string}\"},\"query-input\":{\"@type\":\"PropertyValueSpecification\",\"valueRequired\":true,\"valueName\":\"search_term_string\"}}],\"inLanguage\":\"en-US\"}]}<\/script>\n<!-- \/ Yoast SEO plugin. -->","yoast_head_json":{"title":"Ger\u00fcchte, Manipulation und die Tabakindustrie - Rauchfrei Telefon","robots":{"index":"index","follow":"follow","max-snippet":"max-snippet:-1","max-image-preview":"max-image-preview:large","max-video-preview":"max-video-preview:-1"},"canonical":"https:\/\/rauchfrei.at\/jung-und-rauchfrei\/im-netz-der-tabakindustrie\/","og_locale":"en_US","og_type":"article","og_title":"Ger\u00fcchte, Manipulation und die Tabakindustrie - Rauchfrei Telefon","og_description":"Wusstest du, dass Zigaretten so zusammengesetzt sind, dass du bereits nach einigen gerauchten \u201eTschicks\u201c abh\u00e4ngig werden kannst? Die Tabakindustrie m\u00f6chte dich so schnell wie m\u00f6glich in ihre F\u00e4nge bekommen \u2013 also aufgepasst: hier informieren wir dich \u00fcber die Hintergr\u00fcnde des Gesch\u00e4ftes mit dem Tabak!","og_url":"https:\/\/rauchfrei.at\/jung-und-rauchfrei\/im-netz-der-tabakindustrie\/","og_site_name":"Rauchfrei Telefon","article_modified_time":"2019-04-25T12:42:04+00:00","twitter_card":"summary_large_image","twitter_misc":{"Est. reading time":"8 minutes"},"schema":{"@context":"https:\/\/schema.org","@graph":[{"@type":"WebPage","@id":"https:\/\/rauchfrei.at\/jung-und-rauchfrei\/im-netz-der-tabakindustrie\/","url":"https:\/\/rauchfrei.at\/jung-und-rauchfrei\/im-netz-der-tabakindustrie\/","name":"Ger\u00fcchte, Manipulation und die Tabakindustrie - Rauchfrei Telefon","isPartOf":{"@id":"https:\/\/rauchfrei.at\/#website"},"datePublished":"2012-03-08T06:30:13+00:00","dateModified":"2019-04-25T12:42:04+00:00","breadcrumb":{"@id":"https:\/\/rauchfrei.at\/jung-und-rauchfrei\/im-netz-der-tabakindustrie\/#breadcrumb"},"inLanguage":"en-US","potentialAction":[{"@type":"ReadAction","target":["https:\/\/rauchfrei.at\/jung-und-rauchfrei\/im-netz-der-tabakindustrie\/"]}]},{"@type":"BreadcrumbList","@id":"https:\/\/rauchfrei.at\/jung-und-rauchfrei\/im-netz-der-tabakindustrie\/#breadcrumb","itemListElement":[{"@type":"ListItem","position":1,"name":"Jung &#038; rauchfrei","item":"https:\/\/rauchfrei.at\/jung-und-rauchfrei\/"},{"@type":"ListItem","position":2,"name":"Ger\u00fcchte, Manipulation und die Tabakindustrie"}]},{"@type":"WebSite","@id":"https:\/\/rauchfrei.at\/#website","url":"https:\/\/rauchfrei.at\/","name":"Rauchfrei Telefon","description":"Eine \u00f6sterreichweite Initiative der Sozialversicherungen.","potentialAction":[{"@type":"SearchAction","target":{"@type":"EntryPoint","urlTemplate":"https:\/\/rauchfrei.at\/?s={search_term_string}"},"query-input":{"@type":"PropertyValueSpecification","valueRequired":true,"valueName":"search_term_string"}}],"inLanguage":"en-US"}]}},"_links":{"self":[{"href":"https:\/\/rauchfrei.at\/en\/wp-json\/wp\/v2\/pages\/266","targetHints":{"allow":["GET"]}}],"collection":[{"href":"https:\/\/rauchfrei.at\/en\/wp-json\/wp\/v2\/pages"}],"about":[{"href":"https:\/\/rauchfrei.at\/en\/wp-json\/wp\/v2\/types\/page"}],"author":[{"embeddable":true,"href":"https:\/\/rauchfrei.at\/en\/wp-json\/wp\/v2\/users\/2"}],"replies":[{"embeddable":true,"href":"https:\/\/rauchfrei.at\/en\/wp-json\/wp\/v2\/comments?post=266"}],"version-history":[{"count":5,"href":"https:\/\/rauchfrei.at\/en\/wp-json\/wp\/v2\/pages\/266\/revisions"}],"predecessor-version":[{"id":16040,"href":"https:\/\/rauchfrei.at\/en\/wp-json\/wp\/v2\/pages\/266\/revisions\/16040"}],"up":[{"embeddable":true,"href":"https:\/\/rauchfrei.at\/en\/wp-json\/wp\/v2\/pages\/13"}],"wp:attachment":[{"href":"https:\/\/rauchfrei.at\/en\/wp-json\/wp\/v2\/media?parent=266"}],"curies":[{"name":"wp","href":"https:\/\/api.w.org\/{rel}","templated":true}]}}