
{"id":270,"date":"2012-03-08T06:31:10","date_gmt":"2012-03-08T06:31:10","guid":{"rendered":"http:\/\/web362.itscserver.org\/wordpress\/?page_id=270"},"modified":"2015-10-16T13:49:29","modified_gmt":"2015-10-16T11:49:29","slug":"gift-cocktail-zigarette","status":"publish","type":"page","link":"https:\/\/rauchfrei.at\/en\/jung-und-rauchfrei\/gift-cocktail-zigarette\/","title":{"rendered":"Gift-Cocktail Zigarette"},"content":{"rendered":"<p>Was ist drin in der Zigarette? Du wirst es nicht glauben, aber neben dem Suchtstoff Nikotin enth\u00e4lt der Tabakrauch mehr als 4000 verschiedene chemische Substanzen! Der Gro\u00dfteil davon ist giftig und krebserregend. Wenn Du wissen magst, was du da so inhalierst, wirf einen Blick auf die Tabelle. Lass dich \u00fcberraschen!<\/p>\n<table style=\"width: 470px;\">\n<tbody>\n<tr>\n<td>\n<h3 style=\"text-align: center;\">\u00a0Giftstoff<\/h3>\n<\/td>\n<td>\n<h3 style=\"text-align: center;\">\u00a0Auch enthalten in&#8230;<\/h3>\n<\/td>\n<\/tr>\n<tr>\n<td style=\"text-align: center;\">Aceton<\/td>\n<td style=\"text-align: center;\">L\u00f6sungsmittel<\/td>\n<\/tr>\n<tr>\n<td style=\"text-align: center;\">Ammoniak<\/td>\n<td style=\"text-align: center;\">Reinigungsmittel<\/td>\n<\/tr>\n<tr>\n<td style=\"text-align: center;\">Arsen, Blaus\u00e4ure<\/td>\n<td style=\"text-align: center;\">Rattengift<\/td>\n<\/tr>\n<tr>\n<td style=\"text-align: center;\">Venylchlorid<\/td>\n<td style=\"text-align: center;\">PVC<\/td>\n<\/tr>\n<tr>\n<td style=\"text-align: center;\">Blei, Cadmium<\/td>\n<td style=\"text-align: center;\">Batterien<\/td>\n<\/tr>\n<tr>\n<td style=\"text-align: center;\">Hydrazin<\/td>\n<td style=\"text-align: center;\">Raketentreibstoff<\/td>\n<\/tr>\n<\/tbody>\n<\/table>\n<p>Einige Stoffe entstehen bei der Verbrennung der Zigarette, andere werden zus\u00e4tzlich beigemischt, damit du m\u00f6glichst schnell abh\u00e4ngig wirst:<\/p>\n<ul>\n<li>Menthol erleichtert dir das Rauchen<\/li>\n<li>Vanille, Lakritz und Honig \u00fcberdecken den schlechten Tabakgeschmack<\/li>\n<li>Zucker im Tabak verdoppelt das Suchtpotential<\/li>\n<li>Ammoniak beschleunigt die Nikotin-Aufnahme<\/li>\n<\/ul>\n<p>So sollst du schnell in die Falle der Abh\u00e4ngigkeit tappen. Lass dir das nicht gefallen!<\/p>\n<div id=\"attachment_7602\" style=\"width: 235px\" class=\"wp-caption aligncenter\"><a href=\"https:\/\/rauchfrei.at\/wp-content\/uploads\/Zeichenpostits_800_px_Frage_krebserregend.jpg\"><img loading=\"lazy\" decoding=\"async\" aria-describedby=\"caption-attachment-7602\" class=\"size-medium wp-image-7602\" src=\"https:\/\/rauchfrei.at\/wp-content\/uploads\/Zeichenpostits_800_px_Frage_krebserregend-225x225.jpg\" alt=\"\u00a9 www.yolo.at\" width=\"225\" height=\"225\" srcset=\"https:\/\/rauchfrei.at\/wp-content\/uploads\/Zeichenpostits_800_px_Frage_krebserregend-225x225.jpg 225w, https:\/\/rauchfrei.at\/wp-content\/uploads\/Zeichenpostits_800_px_Frage_krebserregend-150x150.jpg 150w, https:\/\/rauchfrei.at\/wp-content\/uploads\/Zeichenpostits_800_px_Frage_krebserregend-480x480.jpg 480w, https:\/\/rauchfrei.at\/wp-content\/uploads\/Zeichenpostits_800_px_Frage_krebserregend-50x50.jpg 50w, https:\/\/rauchfrei.at\/wp-content\/uploads\/Zeichenpostits_800_px_Frage_krebserregend.jpg 1667w\" sizes=\"(max-width: 225px) 100vw, 225px\" \/><\/a><p id=\"caption-attachment-7602\" class=\"wp-caption-text\">\u00a9 www.yolo.at<\/p><\/div>\n<h3>Rauch stinkt nicht nur!<\/h3>\n<p>Die gef\u00e4hrlichen Schadstoffe werden nicht nur von den Rauchern und Raucherinnen selbst inhaliert, sondern sind auch eine enorme Belastung f\u00fcr die Umgebung. Passivrauch z\u00e4hlt zu den gef\u00e4hrlichsten Luftverschmutzern \u00fcberhaupt, denn er enth\u00e4lt die Schadstoffe in hundertfacher Konzentration. Die Feinstaubpartikel lagern sich \u00fcberall ab und gelangen auch tief in die Lunge. R\u00e4ume, in denen geraucht wird, sind ein wahres Gesundheitsrisiko \u2013 einige Folgen wie Augenreizung, Kopfschmerzen und Schwindel bemerkst du sofort.<\/p>\n<p>Wusstest du, dass die Tabakindustrie au\u00dferdem Ausbeutung und Umweltzerst\u00f6rung f\u00f6rdert? F\u00fcr den Anbau von Tabak werden gro\u00dfe Fl\u00e4chen an Tropenwald zerst\u00f6rt und f\u00fcnf Mal so viel D\u00fcnger und Pestizide eingesetzt wie f\u00fcr andere Nahrungspflanzen! Au\u00dferdem arbeiten trotz des Verbotes von Kinderarbeit auf vielen Tabakplantagen Kinder. Wenn du mehr dar\u00fcber wissen willst, check den folgenden Link: <a href=\"http:\/\/www.unfairtobacco.org\" target=\"_blank\">www.unfairtobacco.org<\/a><\/p>\n<p>Mehr dazu:<br \/>\n<a title=\"Inhaltsstoffe\" href=\"https:\/\/rauchfrei.at\/fakten\/inhaltsstoffe\/\">Tabakinhaltsstoffe<\/a><br \/>\n<a title=\"Wasserpfeife\" href=\"\/fakten\/andere-tabakprodukte\/wasserpfeife\/\">Die Wasserpfeife<\/a><\/p>\n","protected":false},"excerpt":{"rendered":"<p>Was ist drin in der Zigarette? Du wirst es nicht glauben, aber neben dem Suchtstoff Nikotin enth\u00e4lt der Tabakrauch mehr als 4000 verschiedene chemische Substanzen! Der Gro\u00dfteil davon ist giftig und krebserregend. Wenn Du wissen magst, was du da so inhalierst, wirf einen Blick auf die Tabelle. Lass dich \u00fcberraschen!<\/p>\n","protected":false},"author":2,"featured_media":0,"parent":13,"menu_order":0,"comment_status":"closed","ping_status":"open","template":"","meta":{"_et_pb_use_builder":"","_et_pb_old_content":"","_et_gb_content_width":"","footnotes":""},"class_list":["post-270","page","type-page","status-publish","hentry"],"yoast_head":"<!-- This site is optimized with the Yoast SEO plugin v26.2 - https:\/\/yoast.com\/wordpress\/plugins\/seo\/ -->\n<title>Gift-Cocktail Zigarette - Rauchfrei Telefon<\/title>\n<meta name=\"robots\" content=\"index, follow, max-snippet:-1, max-image-preview:large, max-video-preview:-1\" \/>\n<link rel=\"canonical\" href=\"https:\/\/rauchfrei.at\/jung-und-rauchfrei\/gift-cocktail-zigarette\/\" \/>\n<meta property=\"og:locale\" content=\"en_US\" \/>\n<meta property=\"og:type\" content=\"article\" \/>\n<meta property=\"og:title\" content=\"Gift-Cocktail Zigarette - Rauchfrei Telefon\" \/>\n<meta property=\"og:description\" content=\"Was ist drin in der Zigarette? Du wirst es nicht glauben, aber neben dem Suchtstoff Nikotin enth\u00e4lt der Tabakrauch mehr als 4000 verschiedene chemische Substanzen! Der Gro\u00dfteil davon ist giftig und krebserregend. Wenn Du wissen magst, was du da so inhalierst, wirf einen Blick auf die Tabelle. Lass dich \u00fcberraschen!\" \/>\n<meta property=\"og:url\" content=\"https:\/\/rauchfrei.at\/jung-und-rauchfrei\/gift-cocktail-zigarette\/\" \/>\n<meta property=\"og:site_name\" content=\"Rauchfrei Telefon\" \/>\n<meta property=\"article:modified_time\" content=\"2015-10-16T11:49:29+00:00\" \/>\n<meta property=\"og:image\" content=\"https:\/\/rauchfrei.at\/wp-content\/uploads\/Zeichenpostits_800_px_Frage_krebserregend-225x225.jpg\" \/>\n<meta name=\"twitter:card\" content=\"summary_large_image\" \/>\n<meta name=\"twitter:label1\" content=\"Est. reading time\" \/>\n\t<meta name=\"twitter:data1\" content=\"1 minute\" \/>\n<script type=\"application\/ld+json\" class=\"yoast-schema-graph\">{\"@context\":\"https:\/\/schema.org\",\"@graph\":[{\"@type\":\"WebPage\",\"@id\":\"https:\/\/rauchfrei.at\/jung-und-rauchfrei\/gift-cocktail-zigarette\/\",\"url\":\"https:\/\/rauchfrei.at\/jung-und-rauchfrei\/gift-cocktail-zigarette\/\",\"name\":\"Gift-Cocktail Zigarette - Rauchfrei Telefon\",\"isPartOf\":{\"@id\":\"https:\/\/rauchfrei.at\/#website\"},\"primaryImageOfPage\":{\"@id\":\"https:\/\/rauchfrei.at\/jung-und-rauchfrei\/gift-cocktail-zigarette\/#primaryimage\"},\"image\":{\"@id\":\"https:\/\/rauchfrei.at\/jung-und-rauchfrei\/gift-cocktail-zigarette\/#primaryimage\"},\"thumbnailUrl\":\"https:\/\/rauchfrei.at\/wp-content\/uploads\/Zeichenpostits_800_px_Frage_krebserregend-225x225.jpg\",\"datePublished\":\"2012-03-08T06:31:10+00:00\",\"dateModified\":\"2015-10-16T11:49:29+00:00\",\"breadcrumb\":{\"@id\":\"https:\/\/rauchfrei.at\/jung-und-rauchfrei\/gift-cocktail-zigarette\/#breadcrumb\"},\"inLanguage\":\"en-US\",\"potentialAction\":[{\"@type\":\"ReadAction\",\"target\":[\"https:\/\/rauchfrei.at\/jung-und-rauchfrei\/gift-cocktail-zigarette\/\"]}]},{\"@type\":\"ImageObject\",\"inLanguage\":\"en-US\",\"@id\":\"https:\/\/rauchfrei.at\/jung-und-rauchfrei\/gift-cocktail-zigarette\/#primaryimage\",\"url\":\"https:\/\/rauchfrei.at\/wp-content\/uploads\/Zeichenpostits_800_px_Frage_krebserregend-225x225.jpg\",\"contentUrl\":\"https:\/\/rauchfrei.at\/wp-content\/uploads\/Zeichenpostits_800_px_Frage_krebserregend-225x225.jpg\"},{\"@type\":\"BreadcrumbList\",\"@id\":\"https:\/\/rauchfrei.at\/jung-und-rauchfrei\/gift-cocktail-zigarette\/#breadcrumb\",\"itemListElement\":[{\"@type\":\"ListItem\",\"position\":1,\"name\":\"Jung &#038; rauchfrei\",\"item\":\"https:\/\/rauchfrei.at\/jung-und-rauchfrei\/\"},{\"@type\":\"ListItem\",\"position\":2,\"name\":\"Gift-Cocktail Zigarette\"}]},{\"@type\":\"WebSite\",\"@id\":\"https:\/\/rauchfrei.at\/#website\",\"url\":\"https:\/\/rauchfrei.at\/\",\"name\":\"Rauchfrei Telefon\",\"description\":\"Eine \u00f6sterreichweite Initiative der Sozialversicherungen.\",\"potentialAction\":[{\"@type\":\"SearchAction\",\"target\":{\"@type\":\"EntryPoint\",\"urlTemplate\":\"https:\/\/rauchfrei.at\/?s={search_term_string}\"},\"query-input\":{\"@type\":\"PropertyValueSpecification\",\"valueRequired\":true,\"valueName\":\"search_term_string\"}}],\"inLanguage\":\"en-US\"}]}<\/script>\n<!-- \/ Yoast SEO plugin. -->","yoast_head_json":{"title":"Gift-Cocktail Zigarette - Rauchfrei Telefon","robots":{"index":"index","follow":"follow","max-snippet":"max-snippet:-1","max-image-preview":"max-image-preview:large","max-video-preview":"max-video-preview:-1"},"canonical":"https:\/\/rauchfrei.at\/jung-und-rauchfrei\/gift-cocktail-zigarette\/","og_locale":"en_US","og_type":"article","og_title":"Gift-Cocktail Zigarette - Rauchfrei Telefon","og_description":"Was ist drin in der Zigarette? Du wirst es nicht glauben, aber neben dem Suchtstoff Nikotin enth\u00e4lt der Tabakrauch mehr als 4000 verschiedene chemische Substanzen! Der Gro\u00dfteil davon ist giftig und krebserregend. Wenn Du wissen magst, was du da so inhalierst, wirf einen Blick auf die Tabelle. Lass dich \u00fcberraschen!","og_url":"https:\/\/rauchfrei.at\/jung-und-rauchfrei\/gift-cocktail-zigarette\/","og_site_name":"Rauchfrei Telefon","article_modified_time":"2015-10-16T11:49:29+00:00","og_image":[{"url":"https:\/\/rauchfrei.at\/wp-content\/uploads\/Zeichenpostits_800_px_Frage_krebserregend-225x225.jpg","type":"","width":"","height":""}],"twitter_card":"summary_large_image","twitter_misc":{"Est. reading time":"1 minute"},"schema":{"@context":"https:\/\/schema.org","@graph":[{"@type":"WebPage","@id":"https:\/\/rauchfrei.at\/jung-und-rauchfrei\/gift-cocktail-zigarette\/","url":"https:\/\/rauchfrei.at\/jung-und-rauchfrei\/gift-cocktail-zigarette\/","name":"Gift-Cocktail Zigarette - Rauchfrei Telefon","isPartOf":{"@id":"https:\/\/rauchfrei.at\/#website"},"primaryImageOfPage":{"@id":"https:\/\/rauchfrei.at\/jung-und-rauchfrei\/gift-cocktail-zigarette\/#primaryimage"},"image":{"@id":"https:\/\/rauchfrei.at\/jung-und-rauchfrei\/gift-cocktail-zigarette\/#primaryimage"},"thumbnailUrl":"https:\/\/rauchfrei.at\/wp-content\/uploads\/Zeichenpostits_800_px_Frage_krebserregend-225x225.jpg","datePublished":"2012-03-08T06:31:10+00:00","dateModified":"2015-10-16T11:49:29+00:00","breadcrumb":{"@id":"https:\/\/rauchfrei.at\/jung-und-rauchfrei\/gift-cocktail-zigarette\/#breadcrumb"},"inLanguage":"en-US","potentialAction":[{"@type":"ReadAction","target":["https:\/\/rauchfrei.at\/jung-und-rauchfrei\/gift-cocktail-zigarette\/"]}]},{"@type":"ImageObject","inLanguage":"en-US","@id":"https:\/\/rauchfrei.at\/jung-und-rauchfrei\/gift-cocktail-zigarette\/#primaryimage","url":"https:\/\/rauchfrei.at\/wp-content\/uploads\/Zeichenpostits_800_px_Frage_krebserregend-225x225.jpg","contentUrl":"https:\/\/rauchfrei.at\/wp-content\/uploads\/Zeichenpostits_800_px_Frage_krebserregend-225x225.jpg"},{"@type":"BreadcrumbList","@id":"https:\/\/rauchfrei.at\/jung-und-rauchfrei\/gift-cocktail-zigarette\/#breadcrumb","itemListElement":[{"@type":"ListItem","position":1,"name":"Jung &#038; rauchfrei","item":"https:\/\/rauchfrei.at\/jung-und-rauchfrei\/"},{"@type":"ListItem","position":2,"name":"Gift-Cocktail Zigarette"}]},{"@type":"WebSite","@id":"https:\/\/rauchfrei.at\/#website","url":"https:\/\/rauchfrei.at\/","name":"Rauchfrei Telefon","description":"Eine \u00f6sterreichweite Initiative der Sozialversicherungen.","potentialAction":[{"@type":"SearchAction","target":{"@type":"EntryPoint","urlTemplate":"https:\/\/rauchfrei.at\/?s={search_term_string}"},"query-input":{"@type":"PropertyValueSpecification","valueRequired":true,"valueName":"search_term_string"}}],"inLanguage":"en-US"}]}},"_links":{"self":[{"href":"https:\/\/rauchfrei.at\/en\/wp-json\/wp\/v2\/pages\/270","targetHints":{"allow":["GET"]}}],"collection":[{"href":"https:\/\/rauchfrei.at\/en\/wp-json\/wp\/v2\/pages"}],"about":[{"href":"https:\/\/rauchfrei.at\/en\/wp-json\/wp\/v2\/types\/page"}],"author":[{"embeddable":true,"href":"https:\/\/rauchfrei.at\/en\/wp-json\/wp\/v2\/users\/2"}],"replies":[{"embeddable":true,"href":"https:\/\/rauchfrei.at\/en\/wp-json\/wp\/v2\/comments?post=270"}],"version-history":[{"count":5,"href":"https:\/\/rauchfrei.at\/en\/wp-json\/wp\/v2\/pages\/270\/revisions"}],"predecessor-version":[{"id":7604,"href":"https:\/\/rauchfrei.at\/en\/wp-json\/wp\/v2\/pages\/270\/revisions\/7604"}],"up":[{"embeddable":true,"href":"https:\/\/rauchfrei.at\/en\/wp-json\/wp\/v2\/pages\/13"}],"wp:attachment":[{"href":"https:\/\/rauchfrei.at\/en\/wp-json\/wp\/v2\/media?parent=270"}],"curies":[{"name":"wp","href":"https:\/\/api.w.org\/{rel}","templated":true}]}}