
{"id":276,"date":"2012-03-08T06:32:39","date_gmt":"2012-03-08T06:32:39","guid":{"rendered":"http:\/\/web362.itscserver.org\/wordpress\/?page_id=276"},"modified":"2012-07-09T21:37:38","modified_gmt":"2012-07-09T21:37:38","slug":"was-sage-ich-meinen-eltern","status":"publish","type":"page","link":"https:\/\/rauchfrei.at\/en\/jung-und-rauchfrei\/was-sage-ich-meinen-eltern\/","title":{"rendered":"Was sage ich meinen Eltern?"},"content":{"rendered":"<p>Wenn du mit dem Rauchen begonnen hast, stellt sich meist schnell die Frage: was bzw. wie sage ich es meinen Eltern?<strong> Das ist keine einfache Entscheidung<\/strong>, denn Eltern machen sich verst\u00e4ndlicherweise Sorgen und reagieren manchmal ver\u00e4rgert. Das macht Angst.<\/p>\n<p>Die Erfahrungen zeigen, dass es Eltern fr\u00fcher oder sp\u00e4ter ohnehin auff\u00e4llt, wenn ihr Kind raucht und es daher sinnvoller ist, ihnen so bald als m\u00f6glich die Wahrheit zu sagen. So kannst du unn\u00f6tigen Stress vermeiden.<strong> Sprich mit ihnen dar\u00fcber, warum du zu rauchen begonnen hast.<\/strong> Vielleicht k\u00f6nnen sie dir von ihren eigenen Erfahrungen berichten, als sie in deinem Alter waren. Schlie\u00dflich waren deine Eltern auch einmal jung und k\u00f6nnen sich m\u00f6glicherweise sogar besser als du denkst, in deine Situation hineinversetzen.<\/p>\n<p><strong>Wenn deine Eltern selbst rauchen<\/strong>, k\u00f6nnen sie dir von ihren eigenen Erlebnissen mit den Zigaretten erz\u00e4hlen und dir davon berichten, wie schwierig es ist, aufzuh\u00f6ren, wenn man einmal in die Abh\u00e4ngigkeitsfalle getappt ist.<\/p>\n<p><strong>Wenn deine Eltern fr\u00fcher geraucht haben<\/strong> und dann rauchfrei geworden sind, k\u00f6nnen sie dir vielleicht mit guten Tipps zur Seite stehen und dich dabei unterst\u00fctzen, von der Zigarette loszukommen.<\/p>\n<p><strong>Wenn deine Eltern selbst nie geraucht haben<\/strong> k\u00f6nnen sie dir von den Vorteilen eines Lebens ohne Rauch berichten und dir erz\u00e4hlen, wie sie es geschafft haben, nicht zur Zigarette zu greifen.<\/p>\n<p>Du siehst also,<strong> es zahlt sich<\/strong> in jedem Fall<strong> aus<\/strong>,<strong> mit deinen Eltern zu sprechen<\/strong>. Sie k\u00f6nnen dir eine wertvolle Unterst\u00fctzung sein.<\/p>\n<p>Auch, wenn es schwer ist: Versuche, den Standpunkt deiner Eltern zu verstehen. Sie machen sich Sorgen um dich.<\/p>\n<address>P.S.: An alle Eltern &#8211;<a title=\"Eltern &amp; Kinder\" href=\"\/fakten\/eltern-kinder\/\"> hier gibt\u00b4s Infos f\u00fcr Sie!<\/a><\/address>\n<p>&nbsp;<\/p>\n<p>&nbsp;<\/p>\n<p>&nbsp;<\/p>\n","protected":false},"excerpt":{"rendered":"<p>Wenn du mit dem Rauchen begonnen hast, stellt sich meist schnell die Frage: was bzw. wie sage ich es meinen Eltern? Das ist keine einfache Entscheidung, denn Eltern machen sich verst\u00e4ndlicherweise Sorgen und reagieren manchmal ver\u00e4rgert. Das macht Angst. Die Erfahrungen zeigen, dass es Eltern fr\u00fcher oder sp\u00e4ter ohnehin auff\u00e4llt, wenn ihr Kind raucht und [&hellip;]<\/p>\n","protected":false},"author":2,"featured_media":0,"parent":13,"menu_order":0,"comment_status":"closed","ping_status":"open","template":"","meta":{"_et_pb_use_builder":"","_et_pb_old_content":"","_et_gb_content_width":"","footnotes":""},"class_list":["post-276","page","type-page","status-publish","hentry"],"yoast_head":"<!-- This site is optimized with the Yoast SEO plugin v26.2 - https:\/\/yoast.com\/wordpress\/plugins\/seo\/ -->\n<title>Was sage ich meinen Eltern? - Rauchfrei Telefon<\/title>\n<meta name=\"robots\" content=\"index, follow, max-snippet:-1, max-image-preview:large, max-video-preview:-1\" \/>\n<link rel=\"canonical\" href=\"https:\/\/rauchfrei.at\/jung-und-rauchfrei\/was-sage-ich-meinen-eltern\/\" \/>\n<meta property=\"og:locale\" content=\"en_US\" \/>\n<meta property=\"og:type\" content=\"article\" \/>\n<meta property=\"og:title\" content=\"Was sage ich meinen Eltern? - Rauchfrei Telefon\" \/>\n<meta property=\"og:description\" content=\"Wenn du mit dem Rauchen begonnen hast, stellt sich meist schnell die Frage: was bzw. wie sage ich es meinen Eltern? Das ist keine einfache Entscheidung, denn Eltern machen sich verst\u00e4ndlicherweise Sorgen und reagieren manchmal ver\u00e4rgert. Das macht Angst. Die Erfahrungen zeigen, dass es Eltern fr\u00fcher oder sp\u00e4ter ohnehin auff\u00e4llt, wenn ihr Kind raucht und [&hellip;]\" \/>\n<meta property=\"og:url\" content=\"https:\/\/rauchfrei.at\/jung-und-rauchfrei\/was-sage-ich-meinen-eltern\/\" \/>\n<meta property=\"og:site_name\" content=\"Rauchfrei Telefon\" \/>\n<meta property=\"article:modified_time\" content=\"2012-07-09T21:37:38+00:00\" \/>\n<meta name=\"twitter:card\" content=\"summary_large_image\" \/>\n<meta name=\"twitter:label1\" content=\"Est. reading time\" \/>\n\t<meta name=\"twitter:data1\" content=\"1 minute\" \/>\n<script type=\"application\/ld+json\" class=\"yoast-schema-graph\">{\"@context\":\"https:\/\/schema.org\",\"@graph\":[{\"@type\":\"WebPage\",\"@id\":\"https:\/\/rauchfrei.at\/jung-und-rauchfrei\/was-sage-ich-meinen-eltern\/\",\"url\":\"https:\/\/rauchfrei.at\/jung-und-rauchfrei\/was-sage-ich-meinen-eltern\/\",\"name\":\"Was sage ich meinen Eltern? - Rauchfrei Telefon\",\"isPartOf\":{\"@id\":\"https:\/\/rauchfrei.at\/#website\"},\"datePublished\":\"2012-03-08T06:32:39+00:00\",\"dateModified\":\"2012-07-09T21:37:38+00:00\",\"breadcrumb\":{\"@id\":\"https:\/\/rauchfrei.at\/jung-und-rauchfrei\/was-sage-ich-meinen-eltern\/#breadcrumb\"},\"inLanguage\":\"en-US\",\"potentialAction\":[{\"@type\":\"ReadAction\",\"target\":[\"https:\/\/rauchfrei.at\/jung-und-rauchfrei\/was-sage-ich-meinen-eltern\/\"]}]},{\"@type\":\"BreadcrumbList\",\"@id\":\"https:\/\/rauchfrei.at\/jung-und-rauchfrei\/was-sage-ich-meinen-eltern\/#breadcrumb\",\"itemListElement\":[{\"@type\":\"ListItem\",\"position\":1,\"name\":\"Jung &#038; rauchfrei\",\"item\":\"https:\/\/rauchfrei.at\/jung-und-rauchfrei\/\"},{\"@type\":\"ListItem\",\"position\":2,\"name\":\"Was sage ich meinen Eltern?\"}]},{\"@type\":\"WebSite\",\"@id\":\"https:\/\/rauchfrei.at\/#website\",\"url\":\"https:\/\/rauchfrei.at\/\",\"name\":\"Rauchfrei Telefon\",\"description\":\"Eine \u00f6sterreichweite Initiative der Sozialversicherungen.\",\"potentialAction\":[{\"@type\":\"SearchAction\",\"target\":{\"@type\":\"EntryPoint\",\"urlTemplate\":\"https:\/\/rauchfrei.at\/?s={search_term_string}\"},\"query-input\":{\"@type\":\"PropertyValueSpecification\",\"valueRequired\":true,\"valueName\":\"search_term_string\"}}],\"inLanguage\":\"en-US\"}]}<\/script>\n<!-- \/ Yoast SEO plugin. -->","yoast_head_json":{"title":"Was sage ich meinen Eltern? - Rauchfrei Telefon","robots":{"index":"index","follow":"follow","max-snippet":"max-snippet:-1","max-image-preview":"max-image-preview:large","max-video-preview":"max-video-preview:-1"},"canonical":"https:\/\/rauchfrei.at\/jung-und-rauchfrei\/was-sage-ich-meinen-eltern\/","og_locale":"en_US","og_type":"article","og_title":"Was sage ich meinen Eltern? - Rauchfrei Telefon","og_description":"Wenn du mit dem Rauchen begonnen hast, stellt sich meist schnell die Frage: was bzw. wie sage ich es meinen Eltern? Das ist keine einfache Entscheidung, denn Eltern machen sich verst\u00e4ndlicherweise Sorgen und reagieren manchmal ver\u00e4rgert. Das macht Angst. Die Erfahrungen zeigen, dass es Eltern fr\u00fcher oder sp\u00e4ter ohnehin auff\u00e4llt, wenn ihr Kind raucht und [&hellip;]","og_url":"https:\/\/rauchfrei.at\/jung-und-rauchfrei\/was-sage-ich-meinen-eltern\/","og_site_name":"Rauchfrei Telefon","article_modified_time":"2012-07-09T21:37:38+00:00","twitter_card":"summary_large_image","twitter_misc":{"Est. reading time":"1 minute"},"schema":{"@context":"https:\/\/schema.org","@graph":[{"@type":"WebPage","@id":"https:\/\/rauchfrei.at\/jung-und-rauchfrei\/was-sage-ich-meinen-eltern\/","url":"https:\/\/rauchfrei.at\/jung-und-rauchfrei\/was-sage-ich-meinen-eltern\/","name":"Was sage ich meinen Eltern? - Rauchfrei Telefon","isPartOf":{"@id":"https:\/\/rauchfrei.at\/#website"},"datePublished":"2012-03-08T06:32:39+00:00","dateModified":"2012-07-09T21:37:38+00:00","breadcrumb":{"@id":"https:\/\/rauchfrei.at\/jung-und-rauchfrei\/was-sage-ich-meinen-eltern\/#breadcrumb"},"inLanguage":"en-US","potentialAction":[{"@type":"ReadAction","target":["https:\/\/rauchfrei.at\/jung-und-rauchfrei\/was-sage-ich-meinen-eltern\/"]}]},{"@type":"BreadcrumbList","@id":"https:\/\/rauchfrei.at\/jung-und-rauchfrei\/was-sage-ich-meinen-eltern\/#breadcrumb","itemListElement":[{"@type":"ListItem","position":1,"name":"Jung &#038; rauchfrei","item":"https:\/\/rauchfrei.at\/jung-und-rauchfrei\/"},{"@type":"ListItem","position":2,"name":"Was sage ich meinen Eltern?"}]},{"@type":"WebSite","@id":"https:\/\/rauchfrei.at\/#website","url":"https:\/\/rauchfrei.at\/","name":"Rauchfrei Telefon","description":"Eine \u00f6sterreichweite Initiative der Sozialversicherungen.","potentialAction":[{"@type":"SearchAction","target":{"@type":"EntryPoint","urlTemplate":"https:\/\/rauchfrei.at\/?s={search_term_string}"},"query-input":{"@type":"PropertyValueSpecification","valueRequired":true,"valueName":"search_term_string"}}],"inLanguage":"en-US"}]}},"_links":{"self":[{"href":"https:\/\/rauchfrei.at\/en\/wp-json\/wp\/v2\/pages\/276","targetHints":{"allow":["GET"]}}],"collection":[{"href":"https:\/\/rauchfrei.at\/en\/wp-json\/wp\/v2\/pages"}],"about":[{"href":"https:\/\/rauchfrei.at\/en\/wp-json\/wp\/v2\/types\/page"}],"author":[{"embeddable":true,"href":"https:\/\/rauchfrei.at\/en\/wp-json\/wp\/v2\/users\/2"}],"replies":[{"embeddable":true,"href":"https:\/\/rauchfrei.at\/en\/wp-json\/wp\/v2\/comments?post=276"}],"version-history":[{"count":5,"href":"https:\/\/rauchfrei.at\/en\/wp-json\/wp\/v2\/pages\/276\/revisions"}],"predecessor-version":[{"id":3272,"href":"https:\/\/rauchfrei.at\/en\/wp-json\/wp\/v2\/pages\/276\/revisions\/3272"}],"up":[{"embeddable":true,"href":"https:\/\/rauchfrei.at\/en\/wp-json\/wp\/v2\/pages\/13"}],"wp:attachment":[{"href":"https:\/\/rauchfrei.at\/en\/wp-json\/wp\/v2\/media?parent=276"}],"curies":[{"name":"wp","href":"https:\/\/api.w.org\/{rel}","templated":true}]}}