
{"id":27783,"date":"2023-11-29T14:45:40","date_gmt":"2023-11-29T12:45:40","guid":{"rendered":"https:\/\/rauchfrei.at\/?page_id=27783"},"modified":"2024-01-23T17:55:55","modified_gmt":"2024-01-23T15:55:55","slug":"rauchen-krebs","status":"publish","type":"page","link":"https:\/\/rauchfrei.at\/en\/rauchen-krebs\/","title":{"rendered":"Rauchen und Krebs"},"content":{"rendered":"<p>[et_pb_section fb_built=&#8221;1&#8243; custom_padding_last_edited=&#8221;off|&#8221; module_class=&#8221;header&#8221; _builder_version=&#8221;4.16&#8243; background_color=&#8221;#67BAD3&#8243; custom_margin=&#8221;||0px|&#8221; custom_padding=&#8221;100px||10px|&#8221; global_colors_info=&#8221;{}&#8221;][et_pb_row _builder_version=&#8221;4.16&#8243; custom_margin=&#8221;||0px|&#8221; custom_padding=&#8221;||0px|&#8221; global_colors_info=&#8221;{}&#8221;][et_pb_column type=&#8221;4_4&#8243; _builder_version=&#8221;4.16&#8243; custom_padding=&#8221;||0px|&#8221; global_colors_info=&#8221;{}&#8221; custom_padding__hover=&#8221;|||&#8221;][et_pb_text admin_label=&#8221;Blue Background Header&#8221; _builder_version=&#8221;4.23.1&#8243; custom_margin=&#8221;||0px|&#8221; custom_padding=&#8221;||0px|&#8221; z_index_tablet=&#8221;500&#8243; global_colors_info=&#8221;{}&#8221;]<\/p>\n<h1>Rauchen und Krebs<\/h1>\n<h2>Rauchfrei leben, Risiko senken<\/h2>\n<p>[\/et_pb_text][\/et_pb_column][\/et_pb_row][\/et_pb_section][et_pb_section fb_built=&#8221;1&#8243; _builder_version=&#8221;4.16&#8243; global_colors_info=&#8221;{}&#8221;][et_pb_row column_structure=&#8221;2_3,1_3&#8243; _builder_version=&#8221;4.16&#8243; background_size=&#8221;initial&#8221; background_position=&#8221;top_left&#8221; background_repeat=&#8221;repeat&#8221; global_colors_info=&#8221;{}&#8221;][et_pb_column type=&#8221;2_3&#8243; _builder_version=&#8221;4.16&#8243; custom_padding=&#8221;|||&#8221; global_colors_info=&#8221;{}&#8221; custom_padding__hover=&#8221;|||&#8221;][et_pb_text admin_label=&#8221;Was ist Krebs&#8221; _builder_version=&#8221;4.23.1&#8243; z_index_tablet=&#8221;500&#8243; global_colors_info=&#8221;{}&#8221;]<\/p>\n<p>Die Entstehung von Krebs hat viele Ursachen. \u00a0Es gibt beeinflussbare, vermeidbare Krebsrisikofaktoren in Verbindung mit dem individuellen Lebensstil, wie Tabak- und Alkoholkonsum, Bewegungsmangel, unausgewogene Ern\u00e4hrung und \u00dcbergewicht. Auf einige andere Faktoren haben wir selbst keinen Einfluss, z.B. erblich bedingte Risiken, bestimmte vorangehende Infektionen, Umwelteinfl\u00fcsse, Arbeitsbedingungen oder zuf\u00e4llige genetische Fehler bei der Zellteilung.<\/p>\n<p>Rauchen ist in Bezug auf den eigenen Lebensstil der wichtigste vermeidbare Krebsrisikofaktor.<\/p>\n<blockquote>\n<p>Rauchfrei leben sch\u00fctzt!<\/p>\n<\/blockquote>\n<p>[\/et_pb_text][et_pb_toggle title=&#8221;Krebsrisikofaktor Rauchen&#8221; admin_label=&#8221;Risikofaktoren f\u00fcr die Entstehung von Krebs&#8221; _builder_version=&#8221;4.23.1&#8243; _module_preset=&#8221;default&#8221; global_colors_info=&#8221;{}&#8221;]<\/p>\n<p>Tabakrauch enth\u00e4lt neben Nikotin und Kohlenmonoxid, eine Vielzahl giftiger Substanzen. \u00dcber 90 Substanzen sind krebserzeugend (karzinogen), wie z.B.:<\/p>\n<p>&#8211; Ammoniak<br \/>&#8211; Arsen<br \/>&#8211; Benzpyren<br \/>&#8211; Benzol<br \/>&#8211; Blaus\u00e4ure<br \/>&#8211; Formaldehyd<br \/>&#8211; radioaktives Polonium-210<br \/>&#8211; toxische Schwermetalle (z.B. Cadmium, Nickel, Blei)<br \/>&#8211; tabakspezifische Nitrosamine (TSNA)<br \/>&#8211; Teerstoffe<\/p>\n<p>Viele dieser Substanzen wirken auf das Erbgut der Zellen im menschlichen K\u00f6rper zellsch\u00e4digend.<\/p>\n<p>Es kommt zu Ver\u00e4nderungen. Eine unkontrollierte Vermehrung entgleister Zellen, die Entstehung von Krebs, ist m\u00f6glich.<\/p>\n<p>Rauchen ist die h\u00e4ufigste Ursache f\u00fcr Lungenkrebs. Es verursacht auch andere Krebserkrankungen:<\/p>\n<ul>\n<li>im Mund-, Nasen-, Rachenraum (z.B.: Mundh\u00f6hlen-, Zungen-, Kehlkopfkrebs)<\/li>\n<li>Speiser\u00f6hrenkrebs<\/li>\n<li>der Bronchien<\/li>\n<li>Magenkrebs<\/li>\n<li>Darmkrebs<\/li>\n<li>Bauchspeicheldr\u00fcsenkrebs<\/li>\n<li>Brustkrebs<\/li>\n<li>der Nieren<\/li>\n<li>Harnblasenkrebs<\/li>\n<li>Geb\u00e4rmutterhalskrebs<\/li>\n<li>Blutkrebs (Leuk\u00e4mie)<\/li>\n<\/ul>\n<p>Das Krebsrisiko steigt mit der Dauer des Rauchens und mit der Anzahl der konsumierten Zigaretten.<\/p>\n<p>Jugendliche reagieren empfindlicher auf die krebserregenden Bestandteile als Erwachsene. Der junge Organismus kann die Gifte schlechter abbauen als der Organismus eines Erwachsenen.<\/p>\n<p>[\/et_pb_toggle][et_pb_toggle title=&#8221;Risikofaktor Passivrauch&#8221; admin_label=&#8221;Passivrauch&#8221; _builder_version=&#8221;4.23.1&#8243; _module_preset=&#8221;default&#8221; global_colors_info=&#8221;{}&#8221;]<\/p>\n<p>Auch &#8220;ein bisschen&#8221; Rauch in der Luft kann gef\u00e4hrlich sein. Grund daf\u00fcr sind die vielen verschiedenen Substanzen, die beim Verbrennen von Zigaretten freigesetzt werden.<\/p>\n<p>Laut WHO sind ca. 10 % der Lungenkarzinome von Menschen, die nicht rauchen, auf Passivrauch zur\u00fcckzuf\u00fchren. Durch das zwangsl\u00e4ufige \u201eMitrauchen\u201c gelangen krebserregende Substanzen in die Atemwege, zwar weniger konzentriert, aber trotzdem gesundheitsgef\u00e4hrdend.<\/p>\n<p>Auch im Nebenstromrauch, der direkt aus den Zigaretten aufsteigt, sind sch\u00e4dliche, krebserregende Stoffe enthalten. Passivrauchen erh\u00f6ht das Risiko an einem Lungentumor zu erkranken. Wer zwei Stunden in einem Raum verbringt, in dem geraucht wird, nimmt so viele Schadstoffe auf, als h\u00e4tte er selbst eine Zigarette geraucht.<\/p>\n<p><span style=\"font-size: 11.0pt; font-family: 'Calibri',sans-serif; color: #252525; background: white;\"><o:p><\/o:p><\/span><\/p>\n<p><o:p><\/o:p><\/p>\n<p>[\/et_pb_toggle][et_pb_toggle title=&#8221;Risikofaktor andere Tabakprodukte&#8221; admin_label=&#8221;Weitere Tabakprodukte&#8221; _builder_version=&#8221;4.23.1&#8243; _module_preset=&#8221;default&#8221; global_colors_info=&#8221;{}&#8221;]<\/p>\n<ul>\n<li>Zigarren- und Pfeifenrauch: ein gesteigertes Risiko f\u00fcr verschiedene Tumore, vor allem Krebsarten am und im Mund, im Rachen und Lungenkrebs.<\/li>\n<li>Wasserpfeifen: Selbst tabakfreie, bei deren Konsum Kr\u00e4utermischungen oder Gele verwendet werden, setzen krebserzeugende oder giftige Substanzen frei.<\/li>\n<li>Tabakerhitzer: Im Dampf sind krebserzeugende Substanzen enthalten.<\/li>\n<li>rauchlose Tabakwaren (Schnupftabak, Kautabak, Lutschtabak, Snus): als Krebsrisiko eingestuft. Besonders gut belegt ist der Zusammenhang mit Krebs im Mund, Speiser\u00f6hrenkrebs und Bauchspeicheldr\u00fcsenkrebs.<\/li>\n<\/ul>\n<p>Weltweit sind 30 % aller Krebstodesf\u00e4lle auf Tabakkonsum zur\u00fcckzuf\u00fchren.<\/p>\n<p>[\/et_pb_toggle][et_pb_toggle title=&#8221;Rauchfrei f\u00fcr die Krebspr\u00e4vention&#8221; admin_label=&#8221;Rauchfrei f\u00fcr die Krebspr\u00e4vention!&#8221; _builder_version=&#8221;4.23.1&#8243; _module_preset=&#8221;default&#8221; global_colors_info=&#8221;{}&#8221;]<\/p>\n<p>Rauchen ist der wichtigste vermeidbare Risikofaktor f\u00fcr Krebs<u>.<\/u><\/p>\n<p>Zwei wichtige Empfehlungen der 12 empfohlenen M\u00f6glichkeiten aus dem <em>EU-Kodex zur Krebsbek\u00e4mpfung lauten:<\/em><\/p>\n<p><strong><em>&#8211; Rauchen Sie nicht. Verzichten Sie auf jeglichen Tabakkonsum. <\/em><\/strong><\/p>\n<p><strong><em>&#8211; Sorgen Sie f\u00fcr ein rauchfreies Zuhause. Unterst\u00fctzen Sie rauchfreie Arbeitspl\u00e4tze. <\/em><\/strong><\/p>\n<p>[\/et_pb_toggle][et_pb_toggle title=&#8221;Risiken senken&#8221; admin_label=&#8221;Mit dem Rauchstopp Ihre Risiken senken&#8221; _builder_version=&#8221;4.23.1&#8243; _module_preset=&#8221;default&#8221; global_colors_info=&#8221;{}&#8221;]<\/p>\n<p>Das Krebsrisiko nimmt nach dem Rauchstopp stetig ab:<\/p>\n<ul>\n<li>f\u00fcnf Jahre rauchfrei: Das Lungenkrebsrisiko reduziert sich um 60 Prozent<\/li>\n<li>15-20 Jahren rauchfrei: Das Risiko sinkt um bis zu 90 Prozent<\/li>\n<li>Krebssterblichkeitsrisiko im Vergleich mit weiterrauchenden Personen ist deutlich niedriger<\/li>\n<\/ul>\n<p>[\/et_pb_toggle][et_pb_toggle title=&#8221;Hilft Reduktion als Schutz?&#8221; admin_label=&#8221;Hilft Reduktion als Schutz?&#8221; _builder_version=&#8221;4.23.1&#8243; _module_preset=&#8221;default&#8221; global_colors_info=&#8221;{}&#8221;]<\/p>\n<p>Auch wenige Zigaretten pro Woche schaden der Gesundheit und halten die Sucht aufrecht. Am besten ist der Ausstieg aus der Tabak- und Nikotinabh\u00e4ngigkeit.<\/p>\n<p><strong>Den Schutz f\u00fcr Kinder und Jugendliche<\/strong> <strong>erh\u00f6hen<\/strong><\/p>\n<p><strong>Vorbilder &#8211; frei von Tabak und Nikotin und eine rauchfreie Umgebung: <\/strong><\/p>\n<p>Das Jugendalter gilt als typisches Einstiegsalter. Der Gruppendruck und der Wunsch des \u201eDazugeh\u00f6rens\u201c lassen viele Jugendliche zu Tabak- und Nikotinprodukten greifen. Symptome f\u00fcr Nikotinabh\u00e4ngigkeit zeigen sich schon h\u00e4ufig im ersten halben Jahr. F\u00fcr viele ist dies der Beginn einer langj\u00e4hrigen Nikotinabh\u00e4ngigkeit, sowie einem erh\u00f6hten Krebsrisiko.<\/p>\n<p>Kinder &amp; Jugendliche rauchender Eltern greifen h\u00e4ufiger zu Zigaretten!<\/p>\n<p><strong>Schutz erh\u00f6hen: <\/strong><\/p>\n<ul>\n<li>selbst rauchfrei sein oder rauchfrei werden<\/li>\n<li>nicht in Gegenwart von Kindern rauchen (kein Passivrauch)<\/li>\n<li>nicht in R\u00e4umen oder Fahrzeugen rauchen (kein Dritthandrauch)<\/li>\n<li>Selbstbewusstsein der Kinder &amp; Jugendlichen st\u00e4rken (\u201eohne geht es auch\u201c)<\/li>\n<li>regelm\u00e4\u00dfig Sport und Bewegung machen &#8211; Fitness und Rauchen passen nicht gut zusammen.<\/li>\n<\/ul>\n<p>[\/et_pb_toggle][et_pb_toggle title=&#8221;Der Rauchfreiheit hilft auch bei bestehender Erkrankung&#8221; admin_label=&#8221;Lohnt sich der RST wenn krank&#8221; _builder_version=&#8221;4.23.1&#8243; _module_preset=&#8221;default&#8221; global_colors_info=&#8221;{}&#8221;]<\/p>\n<p><strong>Lohnt sich der Rauchstopp, trotz bestehender Erkrankung?<\/strong><\/p>\n<p>Ein Rauchstopp zahlt sich immer aus:<\/p>\n<ul>\n<li>Lungenkrebs: die Prognose scheint mit einem Rauchstopp besser zu sein.<\/li>\n<li>Therapien und Krebsbehandlungen wirken besser, sie haben weniger Nebenwirkungen.<\/li>\n<li>kurze Zeit nach der letzten Zigarette verbessert sich die Sauerstoffaufnahme in der Lunge.<\/li>\n<li>Wunden heilen schneller, Medikamente belasten den Stoffwechsel weniger. Der K\u00f6rper ist nicht mehr mit der Verarbeitung von Nikotin besch\u00e4ftigt, daher helfen geringere Mengen an Schmerzmitteln.<\/li>\n<li>bei chirurgischen Eingriffen: Wenn mindestens vier Wochen vor einer Operation rauchfrei gelebt wird, ist das Risiko f\u00fcr St\u00f6rungen des Wundheilungsprozesses nur mehr halb so hoch.<\/li>\n<\/ul>\n<p><strong>Nikotinabh\u00e4ngigkeit <\/strong><\/p>\n<p>Nikotin ist eine psychisch wirksame Substanz und macht psychisch und k\u00f6rperlich abh\u00e4ngig.<\/p>\n<p>Durch die Abh\u00e4ngigkeiten ist der freie Wille eingeschr\u00e4nkt und die Kontrolle \u00fcber das eigene Tun gemindert. Daher rauchen viele Personen weiter, auch wenn sie bereits krank sind.<\/p>\n<p>Ein gesunder Lebensstil lohnt sich dennoch immer.<\/p>\n<p><strong>Nutzen Sie Hilfe beim Beenden des Rauchverhaltens.<\/strong><\/p>\n<p>Mit Hilfe gelingt es leichter als alleine, das Rauchen zu beenden. Die telefonische Beratung am Rauchfrei Telefon bietet Vorteile:<\/p>\n<ul>\n<li>Gesundheitspsychologinnen bieten Ihnen telefonische Beratung zum Rauchstopp an.<\/li>\n<li>Sie k\u00f6nnen von zu Hause aus Kontakt aufnehmen, auch wenn Sie begrenzt mobil sind.<\/li>\n<li>Sie k\u00f6nnen die Beratung \u00f6sterreichweit kostenfrei und wenn von Ihnen erw\u00fcnscht, auch anonym nutzen.<\/li>\n<li>Eine individuelle Beratung, abgestimmt auf die Bed\u00fcrfnisse eines Einzelsettings, ist am Telefon gut m\u00f6glich.<\/li>\n<li>M\u00f6glich sind wiederholte Telefonkontakte bis zu drei Monate nach dem Rauchstopp.<\/li>\n<\/ul>\n<p>[\/et_pb_toggle][et_pb_toggle title=&#8221;Links zum Thema&#8221; admin_label=&#8221;Links&#8221; _builder_version=&#8221;4.23.1&#8243; _module_preset=&#8221;default&#8221; global_colors_info=&#8221;{}&#8221;]<\/p>\n<p><a href=\"https:\/\/cancer-code-europe.iarc.fr\/index.php\/de\/\">https:\/\/cancer-code-europe.iarc.fr\/index.php\/de\/<\/a><\/p>\n<p><a href=\"https:\/\/www.krebshilfe.de\/informieren\/ueber-krebs\/krebs-vorbeugen\/\">https:\/\/www.krebshilfe.de\/informieren\/ueber-krebs\/krebs-vorbeugen\/<\/a><\/p>\n<p><a href=\"https:\/\/prio-dkg.de\/ak-praevention\/primaerpraevention\/\">https:\/\/prio-dkg.de\/ak-praevention\/primaerpraevention\/<\/a><\/p>\n<p><a href=\"https:\/\/www.krebshilfe.net\/information\/krebs-krebs-risiko\/europaeischer-kodex-gegen-krebs\">https:\/\/www.krebshilfe.net\/information\/krebs-krebs-risiko\/europaeischer-kodex-gegen-krebs<\/a><\/p>\n<p><a href=\"https:\/\/www.krebsinformationsdienst.de\/vorbeugung\/risiken\/index.php\">https:\/\/www.krebsinformationsdienst.de\/vorbeugung\/risiken\/index.php<\/a><\/p>\n<p>[\/et_pb_toggle][\/et_pb_column][et_pb_column type=&#8221;1_3&#8243; _builder_version=&#8221;4.16&#8243; custom_padding=&#8221;|||&#8221; global_colors_info=&#8221;{}&#8221; custom_padding__hover=&#8221;|||&#8221;][et_pb_dp_dmb_module_10093 farbe=&#8221;blitzgelb&#8221; headline=&#8221;Trauen Sie sich den Rauchstopp zu!&#8221; image=&#8221;https:\/\/rauchfrei.at\/wp-content\/uploads\/Quitting-Yellow.png&#8221; image_position=&#8221;center&#8221; link_text=&#8221;mehr&#8221; link_url=&#8221;https:\/\/rauchfrei.at\/aufhoeren\/schritte-zum-rauchstopp\/trauen-sie-sich-den-rauchstopp-zu\/&#8221; admin_label=&#8221;Trauen Sie sich den Rauchstopp zu&#8221; _builder_version=&#8221;4.23.1&#8243; global_module=&#8221;13173&#8243; saved_tabs=&#8221;all&#8221; global_colors_info=&#8221;{}&#8221;]<\/p>\n<p>Wollen Sie etwas \u00e4ndern? Worauf warten Sie?<\/p>\n<p>[\/et_pb_dp_dmb_module_10093][et_pb_text admin_label=&#8221;Angebote in \u00d6sterreich&#8221; _builder_version=&#8221;4.23.1&#8243; custom_margin=&#8221;||60px&#8221; custom_padding=&#8221;||&#8221; link_option_url=&#8221;https:\/\/rauchfrei.at\/aufhoeren\/weitere-beratungsangebote-in-oe\/beratungsangebote\/&#8221; link_option_url_new_window=&#8221;on&#8221; global_module=&#8221;13404&#8243; saved_tabs=&#8221;all&#8221; global_colors_info=&#8221;{}&#8221;]<\/p>\n<p><a style=\"color: #212121;\" href=\"https:\/\/rauchfrei.at\/aufhoeren\/weitere-beratungsangebote-in-oe\/ambulante-beratung\/\"><\/a><\/p>\n<h2>Angebote in \u00d6sterreich<\/h2>\n<p><img loading=\"lazy\" decoding=\"async\" class=\"wp-image-13438 alignnone size-large\" src=\"https:\/\/rauchfrei.at\/wp-content\/uploads\/oesterreichkarte-2-480x248.png\" alt=\"\" width=\"480\" height=\"248\" srcset=\"https:\/\/rauchfrei.at\/wp-content\/uploads\/oesterreichkarte-2-480x248.png 480w, https:\/\/rauchfrei.at\/wp-content\/uploads\/oesterreichkarte-2-225x116.png 225w, https:\/\/rauchfrei.at\/wp-content\/uploads\/oesterreichkarte-2-768x397.png 768w, https:\/\/rauchfrei.at\/wp-content\/uploads\/oesterreichkarte-2-1080x558.png 1080w, https:\/\/rauchfrei.at\/wp-content\/uploads\/oesterreichkarte-2.png 1736w\" sizes=\"(max-width: 480px) 100vw, 480px\" \/><\/p>\n<p>Finden Sie das passende Angebot von ambulanter Einzelberatung bis hin zur station\u00e4ren Gruppenberatung<\/p>\n<p>&nbsp;<\/p>\n<p><a class=\"mehr\" href=\"https:\/\/rauchfrei.at\/aufhoeren\/weitere-beratungsangebote-in-oe\/beratungsangebote\/\" target=\"_blank\" rel=\"noopener\">mehr<\/a><\/p>\n<p>[\/et_pb_text][\/et_pb_column][\/et_pb_row][\/et_pb_section]<\/p>\n","protected":false},"excerpt":{"rendered":"<p>Rauchen und Krebs Rauchfrei leben, Risiko senkenDie Entstehung von Krebs hat viele Ursachen. \u00a0Es gibt beeinflussbare, vermeidbare Krebsrisikofaktoren in Verbindung mit dem individuellen Lebensstil, wie Tabak- und Alkoholkonsum, Bewegungsmangel, unausgewogene Ern\u00e4hrung und \u00dcbergewicht. Auf einige andere Faktoren haben wir selbst keinen Einfluss, z.B. erblich bedingte Risiken, bestimmte vorangehende Infektionen, Umwelteinfl\u00fcsse, Arbeitsbedingungen oder zuf\u00e4llige genetische Fehler [&hellip;]<\/p>\n","protected":false},"author":11,"featured_media":0,"parent":0,"menu_order":0,"comment_status":"closed","ping_status":"closed","template":"","meta":{"_et_pb_use_builder":"on","_et_pb_old_content":"","_et_gb_content_width":"","footnotes":""},"class_list":["post-27783","page","type-page","status-publish","hentry"],"yoast_head":"<!-- This site is optimized with the Yoast SEO plugin v26.2 - https:\/\/yoast.com\/wordpress\/plugins\/seo\/ -->\n<title>Rauchen und Krebs - Rauchfrei Telefon<\/title>\n<meta name=\"robots\" content=\"index, follow, max-snippet:-1, max-image-preview:large, max-video-preview:-1\" \/>\n<link rel=\"canonical\" href=\"https:\/\/rauchfrei.at\/rauchen-krebs\/\" \/>\n<meta property=\"og:locale\" content=\"en_US\" \/>\n<meta property=\"og:type\" content=\"article\" \/>\n<meta property=\"og:title\" content=\"Rauchen und Krebs - Rauchfrei Telefon\" \/>\n<meta property=\"og:description\" content=\"Rauchen und Krebs Rauchfrei leben, Risiko senkenDie Entstehung von Krebs hat viele Ursachen. \u00a0Es gibt beeinflussbare, vermeidbare Krebsrisikofaktoren in Verbindung mit dem individuellen Lebensstil, wie Tabak- und Alkoholkonsum, Bewegungsmangel, unausgewogene Ern\u00e4hrung und \u00dcbergewicht. Auf einige andere Faktoren haben wir selbst keinen Einfluss, z.B. erblich bedingte Risiken, bestimmte vorangehende Infektionen, Umwelteinfl\u00fcsse, Arbeitsbedingungen oder zuf\u00e4llige genetische Fehler [&hellip;]\" \/>\n<meta property=\"og:url\" content=\"https:\/\/rauchfrei.at\/rauchen-krebs\/\" \/>\n<meta property=\"og:site_name\" content=\"Rauchfrei Telefon\" \/>\n<meta property=\"article:modified_time\" content=\"2024-01-23T15:55:55+00:00\" \/>\n<meta property=\"og:image\" content=\"https:\/\/rauchfrei.at\/wp-content\/uploads\/oesterreichkarte-2-480x248.png\" \/>\n<meta name=\"twitter:card\" content=\"summary_large_image\" \/>\n<script type=\"application\/ld+json\" class=\"yoast-schema-graph\">{\"@context\":\"https:\/\/schema.org\",\"@graph\":[{\"@type\":\"WebPage\",\"@id\":\"https:\/\/rauchfrei.at\/rauchen-krebs\/\",\"url\":\"https:\/\/rauchfrei.at\/rauchen-krebs\/\",\"name\":\"Rauchen und Krebs - Rauchfrei Telefon\",\"isPartOf\":{\"@id\":\"https:\/\/rauchfrei.at\/#website\"},\"primaryImageOfPage\":{\"@id\":\"https:\/\/rauchfrei.at\/rauchen-krebs\/#primaryimage\"},\"image\":{\"@id\":\"https:\/\/rauchfrei.at\/rauchen-krebs\/#primaryimage\"},\"thumbnailUrl\":\"https:\/\/rauchfrei.at\/wp-content\/uploads\/oesterreichkarte-2-480x248.png\",\"datePublished\":\"2023-11-29T12:45:40+00:00\",\"dateModified\":\"2024-01-23T15:55:55+00:00\",\"inLanguage\":\"en-US\",\"potentialAction\":[{\"@type\":\"ReadAction\",\"target\":[\"https:\/\/rauchfrei.at\/rauchen-krebs\/\"]}]},{\"@type\":\"ImageObject\",\"inLanguage\":\"en-US\",\"@id\":\"https:\/\/rauchfrei.at\/rauchen-krebs\/#primaryimage\",\"url\":\"https:\/\/rauchfrei.at\/wp-content\/uploads\/oesterreichkarte-2-480x248.png\",\"contentUrl\":\"https:\/\/rauchfrei.at\/wp-content\/uploads\/oesterreichkarte-2-480x248.png\"},{\"@type\":\"WebSite\",\"@id\":\"https:\/\/rauchfrei.at\/#website\",\"url\":\"https:\/\/rauchfrei.at\/\",\"name\":\"Rauchfrei Telefon\",\"description\":\"Eine \u00f6sterreichweite Initiative der Sozialversicherungen.\",\"potentialAction\":[{\"@type\":\"SearchAction\",\"target\":{\"@type\":\"EntryPoint\",\"urlTemplate\":\"https:\/\/rauchfrei.at\/?s={search_term_string}\"},\"query-input\":{\"@type\":\"PropertyValueSpecification\",\"valueRequired\":true,\"valueName\":\"search_term_string\"}}],\"inLanguage\":\"en-US\"}]}<\/script>\n<!-- \/ Yoast SEO plugin. -->","yoast_head_json":{"title":"Rauchen und Krebs - Rauchfrei Telefon","robots":{"index":"index","follow":"follow","max-snippet":"max-snippet:-1","max-image-preview":"max-image-preview:large","max-video-preview":"max-video-preview:-1"},"canonical":"https:\/\/rauchfrei.at\/rauchen-krebs\/","og_locale":"en_US","og_type":"article","og_title":"Rauchen und Krebs - Rauchfrei Telefon","og_description":"Rauchen und Krebs Rauchfrei leben, Risiko senkenDie Entstehung von Krebs hat viele Ursachen. \u00a0Es gibt beeinflussbare, vermeidbare Krebsrisikofaktoren in Verbindung mit dem individuellen Lebensstil, wie Tabak- und Alkoholkonsum, Bewegungsmangel, unausgewogene Ern\u00e4hrung und \u00dcbergewicht. Auf einige andere Faktoren haben wir selbst keinen Einfluss, z.B. erblich bedingte Risiken, bestimmte vorangehende Infektionen, Umwelteinfl\u00fcsse, Arbeitsbedingungen oder zuf\u00e4llige genetische Fehler [&hellip;]","og_url":"https:\/\/rauchfrei.at\/rauchen-krebs\/","og_site_name":"Rauchfrei Telefon","article_modified_time":"2024-01-23T15:55:55+00:00","og_image":[{"url":"https:\/\/rauchfrei.at\/wp-content\/uploads\/oesterreichkarte-2-480x248.png","type":"","width":"","height":""}],"twitter_card":"summary_large_image","schema":{"@context":"https:\/\/schema.org","@graph":[{"@type":"WebPage","@id":"https:\/\/rauchfrei.at\/rauchen-krebs\/","url":"https:\/\/rauchfrei.at\/rauchen-krebs\/","name":"Rauchen und Krebs - Rauchfrei Telefon","isPartOf":{"@id":"https:\/\/rauchfrei.at\/#website"},"primaryImageOfPage":{"@id":"https:\/\/rauchfrei.at\/rauchen-krebs\/#primaryimage"},"image":{"@id":"https:\/\/rauchfrei.at\/rauchen-krebs\/#primaryimage"},"thumbnailUrl":"https:\/\/rauchfrei.at\/wp-content\/uploads\/oesterreichkarte-2-480x248.png","datePublished":"2023-11-29T12:45:40+00:00","dateModified":"2024-01-23T15:55:55+00:00","inLanguage":"en-US","potentialAction":[{"@type":"ReadAction","target":["https:\/\/rauchfrei.at\/rauchen-krebs\/"]}]},{"@type":"ImageObject","inLanguage":"en-US","@id":"https:\/\/rauchfrei.at\/rauchen-krebs\/#primaryimage","url":"https:\/\/rauchfrei.at\/wp-content\/uploads\/oesterreichkarte-2-480x248.png","contentUrl":"https:\/\/rauchfrei.at\/wp-content\/uploads\/oesterreichkarte-2-480x248.png"},{"@type":"WebSite","@id":"https:\/\/rauchfrei.at\/#website","url":"https:\/\/rauchfrei.at\/","name":"Rauchfrei Telefon","description":"Eine \u00f6sterreichweite Initiative der Sozialversicherungen.","potentialAction":[{"@type":"SearchAction","target":{"@type":"EntryPoint","urlTemplate":"https:\/\/rauchfrei.at\/?s={search_term_string}"},"query-input":{"@type":"PropertyValueSpecification","valueRequired":true,"valueName":"search_term_string"}}],"inLanguage":"en-US"}]}},"_links":{"self":[{"href":"https:\/\/rauchfrei.at\/en\/wp-json\/wp\/v2\/pages\/27783","targetHints":{"allow":["GET"]}}],"collection":[{"href":"https:\/\/rauchfrei.at\/en\/wp-json\/wp\/v2\/pages"}],"about":[{"href":"https:\/\/rauchfrei.at\/en\/wp-json\/wp\/v2\/types\/page"}],"author":[{"embeddable":true,"href":"https:\/\/rauchfrei.at\/en\/wp-json\/wp\/v2\/users\/11"}],"replies":[{"embeddable":true,"href":"https:\/\/rauchfrei.at\/en\/wp-json\/wp\/v2\/comments?post=27783"}],"version-history":[{"count":26,"href":"https:\/\/rauchfrei.at\/en\/wp-json\/wp\/v2\/pages\/27783\/revisions"}],"predecessor-version":[{"id":28910,"href":"https:\/\/rauchfrei.at\/en\/wp-json\/wp\/v2\/pages\/27783\/revisions\/28910"}],"wp:attachment":[{"href":"https:\/\/rauchfrei.at\/en\/wp-json\/wp\/v2\/media?parent=27783"}],"curies":[{"name":"wp","href":"https:\/\/api.w.org\/{rel}","templated":true}]}}