
{"id":278,"date":"2012-03-08T06:33:11","date_gmt":"2012-03-08T06:33:11","guid":{"rendered":"http:\/\/web362.itscserver.org\/wordpress\/?page_id=278"},"modified":"2025-01-21T17:08:31","modified_gmt":"2025-01-21T15:08:31","slug":"rauchen-schule","status":"publish","type":"page","link":"https:\/\/rauchfrei.at\/en\/jung-und-rauchfrei\/rauchen-schule\/","title":{"rendered":"Rauchen &#038; Schule"},"content":{"rendered":"<p>[et_pb_section fb_built=&#8221;1&#8243; custom_padding_last_edited=&#8221;off|&#8221; module_class=&#8221;header&#8221; _builder_version=&#8221;4.16&#8243; background_color=&#8221;#67BAD3&#8243; custom_margin=&#8221;||0px|&#8221; custom_padding=&#8221;100px||10px|&#8221; global_colors_info=&#8221;{}&#8221;][et_pb_row _builder_version=&#8221;4.16&#8243; custom_margin=&#8221;||0px|&#8221; custom_padding=&#8221;||0px|&#8221; global_colors_info=&#8221;{}&#8221;][et_pb_column type=&#8221;4_4&#8243; _builder_version=&#8221;4.16&#8243; custom_padding=&#8221;||0px|&#8221; global_colors_info=&#8221;{}&#8221; custom_padding__hover=&#8221;|||&#8221;][et_pb_text admin_label=&#8221;Blue Background Header&#8221; _builder_version=&#8221;4.16&#8243; custom_margin=&#8221;||0px|&#8221; custom_padding=&#8221;||0px|&#8221; global_colors_info=&#8221;{}&#8221;]<\/p>\n<h1>Rauchen unter 18<\/h1>\n<p>[\/et_pb_text][\/et_pb_column][\/et_pb_row][\/et_pb_section][et_pb_section fb_built=&#8221;1&#8243; _builder_version=&#8221;4.16&#8243; global_colors_info=&#8221;{}&#8221;][et_pb_row _builder_version=&#8221;4.16&#8243; background_size=&#8221;initial&#8221; background_position=&#8221;top_left&#8221; background_repeat=&#8221;repeat&#8221; global_colors_info=&#8221;{}&#8221; column_structure=&#8221;2_3,1_3&#8243;][et_pb_column type=&#8221;2_3&#8243; _builder_version=&#8221;4.16&#8243; custom_padding=&#8221;|||&#8221; global_colors_info=&#8221;{}&#8221; custom_padding__hover=&#8221;|||&#8221;][et_pb_text admin_label=&#8221;Rauchen unter 18&#8243; _builder_version=&#8221;4.16&#8243; global_colors_info=&#8221;{}&#8221;]<\/p>\n<h2>Gesetzliche\u00a0Situation in \u00d6sterreich<\/h2>\n<p>Sowohl der Verkauf von Tabakprodukten an unter 18 &#8211; j\u00e4hrige (Tabakgesetz), als auch der Erwerb und Konsum f\u00fcr Jugendliche unter 18 Jahren ist seit 2019 (Jugendschutzgesetz) in \u00d6sterreich verboten.<\/p>\n<h3>Die erste Zigarette<\/h3>\n<p>Viele Raucher\/innen und Ex &#8211; Raucher\/innen k\u00f6nnen sich an die erste Zigarette erinnern. Fast alle haben im Teenageralter damit begonnen. Meist ist es ein tolles Gef\u00fchl, etwas Verbotenes zu tun, oft mit Freundinnen oder Freunden gemeinsam. Jedoch finden die meisten es einfach scheu\u00dflich, m\u00fcssen husten und f\u00fchlen sich schwindlig. Sie brauchen einige Zeit, bis ihr K\u00f6rper es \u00fcberhaupt aush\u00e4lt, das Gift, also den Tabakrauch, zu inhalieren. Es gibt zum Beispiel auch keine Tiere, die man zum Rauchen bringen kann. Ihr Instinkt und ihr K\u00f6rper wehren sich dagegen, absichtlich etwas einzuatmen, das ihnen schadet. Rauchen muss also gelernt werden.<\/p>\n<blockquote>\n<p><strong>Unser Tipp:<\/strong> Verschieb deine erste Zigarette (und alle anderen Tabakprodukte) auf deinen 20. oder 25. Geburtstag &#8211; oder lass sie einfach aus!<\/p>\n<\/blockquote>\n<h3>Raucheinstieg \u2013 Abh\u00e4ngigkeit<\/h3>\n<p>Das Gemeine an der ersten Zigarette ist, wie der Name schon sagt, dass es meist die Erste ist und nicht die Einzige bleibt.<\/p>\n<p>Es ist nicht weithin bekannt, dass Zigaretten von der Industrie so gestaltet sind, dass es leichter wird, den Rauch zu inhalieren. Zucker und viele andere Zusatzstoffe sorgen daf\u00fcr, dass es Jugendlichen leichter f\u00e4llt, zu rauchen. Magnesium z.B. sorgt daf\u00fcr, dass der Rauch wei\u00df und nicht grau, wie jeder andere Rauch aussieht, Menthol erweitert die Bronchien, wirkt schmerzlindernd und erleichtert somit Jugendlichen den Einstieg ins Rauchen\u2026<\/p>\n<p>Hat man die Anfangsschwierigkeiten des Rauchens \u00fcberwunden und der K\u00f6rper hat sich mehr oder weniger an das Ritual und an den Rauch gew\u00f6hnt, entwickelt sich sehr schnell und oft unbemerkt eine Abh\u00e4ngigkeit. Die Abh\u00e4ngigkeit kann schon vorhanden sein, auch wenn noch lange nicht t\u00e4glich geraucht wird. Der K\u00f6rper, das Gehirn und die Psyche gew\u00f6hnen sich ans Rauchen, sodass das Ritual dann bald schon \u201egebraucht\u201c wird. Pause? \u2013 raus zum Rauchen, Stress? \u2013 eine Zigarette zum Dampfablassen, Langeweile? \u2013 erst mal eine rauchen, Hunger? \u2013 eine Zigarette statt Kalorien, \u2026<\/p>\n<blockquote>\n<p><strong>Unser Tipp:<\/strong> Beobachte einmal, was passiert, wenn du nicht wie gewohnt zur Zigarette greifst.<\/p>\n<\/blockquote>\n<h3>S\u00fcchtig nach Nikotin?<\/h3>\n<p>Hast du noch die v\u00f6llige Kontrolle oder h\u00e4ngst du schon an der \u201eAngel\u201c? Mit dem HONC (der \u201eHooked on Nicotine Checklist\u201c &#8211;\u00a0 &#8220;S\u00fcchtig nach Nikotin\u201c \u2013 Checkliste) kann man das abkl\u00e4ren. Sobald eine der 10 Fragen mit Ja beantwortet wird, bedeutet das einen beginnenden Kontrollverlust. Manchmal zeigt sich schon eine beginnende Abh\u00e4ngigkeit, obwohl man sich selbst noch nicht einmal als Raucher\/in definiert.<\/p>\n<a href='https:\/\/rauchfrei.at\/aufhoeren\/tests-tools\/honc\/' class='small-button smallblue'>Zum HONC<\/a>\n<blockquote>\n<p>\u00a0<strong>Unser Tipp:<\/strong> wenn nur ein JA dabei ist, lass das Rauchen am besten sofort sein! Du k\u00f6nntest eine st\u00e4rkere Abh\u00e4ngigkeit entwickeln und dann nur mehr schwer davon los kommen.<\/p>\n<\/blockquote>\n<h3>Meine eigenen guten Gr\u00fcnde rauchfrei zu sein!<\/h3>\n<p>Warum und wof\u00fcr jemand rauchfrei sein will ist oft ganz unterschiedlich. Manchen ist das Geld zu schade, andere merken, dass ihre Fitness leidet, eine Asthmaerkrankung schlechter wird, oder die Haut sich nicht mehr so angenehm anf\u00fchlt. Und manche nervt es einfach. Es gibt viele verschiedene gute Gr\u00fcnde rauchfrei zu sein oder zu werden. Manchmal haben sie auch gar nichts mit der Gesundheit zu tun.<\/p>\n<blockquote>\n<p><strong>Unser Tipp:<\/strong> Finde deine pers\u00f6nlichen und guten Gr\u00fcnde heraus, warum es f\u00fcr dich besser sein k\u00f6nnte, rauchfrei zu sein.<\/p>\n<\/blockquote>\n<h3>Aufh\u00f6ren<\/h3>\n<p>Wenn du irgendwann in der Zukunft nicht mehr rauchen m\u00f6chtest \u2013 dann h\u00f6re am Besten jetzt gleich damit auf! Irgendwann bist du noch st\u00e4rker abh\u00e4ngig als im Moment. Je weniger und k\u00fcrzer man geraucht hat, desto leichter ist es, rauchfrei zu werden und zu bleiben.<\/p>\n<p>Schmei\u00df die Zigaretten weg, kauf keine neuen mehr, sag Nein zur Zigarette und Ja zur Unabh\u00e4ngigkeit! Wenn du merkst, dass der Rauchstopp gar nicht mehr so einfach ist, ruf uns an, wir beraten dich gerne!<\/p>\n<blockquote>\n<p><strong>Unser Tipp:<\/strong> H\u00f6r auf &#8211; auch wenn die anderen weitermachen! Dein Vorteil: Du lebst l\u00e4nger, bist ges\u00fcnder und fitter, hast mehr Geld zur Verf\u00fcgung, bist unabh\u00e4ngig, tust der Umwelt etwas Gutes und vor allem: Du wei\u00dft, dass sich alle Situationen auch ohne Zigarette meistern lassen!<\/p>\n<\/blockquote>\n<h3>Nein Sagen<\/h3>\n<p>\u201eDanke nein!\u201c Diese zwei W\u00f6rtchen machen einen gro\u00dfen Unterschied. Auf die Frage, \u201eRauchst du?\u201c oder \u201eWillst du auch eine?\u201c \u2026 ist es hilfreich, diese Antwort sicher und klar beantworten zu k\u00f6nnen.<\/p>\n<blockquote>\n<p><strong>Unser Tipp:<\/strong> Sprich das \u201eDanke Nein\u201c ein paar Mal laut aus, vielleicht auch vor dem Spiegel, vielleicht mit Variationen &#8220;Danke Nein, jetzt nicht!&#8221; Klingt es \u00fcberzeugend?<\/p>\n<\/blockquote>\n<h3>Rauchfrei sein &#8211; ein Beitrag zu Umweltschutz und Menschenrechten<\/h3>\n<p>Ein sehr guter Grund, rauchfrei zu sein, ist die R\u00fccksicht auf die Umwelt und auch auf Menschenrechte. Beim Tabakanbau betreibt die Industrie Raubbau an der Natur, W\u00e4lder werden gerodet, D\u00fcnge- und Insektenmittel vergiften die Erde. Beim Tabakanbau ist Kinderarbeit weit verbreitet.<\/p>\n<p>&nbsp;<\/p>\n<blockquote>\n<p><strong>Unser Tipp:<\/strong> Wenn dir Umwelt und Kinderrechte nicht egal sind, verweigere den Konsum von Produkten der Tabakindustrie. Die Organisation <a href=\"http:\/\/www.unfairtobacco.org\">Unfairtobacco<\/a> informiert umfassend \u00fcber die Hintergrundaspekte.<\/p>\n<\/blockquote>\n<h3>Informiere Dich, was du einatmest!<\/h3>\n<p>Bist du dir sicher, dass du alles freiwillig einatmen m\u00f6chtest, was im Zigarettenrauch enthalten ist? Z.B. Kohlenmonoxid, das Verbrennungsgas, Cadmium, das in Batterien enthalten ist, Formaldehyd, das zum Leichenkonservieren verwendet wird, &#8230; und noch hunderte weitere giftige <a href=\"https:\/\/rauchfrei.at\/fakten\/inhaltsstoffe\/\" target=\"_blank\" rel=\"noopener noreferrer\">Inhaltstoffe<\/a>, die bei jedem Atemzug in Deinen K\u00f6rper gelangen.<\/p>\n<blockquote>\n<p><strong>Unser Tipp:<\/strong> Rauch ist giftig, deshalb solltest du ihn nicht einatmen.<\/p>\n<\/blockquote>\n<p>&nbsp;<\/p>\n<p>[\/et_pb_text][\/et_pb_column][et_pb_column type=&#8221;1_3&#8243; _builder_version=&#8221;4.16&#8243; custom_padding=&#8221;|||&#8221; global_colors_info=&#8221;{}&#8221; custom_padding__hover=&#8221;|||&#8221;][et_pb_dp_dmb_module_10080 link_text=&#8221;mehr&#8221; link_url=&#8221;https:\/\/rauchfrei.at\/fakten\/gesetzliches\/&#8221; admin_label=&#8221;\u00a7 Gesetzliches zum Thema Nichtraucher\u00adschutz und Rauchen&#8221; _builder_version=&#8221;3.19.15&#8243; max_width=&#8221;100%&#8221; global_module=&#8221;13120&#8243; global_colors_info=&#8221;{}&#8221;]<\/p>\n<p><strong>Gesetzliches<\/strong> rund ums Thema \u00a7<\/p>\n<p>[\/et_pb_dp_dmb_module_10080][et_pb_dp_dmb_module_10093 farbe=&#8221;blitzgelb&#8221; headline=&#8221;Rauchstopp und Verdauung&#8221; image=&#8221;https:\/\/rauchfrei.at\/wp-content\/uploads\/rauchfrei-verdauung-auf-gelb.png&#8221; image_position=&#8221;center&#8221; link_text=&#8221;mehr dazu&#8221; link_url=&#8221;https:\/\/rauchfrei.at\/aufhoeren\/schritte-zum-rauchstopp\/gewicht-verdauung-und-bewegung\/&#8221; image_size=&#8221;70&#8243; admin_label=&#8221;Rauchstop und Verdauung&#8221; _builder_version=&#8221;4.20.4&#8243; background_color=&#8221;#0c71c3&#8243; text_orientation=&#8221;left&#8221; max_width=&#8221;100%&#8221; global_module=&#8221;12618&#8243; saved_tabs=&#8221;all&#8221; global_colors_info=&#8221;{}&#8221;]<\/p>\n<p>Der Rauchstopp bringt die Verdauung manchmal ganz sch\u00f6n ins Stocken.<\/p>\n<p>[\/et_pb_dp_dmb_module_10093][et_pb_dp_dmb_module_10093 farbe=&#8221;blitzblau&#8221; headline=&#8221;Rauchstopp und Gewicht&#8221; image=&#8221;https:\/\/rauchfrei.at\/wp-content\/uploads\/Gain-weight.png&#8221; image_position=&#8221;center&#8221; link_text=&#8221;mehr&#8221; link_url=&#8221;https:\/\/rauchfrei.at\/aufhoeren\/schritte-zum-rauchstopp\/gewicht-verdauung-und-bewegung\/&#8221; image_size=&#8221;70&#8243; admin_label=&#8221;Rauchstopp und Gewicht&#8221; _builder_version=&#8221;3.19.15&#8243; global_module=&#8221;13171&#8243; saved_tabs=&#8221;all&#8221; global_colors_info=&#8221;{}&#8221;]<\/p>\n<p>Gewichtszunahme nach dem Rauchstopp? Das muss nicht sein!<\/p>\n<p>[\/et_pb_dp_dmb_module_10093][et_pb_dp_dmb_module_10093 farbe=&#8221;blitzblau&#8221; headline=&#8221;Alternativen zum Rauchen&#8221; image=&#8221;https:\/\/rauchfrei.at\/wp-content\/uploads\/Relax-in-hammok.png&#8221; image_position=&#8221;center&#8221; link_text=&#8221;mehr&#8221; link_url=&#8221;https:\/\/rauchfrei.at\/alternativen\/&#8221; admin_label=&#8221;Alternativen zum Rauchen&#8221; _builder_version=&#8221;4.16&#8243; z_index_tablet=&#8221;500&#8243; global_module=&#8221;13174&#8243; saved_tabs=&#8221;all&#8221; global_colors_info=&#8221;{}&#8221;]<\/p>\n<p>Es gibt viele M\u00f6glichkeiten, um nicht zur Zigarette zu greifen!<\/p>\n<p>[\/et_pb_dp_dmb_module_10093][\/et_pb_column][\/et_pb_row][\/et_pb_section]<\/p>\n","protected":false},"excerpt":{"rendered":"<p>Rauchen unter 18 Gesetzliche\u00a0Situation in \u00d6sterreich Sowohl der Verkauf von Tabakprodukten an unter 18 &#8211; j\u00e4hrige (Tabakgesetz), als auch der Erwerb und Konsum f\u00fcr Jugendliche unter 18 Jahren ist seit 2019 (Jugendschutzgesetz) in \u00d6sterreich verboten. Die erste Zigarette Viele Raucher\/innen und Ex &#8211; Raucher\/innen k\u00f6nnen sich an die erste Zigarette erinnern. Fast alle haben im [&hellip;]<\/p>\n","protected":false},"author":2,"featured_media":0,"parent":13,"menu_order":0,"comment_status":"closed","ping_status":"open","template":"","meta":{"_et_pb_use_builder":"on","_et_pb_old_content":"<p>Hast du viele Freundinnen und Freunde, die rauchen? Wie ist die Situation in deiner Klasse?<\/p><h3>Eine besondere Herausforderung<\/h3><p>Gerade in der Schule ist es eine besondere Herausforderung, rauchfrei zu werden bzw. zu bleiben. Eine Rolle spielt hier der <strong>Gruppendruck<\/strong> \u2013 die Zigarette wird gebraucht um \u201edazu zugeh\u00f6ren\u201c, als cool und erwachsen zu gelten.<br \/> Tats\u00e4chlich zeigst du eine ganze Menge St\u00e4rke und Pers\u00f6nlichkeit, wenn dir das auch ohne Zigarette gelingt! Es f\u00fchlt sich gut an, \"nein, danke\" zu sagen. Probier\u2019s aus.<\/p><p>Auch der <strong>Stress<\/strong> mit Tests und Schularbeiten kann in der Schule zur harten Bew\u00e4hrungsprobe werden, wenn du rauchfrei werden m\u00f6chtest. Was hilft dir, wenn du nerv\u00f6s und angespannt bist?<\/p><p><strong>Bewegung oder Sport kann<\/strong> hier <strong>eine tolle Alternative<\/strong> zur Zigarette <strong>sein<\/strong>. Geh in der Pause ein Runde durch\u2019s Schulhaus oder im Hof spazieren, atme dabei ganz bewusst ein und aus. N\u00fctze deine Freizeit, um Sport zu betreiben oder vielleicht sogar eine neue Sportart zu erlernen. <strong>Hab Mut, etwas Neues auszuprobieren!<\/strong><\/p><h3>Was tun?<\/h3><p>Was kannst du in der Schule mit der gewonnen Zeit tun, wenn du rauchfrei bist? Wie kannst du die Zeit n\u00fctzen, wenn deine Freundinnen und Freunde in der Mittagspause oder Freistunde rauchen? Hier ein paar Tipps:<\/p><ul><li>Ein Lied anh\u00f6ren<\/li><li>Mit deinem Smartphone deine Rauchfrei-App ansehen<\/li><li>Dich auf die n\u00e4chste Stunde vorbereiten<\/li><li>Ein Spiel am Handy spielen<\/li><li>Ein bisschen Ausruhen und Chillen bevor der Unterricht beginnt<\/li><li>Mit deinen Freundinnen und Freunden quatschen<\/li><li>Mit den Hausaufgaben anfangen \u2013 so hast du nach der Schule mehr Freizeit<\/li><li>Ein cooles Fotomotiv suchen und fotografieren<\/li><\/ul><p>Eine gute Idee ist,<strong> sich Verb\u00fcndete<\/strong> zu <strong>suchen<\/strong> und gemeinsam aufzuh\u00f6ren. Hast du dir schon mal \u00fcberlegt, mit einer Freundin oder einem Freund eine Wette abzuschlie\u00dfen, wer es l\u00e4nger schafft ohne Zigarette?<\/p><p>Rein rechtlich betrachtet, darf in Schulen gar nicht mehr geraucht werden. Die Realit\u00e4t zeigt aber, dass die gesetzlichen Regelungen nicht immer Beachtung finden.<\/p><p>Du wei\u00dft sicherlich, dass das Jugendschutzgesetz das Kaufen und Konsumieren von Zigaretten f\u00fcr Jugendliche unter 16 Jahren verbietet. Wenn du dich nicht an diese Spielregel h\u00e4ltst und erwischt wirst, kann es von einer Ermahnung durch die Polizei bis hin zur Geldstrafe unangenehm werden.<\/p><p>Mehr dazu:<br \/> <a href=\"https:\/\/rauchfrei.at\/jugendarbeit\/\"><span style=\"color: #ff0000;\">Jugendarbeit<\/span><\/a>- f\u00fcr alle die mit Kindern und Jugendlichen arbeiten<span style=\"color: #ff0000;\"><span style=\"color: #808080;\"><br \/> <\/span><a title=\"Rauchen an \u00f6ffentlichen Orten\" href=\"\/fakten\/gesetzliches\/rauchen-an-oeffentlichen-orten\/\">Gesetzliches (Paragraph 13)<br \/> <\/a><\/span><a title=\"Jugendkampagne\" href=\"http:\/\/yolo.at\/\" target=\"_blank\" rel=\"noopener\">YOLO - \"Leb\u00b4dein Leben! Ohne Rauch.\"<\/a>\u00a0(Pixelcontest und Klassenwettbewerb)<\/p><p>Quellen: \u00dcber\u2019s Rauchen reden \u2013 was Eltern wissen sollten<\/p>","_et_gb_content_width":"","footnotes":""},"class_list":["post-278","page","type-page","status-publish","hentry"],"yoast_head":"<!-- This site is optimized with the Yoast SEO plugin v26.2 - https:\/\/yoast.com\/wordpress\/plugins\/seo\/ -->\n<title>Rauchen &amp; Schule - Rauchfrei Telefon<\/title>\n<meta name=\"robots\" content=\"index, follow, max-snippet:-1, max-image-preview:large, max-video-preview:-1\" \/>\n<link rel=\"canonical\" href=\"https:\/\/rauchfrei.at\/jung-und-rauchfrei\/rauchen-schule\/\" \/>\n<meta property=\"og:locale\" content=\"en_US\" \/>\n<meta property=\"og:type\" content=\"article\" \/>\n<meta property=\"og:title\" content=\"Rauchen &amp; Schule - Rauchfrei Telefon\" \/>\n<meta property=\"og:description\" content=\"Rauchen unter 18 Gesetzliche\u00a0Situation in \u00d6sterreich Sowohl der Verkauf von Tabakprodukten an unter 18 - j\u00e4hrige (Tabakgesetz), als auch der Erwerb und Konsum f\u00fcr Jugendliche unter 18 Jahren ist seit 2019 (Jugendschutzgesetz) in \u00d6sterreich verboten. Die erste Zigarette Viele Raucher\/innen und Ex - Raucher\/innen k\u00f6nnen sich an die erste Zigarette erinnern. Fast alle haben im [&hellip;]\" \/>\n<meta property=\"og:url\" content=\"https:\/\/rauchfrei.at\/jung-und-rauchfrei\/rauchen-schule\/\" \/>\n<meta property=\"og:site_name\" content=\"Rauchfrei Telefon\" \/>\n<meta property=\"article:modified_time\" content=\"2025-01-21T15:08:31+00:00\" \/>\n<meta name=\"twitter:card\" content=\"summary_large_image\" \/>\n<meta name=\"twitter:label1\" content=\"Est. reading time\" \/>\n\t<meta name=\"twitter:data1\" content=\"7 minutes\" \/>\n<script type=\"application\/ld+json\" class=\"yoast-schema-graph\">{\"@context\":\"https:\/\/schema.org\",\"@graph\":[{\"@type\":\"WebPage\",\"@id\":\"https:\/\/rauchfrei.at\/jung-und-rauchfrei\/rauchen-schule\/\",\"url\":\"https:\/\/rauchfrei.at\/jung-und-rauchfrei\/rauchen-schule\/\",\"name\":\"Rauchen & Schule - Rauchfrei Telefon\",\"isPartOf\":{\"@id\":\"https:\/\/rauchfrei.at\/#website\"},\"datePublished\":\"2012-03-08T06:33:11+00:00\",\"dateModified\":\"2025-01-21T15:08:31+00:00\",\"breadcrumb\":{\"@id\":\"https:\/\/rauchfrei.at\/jung-und-rauchfrei\/rauchen-schule\/#breadcrumb\"},\"inLanguage\":\"en-US\",\"potentialAction\":[{\"@type\":\"ReadAction\",\"target\":[\"https:\/\/rauchfrei.at\/jung-und-rauchfrei\/rauchen-schule\/\"]}]},{\"@type\":\"BreadcrumbList\",\"@id\":\"https:\/\/rauchfrei.at\/jung-und-rauchfrei\/rauchen-schule\/#breadcrumb\",\"itemListElement\":[{\"@type\":\"ListItem\",\"position\":1,\"name\":\"Jung &#038; rauchfrei\",\"item\":\"https:\/\/rauchfrei.at\/jung-und-rauchfrei\/\"},{\"@type\":\"ListItem\",\"position\":2,\"name\":\"Rauchen &#038; Schule\"}]},{\"@type\":\"WebSite\",\"@id\":\"https:\/\/rauchfrei.at\/#website\",\"url\":\"https:\/\/rauchfrei.at\/\",\"name\":\"Rauchfrei Telefon\",\"description\":\"Eine \u00f6sterreichweite Initiative der Sozialversicherungen.\",\"potentialAction\":[{\"@type\":\"SearchAction\",\"target\":{\"@type\":\"EntryPoint\",\"urlTemplate\":\"https:\/\/rauchfrei.at\/?s={search_term_string}\"},\"query-input\":{\"@type\":\"PropertyValueSpecification\",\"valueRequired\":true,\"valueName\":\"search_term_string\"}}],\"inLanguage\":\"en-US\"}]}<\/script>\n<!-- \/ Yoast SEO plugin. -->","yoast_head_json":{"title":"Rauchen & Schule - Rauchfrei Telefon","robots":{"index":"index","follow":"follow","max-snippet":"max-snippet:-1","max-image-preview":"max-image-preview:large","max-video-preview":"max-video-preview:-1"},"canonical":"https:\/\/rauchfrei.at\/jung-und-rauchfrei\/rauchen-schule\/","og_locale":"en_US","og_type":"article","og_title":"Rauchen & Schule - Rauchfrei Telefon","og_description":"Rauchen unter 18 Gesetzliche\u00a0Situation in \u00d6sterreich Sowohl der Verkauf von Tabakprodukten an unter 18 - j\u00e4hrige (Tabakgesetz), als auch der Erwerb und Konsum f\u00fcr Jugendliche unter 18 Jahren ist seit 2019 (Jugendschutzgesetz) in \u00d6sterreich verboten. Die erste Zigarette Viele Raucher\/innen und Ex - Raucher\/innen k\u00f6nnen sich an die erste Zigarette erinnern. Fast alle haben im [&hellip;]","og_url":"https:\/\/rauchfrei.at\/jung-und-rauchfrei\/rauchen-schule\/","og_site_name":"Rauchfrei Telefon","article_modified_time":"2025-01-21T15:08:31+00:00","twitter_card":"summary_large_image","twitter_misc":{"Est. reading time":"7 minutes"},"schema":{"@context":"https:\/\/schema.org","@graph":[{"@type":"WebPage","@id":"https:\/\/rauchfrei.at\/jung-und-rauchfrei\/rauchen-schule\/","url":"https:\/\/rauchfrei.at\/jung-und-rauchfrei\/rauchen-schule\/","name":"Rauchen & Schule - Rauchfrei Telefon","isPartOf":{"@id":"https:\/\/rauchfrei.at\/#website"},"datePublished":"2012-03-08T06:33:11+00:00","dateModified":"2025-01-21T15:08:31+00:00","breadcrumb":{"@id":"https:\/\/rauchfrei.at\/jung-und-rauchfrei\/rauchen-schule\/#breadcrumb"},"inLanguage":"en-US","potentialAction":[{"@type":"ReadAction","target":["https:\/\/rauchfrei.at\/jung-und-rauchfrei\/rauchen-schule\/"]}]},{"@type":"BreadcrumbList","@id":"https:\/\/rauchfrei.at\/jung-und-rauchfrei\/rauchen-schule\/#breadcrumb","itemListElement":[{"@type":"ListItem","position":1,"name":"Jung &#038; rauchfrei","item":"https:\/\/rauchfrei.at\/jung-und-rauchfrei\/"},{"@type":"ListItem","position":2,"name":"Rauchen &#038; Schule"}]},{"@type":"WebSite","@id":"https:\/\/rauchfrei.at\/#website","url":"https:\/\/rauchfrei.at\/","name":"Rauchfrei Telefon","description":"Eine \u00f6sterreichweite Initiative der Sozialversicherungen.","potentialAction":[{"@type":"SearchAction","target":{"@type":"EntryPoint","urlTemplate":"https:\/\/rauchfrei.at\/?s={search_term_string}"},"query-input":{"@type":"PropertyValueSpecification","valueRequired":true,"valueName":"search_term_string"}}],"inLanguage":"en-US"}]}},"_links":{"self":[{"href":"https:\/\/rauchfrei.at\/en\/wp-json\/wp\/v2\/pages\/278","targetHints":{"allow":["GET"]}}],"collection":[{"href":"https:\/\/rauchfrei.at\/en\/wp-json\/wp\/v2\/pages"}],"about":[{"href":"https:\/\/rauchfrei.at\/en\/wp-json\/wp\/v2\/types\/page"}],"author":[{"embeddable":true,"href":"https:\/\/rauchfrei.at\/en\/wp-json\/wp\/v2\/users\/2"}],"replies":[{"embeddable":true,"href":"https:\/\/rauchfrei.at\/en\/wp-json\/wp\/v2\/comments?post=278"}],"version-history":[{"count":5,"href":"https:\/\/rauchfrei.at\/en\/wp-json\/wp\/v2\/pages\/278\/revisions"}],"predecessor-version":[{"id":30354,"href":"https:\/\/rauchfrei.at\/en\/wp-json\/wp\/v2\/pages\/278\/revisions\/30354"}],"up":[{"embeddable":true,"href":"https:\/\/rauchfrei.at\/en\/wp-json\/wp\/v2\/pages\/13"}],"wp:attachment":[{"href":"https:\/\/rauchfrei.at\/en\/wp-json\/wp\/v2\/media?parent=278"}],"curies":[{"name":"wp","href":"https:\/\/api.w.org\/{rel}","templated":true}]}}