
{"id":30864,"date":"2025-06-16T13:05:47","date_gmt":"2025-06-16T11:05:47","guid":{"rendered":"https:\/\/rauchfrei.at\/?page_id=30864"},"modified":"2025-06-16T13:06:39","modified_gmt":"2025-06-16T11:06:39","slug":"rauchen-und-hormone","status":"publish","type":"page","link":"https:\/\/rauchfrei.at\/en\/rauchen-und-hormone\/","title":{"rendered":"Rauchen und Hormone"},"content":{"rendered":"<p>[et_pb_section fb_built=&#8221;1&#8243; module_class=&#8221;header&#8221; _builder_version=&#8221;4.16&#8243; global_colors_info=&#8221;{}&#8221;][et_pb_row _builder_version=&#8221;4.16&#8243; global_colors_info=&#8221;{}&#8221;][et_pb_column type=&#8221;4_4&#8243; _builder_version=&#8221;4.16&#8243; custom_padding=&#8221;|||&#8221; global_colors_info=&#8221;{}&#8221; custom_padding__hover=&#8221;|||&#8221;][et_pb_dp_dmb_module_10001 subheadline=&#8221;Wie Nikotin die \u00d6strogenproduktion bei Frauen beeinflusst&#8221; _builder_version=&#8221;4.27.4&#8243; global_colors_info=&#8221;{}&#8221;][\/et_pb_dp_dmb_module_10001][\/et_pb_column][\/et_pb_row][\/et_pb_section][et_pb_section fb_built=&#8221;1&#8243; _builder_version=&#8221;4.16&#8243; custom_padding=&#8221;30px|||&#8221; global_colors_info=&#8221;{}&#8221;][et_pb_row column_structure=&#8221;2_3,1_3&#8243; _builder_version=&#8221;4.16&#8243; global_colors_info=&#8221;{}&#8221;][et_pb_column type=&#8221;2_3&#8243; module_class=&#8221;blog-content&#8221; _builder_version=&#8221;4.16&#8243; custom_padding=&#8221;|||&#8221; global_colors_info=&#8221;{}&#8221; custom_padding__hover=&#8221;|||&#8221;][et_pb_text _builder_version=&#8221;4.27.4&#8243; global_colors_info=&#8221;{}&#8221;]<\/p>\n<p>Nikotin hat weitreichende Auswirkungen auf den K\u00f6rper \u2013 eine neue Studie zeigt nun, dass es besonders die \u00d6strogenproduktion im weiblichen Gehirn beeinflusst. Forschende der Universit\u00e4t Uppsala haben herausgefunden, dass bereits die Nikotindosis einer einzigen Zigarette ausreicht, um die Produktion des Hormons \u00d6strogen im Thalamus zu blockieren.<\/p>\n<p>Warum ist \u00d6strogen so wichtig?<\/p>\n<p>\u00d6strogen spielt eine zentrale Rolle f\u00fcr die weibliche Gesundheit. Es beeinflusst nicht nur den Menstruationszyklus, sondern auch die Knochengesundheit, das Herz-Kreislauf-System und die Stimmung. Ein niedriger \u00d6strogenspiegel kann zu fr\u00fcherer Menopause, erh\u00f6htem Osteoporoserisiko und st\u00e4rkeren Stimmungsschwankungen f\u00fchren.<\/p>\n<p>Rauchen und die hormonelle Balance<\/p>\n<p>Die Studie zeigt, dass Nikotin direkt auf das Enzym Aromatase wirkt, das f\u00fcr die \u00d6strogenproduktion verantwortlich ist. Nach der Nikotingabe sank die Aktivit\u00e4t dieses Enzyms im Thalamus, einer wichtigen Hirnregion f\u00fcr die Steuerung von Hormonen. Dies k\u00f6nnte erkl\u00e4ren, warum Frauen oft schwerer mit dem Rauchen aufh\u00f6ren als M\u00e4nner und warum sie h\u00e4ufiger R\u00fcckf\u00e4lle erleben.<\/p>\n<p>&nbsp;<\/p>\n<table>\n<tbody>\n<tr>\n<td width=\"566\">\n<p>Auswirkungen auf den Rauchstopp<\/p>\n<\/td>\n<\/tr>\n<tr>\n<td width=\"566\">\n<p>Die Erkenntnisse unterstreichen, dass Raucherinnen m\u00f6glicherweise intensivere Unterst\u00fctzung ben\u00f6tigen, um erfolgreich mit dem Rauchen aufzuh\u00f6ren.<\/p>\n<\/td>\n<\/tr>\n<\/tbody>\n<\/table>\n<p>&nbsp;<\/p>\n<p>Ein rauchfreies Leben bedeutet nicht nur bessere Gesundheit, sondern auch eine stabilere hormonelle Balance. Wer mit dem Rauchen aufh\u00f6rt, tut seinem K\u00f6rper auf vielen Ebenen etwas Gutes!<\/p>\n<p>&nbsp;<\/p>\n<p><a href=\"https:\/\/www.scinexx.de\/news\/medizin\/rauchen-blockiert-oestrogenproduktion-bei-frauen\/#:~:text=Das%20Ergebnis:%20Die%20Hirnscans\">Rauchen blockiert \u00d6strogenproduktion bei Frauen &#8211; M\u00f6gliche Erkl\u00e4rung, warum Nikotin auf Frauen anders wirkt als auf M\u00e4nner &#8211; scinexx.de<\/a><\/p>\n<p>[\/et_pb_text][et_pb_post_nav in_same_term=&#8221;off&#8221; _builder_version=&#8221;4.16&#8243; global_colors_info=&#8221;{}&#8221;][\/et_pb_post_nav][\/et_pb_column][et_pb_column type=&#8221;1_3&#8243; module_class=&#8221;cat-and-tag&#8221; _builder_version=&#8221;4.16&#8243; custom_padding=&#8221;|||&#8221; global_colors_info=&#8221;{}&#8221; custom_padding__hover=&#8221;|||&#8221;][et_pb_sidebar area=&#8221;et_pb_widget_area_1&#8243; _builder_version=&#8221;4.16&#8243; global_colors_info=&#8221;{}&#8221;][\/et_pb_sidebar][et_pb_dp_dmb_module_10093 farbe=&#8221;blitzblau&#8221; headline=&#8221;Alternativen zum Rauchen&#8221; image=&#8221;https:\/\/rauchfrei.at\/wp-content\/uploads\/Relax-in-hammok.png&#8221; image_position=&#8221;center&#8221; link_text=&#8221;mehr&#8221; link_url=&#8221;https:\/\/rauchfrei.at\/alternativen\/&#8221; admin_label=&#8221;Alternativen zum Rauchen&#8221; _builder_version=&#8221;4.16&#8243; z_index_tablet=&#8221;500&#8243; saved_tabs=&#8221;all&#8221; global_colors_info=&#8221;{}&#8221; global_module=&#8221;13174&#8243; theme_builder_area=&#8221;post_content&#8221;]<\/p>\n<p>Es gibt viele M\u00f6glichkeiten, um nicht zur Zigarette zu greifen!<\/p>\n<p>[\/et_pb_dp_dmb_module_10093][\/et_pb_column][\/et_pb_row][\/et_pb_section]<\/p>\n","protected":false},"excerpt":{"rendered":"<p>Eine aktuelle Studie konnte zeigen, dass bereits eine gerauchte Zigarette die Produktion von \u00d6strogen im Gehirn blockiert. Dieses Hormon ist essenziell f\u00fcr die Gesundheit und das Wohlbefinden von Frauen, deshalb ist der Rauchstopp gerade bei Frauen so wichtig!<\/p>\n","protected":false},"author":25,"featured_media":0,"parent":0,"menu_order":0,"comment_status":"closed","ping_status":"closed","template":"","meta":{"_et_pb_use_builder":"on","_et_pb_old_content":"","_et_gb_content_width":"","footnotes":""},"class_list":["post-30864","page","type-page","status-publish","hentry"],"yoast_head":"<!-- This site is optimized with the Yoast SEO plugin v26.2 - https:\/\/yoast.com\/wordpress\/plugins\/seo\/ -->\n<title>Rauchen und Hormone - Rauchfrei Telefon<\/title>\n<meta name=\"robots\" content=\"index, follow, max-snippet:-1, max-image-preview:large, max-video-preview:-1\" \/>\n<link rel=\"canonical\" href=\"https:\/\/rauchfrei.at\/rauchen-und-hormone\/\" \/>\n<meta property=\"og:locale\" content=\"en_US\" \/>\n<meta property=\"og:type\" content=\"article\" \/>\n<meta property=\"og:title\" content=\"Rauchen und Hormone - Rauchfrei Telefon\" \/>\n<meta property=\"og:description\" content=\"Eine aktuelle Studie konnte zeigen, dass bereits eine gerauchte Zigarette die Produktion von \u00d6strogen im Gehirn blockiert. Dieses Hormon ist essenziell f\u00fcr die Gesundheit und das Wohlbefinden von Frauen, deshalb ist der Rauchstopp gerade bei Frauen so wichtig!\" \/>\n<meta property=\"og:url\" content=\"https:\/\/rauchfrei.at\/rauchen-und-hormone\/\" \/>\n<meta property=\"og:site_name\" content=\"Rauchfrei Telefon\" \/>\n<meta property=\"article:modified_time\" content=\"2025-06-16T11:06:39+00:00\" \/>\n<meta name=\"twitter:card\" content=\"summary_large_image\" \/>\n<meta name=\"twitter:label1\" content=\"Est. reading time\" \/>\n\t<meta name=\"twitter:data1\" content=\"2 minutes\" \/>\n<script type=\"application\/ld+json\" class=\"yoast-schema-graph\">{\"@context\":\"https:\/\/schema.org\",\"@graph\":[{\"@type\":\"WebPage\",\"@id\":\"https:\/\/rauchfrei.at\/rauchen-und-hormone\/\",\"url\":\"https:\/\/rauchfrei.at\/rauchen-und-hormone\/\",\"name\":\"Rauchen und Hormone - Rauchfrei Telefon\",\"isPartOf\":{\"@id\":\"https:\/\/rauchfrei.at\/#website\"},\"datePublished\":\"2025-06-16T11:05:47+00:00\",\"dateModified\":\"2025-06-16T11:06:39+00:00\",\"inLanguage\":\"en-US\",\"potentialAction\":[{\"@type\":\"ReadAction\",\"target\":[\"https:\/\/rauchfrei.at\/rauchen-und-hormone\/\"]}]},{\"@type\":\"WebSite\",\"@id\":\"https:\/\/rauchfrei.at\/#website\",\"url\":\"https:\/\/rauchfrei.at\/\",\"name\":\"Rauchfrei Telefon\",\"description\":\"Eine \u00f6sterreichweite Initiative der Sozialversicherungen.\",\"potentialAction\":[{\"@type\":\"SearchAction\",\"target\":{\"@type\":\"EntryPoint\",\"urlTemplate\":\"https:\/\/rauchfrei.at\/?s={search_term_string}\"},\"query-input\":{\"@type\":\"PropertyValueSpecification\",\"valueRequired\":true,\"valueName\":\"search_term_string\"}}],\"inLanguage\":\"en-US\"}]}<\/script>\n<!-- \/ Yoast SEO plugin. -->","yoast_head_json":{"title":"Rauchen und Hormone - Rauchfrei Telefon","robots":{"index":"index","follow":"follow","max-snippet":"max-snippet:-1","max-image-preview":"max-image-preview:large","max-video-preview":"max-video-preview:-1"},"canonical":"https:\/\/rauchfrei.at\/rauchen-und-hormone\/","og_locale":"en_US","og_type":"article","og_title":"Rauchen und Hormone - Rauchfrei Telefon","og_description":"Eine aktuelle Studie konnte zeigen, dass bereits eine gerauchte Zigarette die Produktion von \u00d6strogen im Gehirn blockiert. Dieses Hormon ist essenziell f\u00fcr die Gesundheit und das Wohlbefinden von Frauen, deshalb ist der Rauchstopp gerade bei Frauen so wichtig!","og_url":"https:\/\/rauchfrei.at\/rauchen-und-hormone\/","og_site_name":"Rauchfrei Telefon","article_modified_time":"2025-06-16T11:06:39+00:00","twitter_card":"summary_large_image","twitter_misc":{"Est. reading time":"2 minutes"},"schema":{"@context":"https:\/\/schema.org","@graph":[{"@type":"WebPage","@id":"https:\/\/rauchfrei.at\/rauchen-und-hormone\/","url":"https:\/\/rauchfrei.at\/rauchen-und-hormone\/","name":"Rauchen und Hormone - Rauchfrei Telefon","isPartOf":{"@id":"https:\/\/rauchfrei.at\/#website"},"datePublished":"2025-06-16T11:05:47+00:00","dateModified":"2025-06-16T11:06:39+00:00","inLanguage":"en-US","potentialAction":[{"@type":"ReadAction","target":["https:\/\/rauchfrei.at\/rauchen-und-hormone\/"]}]},{"@type":"WebSite","@id":"https:\/\/rauchfrei.at\/#website","url":"https:\/\/rauchfrei.at\/","name":"Rauchfrei Telefon","description":"Eine \u00f6sterreichweite Initiative der Sozialversicherungen.","potentialAction":[{"@type":"SearchAction","target":{"@type":"EntryPoint","urlTemplate":"https:\/\/rauchfrei.at\/?s={search_term_string}"},"query-input":{"@type":"PropertyValueSpecification","valueRequired":true,"valueName":"search_term_string"}}],"inLanguage":"en-US"}]}},"_links":{"self":[{"href":"https:\/\/rauchfrei.at\/en\/wp-json\/wp\/v2\/pages\/30864","targetHints":{"allow":["GET"]}}],"collection":[{"href":"https:\/\/rauchfrei.at\/en\/wp-json\/wp\/v2\/pages"}],"about":[{"href":"https:\/\/rauchfrei.at\/en\/wp-json\/wp\/v2\/types\/page"}],"author":[{"embeddable":true,"href":"https:\/\/rauchfrei.at\/en\/wp-json\/wp\/v2\/users\/25"}],"replies":[{"embeddable":true,"href":"https:\/\/rauchfrei.at\/en\/wp-json\/wp\/v2\/comments?post=30864"}],"version-history":[{"count":4,"href":"https:\/\/rauchfrei.at\/en\/wp-json\/wp\/v2\/pages\/30864\/revisions"}],"predecessor-version":[{"id":30871,"href":"https:\/\/rauchfrei.at\/en\/wp-json\/wp\/v2\/pages\/30864\/revisions\/30871"}],"wp:attachment":[{"href":"https:\/\/rauchfrei.at\/en\/wp-json\/wp\/v2\/media?parent=30864"}],"curies":[{"name":"wp","href":"https:\/\/api.w.org\/{rel}","templated":true}]}}