
{"id":325,"date":"2012-03-10T08:05:34","date_gmt":"2012-03-10T08:05:34","guid":{"rendered":"http:\/\/web362.itscserver.org\/wordpress\/?page_id=325"},"modified":"2019-03-11T18:24:59","modified_gmt":"2019-03-11T16:24:59","slug":"ueber-den-blog","status":"publish","type":"page","link":"https:\/\/rauchfrei.at\/en\/ueber-den-blog\/","title":{"rendered":"\u00dcber den Blog"},"content":{"rendered":"<p>Der Blog des Rauchfrei Telefons stellt Ihnen regelm\u00e4\u00dfig aktuelle Informationen und wichtige Neuigkeiten vor. Wir bieten Tipps und Hilfestellungen rund ums Rauchfrei werden.<\/p>\n<p>Wir freuen uns \u00fcber Ihre Kommentare zu unserem Blog. Es ist uns ein gro\u00dfes Anliegen, einen interessanten und sachlichen Austausch zu erm\u00f6glichen, in dem User\/innen respektvoll miteinander umgehen. Daher gibt es bestimmte Kommunikationsregeln, die wir bei der Moderation ber\u00fccksichtigen und die von allen User\/innen einzuhalten sind.<\/p>\n<h2>Hier die wichtigsten Kommunikationsregeln auf einem Blick:<\/h2>\n<ul>\n<li>Begegnen Sie anderen User\/innen respektvoll und kommunizieren Sie verantwortungsvoll.<\/li>\n<li>Pers\u00f6nliche Angriffe, Beleidigungen, sexistische oder rassistische \u00c4u\u00dferungen werden nicht geduldet.<\/li>\n<li>Bleiben Sie sachlich.<\/li>\n<li>Respektieren Sie das Recht des\/der Einzelnen auf seine\/ihre freie Meinung.<\/li>\n<li>Jede Userin\/jeder User ist f\u00fcr ihre\/seine Beitr\u00e4ge selbst verantwortlich.<\/li>\n<li>Beziehen Sie sich in Ihren Kommentaren auf das jeweilige Diskussionsthema.<\/li>\n<\/ul>\n<p>Um vor Missbrauch der Plattform zu sch\u00fctzen und den Blog f\u00fcr alle offen zu halten, achtet das Expertinnenteam des Rauchfrei Telefons auf die Einhaltung der Regeln. Dabei beh\u00e4lt sich das Team vor, Beitr\u00e4ge, die den Kommunikationsregeln widersprechen, zu l\u00f6schen. Bei wiederholter Missachtung kann es zum Ausschluss aus dem Blog kommen.<\/p>\n<h2>Inhalt<\/h2>\n<p>Verfassen Sie bitte Beitr\u00e4ge die zum jeweiligen Thema passen. Beitr\u00e4ge mit fremdenfeindlichen, sexistischen, diffamierenden oder beleidigenden Inhalten werden nicht toleriert. Das gleiche gilt f\u00fcr Texte, die zu Gewalt aufrufen oder diese Plattform f\u00fcr organisierte Agitation missbrauchen. Entsprechende Beitr\u00e4ge werden gel\u00f6scht.<\/p>\n<h2>Umgangston<\/h2>\n<p>Bitte schreiben Sie in einem freundlichen und h\u00f6flichen Umgangston. Hier gilt die einfache Faustregel: Schreiben Sie nie etwas, das Sie dem Adressaten nicht auch offen ins Gesicht sagen w\u00fcrden.<\/p>\n<h2>Zitieren<\/h2>\n<p>Wenn Sie einen Vorg\u00e4ngerbeitrag zitieren m\u00f6chten, k\u00fcrzen Sie den Text, auf den Sie antworten, auf diejenigen Passagen, auf die Sie sich konkret beziehen. Bitte kennzeichnen Sie Beginn und Ende von Zitaten aus Beitr\u00e4gen anderer User\/innen oder aus B\u00fcchern, Artikeln etc. durch Anf\u00fchrungsstriche. Kurze Zitate aus urheberrechtlich gesch\u00fctzten Werken (Zeitungsartikel, Liedtexte, B\u00fccher etc.) sind zul\u00e4ssig, l\u00e4ngere bed\u00fcrfen der Genehmigung durch den Autor\/die Autorin. Zitatnachweis: Name &amp; Werk.<\/p>\n<h2>Crosspostings<\/h2>\n<p>Bitte stellen Sie Ihren Beitrag nur einmal in ein daf\u00fcr passendes Themenforum ein. Doppelungen werden gel\u00f6scht.<\/p>\n<h2>Links \/ Werbung<\/h2>\n<p>Bitte vermeiden Sie die Angabe von Links auf externe Internetseiten sowie Verweise auf die Stichwortsuche bei Internet-Suchmaschinen. Fassen Sie bitte stattdessen kurz den Inhalt der Webseite, die Sie verlinken wollten, zusammen. Um den Blog vor privater und kommerzieller Werbung und Agitation zu sch\u00fctzen, sind Links grunds\u00e4tzlich unerw\u00fcnscht.<\/p>\n<h2>Rechtliches<\/h2>\n<p>Wir verstehen die Arbeit des Expertenteams als Service, der eine konstruktive Diskussion und einen konstruktiven Austausch untereinander m\u00f6glich machen soll. Ausdr\u00fccklich weisen wir aber daraufhin, dass die Verantwortung f\u00fcr die Inhalte der Beitr\u00e4ge bei den Autorinnen und Autoren liegt.<\/p>\n<h2>Eine weitere wichtige Information zu den Nutzungsbedingungen:<\/h2>\n<p>Die Informationen unserer Expertinnen ersetzen nicht die Betreuung, Beratung und Versorgung durch \u00c4rztinnen bzw. \u00c4rzte, Krankenh\u00e4user, Apotheken und andere Leistungserbringer. Alle Informationen sind unverbindlich und f\u00fcr Klientinnen bzw. Klienten gedacht, die allgemeine medizinische und gesundheitliche Fragen haben. Die Informationen unserer Expertinnen basieren auf deren aktuellen Wissensstand. F\u00fcr Richtigkeit, Vollst\u00e4ndigkeit oder Rechtzeitigkeit der Antworten und Informationen wird jede Haftung ausgeschlossen. Ebenso kann f\u00fcr Fehler bei der \u00dcbermittlung im Internet keinerlei Gew\u00e4hr \u00fcbernommen werden. Bei akuten Symptomen ist der Hausarzt, dessen Vertreter (\u00e4rztlicher Notdienst) oder in lebensbedrohlichen Situationen der Rettungsdienst (Telefon 144) zu informieren.<\/p>\n<p>Wir freuen uns auf konstruktive, engagierte und informative Beitr\u00e4ge und Kommentare!<\/p>\n<p>&nbsp;<\/p>\n","protected":false},"excerpt":{"rendered":"<p>Der Blog des Rauchfrei Telefons stellt Ihnen regelm\u00e4\u00dfig aktuelle Informationen und wichtige Neuigkeiten vor. Wir bieten Tipps und Hilfestellungen rund ums Rauchfrei werden. Wir freuen uns \u00fcber Ihre Kommentare zu unserem Blog. Es ist uns ein gro\u00dfes Anliegen, einen interessanten und sachlichen Austausch zu erm\u00f6glichen, in dem User\/innen respektvoll miteinander umgehen. Daher gibt es bestimmte [&hellip;]<\/p>\n","protected":false},"author":8,"featured_media":0,"parent":0,"menu_order":0,"comment_status":"closed","ping_status":"open","template":"","meta":{"_et_pb_use_builder":"","_et_pb_old_content":"","_et_gb_content_width":"","footnotes":""},"class_list":["post-325","page","type-page","status-publish","hentry"],"yoast_head":"<!-- This site is optimized with the Yoast SEO plugin v26.2 - https:\/\/yoast.com\/wordpress\/plugins\/seo\/ -->\n<title>\u00dcber den Blog - Rauchfrei Telefon<\/title>\n<meta name=\"robots\" content=\"index, follow, max-snippet:-1, max-image-preview:large, max-video-preview:-1\" \/>\n<link rel=\"canonical\" href=\"https:\/\/rauchfrei.at\/ueber-den-blog\/\" \/>\n<meta property=\"og:locale\" content=\"en_US\" \/>\n<meta property=\"og:type\" content=\"article\" \/>\n<meta property=\"og:title\" content=\"\u00dcber den Blog - Rauchfrei Telefon\" \/>\n<meta property=\"og:description\" content=\"Der Blog des Rauchfrei Telefons stellt Ihnen regelm\u00e4\u00dfig aktuelle Informationen und wichtige Neuigkeiten vor. Wir bieten Tipps und Hilfestellungen rund ums Rauchfrei werden. Wir freuen uns \u00fcber Ihre Kommentare zu unserem Blog. Es ist uns ein gro\u00dfes Anliegen, einen interessanten und sachlichen Austausch zu erm\u00f6glichen, in dem User\/innen respektvoll miteinander umgehen. Daher gibt es bestimmte [&hellip;]\" \/>\n<meta property=\"og:url\" content=\"https:\/\/rauchfrei.at\/ueber-den-blog\/\" \/>\n<meta property=\"og:site_name\" content=\"Rauchfrei Telefon\" \/>\n<meta property=\"article:modified_time\" content=\"2019-03-11T16:24:59+00:00\" \/>\n<meta name=\"twitter:card\" content=\"summary_large_image\" \/>\n<meta name=\"twitter:label1\" content=\"Est. reading time\" \/>\n\t<meta name=\"twitter:data1\" content=\"3 minutes\" \/>\n<script type=\"application\/ld+json\" class=\"yoast-schema-graph\">{\"@context\":\"https:\/\/schema.org\",\"@graph\":[{\"@type\":\"WebPage\",\"@id\":\"https:\/\/rauchfrei.at\/ueber-den-blog\/\",\"url\":\"https:\/\/rauchfrei.at\/ueber-den-blog\/\",\"name\":\"\u00dcber den Blog - Rauchfrei Telefon\",\"isPartOf\":{\"@id\":\"https:\/\/rauchfrei.at\/#website\"},\"datePublished\":\"2012-03-10T08:05:34+00:00\",\"dateModified\":\"2019-03-11T16:24:59+00:00\",\"inLanguage\":\"en-US\",\"potentialAction\":[{\"@type\":\"ReadAction\",\"target\":[\"https:\/\/rauchfrei.at\/ueber-den-blog\/\"]}]},{\"@type\":\"WebSite\",\"@id\":\"https:\/\/rauchfrei.at\/#website\",\"url\":\"https:\/\/rauchfrei.at\/\",\"name\":\"Rauchfrei Telefon\",\"description\":\"Eine \u00f6sterreichweite Initiative der Sozialversicherungen.\",\"potentialAction\":[{\"@type\":\"SearchAction\",\"target\":{\"@type\":\"EntryPoint\",\"urlTemplate\":\"https:\/\/rauchfrei.at\/?s={search_term_string}\"},\"query-input\":{\"@type\":\"PropertyValueSpecification\",\"valueRequired\":true,\"valueName\":\"search_term_string\"}}],\"inLanguage\":\"en-US\"}]}<\/script>\n<!-- \/ Yoast SEO plugin. -->","yoast_head_json":{"title":"\u00dcber den Blog - Rauchfrei Telefon","robots":{"index":"index","follow":"follow","max-snippet":"max-snippet:-1","max-image-preview":"max-image-preview:large","max-video-preview":"max-video-preview:-1"},"canonical":"https:\/\/rauchfrei.at\/ueber-den-blog\/","og_locale":"en_US","og_type":"article","og_title":"\u00dcber den Blog - Rauchfrei Telefon","og_description":"Der Blog des Rauchfrei Telefons stellt Ihnen regelm\u00e4\u00dfig aktuelle Informationen und wichtige Neuigkeiten vor. Wir bieten Tipps und Hilfestellungen rund ums Rauchfrei werden. Wir freuen uns \u00fcber Ihre Kommentare zu unserem Blog. Es ist uns ein gro\u00dfes Anliegen, einen interessanten und sachlichen Austausch zu erm\u00f6glichen, in dem User\/innen respektvoll miteinander umgehen. Daher gibt es bestimmte [&hellip;]","og_url":"https:\/\/rauchfrei.at\/ueber-den-blog\/","og_site_name":"Rauchfrei Telefon","article_modified_time":"2019-03-11T16:24:59+00:00","twitter_card":"summary_large_image","twitter_misc":{"Est. reading time":"3 minutes"},"schema":{"@context":"https:\/\/schema.org","@graph":[{"@type":"WebPage","@id":"https:\/\/rauchfrei.at\/ueber-den-blog\/","url":"https:\/\/rauchfrei.at\/ueber-den-blog\/","name":"\u00dcber den Blog - Rauchfrei Telefon","isPartOf":{"@id":"https:\/\/rauchfrei.at\/#website"},"datePublished":"2012-03-10T08:05:34+00:00","dateModified":"2019-03-11T16:24:59+00:00","inLanguage":"en-US","potentialAction":[{"@type":"ReadAction","target":["https:\/\/rauchfrei.at\/ueber-den-blog\/"]}]},{"@type":"WebSite","@id":"https:\/\/rauchfrei.at\/#website","url":"https:\/\/rauchfrei.at\/","name":"Rauchfrei Telefon","description":"Eine \u00f6sterreichweite Initiative der Sozialversicherungen.","potentialAction":[{"@type":"SearchAction","target":{"@type":"EntryPoint","urlTemplate":"https:\/\/rauchfrei.at\/?s={search_term_string}"},"query-input":{"@type":"PropertyValueSpecification","valueRequired":true,"valueName":"search_term_string"}}],"inLanguage":"en-US"}]}},"_links":{"self":[{"href":"https:\/\/rauchfrei.at\/en\/wp-json\/wp\/v2\/pages\/325","targetHints":{"allow":["GET"]}}],"collection":[{"href":"https:\/\/rauchfrei.at\/en\/wp-json\/wp\/v2\/pages"}],"about":[{"href":"https:\/\/rauchfrei.at\/en\/wp-json\/wp\/v2\/types\/page"}],"author":[{"embeddable":true,"href":"https:\/\/rauchfrei.at\/en\/wp-json\/wp\/v2\/users\/8"}],"replies":[{"embeddable":true,"href":"https:\/\/rauchfrei.at\/en\/wp-json\/wp\/v2\/comments?post=325"}],"version-history":[{"count":5,"href":"https:\/\/rauchfrei.at\/en\/wp-json\/wp\/v2\/pages\/325\/revisions"}],"predecessor-version":[{"id":14535,"href":"https:\/\/rauchfrei.at\/en\/wp-json\/wp\/v2\/pages\/325\/revisions\/14535"}],"wp:attachment":[{"href":"https:\/\/rauchfrei.at\/en\/wp-json\/wp\/v2\/media?parent=325"}],"curies":[{"name":"wp","href":"https:\/\/api.w.org\/{rel}","templated":true}]}}