
{"id":334,"date":"2012-03-10T08:13:11","date_gmt":"2012-03-10T08:13:11","guid":{"rendered":"http:\/\/web362.itscserver.org\/wordpress\/?page_id=334"},"modified":"2025-11-19T10:37:07","modified_gmt":"2025-11-19T08:37:07","slug":"ueber-uns","status":"publish","type":"page","link":"https:\/\/rauchfrei.at\/en\/ueber-uns\/","title":{"rendered":"\u00dcber uns"},"content":{"rendered":"<p>[et_pb_section fb_built=&#8221;1&#8243; custom_padding_last_edited=&#8221;off|&#8221; module_class=&#8221;header&#8221; _builder_version=&#8221;4.16&#8243; background_color=&#8221;#67BAD3&#8243; custom_margin=&#8221;||0px|&#8221; custom_padding=&#8221;100px||10px|&#8221; global_colors_info=&#8221;{}&#8221;][et_pb_row _builder_version=&#8221;4.16&#8243; custom_margin=&#8221;||0px|&#8221; custom_padding=&#8221;||0px|&#8221; global_colors_info=&#8221;{}&#8221;][et_pb_column type=&#8221;4_4&#8243; _builder_version=&#8221;4.16&#8243; custom_padding=&#8221;||0px|&#8221; global_colors_info=&#8221;{}&#8221; custom_padding__hover=&#8221;|||&#8221;][et_pb_text admin_label=&#8221;Blue Background Header&#8221; _builder_version=&#8221;4.27.4&#8243; custom_margin=&#8221;||0px|&#8221; custom_padding=&#8221;||0px|&#8221; global_colors_info=&#8221;{}&#8221;]<\/p>\n<h1>\u00dcber uns<\/h1>\n<p>&nbsp;<\/p>\n<p>[\/et_pb_text][\/et_pb_column][\/et_pb_row][\/et_pb_section][et_pb_section fb_built=&#8221;1&#8243; _builder_version=&#8221;4.16&#8243; global_colors_info=&#8221;{}&#8221;][et_pb_row column_structure=&#8221;2_3,1_3&#8243; _builder_version=&#8221;4.16&#8243; background_size=&#8221;initial&#8221; background_position=&#8221;top_left&#8221; background_repeat=&#8221;repeat&#8221; global_colors_info=&#8221;{}&#8221;][et_pb_column type=&#8221;2_3&#8243; _builder_version=&#8221;4.16&#8243; custom_padding=&#8221;|||&#8221; global_colors_info=&#8221;{}&#8221; custom_padding__hover=&#8221;|||&#8221;][et_pb_text _builder_version=&#8221;4.27.4&#8243; global_colors_info=&#8221;{}&#8221;]<\/p>\n<div class=\"content-column\">\n<div id=\"twocolumns\">\n<div id=\"content\">\n<div class=\"single-post\">\n<p>Das Rauchfrei Telefon ist eine Initiative der Sozialversicherungstr\u00e4ger, der Bundesl\u00e4nder und des Gesundheitsministeriums.<\/p>\n<p>Die\u00a0\u00d6sterreichische Gesundheitskasse\u00a0betreibt das Rauchfrei Telefon f\u00fcr ganz \u00d6sterreich.\u00a015 Partner\u00a0finanzieren das Angebot (Sozialversicherungstr\u00e4ger, Bundesl\u00e4nder und Gesundheitsministerium).<\/p>\n<p>Das Rauchfrei Telefon ist die\u00a0nationale \u201eQuitline\u201c\u00a0f\u00fcr \u00d6sterreich. Quitlines sind eine seit den 1990-er Jahren international bew\u00e4hrte, effiziente, effektive und kosteng\u00fcnstige Ma\u00dfnahme zur Tabakpr\u00e4vention und Nikotinentw\u00f6hnung. Das Rauchfrei Telefon ist Mitglied des Netzwerks deutschsprachiger Rauchstopptelefone.<\/p>\n<p>Im Rahmen der europ\u00e4ischen Tabakprodukte\u2013Direktive II sind der Aufdruck der Telefonnummer und der Website des Rauchfrei Telefons auf jeder \u00f6sterreichischen Zigarettenpackung seit 2016 gesetzlich verankert. Der Aufdruck eines Hilfsangebots zus\u00e4tzlich zu Warnhinweisen in Bild- und Textform unterst\u00fctzt Raucher\/innen beim Rauchstopp.<\/p>\n<p>Der\u00a0kostenfreie Service\u00a0umfasst neben der Website:<\/p>\n<p>Das Rauchfrei Telefon bietet neben der Website telefonisch:<\/p>\n<ul>\n<li><a href=\"https:\/\/rauchfrei.at\/beratung-vom-rauchfrei-telefon\/\" target=\"_blank\" rel=\"noopener\"><strong>telefonische Beratung<\/strong><\/a><\/li>\n<li>mit Informationen zu Tabak, Nikotin, Passivrauch und Nikotinabh\u00e4ngigkeit<\/li>\n<li>zum Ausstieg aus der Nikotinabh\u00e4ngigkeit und<\/li>\n<li>zur Aufrechterhaltung der Abstinenz<\/li>\n<\/ul>\n<p>&#8211; Weitervermittlung zu <a href=\"https:\/\/rauchfrei.at\/aufhoeren\/weitere-beratungsangebote-in-oe\/beratungsangebote\/\" target=\"_blank\" rel=\"noopener\"><strong>Behandlungsangeboten in ganz \u00d6sterreich<\/strong><\/a> (Drehscheibe)<\/p>\n<p>&#8211; Kostenfreie Zusendung von <a href=\"https:\/\/rauchfrei.at\/broschueren-downloads\/download-broschueren\/\" target=\"_blank\" rel=\"noopener\"><strong>Infomaterialien und Postern<\/strong><\/a><\/p>\n<p>Am Telefon ber\u00e4t ein <a href=\"https:\/\/rauchfrei.at\/ueber-uns\/team\/\" target=\"_blank\" rel=\"noopener\"><strong>Team<\/strong><\/a> aus erfahrenen Klinischen und Gesundheitspsychologinnen, die speziell in der Nikotinentw\u00f6hnung, in der Telefonberatung und in motivierender Gespr\u00e4chsf\u00fchrung ausgebildet sind. Das Team betreut auch die Website und erstellt alle Informationsmaterialien.<\/p>\n<\/div>\n<\/div>\n<\/div>\n<\/div>\n<p>[\/et_pb_text][\/et_pb_column][et_pb_column type=&#8221;1_3&#8243; _builder_version=&#8221;4.16&#8243; custom_padding=&#8221;|||&#8221; global_colors_info=&#8221;{}&#8221; custom_padding__hover=&#8221;|||&#8221;][et_pb_dp_dmb_module_10080 link_text=&#8221;Beratung vom Rauchfrei Telefon&#8221; link_url=&#8221;https:\/\/rauchfrei.at\/beratung-vom-rauchfrei-telefon\/&#8221; admin_label=&#8221;Beratung durch das RFT&#8221; _builder_version=&#8221;4.27.4&#8243; _module_preset=&#8221;default&#8221; global_colors_info=&#8221;{}&#8221;]<\/p>\n<p>Das Rauchfrei Telefon &#8211; Was ist das?<\/p>\n<p>[\/et_pb_dp_dmb_module_10080][et_pb_dp_dmb_module_10080 link_text=&#8221;Zu den Publikationen&#8221; link_url=&#8221;https:\/\/rauchfrei.at\/ueber-uns\/publikationen\/&#8221; admin_label=&#8221;Publikationen&#8221; _builder_version=&#8221;4.27.4&#8243; _module_preset=&#8221;default&#8221; global_colors_info=&#8221;{}&#8221; theme_builder_area=&#8221;post_content&#8221;]<\/p>\n<p>Publikationen und Jahresberichte des Rauchfrei Telefons<\/p>\n<p>[\/et_pb_dp_dmb_module_10080][\/et_pb_column][\/et_pb_row][\/et_pb_section]<\/p>\n","protected":false},"excerpt":{"rendered":"<p>\u00dcber uns &nbsp; Das Rauchfrei Telefon ist eine Initiative der Sozialversicherungstr\u00e4ger, der Bundesl\u00e4nder und des Gesundheitsministeriums. Die\u00a0\u00d6sterreichische Gesundheitskasse\u00a0betreibt das Rauchfrei Telefon f\u00fcr ganz \u00d6sterreich.\u00a015 Partner\u00a0finanzieren das Angebot (Sozialversicherungstr\u00e4ger, Bundesl\u00e4nder und Gesundheitsministerium). Das Rauchfrei Telefon ist die\u00a0nationale \u201eQuitline\u201c\u00a0f\u00fcr \u00d6sterreich. Quitlines sind eine seit den 1990-er Jahren international bew\u00e4hrte, effiziente, effektive und kosteng\u00fcnstige Ma\u00dfnahme zur Tabakpr\u00e4vention und [&hellip;]<\/p>\n","protected":false},"author":2,"featured_media":0,"parent":0,"menu_order":0,"comment_status":"closed","ping_status":"open","template":"","meta":{"_et_pb_use_builder":"on","_et_pb_old_content":"<p>Hier werden die Arbeit des Rauchfrei Telefons, das Team sowie Kooperationspartner\/innen und Unterst\u00fctzer\/innen des Rauchfrei Telefons vorgestellt.<\/p>","_et_gb_content_width":"","footnotes":""},"class_list":["post-334","page","type-page","status-publish","hentry"],"yoast_head":"<!-- This site is optimized with the Yoast SEO plugin v26.2 - https:\/\/yoast.com\/wordpress\/plugins\/seo\/ -->\n<title>\u00dcber uns - Rauchfrei Telefon<\/title>\n<meta name=\"robots\" content=\"index, follow, max-snippet:-1, max-image-preview:large, max-video-preview:-1\" \/>\n<link rel=\"canonical\" href=\"https:\/\/rauchfrei.at\/ueber-uns\/\" \/>\n<meta property=\"og:locale\" content=\"en_US\" \/>\n<meta property=\"og:type\" content=\"article\" \/>\n<meta property=\"og:title\" content=\"\u00dcber uns - Rauchfrei Telefon\" \/>\n<meta property=\"og:description\" content=\"\u00dcber uns &nbsp; Das Rauchfrei Telefon ist eine Initiative der Sozialversicherungstr\u00e4ger, der Bundesl\u00e4nder und des Gesundheitsministeriums. Die\u00a0\u00d6sterreichische Gesundheitskasse\u00a0betreibt das Rauchfrei Telefon f\u00fcr ganz \u00d6sterreich.\u00a015 Partner\u00a0finanzieren das Angebot (Sozialversicherungstr\u00e4ger, Bundesl\u00e4nder und Gesundheitsministerium). Das Rauchfrei Telefon ist die\u00a0nationale \u201eQuitline\u201c\u00a0f\u00fcr \u00d6sterreich. Quitlines sind eine seit den 1990-er Jahren international bew\u00e4hrte, effiziente, effektive und kosteng\u00fcnstige Ma\u00dfnahme zur Tabakpr\u00e4vention und [&hellip;]\" \/>\n<meta property=\"og:url\" content=\"https:\/\/rauchfrei.at\/ueber-uns\/\" \/>\n<meta property=\"og:site_name\" content=\"Rauchfrei Telefon\" \/>\n<meta property=\"article:modified_time\" content=\"2025-11-19T08:37:07+00:00\" \/>\n<meta name=\"twitter:card\" content=\"summary_large_image\" \/>\n<meta name=\"twitter:label1\" content=\"Est. reading time\" \/>\n\t<meta name=\"twitter:data1\" content=\"2 minutes\" \/>\n<script type=\"application\/ld+json\" class=\"yoast-schema-graph\">{\"@context\":\"https:\/\/schema.org\",\"@graph\":[{\"@type\":\"WebPage\",\"@id\":\"https:\/\/rauchfrei.at\/ueber-uns\/\",\"url\":\"https:\/\/rauchfrei.at\/ueber-uns\/\",\"name\":\"\u00dcber uns - Rauchfrei Telefon\",\"isPartOf\":{\"@id\":\"https:\/\/rauchfrei.at\/#website\"},\"datePublished\":\"2012-03-10T08:13:11+00:00\",\"dateModified\":\"2025-11-19T08:37:07+00:00\",\"inLanguage\":\"en-US\",\"potentialAction\":[{\"@type\":\"ReadAction\",\"target\":[\"https:\/\/rauchfrei.at\/ueber-uns\/\"]}]},{\"@type\":\"WebSite\",\"@id\":\"https:\/\/rauchfrei.at\/#website\",\"url\":\"https:\/\/rauchfrei.at\/\",\"name\":\"Rauchfrei Telefon\",\"description\":\"Eine \u00f6sterreichweite Initiative der Sozialversicherungen.\",\"potentialAction\":[{\"@type\":\"SearchAction\",\"target\":{\"@type\":\"EntryPoint\",\"urlTemplate\":\"https:\/\/rauchfrei.at\/?s={search_term_string}\"},\"query-input\":{\"@type\":\"PropertyValueSpecification\",\"valueRequired\":true,\"valueName\":\"search_term_string\"}}],\"inLanguage\":\"en-US\"}]}<\/script>\n<!-- \/ Yoast SEO plugin. -->","yoast_head_json":{"title":"\u00dcber uns - Rauchfrei Telefon","robots":{"index":"index","follow":"follow","max-snippet":"max-snippet:-1","max-image-preview":"max-image-preview:large","max-video-preview":"max-video-preview:-1"},"canonical":"https:\/\/rauchfrei.at\/ueber-uns\/","og_locale":"en_US","og_type":"article","og_title":"\u00dcber uns - Rauchfrei Telefon","og_description":"\u00dcber uns &nbsp; Das Rauchfrei Telefon ist eine Initiative der Sozialversicherungstr\u00e4ger, der Bundesl\u00e4nder und des Gesundheitsministeriums. Die\u00a0\u00d6sterreichische Gesundheitskasse\u00a0betreibt das Rauchfrei Telefon f\u00fcr ganz \u00d6sterreich.\u00a015 Partner\u00a0finanzieren das Angebot (Sozialversicherungstr\u00e4ger, Bundesl\u00e4nder und Gesundheitsministerium). Das Rauchfrei Telefon ist die\u00a0nationale \u201eQuitline\u201c\u00a0f\u00fcr \u00d6sterreich. Quitlines sind eine seit den 1990-er Jahren international bew\u00e4hrte, effiziente, effektive und kosteng\u00fcnstige Ma\u00dfnahme zur Tabakpr\u00e4vention und [&hellip;]","og_url":"https:\/\/rauchfrei.at\/ueber-uns\/","og_site_name":"Rauchfrei Telefon","article_modified_time":"2025-11-19T08:37:07+00:00","twitter_card":"summary_large_image","twitter_misc":{"Est. reading time":"2 minutes"},"schema":{"@context":"https:\/\/schema.org","@graph":[{"@type":"WebPage","@id":"https:\/\/rauchfrei.at\/ueber-uns\/","url":"https:\/\/rauchfrei.at\/ueber-uns\/","name":"\u00dcber uns - Rauchfrei Telefon","isPartOf":{"@id":"https:\/\/rauchfrei.at\/#website"},"datePublished":"2012-03-10T08:13:11+00:00","dateModified":"2025-11-19T08:37:07+00:00","inLanguage":"en-US","potentialAction":[{"@type":"ReadAction","target":["https:\/\/rauchfrei.at\/ueber-uns\/"]}]},{"@type":"WebSite","@id":"https:\/\/rauchfrei.at\/#website","url":"https:\/\/rauchfrei.at\/","name":"Rauchfrei Telefon","description":"Eine \u00f6sterreichweite Initiative der Sozialversicherungen.","potentialAction":[{"@type":"SearchAction","target":{"@type":"EntryPoint","urlTemplate":"https:\/\/rauchfrei.at\/?s={search_term_string}"},"query-input":{"@type":"PropertyValueSpecification","valueRequired":true,"valueName":"search_term_string"}}],"inLanguage":"en-US"}]}},"_links":{"self":[{"href":"https:\/\/rauchfrei.at\/en\/wp-json\/wp\/v2\/pages\/334","targetHints":{"allow":["GET"]}}],"collection":[{"href":"https:\/\/rauchfrei.at\/en\/wp-json\/wp\/v2\/pages"}],"about":[{"href":"https:\/\/rauchfrei.at\/en\/wp-json\/wp\/v2\/types\/page"}],"author":[{"embeddable":true,"href":"https:\/\/rauchfrei.at\/en\/wp-json\/wp\/v2\/users\/2"}],"replies":[{"embeddable":true,"href":"https:\/\/rauchfrei.at\/en\/wp-json\/wp\/v2\/comments?post=334"}],"version-history":[{"count":14,"href":"https:\/\/rauchfrei.at\/en\/wp-json\/wp\/v2\/pages\/334\/revisions"}],"predecessor-version":[{"id":32357,"href":"https:\/\/rauchfrei.at\/en\/wp-json\/wp\/v2\/pages\/334\/revisions\/32357"}],"wp:attachment":[{"href":"https:\/\/rauchfrei.at\/en\/wp-json\/wp\/v2\/media?parent=334"}],"curies":[{"name":"wp","href":"https:\/\/api.w.org\/{rel}","templated":true}]}}