
{"id":336,"date":"2012-03-10T08:13:40","date_gmt":"2012-03-10T08:13:40","guid":{"rendered":"http:\/\/web362.itscserver.org\/wordpress\/?page_id=336"},"modified":"2025-06-06T15:56:47","modified_gmt":"2025-06-06T13:56:47","slug":"fuer-gesundheitsberufe","status":"publish","type":"page","link":"https:\/\/rauchfrei.at\/en\/fuer-gesundheitsberufe\/","title":{"rendered":"F\u00fcr Gesundheitsberufe"},"content":{"rendered":"<p>[et_pb_section fb_built=&#8221;1&#8243; custom_padding_last_edited=&#8221;off|&#8221; module_class=&#8221;header&#8221; _builder_version=&#8221;4.16&#8243; background_color=&#8221;#67BAD3&#8243; custom_margin=&#8221;||0px|&#8221; custom_padding=&#8221;100px||10px|&#8221; global_colors_info=&#8221;{}&#8221;][et_pb_row _builder_version=&#8221;4.16&#8243; custom_margin=&#8221;||0px|&#8221; custom_padding=&#8221;||0px|&#8221; global_colors_info=&#8221;{}&#8221;][et_pb_column type=&#8221;4_4&#8243; _builder_version=&#8221;4.16&#8243; custom_padding=&#8221;||0px|&#8221; global_colors_info=&#8221;{}&#8221; custom_padding__hover=&#8221;|||&#8221;][et_pb_text admin_label=&#8221;Blue Background Header&#8221; _builder_version=&#8221;4.16&#8243; custom_margin=&#8221;||0px|&#8221; custom_padding=&#8221;||0px|&#8221; global_colors_info=&#8221;{}&#8221;]<\/p>\n<h1>Gesundheitsberufe<\/h1>\n<h2>Informationen zum Thema Tabakentw\u00f6hnung f\u00fcr Professionisten im Gesundheitswesen<\/h2>\n<p>[\/et_pb_text][\/et_pb_column][\/et_pb_row][\/et_pb_section][et_pb_section fb_built=&#8221;1&#8243; _builder_version=&#8221;4.16&#8243; global_colors_info=&#8221;{}&#8221;][et_pb_row column_structure=&#8221;2_3,1_3&#8243; _builder_version=&#8221;4.16&#8243; global_colors_info=&#8221;{}&#8221;][et_pb_column type=&#8221;2_3&#8243; _builder_version=&#8221;4.16&#8243; custom_padding=&#8221;|||&#8221; global_colors_info=&#8221;{}&#8221; custom_padding__hover=&#8221;|||&#8221;][et_pb_text _builder_version=&#8221;4.27.4&#8243; global_colors_info=&#8221;{}&#8221;]<\/p>\n<p>Rauchen ist ein weit verbreiteter Risikofaktor f\u00fcr viele unterschiedliche Erkrankungen.<\/p>\n<p>In \u00d6sterreich rauchen rund 30% der Bev\u00f6lkerung. Wenn Sie im Gesundheitswesen arbeiten, sind Sie mit hoher Wahrscheinlichkeit in der einen oder anderen Weise mit den Folgen der Nikotinabh\u00e4ngigkeit konfrontiert.<\/p>\n<p>Im allt\u00e4glichen Kontakt mit Ihren Patientinnen und Patienten k\u00f6nnen Sie durch die Ansprache des Rauchverhaltens, die Empfehlung des Rauchstopps, individuellen Kurzinterventionen und Weitervermittlung zu Tabakentw\u00f6hnprogrammen viel bewirken. Wir m\u00f6chten Sie mit unseren Informationen dabei unterst\u00fctzen!<\/p>\n<p>[\/et_pb_text][et_pb_button button_url=&#8221;https:\/\/rauchfrei.at\/fuer-gesundheitsberufe\/ihre-empfehlung-wirkt\/&#8221; url_new_window=&#8221;on&#8221; button_text=&#8221;Kurzansprache&#8221; admin_label=&#8221;https:\/\/rauchfrei.at\/fuer-gesundheitsberufe\/ihre-empfehlung-wirkt\/&#8221; _builder_version=&#8221;4.27.4&#8243; _module_preset=&#8221;default&#8221; hover_enabled=&#8221;0&#8243; global_colors_info=&#8221;{}&#8221; sticky_enabled=&#8221;0&#8243;][\/et_pb_button][et_pb_button button_url=&#8221;https:\/\/rauchfrei.at\/fuer-gesundheitsberufe\/rauchfreiticket\/&#8221; url_new_window=&#8221;on&#8221; button_text=&#8221;Das Rauchfrei Ticket&#8221; admin_label=&#8221;https:\/\/rauchfrei.at\/fuer-gesundheitsberufe\/rauchfreiticket\/&#8221; _builder_version=&#8221;4.27.4&#8243; _module_preset=&#8221;default&#8221; hover_enabled=&#8221;0&#8243; global_colors_info=&#8221;{}&#8221; sticky_enabled=&#8221;0&#8243;][\/et_pb_button][et_pb_button button_url=&#8221;https:\/\/rauchfrei.at\/fuer-gesundheitsberufe\/das-rauchfrei-ticket-fuer-gesundheitsprofessionisten\/&#8221; url_new_window=&#8221;on&#8221; button_text=&#8221;Registrierung und Anmeldung&#8221; admin_label=&#8221;Registrierung&#8221; _builder_version=&#8221;4.27.4&#8243; _module_preset=&#8221;default&#8221; hover_enabled=&#8221;0&#8243; global_colors_info=&#8221;{}&#8221; sticky_enabled=&#8221;0&#8243;][\/et_pb_button][\/et_pb_column][et_pb_column type=&#8221;1_3&#8243; _builder_version=&#8221;4.16&#8243; custom_padding=&#8221;|||&#8221; global_colors_info=&#8221;{}&#8221; custom_padding__hover=&#8221;|||&#8221;][et_pb_dp_dmb_module_10080 link_text=&#8221;mehr erfahren&#8221; link_url=&#8221;https:\/\/rauchfrei.at\/sigara-hatti\/&#8221; admin_label=&#8221;Infos in t\u00fcrkischer Sprache&#8221; _builder_version=&#8221;4.9.4&#8243; global_module=&#8221;13138&#8243; saved_tabs=&#8221;all&#8221; global_colors_info=&#8221;{}&#8221;]<\/p>\n<p>Informationen in t\u00fcrkischer Sprache<\/p>\n<p>[\/et_pb_dp_dmb_module_10080][et_pb_text admin_label=&#8221;Angebote in \u00d6sterreich&#8221; _builder_version=&#8221;4.23.1&#8243; custom_margin=&#8221;||60px&#8221; custom_padding=&#8221;||&#8221; link_option_url=&#8221;https:\/\/rauchfrei.at\/aufhoeren\/weitere-beratungsangebote-in-oe\/beratungsangebote\/&#8221; link_option_url_new_window=&#8221;on&#8221; global_module=&#8221;13404&#8243; saved_tabs=&#8221;all&#8221; global_colors_info=&#8221;{}&#8221;]<\/p>\n<p><a style=\"color: #212121;\" href=\"https:\/\/rauchfrei.at\/aufhoeren\/weitere-beratungsangebote-in-oe\/ambulante-beratung\/\"><\/a><\/p>\n<h2>Angebote in \u00d6sterreich<\/h2>\n<p><img loading=\"lazy\" decoding=\"async\" class=\"wp-image-13438 alignnone size-large\" src=\"https:\/\/rauchfrei.at\/wp-content\/uploads\/oesterreichkarte-2-480x248.png\" alt=\"\" width=\"480\" height=\"248\" srcset=\"https:\/\/rauchfrei.at\/wp-content\/uploads\/oesterreichkarte-2-480x248.png 480w, https:\/\/rauchfrei.at\/wp-content\/uploads\/oesterreichkarte-2-225x116.png 225w, https:\/\/rauchfrei.at\/wp-content\/uploads\/oesterreichkarte-2-768x397.png 768w, https:\/\/rauchfrei.at\/wp-content\/uploads\/oesterreichkarte-2-1080x558.png 1080w, https:\/\/rauchfrei.at\/wp-content\/uploads\/oesterreichkarte-2.png 1736w\" sizes=\"(max-width: 480px) 100vw, 480px\" \/><\/p>\n<p>Finden Sie das passende Angebot von ambulanter Einzelberatung bis hin zur station\u00e4ren Gruppenberatung<\/p>\n<p>&nbsp;<\/p>\n<p><a class=\"mehr\" href=\"https:\/\/rauchfrei.at\/aufhoeren\/weitere-beratungsangebote-in-oe\/beratungsangebote\/\" target=\"_blank\" rel=\"noopener\">mehr<\/a><\/p>\n<p>[\/et_pb_text][\/et_pb_column][\/et_pb_row][\/et_pb_section]<\/p>\n","protected":false},"excerpt":{"rendered":"<p>Gesundheitsberufe Informationen zum Thema Tabakentw\u00f6hnung f\u00fcr Professionisten im GesundheitswesenRauchen ist ein weit verbreiteter Risikofaktor f\u00fcr viele unterschiedliche Erkrankungen. In \u00d6sterreich rauchen rund 30% der Bev\u00f6lkerung. Wenn Sie im Gesundheitswesen arbeiten, sind Sie mit hoher Wahrscheinlichkeit in der einen oder anderen Weise mit den Folgen der Nikotinabh\u00e4ngigkeit konfrontiert. Im allt\u00e4glichen Kontakt mit Ihren Patientinnen und Patienten [&hellip;]<\/p>\n","protected":false},"author":2,"featured_media":0,"parent":0,"menu_order":0,"comment_status":"closed","ping_status":"open","template":"","meta":{"_et_pb_use_builder":"on","_et_pb_old_content":"<p>Sie sind Expertin bzw. Experte in einem Gesundheitsberuf?<\/p><p>Im allt\u00e4glichen Kontakt mit Ihren Patientinnen und Patienten k\u00f6nnen Sie durch die\u00a0Ansprache des Rauchverhaltens und eine m\u00f6gliche Weitervermittlung zur Raucherentw\u00f6hnung viel bewirken.\u00a0Wir m\u00f6chten Sie mit unseren Informationen dabei unterst\u00fctzen!<\/p>","_et_gb_content_width":"","footnotes":""},"class_list":["post-336","page","type-page","status-publish","hentry"],"yoast_head":"<!-- This site is optimized with the Yoast SEO plugin v26.2 - https:\/\/yoast.com\/wordpress\/plugins\/seo\/ -->\n<title>F\u00fcr Gesundheitsberufe - Rauchfrei Telefon<\/title>\n<meta name=\"robots\" content=\"index, follow, max-snippet:-1, max-image-preview:large, max-video-preview:-1\" \/>\n<link rel=\"canonical\" href=\"https:\/\/rauchfrei.at\/fuer-gesundheitsberufe\/\" \/>\n<meta property=\"og:locale\" content=\"en_US\" \/>\n<meta property=\"og:type\" content=\"article\" \/>\n<meta property=\"og:title\" content=\"F\u00fcr Gesundheitsberufe - Rauchfrei Telefon\" \/>\n<meta property=\"og:description\" content=\"Gesundheitsberufe Informationen zum Thema Tabakentw\u00f6hnung f\u00fcr Professionisten im GesundheitswesenRauchen ist ein weit verbreiteter Risikofaktor f\u00fcr viele unterschiedliche Erkrankungen. In \u00d6sterreich rauchen rund 30% der Bev\u00f6lkerung. Wenn Sie im Gesundheitswesen arbeiten, sind Sie mit hoher Wahrscheinlichkeit in der einen oder anderen Weise mit den Folgen der Nikotinabh\u00e4ngigkeit konfrontiert. Im allt\u00e4glichen Kontakt mit Ihren Patientinnen und Patienten [&hellip;]\" \/>\n<meta property=\"og:url\" content=\"https:\/\/rauchfrei.at\/fuer-gesundheitsberufe\/\" \/>\n<meta property=\"og:site_name\" content=\"Rauchfrei Telefon\" \/>\n<meta property=\"article:modified_time\" content=\"2025-06-06T13:56:47+00:00\" \/>\n<meta property=\"og:image\" content=\"https:\/\/rauchfrei.at\/wp-content\/uploads\/oesterreichkarte-2.png\" \/>\n\t<meta property=\"og:image:width\" content=\"1736\" \/>\n\t<meta property=\"og:image:height\" content=\"897\" \/>\n\t<meta property=\"og:image:type\" content=\"image\/png\" \/>\n<meta name=\"twitter:card\" content=\"summary_large_image\" \/>\n<meta name=\"twitter:label1\" content=\"Est. reading time\" \/>\n\t<meta name=\"twitter:data1\" content=\"2 minutes\" \/>\n<script type=\"application\/ld+json\" class=\"yoast-schema-graph\">{\"@context\":\"https:\/\/schema.org\",\"@graph\":[{\"@type\":\"WebPage\",\"@id\":\"https:\/\/rauchfrei.at\/fuer-gesundheitsberufe\/\",\"url\":\"https:\/\/rauchfrei.at\/fuer-gesundheitsberufe\/\",\"name\":\"F\u00fcr Gesundheitsberufe - Rauchfrei Telefon\",\"isPartOf\":{\"@id\":\"https:\/\/rauchfrei.at\/#website\"},\"primaryImageOfPage\":{\"@id\":\"https:\/\/rauchfrei.at\/fuer-gesundheitsberufe\/#primaryimage\"},\"image\":{\"@id\":\"https:\/\/rauchfrei.at\/fuer-gesundheitsberufe\/#primaryimage\"},\"thumbnailUrl\":\"https:\/\/rauchfrei.at\/wp-content\/uploads\/oesterreichkarte-2-480x248.png\",\"datePublished\":\"2012-03-10T08:13:40+00:00\",\"dateModified\":\"2025-06-06T13:56:47+00:00\",\"inLanguage\":\"en-US\",\"potentialAction\":[{\"@type\":\"ReadAction\",\"target\":[\"https:\/\/rauchfrei.at\/fuer-gesundheitsberufe\/\"]}]},{\"@type\":\"ImageObject\",\"inLanguage\":\"en-US\",\"@id\":\"https:\/\/rauchfrei.at\/fuer-gesundheitsberufe\/#primaryimage\",\"url\":\"https:\/\/rauchfrei.at\/wp-content\/uploads\/oesterreichkarte-2-480x248.png\",\"contentUrl\":\"https:\/\/rauchfrei.at\/wp-content\/uploads\/oesterreichkarte-2-480x248.png\"},{\"@type\":\"WebSite\",\"@id\":\"https:\/\/rauchfrei.at\/#website\",\"url\":\"https:\/\/rauchfrei.at\/\",\"name\":\"Rauchfrei Telefon\",\"description\":\"Eine \u00f6sterreichweite Initiative der Sozialversicherungen.\",\"potentialAction\":[{\"@type\":\"SearchAction\",\"target\":{\"@type\":\"EntryPoint\",\"urlTemplate\":\"https:\/\/rauchfrei.at\/?s={search_term_string}\"},\"query-input\":{\"@type\":\"PropertyValueSpecification\",\"valueRequired\":true,\"valueName\":\"search_term_string\"}}],\"inLanguage\":\"en-US\"}]}<\/script>\n<!-- \/ Yoast SEO plugin. -->","yoast_head_json":{"title":"F\u00fcr Gesundheitsberufe - Rauchfrei Telefon","robots":{"index":"index","follow":"follow","max-snippet":"max-snippet:-1","max-image-preview":"max-image-preview:large","max-video-preview":"max-video-preview:-1"},"canonical":"https:\/\/rauchfrei.at\/fuer-gesundheitsberufe\/","og_locale":"en_US","og_type":"article","og_title":"F\u00fcr Gesundheitsberufe - Rauchfrei Telefon","og_description":"Gesundheitsberufe Informationen zum Thema Tabakentw\u00f6hnung f\u00fcr Professionisten im GesundheitswesenRauchen ist ein weit verbreiteter Risikofaktor f\u00fcr viele unterschiedliche Erkrankungen. In \u00d6sterreich rauchen rund 30% der Bev\u00f6lkerung. Wenn Sie im Gesundheitswesen arbeiten, sind Sie mit hoher Wahrscheinlichkeit in der einen oder anderen Weise mit den Folgen der Nikotinabh\u00e4ngigkeit konfrontiert. Im allt\u00e4glichen Kontakt mit Ihren Patientinnen und Patienten [&hellip;]","og_url":"https:\/\/rauchfrei.at\/fuer-gesundheitsberufe\/","og_site_name":"Rauchfrei Telefon","article_modified_time":"2025-06-06T13:56:47+00:00","og_image":[{"width":1736,"height":897,"url":"https:\/\/rauchfrei.at\/wp-content\/uploads\/oesterreichkarte-2.png","type":"image\/png"}],"twitter_card":"summary_large_image","twitter_misc":{"Est. reading time":"2 minutes"},"schema":{"@context":"https:\/\/schema.org","@graph":[{"@type":"WebPage","@id":"https:\/\/rauchfrei.at\/fuer-gesundheitsberufe\/","url":"https:\/\/rauchfrei.at\/fuer-gesundheitsberufe\/","name":"F\u00fcr Gesundheitsberufe - Rauchfrei Telefon","isPartOf":{"@id":"https:\/\/rauchfrei.at\/#website"},"primaryImageOfPage":{"@id":"https:\/\/rauchfrei.at\/fuer-gesundheitsberufe\/#primaryimage"},"image":{"@id":"https:\/\/rauchfrei.at\/fuer-gesundheitsberufe\/#primaryimage"},"thumbnailUrl":"https:\/\/rauchfrei.at\/wp-content\/uploads\/oesterreichkarte-2-480x248.png","datePublished":"2012-03-10T08:13:40+00:00","dateModified":"2025-06-06T13:56:47+00:00","inLanguage":"en-US","potentialAction":[{"@type":"ReadAction","target":["https:\/\/rauchfrei.at\/fuer-gesundheitsberufe\/"]}]},{"@type":"ImageObject","inLanguage":"en-US","@id":"https:\/\/rauchfrei.at\/fuer-gesundheitsberufe\/#primaryimage","url":"https:\/\/rauchfrei.at\/wp-content\/uploads\/oesterreichkarte-2-480x248.png","contentUrl":"https:\/\/rauchfrei.at\/wp-content\/uploads\/oesterreichkarte-2-480x248.png"},{"@type":"WebSite","@id":"https:\/\/rauchfrei.at\/#website","url":"https:\/\/rauchfrei.at\/","name":"Rauchfrei Telefon","description":"Eine \u00f6sterreichweite Initiative der Sozialversicherungen.","potentialAction":[{"@type":"SearchAction","target":{"@type":"EntryPoint","urlTemplate":"https:\/\/rauchfrei.at\/?s={search_term_string}"},"query-input":{"@type":"PropertyValueSpecification","valueRequired":true,"valueName":"search_term_string"}}],"inLanguage":"en-US"}]}},"_links":{"self":[{"href":"https:\/\/rauchfrei.at\/en\/wp-json\/wp\/v2\/pages\/336","targetHints":{"allow":["GET"]}}],"collection":[{"href":"https:\/\/rauchfrei.at\/en\/wp-json\/wp\/v2\/pages"}],"about":[{"href":"https:\/\/rauchfrei.at\/en\/wp-json\/wp\/v2\/types\/page"}],"author":[{"embeddable":true,"href":"https:\/\/rauchfrei.at\/en\/wp-json\/wp\/v2\/users\/2"}],"replies":[{"embeddable":true,"href":"https:\/\/rauchfrei.at\/en\/wp-json\/wp\/v2\/comments?post=336"}],"version-history":[{"count":16,"href":"https:\/\/rauchfrei.at\/en\/wp-json\/wp\/v2\/pages\/336\/revisions"}],"predecessor-version":[{"id":30851,"href":"https:\/\/rauchfrei.at\/en\/wp-json\/wp\/v2\/pages\/336\/revisions\/30851"}],"wp:attachment":[{"href":"https:\/\/rauchfrei.at\/en\/wp-json\/wp\/v2\/media?parent=336"}],"curies":[{"name":"wp","href":"https:\/\/api.w.org\/{rel}","templated":true}]}}