
{"id":345,"date":"2012-03-10T08:16:42","date_gmt":"2012-03-10T08:16:42","guid":{"rendered":"http:\/\/web362.itscserver.org\/wordpress\/?page_id=345"},"modified":"2025-01-21T17:14:31","modified_gmt":"2025-01-21T15:14:31","slug":"jugendarbeit","status":"publish","type":"page","link":"https:\/\/rauchfrei.at\/en\/jugendarbeit\/","title":{"rendered":"Jugendarbeit"},"content":{"rendered":"<p>[et_pb_section fb_built=&#8221;1&#8243; custom_padding_last_edited=&#8221;off|&#8221; module_class=&#8221;header&#8221; _builder_version=&#8221;4.16&#8243; background_color=&#8221;#67BAD3&#8243; custom_margin=&#8221;||0px|&#8221; custom_padding=&#8221;100px||10px|&#8221; global_colors_info=&#8221;{}&#8221;][et_pb_row _builder_version=&#8221;4.16&#8243; custom_margin=&#8221;||0px|&#8221; custom_padding=&#8221;||0px|&#8221; global_colors_info=&#8221;{}&#8221;][et_pb_column type=&#8221;4_4&#8243; _builder_version=&#8221;4.16&#8243; custom_padding=&#8221;||0px|&#8221; global_colors_info=&#8221;{}&#8221; custom_padding__hover=&#8221;|||&#8221;][et_pb_text admin_label=&#8221;Blue Background Header&#8221; _builder_version=&#8221;4.16&#8243; custom_margin=&#8221;||0px|&#8221; custom_padding=&#8221;||0px|&#8221; global_colors_info=&#8221;{}&#8221;]<\/p>\n<h1>Jugendarbeit<\/h1>\n<h2>Das Thema Rauchen in der Arbeit mit Jugendlichen<\/h2>\n<p>[\/et_pb_text][\/et_pb_column][\/et_pb_row][\/et_pb_section][et_pb_section fb_built=&#8221;1&#8243; _builder_version=&#8221;4.16&#8243; global_colors_info=&#8221;{}&#8221;][et_pb_row _builder_version=&#8221;4.16&#8243; background_size=&#8221;initial&#8221; background_position=&#8221;top_left&#8221; background_repeat=&#8221;repeat&#8221; global_colors_info=&#8221;{}&#8221; column_structure=&#8221;2_3,1_3&#8243;][et_pb_column type=&#8221;2_3&#8243; _builder_version=&#8221;4.16&#8243; custom_padding=&#8221;|||&#8221; global_colors_info=&#8221;{}&#8221; custom_padding__hover=&#8221;|||&#8221;][et_pb_text _builder_version=&#8221;4.16&#8243; global_colors_info=&#8221;{}&#8221;]<\/p>\n<p>Experimentieren, Neues ausprobieren, Verbotenes tun, sich selber durch bestimmte Handlungen definieren,&#8230; das sind Verhaltensweisen die das Teenageralter kennzeichnen. In dieser Lebensphase probieren viele Jugendliche einmal aus, wie es ist, zu rauchen. Rauchen ist legal, Nikotin ist ein starkes Suchtgift und Zigaretten sind so designt, dass sich schon nach einiger Zeit des Probierens eine Abh\u00e4ngigkeit entwickelt. Au\u00dferdem sind Zigaretten sehr leicht verf\u00fcgbar und verh\u00e4ltnism\u00e4\u00dfig billig.<\/p>\n<h3>Warum ist es so relevant, ob Jugendliche mit dem (regelm\u00e4\u00dfigen) Rauchen beginnen?<\/h3>\n<ul>\n<li>Wer bis zum Alter von 20 Jahren nicht angefangen hat zu rauchen, wird mit gro\u00dfer Wahrscheinlichkeit nicht mehr abh\u00e4ngig vom Nikotin.<\/li>\n<li>Je fr\u00fcher der Raucheinstieg erfolgt, desto schwerer wird der Ausstieg aus dem Suchtverhalten.<\/li>\n<li>Die tabakassoziierten Folgeerkrankungen treten rund 20 bis 25 Jahre nach dem Raucheinstieg auf.<\/li>\n<li>Rauchen ist oft die Einstiegsdroge f\u00fcr andere Drogen.<\/li>\n<\/ul>\n<h3>Was ist hilfreich, in der individuellen Arbeit mit Jugendlichen?<\/h3>\n<p>In der individuellen Arbeit mit Jugendlichen ist Informationsvermittlung, Bewusstseinsbildung, St\u00e4rkung des Selbstwerts, Vorbildwirkung und das Angebot konkreter Pr\u00e4ventions- und Entw\u00f6hnma\u00dfnahmen sinnvoll. Wirksame Ma\u00dfnahmen, dass Jugendliche kein abh\u00e4ngiges Rauchverhalten entwickeln, liegen vor allem auch auf politischer Ebene (Preisgestaltung, Schutz vor Passivrauch).<\/p>\n<p>[\/et_pb_text][\/et_pb_column][et_pb_column type=&#8221;1_3&#8243; _builder_version=&#8221;4.16&#8243; custom_padding=&#8221;|||&#8221; global_colors_info=&#8221;{}&#8221; custom_padding__hover=&#8221;|||&#8221;][\/et_pb_column][\/et_pb_row][\/et_pb_section]<\/p>\n","protected":false},"excerpt":{"rendered":"<p>Jugendarbeit Das Thema Rauchen in der Arbeit mit Jugendlichen Experimentieren, Neues ausprobieren, Verbotenes tun, sich selber durch bestimmte Handlungen definieren,&#8230; das sind Verhaltensweisen die das Teenageralter kennzeichnen. In dieser Lebensphase probieren viele Jugendliche einmal aus, wie es ist, zu rauchen. Rauchen ist legal, Nikotin ist ein starkes Suchtgift und Zigaretten sind so designt, dass sich [&hellip;]<\/p>\n","protected":false},"author":2,"featured_media":0,"parent":0,"menu_order":0,"comment_status":"closed","ping_status":"open","template":"","meta":{"_et_pb_use_builder":"on","_et_pb_old_content":"<p><strong>Sie sind t\u00e4glich mit jugendlichen Raucherinnen und Rauchern konfrontiert?<br \/>Sie m\u00f6chten Jugendliche \u00fcber das Thema Rauchen informieren?<\/strong><\/p><p>30% der M\u00e4dchen und 24% der Jungen rauchen mind. eine Zigarette\/Woche (HBSC, 2008). Dabei sind die meisten Jugendlichen mit ihrem Rauchverhalten unzufrieden und denken ans Aufh\u00f6ren.<\/p><p>Suchtpr\u00e4vention ist ein wichtiger Bereich, der gerade bei Kindern und Jugendlichen gro\u00dfe Bedeutung hat. Impulse aus dem elterlichen Umfeld, der Peergroup und der schulischen Umgebung beeinflussen den Umgang mit suchterzeugenden Substanzen.<\/p><p>Studien belegen, dass bereits ein 3-w\u00f6chiger Probierkonsum zur Abh\u00e4ngigkeit von Zigaretten f\u00fchrt. Daher sind gerade im schulischen Setting Aufkl\u00e4rung und Information \u00fcber Tabak und Nikotin wichtig.<\/p><h3>Materialien des Rauchfrei Telefons<\/h3><p><a href=\"https:\/\/rauchfrei.at\/wp-content\/uploads\/Pr\u00e4sentation_ZigaretteCo_Rauchfrei.pdf\">Pr\u00e4sentation_ZigaretteCo<\/a>\u00a0(9MB)<br \/><a href=\"https:\/\/rauchfrei.at\/wp-content\/uploads\/rTel_jugendfolder_low.pdf\">Ziga-Rette sich, wer kann<\/a>\u00a0(2,37 MB) Folder \"Ziga-Rette sich, wer kann\"<\/p><h3>\u201cJulia rauchfrei\"<\/h3><p>Auf <a title=\"Kampagne des Hauptverbandes der SV\" href=\"http:\/\/www.juliarauchfrei.at\/\" target=\"_blank\" rel=\"noopener\">Julias Video-Webseite <\/a>Tipps eingeben und gleich schauen, ob es ihr hilft, rauchfrei zu bleiben.<\/p><h3>\"Leb\u00b4 dein Leben. Ohne Rauch. YOLO!\u201d<\/h3><p>Die<a title=\"\u201cLeb\u00b4 dein Leben. Ohne Rauch. YOLO!\u201d \" href=\"http:\/\/yolo.at\" target=\"_blank\" rel=\"noopener\"><strong> Tabakpr\u00e4ventionsinitiative<\/strong><\/a> des Bundesministeriums f\u00fcr Gesundheit, des Fonds Gesundes \u00d6sterreich, des Hauptverbandes der Sozialversicherungstr\u00e4ger sowie der ARGE Suchtvorbeugung\u00a0<strong>richtet sich an Kinder und Jugendliche<\/strong> mit dem Ziel,\u00a0diese zu st\u00e4rken und deren bewusste Auseinandersetzung mit dem Thema Rauchen zu f\u00f6rdern.<\/p><p><a title=\"YOLO-Unterrichtsmaterialien\" href=\"http:\/\/yolo.at\/downloads\/Unterrichtstunde.pdf\" target=\"_blank\" rel=\"noopener\">Unterrichtsmaterialien<\/a>\u00a0(YOLO 2015)<\/p><h3>Weiterf\u00fchrende Informationen zur Suchtpr\u00e4vention anderer Institutionen<\/h3><h3><a href=\"http:\/\/www.schulpsychologie.at\/psychologische-gesundheitsfoerderung\/suchtpraevention\/\" target=\"_blank\" rel=\"noopener\">Suchtpr\u00e4vention in der Schule<\/a>\u00a0 Informationen f\u00fcr die Schulgemeinschaft<a href=\"http:\/\/www.sozialversicherung.at\/portal27\/portal\/esvportal\/channel_content?ctrl:cmd=render&ctrl:window=esvportal.channel_content.cmsWindow&p_menuid=58929&p_tabid=3\" target=\"_blank\" rel=\"noopener\"><br \/><\/a><a title=\"Servicestelle Schule SV\" href=\"http:\/\/www.hauptverband.at\/portal27\/hvbportal\/content\/contentWindow?viewmode=content&contentid=10007.758520\" target=\"_blank\" rel=\"noopener\">Schulservicestellen der \u00f6sterreichischen Sozialversicherung<\/a><br \/><a href=\"http:\/\/www.suchtvorbeugung.net\/plus\/plus_folder.pdf\" target=\"_blank\" rel=\"noopener\">plus - das \u00f6sterreichische Pr\u00e4ventionsprogramm f\u00fcr die 5. bis 8. Schulstufe<\/a><a href=\"http:\/\/www.1-2-free.at\/\" target=\"_blank\" rel=\"noopener\">\u00a0 <\/a>Lebenskompetenzprogramm der \u00d6sterreichischen Fachstellen f\u00fcr Suchtpr\u00e4vention<a href=\"http:\/\/www.1-2-free.at\/\" target=\"_blank\" rel=\"noopener\"><br \/>Time to be free<\/a> Jugendseite, zielgruppenspezifisch und altersgerecht aufbereitet<br \/><a title=\"x.act Nikotin\" href=\"http:\/\/www.praevention.at\/upload\/products\/x-act_Nikotin.pdf?PHPSESSID=4c82966e705209525e8272f167e48a70\" target=\"_blank\" rel=\"noopener\">x.act Nikotin<\/a> Unterrichtsmaterialien zur Pr\u00e4vention des Rauchens in der Schule<br \/><a href=\"https:\/\/rauchfrei.at\/wp-content\/uploads\/Fachinformation_E-Shishas.pdf\">E-Shisha<\/a> Fachinformation f\u00fcr Schulen zum Thema E-Shisha<\/h3><h3>Lernmaterial (B\u00fccher,\u00a0Filme, Spiele)<\/h3><p>Smokereality (2007). Buch. Keyvan Davani<br \/>Thank you for smoking (2005). Filmsatire. Jason Reitman<br \/>The Insider (1999). Thriller. Michael Mann<\/p><p>\u00a0<\/p><p>\u00a0<\/p>","_et_gb_content_width":"","footnotes":""},"class_list":["post-345","page","type-page","status-publish","hentry"],"yoast_head":"<!-- This site is optimized with the Yoast SEO plugin v26.2 - https:\/\/yoast.com\/wordpress\/plugins\/seo\/ -->\n<title>Jugendarbeit - Rauchfrei Telefon<\/title>\n<meta name=\"robots\" content=\"index, follow, max-snippet:-1, max-image-preview:large, max-video-preview:-1\" \/>\n<link rel=\"canonical\" href=\"https:\/\/rauchfrei.at\/jugendarbeit\/\" \/>\n<meta property=\"og:locale\" content=\"en_US\" \/>\n<meta property=\"og:type\" content=\"article\" \/>\n<meta property=\"og:title\" content=\"Jugendarbeit - Rauchfrei Telefon\" \/>\n<meta property=\"og:description\" content=\"Jugendarbeit Das Thema Rauchen in der Arbeit mit Jugendlichen Experimentieren, Neues ausprobieren, Verbotenes tun, sich selber durch bestimmte Handlungen definieren,... das sind Verhaltensweisen die das Teenageralter kennzeichnen. In dieser Lebensphase probieren viele Jugendliche einmal aus, wie es ist, zu rauchen. Rauchen ist legal, Nikotin ist ein starkes Suchtgift und Zigaretten sind so designt, dass sich [&hellip;]\" \/>\n<meta property=\"og:url\" content=\"https:\/\/rauchfrei.at\/jugendarbeit\/\" \/>\n<meta property=\"og:site_name\" content=\"Rauchfrei Telefon\" \/>\n<meta property=\"article:modified_time\" content=\"2025-01-21T15:14:31+00:00\" \/>\n<meta name=\"twitter:card\" content=\"summary_large_image\" \/>\n<meta name=\"twitter:label1\" content=\"Est. reading time\" \/>\n\t<meta name=\"twitter:data1\" content=\"2 minutes\" \/>\n<script type=\"application\/ld+json\" class=\"yoast-schema-graph\">{\"@context\":\"https:\/\/schema.org\",\"@graph\":[{\"@type\":\"WebPage\",\"@id\":\"https:\/\/rauchfrei.at\/jugendarbeit\/\",\"url\":\"https:\/\/rauchfrei.at\/jugendarbeit\/\",\"name\":\"Jugendarbeit - Rauchfrei Telefon\",\"isPartOf\":{\"@id\":\"https:\/\/rauchfrei.at\/#website\"},\"datePublished\":\"2012-03-10T08:16:42+00:00\",\"dateModified\":\"2025-01-21T15:14:31+00:00\",\"inLanguage\":\"en-US\",\"potentialAction\":[{\"@type\":\"ReadAction\",\"target\":[\"https:\/\/rauchfrei.at\/jugendarbeit\/\"]}]},{\"@type\":\"WebSite\",\"@id\":\"https:\/\/rauchfrei.at\/#website\",\"url\":\"https:\/\/rauchfrei.at\/\",\"name\":\"Rauchfrei Telefon\",\"description\":\"Eine \u00f6sterreichweite Initiative der Sozialversicherungen.\",\"potentialAction\":[{\"@type\":\"SearchAction\",\"target\":{\"@type\":\"EntryPoint\",\"urlTemplate\":\"https:\/\/rauchfrei.at\/?s={search_term_string}\"},\"query-input\":{\"@type\":\"PropertyValueSpecification\",\"valueRequired\":true,\"valueName\":\"search_term_string\"}}],\"inLanguage\":\"en-US\"}]}<\/script>\n<!-- \/ Yoast SEO plugin. -->","yoast_head_json":{"title":"Jugendarbeit - Rauchfrei Telefon","robots":{"index":"index","follow":"follow","max-snippet":"max-snippet:-1","max-image-preview":"max-image-preview:large","max-video-preview":"max-video-preview:-1"},"canonical":"https:\/\/rauchfrei.at\/jugendarbeit\/","og_locale":"en_US","og_type":"article","og_title":"Jugendarbeit - Rauchfrei Telefon","og_description":"Jugendarbeit Das Thema Rauchen in der Arbeit mit Jugendlichen Experimentieren, Neues ausprobieren, Verbotenes tun, sich selber durch bestimmte Handlungen definieren,... das sind Verhaltensweisen die das Teenageralter kennzeichnen. In dieser Lebensphase probieren viele Jugendliche einmal aus, wie es ist, zu rauchen. Rauchen ist legal, Nikotin ist ein starkes Suchtgift und Zigaretten sind so designt, dass sich [&hellip;]","og_url":"https:\/\/rauchfrei.at\/jugendarbeit\/","og_site_name":"Rauchfrei Telefon","article_modified_time":"2025-01-21T15:14:31+00:00","twitter_card":"summary_large_image","twitter_misc":{"Est. reading time":"2 minutes"},"schema":{"@context":"https:\/\/schema.org","@graph":[{"@type":"WebPage","@id":"https:\/\/rauchfrei.at\/jugendarbeit\/","url":"https:\/\/rauchfrei.at\/jugendarbeit\/","name":"Jugendarbeit - Rauchfrei Telefon","isPartOf":{"@id":"https:\/\/rauchfrei.at\/#website"},"datePublished":"2012-03-10T08:16:42+00:00","dateModified":"2025-01-21T15:14:31+00:00","inLanguage":"en-US","potentialAction":[{"@type":"ReadAction","target":["https:\/\/rauchfrei.at\/jugendarbeit\/"]}]},{"@type":"WebSite","@id":"https:\/\/rauchfrei.at\/#website","url":"https:\/\/rauchfrei.at\/","name":"Rauchfrei Telefon","description":"Eine \u00f6sterreichweite Initiative der Sozialversicherungen.","potentialAction":[{"@type":"SearchAction","target":{"@type":"EntryPoint","urlTemplate":"https:\/\/rauchfrei.at\/?s={search_term_string}"},"query-input":{"@type":"PropertyValueSpecification","valueRequired":true,"valueName":"search_term_string"}}],"inLanguage":"en-US"}]}},"_links":{"self":[{"href":"https:\/\/rauchfrei.at\/en\/wp-json\/wp\/v2\/pages\/345","targetHints":{"allow":["GET"]}}],"collection":[{"href":"https:\/\/rauchfrei.at\/en\/wp-json\/wp\/v2\/pages"}],"about":[{"href":"https:\/\/rauchfrei.at\/en\/wp-json\/wp\/v2\/types\/page"}],"author":[{"embeddable":true,"href":"https:\/\/rauchfrei.at\/en\/wp-json\/wp\/v2\/users\/2"}],"replies":[{"embeddable":true,"href":"https:\/\/rauchfrei.at\/en\/wp-json\/wp\/v2\/comments?post=345"}],"version-history":[{"count":6,"href":"https:\/\/rauchfrei.at\/en\/wp-json\/wp\/v2\/pages\/345\/revisions"}],"predecessor-version":[{"id":30368,"href":"https:\/\/rauchfrei.at\/en\/wp-json\/wp\/v2\/pages\/345\/revisions\/30368"}],"wp:attachment":[{"href":"https:\/\/rauchfrei.at\/en\/wp-json\/wp\/v2\/media?parent=345"}],"curies":[{"name":"wp","href":"https:\/\/api.w.org\/{rel}","templated":true}]}}